{"id":18282,"date":"2024-08-23T10:33:06","date_gmt":"2024-08-23T08:33:06","guid":{"rendered":"https:\/\/www.suresms.com\/dk\/?page_id=18282"},"modified":"2025-01-04T23:31:25","modified_gmt":"2025-01-04T23:31:25","slug":"platnosc-online","status":"publish","type":"page","link":"https:\/\/suresms.com\/pl\/docs\/finance\/online-payment\/","title":{"rendered":"P\u0142atno\u015b\u0107 online"},"content":{"rendered":"<!-- Flexy Breadcrumb -->\r\n\t\t\t<div class=\"fbc fbc-page\">\r\n\r\n\t\t\t\t<!-- Breadcrumb wrapper -->\r\n\t\t\t\t<div class=\"fbc-wrap\">\r\n\r\n\t\t\t\t\t<!-- Ordered list-->\r\n\t\t\t\t\t<ol class=\"fbc-items\" itemscope itemtype=\"https:\/\/schema.org\/BreadcrumbList\">\r\n\t\t\t\t\t\t            <li itemprop=\"itemListElement\" itemscope itemtype=\"https:\/\/schema.org\/ListItem\">\r\n                <span itemprop=\"name\">\r\n                    <!-- Home Link -->\r\n                    <a itemprop=\"item\" href=\"https:\/\/suresms.com\/pl\/\">\r\n                    \r\n                                                    <i class=\"fa fa-home\" aria-hidden=\"true\"><\/i>Strona g\u0142\u00f3wna                    <\/a>\r\n                <\/span>\r\n                <meta itemprop=\"position\" content=\"1\" \/><!-- Meta Position-->\r\n             <\/li><li><span class=\"fbc-separator\">\/<\/span><\/li><li class=\"active\" itemprop=\"itemListElement\" itemscope itemtype=\"https:\/\/schema.org\/ListItem\"><span itemprop=\"name\" title=\"P\u0142atno\u015b\u0107 online\">P\u0142atno\u015b\u0107 online<\/span><meta itemprop=\"position\" content=\"2\" \/><\/li>\t\t\t\t\t<\/ol>\r\n\t\t\t\t\t<div class=\"clearfix\"><\/div>\r\n\t\t\t\t<\/div>\r\n\t\t\t<\/div>\r\n\t\t\t\n<h1>\n\t\tP\u0142atno\u015b\u0107 online\n\t<\/h1>\n\t<p>Przeczytaj tutaj, jak dokona\u0107 p\u0142atno\u015bci online.<\/p>\n\t<p>W lewym g\u00f3rnym rogu wszystkich zrzut\u00f3w ekranu mo\u017cesz zobaczy\u0107 swoje saldo. Na przyk\u0142ad mo\u017ce to wygl\u0105da\u0107 nast\u0119puj\u0105co:<\/p>\n<p><a href=\"https:\/\/suresms.com\/wp-content\/uploads\/2024\/08\/Skaermbillede-2024-08-23-102341.png\"><img loading=\"lazy\" decoding=\"async\" src=\"https:\/\/suresms.com\/wp-content\/uploads\/2024\/08\/Skaermbillede-2024-08-23-102341.png\" alt=\"\" width=\"322\" height=\"92\" \/><\/a><\/p>\n<p>Mo\u017ce te\u017c by\u0107 napisane \"Bez ogranicze\u0144\". Je\u015bli tak jest, oznacza to, \u017ce Twoje konto SureSMS jest rozliczane i \u017ce b\u0119dziesz otrzymywa\u0107 faktur\u0119 co miesi\u0105c lub kwarta\u0142 po u\u017cyciu.<\/p>\n\t<p>Je\u015bli chcesz wp\u0142aci\u0107 pieni\u0105dze na swoje konto, musisz to zrobi\u0107:<\/p>\n<ol> \t\n<li>Kliknij pozycj\u0119 menu <em>Finansowe\/finansowe<\/em><\/li>\n\n<li>Kliknij pozycj\u0119 menu\u00a0<em>Dokonywanie p\u0142atno\u015bci online<\/em><\/li>\n\n<li>W polu Kwota wprowad\u017a kwot\u0119, jak\u0105 chcesz wp\u0142aci\u0107 (musisz wprowadzi\u0107 minimum 10 DKK i maksimum 5 000 DKK).<\/li>\n\n<li>Nast\u0119pnie kliknij\u00a0<em>Akceptowana kwota<\/em><\/li>\n<\/ol>\n\t\t\t\t<img loading=\"lazy\" decoding=\"async\" src=\"https:\/\/suresms.com\/wp-content\/uploads\/2024\/08\/Skaermbillede-2024-08-23-102906-1.png\" alt=\"Zrzut ekranu 2024-08-23 102906\" itemprop=\"image\" height=\"536\" width=\"1149\" title=\"Zrzut ekranu 2024-08-23 102906\" onerror=\"this.style.display='none'\"  \/>\n\t<p>5. Teraz kliknij\u00a0<em>Pe\u0142na p\u0142atno\u015b\u0107<\/em><\/p>\n<p>6. Pojawi si\u0119 poni\u017csze okno. Wybierz \u017c\u0105dan\u0105 metod\u0119 p\u0142atno\u015bci.<\/p>\n\t\t\t\t<img loading=\"lazy\" decoding=\"async\" src=\"https:\/\/suresms.com\/wp-content\/uploads\/2024\/08\/Skaermbillede-2024-08-23-103028-1.png\" alt=\"P\u0142atno\u015b\u0107 - wybierz metod\u0119 p\u0142atno\u015bci\" itemprop=\"image\" height=\"752\" width=\"1340\" title=\"Zrzut ekranu 2024-08-23 103028\" onerror=\"this.style.display='none'\"  \/>\n\t<p>7. Uzupe\u0142nij przep\u0142yw p\u0142atno\u015bci w epay o wybran\u0105 metod\u0119 p\u0142atno\u015bci.<\/p>","protected":false},"excerpt":{"rendered":"<p>P\u0142atno\u015b\u0107 online Przeczytaj tutaj, jak dokona\u0107 p\u0142atno\u015bci online. W lewym g\u00f3rnym rogu wszystkich zrzut\u00f3w ekranu mo\u017cesz zobaczy\u0107 swoje saldo. Mo\u017ce ono wygl\u0105da\u0107 na przyk\u0142ad tak: Mo\u017ce r\u00f3wnie\u017c widnie\u0107 napis \"Bez ogranicze\u0144\". Je\u015bli tak jest, oznacza to, \u017ce Twoje konto SureSMS jest rozliczane i co miesi\u0105c otrzymujesz faktur\u0119 lub... <a title=\"P\u0142atno\u015b\u0107 online\" class=\"read-more\" href=\"https:\/\/suresms.com\/pl\/docs\/finance\/online-payment\/\" aria-label=\"Dowiedz si\u0119 wi\u0119cej o p\u0142atno\u015bciach online\">Dowiedz si\u0119 wi\u0119cej<\/a><\/p>","protected":false},"author":1,"featured_media":0,"parent":18128,"menu_order":0,"comment_status":"closed","ping_status":"closed","template":"","meta":{"_fl_builder_enabled":"1","_fl_builder_data":null,"_fl_builder_draft":null,"_fl_builder_data_settings":null,"_fl_builder_css":"","_fl_builder_css_version":"","_fl_builder_js":"","footnotes":""},"categories":[],"tags":[],"class_list":["post-18282","page","type-page","status-publish"],"yoast_head":"<!-- This site is optimized with the Yoast SEO Premium plugin v27.3 (Yoast SEO v27.3) - https:\/\/yoast.com\/product\/yoast-seo-premium-wordpress\/ -->\r\n<title>Betaling online -<\/title>\r\n<meta name=\"robots\" content=\"index, follow, max-snippet:-1, max-image-preview:large, max-video-preview:-1\" \/>\r\n<link rel=\"canonical\" href=\"https:\/\/suresms.com\/pl\/dokumenty\/finanse\/platnosc-online\/\" \/>\r\n<meta property=\"og:locale\" content=\"pl_PL\" \/>\r\n<meta property=\"og:type\" content=\"article\" \/>\r\n<meta property=\"og:title\" content=\"Betaling online\" \/>\r\n<meta property=\"og:description\" content=\"Online betaling L\u00e6s her hvordan du gennemf\u00f8re en online betaling. \u00d8verst i venstre hj\u00f8rne p\u00e5 alle sk\u00e6rmbilleder, kan du se din saldo. Det kan f.eks. se s\u00e5ledes ud: Der kan ogs\u00e5 st\u00e5 &#8220;Ubegr\u00e6nset&#8221;. Hvis der g\u00f8r det, betyder det, at din SureSMS konto er p\u00e5 fakturering og at du modtager en faktura hver m\u00e5ned eller ... Dowiedz si\u0119 wi\u0119cej\" \/>\r\n<meta property=\"og:url\" content=\"https:\/\/suresms.com\/pl\/dokumenty\/finanse\/platnosc-online\/\" \/>\r\n<meta property=\"article:publisher\" content=\"https:\/\/www.facebook.com\/p\/SureSMS-100044607956149\/\" \/>\r\n<meta property=\"article:modified_time\" content=\"2025-01-04T23:31:25+00:00\" \/>\r\n<meta property=\"og:image\" content=\"https:\/\/suresms.com\/wp-content\/uploads\/2024\/08\/Skaermbillede-2024-08-23-102341.png\" \/>\r\n<meta name=\"twitter:card\" content=\"summary_large_image\" \/>\r\n<meta name=\"twitter:label1\" content=\"Szacowany czas czytania\" \/>\n\t<meta name=\"twitter:data1\" content=\"1 minuta\" \/>\r\n<script type=\"application\/ld+json\" class=\"yoast-schema-graph\">{\"@context\":\"https:\\\/\\\/schema.org\",\"@graph\":[{\"@type\":\"WebPage\",\"@id\":\"https:\\\/\\\/suresms.com\\\/dk\\\/docs\\\/finance\\\/online-payment\\\/\",\"url\":\"https:\\\/\\\/suresms.com\\\/dk\\\/docs\\\/finance\\\/online-payment\\\/\",\"name\":\"Betaling online -\",\"isPartOf\":{\"@id\":\"https:\\\/\\\/suresms.com\\\/en\\\/#website\"},\"primaryImageOfPage\":{\"@id\":\"https:\\\/\\\/suresms.com\\\/dk\\\/docs\\\/finance\\\/online-payment\\\/#primaryimage\"},\"image\":{\"@id\":\"https:\\\/\\\/suresms.com\\\/dk\\\/docs\\\/finance\\\/online-payment\\\/#primaryimage\"},\"thumbnailUrl\":\"https:\\\/\\\/suresms.com\\\/wp-content\\\/uploads\\\/2024\\\/08\\\/Skaermbillede-2024-08-23-102341.png\",\"datePublished\":\"2024-08-23T08:33:06+00:00\",\"dateModified\":\"2025-01-04T23:31:25+00:00\",\"breadcrumb\":{\"@id\":\"https:\\\/\\\/suresms.com\\\/dk\\\/docs\\\/finance\\\/online-payment\\\/#breadcrumb\"},\"inLanguage\":\"pl-PL\",\"potentialAction\":[{\"@type\":\"ReadAction\",\"target\":[\"https:\\\/\\\/suresms.com\\\/dk\\\/docs\\\/finance\\\/online-payment\\\/\"]}]},{\"@type\":\"ImageObject\",\"inLanguage\":\"pl-PL\",\"@id\":\"https:\\\/\\\/suresms.com\\\/dk\\\/docs\\\/finance\\\/online-payment\\\/#primaryimage\",\"url\":\"https:\\\/\\\/suresms.com\\\/wp-content\\\/uploads\\\/2024\\\/08\\\/Skaermbillede-2024-08-23-102341.png\",\"contentUrl\":\"https:\\\/\\\/suresms.com\\\/wp-content\\\/uploads\\\/2024\\\/08\\\/Skaermbillede-2024-08-23-102341.png\"},{\"@type\":\"BreadcrumbList\",\"@id\":\"https:\\\/\\\/suresms.com\\\/dk\\\/docs\\\/finance\\\/online-payment\\\/#breadcrumb\",\"itemListElement\":[{\"@type\":\"ListItem\",\"position\":1,\"name\":\"Home\",\"item\":\"https:\\\/\\\/suresms.com\\\/dk\\\/\"},{\"@type\":\"ListItem\",\"position\":2,\"name\":\"Dokumentation\",\"item\":\"https:\\\/\\\/suresms.com\\\/dk\\\/docs\\\/\"},{\"@type\":\"ListItem\",\"position\":3,\"name\":\"\u00d8konomi\",\"item\":\"https:\\\/\\\/suresms.com\\\/dk\\\/docs\\\/finance\\\/\"},{\"@type\":\"ListItem\",\"position\":4,\"name\":\"Betaling online\"}]},{\"@type\":\"WebSite\",\"@id\":\"https:\\\/\\\/suresms.com\\\/en\\\/#website\",\"url\":\"https:\\\/\\\/suresms.com\\\/en\\\/\",\"name\":\"SureSMS\",\"description\":\"Professionel SMS Gateway\",\"publisher\":{\"@id\":\"https:\\\/\\\/suresms.com\\\/en\\\/#organization\"},\"potentialAction\":[{\"@type\":\"SearchAction\",\"target\":{\"@type\":\"EntryPoint\",\"urlTemplate\":\"https:\\\/\\\/suresms.com\\\/en\\\/?s={search_term_string}\"},\"query-input\":{\"@type\":\"PropertyValueSpecification\",\"valueRequired\":true,\"valueName\":\"search_term_string\"}}],\"inLanguage\":\"pl-PL\"},{\"@type\":\"Organization\",\"@id\":\"https:\\\/\\\/suresms.com\\\/en\\\/#organization\",\"name\":\"SureSMS\",\"url\":\"https:\\\/\\\/suresms.com\\\/en\\\/\",\"logo\":{\"@type\":\"ImageObject\",\"inLanguage\":\"pl-PL\",\"@id\":\"https:\\\/\\\/suresms.com\\\/en\\\/#\\\/schema\\\/logo\\\/image\\\/\",\"url\":\"https:\\\/\\\/suresms.com\\\/wp-content\\\/uploads\\\/2024\\\/11\\\/suresms-300x65-1.png\",\"contentUrl\":\"https:\\\/\\\/suresms.com\\\/wp-content\\\/uploads\\\/2024\\\/11\\\/suresms-300x65-1.png\",\"width\":300,\"height\":65,\"caption\":\"SureSMS\"},\"image\":{\"@id\":\"https:\\\/\\\/suresms.com\\\/en\\\/#\\\/schema\\\/logo\\\/image\\\/\"},\"sameAs\":[\"https:\\\/\\\/www.facebook.com\\\/p\\\/SureSMS-100044607956149\\\/\"]}]}<\/script>\r\n<!-- \/ Yoast SEO Premium plugin. -->","yoast_head_json":{"title":"P\u0142atno\u015b\u0107 online -","robots":{"index":"index","follow":"follow","max-snippet":"max-snippet:-1","max-image-preview":"max-image-preview:large","max-video-preview":"max-video-preview:-1"},"canonical":"https:\/\/suresms.com\/pl\/dokumenty\/finanse\/platnosc-online\/","og_locale":"pl_PL","og_type":"article","og_title":"Betaling online","og_description":"Online betaling L\u00e6s her hvordan du gennemf\u00f8re en online betaling. \u00d8verst i venstre hj\u00f8rne p\u00e5 alle sk\u00e6rmbilleder, kan du se din saldo. Det kan f.eks. se s\u00e5ledes ud: Der kan ogs\u00e5 st\u00e5 &#8220;Ubegr\u00e6nset&#8221;. Hvis der g\u00f8r det, betyder det, at din SureSMS konto er p\u00e5 fakturering og at du modtager en faktura hver m\u00e5ned eller ... Dowiedz si\u0119 wi\u0119cej","og_url":"https:\/\/suresms.com\/pl\/dokumenty\/finanse\/platnosc-online\/","article_publisher":"https:\/\/www.facebook.com\/p\/SureSMS-100044607956149\/","article_modified_time":"2025-01-04T23:31:25+00:00","og_image":[{"url":"https:\/\/suresms.com\/wp-content\/uploads\/2024\/08\/Skaermbillede-2024-08-23-102341.png","type":"","width":"","height":""}],"twitter_card":"summary_large_image","twitter_misc":{"Szacowany czas czytania":"1 minuta"},"schema":{"@context":"https:\/\/schema.org","@graph":[{"@type":"WebPage","@id":"https:\/\/suresms.com\/dk\/docs\/finance\/online-payment\/","url":"https:\/\/suresms.com\/dk\/docs\/finance\/online-payment\/","name":"P\u0142atno\u015b\u0107 online -","isPartOf":{"@id":"https:\/\/suresms.com\/en\/#website"},"primaryImageOfPage":{"@id":"https:\/\/suresms.com\/dk\/docs\/finance\/online-payment\/#primaryimage"},"image":{"@id":"https:\/\/suresms.com\/dk\/docs\/finance\/online-payment\/#primaryimage"},"thumbnailUrl":"https:\/\/suresms.com\/wp-content\/uploads\/2024\/08\/Skaermbillede-2024-08-23-102341.png","datePublished":"2024-08-23T08:33:06+00:00","dateModified":"2025-01-04T23:31:25+00:00","breadcrumb":{"@id":"https:\/\/suresms.com\/dk\/docs\/finance\/online-payment\/#breadcrumb"},"inLanguage":"pl-PL","potentialAction":[{"@type":"ReadAction","target":["https:\/\/suresms.com\/dk\/docs\/finance\/online-payment\/"]}]},{"@type":"ImageObject","inLanguage":"pl-PL","@id":"https:\/\/suresms.com\/dk\/docs\/finance\/online-payment\/#primaryimage","url":"https:\/\/suresms.com\/wp-content\/uploads\/2024\/08\/Skaermbillede-2024-08-23-102341.png","contentUrl":"https:\/\/suresms.com\/wp-content\/uploads\/2024\/08\/Skaermbillede-2024-08-23-102341.png"},{"@type":"BreadcrumbList","@id":"https:\/\/suresms.com\/dk\/docs\/finance\/online-payment\/#breadcrumb","itemListElement":[{"@type":"ListItem","position":1,"name":"Home","item":"https:\/\/suresms.com\/dk\/"},{"@type":"ListItem","position":2,"name":"Dokumentation","item":"https:\/\/suresms.com\/dk\/docs\/"},{"@type":"ListItem","position":3,"name":"\u00d8konomi","item":"https:\/\/suresms.com\/dk\/docs\/finance\/"},{"@type":"ListItem","position":4,"name":"Betaling online"}]},{"@type":"WebSite","@id":"https:\/\/suresms.com\/en\/#website","url":"https:\/\/suresms.com\/en\/","name":"SureSMS","description":"Profesjonalna bramka SMS","publisher":{"@id":"https:\/\/suresms.com\/en\/#organization"},"potentialAction":[{"@type":"SearchAction","target":{"@type":"EntryPoint","urlTemplate":"https:\/\/suresms.com\/en\/?s={search_term_string}"},"query-input":{"@type":"PropertyValueSpecification","valueRequired":true,"valueName":"search_term_string"}}],"inLanguage":"pl-PL"},{"@type":"Organization","@id":"https:\/\/suresms.com\/en\/#organization","name":"SureSMS","url":"https:\/\/suresms.com\/en\/","logo":{"@type":"ImageObject","inLanguage":"pl-PL","@id":"https:\/\/suresms.com\/en\/#\/schema\/logo\/image\/","url":"https:\/\/suresms.com\/wp-content\/uploads\/2024\/11\/suresms-300x65-1.png","contentUrl":"https:\/\/suresms.com\/wp-content\/uploads\/2024\/11\/suresms-300x65-1.png","width":300,"height":65,"caption":"SureSMS"},"image":{"@id":"https:\/\/suresms.com\/en\/#\/schema\/logo\/image\/"},"sameAs":["https:\/\/www.facebook.com\/p\/SureSMS-100044607956149\/"]}]}},"_links":{"self":[{"href":"https:\/\/suresms.com\/pl\/wp-json\/wp\/v2\/pages\/18282","targetHints":{"allow":["GET"]}}],"collection":[{"href":"https:\/\/suresms.com\/pl\/wp-json\/wp\/v2\/pages"}],"about":[{"href":"https:\/\/suresms.com\/pl\/wp-json\/wp\/v2\/types\/page"}],"author":[{"embeddable":true,"href":"https:\/\/suresms.com\/pl\/wp-json\/wp\/v2\/users\/1"}],"replies":[{"embeddable":true,"href":"https:\/\/suresms.com\/pl\/wp-json\/wp\/v2\/comments?post=18282"}],"version-history":[{"count":4,"href":"https:\/\/suresms.com\/pl\/wp-json\/wp\/v2\/pages\/18282\/revisions"}],"predecessor-version":[{"id":20455,"href":"https:\/\/suresms.com\/pl\/wp-json\/wp\/v2\/pages\/18282\/revisions\/20455"}],"up":[{"embeddable":true,"href":"https:\/\/suresms.com\/pl\/wp-json\/wp\/v2\/pages\/18128"}],"wp:attachment":[{"href":"https:\/\/suresms.com\/pl\/wp-json\/wp\/v2\/media?parent=18282"}],"wp:term":[{"taxonomy":"category","embeddable":true,"href":"https:\/\/suresms.com\/pl\/wp-json\/wp\/v2\/categories?post=18282"},{"taxonomy":"post_tag","embeddable":true,"href":"https:\/\/suresms.com\/pl\/wp-json\/wp\/v2\/tags?post=18282"}],"curies":[{"name":"wp","href":"https:\/\/api.w.org\/{rel}","templated":true}]}}