{"id":18263,"date":"2024-08-14T14:24:15","date_gmt":"2024-08-14T12:24:15","guid":{"rendered":"https:\/\/www.suresms.com\/dk\/?page_id=18263"},"modified":"2024-12-18T12:59:11","modified_gmt":"2024-12-18T12:59:11","slug":"hubspot","status":"publish","type":"page","link":"https:\/\/suresms.com\/pl\/integrationer\/marketing-automation\/hubspot\/","title":{"rendered":"Integracja SMS dla Hubspot"},"content":{"rendered":"<!-- Flexy Breadcrumb -->\r\n\t\t\t<div class=\"fbc fbc-page\">\r\n\r\n\t\t\t\t<!-- Breadcrumb wrapper -->\r\n\t\t\t\t<div class=\"fbc-wrap\">\r\n\r\n\t\t\t\t\t<!-- Ordered list-->\r\n\t\t\t\t\t<ol class=\"fbc-items\" itemscope itemtype=\"https:\/\/schema.org\/BreadcrumbList\">\r\n\t\t\t\t\t\t            <li itemprop=\"itemListElement\" itemscope itemtype=\"https:\/\/schema.org\/ListItem\">\r\n                <span itemprop=\"name\">\r\n                    <!-- Home Link -->\r\n                    <a itemprop=\"item\" href=\"https:\/\/suresms.com\/pl\/\">\r\n                    \r\n                                                    <i class=\"fa fa-home\" aria-hidden=\"true\"><\/i>Strona g\u0142\u00f3wna                    <\/a>\r\n                <\/span>\r\n                <meta itemprop=\"position\" content=\"1\" \/><!-- Meta Position-->\r\n             <\/li><li><span class=\"fbc-separator\">\/<\/span><\/li><li class=\"active\" itemprop=\"itemListElement\" itemscope itemtype=\"https:\/\/schema.org\/ListItem\"><span itemprop=\"name\" title=\"Integracja SMS dla Hubspot\">Integracja SMS dla Hubspot<\/span><meta itemprop=\"position\" content=\"2\" \/><\/li>\t\t\t\t\t<\/ol>\r\n\t\t\t\t\t<div class=\"clearfix\"><\/div>\r\n\t\t\t\t<\/div>\r\n\t\t\t<\/div>\r\n\t\t\t\n\t\t\t\t<img loading=\"lazy\" decoding=\"async\" src=\"https:\/\/suresms.com\/wp-content\/uploads\/2024\/08\/HubSpotSureSMS-1.png\" alt=\"Integracja HubSpot -&gt; SureSMS\" itemprop=\"image\" height=\"200\" width=\"980\" title=\"HubSpot+SureSMS\" onerror=\"this.style.display='none'\"  \/>\n\t<p><strong>Wysy\u0142aj wiadomo\u015bci SMS bezpo\u015brednio z przep\u0142yw\u00f3w pracy HubSpot.<\/strong><\/p>\n<h2>\n\t\tSMS HubSpot - integracja\n\t<\/h2>\n\t<p>Szukasz <a href=\"https:\/\/suresms.com\/pl\/integracje\/automatyzacja-marketingu\/\">Integracja SMS<\/a> dla swojego oprogramowania do automatyzacji marketingu? W takim razie trafi\u0142e\u015b we w\u0142a\u015bciwe miejsce. SureSMS to bramka SMS z bezpo\u015brednim po\u0142\u0105czeniem ze wszystkimi operatorami telefonicznymi w Danii i ponad 1900 operatorami na ca\u0142ym \u015bwiecie.<\/p>\n<p>Nasza platforma SMS ma bezpo\u015bredni\u0105 integracj\u0119 z HubSpot, dzi\u0119ki czemu mo\u017cesz zarz\u0105dza\u0107 ca\u0142\u0105 automatyzacj\u0105 w jednym miejscu - w tym komunikacj\u0105 SMS.<\/p>\n\t\t<h3>Czym jest HubSpot?<\/h3><p>HubSpot to kompleksowa platforma marketingu przychodz\u0105cego, sprzeda\u017cy i obs\u0142ugi klienta, kt\u00f3ra pomaga firmom przyci\u0105ga\u0107 odwiedzaj\u0105cych, konwertowa\u0107 potencjalnych klient\u00f3w i piel\u0119gnowa\u0107 relacje z klientami.<\/p>\n<p>Dzi\u0119ki narz\u0119dziom do e-mail marketingu, CRM, zarz\u0105dzania mediami spo\u0142eczno\u015bciowymi i analityki, HubSpot umo\u017cliwia firmom automatyzacj\u0119 i optymalizacj\u0119 proces\u00f3w sprzeda\u017cy i marketingu.<\/p>\n<p>Platforma jest przyjazna dla u\u017cytkownika i skalowalna, dzi\u0119ki czemu jest idealna zar\u00f3wno dla ma\u0142ych, jak i du\u017cych organizacji, kt\u00f3re chc\u0105 rozwija\u0107 i usprawnia\u0107 swoj\u0105 dzia\u0142alno\u015b\u0107.<\/p>\n\t\t\t\t<img loading=\"lazy\" decoding=\"async\" src=\"https:\/\/suresms.com\/wp-content\/uploads\/2024\/08\/HubSpotSureSMS-sqare-1.png\" alt=\"HubSpot+SureSMS - sqare\" itemprop=\"image\" height=\"340\" width=\"453\" title=\"HubSpot+SureSMS - sqare\" onerror=\"this.style.display='none'\"  \/>\n\t\t<h3>Dlaczego warto u\u017cywa\u0107 SMS dla HubSpot?<\/h3><p>SMS w HubSpot pozwala na bezpo\u015bredni\u0105 i skuteczn\u0105 komunikacj\u0119 z klientami. Dzi\u0119ki wysokiemu wska\u017anikowi otwar\u0107 i spersonalizowanemu kontaktowi mo\u017cesz zautomatyzowa\u0107 wiadomo\u015bci, takie jak przypomnienia, oferty i dzia\u0142ania nast\u0119pcze w oparciu o interakcje z klientami.<\/p>\n\t<p>Integruj\u0105c SMS-y z kampaniami marketingowymi, zwi\u0119kszasz zaanga\u017cowanie i do\u015bwiadczenie klient\u00f3w, jednocze\u015bnie \u0142atwo \u015bledz\u0105c i optymalizuj\u0105c wyniki.<\/p>\n\t\t<h2>Jak dzia\u0142a SMS w HubSpot<\/h2><p>Integracja SureSMS z kontem HubSpot umo\u017cliwia szybkie i tanie wysy\u0142anie wiadomo\u015bci SMS do wszystkich kraj\u00f3w. Mo\u017cesz r\u00f3wnie\u017c otrzymywa\u0107 wiadomo\u015bci SMS w HubSpot, gdy kto\u015b odpowie na Twoje SMS-y.<\/p>\n<p>Odbywa si\u0119 to za pomoc\u0105 mechanizmu zwanego webhooks. Gdy HubSpot osi\u0105gnie punkt w przep\u0142ywie pracy, w kt\u00f3rym chcesz wys\u0142a\u0107 wiadomo\u015b\u0107 SMS, HubSpot wysy\u0142a wiadomo\u015b\u0107 do SureSMS, aby wys\u0142a\u0107 wiadomo\u015b\u0107. To bardzo proste. Przeczytaj poni\u017cej, jak to skonfigurowa\u0107.<\/p>\n\t<strong>Instrukcja konfiguracji zam\u00f3wienia<br \/>\n<\/strong>Uzyskaj szczeg\u00f3\u0142owy przewodnik na temat konfiguracji z SureSMS\n\n<div class=\"wpcf7 no-js\" id=\"wpcf7-f13762-o1\" lang=\"en-GB\" dir=\"ltr\" data-wpcf7-id=\"13762\">\n<div class=\"screen-reader-response\"><p role=\"status\" aria-live=\"polite\" aria-atomic=\"true\"><\/p> <ul><\/ul><\/div>\n<form action=\"\/pl\/wp-json\/wp\/v2\/pages\/18263#wpcf7-f13762-o1\" method=\"post\" class=\"wpcf7-form init\" aria-label=\"Formularz kontaktowy\" novalidate=\"novalidate\" data-status=\"init\" data-trp-original-action=\"\/pl\/wp-json\/wp\/v2\/pages\/18263#wpcf7-f13762-o1\">\n<fieldset class=\"hidden-fields-container\"><input type=\"hidden\" name=\"_wpcf7\" value=\"13762\" \/><input type=\"hidden\" name=\"_wpcf7_version\" value=\"6.1.5\" \/><input type=\"hidden\" name=\"_wpcf7_locale\" value=\"en_GB\" \/><input type=\"hidden\" name=\"_wpcf7_unit_tag\" value=\"wpcf7-f13762-o1\" \/><input type=\"hidden\" name=\"_wpcf7_container_post\" value=\"0\" \/><input type=\"hidden\" name=\"_wpcf7_posted_data_hash\" value=\"\" \/>\n<\/fieldset>\n<p><label><span class=\"wpcf7-form-control-wrap\" data-name=\"your-name\"><input size=\"40\" maxlength=\"400\" class=\"wpcf7-form-control wpcf7-text wpcf7-validates-as-required wpctf7-my-custom-class\" aria-required=\"true\" aria-invalid=\"false\" placeholder=\"Imi\u0119 i nazwisko\" value=\"\" type=\"text\" name=\"your-name\" \/><\/span><\/label>\n<\/p>\n<p><span class=\"wpcf7-form-control-wrap\" data-name=\"email\"><input size=\"40\" maxlength=\"400\" class=\"wpcf7-form-control wpcf7-email wpcf7-validates-as-required wpcf7-text wpcf7-validates-as-email wpctf7-my-custom-class\" aria-required=\"true\" aria-invalid=\"false\" placeholder=\"E-mail*.\" value=\"\" type=\"email\" name=\"email\" \/><\/span>\n<\/p>\n<p><div class=\"cf7-cf-turnstile\" style=\"margin-top: 0px; margin-bottom: -15px;\"> <div id=\"cf-turnstile-cf7-2817460561\" class=\"cf-turnstile\" data-sitekey=\"0x4AAAAAAB8YGArd9ML-HbMW\" data-theme=\"light\" data-language=\"auto\" data-size=\"normal\" data-retry=\"auto\" data-retry-interval=\"1000\" data-refresh-expired=\"auto\" data-action=\"contact-form-7\" data-appearance=\"always\"><\/div> <script>document.addEventListener(\"DOMContentLoaded\", function() { setTimeout(function(){ var e=document.getElementById(\"cf-turnstile-cf7-2817460561\"); e&&!e.innerHTML.trim()&&(turnstile.remove(\"#cf-turnstile-cf7-2817460561\"), turnstile.render(\"#cf-turnstile-cf7-2817460561\", {sitekey:\"0x4AAAAAAB8YGArd9ML-HbMW\"})); }, 100); });<\/script> <br class=\"cf-turnstile-br cf-turnstile-br-cf7-2817460561\"> <style>#cf-turnstile-cf7-2817460561 { margin-left: -15px; }<\/style> <script>document.addEventListener(\"DOMContentLoaded\",function(){document.querySelectorAll('.wpcf7-form').forEach(function(e){e.addEventListener('submit',function(){if(document.getElementById('cf-turnstile-cf7-2817460561')){setTimeout(function(){turnstile.reset('#cf-turnstile-cf7-2817460561');},1000)}})})});<\/script> <\/div><br\/><input class=\"wpcf7-form-control wpcf7-submit has-spinner\" type=\"submit\" value=\"Wskaz\u00f3wki dotycz\u0105ce zamawiania\" \/>\n<\/p><div class=\"wpcf7-response-output\" aria-hidden=\"true\"><\/div>\n<input type=\"hidden\" name=\"trp-form-language\" value=\"pl\"\/><\/form>\n<\/div>\n\n\t\t\t<a href=\"https:\/\/calendly.com\/gm--nzwp\/30min\" target=\"_blank\" rel=\"noopener\">\n\t\t\t\t\t\t\tZarezerwuj demo\n\t\t\t\t\t<\/a>\n\t<p>z Glenem<\/p>\n\t<strong>Instrukcja konfiguracji zam\u00f3wienia<br \/>\n<\/strong>Uzyskaj szczeg\u00f3\u0142owy przewodnik na temat konfiguracji HubSpot z SureSMS.\n\n<div class=\"wpcf7 no-js\" id=\"wpcf7-f13762-o2\" lang=\"en-GB\" dir=\"ltr\" data-wpcf7-id=\"13762\">\n<div class=\"screen-reader-response\"><p role=\"status\" aria-live=\"polite\" aria-atomic=\"true\"><\/p> <ul><\/ul><\/div>\n<form action=\"\/pl\/wp-json\/wp\/v2\/pages\/18263#wpcf7-f13762-o2\" method=\"post\" class=\"wpcf7-form init\" aria-label=\"Formularz kontaktowy\" novalidate=\"novalidate\" data-status=\"init\" data-trp-original-action=\"\/pl\/wp-json\/wp\/v2\/pages\/18263#wpcf7-f13762-o2\">\n<fieldset class=\"hidden-fields-container\"><input type=\"hidden\" name=\"_wpcf7\" value=\"13762\" \/><input type=\"hidden\" name=\"_wpcf7_version\" value=\"6.1.5\" \/><input type=\"hidden\" name=\"_wpcf7_locale\" value=\"en_GB\" \/><input type=\"hidden\" name=\"_wpcf7_unit_tag\" value=\"wpcf7-f13762-o2\" \/><input type=\"hidden\" name=\"_wpcf7_container_post\" value=\"0\" \/><input type=\"hidden\" name=\"_wpcf7_posted_data_hash\" value=\"\" \/>\n<\/fieldset>\n<p><label><span class=\"wpcf7-form-control-wrap\" data-name=\"your-name\"><input size=\"40\" maxlength=\"400\" class=\"wpcf7-form-control wpcf7-text wpcf7-validates-as-required wpctf7-my-custom-class\" aria-required=\"true\" aria-invalid=\"false\" placeholder=\"Imi\u0119 i nazwisko\" value=\"\" type=\"text\" name=\"your-name\" \/><\/span><\/label>\n<\/p>\n<p><span class=\"wpcf7-form-control-wrap\" data-name=\"email\"><input size=\"40\" maxlength=\"400\" class=\"wpcf7-form-control wpcf7-email wpcf7-validates-as-required wpcf7-text wpcf7-validates-as-email wpctf7-my-custom-class\" aria-required=\"true\" aria-invalid=\"false\" placeholder=\"E-mail*.\" value=\"\" type=\"email\" name=\"email\" \/><\/span>\n<\/p>\n<p><div class=\"cf7-cf-turnstile\" style=\"margin-top: 0px; margin-bottom: -15px;\"> <div id=\"cf-turnstile-cf7-3997184043\" class=\"cf-turnstile\" data-sitekey=\"0x4AAAAAAB8YGArd9ML-HbMW\" data-theme=\"light\" data-language=\"auto\" data-size=\"normal\" data-retry=\"auto\" data-retry-interval=\"1000\" data-refresh-expired=\"auto\" data-action=\"contact-form-7\" data-appearance=\"always\"><\/div> <script>document.addEventListener(\"DOMContentLoaded\", function() { setTimeout(function(){ var e=document.getElementById(\"cf-turnstile-cf7-3997184043\"); e&&!e.innerHTML.trim()&&(turnstile.remove(\"#cf-turnstile-cf7-3997184043\"), turnstile.render(\"#cf-turnstile-cf7-3997184043\", {sitekey:\"0x4AAAAAAB8YGArd9ML-HbMW\"})); }, 100); });<\/script> <br class=\"cf-turnstile-br cf-turnstile-br-cf7-3997184043\"> <style>#cf-turnstile-cf7-3997184043 { margin-left: -15px; }<\/style> <script>document.addEventListener(\"DOMContentLoaded\",function(){document.querySelectorAll('.wpcf7-form').forEach(function(e){e.addEventListener('submit',function(){if(document.getElementById('cf-turnstile-cf7-3997184043')){setTimeout(function(){turnstile.reset('#cf-turnstile-cf7-3997184043');},1000)}})})});<\/script> <\/div><br\/><input class=\"wpcf7-form-control wpcf7-submit has-spinner\" type=\"submit\" value=\"Wskaz\u00f3wki dotycz\u0105ce zamawiania\" \/>\n<\/p><div class=\"wpcf7-response-output\" aria-hidden=\"true\"><\/div>\n<input type=\"hidden\" name=\"trp-form-language\" value=\"pl\"\/><\/form>\n<\/div>\n\n\t\t\t\t<img decoding=\"async\" src=\"https:\/\/www.suresms.com\/dk\/wp-content\/uploads\/2019\/11\/Glen-1080px-150x150.jpg\" alt=\"Glen Mandsberg\" itemprop=\"image\" title=\"Glen Mandsberg\" onerror=\"this.style.display='none'\"  \/>\n\t\t\t<a href=\"https:\/\/calendly.com\/gm--nzwp\/30min\" target=\"_self\">\n\t\t\t\t\t\t\tZarezerwuj demo\n\t\t\t\t\t<\/a>\n\t<p>z Glenem<\/p>","protected":false},"excerpt":{"rendered":"<p>Wysy\u0142aj SMS-y bezpo\u015brednio z przep\u0142yw\u00f3w pracy HubSpot. SMS HubSpot - integracja Szukasz integracji SMS dla swojego oprogramowania do automatyzacji marketingu? W takim razie trafi\u0142e\u015b we w\u0142a\u015bciwe miejsce. SureSMS to bramka SMS z bezpo\u015brednim po\u0142\u0105czeniem ze wszystkimi operatorami telefonicznymi w Danii i ponad 1900 operatorami na ca\u0142ym \u015bwiecie. Nasza platforma SMS posiada bezpo\u015bredni\u0105 integracj\u0119 ... <a title=\"Integracja SMS dla Hubspot\" class=\"read-more\" href=\"https:\/\/suresms.com\/pl\/integrationer\/marketing-automation\/hubspot\/\" aria-label=\"Dowiedz si\u0119 wi\u0119cej o integracji SMS z Hubspot\">Dowiedz si\u0119 wi\u0119cej<\/a><\/p>","protected":false},"author":1,"featured_media":0,"parent":13367,"menu_order":1,"comment_status":"closed","ping_status":"closed","template":"","meta":{"_fl_builder_enabled":"1","_fl_builder_data":null,"_fl_builder_draft":null,"_fl_builder_data_settings":null,"_fl_builder_css":"","_fl_builder_css_version":"","_fl_builder_js":"","footnotes":""},"categories":[],"tags":[],"class_list":["post-18263","page","type-page","status-publish"],"yoast_head":"<!-- This site is optimized with the Yoast SEO Premium plugin v27.3 (Yoast SEO v27.3) - https:\/\/yoast.com\/product\/yoast-seo-premium-wordpress\/ -->\r\n<title>HubSpot SMS l\u00f8sning til danske og nordiske kunder<\/title>\r\n<meta name=\"description\" content=\"Integrer SMS i HubSpot i dag, og kom i gang med at skabe v\u00e6rdifulde automations og kampagner! En \u00e5bningsrate p\u00e5 98 %.\" \/>\r\n<meta name=\"robots\" content=\"index, follow, max-snippet:-1, max-image-preview:large, max-video-preview:-1\" \/>\r\n<link rel=\"canonical\" href=\"https:\/\/suresms.com\/pl\/integracje\/automatyzacja-marketingu\/hubspot\/\" \/>\r\n<meta property=\"og:locale\" content=\"pl_PL\" \/>\r\n<meta property=\"og:type\" content=\"article\" \/>\r\n<meta property=\"og:title\" content=\"SMS integration til Hubspot\" \/>\r\n<meta property=\"og:description\" content=\"Integrer SMS i HubSpot i dag, og kom i gang med at skabe v\u00e6rdifulde automations og kampagner! En \u00e5bningsrate p\u00e5 98 %.\" \/>\r\n<meta property=\"og:url\" content=\"https:\/\/suresms.com\/pl\/integracje\/automatyzacja-marketingu\/hubspot\/\" \/>\r\n<meta property=\"article:publisher\" content=\"https:\/\/www.facebook.com\/p\/SureSMS-100044607956149\/\" \/>\r\n<meta property=\"article:modified_time\" content=\"2024-12-18T12:59:11+00:00\" \/>\r\n<meta property=\"og:image\" content=\"https:\/\/suresms.com\/wp-content\/uploads\/2024\/08\/HubSpotSureSMS-1.png\" \/>\r\n<meta name=\"twitter:card\" content=\"summary_large_image\" \/>\r\n<meta name=\"twitter:label1\" content=\"Szacowany czas czytania\" \/>\n\t<meta name=\"twitter:data1\" content=\"12 minut\" \/>\r\n<script type=\"application\/ld+json\" class=\"yoast-schema-graph\">{\"@context\":\"https:\\\/\\\/schema.org\",\"@graph\":[{\"@type\":\"WebPage\",\"@id\":\"https:\\\/\\\/suresms.com\\\/dk\\\/integrationer\\\/marketing-automation\\\/hubspot\\\/\",\"url\":\"https:\\\/\\\/suresms.com\\\/dk\\\/integrationer\\\/marketing-automation\\\/hubspot\\\/\",\"name\":\"HubSpot SMS l\u00f8sning til danske og nordiske kunder\",\"isPartOf\":{\"@id\":\"https:\\\/\\\/suresms.com\\\/en\\\/#website\"},\"primaryImageOfPage\":{\"@id\":\"https:\\\/\\\/suresms.com\\\/dk\\\/integrationer\\\/marketing-automation\\\/hubspot\\\/#primaryimage\"},\"image\":{\"@id\":\"https:\\\/\\\/suresms.com\\\/dk\\\/integrationer\\\/marketing-automation\\\/hubspot\\\/#primaryimage\"},\"thumbnailUrl\":\"https:\\\/\\\/suresms.com\\\/wp-content\\\/uploads\\\/2024\\\/08\\\/HubSpotSureSMS-1.png\",\"datePublished\":\"2024-08-14T12:24:15+00:00\",\"dateModified\":\"2024-12-18T12:59:11+00:00\",\"description\":\"Integrer SMS i HubSpot i dag, og kom i gang med at skabe v\u00e6rdifulde automations og kampagner! En \u00e5bningsrate p\u00e5 98 %.\",\"breadcrumb\":{\"@id\":\"https:\\\/\\\/suresms.com\\\/dk\\\/integrationer\\\/marketing-automation\\\/hubspot\\\/#breadcrumb\"},\"inLanguage\":\"pl-PL\",\"potentialAction\":[{\"@type\":\"ReadAction\",\"target\":[\"https:\\\/\\\/suresms.com\\\/dk\\\/integrationer\\\/marketing-automation\\\/hubspot\\\/\"]}]},{\"@type\":\"ImageObject\",\"inLanguage\":\"pl-PL\",\"@id\":\"https:\\\/\\\/suresms.com\\\/dk\\\/integrationer\\\/marketing-automation\\\/hubspot\\\/#primaryimage\",\"url\":\"https:\\\/\\\/suresms.com\\\/wp-content\\\/uploads\\\/2024\\\/08\\\/HubSpotSureSMS-1.png\",\"contentUrl\":\"https:\\\/\\\/suresms.com\\\/wp-content\\\/uploads\\\/2024\\\/08\\\/HubSpotSureSMS-1.png\"},{\"@type\":\"BreadcrumbList\",\"@id\":\"https:\\\/\\\/suresms.com\\\/dk\\\/integrationer\\\/marketing-automation\\\/hubspot\\\/#breadcrumb\",\"itemListElement\":[{\"@type\":\"ListItem\",\"position\":1,\"name\":\"Home\",\"item\":\"https:\\\/\\\/suresms.com\\\/dk\\\/\"},{\"@type\":\"ListItem\",\"position\":2,\"name\":\"Integrationer\",\"item\":\"https:\\\/\\\/suresms.com\\\/dk\\\/integrationer\\\/\"},{\"@type\":\"ListItem\",\"position\":3,\"name\":\"SMS integration til Marketing Automation\",\"item\":\"https:\\\/\\\/suresms.com\\\/dk\\\/integrationer\\\/marketing-automation\\\/\"},{\"@type\":\"ListItem\",\"position\":4,\"name\":\"SMS integration til Hubspot\"}]},{\"@type\":\"WebSite\",\"@id\":\"https:\\\/\\\/suresms.com\\\/en\\\/#website\",\"url\":\"https:\\\/\\\/suresms.com\\\/en\\\/\",\"name\":\"SureSMS\",\"description\":\"Professionel SMS Gateway\",\"publisher\":{\"@id\":\"https:\\\/\\\/suresms.com\\\/en\\\/#organization\"},\"potentialAction\":[{\"@type\":\"SearchAction\",\"target\":{\"@type\":\"EntryPoint\",\"urlTemplate\":\"https:\\\/\\\/suresms.com\\\/en\\\/?s={search_term_string}\"},\"query-input\":{\"@type\":\"PropertyValueSpecification\",\"valueRequired\":true,\"valueName\":\"search_term_string\"}}],\"inLanguage\":\"pl-PL\"},{\"@type\":\"Organization\",\"@id\":\"https:\\\/\\\/suresms.com\\\/en\\\/#organization\",\"name\":\"SureSMS\",\"url\":\"https:\\\/\\\/suresms.com\\\/en\\\/\",\"logo\":{\"@type\":\"ImageObject\",\"inLanguage\":\"pl-PL\",\"@id\":\"https:\\\/\\\/suresms.com\\\/en\\\/#\\\/schema\\\/logo\\\/image\\\/\",\"url\":\"https:\\\/\\\/suresms.com\\\/wp-content\\\/uploads\\\/2024\\\/11\\\/suresms-300x65-1.png\",\"contentUrl\":\"https:\\\/\\\/suresms.com\\\/wp-content\\\/uploads\\\/2024\\\/11\\\/suresms-300x65-1.png\",\"width\":300,\"height\":65,\"caption\":\"SureSMS\"},\"image\":{\"@id\":\"https:\\\/\\\/suresms.com\\\/en\\\/#\\\/schema\\\/logo\\\/image\\\/\"},\"sameAs\":[\"https:\\\/\\\/www.facebook.com\\\/p\\\/SureSMS-100044607956149\\\/\"]}]}<\/script>\r\n<!-- \/ Yoast SEO Premium plugin. -->","yoast_head_json":{"title":"Rozwi\u0105zanie HubSpot SMS dla du\u0144skich i skandynawskich klient\u00f3w","description":"Zintegruj SMS-y z HubSpot ju\u017c dzi\u015b i zacznij tworzy\u0107 warto\u015bciowe automatyzacje i kampanie! Wska\u017anik otwar\u0107 na poziomie 98 %.","robots":{"index":"index","follow":"follow","max-snippet":"max-snippet:-1","max-image-preview":"max-image-preview:large","max-video-preview":"max-video-preview:-1"},"canonical":"https:\/\/suresms.com\/pl\/integracje\/automatyzacja-marketingu\/hubspot\/","og_locale":"pl_PL","og_type":"article","og_title":"SMS integration til Hubspot","og_description":"Integrer SMS i HubSpot i dag, og kom i gang med at skabe v\u00e6rdifulde automations og kampagner! En \u00e5bningsrate p\u00e5 98 %.","og_url":"https:\/\/suresms.com\/pl\/integracje\/automatyzacja-marketingu\/hubspot\/","article_publisher":"https:\/\/www.facebook.com\/p\/SureSMS-100044607956149\/","article_modified_time":"2024-12-18T12:59:11+00:00","og_image":[{"url":"https:\/\/suresms.com\/wp-content\/uploads\/2024\/08\/HubSpotSureSMS-1.png","type":"","width":"","height":""}],"twitter_card":"summary_large_image","twitter_misc":{"Szacowany czas czytania":"12 minut"},"schema":{"@context":"https:\/\/schema.org","@graph":[{"@type":"WebPage","@id":"https:\/\/suresms.com\/dk\/integrationer\/marketing-automation\/hubspot\/","url":"https:\/\/suresms.com\/dk\/integrationer\/marketing-automation\/hubspot\/","name":"Rozwi\u0105zanie HubSpot SMS dla du\u0144skich i skandynawskich klient\u00f3w","isPartOf":{"@id":"https:\/\/suresms.com\/en\/#website"},"primaryImageOfPage":{"@id":"https:\/\/suresms.com\/dk\/integrationer\/marketing-automation\/hubspot\/#primaryimage"},"image":{"@id":"https:\/\/suresms.com\/dk\/integrationer\/marketing-automation\/hubspot\/#primaryimage"},"thumbnailUrl":"https:\/\/suresms.com\/wp-content\/uploads\/2024\/08\/HubSpotSureSMS-1.png","datePublished":"2024-08-14T12:24:15+00:00","dateModified":"2024-12-18T12:59:11+00:00","description":"Zintegruj SMS-y z HubSpot ju\u017c dzi\u015b i zacznij tworzy\u0107 warto\u015bciowe automatyzacje i kampanie! Wska\u017anik otwar\u0107 na poziomie 98 %.","breadcrumb":{"@id":"https:\/\/suresms.com\/dk\/integrationer\/marketing-automation\/hubspot\/#breadcrumb"},"inLanguage":"pl-PL","potentialAction":[{"@type":"ReadAction","target":["https:\/\/suresms.com\/dk\/integrationer\/marketing-automation\/hubspot\/"]}]},{"@type":"ImageObject","inLanguage":"pl-PL","@id":"https:\/\/suresms.com\/dk\/integrationer\/marketing-automation\/hubspot\/#primaryimage","url":"https:\/\/suresms.com\/wp-content\/uploads\/2024\/08\/HubSpotSureSMS-1.png","contentUrl":"https:\/\/suresms.com\/wp-content\/uploads\/2024\/08\/HubSpotSureSMS-1.png"},{"@type":"BreadcrumbList","@id":"https:\/\/suresms.com\/dk\/integrationer\/marketing-automation\/hubspot\/#breadcrumb","itemListElement":[{"@type":"ListItem","position":1,"name":"Home","item":"https:\/\/suresms.com\/dk\/"},{"@type":"ListItem","position":2,"name":"Integrationer","item":"https:\/\/suresms.com\/dk\/integrationer\/"},{"@type":"ListItem","position":3,"name":"SMS integration til Marketing Automation","item":"https:\/\/suresms.com\/dk\/integrationer\/marketing-automation\/"},{"@type":"ListItem","position":4,"name":"SMS integration til Hubspot"}]},{"@type":"WebSite","@id":"https:\/\/suresms.com\/en\/#website","url":"https:\/\/suresms.com\/en\/","name":"SureSMS","description":"Profesjonalna bramka SMS","publisher":{"@id":"https:\/\/suresms.com\/en\/#organization"},"potentialAction":[{"@type":"SearchAction","target":{"@type":"EntryPoint","urlTemplate":"https:\/\/suresms.com\/en\/?s={search_term_string}"},"query-input":{"@type":"PropertyValueSpecification","valueRequired":true,"valueName":"search_term_string"}}],"inLanguage":"pl-PL"},{"@type":"Organization","@id":"https:\/\/suresms.com\/en\/#organization","name":"SureSMS","url":"https:\/\/suresms.com\/en\/","logo":{"@type":"ImageObject","inLanguage":"pl-PL","@id":"https:\/\/suresms.com\/en\/#\/schema\/logo\/image\/","url":"https:\/\/suresms.com\/wp-content\/uploads\/2024\/11\/suresms-300x65-1.png","contentUrl":"https:\/\/suresms.com\/wp-content\/uploads\/2024\/11\/suresms-300x65-1.png","width":300,"height":65,"caption":"SureSMS"},"image":{"@id":"https:\/\/suresms.com\/en\/#\/schema\/logo\/image\/"},"sameAs":["https:\/\/www.facebook.com\/p\/SureSMS-100044607956149\/"]}]}},"_links":{"self":[{"href":"https:\/\/suresms.com\/pl\/wp-json\/wp\/v2\/pages\/18263","targetHints":{"allow":["GET"]}}],"collection":[{"href":"https:\/\/suresms.com\/pl\/wp-json\/wp\/v2\/pages"}],"about":[{"href":"https:\/\/suresms.com\/pl\/wp-json\/wp\/v2\/types\/page"}],"author":[{"embeddable":true,"href":"https:\/\/suresms.com\/pl\/wp-json\/wp\/v2\/users\/1"}],"replies":[{"embeddable":true,"href":"https:\/\/suresms.com\/pl\/wp-json\/wp\/v2\/comments?post=18263"}],"version-history":[{"count":2,"href":"https:\/\/suresms.com\/pl\/wp-json\/wp\/v2\/pages\/18263\/revisions"}],"predecessor-version":[{"id":19528,"href":"https:\/\/suresms.com\/pl\/wp-json\/wp\/v2\/pages\/18263\/revisions\/19528"}],"up":[{"embeddable":true,"href":"https:\/\/suresms.com\/pl\/wp-json\/wp\/v2\/pages\/13367"}],"wp:attachment":[{"href":"https:\/\/suresms.com\/pl\/wp-json\/wp\/v2\/media?parent=18263"}],"wp:term":[{"taxonomy":"category","embeddable":true,"href":"https:\/\/suresms.com\/pl\/wp-json\/wp\/v2\/categories?post=18263"},{"taxonomy":"post_tag","embeddable":true,"href":"https:\/\/suresms.com\/pl\/wp-json\/wp\/v2\/tags?post=18263"}],"curies":[{"name":"wp","href":"https:\/\/api.w.org\/{rel}","templated":true}]}}