{"id":18251,"date":"2024-08-14T07:53:04","date_gmt":"2024-08-14T05:53:04","guid":{"rendered":"https:\/\/www.suresms.com\/dk\/?page_id=18251"},"modified":"2025-01-04T23:03:07","modified_gmt":"2025-01-04T23:03:07","slug":"mailchimp","status":"publish","type":"page","link":"https:\/\/suresms.com\/pl\/integrationer\/marketing-automation\/mailchimp\/","title":{"rendered":"Integracja SMS dla MailChimp"},"content":{"rendered":"<!-- Flexy Breadcrumb -->\r\n\t\t\t<div class=\"fbc fbc-page\">\r\n\r\n\t\t\t\t<!-- Breadcrumb wrapper -->\r\n\t\t\t\t<div class=\"fbc-wrap\">\r\n\r\n\t\t\t\t\t<!-- Ordered list-->\r\n\t\t\t\t\t<ol class=\"fbc-items\" itemscope itemtype=\"https:\/\/schema.org\/BreadcrumbList\">\r\n\t\t\t\t\t\t            <li itemprop=\"itemListElement\" itemscope itemtype=\"https:\/\/schema.org\/ListItem\">\r\n                <span itemprop=\"name\">\r\n                    <!-- Home Link -->\r\n                    <a itemprop=\"item\" href=\"https:\/\/suresms.com\/pl\/\">\r\n                    \r\n                                                    <i class=\"fa fa-home\" aria-hidden=\"true\"><\/i>Strona g\u0142\u00f3wna                    <\/a>\r\n                <\/span>\r\n                <meta itemprop=\"position\" content=\"1\" \/><!-- Meta Position-->\r\n             <\/li><li><span class=\"fbc-separator\">\/<\/span><\/li><li class=\"active\" itemprop=\"itemListElement\" itemscope itemtype=\"https:\/\/schema.org\/ListItem\"><span itemprop=\"name\" title=\"Integracja SMS dla MailChimp\">Integracja SMS dla MailChimp<\/span><meta itemprop=\"position\" content=\"2\" \/><\/li>\t\t\t\t\t<\/ol>\r\n\t\t\t\t\t<div class=\"clearfix\"><\/div>\r\n\t\t\t\t<\/div>\r\n\t\t\t<\/div>\r\n\t\t\t\n\t\t\t\t<img loading=\"lazy\" decoding=\"async\" src=\"https:\/\/suresms.com\/wp-content\/uploads\/2024\/08\/MailchimpSureSMS-1.png\" alt=\"MailChimp i SureSMS\" itemprop=\"image\" height=\"200\" width=\"980\" title=\"Mailchimp+SureSMS\" onerror=\"this.style.display='none'\"  \/>\n\t<p><strong>Wysy\u0142anie wiadomo\u015bci SMS bezpo\u015brednio z MailChimp<\/strong><\/p>\n\t<p>Zam\u00f3w instrukcje dotycz\u0105ce konfigurowania us\u0142ugi MailChimp SMS<\/p>\n\n<div class=\"wpcf7 no-js\" id=\"wpcf7-f13762-o1\" lang=\"en-GB\" dir=\"ltr\" data-wpcf7-id=\"13762\">\n<div class=\"screen-reader-response\"><p role=\"status\" aria-live=\"polite\" aria-atomic=\"true\"><\/p> <ul><\/ul><\/div>\n<form action=\"\/pl\/wp-json\/wp\/v2\/pages\/18251#wpcf7-f13762-o1\" method=\"post\" class=\"wpcf7-form init\" aria-label=\"Formularz kontaktowy\" novalidate=\"novalidate\" data-status=\"init\" data-trp-original-action=\"\/pl\/wp-json\/wp\/v2\/pages\/18251#wpcf7-f13762-o1\">\n<fieldset class=\"hidden-fields-container\"><input type=\"hidden\" name=\"_wpcf7\" value=\"13762\" \/><input type=\"hidden\" name=\"_wpcf7_version\" value=\"6.1.5\" \/><input type=\"hidden\" name=\"_wpcf7_locale\" value=\"en_GB\" \/><input type=\"hidden\" name=\"_wpcf7_unit_tag\" value=\"wpcf7-f13762-o1\" \/><input type=\"hidden\" name=\"_wpcf7_container_post\" value=\"0\" \/><input type=\"hidden\" name=\"_wpcf7_posted_data_hash\" value=\"\" \/>\n<\/fieldset>\n<p><label><span class=\"wpcf7-form-control-wrap\" data-name=\"your-name\"><input size=\"40\" maxlength=\"400\" class=\"wpcf7-form-control wpcf7-text wpcf7-validates-as-required wpctf7-my-custom-class\" aria-required=\"true\" aria-invalid=\"false\" placeholder=\"Imi\u0119 i nazwisko\" value=\"\" type=\"text\" name=\"your-name\" \/><\/span><\/label>\n<\/p>\n<p><span class=\"wpcf7-form-control-wrap\" data-name=\"email\"><input size=\"40\" maxlength=\"400\" class=\"wpcf7-form-control wpcf7-email wpcf7-validates-as-required wpcf7-text wpcf7-validates-as-email wpctf7-my-custom-class\" aria-required=\"true\" aria-invalid=\"false\" placeholder=\"E-mail*.\" value=\"\" type=\"email\" name=\"email\" \/><\/span>\n<\/p>\n<p><div class=\"cf7-cf-turnstile\" style=\"margin-top: 0px; margin-bottom: -15px;\"> <div id=\"cf-turnstile-cf7-1541254788\" class=\"cf-turnstile\" data-sitekey=\"0x4AAAAAAB8YGArd9ML-HbMW\" data-theme=\"light\" data-language=\"auto\" data-size=\"normal\" data-retry=\"auto\" data-retry-interval=\"1000\" data-refresh-expired=\"auto\" data-action=\"contact-form-7\" data-appearance=\"always\"><\/div> <script>document.addEventListener(\"DOMContentLoaded\", function() { setTimeout(function(){ var e=document.getElementById(\"cf-turnstile-cf7-1541254788\"); e&&!e.innerHTML.trim()&&(turnstile.remove(\"#cf-turnstile-cf7-1541254788\"), turnstile.render(\"#cf-turnstile-cf7-1541254788\", {sitekey:\"0x4AAAAAAB8YGArd9ML-HbMW\"})); }, 100); });<\/script> <br class=\"cf-turnstile-br cf-turnstile-br-cf7-1541254788\"> <style>#cf-turnstile-cf7-1541254788 { margin-left: -15px; }<\/style> <script>document.addEventListener(\"DOMContentLoaded\",function(){document.querySelectorAll('.wpcf7-form').forEach(function(e){e.addEventListener('submit',function(){if(document.getElementById('cf-turnstile-cf7-1541254788')){setTimeout(function(){turnstile.reset('#cf-turnstile-cf7-1541254788');},1000)}})})});<\/script> <\/div><br\/><input class=\"wpcf7-form-control wpcf7-submit has-spinner\" type=\"submit\" value=\"Wskaz\u00f3wki dotycz\u0105ce zamawiania\" \/>\n<\/p><div class=\"wpcf7-response-output\" aria-hidden=\"true\"><\/div>\n<input type=\"hidden\" name=\"trp-form-language\" value=\"pl\"\/><\/form>\n<\/div>\n\n\t<p>Szukasz <a href=\"https:\/\/suresms.com\/pl\/integracje\/automatyzacja-marketingu\/\">Integracja SMS<\/a> dla swojego oprogramowania do automatyzacji marketingu? W takim razie trafi\u0142e\u015b we w\u0142a\u015bciwe miejsce. SureSMS to bramka SMS z bezpo\u015brednim po\u0142\u0105czeniem ze wszystkimi operatorami telefonicznymi w Danii i ponad 1900 operatorami na ca\u0142ym \u015bwiecie.<\/p>\n<p>Nasza platforma SMS ma bezpo\u015bredni\u0105 integracj\u0119 z MailChimp, dzi\u0119ki czemu mo\u017cesz zarz\u0105dza\u0107 ca\u0142\u0105 automatyzacj\u0105 w jednym miejscu - w tym komunikacj\u0105 SMS.<\/p>\n\t\t<h3>Czym jest mailchimp?<\/h3><p>Mailchimp to kompleksowa platforma marketingowa, kt\u00f3ra pomaga firmom automatyzowa\u0107 i zarz\u0105dza\u0107 kampaniami e-mailowymi i komunikacj\u0105. Platforma oferuje \u0142atwe w u\u017cyciu narz\u0119dzia do projektowania wiadomo\u015bci e-mail, ukierunkowanej segmentacji klient\u00f3w i szczeg\u00f3\u0142owej analizy wynik\u00f3w kampanii.<\/p>\n<p>USP Mailchimp obejmuje intuicyjny interfejs typu \"przeci\u0105gnij i upu\u015b\u0107\", opcje integracji z wieloma narz\u0119dziami innych firm oraz zaawansowane funkcje automatyzacji, kt\u00f3re u\u0142atwiaj\u0105 personalizacj\u0119 tre\u015bci dla r\u00f3\u017cnych odbiorc\u00f3w.<\/p>\n<p>Ponadto Mailchimp oferuje elastyczne plany subskrypcji dostosowane zar\u00f3wno do ma\u0142ych, jak i du\u017cych firm, dzi\u0119ki czemu jest dost\u0119pnym narz\u0119dziem dla ka\u017cdego rodzaju dzia\u0142alno\u015bci.<\/p>\n\t\t\t\t<img loading=\"lazy\" decoding=\"async\" src=\"https:\/\/suresms.com\/wp-content\/uploads\/2024\/08\/MailchimpSureSMS-sqare-1.png\" alt=\"mailchimp+suresms - square\" itemprop=\"image\" height=\"340\" width=\"453\" title=\"Mailchimp+SureSMS - sqare\" onerror=\"this.style.display='none'\"  \/>\n\t\t<h3>Dlaczego warto korzysta\u0107 z integracji SMS dla MailChimp?<\/h3><p>Zdecydowana wi\u0119kszo\u015b\u0107 u\u017cytkownik\u00f3w MailChimp wybra\u0142a ten system automatyzacji marketingu, poniewa\u017c oferuje on bogactwo opcji i funkcji w zakresie automatyzacji marketingu, marketingu e-mailowego, generowania lead\u00f3w, punktacji lead\u00f3w, \u015bledzenia witryn i wielu innych.<\/p>\n\t<p>Chocia\u017c MailChimp reklamuje si\u0119 mo\u017cliwo\u015bci\u0105 wysy\u0142ania SMS-\u00f3w bezpo\u015brednio w systemie, mamy z\u0142e wie\u015bci dla tych z Was, kt\u00f3rzy prowadz\u0105 marketing na rynku du\u0144skim i skandynawskim: <a href=\"https:\/\/mailchimp.com\/help\/about-sms-marketing\/\" target=\"_blank\" rel=\"noopener\">MailChimp nie mo\u017ce wysy\u0142a\u0107 wiadomo\u015bci SMS w Danii<\/a>. Przynajmniej jeszcze nie teraz, ale mo\u017ce pewnego dnia b\u0119dzie to mo\u017cliwe.<\/p>\n<p>Musisz r\u00f3wnie\u017c przej\u015b\u0107 przez stosunkowo skomplikowany proces autoryzacji, zanim b\u0119dziesz m\u00f3g\u0142 wysy\u0142a\u0107 wiadomo\u015bci SMS z systemu, poniewa\u017c ma on szereg wymaga\u0144.<\/p>\n<p>Dobr\u0105 wiadomo\u015bci\u0105 jest to, \u017ce MailChimp ch\u0119tnie integruje si\u0119 z systemami innych firm, takimi jak SureSMS. Przeprowadzili\u015bmy ju\u017c tak\u0105 integracj\u0119 wiele razy i z przyjemno\u015bci\u0105 pomo\u017cemy Ci r\u00f3wnie\u017c w Twoim przypadku.<\/p>\n\t\t<h2>Konfiguracja wiadomo\u015bci SMS z MailChimp<\/h2><p>Mo\u017cliwe jest utworzenie integracji SMS mi\u0119dzy MailChimp i SureSMS, aby wysy\u0142a\u0107 wiadomo\u015bci SMS bezpo\u015brednio z MailChimp, ale nadal za po\u015brednictwem naszego interfejsu API SMS. Dzi\u0119ki takiemu rozwi\u0105zaniu nadal masz funkcje raportowania w SureSMS, ale wiadomo\u015bci s\u0105 wysy\u0142ane z MailChimp.<\/p>\n<p>Odbywa si\u0119 to za pomoc\u0105 funkcji MailChimp o nazwie Webhooks. Przeczytaj poni\u017cej, jak j\u0105 skonfigurowa\u0107.<\/p>","protected":false},"excerpt":{"rendered":"<p>Wysy\u0142aj SMS-y bezpo\u015brednio z MailChimp Instrukcje dotycz\u0105ce konfiguracji MailChimp SMS Szukasz integracji SMS dla swojego oprogramowania do automatyzacji marketingu? W takim razie trafi\u0142e\u015b we w\u0142a\u015bciwe miejsce. SureSMS to bramka SMS z bezpo\u015brednim po\u0142\u0105czeniem ze wszystkimi operatorami telefonicznymi w Danii i ponad 1900 operatorami na ca\u0142ym \u015bwiecie. Nasza platforma SMS ma ... <a title=\"Integracja SMS dla MailChimp\" class=\"read-more\" href=\"https:\/\/suresms.com\/pl\/integrationer\/marketing-automation\/mailchimp\/\" aria-label=\"Dowiedz si\u0119 wi\u0119cej o integracji SMS dla MailChimp\">Dowiedz si\u0119 wi\u0119cej<\/a><\/p>","protected":false},"author":1,"featured_media":0,"parent":13367,"menu_order":1,"comment_status":"closed","ping_status":"closed","template":"","meta":{"_fl_builder_enabled":"1","_fl_builder_data":null,"_fl_builder_draft":null,"_fl_builder_data_settings":null,"_fl_builder_css":"","_fl_builder_css_version":"","_fl_builder_js":"","footnotes":""},"categories":[],"tags":[],"class_list":["post-18251","page","type-page","status-publish"],"yoast_head":"<!-- This site is optimized with the Yoast SEO Premium plugin v27.3 (Yoast SEO v27.3) - https:\/\/yoast.com\/product\/yoast-seo-premium-wordpress\/ -->\r\n<title>MailChimp SMS l\u00f8sning til danske og nordiske kunder<\/title>\r\n<meta name=\"description\" content=\"Integrer SMS i MailChimp i dag. Gratis konto, nem ops\u00e6tning, kom hurtigt i gang med at skabe v\u00e6rdifulde automations og kampagner! En \u00e5bningsrate p\u00e5 98 %.\" \/>\r\n<meta name=\"robots\" content=\"index, follow, max-snippet:-1, max-image-preview:large, max-video-preview:-1\" \/>\r\n<link rel=\"canonical\" href=\"https:\/\/suresms.com\/pl\/integracje\/automatyzacja-marketingu\/mailchimp\/\" \/>\r\n<meta property=\"og:locale\" content=\"pl_PL\" \/>\r\n<meta property=\"og:type\" content=\"article\" \/>\r\n<meta property=\"og:title\" content=\"SMS integration til MailChimp\" \/>\r\n<meta property=\"og:description\" content=\"Integrer SMS i MailChimp i dag. Gratis konto, nem ops\u00e6tning, kom hurtigt i gang med at skabe v\u00e6rdifulde automations og kampagner! En \u00e5bningsrate p\u00e5 98 %.\" \/>\r\n<meta property=\"og:url\" content=\"https:\/\/suresms.com\/pl\/integracje\/automatyzacja-marketingu\/mailchimp\/\" \/>\r\n<meta property=\"article:publisher\" content=\"https:\/\/www.facebook.com\/p\/SureSMS-100044607956149\/\" \/>\r\n<meta property=\"article:modified_time\" content=\"2025-01-04T23:03:07+00:00\" \/>\r\n<meta property=\"og:image\" content=\"https:\/\/suresms.com\/wp-content\/uploads\/2024\/08\/MailchimpSureSMS-1.png\" \/>\r\n<meta name=\"twitter:card\" content=\"summary_large_image\" \/>\r\n<meta name=\"twitter:label1\" content=\"Szacowany czas czytania\" \/>\n\t<meta name=\"twitter:data1\" content=\"9 minut\" \/>\r\n<script type=\"application\/ld+json\" class=\"yoast-schema-graph\">{\"@context\":\"https:\\\/\\\/schema.org\",\"@graph\":[{\"@type\":\"WebPage\",\"@id\":\"https:\\\/\\\/suresms.com\\\/dk\\\/integrationer\\\/marketing-automation\\\/mailchimp\\\/\",\"url\":\"https:\\\/\\\/suresms.com\\\/dk\\\/integrationer\\\/marketing-automation\\\/mailchimp\\\/\",\"name\":\"MailChimp SMS l\u00f8sning til danske og nordiske kunder\",\"isPartOf\":{\"@id\":\"https:\\\/\\\/suresms.com\\\/en\\\/#website\"},\"primaryImageOfPage\":{\"@id\":\"https:\\\/\\\/suresms.com\\\/dk\\\/integrationer\\\/marketing-automation\\\/mailchimp\\\/#primaryimage\"},\"image\":{\"@id\":\"https:\\\/\\\/suresms.com\\\/dk\\\/integrationer\\\/marketing-automation\\\/mailchimp\\\/#primaryimage\"},\"thumbnailUrl\":\"https:\\\/\\\/suresms.com\\\/wp-content\\\/uploads\\\/2024\\\/08\\\/MailchimpSureSMS-1.png\",\"datePublished\":\"2024-08-14T05:53:04+00:00\",\"dateModified\":\"2025-01-04T23:03:07+00:00\",\"description\":\"Integrer SMS i MailChimp i dag. Gratis konto, nem ops\u00e6tning, kom hurtigt i gang med at skabe v\u00e6rdifulde automations og kampagner! En \u00e5bningsrate p\u00e5 98 %.\",\"breadcrumb\":{\"@id\":\"https:\\\/\\\/suresms.com\\\/dk\\\/integrationer\\\/marketing-automation\\\/mailchimp\\\/#breadcrumb\"},\"inLanguage\":\"pl-PL\",\"potentialAction\":[{\"@type\":\"ReadAction\",\"target\":[\"https:\\\/\\\/suresms.com\\\/dk\\\/integrationer\\\/marketing-automation\\\/mailchimp\\\/\"]}]},{\"@type\":\"ImageObject\",\"inLanguage\":\"pl-PL\",\"@id\":\"https:\\\/\\\/suresms.com\\\/dk\\\/integrationer\\\/marketing-automation\\\/mailchimp\\\/#primaryimage\",\"url\":\"https:\\\/\\\/suresms.com\\\/wp-content\\\/uploads\\\/2024\\\/08\\\/MailchimpSureSMS-1.png\",\"contentUrl\":\"https:\\\/\\\/suresms.com\\\/wp-content\\\/uploads\\\/2024\\\/08\\\/MailchimpSureSMS-1.png\"},{\"@type\":\"BreadcrumbList\",\"@id\":\"https:\\\/\\\/suresms.com\\\/dk\\\/integrationer\\\/marketing-automation\\\/mailchimp\\\/#breadcrumb\",\"itemListElement\":[{\"@type\":\"ListItem\",\"position\":1,\"name\":\"Home\",\"item\":\"https:\\\/\\\/suresms.com\\\/dk\\\/\"},{\"@type\":\"ListItem\",\"position\":2,\"name\":\"Integrationer\",\"item\":\"https:\\\/\\\/suresms.com\\\/dk\\\/integrationer\\\/\"},{\"@type\":\"ListItem\",\"position\":3,\"name\":\"SMS integration til Marketing Automation\",\"item\":\"https:\\\/\\\/suresms.com\\\/dk\\\/integrationer\\\/marketing-automation\\\/\"},{\"@type\":\"ListItem\",\"position\":4,\"name\":\"SMS integration til MailChimp\"}]},{\"@type\":\"WebSite\",\"@id\":\"https:\\\/\\\/suresms.com\\\/en\\\/#website\",\"url\":\"https:\\\/\\\/suresms.com\\\/en\\\/\",\"name\":\"SureSMS\",\"description\":\"Professionel SMS Gateway\",\"publisher\":{\"@id\":\"https:\\\/\\\/suresms.com\\\/en\\\/#organization\"},\"potentialAction\":[{\"@type\":\"SearchAction\",\"target\":{\"@type\":\"EntryPoint\",\"urlTemplate\":\"https:\\\/\\\/suresms.com\\\/en\\\/?s={search_term_string}\"},\"query-input\":{\"@type\":\"PropertyValueSpecification\",\"valueRequired\":true,\"valueName\":\"search_term_string\"}}],\"inLanguage\":\"pl-PL\"},{\"@type\":\"Organization\",\"@id\":\"https:\\\/\\\/suresms.com\\\/en\\\/#organization\",\"name\":\"SureSMS\",\"url\":\"https:\\\/\\\/suresms.com\\\/en\\\/\",\"logo\":{\"@type\":\"ImageObject\",\"inLanguage\":\"pl-PL\",\"@id\":\"https:\\\/\\\/suresms.com\\\/en\\\/#\\\/schema\\\/logo\\\/image\\\/\",\"url\":\"https:\\\/\\\/suresms.com\\\/wp-content\\\/uploads\\\/2024\\\/11\\\/suresms-300x65-1.png\",\"contentUrl\":\"https:\\\/\\\/suresms.com\\\/wp-content\\\/uploads\\\/2024\\\/11\\\/suresms-300x65-1.png\",\"width\":300,\"height\":65,\"caption\":\"SureSMS\"},\"image\":{\"@id\":\"https:\\\/\\\/suresms.com\\\/en\\\/#\\\/schema\\\/logo\\\/image\\\/\"},\"sameAs\":[\"https:\\\/\\\/www.facebook.com\\\/p\\\/SureSMS-100044607956149\\\/\"]}]}<\/script>\r\n<!-- \/ Yoast SEO Premium plugin. -->","yoast_head_json":{"title":"Rozwi\u0105zanie MailChimp SMS dla du\u0144skich i skandynawskich klient\u00f3w","description":"Zintegruj SMS z MailChimp ju\u017c dzi\u015b. Darmowe konto, \u0142atwa konfiguracja, szybkie rozpocz\u0119cie tworzenia warto\u015bciowych automatyzacji i kampanii! Wsp\u00f3\u0142czynnik otwar\u0107 na poziomie 98 %.","robots":{"index":"index","follow":"follow","max-snippet":"max-snippet:-1","max-image-preview":"max-image-preview:large","max-video-preview":"max-video-preview:-1"},"canonical":"https:\/\/suresms.com\/pl\/integracje\/automatyzacja-marketingu\/mailchimp\/","og_locale":"pl_PL","og_type":"article","og_title":"SMS integration til MailChimp","og_description":"Integrer SMS i MailChimp i dag. Gratis konto, nem ops\u00e6tning, kom hurtigt i gang med at skabe v\u00e6rdifulde automations og kampagner! En \u00e5bningsrate p\u00e5 98 %.","og_url":"https:\/\/suresms.com\/pl\/integracje\/automatyzacja-marketingu\/mailchimp\/","article_publisher":"https:\/\/www.facebook.com\/p\/SureSMS-100044607956149\/","article_modified_time":"2025-01-04T23:03:07+00:00","og_image":[{"url":"https:\/\/suresms.com\/wp-content\/uploads\/2024\/08\/MailchimpSureSMS-1.png","type":"","width":"","height":""}],"twitter_card":"summary_large_image","twitter_misc":{"Szacowany czas czytania":"9 minut"},"schema":{"@context":"https:\/\/schema.org","@graph":[{"@type":"WebPage","@id":"https:\/\/suresms.com\/dk\/integrationer\/marketing-automation\/mailchimp\/","url":"https:\/\/suresms.com\/dk\/integrationer\/marketing-automation\/mailchimp\/","name":"Rozwi\u0105zanie MailChimp SMS dla du\u0144skich i skandynawskich klient\u00f3w","isPartOf":{"@id":"https:\/\/suresms.com\/en\/#website"},"primaryImageOfPage":{"@id":"https:\/\/suresms.com\/dk\/integrationer\/marketing-automation\/mailchimp\/#primaryimage"},"image":{"@id":"https:\/\/suresms.com\/dk\/integrationer\/marketing-automation\/mailchimp\/#primaryimage"},"thumbnailUrl":"https:\/\/suresms.com\/wp-content\/uploads\/2024\/08\/MailchimpSureSMS-1.png","datePublished":"2024-08-14T05:53:04+00:00","dateModified":"2025-01-04T23:03:07+00:00","description":"Zintegruj SMS z MailChimp ju\u017c dzi\u015b. Darmowe konto, \u0142atwa konfiguracja, szybkie rozpocz\u0119cie tworzenia warto\u015bciowych automatyzacji i kampanii! Wsp\u00f3\u0142czynnik otwar\u0107 na poziomie 98 %.","breadcrumb":{"@id":"https:\/\/suresms.com\/dk\/integrationer\/marketing-automation\/mailchimp\/#breadcrumb"},"inLanguage":"pl-PL","potentialAction":[{"@type":"ReadAction","target":["https:\/\/suresms.com\/dk\/integrationer\/marketing-automation\/mailchimp\/"]}]},{"@type":"ImageObject","inLanguage":"pl-PL","@id":"https:\/\/suresms.com\/dk\/integrationer\/marketing-automation\/mailchimp\/#primaryimage","url":"https:\/\/suresms.com\/wp-content\/uploads\/2024\/08\/MailchimpSureSMS-1.png","contentUrl":"https:\/\/suresms.com\/wp-content\/uploads\/2024\/08\/MailchimpSureSMS-1.png"},{"@type":"BreadcrumbList","@id":"https:\/\/suresms.com\/dk\/integrationer\/marketing-automation\/mailchimp\/#breadcrumb","itemListElement":[{"@type":"ListItem","position":1,"name":"Home","item":"https:\/\/suresms.com\/dk\/"},{"@type":"ListItem","position":2,"name":"Integrationer","item":"https:\/\/suresms.com\/dk\/integrationer\/"},{"@type":"ListItem","position":3,"name":"SMS integration til Marketing Automation","item":"https:\/\/suresms.com\/dk\/integrationer\/marketing-automation\/"},{"@type":"ListItem","position":4,"name":"SMS integration til MailChimp"}]},{"@type":"WebSite","@id":"https:\/\/suresms.com\/en\/#website","url":"https:\/\/suresms.com\/en\/","name":"SureSMS","description":"Profesjonalna bramka SMS","publisher":{"@id":"https:\/\/suresms.com\/en\/#organization"},"potentialAction":[{"@type":"SearchAction","target":{"@type":"EntryPoint","urlTemplate":"https:\/\/suresms.com\/en\/?s={search_term_string}"},"query-input":{"@type":"PropertyValueSpecification","valueRequired":true,"valueName":"search_term_string"}}],"inLanguage":"pl-PL"},{"@type":"Organization","@id":"https:\/\/suresms.com\/en\/#organization","name":"SureSMS","url":"https:\/\/suresms.com\/en\/","logo":{"@type":"ImageObject","inLanguage":"pl-PL","@id":"https:\/\/suresms.com\/en\/#\/schema\/logo\/image\/","url":"https:\/\/suresms.com\/wp-content\/uploads\/2024\/11\/suresms-300x65-1.png","contentUrl":"https:\/\/suresms.com\/wp-content\/uploads\/2024\/11\/suresms-300x65-1.png","width":300,"height":65,"caption":"SureSMS"},"image":{"@id":"https:\/\/suresms.com\/en\/#\/schema\/logo\/image\/"},"sameAs":["https:\/\/www.facebook.com\/p\/SureSMS-100044607956149\/"]}]}},"_links":{"self":[{"href":"https:\/\/suresms.com\/pl\/wp-json\/wp\/v2\/pages\/18251","targetHints":{"allow":["GET"]}}],"collection":[{"href":"https:\/\/suresms.com\/pl\/wp-json\/wp\/v2\/pages"}],"about":[{"href":"https:\/\/suresms.com\/pl\/wp-json\/wp\/v2\/types\/page"}],"author":[{"embeddable":true,"href":"https:\/\/suresms.com\/pl\/wp-json\/wp\/v2\/users\/1"}],"replies":[{"embeddable":true,"href":"https:\/\/suresms.com\/pl\/wp-json\/wp\/v2\/comments?post=18251"}],"version-history":[{"count":5,"href":"https:\/\/suresms.com\/pl\/wp-json\/wp\/v2\/pages\/18251\/revisions"}],"predecessor-version":[{"id":19723,"href":"https:\/\/suresms.com\/pl\/wp-json\/wp\/v2\/pages\/18251\/revisions\/19723"}],"up":[{"embeddable":true,"href":"https:\/\/suresms.com\/pl\/wp-json\/wp\/v2\/pages\/13367"}],"wp:attachment":[{"href":"https:\/\/suresms.com\/pl\/wp-json\/wp\/v2\/media?parent=18251"}],"wp:term":[{"taxonomy":"category","embeddable":true,"href":"https:\/\/suresms.com\/pl\/wp-json\/wp\/v2\/categories?post=18251"},{"taxonomy":"post_tag","embeddable":true,"href":"https:\/\/suresms.com\/pl\/wp-json\/wp\/v2\/tags?post=18251"}],"curies":[{"name":"wp","href":"https:\/\/api.w.org\/{rel}","templated":true}]}}