{"id":18233,"date":"2024-08-07T16:55:17","date_gmt":"2024-08-07T14:55:17","guid":{"rendered":"https:\/\/www.suresms.com\/dk\/?page_id=18233"},"modified":"2025-01-04T22:55:27","modified_gmt":"2025-01-04T22:55:27","slug":"gohighlevel","status":"publish","type":"page","link":"https:\/\/suresms.com\/pl\/integrationer\/marketing-automation\/gohighlevel\/","title":{"rendered":"Integracja SMS dla GoHighLevel"},"content":{"rendered":"<!-- Flexy Breadcrumb -->\r\n\t\t\t<div class=\"fbc fbc-page\">\r\n\r\n\t\t\t\t<!-- Breadcrumb wrapper -->\r\n\t\t\t\t<div class=\"fbc-wrap\">\r\n\r\n\t\t\t\t\t<!-- Ordered list-->\r\n\t\t\t\t\t<ol class=\"fbc-items\" itemscope itemtype=\"https:\/\/schema.org\/BreadcrumbList\">\r\n\t\t\t\t\t\t            <li itemprop=\"itemListElement\" itemscope itemtype=\"https:\/\/schema.org\/ListItem\">\r\n                <span itemprop=\"name\">\r\n                    <!-- Home Link -->\r\n                    <a itemprop=\"item\" href=\"https:\/\/suresms.com\/pl\/\">\r\n                    \r\n                                                    <i class=\"fa fa-home\" aria-hidden=\"true\"><\/i>Strona g\u0142\u00f3wna                    <\/a>\r\n                <\/span>\r\n                <meta itemprop=\"position\" content=\"1\" \/><!-- Meta Position-->\r\n             <\/li><li><span class=\"fbc-separator\">\/<\/span><\/li><li class=\"active\" itemprop=\"itemListElement\" itemscope itemtype=\"https:\/\/schema.org\/ListItem\"><span itemprop=\"name\" title=\"Integracja SMS dla GoHighLevel\">Integracja SMS dla GoHighLevel<\/span><meta itemprop=\"position\" content=\"2\" \/><\/li>\t\t\t\t\t<\/ol>\r\n\t\t\t\t\t<div class=\"clearfix\"><\/div>\r\n\t\t\t\t<\/div>\r\n\t\t\t<\/div>\r\n\t\t\t\n\t\t\t\t<img loading=\"lazy\" decoding=\"async\" src=\"https:\/\/suresms.com\/wp-content\/uploads\/2024\/08\/GoHighLevel-og-SureSMS-1.png\" alt=\"GoHighLevel+SureSMS\" itemprop=\"image\" height=\"200\" width=\"980\" title=\"GoHighLevel i SureSMS\" onerror=\"this.style.display='none'\"  \/>\n\t<p><strong>Wysy\u0142aj wiadomo\u015bci SMS bezpo\u015brednio z przep\u0142yw\u00f3w GoHighLevel.<\/strong><\/p>\n\t<p>Popro\u015b o instrukcje dotycz\u0105ce konfiguracji GoHighLevel SMS<\/p>\n\n<div class=\"wpcf7 no-js\" id=\"wpcf7-f13762-o1\" lang=\"en-GB\" dir=\"ltr\" data-wpcf7-id=\"13762\">\n<div class=\"screen-reader-response\"><p role=\"status\" aria-live=\"polite\" aria-atomic=\"true\"><\/p> <ul><\/ul><\/div>\n<form action=\"\/pl\/wp-json\/wp\/v2\/pages\/18233#wpcf7-f13762-o1\" method=\"post\" class=\"wpcf7-form init\" aria-label=\"Formularz kontaktowy\" novalidate=\"novalidate\" data-status=\"init\" data-trp-original-action=\"\/pl\/wp-json\/wp\/v2\/pages\/18233#wpcf7-f13762-o1\">\n<fieldset class=\"hidden-fields-container\"><input type=\"hidden\" name=\"_wpcf7\" value=\"13762\" \/><input type=\"hidden\" name=\"_wpcf7_version\" value=\"6.1.5\" \/><input type=\"hidden\" name=\"_wpcf7_locale\" value=\"en_GB\" \/><input type=\"hidden\" name=\"_wpcf7_unit_tag\" value=\"wpcf7-f13762-o1\" \/><input type=\"hidden\" name=\"_wpcf7_container_post\" value=\"0\" \/><input type=\"hidden\" name=\"_wpcf7_posted_data_hash\" value=\"\" \/>\n<\/fieldset>\n<p><label><span class=\"wpcf7-form-control-wrap\" data-name=\"your-name\"><input size=\"40\" maxlength=\"400\" class=\"wpcf7-form-control wpcf7-text wpcf7-validates-as-required wpctf7-my-custom-class\" aria-required=\"true\" aria-invalid=\"false\" placeholder=\"Imi\u0119 i nazwisko\" value=\"\" type=\"text\" name=\"your-name\" \/><\/span><\/label>\n<\/p>\n<p><span class=\"wpcf7-form-control-wrap\" data-name=\"email\"><input size=\"40\" maxlength=\"400\" class=\"wpcf7-form-control wpcf7-email wpcf7-validates-as-required wpcf7-text wpcf7-validates-as-email wpctf7-my-custom-class\" aria-required=\"true\" aria-invalid=\"false\" placeholder=\"E-mail*.\" value=\"\" type=\"email\" name=\"email\" \/><\/span>\n<\/p>\n<p><div class=\"cf7-cf-turnstile\" style=\"margin-top: 0px; margin-bottom: -15px;\"> <div id=\"cf-turnstile-cf7-897689372\" class=\"cf-turnstile\" data-sitekey=\"0x4AAAAAAB8YGArd9ML-HbMW\" data-theme=\"light\" data-language=\"auto\" data-size=\"normal\" data-retry=\"auto\" data-retry-interval=\"1000\" data-refresh-expired=\"auto\" data-action=\"contact-form-7\" data-appearance=\"always\"><\/div> <script>document.addEventListener(\"DOMContentLoaded\", function() { setTimeout(function(){ var e=document.getElementById(\"cf-turnstile-cf7-897689372\"); e&&!e.innerHTML.trim()&&(turnstile.remove(\"#cf-turnstile-cf7-897689372\"), turnstile.render(\"#cf-turnstile-cf7-897689372\", {sitekey:\"0x4AAAAAAB8YGArd9ML-HbMW\"})); }, 100); });<\/script> <br class=\"cf-turnstile-br cf-turnstile-br-cf7-897689372\"> <style>#cf-turnstile-cf7-897689372 { margin-left: -15px; }<\/style> <script>document.addEventListener(\"DOMContentLoaded\",function(){document.querySelectorAll('.wpcf7-form').forEach(function(e){e.addEventListener('submit',function(){if(document.getElementById('cf-turnstile-cf7-897689372')){setTimeout(function(){turnstile.reset('#cf-turnstile-cf7-897689372');},1000)}})})});<\/script> <\/div><br\/><input class=\"wpcf7-form-control wpcf7-submit has-spinner\" type=\"submit\" value=\"Wskaz\u00f3wki dotycz\u0105ce zamawiania\" \/>\n<\/p><div class=\"wpcf7-response-output\" aria-hidden=\"true\"><\/div>\n<input type=\"hidden\" name=\"trp-form-language\" value=\"pl\"\/><\/form>\n<\/div>\n\n\t\t\t\t<img loading=\"lazy\" decoding=\"async\" src=\"https:\/\/suresms.com\/wp-content\/uploads\/2021\/10\/SMS-active-Campaign-01-1.png\" alt=\"Aktywna kampania SMS 01\" itemprop=\"image\" height=\"728\" width=\"756\" title=\"Aktywna kampania SMS 01\" onerror=\"this.style.display='none'\"  \/>\n\t\t<h3>SMS w GoHighLevel - Integracja<\/h3><p>Szukasz <a href=\"https:\/\/suresms.com\/pl\/integracje\/automatyzacja-marketingu\/\">Integracja SMS<\/a> dla swojego oprogramowania do automatyzacji marketingu? W takim razie trafi\u0142e\u015b we w\u0142a\u015bciwe miejsce. SureSMS to bramka SMS z bezpo\u015brednim po\u0142\u0105czeniem ze wszystkimi operatorami telefonicznymi w Danii i ponad 1900 operatorami na ca\u0142ym \u015bwiecie.<\/p>\n<p>Nasza platforma SMS ma bezpo\u015bredni\u0105 integracj\u0119 z Klaviyo, dzi\u0119ki czemu mo\u017cesz zarz\u0105dza\u0107 ca\u0142\u0105 automatyzacj\u0105 w jednym miejscu - w tym komunikacj\u0105 SMS.<\/p>\n\t\t<h3>Czym jest GoHighLevel?<\/h3><p><a href=\"https:\/\/gohighlevel.com\" target=\"_blank\" rel=\"noopener\">GoHighLevel<\/a> to kompleksowa platforma marketingowa zaprojektowana, aby pom\u00f3c firmom w zarz\u0105dzaniu i optymalizacji dzia\u0142a\u0144 sprzeda\u017cowych i marketingowych.<\/p>\n<p>Dzi\u0119ki takim funkcjom jak CRM, e-mail marketing, SMS marketing, lejki sprzeda\u017cowe i automatyzacja, GoHighLevel oferuje narz\u0119dzia do generowania lead\u00f3w, usprawniania zarz\u0105dzania klientami i zwi\u0119kszania wsp\u00f3\u0142czynnik\u00f3w konwersji.<\/p>\n<p>Platforma jest przyjazna dla u\u017cytkownika i \u0142atwo integruje si\u0119 z innymi systemami, dzi\u0119ki czemu jest idealna zar\u00f3wno dla ma\u0142ych firm, jak i agencji marketingowych, kt\u00f3re chc\u0105 scentralizowa\u0107 swoje dzia\u0142ania marketingowe i osi\u0105gn\u0105\u0107 lepsze wyniki.<\/p>\n\t\t<h2>Jak dzia\u0142a SMS w GoHighLevel<\/h2><p>Gdy zdecydujesz si\u0119 zintegrowa\u0107 SureSMS ze swoim kontem GoHighLevel, zrobisz to za pomoc\u0105 tak zwanych webhook\u00f3w.<\/p>\n<p>Rozpocz\u0119cie pracy jest \u0142atwe. Wszystko, co musisz zrobi\u0107, to<\/p>\n<ol> \t\n<li>Utw\u00f3rz bezp\u0142atne konto pr\u00f3bne w SureSMS<\/li>\n\n<li>Tworzenie klucza API<\/li>\n\n<li>Konfigurowanie webhook\u00f3w w GoHighLevel<\/li>\n<\/ol>\n<p>Zam\u00f3w przewodnik po lewej stronie, aby uzyska\u0107 instrukcj\u0119 konfiguracji krok po kroku.<\/p>","protected":false},"excerpt":{"rendered":"<p>Wysy\u0142aj SMS-y bezpo\u015brednio z przep\u0142yw\u00f3w GoHighLevel. Zam\u00f3w instrukcje, jak skonfigurowa\u0107 GoHighLevel SMS SMS w GoHighLevel - Integracja Szukasz integracji SMS dla swojego oprogramowania do automatyzacji marketingu? W takim razie trafi\u0142e\u015b we w\u0142a\u015bciwe miejsce. SureSMS to bramka SMS z bezpo\u015brednim po\u0142\u0105czeniem ze wszystkimi firmami telekomunikacyjnymi w Danii i ponad 1900 firmami ... <a title=\"Integracja SMS dla GoHighLevel\" class=\"read-more\" href=\"https:\/\/suresms.com\/pl\/integrationer\/marketing-automation\/gohighlevel\/\" aria-label=\"Dowiedz si\u0119 wi\u0119cej o integracji SMS z GoHighLevel\">Dowiedz si\u0119 wi\u0119cej<\/a><\/p>","protected":false},"author":1,"featured_media":0,"parent":13367,"menu_order":1,"comment_status":"closed","ping_status":"closed","template":"","meta":{"_fl_builder_enabled":"1","_fl_builder_data":null,"_fl_builder_draft":null,"_fl_builder_data_settings":null,"_fl_builder_css":"","_fl_builder_css_version":"","_fl_builder_js":"","footnotes":""},"categories":[],"tags":[],"class_list":["post-18233","page","type-page","status-publish"],"yoast_head":"<!-- This site is optimized with the Yoast SEO Premium plugin v27.3 (Yoast SEO v27.3) - https:\/\/yoast.com\/product\/yoast-seo-premium-wordpress\/ -->\r\n<title>GoHighLevel SMS l\u00f8sning til danske og nordiske kunder<\/title>\r\n<meta name=\"description\" content=\"Integrer SMS i GoHighLevel i dag, og kom i gang med at skabe v\u00e6rdifulde automations og kampagner! En \u00e5bningsrate p\u00e5 98 %.\" \/>\r\n<meta name=\"robots\" content=\"index, follow, max-snippet:-1, max-image-preview:large, max-video-preview:-1\" \/>\r\n<link rel=\"canonical\" href=\"https:\/\/suresms.com\/pl\/integracje\/automatyzacja-marketingu\/gohighlevel\/\" \/>\r\n<meta property=\"og:locale\" content=\"pl_PL\" \/>\r\n<meta property=\"og:type\" content=\"article\" \/>\r\n<meta property=\"og:title\" content=\"SMS integration til GoHighLevel\" \/>\r\n<meta property=\"og:description\" content=\"Integrer SMS i GoHighLevel i dag, og kom i gang med at skabe v\u00e6rdifulde automations og kampagner! En \u00e5bningsrate p\u00e5 98 %.\" \/>\r\n<meta property=\"og:url\" content=\"https:\/\/suresms.com\/pl\/integracje\/automatyzacja-marketingu\/gohighlevel\/\" \/>\r\n<meta property=\"article:publisher\" content=\"https:\/\/www.facebook.com\/p\/SureSMS-100044607956149\/\" \/>\r\n<meta property=\"article:modified_time\" content=\"2025-01-04T22:55:27+00:00\" \/>\r\n<meta property=\"og:image\" content=\"https:\/\/suresms.com\/wp-content\/uploads\/2024\/08\/GoHighLevel-og-SureSMS-1.png\" \/>\r\n<meta name=\"twitter:card\" content=\"summary_large_image\" \/>\r\n<meta name=\"twitter:label1\" content=\"Szacowany czas czytania\" \/>\n\t<meta name=\"twitter:data1\" content=\"8 minut\" \/>\r\n<script type=\"application\/ld+json\" class=\"yoast-schema-graph\">{\"@context\":\"https:\\\/\\\/schema.org\",\"@graph\":[{\"@type\":\"WebPage\",\"@id\":\"https:\\\/\\\/suresms.com\\\/dk\\\/integrationer\\\/marketing-automation\\\/gohighlevel\\\/\",\"url\":\"https:\\\/\\\/suresms.com\\\/dk\\\/integrationer\\\/marketing-automation\\\/gohighlevel\\\/\",\"name\":\"GoHighLevel SMS l\u00f8sning til danske og nordiske kunder\",\"isPartOf\":{\"@id\":\"https:\\\/\\\/suresms.com\\\/en\\\/#website\"},\"primaryImageOfPage\":{\"@id\":\"https:\\\/\\\/suresms.com\\\/dk\\\/integrationer\\\/marketing-automation\\\/gohighlevel\\\/#primaryimage\"},\"image\":{\"@id\":\"https:\\\/\\\/suresms.com\\\/dk\\\/integrationer\\\/marketing-automation\\\/gohighlevel\\\/#primaryimage\"},\"thumbnailUrl\":\"https:\\\/\\\/suresms.com\\\/wp-content\\\/uploads\\\/2024\\\/08\\\/GoHighLevel-og-SureSMS-1.png\",\"datePublished\":\"2024-08-07T14:55:17+00:00\",\"dateModified\":\"2025-01-04T22:55:27+00:00\",\"description\":\"Integrer SMS i GoHighLevel i dag, og kom i gang med at skabe v\u00e6rdifulde automations og kampagner! En \u00e5bningsrate p\u00e5 98 %.\",\"breadcrumb\":{\"@id\":\"https:\\\/\\\/suresms.com\\\/dk\\\/integrationer\\\/marketing-automation\\\/gohighlevel\\\/#breadcrumb\"},\"inLanguage\":\"pl-PL\",\"potentialAction\":[{\"@type\":\"ReadAction\",\"target\":[\"https:\\\/\\\/suresms.com\\\/dk\\\/integrationer\\\/marketing-automation\\\/gohighlevel\\\/\"]}]},{\"@type\":\"ImageObject\",\"inLanguage\":\"pl-PL\",\"@id\":\"https:\\\/\\\/suresms.com\\\/dk\\\/integrationer\\\/marketing-automation\\\/gohighlevel\\\/#primaryimage\",\"url\":\"https:\\\/\\\/suresms.com\\\/wp-content\\\/uploads\\\/2024\\\/08\\\/GoHighLevel-og-SureSMS-1.png\",\"contentUrl\":\"https:\\\/\\\/suresms.com\\\/wp-content\\\/uploads\\\/2024\\\/08\\\/GoHighLevel-og-SureSMS-1.png\"},{\"@type\":\"BreadcrumbList\",\"@id\":\"https:\\\/\\\/suresms.com\\\/dk\\\/integrationer\\\/marketing-automation\\\/gohighlevel\\\/#breadcrumb\",\"itemListElement\":[{\"@type\":\"ListItem\",\"position\":1,\"name\":\"Home\",\"item\":\"https:\\\/\\\/suresms.com\\\/dk\\\/\"},{\"@type\":\"ListItem\",\"position\":2,\"name\":\"Integrationer\",\"item\":\"https:\\\/\\\/suresms.com\\\/dk\\\/integrationer\\\/\"},{\"@type\":\"ListItem\",\"position\":3,\"name\":\"SMS integration til Marketing Automation\",\"item\":\"https:\\\/\\\/suresms.com\\\/dk\\\/integrationer\\\/marketing-automation\\\/\"},{\"@type\":\"ListItem\",\"position\":4,\"name\":\"SMS integration til GoHighLevel\"}]},{\"@type\":\"WebSite\",\"@id\":\"https:\\\/\\\/suresms.com\\\/en\\\/#website\",\"url\":\"https:\\\/\\\/suresms.com\\\/en\\\/\",\"name\":\"SureSMS\",\"description\":\"Professionel SMS Gateway\",\"publisher\":{\"@id\":\"https:\\\/\\\/suresms.com\\\/en\\\/#organization\"},\"potentialAction\":[{\"@type\":\"SearchAction\",\"target\":{\"@type\":\"EntryPoint\",\"urlTemplate\":\"https:\\\/\\\/suresms.com\\\/en\\\/?s={search_term_string}\"},\"query-input\":{\"@type\":\"PropertyValueSpecification\",\"valueRequired\":true,\"valueName\":\"search_term_string\"}}],\"inLanguage\":\"pl-PL\"},{\"@type\":\"Organization\",\"@id\":\"https:\\\/\\\/suresms.com\\\/en\\\/#organization\",\"name\":\"SureSMS\",\"url\":\"https:\\\/\\\/suresms.com\\\/en\\\/\",\"logo\":{\"@type\":\"ImageObject\",\"inLanguage\":\"pl-PL\",\"@id\":\"https:\\\/\\\/suresms.com\\\/en\\\/#\\\/schema\\\/logo\\\/image\\\/\",\"url\":\"https:\\\/\\\/suresms.com\\\/wp-content\\\/uploads\\\/2024\\\/11\\\/suresms-300x65-1.png\",\"contentUrl\":\"https:\\\/\\\/suresms.com\\\/wp-content\\\/uploads\\\/2024\\\/11\\\/suresms-300x65-1.png\",\"width\":300,\"height\":65,\"caption\":\"SureSMS\"},\"image\":{\"@id\":\"https:\\\/\\\/suresms.com\\\/en\\\/#\\\/schema\\\/logo\\\/image\\\/\"},\"sameAs\":[\"https:\\\/\\\/www.facebook.com\\\/p\\\/SureSMS-100044607956149\\\/\"]}]}<\/script>\r\n<!-- \/ Yoast SEO Premium plugin. -->","yoast_head_json":{"title":"Rozwi\u0105zanie GoHighLevel SMS dla du\u0144skich i skandynawskich klient\u00f3w","description":"Zintegruj SMS z GoHighLevel ju\u017c dzi\u015b i zacznij tworzy\u0107 warto\u015bciowe automatyzacje i kampanie! Wsp\u00f3\u0142czynnik otwar\u0107 na poziomie 98 %.","robots":{"index":"index","follow":"follow","max-snippet":"max-snippet:-1","max-image-preview":"max-image-preview:large","max-video-preview":"max-video-preview:-1"},"canonical":"https:\/\/suresms.com\/pl\/integracje\/automatyzacja-marketingu\/gohighlevel\/","og_locale":"pl_PL","og_type":"article","og_title":"SMS integration til GoHighLevel","og_description":"Integrer SMS i GoHighLevel i dag, og kom i gang med at skabe v\u00e6rdifulde automations og kampagner! En \u00e5bningsrate p\u00e5 98 %.","og_url":"https:\/\/suresms.com\/pl\/integracje\/automatyzacja-marketingu\/gohighlevel\/","article_publisher":"https:\/\/www.facebook.com\/p\/SureSMS-100044607956149\/","article_modified_time":"2025-01-04T22:55:27+00:00","og_image":[{"url":"https:\/\/suresms.com\/wp-content\/uploads\/2024\/08\/GoHighLevel-og-SureSMS-1.png","type":"","width":"","height":""}],"twitter_card":"summary_large_image","twitter_misc":{"Szacowany czas czytania":"8 minut"},"schema":{"@context":"https:\/\/schema.org","@graph":[{"@type":"WebPage","@id":"https:\/\/suresms.com\/dk\/integrationer\/marketing-automation\/gohighlevel\/","url":"https:\/\/suresms.com\/dk\/integrationer\/marketing-automation\/gohighlevel\/","name":"Rozwi\u0105zanie GoHighLevel SMS dla du\u0144skich i skandynawskich klient\u00f3w","isPartOf":{"@id":"https:\/\/suresms.com\/en\/#website"},"primaryImageOfPage":{"@id":"https:\/\/suresms.com\/dk\/integrationer\/marketing-automation\/gohighlevel\/#primaryimage"},"image":{"@id":"https:\/\/suresms.com\/dk\/integrationer\/marketing-automation\/gohighlevel\/#primaryimage"},"thumbnailUrl":"https:\/\/suresms.com\/wp-content\/uploads\/2024\/08\/GoHighLevel-og-SureSMS-1.png","datePublished":"2024-08-07T14:55:17+00:00","dateModified":"2025-01-04T22:55:27+00:00","description":"Zintegruj SMS z GoHighLevel ju\u017c dzi\u015b i zacznij tworzy\u0107 warto\u015bciowe automatyzacje i kampanie! Wsp\u00f3\u0142czynnik otwar\u0107 na poziomie 98 %.","breadcrumb":{"@id":"https:\/\/suresms.com\/dk\/integrationer\/marketing-automation\/gohighlevel\/#breadcrumb"},"inLanguage":"pl-PL","potentialAction":[{"@type":"ReadAction","target":["https:\/\/suresms.com\/dk\/integrationer\/marketing-automation\/gohighlevel\/"]}]},{"@type":"ImageObject","inLanguage":"pl-PL","@id":"https:\/\/suresms.com\/dk\/integrationer\/marketing-automation\/gohighlevel\/#primaryimage","url":"https:\/\/suresms.com\/wp-content\/uploads\/2024\/08\/GoHighLevel-og-SureSMS-1.png","contentUrl":"https:\/\/suresms.com\/wp-content\/uploads\/2024\/08\/GoHighLevel-og-SureSMS-1.png"},{"@type":"BreadcrumbList","@id":"https:\/\/suresms.com\/dk\/integrationer\/marketing-automation\/gohighlevel\/#breadcrumb","itemListElement":[{"@type":"ListItem","position":1,"name":"Home","item":"https:\/\/suresms.com\/dk\/"},{"@type":"ListItem","position":2,"name":"Integrationer","item":"https:\/\/suresms.com\/dk\/integrationer\/"},{"@type":"ListItem","position":3,"name":"SMS integration til Marketing Automation","item":"https:\/\/suresms.com\/dk\/integrationer\/marketing-automation\/"},{"@type":"ListItem","position":4,"name":"SMS integration til GoHighLevel"}]},{"@type":"WebSite","@id":"https:\/\/suresms.com\/en\/#website","url":"https:\/\/suresms.com\/en\/","name":"SureSMS","description":"Profesjonalna bramka SMS","publisher":{"@id":"https:\/\/suresms.com\/en\/#organization"},"potentialAction":[{"@type":"SearchAction","target":{"@type":"EntryPoint","urlTemplate":"https:\/\/suresms.com\/en\/?s={search_term_string}"},"query-input":{"@type":"PropertyValueSpecification","valueRequired":true,"valueName":"search_term_string"}}],"inLanguage":"pl-PL"},{"@type":"Organization","@id":"https:\/\/suresms.com\/en\/#organization","name":"SureSMS","url":"https:\/\/suresms.com\/en\/","logo":{"@type":"ImageObject","inLanguage":"pl-PL","@id":"https:\/\/suresms.com\/en\/#\/schema\/logo\/image\/","url":"https:\/\/suresms.com\/wp-content\/uploads\/2024\/11\/suresms-300x65-1.png","contentUrl":"https:\/\/suresms.com\/wp-content\/uploads\/2024\/11\/suresms-300x65-1.png","width":300,"height":65,"caption":"SureSMS"},"image":{"@id":"https:\/\/suresms.com\/en\/#\/schema\/logo\/image\/"},"sameAs":["https:\/\/www.facebook.com\/p\/SureSMS-100044607956149\/"]}]}},"_links":{"self":[{"href":"https:\/\/suresms.com\/pl\/wp-json\/wp\/v2\/pages\/18233","targetHints":{"allow":["GET"]}}],"collection":[{"href":"https:\/\/suresms.com\/pl\/wp-json\/wp\/v2\/pages"}],"about":[{"href":"https:\/\/suresms.com\/pl\/wp-json\/wp\/v2\/types\/page"}],"author":[{"embeddable":true,"href":"https:\/\/suresms.com\/pl\/wp-json\/wp\/v2\/users\/1"}],"replies":[{"embeddable":true,"href":"https:\/\/suresms.com\/pl\/wp-json\/wp\/v2\/comments?post=18233"}],"version-history":[{"count":3,"href":"https:\/\/suresms.com\/pl\/wp-json\/wp\/v2\/pages\/18233\/revisions"}],"predecessor-version":[{"id":19612,"href":"https:\/\/suresms.com\/pl\/wp-json\/wp\/v2\/pages\/18233\/revisions\/19612"}],"up":[{"embeddable":true,"href":"https:\/\/suresms.com\/pl\/wp-json\/wp\/v2\/pages\/13367"}],"wp:attachment":[{"href":"https:\/\/suresms.com\/pl\/wp-json\/wp\/v2\/media?parent=18233"}],"wp:term":[{"taxonomy":"category","embeddable":true,"href":"https:\/\/suresms.com\/pl\/wp-json\/wp\/v2\/categories?post=18233"},{"taxonomy":"post_tag","embeddable":true,"href":"https:\/\/suresms.com\/pl\/wp-json\/wp\/v2\/tags?post=18233"}],"curies":[{"name":"wp","href":"https:\/\/api.w.org\/{rel}","templated":true}]}}