{"id":18224,"date":"2024-08-05T09:41:36","date_gmt":"2024-08-05T07:41:36","guid":{"rendered":"https:\/\/www.suresms.com\/dk\/?page_id=18224"},"modified":"2025-06-04T13:54:10","modified_gmt":"2025-06-04T13:54:10","slug":"skrzynka-nadawcza","status":"publish","type":"page","link":"https:\/\/suresms.com\/pl\/docs\/message\/outbox\/","title":{"rendered":"Skrzynka nadawcza"},"content":{"rendered":"<!-- Flexy Breadcrumb -->\r\n\t\t\t<div class=\"fbc fbc-page\">\r\n\r\n\t\t\t\t<!-- Breadcrumb wrapper -->\r\n\t\t\t\t<div class=\"fbc-wrap\">\r\n\r\n\t\t\t\t\t<!-- Ordered list-->\r\n\t\t\t\t\t<ol class=\"fbc-items\" itemscope itemtype=\"https:\/\/schema.org\/BreadcrumbList\">\r\n\t\t\t\t\t\t            <li itemprop=\"itemListElement\" itemscope itemtype=\"https:\/\/schema.org\/ListItem\">\r\n                <span itemprop=\"name\">\r\n                    <!-- Home Link -->\r\n                    <a itemprop=\"item\" href=\"https:\/\/suresms.com\/pl\/\">\r\n                    \r\n                                                    <i class=\"fa fa-home\" aria-hidden=\"true\"><\/i>Strona g\u0142\u00f3wna                    <\/a>\r\n                <\/span>\r\n                <meta itemprop=\"position\" content=\"1\" \/><!-- Meta Position-->\r\n             <\/li><li><span class=\"fbc-separator\">\/<\/span><\/li><li class=\"active\" itemprop=\"itemListElement\" itemscope itemtype=\"https:\/\/schema.org\/ListItem\"><span itemprop=\"name\" title=\"Skrzynka nadawcza\">Skrzynka nadawcza<\/span><meta itemprop=\"position\" content=\"2\" \/><\/li>\t\t\t\t\t<\/ol>\r\n\t\t\t\t\t<div class=\"clearfix\"><\/div>\r\n\t\t\t\t<\/div>\r\n\t\t\t<\/div>\r\n\t\t\t\n<h1>\n\t\t\tTaca wyj\u015bciowa\t<\/h1>\n\t<p>Poni\u017cej mo\u017cesz przeczyta\u0107 o skrzynce nadawczej i informacjach, kt\u00f3re mo\u017cesz przegl\u0105da\u0107 i filtrowa\u0107.<\/p>\n<h2>\n\t\t\tSkrzynka nadawcza\t<\/h2>\n\t<p>Skrzynka nadawcza zawiera wiadomo\u015bci, kt\u00f3re zosta\u0142y wys\u0142ane lub s\u0105 gotowe do wys\u0142ania. Zasadniczo wygl\u0105da to tak. Poni\u017cej znajduje si\u0119 kr\u00f3tki film opisuj\u0105cy dzia\u0142anie skrzynki nadawczej. Mo\u017cesz r\u00f3wnie\u017c przeczyta\u0107 o ka\u017cdym punkcie poni\u017cej.<\/p>\n\t\t\t\t\t<video src=\"https:\/\/suresms.com\/wp-content\/uploads\/2024\/08\/Dokumentation-Udbakken-1.mp4\" alt=\"hosted-video-thumbnail\"><\/video>\n\t\t<h2>\n\t\t\tKolumny\t<\/h2>\n\t<p><em>Do numeru:\u00a0<\/em>Zawiera numer, na kt\u00f3ry wysy\u0142ana jest wiadomo\u015b\u0107.<\/p>\n<p><em>Wiadomo\u015b\u0107:\u00a0<\/em>Rzeczywista wiadomo\u015b\u0107, kt\u00f3ra zosta\u0142a wys\u0142ana. Nale\u017cy pami\u0119ta\u0107, \u017ce tekst niekoniecznie odzwierciedla wygl\u0105d tekstu na telefonie. Telefony mog\u0105 r\u00f3\u017cnie formatowa\u0107 wiadomo\u015bci, wi\u0119c ich wygl\u0105d zale\u017cy od telefonu odbiorcy.<\/p>\n<p><em>Czas: <\/em>Jest to albo czas wys\u0142ania wiadomo\u015bci, albo czas zaplanowanego wys\u0142ania.<\/p>\n<p><em>Wy\u015blij: <\/em>Kliknij ikon\u0119, aby szybko przej\u015b\u0107 do\u00a0<a href=\"https:\/\/suresms.com\/pl\/dokumenty\/wiadomosc\/newmessage\/\"><em>Nowa wiadomo\u015b\u0107<\/em><\/a> i wys\u0142a\u0107 now\u0105 wiadomo\u015b\u0107 do tego samego odbiorcy.<\/p>\n<p><em>OK<\/em>Wizualny opis statusu wiadomo\u015bci. Je\u015bli jest zielony, oznacza to, \u017ce wiadomo\u015b\u0107 zosta\u0142a wys\u0142ana. Je\u015bli jest \u017c\u00f3\u0142ty, oznacza to, \u017ce wiadomo\u015b\u0107 jest w drodze. Je\u015bli jest czerwona, oznacza to, \u017ce wiadomo\u015b\u0107 nie mo\u017ce zosta\u0107 dostarczona. Niebieska strza\u0142ka oznacza, \u017ce wiadomo\u015b\u0107 nie zosta\u0142a jeszcze wys\u0142ana.<\/p>\n<p><em>Status:\u00a0<\/em>Opis statusu wiadomo\u015bci. Umie\u015b\u0107 kursor myszy nad opisem, aby uzyska\u0107 jego rozwini\u0119cie.<\/p>\n<p><em>Info:\u00a0<\/em>Kliknij strza\u0142k\u0119, aby zobaczy\u0107 szczeg\u00f3\u0142owy opis wiadomo\u015bci.<\/p>\n<h2>\n\t\t\tG\u00f3rny pasek\t<\/h2>\n\t\t\t\t<img decoding=\"async\" src=\"https:\/\/suresms.com\/wp-content\/uploads\/2024\/08\/Skaermbillede-2024-08-05-102405.png\" alt=\"Zrzut ekranu 2024-08-05 102405\" itemprop=\"image\" height=\"149\" width=\"2005\" title=\"Zrzut ekranu 2024-08-05 102405\" onerror=\"this.style.display='none'\" loading='lazy' \/>\n\t<p><em>Wyszukiwanie:<\/em> Na g\u00f3rnym pasku mo\u017cna wyszukiwa\u0107 wys\u0142ane wiadomo\u015bci. Wyszukiwanie jest ograniczone do ustawionego zakresu dat.<\/p>\n<p><em>Data:\u00a0<\/em>Wy\u015bwietlone zostan\u0105 tylko wiadomo\u015bci w wybranym zakresie dat. Obie daty s\u0105 uwzgl\u0119dnione na li\u015bcie.<\/p>\n<p><em>Na stron\u0119:\u00a0<\/em> Okre\u015bla liczb\u0119 wiadomo\u015bci na stronie. Do nast\u0119pnej strony mo\u017cna przej\u015b\u0107 za pomoc\u0105 strza\u0142ek u do\u0142u strony.<\/p>\n<p><em>Filtr:\u00a0<\/em>Je\u015bli chcesz filtrowa\u0107 wiadomo\u015bci wed\u0142ug np. statusu lub tego, czy linki zosta\u0142y odwiedzone, mo\u017cesz skorzysta\u0107 z tej funkcji.<\/p>\n<p><em>Wyb\u00f3r:\u00a0<\/em>Zaznaczaj\u0105c wiadomo\u015b\u0107 haczykiem po lewej stronie wiadomo\u015bci, mo\u017cna j\u0105 usun\u0105\u0107, wys\u0142a\u0107 ponownie lub wyeksportowa\u0107.<\/p>\n<p>&nbsp;<\/p>\n<h2>\n\t\t\tUsuwanie wiadomo\u015bci w skrzynce nadawczej\t<\/h2>\n\t<p>Mo\u017cliwe jest usuni\u0119cie jednej lub wi\u0119cej wiadomo\u015bci ze skrzynki nadawczej. Aby to zrobi\u0107, zaznacz wiadomo\u015bci, kt\u00f3re chcesz usun\u0105\u0107, po lewej stronie wiadomo\u015bci. Nast\u0119pnie kliknij zaznaczenie w prawym g\u00f3rnym rogu i kliknij \"Usu\u0144\".<\/p>\n\t<p>Istnieje r\u00f3wnie\u017c opcja usuni\u0119cia wszystkich wiadomo\u015bci poprzez zaznaczenie wszystkich wiadomo\u015bci g\u00f3rnym znacznikiem wyboru. Nale\u017cy pami\u0119ta\u0107, \u017ce system usunie tylko wybrane wiadomo\u015bci. Je\u015bli wi\u0119c chcesz usun\u0105\u0107 wszystkie wiadomo\u015bci, musisz najpierw wybra\u0107 rozmiar strony \"Wszystkie\"<\/p>\n\t\t\t\t\t<video src=\"https:\/\/suresms.com\/wp-content\/uploads\/2025\/06\/Dokumentation-Slet-besked-i-udbakken.mp4\" alt=\"hosted-video-thumbnail\"><\/video>","protected":false},"excerpt":{"rendered":"<p>Skrzynka nadawcza Poni\u017cej opisano skrzynk\u0119 nadawcz\u0105 oraz informacje, kt\u00f3re mo\u017cna w niej przegl\u0105da\u0107 i filtrowa\u0107. Skrzynka nadawcza Skrzynka nadawcza zawiera wiadomo\u015bci, kt\u00f3re zosta\u0142y wys\u0142ane lub s\u0105 gotowe do wys\u0142ania. Zasadniczo wygl\u0105da to tak. Poni\u017cej znajduje si\u0119 kr\u00f3tki film opisuj\u0105cy dzia\u0142anie skrzynki nadawczej. Mo\u017cesz r\u00f3wnie\u017c przeczyta\u0107 o ... <a title=\"Skrzynka nadawcza\" class=\"read-more\" href=\"https:\/\/suresms.com\/pl\/docs\/message\/outbox\/\" aria-label=\"Dowiedz si\u0119 wi\u0119cej o Outbox\">Dowiedz si\u0119 wi\u0119cej<\/a><\/p>","protected":false},"author":1,"featured_media":0,"parent":18168,"menu_order":0,"comment_status":"closed","ping_status":"closed","template":"","meta":{"_fl_builder_enabled":"1","_fl_builder_data":null,"_fl_builder_draft":null,"_fl_builder_data_settings":null,"_fl_builder_css":"","_fl_builder_css_version":"","_fl_builder_js":"","footnotes":""},"categories":[],"tags":[],"class_list":["post-18224","page","type-page","status-publish"],"yoast_head":"<!-- This site is optimized with the Yoast SEO Premium plugin v27.3 (Yoast SEO v27.3) - https:\/\/yoast.com\/product\/yoast-seo-premium-wordpress\/ -->\r\n<title>Outbox -<\/title>\r\n<meta name=\"robots\" content=\"index, follow, max-snippet:-1, max-image-preview:large, max-video-preview:-1\" \/>\r\n<link rel=\"canonical\" href=\"https:\/\/suresms.com\/pl\/dokumenty\/wiadomosc\/skrzynka-nadawcza\/\" \/>\r\n<meta property=\"og:locale\" content=\"pl_PL\" \/>\r\n<meta property=\"og:type\" content=\"article\" \/>\r\n<meta property=\"og:title\" content=\"Outbox\" \/>\r\n<meta property=\"og:description\" content=\"Udbakke Herunder kan du l\u00e6se om udbakken og hvilke informationer du kan se og filtrere. Udbakken Udbakken indeholder de beskeder der er sendt eller som ligger klar til at blive sendt. I udgangspunktet ser denne s\u00e5ledes ud. Du kan se en kort video herunder der beskriver hvordan udbakken virker. Men du kan ogs\u00e5 l\u00e6se om ... Dowiedz si\u0119 wi\u0119cej\" \/>\r\n<meta property=\"og:url\" content=\"https:\/\/suresms.com\/pl\/dokumenty\/wiadomosc\/skrzynka-nadawcza\/\" \/>\r\n<meta property=\"article:publisher\" content=\"https:\/\/www.facebook.com\/p\/SureSMS-100044607956149\/\" \/>\r\n<meta property=\"article:modified_time\" content=\"2025-06-04T13:54:10+00:00\" \/>\r\n<meta property=\"og:image\" content=\"https:\/\/suresms.com\/wp-content\/uploads\/2024\/08\/Skaermbillede-2024-08-05-102405.png\" \/>\r\n<meta name=\"twitter:card\" content=\"summary_large_image\" \/>\r\n<meta name=\"twitter:label1\" content=\"Szacowany czas czytania\" \/>\n\t<meta name=\"twitter:data1\" content=\"3 minuty\" \/>\r\n<script type=\"application\/ld+json\" class=\"yoast-schema-graph\">{\"@context\":\"https:\\\/\\\/schema.org\",\"@graph\":[{\"@type\":\"WebPage\",\"@id\":\"https:\\\/\\\/suresms.com\\\/dk\\\/docs\\\/message\\\/outbox\\\/\",\"url\":\"https:\\\/\\\/suresms.com\\\/dk\\\/docs\\\/message\\\/outbox\\\/\",\"name\":\"Outbox -\",\"isPartOf\":{\"@id\":\"https:\\\/\\\/suresms.com\\\/en\\\/#website\"},\"primaryImageOfPage\":{\"@id\":\"https:\\\/\\\/suresms.com\\\/dk\\\/docs\\\/message\\\/outbox\\\/#primaryimage\"},\"image\":{\"@id\":\"https:\\\/\\\/suresms.com\\\/dk\\\/docs\\\/message\\\/outbox\\\/#primaryimage\"},\"thumbnailUrl\":\"https:\\\/\\\/suresms.com\\\/wp-content\\\/uploads\\\/2024\\\/08\\\/Skaermbillede-2024-08-05-102405.png\",\"datePublished\":\"2024-08-05T07:41:36+00:00\",\"dateModified\":\"2025-06-04T13:54:10+00:00\",\"breadcrumb\":{\"@id\":\"https:\\\/\\\/suresms.com\\\/dk\\\/docs\\\/message\\\/outbox\\\/#breadcrumb\"},\"inLanguage\":\"pl-PL\",\"potentialAction\":[{\"@type\":\"ReadAction\",\"target\":[\"https:\\\/\\\/suresms.com\\\/dk\\\/docs\\\/message\\\/outbox\\\/\"]}]},{\"@type\":\"ImageObject\",\"inLanguage\":\"pl-PL\",\"@id\":\"https:\\\/\\\/suresms.com\\\/dk\\\/docs\\\/message\\\/outbox\\\/#primaryimage\",\"url\":\"https:\\\/\\\/suresms.com\\\/wp-content\\\/uploads\\\/2024\\\/08\\\/Skaermbillede-2024-08-05-102405.png\",\"contentUrl\":\"https:\\\/\\\/suresms.com\\\/wp-content\\\/uploads\\\/2024\\\/08\\\/Skaermbillede-2024-08-05-102405.png\"},{\"@type\":\"BreadcrumbList\",\"@id\":\"https:\\\/\\\/suresms.com\\\/dk\\\/docs\\\/message\\\/outbox\\\/#breadcrumb\",\"itemListElement\":[{\"@type\":\"ListItem\",\"position\":1,\"name\":\"Home\",\"item\":\"https:\\\/\\\/suresms.com\\\/dk\\\/\"},{\"@type\":\"ListItem\",\"position\":2,\"name\":\"Dokumentation\",\"item\":\"https:\\\/\\\/suresms.com\\\/dk\\\/docs\\\/\"},{\"@type\":\"ListItem\",\"position\":3,\"name\":\"Beskeder\",\"item\":\"https:\\\/\\\/suresms.com\\\/dk\\\/docs\\\/message\\\/\"},{\"@type\":\"ListItem\",\"position\":4,\"name\":\"Outbox\"}]},{\"@type\":\"WebSite\",\"@id\":\"https:\\\/\\\/suresms.com\\\/en\\\/#website\",\"url\":\"https:\\\/\\\/suresms.com\\\/en\\\/\",\"name\":\"SureSMS\",\"description\":\"Professionel SMS Gateway\",\"publisher\":{\"@id\":\"https:\\\/\\\/suresms.com\\\/en\\\/#organization\"},\"potentialAction\":[{\"@type\":\"SearchAction\",\"target\":{\"@type\":\"EntryPoint\",\"urlTemplate\":\"https:\\\/\\\/suresms.com\\\/en\\\/?s={search_term_string}\"},\"query-input\":{\"@type\":\"PropertyValueSpecification\",\"valueRequired\":true,\"valueName\":\"search_term_string\"}}],\"inLanguage\":\"pl-PL\"},{\"@type\":\"Organization\",\"@id\":\"https:\\\/\\\/suresms.com\\\/en\\\/#organization\",\"name\":\"SureSMS\",\"url\":\"https:\\\/\\\/suresms.com\\\/en\\\/\",\"logo\":{\"@type\":\"ImageObject\",\"inLanguage\":\"pl-PL\",\"@id\":\"https:\\\/\\\/suresms.com\\\/en\\\/#\\\/schema\\\/logo\\\/image\\\/\",\"url\":\"https:\\\/\\\/suresms.com\\\/wp-content\\\/uploads\\\/2024\\\/11\\\/suresms-300x65-1.png\",\"contentUrl\":\"https:\\\/\\\/suresms.com\\\/wp-content\\\/uploads\\\/2024\\\/11\\\/suresms-300x65-1.png\",\"width\":300,\"height\":65,\"caption\":\"SureSMS\"},\"image\":{\"@id\":\"https:\\\/\\\/suresms.com\\\/en\\\/#\\\/schema\\\/logo\\\/image\\\/\"},\"sameAs\":[\"https:\\\/\\\/www.facebook.com\\\/p\\\/SureSMS-100044607956149\\\/\"]}]}<\/script>\r\n<!-- \/ Yoast SEO Premium plugin. -->","yoast_head_json":{"title":"Skrzynka nadawcza -","robots":{"index":"index","follow":"follow","max-snippet":"max-snippet:-1","max-image-preview":"max-image-preview:large","max-video-preview":"max-video-preview:-1"},"canonical":"https:\/\/suresms.com\/pl\/dokumenty\/wiadomosc\/skrzynka-nadawcza\/","og_locale":"pl_PL","og_type":"article","og_title":"Outbox","og_description":"Udbakke Herunder kan du l\u00e6se om udbakken og hvilke informationer du kan se og filtrere. Udbakken Udbakken indeholder de beskeder der er sendt eller som ligger klar til at blive sendt. I udgangspunktet ser denne s\u00e5ledes ud. Du kan se en kort video herunder der beskriver hvordan udbakken virker. Men du kan ogs\u00e5 l\u00e6se om ... Dowiedz si\u0119 wi\u0119cej","og_url":"https:\/\/suresms.com\/pl\/dokumenty\/wiadomosc\/skrzynka-nadawcza\/","article_publisher":"https:\/\/www.facebook.com\/p\/SureSMS-100044607956149\/","article_modified_time":"2025-06-04T13:54:10+00:00","og_image":[{"url":"https:\/\/suresms.com\/wp-content\/uploads\/2024\/08\/Skaermbillede-2024-08-05-102405.png","type":"","width":"","height":""}],"twitter_card":"summary_large_image","twitter_misc":{"Szacowany czas czytania":"3 minuty"},"schema":{"@context":"https:\/\/schema.org","@graph":[{"@type":"WebPage","@id":"https:\/\/suresms.com\/dk\/docs\/message\/outbox\/","url":"https:\/\/suresms.com\/dk\/docs\/message\/outbox\/","name":"Skrzynka nadawcza -","isPartOf":{"@id":"https:\/\/suresms.com\/en\/#website"},"primaryImageOfPage":{"@id":"https:\/\/suresms.com\/dk\/docs\/message\/outbox\/#primaryimage"},"image":{"@id":"https:\/\/suresms.com\/dk\/docs\/message\/outbox\/#primaryimage"},"thumbnailUrl":"https:\/\/suresms.com\/wp-content\/uploads\/2024\/08\/Skaermbillede-2024-08-05-102405.png","datePublished":"2024-08-05T07:41:36+00:00","dateModified":"2025-06-04T13:54:10+00:00","breadcrumb":{"@id":"https:\/\/suresms.com\/dk\/docs\/message\/outbox\/#breadcrumb"},"inLanguage":"pl-PL","potentialAction":[{"@type":"ReadAction","target":["https:\/\/suresms.com\/dk\/docs\/message\/outbox\/"]}]},{"@type":"ImageObject","inLanguage":"pl-PL","@id":"https:\/\/suresms.com\/dk\/docs\/message\/outbox\/#primaryimage","url":"https:\/\/suresms.com\/wp-content\/uploads\/2024\/08\/Skaermbillede-2024-08-05-102405.png","contentUrl":"https:\/\/suresms.com\/wp-content\/uploads\/2024\/08\/Skaermbillede-2024-08-05-102405.png"},{"@type":"BreadcrumbList","@id":"https:\/\/suresms.com\/dk\/docs\/message\/outbox\/#breadcrumb","itemListElement":[{"@type":"ListItem","position":1,"name":"Home","item":"https:\/\/suresms.com\/dk\/"},{"@type":"ListItem","position":2,"name":"Dokumentation","item":"https:\/\/suresms.com\/dk\/docs\/"},{"@type":"ListItem","position":3,"name":"Beskeder","item":"https:\/\/suresms.com\/dk\/docs\/message\/"},{"@type":"ListItem","position":4,"name":"Outbox"}]},{"@type":"WebSite","@id":"https:\/\/suresms.com\/en\/#website","url":"https:\/\/suresms.com\/en\/","name":"SureSMS","description":"Profesjonalna bramka SMS","publisher":{"@id":"https:\/\/suresms.com\/en\/#organization"},"potentialAction":[{"@type":"SearchAction","target":{"@type":"EntryPoint","urlTemplate":"https:\/\/suresms.com\/en\/?s={search_term_string}"},"query-input":{"@type":"PropertyValueSpecification","valueRequired":true,"valueName":"search_term_string"}}],"inLanguage":"pl-PL"},{"@type":"Organization","@id":"https:\/\/suresms.com\/en\/#organization","name":"SureSMS","url":"https:\/\/suresms.com\/en\/","logo":{"@type":"ImageObject","inLanguage":"pl-PL","@id":"https:\/\/suresms.com\/en\/#\/schema\/logo\/image\/","url":"https:\/\/suresms.com\/wp-content\/uploads\/2024\/11\/suresms-300x65-1.png","contentUrl":"https:\/\/suresms.com\/wp-content\/uploads\/2024\/11\/suresms-300x65-1.png","width":300,"height":65,"caption":"SureSMS"},"image":{"@id":"https:\/\/suresms.com\/en\/#\/schema\/logo\/image\/"},"sameAs":["https:\/\/www.facebook.com\/p\/SureSMS-100044607956149\/"]}]}},"_links":{"self":[{"href":"https:\/\/suresms.com\/pl\/wp-json\/wp\/v2\/pages\/18224","targetHints":{"allow":["GET"]}}],"collection":[{"href":"https:\/\/suresms.com\/pl\/wp-json\/wp\/v2\/pages"}],"about":[{"href":"https:\/\/suresms.com\/pl\/wp-json\/wp\/v2\/types\/page"}],"author":[{"embeddable":true,"href":"https:\/\/suresms.com\/pl\/wp-json\/wp\/v2\/users\/1"}],"replies":[{"embeddable":true,"href":"https:\/\/suresms.com\/pl\/wp-json\/wp\/v2\/comments?post=18224"}],"version-history":[{"count":3,"href":"https:\/\/suresms.com\/pl\/wp-json\/wp\/v2\/pages\/18224\/revisions"}],"predecessor-version":[{"id":23421,"href":"https:\/\/suresms.com\/pl\/wp-json\/wp\/v2\/pages\/18224\/revisions\/23421"}],"up":[{"embeddable":true,"href":"https:\/\/suresms.com\/pl\/wp-json\/wp\/v2\/pages\/18168"}],"wp:attachment":[{"href":"https:\/\/suresms.com\/pl\/wp-json\/wp\/v2\/media?parent=18224"}],"wp:term":[{"taxonomy":"category","embeddable":true,"href":"https:\/\/suresms.com\/pl\/wp-json\/wp\/v2\/categories?post=18224"},{"taxonomy":"post_tag","embeddable":true,"href":"https:\/\/suresms.com\/pl\/wp-json\/wp\/v2\/tags?post=18224"}],"curies":[{"name":"wp","href":"https:\/\/api.w.org\/{rel}","templated":true}]}}