{"id":18183,"date":"2024-07-10T18:12:05","date_gmt":"2024-07-10T16:12:05","guid":{"rendered":"https:\/\/www.suresms.com\/dk\/?page_id=18183"},"modified":"2026-02-17T05:14:01","modified_gmt":"2026-02-17T05:14:01","slug":"newmessage","status":"publish","type":"page","link":"https:\/\/suresms.com\/pl\/docs\/message\/newmessage\/","title":{"rendered":"Nowa wiadomo\u015b\u0107"},"content":{"rendered":"<!-- Flexy Breadcrumb -->\r\n\t\t\t<div class=\"fbc fbc-page\">\r\n\r\n\t\t\t\t<!-- Breadcrumb wrapper -->\r\n\t\t\t\t<div class=\"fbc-wrap\">\r\n\r\n\t\t\t\t\t<!-- Ordered list-->\r\n\t\t\t\t\t<ol class=\"fbc-items\" itemscope itemtype=\"https:\/\/schema.org\/BreadcrumbList\">\r\n\t\t\t\t\t\t            <li itemprop=\"itemListElement\" itemscope itemtype=\"https:\/\/schema.org\/ListItem\">\r\n                <span itemprop=\"name\">\r\n                    <!-- Home Link -->\r\n                    <a itemprop=\"item\" href=\"https:\/\/suresms.com\/pl\/\">\r\n                    \r\n                                                    <i class=\"fa fa-home\" aria-hidden=\"true\"><\/i>Strona g\u0142\u00f3wna                    <\/a>\r\n                <\/span>\r\n                <meta itemprop=\"position\" content=\"1\" \/><!-- Meta Position-->\r\n             <\/li><li><span class=\"fbc-separator\">\/<\/span><\/li><li class=\"active\" itemprop=\"itemListElement\" itemscope itemtype=\"https:\/\/schema.org\/ListItem\"><span itemprop=\"name\" title=\"Nowa wiadomo\u015b\u0107\">Nowa wiadomo\u015b\u0107<\/span><meta itemprop=\"position\" content=\"2\" \/><\/li>\t\t\t\t\t<\/ol>\r\n\t\t\t\t\t<div class=\"clearfix\"><\/div>\r\n\t\t\t\t<\/div>\r\n\t\t\t<\/div>\r\n\t\t\t\n<h1>\n\t\t\tNowa wiadomo\u015b\u0107\t<\/h1>\n\t<p>Poni\u017cej mo\u017cesz przeczyta\u0107 o zrzucie ekranu\u00a0<em>Nowa wiadomo\u015b\u0107<\/em>. Ka\u017cde pole jest wyja\u015bnione, a dla niekt\u00f3rych opis\u00f3w dost\u0119pne s\u0105 szczeg\u00f3\u0142owe linki.<\/p>\n<h2>\n\t\t\tUtw\u00f3rz now\u0105 wiadomo\u015b\u0107\t<\/h2>\n\t<p>Zacznijmy od spojrzenia na nowy zrzut ekranu wysy\u0142ania wiadomo\u015bci. Poni\u017cej znajduje si\u0119 pe\u0142ny zrzut ekranu\u00a0<em>Nowa wiadomo\u015b\u0107.\u00a0<\/em>Poni\u017csze wyja\u015bnienie odnosi si\u0119 do tego ekranu i r\u00f3\u017cnych jego element\u00f3w.<\/p>\n<figure itemscope itemtype=\"https:\/\/schema.org\/ImageObject\">\n\t\t\t\t<img decoding=\"async\" src=\"https:\/\/suresms.com\/wp-content\/uploads\/2024\/07\/Ny-besked-skaermbillede-1.png\" alt=\"Zrzut ekranu nowej wiadomo\u015bci\" height=\"2152\" width=\"2277\" title=\"Zrzut ekranu nowej wiadomo\u015bci\" onerror=\"this.style.display='none'\" loading=\"lazy\" \/>\n\t<\/figure>\n\t<p><strong><em>Kod kraju:\u00a0<\/em><\/strong>Wybierz kod kraju odbiorcy. W przypadku wyboru z grup w Ksi\u0105\u017cce adresowej pole to nie jest u\u017cywane, poniewa\u017c ka\u017cdy kontakt w Ksi\u0105\u017cce adresowej ma w\u0142asny kod kraju. Je\u015bli chcesz tylko wprowadzi\u0107 numer w polu odbiorcy, kod kraju musi by\u0107 prawid\u0142owy. System od czasu do czasu zapami\u0119tuje kod kraju.<\/p>\n<p><strong><em>Numer telefonu<\/em><\/strong>: Tutaj nale\u017cy wprowadzi\u0107 numer telefonu. Bez spacji, my\u015blnik\u00f3w ani niczego innego. Mo\u017cna r\u00f3wnie\u017c wklei\u0107. Mo\u017cesz na przyk\u0142ad wybra\u0107 wiele numer\u00f3w z Excela i umie\u015bci\u0107 je wszystkie w tym polu.<\/p>\n<p><strong><em>Wiadomo\u015b\u0107:\u00a0<\/em><\/strong>Tutaj wpisuje si\u0119 sam\u0105 wiadomo\u015b\u0107. Poni\u017cej wiadomo\u015bci mo\u017cesz zobaczy\u0107, ile znak\u00f3w wpisa\u0142e\u015b, ile SMS-\u00f3w zostanie wys\u0142anych i ile kosztuje wys\u0142anie wiadomo\u015bci.<\/p>\n<h2>\n\t\t\tKorzystanie z szablon\u00f3w\t<\/h2>\n\t<p>W systemie mo\u017cna tworzy\u0107 szablony. Szablony to standardowe wiadomo\u015bci przechowywane w systemie, kt\u00f3re mo\u017cna wybra\u0107 podczas wysy\u0142ania wiadomo\u015bci. Mo\u017ce to by\u0107 na przyk\u0142ad \"Pami\u0119taj o jutrzejszym spotkaniu\". Nast\u0119pnie wystarczy wybra\u0107 odpowiedni szablon i nacisn\u0105\u0107 przycisk Wy\u015blij.<\/p>\n\t<p>Zaloguj si\u0119 do swojego konta SureSMS tutaj : <a href=\"https:\/\/app.suresms.com\" target=\"_blank\" rel=\"noopener\">https:\/\/app.suresms.com<\/a><\/p>\n<p>W menu wybierz <em>Nowa wiadomo\u015b\u0107\u00a0<\/em><\/p>\n<p>Kliknij przycisk <em>Wyb\u00f3r<\/em> po prawej stronie nad samym polem wiadomo\u015bci<\/p>\n<p>Kliknij przycisk <em>Zarz\u0105dzanie szablonami<\/em><\/p>\n<p>Teraz mo\u017cesz tworzy\u0107, edytowa\u0107 i usuwa\u0107 szablony.<\/p>\n<p>Je\u015bli chcesz u\u017cy\u0107 szablonu, zr\u00f3b to samo, ale wybierz opcj\u0119 <em>U\u017cyj szablonu<\/em> w menu. Nast\u0119pnie wybierz szablon, kt\u00f3rego chcesz u\u017cy\u0107 i kliknij ok.<\/p>\n\t\t\t\t\t<video src=\"https:\/\/suresms.com\/wp-content\/uploads\/2024\/10\/Dokumentation-Skabeloner-i-beskeder.mp4\" alt=\"hosted-video-thumbnail\"><\/video>\n\t\t<h2>\n\t\t\tScalanie informacji w wiadomo\u015bci\t<\/h2>\n\t<p>Zaloguj si\u0119 do swojego konta SureSMS tutaj : <a href=\"https:\/\/app.suresms.com\" target=\"_blank\" rel=\"noopener\">https:\/\/app.suresms.com<\/a><\/p>\n<p>W menu wybierz <em>Nowa wiadomo\u015b\u0107\u00a0<\/em><\/p>\n<p>Kliknij przycisk <em>Wyb\u00f3r<\/em> po prawej stronie nad samym polem wiadomo\u015bci<\/p>\n<p>Kliknij przycisk <em>Zarz\u0105dzanie szablonami<\/em><\/p>\n<p>Teraz mo\u017cesz tworzy\u0107, edytowa\u0107 i usuwa\u0107 szablony.<\/p>\n<p>Je\u015bli chcesz u\u017cy\u0107 szablonu, zr\u00f3b to samo, ale wybierz opcj\u0119 <em>U\u017cyj szablonu<\/em> w menu. Nast\u0119pnie wybierz szablon, kt\u00f3rego chcesz u\u017cy\u0107 i kliknij ok.<\/p>\n\t\t\t\t\t<video src=\"https:\/\/suresms.com\/wp-content\/uploads\/2024\/10\/Dokumentation-Skabeloner-i-beskeder.mp4\" alt=\"hosted-video-thumbnail\"><\/video>\n\t\t<h2>\n\t\t\tDodawanie link\u00f3w do wiadomo\u015bci\t<\/h2>\n\t<p>Mo\u017cliwe jest dodawanie link\u00f3w do wiadomo\u015bci. Mo\u017cna dodawa\u0107 r\u00f3\u017cne rodzaje link\u00f3w:<\/p>\n<p>1. zwyk\u0142e linki do stron internetowych, ale w przypadku kt\u00f3rych mo\u017cna zmierzy\u0107 liczb\u0119 os\u00f3b klikaj\u0105cych w link.<\/p>\n<p>2. \u0141\u0105cza do plik\u00f3w, takich jak pliki PDF<\/p>\n<p>3. Linki MobilePay do p\u0142atno\u015bci bezpo\u015brednich w wiadomo\u015bci SMS<\/p>\n<p>W tym filmie mo\u017cesz zobaczy\u0107, jak doda\u0107 r\u00f3\u017cne typy link\u00f3w<\/p>\n\t\t\t\t\t<video src=\"https:\/\/suresms.com\/wp-content\/uploads\/2026\/02\/Dokumentation-Ny-besked-Tilfoejelse-af-Links-i-beskeder.mp4\" alt=\"hosted-video-thumbnail\"><\/video>\n\t\t<h2>\n\t\t\tTworzenie numeru telefonu przychodz\u0105cego\t<\/h2>\n\t<p>Je\u015bli chcesz otrzymywa\u0107 wiadomo\u015bci SMS z odpowiedziami bezpo\u015brednio na platformie SureSMS lub na adres e-mail, potrzebujesz dwukierunkowego rozwi\u0105zania SMS. Najwa\u017cniejsz\u0105 cz\u0119\u015bci\u0105 tego rozwi\u0105zania jest posiadanie numeru telefonu z SureSMS, na kt\u00f3ry mo\u017cna odbiera\u0107 wiadomo\u015bci SMS. Kosztuje to 99,- DKK miesi\u0119cznie. Nie ma mo\u017cliwo\u015bci anulowania numeru.<\/p>\n\t<p>Zaloguj si\u0119 do swojego konta SureSMS tutaj : <a href=\"https:\/\/app.suresms.com\" target=\"_blank\" rel=\"noopener\">https:\/\/app.suresms.com<\/a><\/p>\n<p>Upewnij si\u0119, \u017ce masz wi\u0119cej ni\u017c 99,- na koncie, w przeciwnym razie przejd\u017a do p\u0142atno\u015bci online<\/p>\n<p>W menu wybierz <em>Ustawienia -&gt; Nazwa nadawcy<\/em> a nast\u0119pnie\u00a0<em>Wyb\u00f3r\u00a0<\/em>w prawym g\u00f3rnym rogu.<\/p>\n<p>Wybierz <em>Numer przychodz\u0105cej wiadomo\u015bci SMS <\/em>w podmenu<\/p>\n<p>Wybierz \u017c\u0105dany numer przychodz\u0105cy z listy dost\u0119pnych numer\u00f3w<\/p>\n<p>Kliknij przycisk <em>Zam\u00f3wienie<\/em><\/p>\n<p>Numer przychodz\u0105cy jest natychmiast aktywny.<\/p>\n\t\t\t\t\t<video src=\"https:\/\/suresms.com\/wp-content\/uploads\/2024\/07\/Dokumentation-Bestil-indgaaende-SMS-nummer.mp4\" alt=\"hosted-video-thumbnail\"><\/video>\n\t\t\t\t\t\t\t\t\t\tJe\u015bli chcesz otrzymywa\u0107 przychodz\u0105ce wiadomo\u015bci SMS na adres e-mail \n\t\t\t\t\t<p>Kliknij przycisk\u00a0<em>Ustawienia i preferencje<\/em> w menu<\/p>\n<p>Kliknij przycisk\u00a0<em>Konto<\/em><\/p>\n<p>Kliknij przycisk <em>Ustawienia konta<\/em><\/p>\n<p>Kliknij \"edytuj\"<\/p>\n<p>Zaznacz pole wyboru\u00a0<em>Wysy\u0142anie przychodz\u0105cych wiadomo\u015bci SMS jako wiadomo\u015bci e-mail<\/em><\/p>\n<p>Upewnij si\u0119, \u017ce adres e-mail jest poprawny<\/p>\n<p>Kliknij przycisk <em>Klejnot<\/em><\/p>\n<h2>\n\t\t\tUsuwanie numeru telefonu przychodz\u0105cego\t<\/h2>\n\t<p>Je\u015bli numer przychodz\u0105cej wiadomo\u015bci SMS nie jest ju\u017c potrzebny, warto go usun\u0105\u0107. Zapobiegnie to omy\u0142kowemu wysy\u0142aniu wiadomo\u015bci do odbiorc\u00f3w i pozwoli zaoszcz\u0119dzi\u0107 pieni\u0105dze. Przeczytaj poni\u017cej, jak usun\u0105\u0107 numer przychodz\u0105cej wiadomo\u015bci SMS.<\/p>\n\t<p>Zaloguj si\u0119 do swojego konta SureSMS tutaj : <a href=\"https:\/\/app.suresms.com\" target=\"_blank\" rel=\"noopener\">https:\/\/app.suresms.com<\/a><\/p>\n<p>Upewnij si\u0119, \u017ce masz wi\u0119cej ni\u017c 99,- na koncie, w przeciwnym razie przejd\u017a do p\u0142atno\u015bci online<\/p>\n<p>W menu wybierz <em>Ustawienia -&gt; Nazwa nadawcy<\/em><\/p>\n<p>Kliknij przycisk <em>Usu\u0144 <\/em>obok numeru lub nazwy, kt\u00f3r\u0105 chcesz usun\u0105\u0107<\/p>\n<p>Wpisz ponownie numer lub nazw\u0119 i kliknij <em>OK<\/em><\/p>\n<p>Tw\u00f3j numer zostanie natychmiast usuni\u0119ty. Op\u0142ata za numer jest naliczana ka\u017cdego 1. dnia miesi\u0105ca.<\/p>\n<p>U\u017cytkownik nie otrzyma zwrotu wp\u0142aconych kwot.\u00a0<\/p>\n\t\t\t\t\t<video src=\"https:\/\/suresms.com\/wp-content\/uploads\/2024\/07\/Dokumentation-Slet-afsendernavn-og-indgaaende-SMS-nummer.mp4\" alt=\"hosted-video-thumbnail\"><\/video>\n\t\t<h2>\n\t\t\tImport wiadomo\u015bci z pliku\t<\/h2>\n\t<p>Mo\u017cesz utworzy\u0107 plik CSV ze wszystkimi swoimi wiadomo\u015bciami, zaimportowa\u0107 go i wys\u0142a\u0107 bezpo\u015brednio z zak\u0142adki Nowa wiadomo\u015b\u0107. Oto jak to zrobi\u0107.<\/p>\n<p>Najpierw utw\u00f3rz plik CSV z nast\u0119puj\u0105cymi kolumnami<\/p>\nKolumna 1: Kod kraju<br \/>\nKolumna 2: Numer telefonu<br \/>\nKolumna 3: Wiadomo\u015b\u0107 do wys\u0142ania<br \/>\nKolumna 4: Czas wys\u0142ania wiadomo\u015bci (opcjonalnie)\n<p>Nad polem odbiorcy kliknij przycisk <em>Wyb\u00f3r<\/em> a nast\u0119pnie naci\u015bnij przycisk <em>Importuj z pliku.\u00a0<\/em><\/p>\n<p>Przeci\u0105gnij plik do pola przesy\u0142ania i kliknij <em>Import.<\/em><\/p>\n<p>Sprawd\u017a wiadomo\u015bci, kt\u00f3re maj\u0105 zosta\u0107 wys\u0142ane. Je\u015bli wszystko jest w porz\u0105dku, kliknij Wy\u015blij.<\/p>","protected":false},"excerpt":{"rendered":"<p>Nowa wiadomo\u015b\u0107 Poni\u017cej znajduj\u0105 si\u0119 informacje na temat ekranu Nowa wiadomo\u015b\u0107. Ka\u017cde pole jest wyja\u015bnione, a dla niekt\u00f3rych opis\u00f3w dost\u0119pne s\u0105 szczeg\u00f3\u0142owe linki. Tworzenie nowej wiadomo\u015bci Zacznijmy od przyjrzenia si\u0119 ekranowi wysy\u0142ania nowej wiadomo\u015bci. Poni\u017cej znajduje si\u0119 pe\u0142ny zrzut ekranu nowej wiadomo\u015bci. Poni\u017csze obja\u015bnienia odnosz\u0105 si\u0119 do tego zrzutu ekranu i r\u00f3\u017cnych ... <a title=\"Nowa wiadomo\u015b\u0107\" class=\"read-more\" href=\"https:\/\/suresms.com\/pl\/docs\/message\/newmessage\/\" aria-label=\"Dowiedz si\u0119 wi\u0119cej o nowej wiadomo\u015bci\">Dowiedz si\u0119 wi\u0119cej<\/a><\/p>","protected":false},"author":1,"featured_media":0,"parent":18168,"menu_order":0,"comment_status":"closed","ping_status":"closed","template":"","meta":{"_fl_builder_enabled":"1","_fl_builder_data":null,"_fl_builder_draft":null,"_fl_builder_data_settings":null,"_fl_builder_css":"","_fl_builder_css_version":"","_fl_builder_js":"","footnotes":""},"categories":[],"tags":[],"class_list":["post-18183","page","type-page","status-publish"],"yoast_head":"<!-- This site is optimized with the Yoast SEO Premium plugin v27.3 (Yoast SEO v27.3) - https:\/\/yoast.com\/product\/yoast-seo-premium-wordpress\/ -->\r\n<title>Ny besked -<\/title>\r\n<meta name=\"robots\" content=\"index, follow, max-snippet:-1, max-image-preview:large, max-video-preview:-1\" \/>\r\n<link rel=\"canonical\" href=\"https:\/\/suresms.com\/pl\/dokumenty\/wiadomosc\/newmessage\/\" \/>\r\n<meta property=\"og:locale\" content=\"pl_PL\" \/>\r\n<meta property=\"og:type\" content=\"article\" \/>\r\n<meta property=\"og:title\" content=\"Ny besked\" \/>\r\n<meta property=\"og:description\" content=\"Ny besked Herunder kan du l\u00e6se om sk\u00e6rmbilledet\u00a0Ny besked. Hvert felt er forklaret og uddybende link er tilg\u00e6ngelige for nogle beskrivelser. Opret ny besked Lad os starte med at se sk\u00e6rmbilledet for afsendelse af ny besked. Herunder kan du se det fulde sk\u00e6rmbillede af\u00a0Ny besked.\u00a0I den efterf\u00f8lgende forklaring refereres til dette sk\u00e6rmbillede og de forskellige ... Dowiedz si\u0119 wi\u0119cej\" \/>\r\n<meta property=\"og:url\" content=\"https:\/\/suresms.com\/pl\/dokumenty\/wiadomosc\/newmessage\/\" \/>\r\n<meta property=\"article:publisher\" content=\"https:\/\/www.facebook.com\/p\/SureSMS-100044607956149\/\" \/>\r\n<meta property=\"article:modified_time\" content=\"2026-02-17T05:14:01+00:00\" \/>\r\n<meta property=\"og:image\" content=\"https:\/\/suresms.com\/wp-content\/uploads\/2024\/07\/Ny-besked-skaermbillede-1.png\" \/>\r\n<meta name=\"twitter:card\" content=\"summary_large_image\" \/>\r\n<meta name=\"twitter:label1\" content=\"Szacowany czas czytania\" \/>\n\t<meta name=\"twitter:data1\" content=\"3 minuty\" \/>\r\n<script type=\"application\/ld+json\" class=\"yoast-schema-graph\">{\"@context\":\"https:\\\/\\\/schema.org\",\"@graph\":[{\"@type\":\"WebPage\",\"@id\":\"https:\\\/\\\/suresms.com\\\/dk\\\/docs\\\/message\\\/newmessage\\\/\",\"url\":\"https:\\\/\\\/suresms.com\\\/dk\\\/docs\\\/message\\\/newmessage\\\/\",\"name\":\"Ny besked -\",\"isPartOf\":{\"@id\":\"https:\\\/\\\/suresms.com\\\/en\\\/#website\"},\"primaryImageOfPage\":{\"@id\":\"https:\\\/\\\/suresms.com\\\/dk\\\/docs\\\/message\\\/newmessage\\\/#primaryimage\"},\"image\":{\"@id\":\"https:\\\/\\\/suresms.com\\\/dk\\\/docs\\\/message\\\/newmessage\\\/#primaryimage\"},\"thumbnailUrl\":\"https:\\\/\\\/suresms.com\\\/wp-content\\\/uploads\\\/2024\\\/07\\\/Ny-besked-skaermbillede-1.png\",\"datePublished\":\"2024-07-10T16:12:05+00:00\",\"dateModified\":\"2026-02-17T05:14:01+00:00\",\"breadcrumb\":{\"@id\":\"https:\\\/\\\/suresms.com\\\/dk\\\/docs\\\/message\\\/newmessage\\\/#breadcrumb\"},\"inLanguage\":\"pl-PL\",\"potentialAction\":[{\"@type\":\"ReadAction\",\"target\":[\"https:\\\/\\\/suresms.com\\\/dk\\\/docs\\\/message\\\/newmessage\\\/\"]}]},{\"@type\":\"ImageObject\",\"inLanguage\":\"pl-PL\",\"@id\":\"https:\\\/\\\/suresms.com\\\/dk\\\/docs\\\/message\\\/newmessage\\\/#primaryimage\",\"url\":\"https:\\\/\\\/suresms.com\\\/wp-content\\\/uploads\\\/2024\\\/07\\\/Ny-besked-skaermbillede-1.png\",\"contentUrl\":\"https:\\\/\\\/suresms.com\\\/wp-content\\\/uploads\\\/2024\\\/07\\\/Ny-besked-skaermbillede-1.png\"},{\"@type\":\"BreadcrumbList\",\"@id\":\"https:\\\/\\\/suresms.com\\\/dk\\\/docs\\\/message\\\/newmessage\\\/#breadcrumb\",\"itemListElement\":[{\"@type\":\"ListItem\",\"position\":1,\"name\":\"Home\",\"item\":\"https:\\\/\\\/suresms.com\\\/dk\\\/\"},{\"@type\":\"ListItem\",\"position\":2,\"name\":\"Dokumentation\",\"item\":\"https:\\\/\\\/suresms.com\\\/dk\\\/docs\\\/\"},{\"@type\":\"ListItem\",\"position\":3,\"name\":\"Beskeder\",\"item\":\"https:\\\/\\\/suresms.com\\\/dk\\\/docs\\\/message\\\/\"},{\"@type\":\"ListItem\",\"position\":4,\"name\":\"Ny besked\"}]},{\"@type\":\"WebSite\",\"@id\":\"https:\\\/\\\/suresms.com\\\/en\\\/#website\",\"url\":\"https:\\\/\\\/suresms.com\\\/en\\\/\",\"name\":\"SureSMS\",\"description\":\"Professionel SMS Gateway\",\"publisher\":{\"@id\":\"https:\\\/\\\/suresms.com\\\/en\\\/#organization\"},\"potentialAction\":[{\"@type\":\"SearchAction\",\"target\":{\"@type\":\"EntryPoint\",\"urlTemplate\":\"https:\\\/\\\/suresms.com\\\/en\\\/?s={search_term_string}\"},\"query-input\":{\"@type\":\"PropertyValueSpecification\",\"valueRequired\":true,\"valueName\":\"search_term_string\"}}],\"inLanguage\":\"pl-PL\"},{\"@type\":\"Organization\",\"@id\":\"https:\\\/\\\/suresms.com\\\/en\\\/#organization\",\"name\":\"SureSMS\",\"url\":\"https:\\\/\\\/suresms.com\\\/en\\\/\",\"logo\":{\"@type\":\"ImageObject\",\"inLanguage\":\"pl-PL\",\"@id\":\"https:\\\/\\\/suresms.com\\\/en\\\/#\\\/schema\\\/logo\\\/image\\\/\",\"url\":\"https:\\\/\\\/suresms.com\\\/wp-content\\\/uploads\\\/2024\\\/11\\\/suresms-300x65-1.png\",\"contentUrl\":\"https:\\\/\\\/suresms.com\\\/wp-content\\\/uploads\\\/2024\\\/11\\\/suresms-300x65-1.png\",\"width\":300,\"height\":65,\"caption\":\"SureSMS\"},\"image\":{\"@id\":\"https:\\\/\\\/suresms.com\\\/en\\\/#\\\/schema\\\/logo\\\/image\\\/\"},\"sameAs\":[\"https:\\\/\\\/www.facebook.com\\\/p\\\/SureSMS-100044607956149\\\/\"]}]}<\/script>\r\n<!-- \/ Yoast SEO Premium plugin. -->","yoast_head_json":{"title":"Nowa wiadomo\u015b\u0107","robots":{"index":"index","follow":"follow","max-snippet":"max-snippet:-1","max-image-preview":"max-image-preview:large","max-video-preview":"max-video-preview:-1"},"canonical":"https:\/\/suresms.com\/pl\/dokumenty\/wiadomosc\/newmessage\/","og_locale":"pl_PL","og_type":"article","og_title":"Ny besked","og_description":"Ny besked Herunder kan du l\u00e6se om sk\u00e6rmbilledet\u00a0Ny besked. Hvert felt er forklaret og uddybende link er tilg\u00e6ngelige for nogle beskrivelser. Opret ny besked Lad os starte med at se sk\u00e6rmbilledet for afsendelse af ny besked. Herunder kan du se det fulde sk\u00e6rmbillede af\u00a0Ny besked.\u00a0I den efterf\u00f8lgende forklaring refereres til dette sk\u00e6rmbillede og de forskellige ... Dowiedz si\u0119 wi\u0119cej","og_url":"https:\/\/suresms.com\/pl\/dokumenty\/wiadomosc\/newmessage\/","article_publisher":"https:\/\/www.facebook.com\/p\/SureSMS-100044607956149\/","article_modified_time":"2026-02-17T05:14:01+00:00","og_image":[{"url":"https:\/\/suresms.com\/wp-content\/uploads\/2024\/07\/Ny-besked-skaermbillede-1.png","type":"","width":"","height":""}],"twitter_card":"summary_large_image","twitter_misc":{"Szacowany czas czytania":"3 minuty"},"schema":{"@context":"https:\/\/schema.org","@graph":[{"@type":"WebPage","@id":"https:\/\/suresms.com\/dk\/docs\/message\/newmessage\/","url":"https:\/\/suresms.com\/dk\/docs\/message\/newmessage\/","name":"Nowa wiadomo\u015b\u0107","isPartOf":{"@id":"https:\/\/suresms.com\/en\/#website"},"primaryImageOfPage":{"@id":"https:\/\/suresms.com\/dk\/docs\/message\/newmessage\/#primaryimage"},"image":{"@id":"https:\/\/suresms.com\/dk\/docs\/message\/newmessage\/#primaryimage"},"thumbnailUrl":"https:\/\/suresms.com\/wp-content\/uploads\/2024\/07\/Ny-besked-skaermbillede-1.png","datePublished":"2024-07-10T16:12:05+00:00","dateModified":"2026-02-17T05:14:01+00:00","breadcrumb":{"@id":"https:\/\/suresms.com\/dk\/docs\/message\/newmessage\/#breadcrumb"},"inLanguage":"pl-PL","potentialAction":[{"@type":"ReadAction","target":["https:\/\/suresms.com\/dk\/docs\/message\/newmessage\/"]}]},{"@type":"ImageObject","inLanguage":"pl-PL","@id":"https:\/\/suresms.com\/dk\/docs\/message\/newmessage\/#primaryimage","url":"https:\/\/suresms.com\/wp-content\/uploads\/2024\/07\/Ny-besked-skaermbillede-1.png","contentUrl":"https:\/\/suresms.com\/wp-content\/uploads\/2024\/07\/Ny-besked-skaermbillede-1.png"},{"@type":"BreadcrumbList","@id":"https:\/\/suresms.com\/dk\/docs\/message\/newmessage\/#breadcrumb","itemListElement":[{"@type":"ListItem","position":1,"name":"Home","item":"https:\/\/suresms.com\/dk\/"},{"@type":"ListItem","position":2,"name":"Dokumentation","item":"https:\/\/suresms.com\/dk\/docs\/"},{"@type":"ListItem","position":3,"name":"Beskeder","item":"https:\/\/suresms.com\/dk\/docs\/message\/"},{"@type":"ListItem","position":4,"name":"Ny besked"}]},{"@type":"WebSite","@id":"https:\/\/suresms.com\/en\/#website","url":"https:\/\/suresms.com\/en\/","name":"SureSMS","description":"Profesjonalna bramka SMS","publisher":{"@id":"https:\/\/suresms.com\/en\/#organization"},"potentialAction":[{"@type":"SearchAction","target":{"@type":"EntryPoint","urlTemplate":"https:\/\/suresms.com\/en\/?s={search_term_string}"},"query-input":{"@type":"PropertyValueSpecification","valueRequired":true,"valueName":"search_term_string"}}],"inLanguage":"pl-PL"},{"@type":"Organization","@id":"https:\/\/suresms.com\/en\/#organization","name":"SureSMS","url":"https:\/\/suresms.com\/en\/","logo":{"@type":"ImageObject","inLanguage":"pl-PL","@id":"https:\/\/suresms.com\/en\/#\/schema\/logo\/image\/","url":"https:\/\/suresms.com\/wp-content\/uploads\/2024\/11\/suresms-300x65-1.png","contentUrl":"https:\/\/suresms.com\/wp-content\/uploads\/2024\/11\/suresms-300x65-1.png","width":300,"height":65,"caption":"SureSMS"},"image":{"@id":"https:\/\/suresms.com\/en\/#\/schema\/logo\/image\/"},"sameAs":["https:\/\/www.facebook.com\/p\/SureSMS-100044607956149\/"]}]}},"_links":{"self":[{"href":"https:\/\/suresms.com\/pl\/wp-json\/wp\/v2\/pages\/18183","targetHints":{"allow":["GET"]}}],"collection":[{"href":"https:\/\/suresms.com\/pl\/wp-json\/wp\/v2\/pages"}],"about":[{"href":"https:\/\/suresms.com\/pl\/wp-json\/wp\/v2\/types\/page"}],"author":[{"embeddable":true,"href":"https:\/\/suresms.com\/pl\/wp-json\/wp\/v2\/users\/1"}],"replies":[{"embeddable":true,"href":"https:\/\/suresms.com\/pl\/wp-json\/wp\/v2\/comments?post=18183"}],"version-history":[{"count":5,"href":"https:\/\/suresms.com\/pl\/wp-json\/wp\/v2\/pages\/18183\/revisions"}],"predecessor-version":[{"id":23828,"href":"https:\/\/suresms.com\/pl\/wp-json\/wp\/v2\/pages\/18183\/revisions\/23828"}],"up":[{"embeddable":true,"href":"https:\/\/suresms.com\/pl\/wp-json\/wp\/v2\/pages\/18168"}],"wp:attachment":[{"href":"https:\/\/suresms.com\/pl\/wp-json\/wp\/v2\/media?parent=18183"}],"wp:term":[{"taxonomy":"category","embeddable":true,"href":"https:\/\/suresms.com\/pl\/wp-json\/wp\/v2\/categories?post=18183"},{"taxonomy":"post_tag","embeddable":true,"href":"https:\/\/suresms.com\/pl\/wp-json\/wp\/v2\/tags?post=18183"}],"curies":[{"name":"wp","href":"https:\/\/api.w.org\/{rel}","templated":true}]}}