{"id":18159,"date":"2024-07-05T10:02:03","date_gmt":"2024-07-05T08:02:03","guid":{"rendered":"https:\/\/www.suresms.com\/dk\/?page_id=18159"},"modified":"2025-07-31T10:42:20","modified_gmt":"2025-07-31T10:42:20","slug":"nazwa-stacji","status":"publish","type":"page","link":"https:\/\/suresms.com\/pl\/docs\/account\/sendername\/","title":{"rendered":"Nazwa nadawcy"},"content":{"rendered":"<!-- Flexy Breadcrumb -->\r\n\t\t\t<div class=\"fbc fbc-page\">\r\n\r\n\t\t\t\t<!-- Breadcrumb wrapper -->\r\n\t\t\t\t<div class=\"fbc-wrap\">\r\n\r\n\t\t\t\t\t<!-- Ordered list-->\r\n\t\t\t\t\t<ol class=\"fbc-items\" itemscope itemtype=\"https:\/\/schema.org\/BreadcrumbList\">\r\n\t\t\t\t\t\t            <li itemprop=\"itemListElement\" itemscope itemtype=\"https:\/\/schema.org\/ListItem\">\r\n                <span itemprop=\"name\">\r\n                    <!-- Home Link -->\r\n                    <a itemprop=\"item\" href=\"https:\/\/suresms.com\/pl\/\">\r\n                    \r\n                                                    <i class=\"fa fa-home\" aria-hidden=\"true\"><\/i>Strona g\u0142\u00f3wna                    <\/a>\r\n                <\/span>\r\n                <meta itemprop=\"position\" content=\"1\" \/><!-- Meta Position-->\r\n             <\/li><li><span class=\"fbc-separator\">\/<\/span><\/li><li class=\"active\" itemprop=\"itemListElement\" itemscope itemtype=\"https:\/\/schema.org\/ListItem\"><span itemprop=\"name\" title=\"Nazwa nadawcy\">Nazwa nadawcy<\/span><meta itemprop=\"position\" content=\"2\" \/><\/li>\t\t\t\t\t<\/ol>\r\n\t\t\t\t\t<div class=\"clearfix\"><\/div>\r\n\t\t\t\t<\/div>\r\n\t\t\t<\/div>\r\n\t\t\t\n<h1>\n\t\t\tNazwa nadawcy i numer telefonu przychodz\u0105cego\t<\/h1>\n\t<p>Mo\u017cna zam\u00f3wi\u0107 inny numer telefonu jako nazw\u0119 nadawcy lub zam\u00f3wi\u0107 tekst jako nazw\u0119 nadawcy. Mo\u017cliwe jest r\u00f3wnie\u017c zam\u00f3wienie przychodz\u0105cego numeru telefonu. Przeczytaj poni\u017cej, aby dowiedzie\u0107 si\u0119, jak to zrobi\u0107.<\/p>\n<h2>\n\t\t\tUtw\u00f3rz nazw\u0119 nadawcy \t<\/h2>\n\t<p>Podczas wysy\u0142ania wiadomo\u015bci SMS mo\u017cna u\u017cy\u0107 nazwy nadawcy. Np. SMS-Service lub MyCompany jako nadawca. W takim przypadku odbiorca nie b\u0119dzie m\u00f3g\u0142 odpowiedzie\u0107 na wiadomo\u015b\u0107 SMS. Mo\u017cna r\u00f3wnie\u017c wybra\u0107 numer telefonu. Mo\u017ce to by\u0107 numer kom\u00f3rkowy stowarzyszenia lub dzia\u0142 obs\u0142ugi klienta firmy. Je\u015bli to zrobisz, a numer jest numerem telefonu kom\u00f3rkowego, odbiorca b\u0119dzie m\u00f3g\u0142 odpowiedzie\u0107 na wiadomo\u015b\u0107 SMS, a odpowied\u017a zostanie wys\u0142ana na ten telefon.<\/p>\n\t<p>Zaloguj si\u0119 do swojego konta SureSMS tutaj : <a href=\"https:\/\/app.suresms.com\" target=\"_blank\" rel=\"noopener\">https:\/\/app.suresms.com<\/a><\/p>\n<p>W menu wybierz <em>Ustawienia -&gt; Nazwa nadawcy<\/em><\/p>\nW menu mo\u017cna teraz wybra\u0107 pomi\u0119dzy<br \/>\n<em>Nowa nazwa nadawcy<br \/>\n<\/em>Na przyk\u0142ad, je\u015bli chcesz, aby nadawc\u0105 by\u0142a nazwa Twojej firmy lub us\u0142ugi.\n<em>Zarejestruj sw\u00f3j w\u0142asny numer<br \/>\n<\/em>Je\u015bli chcesz mie\u0107 mo\u017cliwo\u015b\u0107 wysy\u0142ania z innego numeru telefonu. Po wybraniu tej opcji na numer zostanie wys\u0142ana wiadomo\u015b\u0107 SMS, a odbiorca musi potwierdzi\u0107, \u017ce mo\u017ce wysy\u0142a\u0107 wiadomo\u015bci w swoim imieniu, zanim numer zostanie aktywowany.\n<em>Numer telefonu przychodz\u0105cej wiadomo\u015bci SMS<br \/>\n<\/em>Je\u015bli chcesz otrzymywa\u0107 wiadomo\u015bci SMS na platformie SureSMS, wybierz t\u0119 opcj\u0119. Posiadanie numeru przychodz\u0105cego kosztuje 99,- miesi\u0119cznie.\n<p>Kliknij przycisk <em>Zam\u00f3wienie<\/em><\/p>\n\t\t\t\t\t<video src=\"https:\/\/suresms.com\/wp-content\/uploads\/2025\/07\/OK-Dokumentation-Opret-nyt-afsendernavn.mp4\" alt=\"hosted-video-thumbnail\"><\/video>\n\t\t<h2>\n\t\t\tUsu\u0144 nazw\u0119 nadawcy\t<\/h2>\n\t<p>Zaloguj si\u0119 do swojego konta SureSMS tutaj : <a href=\"https:\/\/app.suresms.com\" target=\"_blank\" rel=\"noopener\">https:\/\/app.suresms.com<\/a><\/p>\n<p>W menu wybierz <em>Ustawienia -&gt; Nazwa nadawcy<\/em><\/p>\n<p>Znajd\u017a nazw\u0119 nadawcy, kt\u00f3r\u0105 chcesz usun\u0105\u0107.<\/p>\n<p>Kliknij kosz obok nazwy.<\/p>\n<p>Teraz ponownie wpisz nazw\u0119 nadawcy w polu i kliknij Usu\u0144.<\/p>\n\t\t\t\t\t<video src=\"https:\/\/suresms.com\/wp-content\/uploads\/2025\/07\/OK-Dokumentation-Slet-afsendernavn.mp4\" alt=\"hosted-video-thumbnail\"><\/video>\n\t\t<h2>\n\t\t\tTworzenie numeru telefonu przychodz\u0105cego\t<\/h2>\n\t<p>Je\u015bli chcesz otrzymywa\u0107 wiadomo\u015bci SMS z odpowiedziami bezpo\u015brednio na platformie SureSMS lub na adres e-mail, potrzebujesz dwukierunkowego rozwi\u0105zania SMS. Najwa\u017cniejsz\u0105 cz\u0119\u015bci\u0105 tego rozwi\u0105zania jest posiadanie numeru telefonu z SureSMS, na kt\u00f3ry mo\u017cna odbiera\u0107 wiadomo\u015bci SMS. Kosztuje to 99,- DKK miesi\u0119cznie. Nie ma mo\u017cliwo\u015bci anulowania numeru.<\/p>\n\t<p>Zaloguj si\u0119 do swojego konta SureSMS tutaj : <a href=\"https:\/\/app.suresms.com\" target=\"_blank\" rel=\"noopener\">https:\/\/app.suresms.com<\/a><\/p>\n<p>Upewnij si\u0119, \u017ce masz wi\u0119cej ni\u017c 99,- na koncie, w przeciwnym razie przejd\u017a do p\u0142atno\u015bci online<\/p>\n<p>W menu wybierz <em>Ustawienia -&gt; Nazwa nadawcy<\/em> a nast\u0119pnie\u00a0<em>Wyb\u00f3r\u00a0<\/em>w prawym g\u00f3rnym rogu.<\/p>\n<p>Wybierz <em>Numer przychodz\u0105cej wiadomo\u015bci SMS <\/em>w podmenu<\/p>\n<p>Wybierz \u017c\u0105dany numer przychodz\u0105cy z listy dost\u0119pnych numer\u00f3w<\/p>\n<p>Kliknij przycisk <em>Zam\u00f3wienie<\/em><\/p>\n<p>Numer przychodz\u0105cy jest natychmiast aktywny.<\/p>\n\t\t\t\t\t\t\t\t\t\tJe\u015bli chcesz otrzymywa\u0107 przychodz\u0105ce wiadomo\u015bci SMS na adres e-mail \n\t\t\t\t\t<p>Kliknij przycisk\u00a0<em>Ustawienia i preferencje<\/em> w menu<\/p>\n<p>Kliknij przycisk\u00a0<em>Konto<\/em><\/p>\n<p>Kliknij przycisk <em>Ustawienia konta<\/em><\/p>\n<p>Kliknij \"edytuj\"<\/p>\n<p>Zaznacz pole wyboru\u00a0<em>Wysy\u0142anie przychodz\u0105cych wiadomo\u015bci SMS jako wiadomo\u015bci e-mail<\/em><\/p>\n<p>Upewnij si\u0119, \u017ce adres e-mail jest poprawny<\/p>\n<p>Kliknij przycisk <em>Klejnot<\/em><\/p>\n\t\t\t\t\t<video src=\"https:\/\/suresms.com\/wp-content\/uploads\/2024\/07\/Dokumentation-Bestil-indgaaende-SMS-nummer.mp4\" alt=\"hosted-video-thumbnail\"><\/video>\n\t\t<h2>\n\t\t\tUsuwanie numeru telefonu przychodz\u0105cego\t<\/h2>\n\t<p>Je\u015bli numer przychodz\u0105cej wiadomo\u015bci SMS nie jest ju\u017c potrzebny, warto go usun\u0105\u0107. Zapobiegnie to omy\u0142kowemu wysy\u0142aniu wiadomo\u015bci do odbiorc\u00f3w i pozwoli zaoszcz\u0119dzi\u0107 pieni\u0105dze. Przeczytaj poni\u017cej, jak usun\u0105\u0107 numer przychodz\u0105cej wiadomo\u015bci SMS.<\/p>\n\t<p>Zaloguj si\u0119 do swojego konta SureSMS tutaj : <a href=\"https:\/\/app.suresms.com\" target=\"_blank\" rel=\"noopener\">https:\/\/app.suresms.com<\/a><\/p>\n<p>Upewnij si\u0119, \u017ce masz wi\u0119cej ni\u017c 99,- na koncie, w przeciwnym razie przejd\u017a do p\u0142atno\u015bci online<\/p>\n<p>W menu wybierz <em>Ustawienia -&gt; Nazwa nadawcy<\/em><\/p>\n<p>Kliknij przycisk <em>Usu\u0144 <\/em>obok numeru lub nazwy, kt\u00f3r\u0105 chcesz usun\u0105\u0107<\/p>\n<p>Wpisz ponownie numer lub nazw\u0119 i kliknij <em>OK<\/em><\/p>\n<p>Tw\u00f3j numer zostanie natychmiast usuni\u0119ty. Op\u0142ata za numer jest naliczana ka\u017cdego 1. dnia miesi\u0105ca.<\/p>\n<p>U\u017cytkownik nie otrzyma zwrotu wp\u0142aconych kwot.\u00a0<\/p>\n\t\t\t\t\t<video src=\"https:\/\/suresms.com\/wp-content\/uploads\/2024\/07\/Dokumentation-Slet-afsendernavn-og-indgaaende-SMS-nummer.mp4\" alt=\"hosted-video-thumbnail\"><\/video>","protected":false},"excerpt":{"rendered":"<p>Nazwa nadawcy i numer telefonu przychodz\u0105cego Mo\u017cna zam\u00f3wi\u0107 inny numer telefonu jako nazw\u0119 nadawcy lub zam\u00f3wi\u0107 tekst jako nazw\u0119 nadawcy. Mo\u017cliwe jest r\u00f3wnie\u017c zam\u00f3wienie przychodz\u0105cego numeru telefonu. Przeczytaj poni\u017cej, aby dowiedzie\u0107 si\u0119, jak to zrobi\u0107. Utw\u00f3rz nazw\u0119 nadawcy Mo\u017cesz wybra\u0107 nazw\u0119 nadawcy podczas wysy\u0142ania wiadomo\u015bci SMS. Na przyk\u0142ad SMS-Service lub MyCompany jako nadawca. Je\u015bli to zrobisz, ... <a title=\"Nazwa nadawcy\" class=\"read-more\" href=\"https:\/\/suresms.com\/pl\/docs\/account\/sendername\/\" aria-label=\"Dowiedz si\u0119 wi\u0119cej o nazwie nadawcy\">Dowiedz si\u0119 wi\u0119cej<\/a><\/p>","protected":false},"author":1,"featured_media":0,"parent":18156,"menu_order":0,"comment_status":"closed","ping_status":"closed","template":"","meta":{"_fl_builder_enabled":"1","_fl_builder_data":null,"_fl_builder_draft":null,"_fl_builder_data_settings":null,"_fl_builder_css":"","_fl_builder_css_version":"","_fl_builder_js":"","footnotes":""},"categories":[],"tags":[],"class_list":["post-18159","page","type-page","status-publish"],"yoast_head":"<!-- This site is optimized with the Yoast SEO Premium plugin v27.3 (Yoast SEO v27.3) - https:\/\/yoast.com\/product\/yoast-seo-premium-wordpress\/ -->\r\n<title>Afsendernavn -<\/title>\r\n<meta name=\"robots\" content=\"index, follow, max-snippet:-1, max-image-preview:large, max-video-preview:-1\" \/>\r\n<link rel=\"canonical\" href=\"https:\/\/suresms.com\/pl\/dokumenty\/konto\/nazwa-stacji\/\" \/>\r\n<meta property=\"og:locale\" content=\"pl_PL\" \/>\r\n<meta property=\"og:type\" content=\"article\" \/>\r\n<meta property=\"og:title\" content=\"Afsendernavn\" \/>\r\n<meta property=\"og:description\" content=\"Afsendernavn og indg\u00e5ende telefonnummer Du kan bestille et andet telefonnummer som afsendernavn eller du kan bestille en tekst som afsendernavn. Det er ogs\u00e5 muligt at bestille et indg\u00e5ende telefonnummer. L\u00e6s herunder hvordan. Opret afsendernavn Du kan v\u00e6lge at bruge et afsendernavn n\u00e5r du sender din SMS. F.eks. SMS-Service eller MitFirma som afsender. G\u00f8r du det, ... Dowiedz si\u0119 wi\u0119cej\" \/>\r\n<meta property=\"og:url\" content=\"https:\/\/suresms.com\/pl\/dokumenty\/konto\/nazwa-stacji\/\" \/>\r\n<meta property=\"article:publisher\" content=\"https:\/\/www.facebook.com\/p\/SureSMS-100044607956149\/\" \/>\r\n<meta property=\"article:modified_time\" content=\"2025-07-31T10:42:20+00:00\" \/>\r\n<meta name=\"twitter:card\" content=\"summary_large_image\" \/>\r\n<meta name=\"twitter:label1\" content=\"Szacowany czas czytania\" \/>\n\t<meta name=\"twitter:data1\" content=\"1 minuta\" \/>\r\n<script type=\"application\/ld+json\" class=\"yoast-schema-graph\">{\"@context\":\"https:\\\/\\\/schema.org\",\"@graph\":[{\"@type\":\"WebPage\",\"@id\":\"https:\\\/\\\/suresms.com\\\/dk\\\/docs\\\/account\\\/sendername\\\/\",\"url\":\"https:\\\/\\\/suresms.com\\\/dk\\\/docs\\\/account\\\/sendername\\\/\",\"name\":\"Afsendernavn -\",\"isPartOf\":{\"@id\":\"https:\\\/\\\/suresms.com\\\/en\\\/#website\"},\"datePublished\":\"2024-07-05T08:02:03+00:00\",\"dateModified\":\"2025-07-31T10:42:20+00:00\",\"breadcrumb\":{\"@id\":\"https:\\\/\\\/suresms.com\\\/dk\\\/docs\\\/account\\\/sendername\\\/#breadcrumb\"},\"inLanguage\":\"pl-PL\",\"potentialAction\":[{\"@type\":\"ReadAction\",\"target\":[\"https:\\\/\\\/suresms.com\\\/dk\\\/docs\\\/account\\\/sendername\\\/\"]}]},{\"@type\":\"BreadcrumbList\",\"@id\":\"https:\\\/\\\/suresms.com\\\/dk\\\/docs\\\/account\\\/sendername\\\/#breadcrumb\",\"itemListElement\":[{\"@type\":\"ListItem\",\"position\":1,\"name\":\"Home\",\"item\":\"https:\\\/\\\/suresms.com\\\/dk\\\/\"},{\"@type\":\"ListItem\",\"position\":2,\"name\":\"Dokumentation\",\"item\":\"https:\\\/\\\/suresms.com\\\/dk\\\/docs\\\/\"},{\"@type\":\"ListItem\",\"position\":3,\"name\":\"Konto\",\"item\":\"https:\\\/\\\/suresms.com\\\/dk\\\/docs\\\/account\\\/\"},{\"@type\":\"ListItem\",\"position\":4,\"name\":\"Afsendernavn\"}]},{\"@type\":\"WebSite\",\"@id\":\"https:\\\/\\\/suresms.com\\\/en\\\/#website\",\"url\":\"https:\\\/\\\/suresms.com\\\/en\\\/\",\"name\":\"SureSMS\",\"description\":\"Professionel SMS Gateway\",\"publisher\":{\"@id\":\"https:\\\/\\\/suresms.com\\\/en\\\/#organization\"},\"potentialAction\":[{\"@type\":\"SearchAction\",\"target\":{\"@type\":\"EntryPoint\",\"urlTemplate\":\"https:\\\/\\\/suresms.com\\\/en\\\/?s={search_term_string}\"},\"query-input\":{\"@type\":\"PropertyValueSpecification\",\"valueRequired\":true,\"valueName\":\"search_term_string\"}}],\"inLanguage\":\"pl-PL\"},{\"@type\":\"Organization\",\"@id\":\"https:\\\/\\\/suresms.com\\\/en\\\/#organization\",\"name\":\"SureSMS\",\"url\":\"https:\\\/\\\/suresms.com\\\/en\\\/\",\"logo\":{\"@type\":\"ImageObject\",\"inLanguage\":\"pl-PL\",\"@id\":\"https:\\\/\\\/suresms.com\\\/en\\\/#\\\/schema\\\/logo\\\/image\\\/\",\"url\":\"https:\\\/\\\/suresms.com\\\/wp-content\\\/uploads\\\/2024\\\/11\\\/suresms-300x65-1.png\",\"contentUrl\":\"https:\\\/\\\/suresms.com\\\/wp-content\\\/uploads\\\/2024\\\/11\\\/suresms-300x65-1.png\",\"width\":300,\"height\":65,\"caption\":\"SureSMS\"},\"image\":{\"@id\":\"https:\\\/\\\/suresms.com\\\/en\\\/#\\\/schema\\\/logo\\\/image\\\/\"},\"sameAs\":[\"https:\\\/\\\/www.facebook.com\\\/p\\\/SureSMS-100044607956149\\\/\"]}]}<\/script>\r\n<!-- \/ Yoast SEO Premium plugin. -->","yoast_head_json":{"title":"Nazwa nadawcy","robots":{"index":"index","follow":"follow","max-snippet":"max-snippet:-1","max-image-preview":"max-image-preview:large","max-video-preview":"max-video-preview:-1"},"canonical":"https:\/\/suresms.com\/pl\/dokumenty\/konto\/nazwa-stacji\/","og_locale":"pl_PL","og_type":"article","og_title":"Afsendernavn","og_description":"Afsendernavn og indg\u00e5ende telefonnummer Du kan bestille et andet telefonnummer som afsendernavn eller du kan bestille en tekst som afsendernavn. Det er ogs\u00e5 muligt at bestille et indg\u00e5ende telefonnummer. L\u00e6s herunder hvordan. Opret afsendernavn Du kan v\u00e6lge at bruge et afsendernavn n\u00e5r du sender din SMS. F.eks. SMS-Service eller MitFirma som afsender. G\u00f8r du det, ... Dowiedz si\u0119 wi\u0119cej","og_url":"https:\/\/suresms.com\/pl\/dokumenty\/konto\/nazwa-stacji\/","article_publisher":"https:\/\/www.facebook.com\/p\/SureSMS-100044607956149\/","article_modified_time":"2025-07-31T10:42:20+00:00","twitter_card":"summary_large_image","twitter_misc":{"Szacowany czas czytania":"1 minuta"},"schema":{"@context":"https:\/\/schema.org","@graph":[{"@type":"WebPage","@id":"https:\/\/suresms.com\/dk\/docs\/account\/sendername\/","url":"https:\/\/suresms.com\/dk\/docs\/account\/sendername\/","name":"Nazwa nadawcy","isPartOf":{"@id":"https:\/\/suresms.com\/en\/#website"},"datePublished":"2024-07-05T08:02:03+00:00","dateModified":"2025-07-31T10:42:20+00:00","breadcrumb":{"@id":"https:\/\/suresms.com\/dk\/docs\/account\/sendername\/#breadcrumb"},"inLanguage":"pl-PL","potentialAction":[{"@type":"ReadAction","target":["https:\/\/suresms.com\/dk\/docs\/account\/sendername\/"]}]},{"@type":"BreadcrumbList","@id":"https:\/\/suresms.com\/dk\/docs\/account\/sendername\/#breadcrumb","itemListElement":[{"@type":"ListItem","position":1,"name":"Home","item":"https:\/\/suresms.com\/dk\/"},{"@type":"ListItem","position":2,"name":"Dokumentation","item":"https:\/\/suresms.com\/dk\/docs\/"},{"@type":"ListItem","position":3,"name":"Konto","item":"https:\/\/suresms.com\/dk\/docs\/account\/"},{"@type":"ListItem","position":4,"name":"Afsendernavn"}]},{"@type":"WebSite","@id":"https:\/\/suresms.com\/en\/#website","url":"https:\/\/suresms.com\/en\/","name":"SureSMS","description":"Profesjonalna bramka SMS","publisher":{"@id":"https:\/\/suresms.com\/en\/#organization"},"potentialAction":[{"@type":"SearchAction","target":{"@type":"EntryPoint","urlTemplate":"https:\/\/suresms.com\/en\/?s={search_term_string}"},"query-input":{"@type":"PropertyValueSpecification","valueRequired":true,"valueName":"search_term_string"}}],"inLanguage":"pl-PL"},{"@type":"Organization","@id":"https:\/\/suresms.com\/en\/#organization","name":"SureSMS","url":"https:\/\/suresms.com\/en\/","logo":{"@type":"ImageObject","inLanguage":"pl-PL","@id":"https:\/\/suresms.com\/en\/#\/schema\/logo\/image\/","url":"https:\/\/suresms.com\/wp-content\/uploads\/2024\/11\/suresms-300x65-1.png","contentUrl":"https:\/\/suresms.com\/wp-content\/uploads\/2024\/11\/suresms-300x65-1.png","width":300,"height":65,"caption":"SureSMS"},"image":{"@id":"https:\/\/suresms.com\/en\/#\/schema\/logo\/image\/"},"sameAs":["https:\/\/www.facebook.com\/p\/SureSMS-100044607956149\/"]}]}},"_links":{"self":[{"href":"https:\/\/suresms.com\/pl\/wp-json\/wp\/v2\/pages\/18159","targetHints":{"allow":["GET"]}}],"collection":[{"href":"https:\/\/suresms.com\/pl\/wp-json\/wp\/v2\/pages"}],"about":[{"href":"https:\/\/suresms.com\/pl\/wp-json\/wp\/v2\/types\/page"}],"author":[{"embeddable":true,"href":"https:\/\/suresms.com\/pl\/wp-json\/wp\/v2\/users\/1"}],"replies":[{"embeddable":true,"href":"https:\/\/suresms.com\/pl\/wp-json\/wp\/v2\/comments?post=18159"}],"version-history":[{"count":1,"href":"https:\/\/suresms.com\/pl\/wp-json\/wp\/v2\/pages\/18159\/revisions"}],"predecessor-version":[{"id":23457,"href":"https:\/\/suresms.com\/pl\/wp-json\/wp\/v2\/pages\/18159\/revisions\/23457"}],"up":[{"embeddable":true,"href":"https:\/\/suresms.com\/pl\/wp-json\/wp\/v2\/pages\/18156"}],"wp:attachment":[{"href":"https:\/\/suresms.com\/pl\/wp-json\/wp\/v2\/media?parent=18159"}],"wp:term":[{"taxonomy":"category","embeddable":true,"href":"https:\/\/suresms.com\/pl\/wp-json\/wp\/v2\/categories?post=18159"},{"taxonomy":"post_tag","embeddable":true,"href":"https:\/\/suresms.com\/pl\/wp-json\/wp\/v2\/tags?post=18159"}],"curies":[{"name":"wp","href":"https:\/\/api.w.org\/{rel}","templated":true}]}}