{"id":18135,"date":"2024-07-04T15:57:50","date_gmt":"2024-07-04T13:57:50","guid":{"rendered":"https:\/\/www.suresms.com\/dk\/?page_id=18135"},"modified":"2024-07-04T15:57:50","modified_gmt":"2024-07-04T13:57:50","slug":"oswiadczenie","status":"publish","type":"page","link":"https:\/\/suresms.com\/pl\/docs\/finance\/invoice-statement\/statement\/","title":{"rendered":"Wyci\u0105g bankowy"},"content":{"rendered":"<!-- Flexy Breadcrumb -->\r\n\t\t\t<div class=\"fbc fbc-page\">\r\n\r\n\t\t\t\t<!-- Breadcrumb wrapper -->\r\n\t\t\t\t<div class=\"fbc-wrap\">\r\n\r\n\t\t\t\t\t<!-- Ordered list-->\r\n\t\t\t\t\t<ol class=\"fbc-items\" itemscope itemtype=\"https:\/\/schema.org\/BreadcrumbList\">\r\n\t\t\t\t\t\t            <li itemprop=\"itemListElement\" itemscope itemtype=\"https:\/\/schema.org\/ListItem\">\r\n                <span itemprop=\"name\">\r\n                    <!-- Home Link -->\r\n                    <a itemprop=\"item\" href=\"https:\/\/suresms.com\/pl\/\">\r\n                    \r\n                                                    <i class=\"fa fa-home\" aria-hidden=\"true\"><\/i>Strona g\u0142\u00f3wna                    <\/a>\r\n                <\/span>\r\n                <meta itemprop=\"position\" content=\"1\" \/><!-- Meta Position-->\r\n             <\/li><li><span class=\"fbc-separator\">\/<\/span><\/li><li class=\"active\" itemprop=\"itemListElement\" itemscope itemtype=\"https:\/\/schema.org\/ListItem\"><span itemprop=\"name\" title=\"Wyci\u0105g bankowy\">Wyci\u0105g bankowy<\/span><meta itemprop=\"position\" content=\"2\" \/><\/li>\t\t\t\t\t<\/ol>\r\n\t\t\t\t\t<div class=\"clearfix\"><\/div>\r\n\t\t\t\t<\/div>\r\n\t\t\t<\/div>\r\n\t\t\t\n<h1>\n\t\tWyci\u0105g bankowy\n\t<\/h1>\n\t<p>Zobacz tutaj, jak zam\u00f3wi\u0107 wyci\u0105g bankowy z konta SureSMS.<\/p>\n\t<p>Zaloguj si\u0119 do swojego konta SureSMS tutaj : <a href=\"https:\/\/app.suresms.com\" target=\"_blank\" rel=\"noopener\">https:\/\/app.suresms.com<\/a><\/p>\n<p>W menu wybierz <em>Finansowe -&gt; Historia p\u0142atno\u015bci<\/em><\/p>\n<p>W prawym g\u00f3rnym rogu kliknij <em>\"Wyb\u00f3r\"<\/em><\/p>\n<p>Wybierz <em>Pobierz wyci\u0105g bankowy\u00a0<\/em>W podmenu<\/p>\n<p>Wprowad\u017a adres e-mail, na kt\u00f3ry ma zosta\u0107 wys\u0142any wyci\u0105g.<\/p>\n<p>Wybierz dat\u0119 ko\u0144cow\u0105 wyci\u0105gu bankowego<\/p>\n<p>Kliknij przycisk OK<\/p>\n\t\t\t\t\t<video src=\"https:\/\/suresms.com\/wp-content\/uploads\/2024\/07\/Dokumentation-Bestil-kontoudtog.mp4\" alt=\"hosted-video-thumbnail\"><\/video>","protected":false},"excerpt":{"rendered":"<p>Wyci\u0105g bankowy Zobacz tutaj, jak zam\u00f3wi\u0107 wyci\u0105g bankowy z konta SureSMS. Zaloguj si\u0119 do swojego konta SureSMS tutaj: https:\/\/app.suresms.com W menu wybierz Finansowe -&gt; Historia p\u0142atno\u015bci W prawym g\u00f3rnym rogu kliknij \"Opcje\" Wybierz Pobierz wyci\u0105g bankowy W podmenu wprowad\u017a adres e-mail, na kt\u00f3ry chcesz otrzyma\u0107 wyci\u0105g bankowy Wybierz dat\u0119 ko\u0144cow\u0105 wyci\u0105gu bankowego.... <a title=\"Wyci\u0105g bankowy\" class=\"read-more\" href=\"https:\/\/suresms.com\/pl\/docs\/finance\/invoice-statement\/statement\/\" aria-label=\"Dowiedz si\u0119 wi\u0119cej o Kontoudtog\">Dowiedz si\u0119 wi\u0119cej<\/a><\/p>","protected":false},"author":1,"featured_media":0,"parent":18132,"menu_order":0,"comment_status":"closed","ping_status":"closed","template":"","meta":{"_fl_builder_enabled":"1","_fl_builder_data":null,"_fl_builder_draft":null,"_fl_builder_data_settings":null,"_fl_builder_css":"","_fl_builder_css_version":"","_fl_builder_js":"","footnotes":""},"categories":[],"tags":[],"class_list":["post-18135","page","type-page","status-publish"],"yoast_head":"<!-- This site is optimized with the Yoast SEO Premium plugin v27.3 (Yoast SEO v27.3) - https:\/\/yoast.com\/product\/yoast-seo-premium-wordpress\/ -->\r\n<title>Kontoudtog -<\/title>\r\n<meta name=\"robots\" content=\"index, follow, max-snippet:-1, max-image-preview:large, max-video-preview:-1\" \/>\r\n<link rel=\"canonical\" href=\"https:\/\/suresms.com\/pl\/dokumenty\/finanse\/wyciag-z-faktury\/oswiadczenie\/\" \/>\r\n<meta property=\"og:locale\" content=\"pl_PL\" \/>\r\n<meta property=\"og:type\" content=\"article\" \/>\r\n<meta property=\"og:title\" content=\"Kontoudtog\" \/>\r\n<meta property=\"og:description\" content=\"Kontoudtog Se her hvordan du bestiller et kontoudtog fra din SureSMS konto. Log ind p\u00e5 din SureSMS konto her : https:\/\/app.suresms.com I menuen v\u00e6lger du Financiel -&gt; Betalingshistorik I \u00f8verste h\u00f8jre hj\u00f8rne klikker du p\u00e5 &#8220;Valg&#8221; V\u00e6lg Hent kontoudtog\u00a0I undermenuen Indtast den email adresse du gerne vil have kontoudtoget sendt til V\u00e6lg slutdatoen for kontoudtoget ... Dowiedz si\u0119 wi\u0119cej\" \/>\r\n<meta property=\"og:url\" content=\"https:\/\/suresms.com\/pl\/dokumenty\/finanse\/wyciag-z-faktury\/oswiadczenie\/\" \/>\r\n<meta property=\"article:publisher\" content=\"https:\/\/www.facebook.com\/p\/SureSMS-100044607956149\/\" \/>\r\n<meta name=\"twitter:card\" content=\"summary_large_image\" \/>\r\n<meta name=\"twitter:label1\" content=\"Szacowany czas czytania\" \/>\n\t<meta name=\"twitter:data1\" content=\"1 minuta\" \/>\r\n<script type=\"application\/ld+json\" class=\"yoast-schema-graph\">{\"@context\":\"https:\\\/\\\/schema.org\",\"@graph\":[{\"@type\":\"WebPage\",\"@id\":\"https:\\\/\\\/suresms.com\\\/dk\\\/docs\\\/finance\\\/invoice-statement\\\/statement\\\/\",\"url\":\"https:\\\/\\\/suresms.com\\\/dk\\\/docs\\\/finance\\\/invoice-statement\\\/statement\\\/\",\"name\":\"Kontoudtog -\",\"isPartOf\":{\"@id\":\"https:\\\/\\\/suresms.com\\\/en\\\/#website\"},\"datePublished\":\"2024-07-04T13:57:50+00:00\",\"breadcrumb\":{\"@id\":\"https:\\\/\\\/suresms.com\\\/dk\\\/docs\\\/finance\\\/invoice-statement\\\/statement\\\/#breadcrumb\"},\"inLanguage\":\"pl-PL\",\"potentialAction\":[{\"@type\":\"ReadAction\",\"target\":[\"https:\\\/\\\/suresms.com\\\/dk\\\/docs\\\/finance\\\/invoice-statement\\\/statement\\\/\"]}]},{\"@type\":\"BreadcrumbList\",\"@id\":\"https:\\\/\\\/suresms.com\\\/dk\\\/docs\\\/finance\\\/invoice-statement\\\/statement\\\/#breadcrumb\",\"itemListElement\":[{\"@type\":\"ListItem\",\"position\":1,\"name\":\"Home\",\"item\":\"https:\\\/\\\/suresms.com\\\/dk\\\/\"},{\"@type\":\"ListItem\",\"position\":2,\"name\":\"Dokumentation\",\"item\":\"https:\\\/\\\/suresms.com\\\/dk\\\/docs\\\/\"},{\"@type\":\"ListItem\",\"position\":3,\"name\":\"\u00d8konomi\",\"item\":\"https:\\\/\\\/suresms.com\\\/dk\\\/docs\\\/finance\\\/\"},{\"@type\":\"ListItem\",\"position\":4,\"name\":\"Faktura og kontoudtog\",\"item\":\"https:\\\/\\\/suresms.com\\\/dk\\\/docs\\\/finance\\\/invoice-statement\\\/\"},{\"@type\":\"ListItem\",\"position\":5,\"name\":\"Kontoudtog\"}]},{\"@type\":\"WebSite\",\"@id\":\"https:\\\/\\\/suresms.com\\\/en\\\/#website\",\"url\":\"https:\\\/\\\/suresms.com\\\/en\\\/\",\"name\":\"SureSMS\",\"description\":\"Professionel SMS Gateway\",\"publisher\":{\"@id\":\"https:\\\/\\\/suresms.com\\\/en\\\/#organization\"},\"potentialAction\":[{\"@type\":\"SearchAction\",\"target\":{\"@type\":\"EntryPoint\",\"urlTemplate\":\"https:\\\/\\\/suresms.com\\\/en\\\/?s={search_term_string}\"},\"query-input\":{\"@type\":\"PropertyValueSpecification\",\"valueRequired\":true,\"valueName\":\"search_term_string\"}}],\"inLanguage\":\"pl-PL\"},{\"@type\":\"Organization\",\"@id\":\"https:\\\/\\\/suresms.com\\\/en\\\/#organization\",\"name\":\"SureSMS\",\"url\":\"https:\\\/\\\/suresms.com\\\/en\\\/\",\"logo\":{\"@type\":\"ImageObject\",\"inLanguage\":\"pl-PL\",\"@id\":\"https:\\\/\\\/suresms.com\\\/en\\\/#\\\/schema\\\/logo\\\/image\\\/\",\"url\":\"https:\\\/\\\/suresms.com\\\/wp-content\\\/uploads\\\/2024\\\/11\\\/suresms-300x65-1.png\",\"contentUrl\":\"https:\\\/\\\/suresms.com\\\/wp-content\\\/uploads\\\/2024\\\/11\\\/suresms-300x65-1.png\",\"width\":300,\"height\":65,\"caption\":\"SureSMS\"},\"image\":{\"@id\":\"https:\\\/\\\/suresms.com\\\/en\\\/#\\\/schema\\\/logo\\\/image\\\/\"},\"sameAs\":[\"https:\\\/\\\/www.facebook.com\\\/p\\\/SureSMS-100044607956149\\\/\"]}]}<\/script>\r\n<!-- \/ Yoast SEO Premium plugin. -->","yoast_head_json":{"title":"Wyci\u0105gi bankowe","robots":{"index":"index","follow":"follow","max-snippet":"max-snippet:-1","max-image-preview":"max-image-preview:large","max-video-preview":"max-video-preview:-1"},"canonical":"https:\/\/suresms.com\/pl\/dokumenty\/finanse\/wyciag-z-faktury\/oswiadczenie\/","og_locale":"pl_PL","og_type":"article","og_title":"Kontoudtog","og_description":"Kontoudtog Se her hvordan du bestiller et kontoudtog fra din SureSMS konto. Log ind p\u00e5 din SureSMS konto her : https:\/\/app.suresms.com I menuen v\u00e6lger du Financiel -&gt; Betalingshistorik I \u00f8verste h\u00f8jre hj\u00f8rne klikker du p\u00e5 &#8220;Valg&#8221; V\u00e6lg Hent kontoudtog\u00a0I undermenuen Indtast den email adresse du gerne vil have kontoudtoget sendt til V\u00e6lg slutdatoen for kontoudtoget ... Dowiedz si\u0119 wi\u0119cej","og_url":"https:\/\/suresms.com\/pl\/dokumenty\/finanse\/wyciag-z-faktury\/oswiadczenie\/","article_publisher":"https:\/\/www.facebook.com\/p\/SureSMS-100044607956149\/","twitter_card":"summary_large_image","twitter_misc":{"Szacowany czas czytania":"1 minuta"},"schema":{"@context":"https:\/\/schema.org","@graph":[{"@type":"WebPage","@id":"https:\/\/suresms.com\/dk\/docs\/finance\/invoice-statement\/statement\/","url":"https:\/\/suresms.com\/dk\/docs\/finance\/invoice-statement\/statement\/","name":"Wyci\u0105gi bankowe","isPartOf":{"@id":"https:\/\/suresms.com\/en\/#website"},"datePublished":"2024-07-04T13:57:50+00:00","breadcrumb":{"@id":"https:\/\/suresms.com\/dk\/docs\/finance\/invoice-statement\/statement\/#breadcrumb"},"inLanguage":"pl-PL","potentialAction":[{"@type":"ReadAction","target":["https:\/\/suresms.com\/dk\/docs\/finance\/invoice-statement\/statement\/"]}]},{"@type":"BreadcrumbList","@id":"https:\/\/suresms.com\/dk\/docs\/finance\/invoice-statement\/statement\/#breadcrumb","itemListElement":[{"@type":"ListItem","position":1,"name":"Home","item":"https:\/\/suresms.com\/dk\/"},{"@type":"ListItem","position":2,"name":"Dokumentation","item":"https:\/\/suresms.com\/dk\/docs\/"},{"@type":"ListItem","position":3,"name":"\u00d8konomi","item":"https:\/\/suresms.com\/dk\/docs\/finance\/"},{"@type":"ListItem","position":4,"name":"Faktura og kontoudtog","item":"https:\/\/suresms.com\/dk\/docs\/finance\/invoice-statement\/"},{"@type":"ListItem","position":5,"name":"Kontoudtog"}]},{"@type":"WebSite","@id":"https:\/\/suresms.com\/en\/#website","url":"https:\/\/suresms.com\/en\/","name":"SureSMS","description":"Profesjonalna bramka SMS","publisher":{"@id":"https:\/\/suresms.com\/en\/#organization"},"potentialAction":[{"@type":"SearchAction","target":{"@type":"EntryPoint","urlTemplate":"https:\/\/suresms.com\/en\/?s={search_term_string}"},"query-input":{"@type":"PropertyValueSpecification","valueRequired":true,"valueName":"search_term_string"}}],"inLanguage":"pl-PL"},{"@type":"Organization","@id":"https:\/\/suresms.com\/en\/#organization","name":"SureSMS","url":"https:\/\/suresms.com\/en\/","logo":{"@type":"ImageObject","inLanguage":"pl-PL","@id":"https:\/\/suresms.com\/en\/#\/schema\/logo\/image\/","url":"https:\/\/suresms.com\/wp-content\/uploads\/2024\/11\/suresms-300x65-1.png","contentUrl":"https:\/\/suresms.com\/wp-content\/uploads\/2024\/11\/suresms-300x65-1.png","width":300,"height":65,"caption":"SureSMS"},"image":{"@id":"https:\/\/suresms.com\/en\/#\/schema\/logo\/image\/"},"sameAs":["https:\/\/www.facebook.com\/p\/SureSMS-100044607956149\/"]}]}},"_links":{"self":[{"href":"https:\/\/suresms.com\/pl\/wp-json\/wp\/v2\/pages\/18135","targetHints":{"allow":["GET"]}}],"collection":[{"href":"https:\/\/suresms.com\/pl\/wp-json\/wp\/v2\/pages"}],"about":[{"href":"https:\/\/suresms.com\/pl\/wp-json\/wp\/v2\/types\/page"}],"author":[{"embeddable":true,"href":"https:\/\/suresms.com\/pl\/wp-json\/wp\/v2\/users\/1"}],"replies":[{"embeddable":true,"href":"https:\/\/suresms.com\/pl\/wp-json\/wp\/v2\/comments?post=18135"}],"version-history":[{"count":0,"href":"https:\/\/suresms.com\/pl\/wp-json\/wp\/v2\/pages\/18135\/revisions"}],"up":[{"embeddable":true,"href":"https:\/\/suresms.com\/pl\/wp-json\/wp\/v2\/pages\/18132"}],"wp:attachment":[{"href":"https:\/\/suresms.com\/pl\/wp-json\/wp\/v2\/media?parent=18135"}],"wp:term":[{"taxonomy":"category","embeddable":true,"href":"https:\/\/suresms.com\/pl\/wp-json\/wp\/v2\/categories?post=18135"},{"taxonomy":"post_tag","embeddable":true,"href":"https:\/\/suresms.com\/pl\/wp-json\/wp\/v2\/tags?post=18135"}],"curies":[{"name":"wp","href":"https:\/\/api.w.org\/{rel}","templated":true}]}}