{"id":18121,"date":"2024-07-04T14:34:42","date_gmt":"2024-07-04T12:34:42","guid":{"rendered":"https:\/\/www.suresms.com\/dk\/?page_id=18121"},"modified":"2025-11-11T10:39:49","modified_gmt":"2025-11-11T10:39:49","slug":"dokumenty","status":"publish","type":"page","link":"https:\/\/suresms.com\/pl\/docs\/","title":{"rendered":"Dokumentacja"},"content":{"rendered":"<h1>\n\t\t\tJak korzysta\u0107 z aplikacji SureSMS\t<\/h1>\n\t<p>Poni\u017cej znajduj\u0105 si\u0119 opisy poszczeg\u00f3lnych funkcji menu. Znajdziesz tu r\u00f3wnie\u017c sekcj\u0119 z przewodnikami na temat konfigurowania bardziej z\u0142o\u017conych rozwi\u0105za\u0144.<\/p>\n\t<a href=\"https:\/\/suresms.com\/pl\/dokumenty\/wiadomosc\/\" target=\"_self\"  aria-label=\"Przejd\u017a do https:\/\/suresms.com\/dk\/docs\/message\/\"><\/a>\n\t\t<h3>Wiadomo\u015bci<\/h3>\t\t\t\n\t\t\t\t<p>Dowiedz si\u0119, jak wys\u0142a\u0107 now\u0105 wiadomo\u015b\u0107. Gdzie mo\u017cna zobaczy\u0107 wys\u0142ane i odebrane wiadomo\u015bci.\u00a0<\/p>\n\t<a href=\"https:\/\/suresms.com\/pl\/dokumenty\/ksiazka-adresowa\/\" target=\"_self\"  aria-label=\"Przejd\u017a do https:\/\/suresms.com\/dk\/docs\/addressbook\/\"><\/a>\n\t\t<h3>Ksi\u0105\u017cka adresowa<\/h3>\t\t\t\n\t\t\t\t<p>Przeczytaj o kontaktach i ich importowaniu. Przeczytaj o grupach i sposobie organizowania kontakt\u00f3w w grupy.\u00a0<\/p>\n\t<a href=\"https:\/\/suresms.com\/pl\/dokumenty\/raport\/\" target=\"_self\"  aria-label=\"Przejd\u017a do https:\/\/suresms.com\/dk\/docs\/report\/\"><\/a>\n\t\t<h3>Raporty<\/h3>\t\t\t\n\t\t\t\t<p>Przeczytaj o raportach, kt\u00f3re mo\u017cna wyodr\u0119bni\u0107 z systemu. Eksport raport\u00f3w.<\/p>\n\t<a href=\"https:\/\/suresms.com\/pl\/dokumenty\/rozwiazywanie-problemow\/\" target=\"_self\"  aria-label=\"Przejd\u017a do https:\/\/suresms.com\/dk\/docs\/troubleshooting\/\"><\/a>\n\t\t<h3>Rozwi\u0105zywanie problem\u00f3w<\/h3>\t\t\t\n\t\t\t\t<p>Je\u015bli napotkasz b\u0142\u0119dy w systemach, oto kilka wskaz\u00f3wek, jak je znale\u017a\u0107 i poprawi\u0107.<\/p>\n\t<a href=\"https:\/\/suresms.com\/pl\/dokumenty\/finanse\/\" target=\"_self\"  aria-label=\"Przejd\u017a do https:\/\/suresms.com\/dk\/docs\/finance\/\"><\/a>\n\t\t<h3>Gospodarka<\/h3>\t\t\t\n\t\t\t\t<p>Dowiedz si\u0119, jak wy\u015bwietli\u0107 swoje u\u017cycie, pobra\u0107 faktury i zam\u00f3wi\u0107 wyci\u0105g bankowy.\u00a0<\/p>\n\t\t<h3>Integracje<\/h3>\t\t\t\n\t\t\t\t<p>Dowiedz si\u0119, jak skonfigurowa\u0107 integracje z innymi systemami.\u00a0<\/p>\n\t<a href=\"https:\/\/suresms.com\/pl\/dokumenty\/konto\/\" target=\"_self\"  aria-label=\"Przejd\u017a do https:\/\/suresms.com\/dk\/docs\/account\/\"><\/a>\n\t\t<h3>Konto<\/h3>\t\t\t\n\t\t\t\t<p>Przeczytaj o tym, jak skonfigurowa\u0107 konto i jakie ustawienia mo\u017cesz wprowadzi\u0107.<\/p>\n<h1>\n\t\t\tInstrukcje konfiguracji\t<\/h1>\n\t<p>Poni\u017cej znajduj\u0105 si\u0119 instrukcje, jak skonfigurowa\u0107 SureSMS do wykonywania r\u00f3\u017cnych czynno\u015bci.<\/p>\n\t<a href=\"https:\/\/suresms.com\/pl\/dokumenty\/przewodniki\/some_boxes_and_codes\/\" target=\"_self\"  aria-label=\"Przejd\u017a do https:\/\/suresms.com\/dk\/docs\/guides\/noglebokse_og_koder\/\"><\/a>\n\t\t<h3>Skrzynki na klucze i kody<\/h3>\t\t\t\n\t\t\t\t<p>Mo\u017cesz skonfigurowa\u0107 SureSMS tak, aby wysy\u0142a\u0142 SMS z kodem do skrzynki na klucze lub k\u0142\u00f3dki. W ten spos\u00f3b mo\u017cna sprawdzi\u0107, kto i kiedy uzyska\u0142 dost\u0119p.\u00a0<\/p>\n\t<a href=\"https:\/\/suresms.com\/pl\/dokumenty\/przewodniki\/konfiguracja-sms-2-sms\/\" target=\"_self\"  aria-label=\"Przejd\u017a do https:\/\/suresms.com\/dk\/docs\/guides\/sms-2-sms-opstning\/\"><\/a>\n\t\t<h3>Konfiguracja SMS-2-SMS<\/h3>\t\t\t\n\t\t\t\t<p>Je\u015bli chcesz skonfigurowa\u0107 SureSMS tak, aby mo\u017cna by\u0142o wysy\u0142a\u0107 wiadomo\u015bci SMS do SureSMS, kt\u00f3re s\u0105 wysy\u0142ane do ca\u0142ej listy kontakt\u00f3w, oto przewodnik dotycz\u0105cy konfiguracji.\u00a0<\/p>\n\t<a href=\"https:\/\/suresms.com\/pl\/dokumenty\/przewodniki\/uzyskaj-zapisy-na-swoja-liste-sms\/\" target=\"_self\"  aria-label=\"Przejd\u017a do https:\/\/suresms.com\/dk\/docs\/guides\/faa-tilmeldinger-til-din-sms-liste\/\"><\/a>\n\t\t<h3>Uzyskaj zapisy na swoj\u0105 list\u0119 SMS<\/h3>\t\t\t\n\t\t\t\t<p>Opis sposobu, w jaki dana osoba mo\u017ce samodzielnie zapisa\u0107 si\u0119 na list\u0119 SMS. Wysy\u0142aj\u0105c SMS, kod QR lub wype\u0142niaj\u0105c formularz.\u00a0<\/p>","protected":false},"excerpt":{"rendered":"<p>Jak korzysta\u0107 z aplikacji SureSMS Poni\u017cej znajduj\u0105 si\u0119 opisy poszczeg\u00f3lnych funkcji w menu. Znajdziesz tu r\u00f3wnie\u017c sekcj\u0119 z poradnikami, jak skonfigurowa\u0107 bardziej z\u0142o\u017cone rozwi\u0105zania. Wiadomo\u015bci Przeczytaj, jak wys\u0142a\u0107 now\u0105 wiadomo\u015b\u0107. Gdzie zobaczy\u0107 wys\u0142ane i odebrane wiadomo\u015bci.  Ksi\u0105\u017cka adresowa Przeczytaj o kontaktach i importowaniu ... <a title=\"Dokumentacja\" class=\"read-more\" href=\"https:\/\/suresms.com\/pl\/docs\/\" aria-label=\"Dowiedz si\u0119 wi\u0119cej o dokumentacji\">Dowiedz si\u0119 wi\u0119cej<\/a><\/p>","protected":false},"author":1,"featured_media":0,"parent":0,"menu_order":0,"comment_status":"closed","ping_status":"closed","template":"","meta":{"_fl_builder_enabled":"1","_fl_builder_data":null,"_fl_builder_draft":null,"_fl_builder_data_settings":null,"_fl_builder_css":"","_fl_builder_css_version":"","_fl_builder_js":"","footnotes":""},"categories":[17],"tags":[],"class_list":{"0":"post-18121","1":"page","2":"type-page","3":"status-publish","5":"category-linkfracornorstone"},"yoast_head":"<!-- This site is optimized with the Yoast SEO Premium plugin v27.3 (Yoast SEO v27.3) - https:\/\/yoast.com\/product\/yoast-seo-premium-wordpress\/ -->\r\n<title>Dokumentation -<\/title>\r\n<meta name=\"robots\" content=\"index, follow, max-snippet:-1, max-image-preview:large, max-video-preview:-1\" \/>\r\n<link rel=\"canonical\" href=\"https:\/\/suresms.com\/pl\/dokumenty\/\" \/>\r\n<meta property=\"og:locale\" content=\"pl_PL\" \/>\r\n<meta property=\"og:type\" content=\"article\" \/>\r\n<meta property=\"og:title\" content=\"Dokumentation\" \/>\r\n<meta property=\"og:description\" content=\"S\u00e5dan bruger du SureSMS applikationen Herunder finder du beskrivelse af de forskellige funktioner i menuen. Du finder ligeledes en sektion med guides der fort\u00e6ller hvordan man laver ops\u00e6tning af mere komplekse l\u00f8sninger. Beskeder L\u00e6s hvordan du sender en ny besked. Hvor du ser dine afsendte og modtaget beskeder.\u00a0 Adressebog L\u00e6s om kontakter og import af ... Dowiedz si\u0119 wi\u0119cej\" \/>\r\n<meta property=\"og:url\" content=\"https:\/\/suresms.com\/pl\/dokumenty\/\" \/>\r\n<meta property=\"article:publisher\" content=\"https:\/\/www.facebook.com\/p\/SureSMS-100044607956149\/\" \/>\r\n<meta property=\"article:modified_time\" content=\"2025-11-11T10:39:49+00:00\" \/>\r\n<meta name=\"twitter:card\" content=\"summary_large_image\" \/>\r\n<meta name=\"twitter:label1\" content=\"Szacowany czas czytania\" \/>\n\t<meta name=\"twitter:data1\" content=\"1 minuta\" \/>\r\n<script type=\"application\/ld+json\" class=\"yoast-schema-graph\">{\"@context\":\"https:\\\/\\\/schema.org\",\"@graph\":[{\"@type\":\"WebPage\",\"@id\":\"https:\\\/\\\/suresms.com\\\/dk\\\/docs\\\/\",\"url\":\"https:\\\/\\\/suresms.com\\\/dk\\\/docs\\\/\",\"name\":\"Dokumentation -\",\"isPartOf\":{\"@id\":\"https:\\\/\\\/suresms.com\\\/en\\\/#website\"},\"datePublished\":\"2024-07-04T12:34:42+00:00\",\"dateModified\":\"2025-11-11T10:39:49+00:00\",\"breadcrumb\":{\"@id\":\"https:\\\/\\\/suresms.com\\\/dk\\\/docs\\\/#breadcrumb\"},\"inLanguage\":\"pl-PL\",\"potentialAction\":[{\"@type\":\"ReadAction\",\"target\":[\"https:\\\/\\\/suresms.com\\\/dk\\\/docs\\\/\"]}]},{\"@type\":\"BreadcrumbList\",\"@id\":\"https:\\\/\\\/suresms.com\\\/dk\\\/docs\\\/#breadcrumb\",\"itemListElement\":[{\"@type\":\"ListItem\",\"position\":1,\"name\":\"Home\",\"item\":\"https:\\\/\\\/suresms.com\\\/dk\\\/\"},{\"@type\":\"ListItem\",\"position\":2,\"name\":\"Dokumentation\"}]},{\"@type\":\"WebSite\",\"@id\":\"https:\\\/\\\/suresms.com\\\/en\\\/#website\",\"url\":\"https:\\\/\\\/suresms.com\\\/en\\\/\",\"name\":\"SureSMS\",\"description\":\"Professionel SMS Gateway\",\"publisher\":{\"@id\":\"https:\\\/\\\/suresms.com\\\/en\\\/#organization\"},\"potentialAction\":[{\"@type\":\"SearchAction\",\"target\":{\"@type\":\"EntryPoint\",\"urlTemplate\":\"https:\\\/\\\/suresms.com\\\/en\\\/?s={search_term_string}\"},\"query-input\":{\"@type\":\"PropertyValueSpecification\",\"valueRequired\":true,\"valueName\":\"search_term_string\"}}],\"inLanguage\":\"pl-PL\"},{\"@type\":\"Organization\",\"@id\":\"https:\\\/\\\/suresms.com\\\/en\\\/#organization\",\"name\":\"SureSMS\",\"url\":\"https:\\\/\\\/suresms.com\\\/en\\\/\",\"logo\":{\"@type\":\"ImageObject\",\"inLanguage\":\"pl-PL\",\"@id\":\"https:\\\/\\\/suresms.com\\\/en\\\/#\\\/schema\\\/logo\\\/image\\\/\",\"url\":\"https:\\\/\\\/suresms.com\\\/wp-content\\\/uploads\\\/2024\\\/11\\\/suresms-300x65-1.png\",\"contentUrl\":\"https:\\\/\\\/suresms.com\\\/wp-content\\\/uploads\\\/2024\\\/11\\\/suresms-300x65-1.png\",\"width\":300,\"height\":65,\"caption\":\"SureSMS\"},\"image\":{\"@id\":\"https:\\\/\\\/suresms.com\\\/en\\\/#\\\/schema\\\/logo\\\/image\\\/\"},\"sameAs\":[\"https:\\\/\\\/www.facebook.com\\\/p\\\/SureSMS-100044607956149\\\/\"]}]}<\/script>\r\n<!-- \/ Yoast SEO Premium plugin. -->","yoast_head_json":{"title":"Dokumentacja","robots":{"index":"index","follow":"follow","max-snippet":"max-snippet:-1","max-image-preview":"max-image-preview:large","max-video-preview":"max-video-preview:-1"},"canonical":"https:\/\/suresms.com\/pl\/dokumenty\/","og_locale":"pl_PL","og_type":"article","og_title":"Dokumentation","og_description":"S\u00e5dan bruger du SureSMS applikationen Herunder finder du beskrivelse af de forskellige funktioner i menuen. Du finder ligeledes en sektion med guides der fort\u00e6ller hvordan man laver ops\u00e6tning af mere komplekse l\u00f8sninger. Beskeder L\u00e6s hvordan du sender en ny besked. Hvor du ser dine afsendte og modtaget beskeder.\u00a0 Adressebog L\u00e6s om kontakter og import af ... Dowiedz si\u0119 wi\u0119cej","og_url":"https:\/\/suresms.com\/pl\/dokumenty\/","article_publisher":"https:\/\/www.facebook.com\/p\/SureSMS-100044607956149\/","article_modified_time":"2025-11-11T10:39:49+00:00","twitter_card":"summary_large_image","twitter_misc":{"Szacowany czas czytania":"1 minuta"},"schema":{"@context":"https:\/\/schema.org","@graph":[{"@type":"WebPage","@id":"https:\/\/suresms.com\/dk\/docs\/","url":"https:\/\/suresms.com\/dk\/docs\/","name":"Dokumentacja","isPartOf":{"@id":"https:\/\/suresms.com\/en\/#website"},"datePublished":"2024-07-04T12:34:42+00:00","dateModified":"2025-11-11T10:39:49+00:00","breadcrumb":{"@id":"https:\/\/suresms.com\/dk\/docs\/#breadcrumb"},"inLanguage":"pl-PL","potentialAction":[{"@type":"ReadAction","target":["https:\/\/suresms.com\/dk\/docs\/"]}]},{"@type":"BreadcrumbList","@id":"https:\/\/suresms.com\/dk\/docs\/#breadcrumb","itemListElement":[{"@type":"ListItem","position":1,"name":"Home","item":"https:\/\/suresms.com\/dk\/"},{"@type":"ListItem","position":2,"name":"Dokumentation"}]},{"@type":"WebSite","@id":"https:\/\/suresms.com\/en\/#website","url":"https:\/\/suresms.com\/en\/","name":"SureSMS","description":"Profesjonalna bramka SMS","publisher":{"@id":"https:\/\/suresms.com\/en\/#organization"},"potentialAction":[{"@type":"SearchAction","target":{"@type":"EntryPoint","urlTemplate":"https:\/\/suresms.com\/en\/?s={search_term_string}"},"query-input":{"@type":"PropertyValueSpecification","valueRequired":true,"valueName":"search_term_string"}}],"inLanguage":"pl-PL"},{"@type":"Organization","@id":"https:\/\/suresms.com\/en\/#organization","name":"SureSMS","url":"https:\/\/suresms.com\/en\/","logo":{"@type":"ImageObject","inLanguage":"pl-PL","@id":"https:\/\/suresms.com\/en\/#\/schema\/logo\/image\/","url":"https:\/\/suresms.com\/wp-content\/uploads\/2024\/11\/suresms-300x65-1.png","contentUrl":"https:\/\/suresms.com\/wp-content\/uploads\/2024\/11\/suresms-300x65-1.png","width":300,"height":65,"caption":"SureSMS"},"image":{"@id":"https:\/\/suresms.com\/en\/#\/schema\/logo\/image\/"},"sameAs":["https:\/\/www.facebook.com\/p\/SureSMS-100044607956149\/"]}]}},"_links":{"self":[{"href":"https:\/\/suresms.com\/pl\/wp-json\/wp\/v2\/pages\/18121","targetHints":{"allow":["GET"]}}],"collection":[{"href":"https:\/\/suresms.com\/pl\/wp-json\/wp\/v2\/pages"}],"about":[{"href":"https:\/\/suresms.com\/pl\/wp-json\/wp\/v2\/types\/page"}],"author":[{"embeddable":true,"href":"https:\/\/suresms.com\/pl\/wp-json\/wp\/v2\/users\/1"}],"replies":[{"embeddable":true,"href":"https:\/\/suresms.com\/pl\/wp-json\/wp\/v2\/comments?post=18121"}],"version-history":[{"count":9,"href":"https:\/\/suresms.com\/pl\/wp-json\/wp\/v2\/pages\/18121\/revisions"}],"predecessor-version":[{"id":23537,"href":"https:\/\/suresms.com\/pl\/wp-json\/wp\/v2\/pages\/18121\/revisions\/23537"}],"wp:attachment":[{"href":"https:\/\/suresms.com\/pl\/wp-json\/wp\/v2\/media?parent=18121"}],"wp:term":[{"taxonomy":"category","embeddable":true,"href":"https:\/\/suresms.com\/pl\/wp-json\/wp\/v2\/categories?post=18121"},{"taxonomy":"post_tag","embeddable":true,"href":"https:\/\/suresms.com\/pl\/wp-json\/wp\/v2\/tags?post=18121"}],"curies":[{"name":"wp","href":"https:\/\/api.w.org\/{rel}","templated":true}]}}