{"id":17217,"date":"2024-05-18T11:31:03","date_gmt":"2024-05-18T09:31:03","guid":{"rendered":"https:\/\/www.suresms.com\/dk\/?page_id=17217"},"modified":"2024-05-18T11:31:03","modified_gmt":"2024-05-18T09:31:03","slug":"integracja-sms-wordpress-wp-sms","status":"publish","type":"page","link":"https:\/\/suresms.com\/pl\/integrationer\/cms-content-management-system-sms-integration\/sms-integration-wordpress-wp-sms\/","title":{"rendered":"Integracja SMS dla WordPress z WP-SMS"},"content":{"rendered":"<!-- Flexy Breadcrumb -->\r\n\t\t\t<div class=\"fbc fbc-page\">\r\n\r\n\t\t\t\t<!-- Breadcrumb wrapper -->\r\n\t\t\t\t<div class=\"fbc-wrap\">\r\n\r\n\t\t\t\t\t<!-- Ordered list-->\r\n\t\t\t\t\t<ol class=\"fbc-items\" itemscope itemtype=\"https:\/\/schema.org\/BreadcrumbList\">\r\n\t\t\t\t\t\t            <li itemprop=\"itemListElement\" itemscope itemtype=\"https:\/\/schema.org\/ListItem\">\r\n                <span itemprop=\"name\">\r\n                    <!-- Home Link -->\r\n                    <a itemprop=\"item\" href=\"https:\/\/suresms.com\/pl\/\">\r\n                    \r\n                                                    <i class=\"fa fa-home\" aria-hidden=\"true\"><\/i>Strona g\u0142\u00f3wna                    <\/a>\r\n                <\/span>\r\n                <meta itemprop=\"position\" content=\"1\" \/><!-- Meta Position-->\r\n             <\/li><li><span class=\"fbc-separator\">\/<\/span><\/li><li class=\"active\" itemprop=\"itemListElement\" itemscope itemtype=\"https:\/\/schema.org\/ListItem\"><span itemprop=\"name\" title=\"Integracja SMS dla WordPress z WP-SMS\">Integracja SMS dla WordPress...<\/span><meta itemprop=\"position\" content=\"2\" \/><\/li>\t\t\t\t\t<\/ol>\r\n\t\t\t\t\t<div class=\"clearfix\"><\/div>\r\n\t\t\t\t<\/div>\r\n\t\t\t<\/div>\r\n\t\t\t\n\t<h1><strong>Integracja SMS dla WordPress z WP-SMS<\/strong><\/h1>\n\t\t\t\t<img loading=\"lazy\" decoding=\"async\" src=\"https:\/\/www.suresms.com\/dk\/wp-content\/uploads\/2022\/02\/WpSMS-SureSMS-1.png\" alt=\"SMS WordPress z WP-SMS\" itemprop=\"image\" height=\"460\" width=\"1281\" title=\"WpSMS-SureSMS\" onerror=\"this.style.display='none'\"  \/>\n<h2>\n\t\tCzym jest WP-SMS (i WordPress)\n\t<\/h2>\n\t<p>WP-SMS jest wiod\u0105c\u0105 wtyczk\u0105 SMS dla WordPress i nie bez powodu. Dzi\u0119ki \u0142atwemu w u\u017cyciu interfejsowi, szeregowi zaawansowanych funkcji i doskona\u0142emu wsparciu, WP-SMS oferuje wszystko, czego potrzebujesz, aby usprawni\u0107 komunikacj\u0119 SMS. A co najlepsze? Podstawowa wersja jest ca\u0142kowicie darmowa! Aby uzyska\u0107 zaawansowane funkcje, kt\u00f3re przenios\u0105 Twoj\u0105 strategi\u0119 SMS na wy\u017cszy poziom, mo\u017cesz przej\u015b\u0107 na nasz\u0105 wersj\u0119 Pro. Wypr\u00f3buj WP-SMS ju\u017c dzi\u015b i odkryj, jak mo\u017cemy usprawni\u0107 Twoj\u0105 komunikacj\u0119 biznesow\u0105.<\/p>\n\t<p><strong>Bez markowego skracacza adres\u00f3w URL<\/strong><\/p>\n\t\t\t\t<img loading=\"lazy\" decoding=\"async\" src=\"https:\/\/www.suresms.com\/wp-content\/uploads\/2024\/05\/Uden-url-shortner.png\" alt=\"Bez skracacza adres\u00f3w URL\" itemprop=\"image\" height=\"614\" width=\"720\" title=\"Bez skracacza adres\u00f3w URL\" onerror=\"this.style.display='none'\"  \/>\n\t<p><strong>Wysy\u0142anie wiadomo\u015bci SMS z WP-SMS<\/strong><\/p>\n\t\t\t\t<img loading=\"lazy\" decoding=\"async\" src=\"https:\/\/www.suresms.com\/dk\/wp-content\/uploads\/2022\/02\/Wp_SMS-send.png\" alt=\"Zrzut ekranu\" itemprop=\"image\" height=\"1185\" width=\"1359\" title=\"Wp_SMS send\" onerror=\"this.style.display='none'\"  \/>\n<h2>\n\t\tWP-SMS i SureSMS\n\t<\/h2>\n\t<p>Wtyczka WordPress WP-SMS (<a href=\"https:\/\/wp-sms-pro.com\/\">https:\/\/wp-sms-pro.com\/)<\/a> nie mo\u017ce samodzielnie wysy\u0142a\u0107 wiadomo\u015bci SMS. Aby wysy\u0142a\u0107 wiadomo\u015bci SMS, wtyczka musi by\u0107 pod\u0142\u0105czona do bramki SMS, takiej jak SureSMS. WP-SMS wykorzystuje wiele mo\u017cliwo\u015bci WordPressa i pozwala na wysy\u0142anie wiadomo\u015bci z wielu r\u00f3\u017cnych miejsc i wtyczek. Bramka SMS zapewnia dostarczenie wiadomo\u015bci do odbiorcy.<\/p>\n<p>&nbsp;<\/p>\n<h2>\n\t\tWP-SMS i inne wtyczki\n\t<\/h2>\n\t<p>Jedn\u0105 z najwi\u0119kszych zalet WP-SMS jest wiele integracji z innymi wtyczkami WordPress. Poni\u017cej mo\u017cesz zobaczy\u0107 wiele r\u00f3\u017cnych integracji.<\/p>\n\t\t\t\t\t<a href=\"javascript:void(0);\" id=\"fl-accordion--label-0\" tabindex=\"0\" aria-controls=\"fl-accordion--panel-0\">WooCommerce<\/a>\n\t\t\t\t\t\t\t\t\t\t\t<a href=\"#\" id=\"fl-accordion--icon-0\" tabindex=\"-1\" aria-controls=\"fl-accordion--panel-0\"><i>Rozwi\u0144<\/i><\/a>\n\t\t\t\t\t<ul role=\"list\">\n<li>Dodaj numer telefonu na stronie p\u0142atno\u015bci<\/li>\n<li>OTP (has\u0142o jednorazowe) weryfikuje numer telefonu kom\u00f3rkowego klienta<\/li>\n<li>Powiadamianie o nowych produktach<\/li>\n<li>Powiadamianie administratora o nowych zam\u00f3wieniach<\/li>\n<li>Powiadamianie klient\u00f3w o z\u0142o\u017ceniu zam\u00f3wienia<\/li>\n<li>Powiadamianie klient\u00f3w o zmianach w ich zam\u00f3wieniach<\/li>\n<\/ul>\n\t\t\t\t\t<a href=\"javascript:void(0);\" id=\"fl-accordion--label-1\" tabindex=\"0\" aria-controls=\"fl-accordion--panel-1\">BuddyPress<\/a>\n\t\t\t\t\t\t\t\t\t\t\t<a href=\"#\" id=\"fl-accordion--icon-1\" tabindex=\"-1\" aria-controls=\"fl-accordion--panel-1\"><i>Rozwi\u0144<\/i><\/a>\n\t\t\t\t\t<ul>\n<li>Dodaj\/u\u017cyj istniej\u0105cego pola numeru telefonu w.<\/li>\n<li>Wysy\u0142aj SMS-y do u\u017cytkownik\u00f3w, gdy kto\u015b wspomni o nich w postach.<\/li>\n<li>Wysy\u0142anie wiadomo\u015bci SMS do u\u017cytkownik\u00f3w, gdy otrzymaj\u0105 odpowied\u017a na aktywno\u015b\u0107 lub komentarz.<\/li>\n<li>Wysy\u0142anie powitalnych wiadomo\u015bci SMS do nowych u\u017cytkownik\u00f3w<\/li>\n<li>Prywatne powiadomienia SMS<\/li>\n<\/ul>\n\t\t\t\t\t<a href=\"javascript:void(0);\" id=\"fl-accordion--label-2\" tabindex=\"0\" aria-controls=\"fl-accordion--panel-2\">GravityForms<\/a>\n\t\t\t\t\t\t\t\t\t\t\t<a href=\"#\" id=\"fl-accordion--icon-2\" tabindex=\"-1\" aria-controls=\"fl-accordion--panel-2\"><i>Rozwi\u0144<\/i><\/a>\n\t\t\t\t\t<ul>\n<li>Wysy\u0142anie wiadomo\u015bci SMS do administratora, gdy kto\u015b wype\u0142ni formularz<\/li>\n<li>Wysy\u0142anie wiadomo\u015bci SMS do warto\u015bci pola, gdy kto\u015b wype\u0142ni formularz<br \/>\n(Na przyk\u0142ad mo\u017cna poprosi\u0107 o numer telefonu i wys\u0142a\u0107 wiadomo\u015b\u0107 SMS po zatwierdzeniu formularza).<\/li>\n<\/ul>\n\t\t\t\t\t<a href=\"javascript:void(0);\" id=\"fl-accordion--label-3\" tabindex=\"0\" aria-controls=\"fl-accordion--panel-3\">Formularz kontaktowy 7<\/a>\n\t\t\t\t\t\t\t\t\t\t\t<a href=\"#\" id=\"fl-accordion--icon-3\" tabindex=\"-1\" aria-controls=\"fl-accordion--panel-3\"><i>Rozwi\u0144<\/i><\/a>\n\t\t\t\t\t<ul>\n<li>Wysy\u0142anie wiadomo\u015bci SMS do administratora, gdy kto\u015b wype\u0142ni formularz<\/li>\n<li>Wysy\u0142anie wiadomo\u015bci SMS do warto\u015bci pola, gdy kto\u015b wype\u0142ni formularz<br \/>\n(Na przyk\u0142ad mo\u017cna poprosi\u0107 o numer telefonu i wys\u0142a\u0107 wiadomo\u015b\u0107 SMS po zatwierdzeniu formularza).<\/li>\n<\/ul>\n\t\t\t\t\t<a href=\"javascript:void(0);\" id=\"fl-accordion--label-4\" tabindex=\"0\" aria-controls=\"fl-accordion--panel-4\">BookingPress<\/a>\n\t\t\t\t\t\t\t\t\t\t\t<a href=\"#\" id=\"fl-accordion--icon-4\" tabindex=\"-1\" aria-controls=\"fl-accordion--panel-4\"><i>Rozwi\u0144<\/i><\/a>\n\t\t\t\t\t<ul data-sourcepos=\"5:1-11:0\">\n<li data-sourcepos=\"5:1-5:18\">Nowe nominacje<\/li>\n<li data-sourcepos=\"6:1-6:23\">Zatwierdzone nominacje<\/li>\n<li data-sourcepos=\"7:1-7:23\">Anulowane spotkania<\/li>\n<li data-sourcepos=\"8:1-8:26\">Prze\u0142o\u017cone spotkania<\/li>\n<li data-sourcepos=\"9:1-9:23\">Nadchodz\u0105ce spotkania<\/li>\n<li data-sourcepos=\"10:1-11:0\">Nieodebrane spotkania<\/li>\n<\/ul>\n\t\t\t\t\t<a href=\"javascript:void(0);\" id=\"fl-accordion--label-5\" tabindex=\"0\" aria-controls=\"fl-accordion--panel-5\">Spotkania WooCommerce<\/a>\n\t\t\t\t\t\t\t\t\t\t\t<a href=\"#\" id=\"fl-accordion--icon-5\" tabindex=\"-1\" aria-controls=\"fl-accordion--panel-5\"><i>Rozwi\u0144<\/i><\/a>\n\t\t\t\t\t<ul data-sourcepos=\"5:1-11:0\">\n<li data-sourcepos=\"5:1-5:18\">Nowe nominacje<\/li>\n<li data-sourcepos=\"6:1-6:23\">Zatwierdzone nominacje<\/li>\n<li data-sourcepos=\"7:1-7:23\">Anulowane spotkania<\/li>\n<li data-sourcepos=\"8:1-8:26\">Prze\u0142o\u017cone spotkania<\/li>\n<li data-sourcepos=\"9:1-9:23\">Nadchodz\u0105ce spotkania<\/li>\n<li data-sourcepos=\"10:1-11:0\">Nieodebrane spotkania<\/li>\n<\/ul>\n\t\t\t\t\t<a href=\"javascript:void(0);\" id=\"fl-accordion--label-6\" tabindex=\"0\" aria-controls=\"fl-accordion--panel-6\">Kalendarz rezerwacji<\/a>\n\t\t\t\t\t\t\t\t\t\t\t<a href=\"#\" id=\"fl-accordion--icon-6\" tabindex=\"-1\" aria-controls=\"fl-accordion--panel-6\"><i>Rozwi\u0144<\/i><\/a>\n\t\t\t\t\t<ul data-sourcepos=\"5:1-11:0\">\n<li data-sourcepos=\"5:1-5:18\">Nowe nominacje<\/li>\n<li data-sourcepos=\"6:1-6:23\">Zatwierdzone nominacje<\/li>\n<li data-sourcepos=\"7:1-7:23\">Anulowane spotkania<\/li>\n<li data-sourcepos=\"8:1-8:26\">Prze\u0142o\u017cone spotkania<\/li>\n<li data-sourcepos=\"9:1-9:23\">Nadchodz\u0105ce spotkania<\/li>\n<li data-sourcepos=\"10:1-11:0\">Nieodebrane spotkania<\/li>\n<\/ul>\n\t\t\t\t\t<a href=\"javascript:void(0);\" id=\"fl-accordion--label-7\" tabindex=\"0\" aria-controls=\"fl-accordion--panel-7\">Zobacz wszystkie integracje tutaj<\/a>\n\t\t\t\t\t\t\t\t\t\t\t<a href=\"#\" id=\"fl-accordion--icon-7\" tabindex=\"-1\" aria-controls=\"fl-accordion--panel-7\"><i>Rozwi\u0144<\/i><\/a>\n\t\t\t\t\t<p><a href=\"https:\/\/wp-sms-pro.com\/product-category\/add-ons\/\" target=\"_blank\" rel=\"noopener\">https:\/\/wp-sms-pro.com\/product-category\/add-ons\/<\/a><\/p>\n<h2>\n\t\tKonfiguracja WP-SMS\n\t<\/h2>\n\t<p>Aby korzysta\u0107 z WP-SMS w WordPress, nale\u017cy zainstalowa\u0107 WP-SMS w instalacji WordPress, a nast\u0119pnie po\u0142\u0105czy\u0107 go z kontem SureSMS. Poni\u017cej mo\u017cesz przeczyta\u0107, jak to zrobi\u0107<\/p>\n<ol>\n<li>Konfiguracja w SureSMS<\/li>\n<li>Zainstaluj i skonfiguruj WP-SMS<\/li>\n<\/ol>\n<h3>\n\t\tKonfiguracja w SureSMS\n\t<\/h3>\n\t<p>Aby korzysta\u0107 z SureSMS z WP-SMS, potrzebujesz konta SureSMS i klucza API od SureSMS.<\/p>\n<ol>\n<li>Zaloguj si\u0119 do swojego konta SureSMS tutaj <a href=\"https:\/\/app.suresms.com\" target=\"_blank\" rel=\"noopener\">https:\/\/app.suresms.com<\/a><br \/>\nJe\u015bli nie masz konta, mo\u017cesz je utworzy\u0107 tutaj <a href=\"https:\/\/suresms.com\/pl\/darmowe-konto-testowe-sms\/\" target=\"_blank\" rel=\"noopener\">Utw\u00f3rz konto bramki SMS<\/a><\/li>\n<li>Wybierz klucze API w menu<\/li>\n<li>Kliknij Opcje w prawym g\u00f3rnym rogu i wybierz \"Klucz API SureSMS\" z menu.<\/li>\n<li>W nazwie mo\u017cesz wpisa\u0107 np. WP-SMS\/WooCommerce, je\u015bli chcesz u\u017cywa\u0107 WP-SMS z WooCommerce.<\/li>\n<li>Kliknij przycisk Zapisz<\/li>\n<\/ol>\n\t\t\t\t<img loading=\"lazy\" decoding=\"async\" src=\"https:\/\/www.suresms.com\/wp-content\/uploads\/2024\/05\/SPIKey.png\" alt=\"APIKey\" itemprop=\"image\" height=\"216\" width=\"1045\" title=\"SPIKey\" onerror=\"this.style.display='none'\"  \/>\n\t<p>Skopiuj klucz API, aby mie\u0107 go na p\u00f3\u017aniej.<\/p>\n<p>Jeste\u015bmy teraz wyko\u0144czeni w SureSMS.<\/p>\n<h3>\n\t\tKonfiguracja WP-SMS\n\t<\/h3>\n\t<h3>Zainstaluj i aktywuj wtyczk\u0119 WP-SMS w swojej witrynie WordPress.<\/h3>\n<p>Przejd\u017a do pulpitu nawigacyjnego WordPress, znajd\u017a sekcj\u0119 \"Wtyczki\", kliknij \"Dodaj nowy\" i wyszukaj WP-SMS. Zainstaluj i aktywuj wtyczk\u0119.<\/p>\n\t<h3>Konfiguracja WP-SMS z bramk\u0105 SMS<\/h3>\n<p>W panelu ustawie\u0144 WP-SMS wprowad\u017a informacje niezb\u0119dne do integracji z wybran\u0105 bramk\u0105 SMS:<\/p>\n<p><strong>Nazwa bramki:<\/strong> Wybierz SureSMS z listy obs\u0142ugiwanych bramek.<\/p>\n\t\t\t\t<img loading=\"lazy\" decoding=\"async\" src=\"https:\/\/www.suresms.com\/wp-content\/uploads\/2024\/05\/WP-SMS-opsaetning.jpg\" alt=\"Konfiguracja WP-SMS\" itemprop=\"image\" height=\"1173\" width=\"1615\" title=\"Konfiguracja WP-SMS\" onerror=\"this.style.display='none'\"  \/>\n\t<strong>Nazwa u\u017cytkownika API<\/strong> Tutaj nale\u017cy wpisa\u0107 \"APIkey\" bez cudzys\u0142ow\u00f3w<br \/>\n<strong>Has\u0142o API<\/strong>tutaj wklejasz klucz API skopiowany z SureSMS<br \/>\n<strong>Numer nadawcy<\/strong>Ustaw sw\u00f3j w\u0142asny numer lub jeden z identyfikator\u00f3w autoryzowanych nadawc\u00f3w, kt\u00f3re masz na swoim koncie SureSMS (mo\u017cna je zobaczy\u0107 tutaj). <a href=\"https:\/\/app.suresms.com\/Message\/SenderData\" target=\"_blank\" rel=\"noopener\">https:\/\/app.suresms.com\/Message\/SenderData<\/a>)<br \/>\n<strong>Klucz API<\/strong> tutaj wklejasz klucz API skopiowany z SureSMS\n<h3>\n\t\tTestowanie konfiguracji\n\t<\/h3>\n\t<p>Teraz mo\u017cesz przetestowa\u0107 swoj\u0105 integracj\u0119. Spos\u00f3b testowania zale\u017cy od wybranych integracji i funkcji WP-SMS. Jednak po wys\u0142aniu testowej wiadomo\u015bci tekstowej z wybranej metody mo\u017cesz zobaczy\u0107 status wiadomo\u015bci w SureSMS pod adresem <a href=\"https:\/\/app.suresms.com\/Message\/OutBoundSMS\" target=\"_blank\" rel=\"noopener\">Strona wiadomo\u015bci wychodz\u0105cych w SureSMS<\/a>.<\/p>\n\t\t\t\t<img decoding=\"async\" src=\"https:\/\/www.suresms.com\/dk\/wp-content\/plugins\/bb-plugin\/img\/pixel.png\" alt=\"\" itemprop=\"image\" onerror=\"this.style.display='none'\"  \/>","protected":false},"excerpt":{"rendered":"<p>Integracja SMS dla WordPress z WP-SMS Czym jest WP-SMS (i WordPress) WP-SMS jest wiod\u0105c\u0105 wtyczk\u0105 SMS dla WordPress i nie bez powodu. Dzi\u0119ki \u0142atwemu w u\u017cyciu interfejsowi, szeregowi zaawansowanych funkcji i doskona\u0142emu wsparciu, WP-SMS oferuje wszystko, czego potrzebujesz, aby usprawni\u0107 komunikacj\u0119 SMS. A co najlepsze? Podstawowa wersja jest ca\u0142kowicie... <a title=\"Integracja SMS dla WordPress z WP-SMS\" class=\"read-more\" href=\"https:\/\/suresms.com\/pl\/integrationer\/cms-content-management-system-sms-integration\/sms-integration-wordpress-wp-sms\/\" aria-label=\"Dowiedz si\u0119 wi\u0119cej o integracji SMS dla WordPress z WP-SMS\">Dowiedz si\u0119 wi\u0119cej<\/a><\/p>","protected":false},"author":1,"featured_media":0,"parent":14437,"menu_order":12,"comment_status":"closed","ping_status":"closed","template":"","meta":{"_fl_builder_enabled":"1","_fl_builder_data":null,"_fl_builder_draft":null,"_fl_builder_data_settings":null,"_fl_builder_css":"","_fl_builder_css_version":"","_fl_builder_js":"","footnotes":""},"categories":[],"tags":[],"class_list":["post-17217","page","type-page","status-publish"],"yoast_head":"<!-- This site is optimized with the Yoast SEO Premium plugin v27.3 (Yoast SEO v27.3) - https:\/\/yoast.com\/product\/yoast-seo-premium-wordpress\/ -->\r\n<title>SMS integration til WordPress med WP-SMS - gratis konto<\/title>\r\n<meta name=\"description\" content=\"Du kan sende b\u00e5de sms links, billeder, videoer og lydfiler med vores SMS gateway. Uanede muligheder for rigt indhold.\" \/>\r\n<meta name=\"robots\" content=\"index, follow, max-snippet:-1, max-image-preview:large, max-video-preview:-1\" \/>\r\n<link rel=\"canonical\" href=\"https:\/\/suresms.com\/pl\/integracje\/cms-system-zarzadzania-trescia-integracja-sms\/integracja-sms-wordpress-wp-sms\/\" \/>\r\n<meta property=\"og:locale\" content=\"pl_PL\" \/>\r\n<meta property=\"og:type\" content=\"article\" \/>\r\n<meta property=\"og:title\" content=\"SMS integration til WordPress med WP-SMS\" \/>\r\n<meta property=\"og:description\" content=\"Du kan sende b\u00e5de sms links, billeder, videoer og lydfiler med vores SMS gateway. Uanede muligheder for rigt indhold.\" \/>\r\n<meta property=\"og:url\" content=\"https:\/\/suresms.com\/pl\/integracje\/cms-system-zarzadzania-trescia-integracja-sms\/integracja-sms-wordpress-wp-sms\/\" \/>\r\n<meta property=\"article:publisher\" content=\"https:\/\/www.facebook.com\/p\/SureSMS-100044607956149\/\" \/>\r\n<meta property=\"og:image\" content=\"https:\/\/www.suresms.com\/dk\/wp-content\/uploads\/2022\/02\/WpSMS-SureSMS-1.png\" \/>\r\n<meta name=\"twitter:card\" content=\"summary_large_image\" \/>\r\n<meta name=\"twitter:label1\" content=\"Szacowany czas czytania\" \/>\n\t<meta name=\"twitter:data1\" content=\"10 minut\" \/>\r\n<script type=\"application\/ld+json\" class=\"yoast-schema-graph\">{\"@context\":\"https:\\\/\\\/schema.org\",\"@graph\":[{\"@type\":\"WebPage\",\"@id\":\"https:\\\/\\\/suresms.com\\\/dk\\\/integrationer\\\/cms-content-management-system-sms-integration\\\/sms-integration-wordpress-wp-sms\\\/\",\"url\":\"https:\\\/\\\/suresms.com\\\/dk\\\/integrationer\\\/cms-content-management-system-sms-integration\\\/sms-integration-wordpress-wp-sms\\\/\",\"name\":\"SMS integration til WordPress med WP-SMS - gratis konto\",\"isPartOf\":{\"@id\":\"https:\\\/\\\/suresms.com\\\/en\\\/#website\"},\"primaryImageOfPage\":{\"@id\":\"https:\\\/\\\/suresms.com\\\/dk\\\/integrationer\\\/cms-content-management-system-sms-integration\\\/sms-integration-wordpress-wp-sms\\\/#primaryimage\"},\"image\":{\"@id\":\"https:\\\/\\\/suresms.com\\\/dk\\\/integrationer\\\/cms-content-management-system-sms-integration\\\/sms-integration-wordpress-wp-sms\\\/#primaryimage\"},\"thumbnailUrl\":\"https:\\\/\\\/www.suresms.com\\\/dk\\\/wp-content\\\/uploads\\\/2022\\\/02\\\/WpSMS-SureSMS-1.png\",\"datePublished\":\"2024-05-18T09:31:03+00:00\",\"description\":\"Du kan sende b\u00e5de sms links, billeder, videoer og lydfiler med vores SMS gateway. Uanede muligheder for rigt indhold.\",\"breadcrumb\":{\"@id\":\"https:\\\/\\\/suresms.com\\\/dk\\\/integrationer\\\/cms-content-management-system-sms-integration\\\/sms-integration-wordpress-wp-sms\\\/#breadcrumb\"},\"inLanguage\":\"pl-PL\",\"potentialAction\":[{\"@type\":\"ReadAction\",\"target\":[\"https:\\\/\\\/suresms.com\\\/dk\\\/integrationer\\\/cms-content-management-system-sms-integration\\\/sms-integration-wordpress-wp-sms\\\/\"]}]},{\"@type\":\"ImageObject\",\"inLanguage\":\"pl-PL\",\"@id\":\"https:\\\/\\\/suresms.com\\\/dk\\\/integrationer\\\/cms-content-management-system-sms-integration\\\/sms-integration-wordpress-wp-sms\\\/#primaryimage\",\"url\":\"https:\\\/\\\/www.suresms.com\\\/dk\\\/wp-content\\\/uploads\\\/2022\\\/02\\\/WpSMS-SureSMS-1.png\",\"contentUrl\":\"https:\\\/\\\/www.suresms.com\\\/dk\\\/wp-content\\\/uploads\\\/2022\\\/02\\\/WpSMS-SureSMS-1.png\"},{\"@type\":\"BreadcrumbList\",\"@id\":\"https:\\\/\\\/suresms.com\\\/dk\\\/integrationer\\\/cms-content-management-system-sms-integration\\\/sms-integration-wordpress-wp-sms\\\/#breadcrumb\",\"itemListElement\":[{\"@type\":\"ListItem\",\"position\":1,\"name\":\"Home\",\"item\":\"https:\\\/\\\/suresms.com\\\/dk\\\/\"},{\"@type\":\"ListItem\",\"position\":2,\"name\":\"Integrationer\",\"item\":\"https:\\\/\\\/suresms.com\\\/dk\\\/integrationer\\\/\"},{\"@type\":\"ListItem\",\"position\":3,\"name\":\"SMS integration til Content Management Systemer (CMS systemer)\",\"item\":\"https:\\\/\\\/suresms.com\\\/dk\\\/integrationer\\\/cms-content-management-system-sms-integration\\\/\"},{\"@type\":\"ListItem\",\"position\":4,\"name\":\"SMS integration til WordPress med WP-SMS\"}]},{\"@type\":\"WebSite\",\"@id\":\"https:\\\/\\\/suresms.com\\\/en\\\/#website\",\"url\":\"https:\\\/\\\/suresms.com\\\/en\\\/\",\"name\":\"SureSMS\",\"description\":\"Professionel SMS Gateway\",\"publisher\":{\"@id\":\"https:\\\/\\\/suresms.com\\\/en\\\/#organization\"},\"potentialAction\":[{\"@type\":\"SearchAction\",\"target\":{\"@type\":\"EntryPoint\",\"urlTemplate\":\"https:\\\/\\\/suresms.com\\\/en\\\/?s={search_term_string}\"},\"query-input\":{\"@type\":\"PropertyValueSpecification\",\"valueRequired\":true,\"valueName\":\"search_term_string\"}}],\"inLanguage\":\"pl-PL\"},{\"@type\":\"Organization\",\"@id\":\"https:\\\/\\\/suresms.com\\\/en\\\/#organization\",\"name\":\"SureSMS\",\"url\":\"https:\\\/\\\/suresms.com\\\/en\\\/\",\"logo\":{\"@type\":\"ImageObject\",\"inLanguage\":\"pl-PL\",\"@id\":\"https:\\\/\\\/suresms.com\\\/en\\\/#\\\/schema\\\/logo\\\/image\\\/\",\"url\":\"https:\\\/\\\/suresms.com\\\/wp-content\\\/uploads\\\/2024\\\/11\\\/suresms-300x65-1.png\",\"contentUrl\":\"https:\\\/\\\/suresms.com\\\/wp-content\\\/uploads\\\/2024\\\/11\\\/suresms-300x65-1.png\",\"width\":300,\"height\":65,\"caption\":\"SureSMS\"},\"image\":{\"@id\":\"https:\\\/\\\/suresms.com\\\/en\\\/#\\\/schema\\\/logo\\\/image\\\/\"},\"sameAs\":[\"https:\\\/\\\/www.facebook.com\\\/p\\\/SureSMS-100044607956149\\\/\"]}]}<\/script>\r\n<!-- \/ Yoast SEO Premium plugin. -->","yoast_head_json":{"title":"Integracja SMS dla WordPress z WP-SMS - darmowe konto","description":"Nasza bramka SMS umo\u017cliwia wysy\u0142anie link\u00f3w, obraz\u00f3w, film\u00f3w i plik\u00f3w audio. Niesko\u0144czone mo\u017cliwo\u015bci dla bogatych tre\u015bci.","robots":{"index":"index","follow":"follow","max-snippet":"max-snippet:-1","max-image-preview":"max-image-preview:large","max-video-preview":"max-video-preview:-1"},"canonical":"https:\/\/suresms.com\/pl\/integracje\/cms-system-zarzadzania-trescia-integracja-sms\/integracja-sms-wordpress-wp-sms\/","og_locale":"pl_PL","og_type":"article","og_title":"SMS integration til WordPress med WP-SMS","og_description":"Du kan sende b\u00e5de sms links, billeder, videoer og lydfiler med vores SMS gateway. Uanede muligheder for rigt indhold.","og_url":"https:\/\/suresms.com\/pl\/integracje\/cms-system-zarzadzania-trescia-integracja-sms\/integracja-sms-wordpress-wp-sms\/","article_publisher":"https:\/\/www.facebook.com\/p\/SureSMS-100044607956149\/","og_image":[{"url":"https:\/\/www.suresms.com\/dk\/wp-content\/uploads\/2022\/02\/WpSMS-SureSMS-1.png","type":"","width":"","height":""}],"twitter_card":"summary_large_image","twitter_misc":{"Szacowany czas czytania":"10 minut"},"schema":{"@context":"https:\/\/schema.org","@graph":[{"@type":"WebPage","@id":"https:\/\/suresms.com\/dk\/integrationer\/cms-content-management-system-sms-integration\/sms-integration-wordpress-wp-sms\/","url":"https:\/\/suresms.com\/dk\/integrationer\/cms-content-management-system-sms-integration\/sms-integration-wordpress-wp-sms\/","name":"Integracja SMS dla WordPress z WP-SMS - darmowe konto","isPartOf":{"@id":"https:\/\/suresms.com\/en\/#website"},"primaryImageOfPage":{"@id":"https:\/\/suresms.com\/dk\/integrationer\/cms-content-management-system-sms-integration\/sms-integration-wordpress-wp-sms\/#primaryimage"},"image":{"@id":"https:\/\/suresms.com\/dk\/integrationer\/cms-content-management-system-sms-integration\/sms-integration-wordpress-wp-sms\/#primaryimage"},"thumbnailUrl":"https:\/\/www.suresms.com\/dk\/wp-content\/uploads\/2022\/02\/WpSMS-SureSMS-1.png","datePublished":"2024-05-18T09:31:03+00:00","description":"Nasza bramka SMS umo\u017cliwia wysy\u0142anie link\u00f3w, obraz\u00f3w, film\u00f3w i plik\u00f3w audio. Niesko\u0144czone mo\u017cliwo\u015bci dla bogatych tre\u015bci.","breadcrumb":{"@id":"https:\/\/suresms.com\/dk\/integrationer\/cms-content-management-system-sms-integration\/sms-integration-wordpress-wp-sms\/#breadcrumb"},"inLanguage":"pl-PL","potentialAction":[{"@type":"ReadAction","target":["https:\/\/suresms.com\/dk\/integrationer\/cms-content-management-system-sms-integration\/sms-integration-wordpress-wp-sms\/"]}]},{"@type":"ImageObject","inLanguage":"pl-PL","@id":"https:\/\/suresms.com\/dk\/integrationer\/cms-content-management-system-sms-integration\/sms-integration-wordpress-wp-sms\/#primaryimage","url":"https:\/\/www.suresms.com\/dk\/wp-content\/uploads\/2022\/02\/WpSMS-SureSMS-1.png","contentUrl":"https:\/\/www.suresms.com\/dk\/wp-content\/uploads\/2022\/02\/WpSMS-SureSMS-1.png"},{"@type":"BreadcrumbList","@id":"https:\/\/suresms.com\/dk\/integrationer\/cms-content-management-system-sms-integration\/sms-integration-wordpress-wp-sms\/#breadcrumb","itemListElement":[{"@type":"ListItem","position":1,"name":"Home","item":"https:\/\/suresms.com\/dk\/"},{"@type":"ListItem","position":2,"name":"Integrationer","item":"https:\/\/suresms.com\/dk\/integrationer\/"},{"@type":"ListItem","position":3,"name":"SMS integration til Content Management Systemer (CMS systemer)","item":"https:\/\/suresms.com\/dk\/integrationer\/cms-content-management-system-sms-integration\/"},{"@type":"ListItem","position":4,"name":"SMS integration til WordPress med WP-SMS"}]},{"@type":"WebSite","@id":"https:\/\/suresms.com\/en\/#website","url":"https:\/\/suresms.com\/en\/","name":"SureSMS","description":"Profesjonalna bramka SMS","publisher":{"@id":"https:\/\/suresms.com\/en\/#organization"},"potentialAction":[{"@type":"SearchAction","target":{"@type":"EntryPoint","urlTemplate":"https:\/\/suresms.com\/en\/?s={search_term_string}"},"query-input":{"@type":"PropertyValueSpecification","valueRequired":true,"valueName":"search_term_string"}}],"inLanguage":"pl-PL"},{"@type":"Organization","@id":"https:\/\/suresms.com\/en\/#organization","name":"SureSMS","url":"https:\/\/suresms.com\/en\/","logo":{"@type":"ImageObject","inLanguage":"pl-PL","@id":"https:\/\/suresms.com\/en\/#\/schema\/logo\/image\/","url":"https:\/\/suresms.com\/wp-content\/uploads\/2024\/11\/suresms-300x65-1.png","contentUrl":"https:\/\/suresms.com\/wp-content\/uploads\/2024\/11\/suresms-300x65-1.png","width":300,"height":65,"caption":"SureSMS"},"image":{"@id":"https:\/\/suresms.com\/en\/#\/schema\/logo\/image\/"},"sameAs":["https:\/\/www.facebook.com\/p\/SureSMS-100044607956149\/"]}]}},"_links":{"self":[{"href":"https:\/\/suresms.com\/pl\/wp-json\/wp\/v2\/pages\/17217","targetHints":{"allow":["GET"]}}],"collection":[{"href":"https:\/\/suresms.com\/pl\/wp-json\/wp\/v2\/pages"}],"about":[{"href":"https:\/\/suresms.com\/pl\/wp-json\/wp\/v2\/types\/page"}],"author":[{"embeddable":true,"href":"https:\/\/suresms.com\/pl\/wp-json\/wp\/v2\/users\/1"}],"replies":[{"embeddable":true,"href":"https:\/\/suresms.com\/pl\/wp-json\/wp\/v2\/comments?post=17217"}],"version-history":[{"count":0,"href":"https:\/\/suresms.com\/pl\/wp-json\/wp\/v2\/pages\/17217\/revisions"}],"up":[{"embeddable":true,"href":"https:\/\/suresms.com\/pl\/wp-json\/wp\/v2\/pages\/14437"}],"wp:attachment":[{"href":"https:\/\/suresms.com\/pl\/wp-json\/wp\/v2\/media?parent=17217"}],"wp:term":[{"taxonomy":"category","embeddable":true,"href":"https:\/\/suresms.com\/pl\/wp-json\/wp\/v2\/categories?post=17217"},{"taxonomy":"post_tag","embeddable":true,"href":"https:\/\/suresms.com\/pl\/wp-json\/wp\/v2\/tags?post=17217"}],"curies":[{"name":"wp","href":"https:\/\/api.w.org\/{rel}","templated":true}]}}