{"id":16543,"date":"2023-01-25T10:38:05","date_gmt":"2023-01-25T08:38:05","guid":{"rendered":"https:\/\/www.suresms.com\/dk\/?page_id=16543"},"modified":"2024-12-06T13:05:55","modified_gmt":"2024-12-06T13:05:55","slug":"lacze-sms","status":"publish","type":"page","link":"https:\/\/suresms.com\/pl\/funktioner\/sms-link\/","title":{"rendered":"\u0141\u0105cze SMS"},"content":{"rendered":"<!-- Flexy Breadcrumb -->\r\n\t\t\t<div class=\"fbc fbc-page\">\r\n\r\n\t\t\t\t<!-- Breadcrumb wrapper -->\r\n\t\t\t\t<div class=\"fbc-wrap\">\r\n\r\n\t\t\t\t\t<!-- Ordered list-->\r\n\t\t\t\t\t<ol class=\"fbc-items\" itemscope itemtype=\"https:\/\/schema.org\/BreadcrumbList\">\r\n\t\t\t\t\t\t            <li itemprop=\"itemListElement\" itemscope itemtype=\"https:\/\/schema.org\/ListItem\">\r\n                <span itemprop=\"name\">\r\n                    <!-- Home Link -->\r\n                    <a itemprop=\"item\" href=\"https:\/\/suresms.com\/pl\/\">\r\n                    \r\n                                                    <i class=\"fa fa-home\" aria-hidden=\"true\"><\/i>Strona g\u0142\u00f3wna                    <\/a>\r\n                <\/span>\r\n                <meta itemprop=\"position\" content=\"1\" \/><!-- Meta Position-->\r\n             <\/li><li><span class=\"fbc-separator\">\/<\/span><\/li><li class=\"active\" itemprop=\"itemListElement\" itemscope itemtype=\"https:\/\/schema.org\/ListItem\"><span itemprop=\"name\" title=\"\u0141\u0105cze SMS\">\u0141\u0105cze SMS<\/span><meta itemprop=\"position\" content=\"2\" \/><\/li>\t\t\t\t\t<\/ol>\r\n\t\t\t\t\t<div class=\"clearfix\"><\/div>\r\n\t\t\t\t<\/div>\r\n\t\t\t<\/div>\r\n\t\t\t\n<h1>\n\t\t\u0141\u0105cze SMS\n\t<\/h1>\n\t<h4>Filmy, pliki PDF, obrazy i linki mog\u0105 by\u0107 do\u0142\u0105czane do wiadomo\u015bci SMS. Jest to tak proste, jak za\u0142\u0105czenie pliku podczas wysy\u0142ania wiadomo\u015bci e-mail.<\/h4>\n<p>Dzi\u0119ki SureSMS otrzymujesz wyj\u0105tkow\u0105 mo\u017cliwo\u015b\u0107 wysy\u0142ania link\u00f3w w wiadomo\u015bciach SMS. Stworzyli\u015bmy w\u0142asny skracacz adres\u00f3w URL, kt\u00f3ry umo\u017cliwia wy\u015bwietlanie film\u00f3w, plik\u00f3w PDF, obraz\u00f3w i wielu innych tre\u015bci w wiadomo\u015bciach SMS.<\/p>\n\t<ul>\n\t\t<li>\t\t\t\t\n\t\t<h3>Wstawianie link\u00f3w w wiadomo\u015bciach<\/h3><p>Masz mo\u017cliwo\u015b\u0107 wstawienia linku do swojej wiadomo\u015bci za pomoc\u0105 naszego specjalnego modu\u0142u link\u00f3w. Korzystaj\u0105c z naszego skracacza adres\u00f3w URL, mo\u017cesz utworzy\u0107 bardzo kr\u00f3tki link i zaoszcz\u0119dzi\u0107 wiele znak\u00f3w.<\/p><\/li><li>\t\t\t\t\n\t\t<h3>U\u017cyj w\u0142asnej nazwy domeny<\/h3><p>Dzi\u0119ki naszemu specjalnemu modu\u0142owi branded-url masz mo\u017cliwo\u015b\u0107 utworzenia kr\u00f3tkiego linku w swoich wiadomo\u015bciach, kt\u00f3ry zawiera nazw\u0119 Twojej domeny. Zazwyczaj skutkuje to wy\u017cszym o 30% wsp\u00f3\u0142czynnikiem klikalno\u015bci, poniewa\u017c link jest bardziej godny zaufania.\u00a0<\/p><\/li><li>\t\t\t\t\n\t\t<h3>Do\u0142\u0105czanie plik\u00f3w<\/h3><p>Jako jedyna du\u0144ska bramka SMS, SureSMS umo\u017cliwia wstawianie plik\u00f3w podczas wysy\u0142ania wiadomo\u015bci SMS. Mo\u017ce to by\u0107 na przyk\u0142ad plik PDF lub wideo.\u00a0<\/p><\/li><li>\t\t\t\t\n\t\t<h3>\u0141\u0105cze MobilePay<\/h3><p>Je\u015bli otrzymujesz p\u0142atno\u015bci od swoich odbiorc\u00f3w, masz r\u00f3wnie\u017c mo\u017cliwo\u015b\u0107 wstawienia linku MobilePay w wiadomo\u015bci. U\u017cytkownik po prostu przesuwa palcem, a p\u0142atno\u015b\u0107 zostaje zrealizowana.<\/p><\/li><li>\t\t\t\t\n\t\t<h3>Link do pobrania<\/h3><p>Je\u015bli wysy\u0142asz SMS-y marketingowe, wymogiem jest, aby ludzie mogli wypisa\u0107 si\u0119 z Twojej listy. U\u0142atwiaj\u0105 to linki w wiadomo\u015bciach SMS.<\/p><\/li>\t<\/ul>\n\t<p>Na poni\u017cszym zrzucie ekranu wida\u0107, jak \u0142atwo jest wstawi\u0107 link z w\u0142asnym adresem URL do wiadomo\u015bci.<\/p>\n\t\t\t\t<img loading=\"lazy\" decoding=\"async\" src=\"https:\/\/suresms.com\/wp-content\/uploads\/2023\/01\/Tilfoej-link-1.png\" alt=\"Dodaj link do wiadomo\u015bci\" itemprop=\"image\" height=\"498\" width=\"1416\" title=\"Dodaj \u0142\u0105cze\" onerror=\"this.style.display='none'\"  \/>\n\t<p>Je\u015bli zdecydujesz si\u0119 utworzy\u0107 link, mo\u017cesz to zrobi\u0107 na dwa sposoby.<\/p>\nAlbo wpisa\u0107 link bezpo\u015brednio w wiadomo\u015bci, np.: https:\/\/mitdomain.dk\/kampagne1.<br \/>\nMo\u017cna r\u00f3wnie\u017c wstawi\u0107 zwyk\u0142y link. W tym przypadku w polu linku nale\u017cy wpisa\u0107 https:\/\/mitdomain.dk\/kampagne1, ale gdy odbiorca otrzyma wiadomo\u015b\u0107, b\u0119dzie ona mia\u0142a tre\u015b\u0107 https:\/\/a-l.ink\/HdB6sg.\n<p>Przeczytaj o <a href=\"https:\/\/suresms.com\/pl\/cechy\/markowy-adres-url-lacza-sms\/\">markowe adresy URL tutaj<\/a>gdzie u\u017cywa si\u0119 linku wygl\u0105daj\u0105cego nast\u0119puj\u0105co: https:\/\/m.mitfomain.dk\/fhdcd<\/p>\n<p>Po klikni\u0119ciu linku na naszym serwerze otwiera si\u0119 strona, na kt\u00f3rej sprawdzamy, kto klikn\u0105\u0142, z jakiego telefonu klikn\u0105\u0142, kt\u00f3ra jest godzina i wiele wi\u0119cej. U\u017cytkownik jest nast\u0119pnie przekierowywany na ostateczny adres. Dzi\u0119ki temu mo\u017cemy zmierzy\u0107, kto klikn\u0105\u0142 i zg\u0142osi\u0107 to u\u017cytkownikowi.<\/p>\n\t<h2>\u015aledzenie link\u00f3w w marketingu SMS<\/h2>\n<p>Dzi\u0119ki specjalnej funkcji link\u00f3w w naszym nadawcy SMS, otrzymujesz r\u00f3wnie\u017c mo\u017cliwo\u015b\u0107 \u015bledzenia. Mo\u017cesz zobaczy\u0107, kto klikn\u0105\u0142 na link, jak d\u0142ugo ogl\u0105da\u0142 wideo, ile razy klikn\u0105\u0142 i kiedy. Wszystkie cenne informacje, je\u015bli prowadzisz dzia\u0142ania marketingowe.<\/p>\n<ol> \t\n<li>Kr\u00f3tsze i bardziej przejrzyste linki zapewniaj\u0105 wy\u017cszy wsp\u00f3\u0142czynnik klikalno\u015bci: Gdy linki s\u0105 kr\u00f3tsze i \"\u0142adniejsze\", wygl\u0105daj\u0105 bardziej wiarygodnie i przejrzy\u015bcie. Mo\u017ce to prowadzi\u0107 do wy\u017cszego \u015bredniego wsp\u00f3\u0142czynnika klikalno\u015bci, poniewa\u017c odbiorcy s\u0105 bardziej sk\u0142onni do klikni\u0119cia w link.<\/li>\n\n<li>Zapewnia cenne dane dotycz\u0105ce kampanii, takie jak wsp\u00f3\u0142czynniki klikalno\u015bci i konwersje: Korzystaj\u0105c ze \u015bledzenia link\u00f3w w kampaniach SMS, zyskujesz cenny wgl\u0105d w skuteczno\u015b\u0107 kampanii pod wzgl\u0119dem wsp\u00f3\u0142czynnik\u00f3w klikalno\u015bci i konwersji. Wiedz\u0119 t\u0119 mo\u017cna wykorzysta\u0107 do planowania i optymalizacji przysz\u0142ych kampanii.<\/li>\n\n<li>Zapewnia przegl\u0105d wsp\u00f3\u0142czynnik\u00f3w odrzuce\u0144 kampanii: Korzystaj\u0105c z link\u00f3w do rezygnacji z subskrypcji, mo\u017cna szybko sprawdzi\u0107, kt\u00f3re kampanie nie podobaj\u0105 si\u0119 odbiorcom. Wiedza ta mo\u017ce by\u0107 wykorzystana do optymalizacji przysz\u0142ych kampanii lub porzucenia tych, kt\u00f3re nie s\u0105 skuteczne. \u015aledzenie link\u00f3w pozwala zobaczy\u0107, kt\u00f3re kampanie SMS s\u0105 skuteczne, a kt\u00f3re mog\u0105 wymaga\u0107 wi\u0119cej pracy w przysz\u0142o\u015bci.<\/li>\n<\/ol>\n\t<h2>Rezygnacja z subskrypcji SMS za po\u015brednictwem \u0142\u0105cza<\/h2>\n<p>Link w wiadomo\u015bci SMS mo\u017ce by\u0107 r\u00f3wnie\u017c u\u017cywany, je\u015bli odbiorcy chc\u0105 zrezygnowa\u0107 z subskrypcji biuletynu. Link ten jest wstawiany automatycznie po zaznaczeniu odpowiedniego pola wyboru podczas wysy\u0142ania wiadomo\u015bci. Wszystko, co odbiorca musi zrobi\u0107, aby zrezygnowa\u0107 z subskrypcji biuletynu, to klikn\u0105\u0107 link.<\/p>\n\t<h4><strong>\u00a0Tutaj mo\u017cesz przeczyta\u0107 kilka przyk\u0142ad\u00f3w tego, jak nasi klienci korzystaj\u0105 dzi\u015b z funkcji \"Grupowe SMS-y\"<\/strong><\/h4>\n\n<ul> \t\n<li>\u015aredniej wielko\u015bci firma transportowa z Jutlandii wykorzystuje grupowe wiadomo\u015bci SMS do wysy\u0142ania zada\u0144 do swoich kierowc\u00f3w. Wysy\u0142ane wiadomo\u015bci SMS zawieraj\u0105 informacje logistyczne dotycz\u0105ce towar\u00f3w, lokalizacji i odbioru.<\/li>\n\n<li>Firma zajmuj\u0105ca si\u0119 grami online zdobywa nowych klient\u00f3w, wysy\u0142aj\u0105c swoim u\u017cytkownikom grupowe wiadomo\u015bci tekstowe z linkami do mo\u017cliwych gier online.<\/li>\n\n<li>W du\u0144skim szpitalu kierownik sto\u0142\u00f3wki regularnie wysy\u0142a grupowe wiadomo\u015bci tekstowe do szcz\u0119\u015bliwego personelu o wydarzeniach towarzyskich i wa\u017cnych wydarzeniach: \"Dzi\u015b w sto\u0142\u00f3wce jest ciasto!\" lub \"Jutro \u015bwi\u0119tujemy lato pi\u0105tkowym grillem na dziedzi\u0144cu\". lub \"Jutro \u015bwi\u0119tujemy lato pi\u0105tkowym grillem na dziedzi\u0144cu!\".<\/li>\n<\/ul>","protected":false},"excerpt":{"rendered":"<p>Link SMS Filmy, pliki PDF, obrazy i linki mog\u0105 by\u0107 do\u0142\u0105czane do wiadomo\u015bci SMS. Jest to tak proste, jak za\u0142\u0105czanie pliku podczas wysy\u0142ania wiadomo\u015bci e-mail. Dzi\u0119ki SureSMS otrzymujesz wyj\u0105tkow\u0105 mo\u017cliwo\u015b\u0107 wysy\u0142ania link\u00f3w w wiadomo\u015bciach SMS. Stworzyli\u015bmy w\u0142asny skracacz adres\u00f3w URL... <a title=\"\u0141\u0105cze SMS\" class=\"read-more\" href=\"https:\/\/suresms.com\/pl\/funktioner\/sms-link\/\" aria-label=\"Dowiedz si\u0119 wi\u0119cej o \u0142\u0105czu SMS\">Dowiedz si\u0119 wi\u0119cej<\/a><\/p>","protected":false},"author":1,"featured_media":0,"parent":958,"menu_order":12,"comment_status":"closed","ping_status":"closed","template":"","meta":{"_fl_builder_enabled":"1","_fl_builder_data":null,"_fl_builder_draft":null,"_fl_builder_data_settings":null,"_fl_builder_css":"","_fl_builder_css_version":"","_fl_builder_js":"","footnotes":""},"categories":[17],"tags":[],"class_list":{"0":"post-16543","1":"page","2":"type-page","3":"status-publish","5":"category-linkfracornorstone"},"yoast_head":"<!-- This site is optimized with the Yoast SEO Premium plugin v27.5 (Yoast SEO v27.5) - https:\/\/yoast.com\/product\/yoast-seo-premium-wordpress\/ -->\r\n<title>SMS link - gratis konto<\/title>\r\n<meta name=\"description\" content=\"Du kan sende b\u00e5de sms links, billeder, videoer og lydfiler med vores SMS gateway. Uanede muligheder for rigt indhold.\" \/>\r\n<meta name=\"robots\" content=\"index, follow, max-snippet:-1, max-image-preview:large, max-video-preview:-1\" \/>\r\n<link rel=\"canonical\" href=\"https:\/\/suresms.com\/pl\/cechy\/lacze-sms\/\" \/>\r\n<meta property=\"og:locale\" content=\"pl_PL\" \/>\r\n<meta property=\"og:type\" content=\"article\" \/>\r\n<meta property=\"og:title\" content=\"SMS link\" \/>\r\n<meta property=\"og:description\" content=\"Du kan sende b\u00e5de sms links, billeder, videoer og lydfiler med vores SMS gateway. Uanede muligheder for rigt indhold.\" \/>\r\n<meta property=\"og:url\" content=\"https:\/\/suresms.com\/pl\/cechy\/lacze-sms\/\" \/>\r\n<meta property=\"article:publisher\" content=\"https:\/\/www.facebook.com\/p\/SureSMS-100044607956149\/\" \/>\r\n<meta property=\"article:modified_time\" content=\"2024-12-06T13:05:55+00:00\" \/>\r\n<meta property=\"og:image\" content=\"https:\/\/suresms.com\/wp-content\/uploads\/2023\/01\/Tilfoej-link-1.png\" \/>\r\n<meta name=\"twitter:card\" content=\"summary_large_image\" \/>\r\n<meta name=\"twitter:label1\" content=\"Szacowany czas czytania\" \/>\n\t<meta name=\"twitter:data1\" content=\"5 minut\" \/>\r\n<script type=\"application\/ld+json\" class=\"yoast-schema-graph\">{\"@context\":\"https:\\\/\\\/schema.org\",\"@graph\":[{\"@type\":\"WebPage\",\"@id\":\"https:\\\/\\\/suresms.com\\\/dk\\\/funktioner\\\/sms-link\\\/\",\"url\":\"https:\\\/\\\/suresms.com\\\/dk\\\/funktioner\\\/sms-link\\\/\",\"name\":\"SMS link - gratis konto\",\"isPartOf\":{\"@id\":\"https:\\\/\\\/suresms.com\\\/en\\\/#website\"},\"primaryImageOfPage\":{\"@id\":\"https:\\\/\\\/suresms.com\\\/dk\\\/funktioner\\\/sms-link\\\/#primaryimage\"},\"image\":{\"@id\":\"https:\\\/\\\/suresms.com\\\/dk\\\/funktioner\\\/sms-link\\\/#primaryimage\"},\"thumbnailUrl\":\"https:\\\/\\\/suresms.com\\\/wp-content\\\/uploads\\\/2023\\\/01\\\/Tilfoej-link-1.png\",\"datePublished\":\"2023-01-25T08:38:05+00:00\",\"dateModified\":\"2024-12-06T13:05:55+00:00\",\"description\":\"Du kan sende b\u00e5de sms links, billeder, videoer og lydfiler med vores SMS gateway. Uanede muligheder for rigt indhold.\",\"breadcrumb\":{\"@id\":\"https:\\\/\\\/suresms.com\\\/dk\\\/funktioner\\\/sms-link\\\/#breadcrumb\"},\"inLanguage\":\"pl-PL\",\"potentialAction\":[{\"@type\":\"ReadAction\",\"target\":[\"https:\\\/\\\/suresms.com\\\/dk\\\/funktioner\\\/sms-link\\\/\"]}]},{\"@type\":\"ImageObject\",\"inLanguage\":\"pl-PL\",\"@id\":\"https:\\\/\\\/suresms.com\\\/dk\\\/funktioner\\\/sms-link\\\/#primaryimage\",\"url\":\"https:\\\/\\\/suresms.com\\\/wp-content\\\/uploads\\\/2023\\\/01\\\/Tilfoej-link-1.png\",\"contentUrl\":\"https:\\\/\\\/suresms.com\\\/wp-content\\\/uploads\\\/2023\\\/01\\\/Tilfoej-link-1.png\"},{\"@type\":\"BreadcrumbList\",\"@id\":\"https:\\\/\\\/suresms.com\\\/dk\\\/funktioner\\\/sms-link\\\/#breadcrumb\",\"itemListElement\":[{\"@type\":\"ListItem\",\"position\":1,\"name\":\"Home\",\"item\":\"https:\\\/\\\/suresms.com\\\/dk\\\/\"},{\"@type\":\"ListItem\",\"position\":2,\"name\":\"Funktioner\",\"item\":\"https:\\\/\\\/suresms.com\\\/dk\\\/funktioner\\\/\"},{\"@type\":\"ListItem\",\"position\":3,\"name\":\"SMS link\"}]},{\"@type\":\"WebSite\",\"@id\":\"https:\\\/\\\/suresms.com\\\/en\\\/#website\",\"url\":\"https:\\\/\\\/suresms.com\\\/en\\\/\",\"name\":\"SureSMS\",\"description\":\"Professionel SMS Gateway\",\"publisher\":{\"@id\":\"https:\\\/\\\/suresms.com\\\/en\\\/#organization\"},\"potentialAction\":[{\"@type\":\"SearchAction\",\"target\":{\"@type\":\"EntryPoint\",\"urlTemplate\":\"https:\\\/\\\/suresms.com\\\/en\\\/?s={search_term_string}\"},\"query-input\":{\"@type\":\"PropertyValueSpecification\",\"valueRequired\":true,\"valueName\":\"search_term_string\"}}],\"inLanguage\":\"pl-PL\"},{\"@type\":\"Organization\",\"@id\":\"https:\\\/\\\/suresms.com\\\/en\\\/#organization\",\"name\":\"SureSMS\",\"url\":\"https:\\\/\\\/suresms.com\\\/en\\\/\",\"logo\":{\"@type\":\"ImageObject\",\"inLanguage\":\"pl-PL\",\"@id\":\"https:\\\/\\\/suresms.com\\\/en\\\/#\\\/schema\\\/logo\\\/image\\\/\",\"url\":\"https:\\\/\\\/suresms.com\\\/wp-content\\\/uploads\\\/2024\\\/11\\\/suresms-300x65-1.png\",\"contentUrl\":\"https:\\\/\\\/suresms.com\\\/wp-content\\\/uploads\\\/2024\\\/11\\\/suresms-300x65-1.png\",\"width\":300,\"height\":65,\"caption\":\"SureSMS\"},\"image\":{\"@id\":\"https:\\\/\\\/suresms.com\\\/en\\\/#\\\/schema\\\/logo\\\/image\\\/\"},\"sameAs\":[\"https:\\\/\\\/www.facebook.com\\\/p\\\/SureSMS-100044607956149\\\/\"]}]}<\/script>\r\n<!-- \/ Yoast SEO Premium plugin. -->","yoast_head_json":{"title":"Link SMS - darmowe konto","description":"Nasza bramka SMS umo\u017cliwia wysy\u0142anie link\u00f3w, obraz\u00f3w, film\u00f3w i plik\u00f3w audio. Niesko\u0144czone mo\u017cliwo\u015bci dla bogatych tre\u015bci.","robots":{"index":"index","follow":"follow","max-snippet":"max-snippet:-1","max-image-preview":"max-image-preview:large","max-video-preview":"max-video-preview:-1"},"canonical":"https:\/\/suresms.com\/pl\/cechy\/lacze-sms\/","og_locale":"pl_PL","og_type":"article","og_title":"SMS link","og_description":"Du kan sende b\u00e5de sms links, billeder, videoer og lydfiler med vores SMS gateway. Uanede muligheder for rigt indhold.","og_url":"https:\/\/suresms.com\/pl\/cechy\/lacze-sms\/","article_publisher":"https:\/\/www.facebook.com\/p\/SureSMS-100044607956149\/","article_modified_time":"2024-12-06T13:05:55+00:00","og_image":[{"url":"https:\/\/suresms.com\/wp-content\/uploads\/2023\/01\/Tilfoej-link-1.png","type":"","width":"","height":""}],"twitter_card":"summary_large_image","twitter_misc":{"Szacowany czas czytania":"5 minut"},"schema":{"@context":"https:\/\/schema.org","@graph":[{"@type":"WebPage","@id":"https:\/\/suresms.com\/dk\/funktioner\/sms-link\/","url":"https:\/\/suresms.com\/dk\/funktioner\/sms-link\/","name":"Link SMS - darmowe konto","isPartOf":{"@id":"https:\/\/suresms.com\/en\/#website"},"primaryImageOfPage":{"@id":"https:\/\/suresms.com\/dk\/funktioner\/sms-link\/#primaryimage"},"image":{"@id":"https:\/\/suresms.com\/dk\/funktioner\/sms-link\/#primaryimage"},"thumbnailUrl":"https:\/\/suresms.com\/wp-content\/uploads\/2023\/01\/Tilfoej-link-1.png","datePublished":"2023-01-25T08:38:05+00:00","dateModified":"2024-12-06T13:05:55+00:00","description":"Nasza bramka SMS umo\u017cliwia wysy\u0142anie link\u00f3w, obraz\u00f3w, film\u00f3w i plik\u00f3w audio. Niesko\u0144czone mo\u017cliwo\u015bci dla bogatych tre\u015bci.","breadcrumb":{"@id":"https:\/\/suresms.com\/dk\/funktioner\/sms-link\/#breadcrumb"},"inLanguage":"pl-PL","potentialAction":[{"@type":"ReadAction","target":["https:\/\/suresms.com\/dk\/funktioner\/sms-link\/"]}]},{"@type":"ImageObject","inLanguage":"pl-PL","@id":"https:\/\/suresms.com\/dk\/funktioner\/sms-link\/#primaryimage","url":"https:\/\/suresms.com\/wp-content\/uploads\/2023\/01\/Tilfoej-link-1.png","contentUrl":"https:\/\/suresms.com\/wp-content\/uploads\/2023\/01\/Tilfoej-link-1.png"},{"@type":"BreadcrumbList","@id":"https:\/\/suresms.com\/dk\/funktioner\/sms-link\/#breadcrumb","itemListElement":[{"@type":"ListItem","position":1,"name":"Home","item":"https:\/\/suresms.com\/dk\/"},{"@type":"ListItem","position":2,"name":"Funktioner","item":"https:\/\/suresms.com\/dk\/funktioner\/"},{"@type":"ListItem","position":3,"name":"SMS link"}]},{"@type":"WebSite","@id":"https:\/\/suresms.com\/en\/#website","url":"https:\/\/suresms.com\/en\/","name":"SureSMS","description":"Profesjonalna bramka SMS","publisher":{"@id":"https:\/\/suresms.com\/en\/#organization"},"potentialAction":[{"@type":"SearchAction","target":{"@type":"EntryPoint","urlTemplate":"https:\/\/suresms.com\/en\/?s={search_term_string}"},"query-input":{"@type":"PropertyValueSpecification","valueRequired":true,"valueName":"search_term_string"}}],"inLanguage":"pl-PL"},{"@type":"Organization","@id":"https:\/\/suresms.com\/en\/#organization","name":"SureSMS","url":"https:\/\/suresms.com\/en\/","logo":{"@type":"ImageObject","inLanguage":"pl-PL","@id":"https:\/\/suresms.com\/en\/#\/schema\/logo\/image\/","url":"https:\/\/suresms.com\/wp-content\/uploads\/2024\/11\/suresms-300x65-1.png","contentUrl":"https:\/\/suresms.com\/wp-content\/uploads\/2024\/11\/suresms-300x65-1.png","width":300,"height":65,"caption":"SureSMS"},"image":{"@id":"https:\/\/suresms.com\/en\/#\/schema\/logo\/image\/"},"sameAs":["https:\/\/www.facebook.com\/p\/SureSMS-100044607956149\/"]}]}},"_links":{"self":[{"href":"https:\/\/suresms.com\/pl\/wp-json\/wp\/v2\/pages\/16543","targetHints":{"allow":["GET"]}}],"collection":[{"href":"https:\/\/suresms.com\/pl\/wp-json\/wp\/v2\/pages"}],"about":[{"href":"https:\/\/suresms.com\/pl\/wp-json\/wp\/v2\/types\/page"}],"author":[{"embeddable":true,"href":"https:\/\/suresms.com\/pl\/wp-json\/wp\/v2\/users\/1"}],"replies":[{"embeddable":true,"href":"https:\/\/suresms.com\/pl\/wp-json\/wp\/v2\/comments?post=16543"}],"version-history":[{"count":2,"href":"https:\/\/suresms.com\/pl\/wp-json\/wp\/v2\/pages\/16543\/revisions"}],"predecessor-version":[{"id":19497,"href":"https:\/\/suresms.com\/pl\/wp-json\/wp\/v2\/pages\/16543\/revisions\/19497"}],"up":[{"embeddable":true,"href":"https:\/\/suresms.com\/pl\/wp-json\/wp\/v2\/pages\/958"}],"wp:attachment":[{"href":"https:\/\/suresms.com\/pl\/wp-json\/wp\/v2\/media?parent=16543"}],"wp:term":[{"taxonomy":"category","embeddable":true,"href":"https:\/\/suresms.com\/pl\/wp-json\/wp\/v2\/categories?post=16543"},{"taxonomy":"post_tag","embeddable":true,"href":"https:\/\/suresms.com\/pl\/wp-json\/wp\/v2\/tags?post=16543"}],"curies":[{"name":"wp","href":"https:\/\/api.w.org\/{rel}","templated":true}]}}