{"id":1654,"date":"2016-02-01T18:43:38","date_gmt":"2016-02-01T16:43:38","guid":{"rendered":"https:\/\/www.suresms.com\/dk\/?page_id=1654"},"modified":"2025-01-22T16:11:08","modified_gmt":"2025-01-22T16:11:08","slug":"zrzuty-oddzialowe","status":"publish","type":"page","link":"https:\/\/suresms.com\/pl\/branchelosninger\/","title":{"rendered":"Rozwi\u0105zania bran\u017cowe"},"content":{"rendered":"<h1>Rozwi\u0105zania bran\u017cowe - rozwi\u0105zanie SMS Premium dla Twojej firmy<\/h1>\n<p>W SureSMS dostarczamy elastyczne i stabilne rozwi\u0105zania SMS dla wielu bran\u017c i organizacji. Wsp\u00f3\u0142praca z naszymi klientami to dla nas partnerstwo, w ramach kt\u00f3rego dostosowujemy produkty i us\u0142ugi do ich potrzeb, aby wsp\u00f3lnie poprawi\u0107 komunikacj\u0119 i konkurencyjno\u015b\u0107.<\/p>\n<p>Na tej stronie zebrali\u015bmy niekt\u00f3re rodzaje bran\u017c i profesjonalist\u00f3w, kt\u00f3rzy korzystaj\u0105 z naszych us\u0142ug SMS online. Znajd\u017a inspiracj\u0119, jak mo\u017cemy pom\u00f3c Twojej firmie.<\/p>\n<p>Wi\u0119cej informacji na temat korzy\u015bci i funkcji mo\u017cna znale\u017a\u0107 na poszczeg\u00f3lnych stronach.<\/p>\n\t\t<h3><a href=\"https:\/\/suresms.com\/pl\/zrzuty-oddzialowe\/sms-dla-firm-uslugowych\/\" target=\"_self\">Firmy us\u0142ugowe<\/a><\/h3>\n\t\t\t\t<a href=\"https:\/\/suresms.com\/pl\/zrzuty-oddzialowe\/sms-dla-firm-uslugowych\/\"  target=\"_self\" itemprop=\"url\">\n\t\t\t\t<img loading=\"lazy\" decoding=\"async\" src=\"https:\/\/suresms.com\/wp-content\/uploads\/2016\/06\/sms-til-service-snippet.jpg\" alt=\"SMS dla firm us\u0142ugowych, serwis\u00f3w samochodowych, fryzjer\u00f3w i dentyst\u00f3w\" itemprop=\"image\" height=\"266\" width=\"400\" title=\"SMS dla us\u0142ugi\" onerror=\"this.style.display='none'\"  \/>\n\t\t\t\t<\/a>\n<a href=\"https:\/\/suresms.com\/pl\/zrzuty-oddzialowe\/sms-dla-firm-uslugowych\/\"  target=\"_self\">O SMS-ach dla firm us\u0142ugowych<\/a>\t\n\t\t<h3><a href=\"https:\/\/suresms.com\/pl\/zrzuty-oddzialowe\/sms-dla-firm-transportowych-i-logistycznych\/\" target=\"_self\">Przemys\u0142 transportowy<\/a><\/h3>\n\t\t\t\t<a href=\"https:\/\/suresms.com\/pl\/zrzuty-oddzialowe\/sms-dla-firm-transportowych-i-logistycznych\/\"  target=\"_self\" itemprop=\"url\">\n\t\t\t\t<img loading=\"lazy\" decoding=\"async\" src=\"https:\/\/suresms.com\/wp-content\/uploads\/2016\/02\/SMS-til-Transport-snippet.jpg\" alt=\"SMS dla firm transportowych i logistycznych\" itemprop=\"image\" height=\"266\" width=\"400\" title=\"SMS do firm transportowych\" onerror=\"this.style.display='none'\"  \/>\n\t\t\t\t<\/a>\n<a href=\"https:\/\/suresms.com\/pl\/zrzuty-oddzialowe\/sms-dla-firm-transportowych-i-logistycznych\/\"  target=\"_self\">Przeczytaj o SMS-ach dla bran\u017cy transportowej<\/a>\t\n\t\t<h3><a href=\"https:\/\/suresms.com\/pl\/zrzuty-oddzialowe\/sms-dla-biznesu\/\" target=\"_self\">Sklepy i firmy<\/a><\/h3>\n\t\t\t\t<a href=\"https:\/\/suresms.com\/pl\/zrzuty-oddzialowe\/sms-dla-biznesu\/\"  target=\"_self\" itemprop=\"url\">\n\t\t\t\t<img loading=\"lazy\" decoding=\"async\" src=\"https:\/\/suresms.com\/wp-content\/uploads\/2015\/02\/sms-til-butikker-snippet.jpg\" alt=\"Klienci SMS online do sklep\u00f3w i sklep\u00f3w\" itemprop=\"image\" height=\"267\" width=\"400\" title=\"SMS to stores snippet\" onerror=\"this.style.display='none'\"  \/>\n\t\t\t\t<\/a>\n<a href=\"https:\/\/suresms.com\/pl\/zrzuty-oddzialowe\/sms-dla-biznesu\/\"  target=\"_self\">Przeczytaj o SMS-ach do sklep\u00f3w i sklep\u00f3w<\/a>\t\n\t\t<h3><a href=\"https:\/\/suresms.com\/pl\/zrzuty-oddzialowe\/sms-dla-instytucji-publicznych\/\" target=\"_self\">Instytucje publiczne<\/a><\/h3>\n\t\t\t\t<a href=\"https:\/\/suresms.com\/pl\/zrzuty-oddzialowe\/sms-dla-instytucji-publicznych\/\"  target=\"_self\" itemprop=\"url\">\n\t\t\t\t<img loading=\"lazy\" decoding=\"async\" src=\"https:\/\/suresms.com\/wp-content\/uploads\/2016\/02\/sms-til-offentlige-snippet.jpg\" alt=\"SMS do instytucji publicznych w pa\u0144stwie i gminie\" itemprop=\"image\" height=\"266\" width=\"400\" title=\"SMS dla instytucji publicznych\" onerror=\"this.style.display='none'\"  \/>\n\t\t\t\t<\/a>\n<a href=\"https:\/\/suresms.com\/pl\/zrzuty-oddzialowe\/sms-dla-instytucji-publicznych\/\"  target=\"_self\">Przeczytaj o SMS-ach dla instytucji publicznych<\/a>\t\n\t\t<h3><a href=\"https:\/\/suresms.com\/pl\/zrzuty-oddzialowe\/sms-dla-firm-internetowych-i-uslug-sieciowych-2\/\" target=\"_self\">Firmy internetowe<\/a><\/h3>\n\t\t\t\t<a href=\"https:\/\/suresms.com\/pl\/zrzuty-oddzialowe\/sms-dla-firm-internetowych-i-uslug-sieciowych-2\/\"  target=\"_self\" itemprop=\"url\">\n\t\t\t\t<img loading=\"lazy\" decoding=\"async\" src=\"https:\/\/suresms.com\/wp-content\/uploads\/2016\/06\/SMS-til-butikker.jpg\" alt=\"SMS dla firm internetowych i us\u0142ug sieciowych\" itemprop=\"image\" height=\"266\" width=\"400\" title=\"SMS dla firm internetowych i us\u0142ug sieciowych\" onerror=\"this.style.display='none'\"  \/>\n\t\t\t\t<\/a>\n<a href=\"https:\/\/suresms.com\/pl\/zrzuty-oddzialowe\/sms-dla-firm-internetowych-i-uslug-sieciowych-2\/\"  target=\"_self\">Przeczytaj o SMS-ach dla us\u0142ug online<\/a>\t\n\t\t<h3><a href=\"https:\/\/suresms.com\/pl\/zrzuty-oddzialowe\/sms-dla-firm-produkcyjnych\/\" target=\"_self\">Produkcja i biznes<\/a><\/h3>\n\t\t\t\t<a href=\"https:\/\/suresms.com\/pl\/zrzuty-oddzialowe\/sms-dla-firm-produkcyjnych\/\"  target=\"_self\" itemprop=\"url\">\n\t\t\t\t<img loading=\"lazy\" decoding=\"async\" src=\"https:\/\/suresms.com\/wp-content\/uploads\/2016\/06\/sms-til-produktionsvirksomheder-snippet.jpg\" alt=\"SMS dla organizacji produkcyjnych i biznesowych\" itemprop=\"image\" height=\"266\" width=\"400\" title=\"SMS dla firm produkcyjnych\" onerror=\"this.style.display='none'\"  \/>\n\t\t\t\t<\/a>\n<a href=\"https:\/\/suresms.com\/pl\/zrzuty-oddzialowe\/sms-dla-firm-produkcyjnych\/\"  target=\"_self\">Informacje o SMS dla firm i przedsi\u0119biorstw<\/a>\t\n\t\t<h3><a href=\"https:\/\/suresms.com\/pl\/zrzuty-oddzialowe\/kluby-sms\/\" target=\"_self\">Kluby i stowarzyszenia<\/a><\/h3>\n\t\t\t\t<a href=\"https:\/\/suresms.com\/pl\/zrzuty-oddzialowe\/kluby-sms\/\"  target=\"_self\" itemprop=\"url\">\n\t\t\t\t<img loading=\"lazy\" decoding=\"async\" src=\"https:\/\/suresms.com\/wp-content\/uploads\/2015\/02\/sms-til-klubber-snippet.jpg\" alt=\"wysy\u0142anie sms online do klub\u00f3w i stowarzysze\u0144\" itemprop=\"image\" height=\"266\" width=\"400\" title=\"SMS do klub\u00f3w\" onerror=\"this.style.display='none'\"  \/>\n\t\t\t\t<\/a>\n<a href=\"https:\/\/suresms.com\/pl\/zrzuty-oddzialowe\/kluby-sms\/\"  target=\"_self\">Przeczytaj o SMS dla klub\u00f3w i stowarzysze\u0144 <\/a>\t\n\t\t<h3><a href=\"https:\/\/suresms.com\/pl\/zrzuty-oddzialowe\/awaryjna-wiadomosc-tekstowa\/\" target=\"_self\">SMS alarmowy dla ka\u017cdego<\/a><\/h3>\n\t\t\t\t<a href=\"https:\/\/suresms.com\/pl\/zrzuty-oddzialowe\/awaryjna-wiadomosc-tekstowa\/\"  target=\"_self\" itemprop=\"url\">\n\t\t\t\t<img loading=\"lazy\" decoding=\"async\" src=\"https:\/\/suresms.com\/wp-content\/uploads\/2023\/07\/Emergency-BW-1.png\" alt=\"Awaryjne wiadomo\u015bci SMS\" itemprop=\"image\" height=\"333\" width=\"500\" title=\"Awaryjne BW\" onerror=\"this.style.display='none'\"  \/>\n\t\t\t\t<\/a>\n<a href=\"https:\/\/suresms.com\/pl\/zrzuty-oddzialowe\/awaryjna-wiadomosc-tekstowa\/\"  target=\"_self\">Przeczytaj o naszych SMS-ach alarmowych<\/a>\t\n\t<h3>Wysy\u0142aj wiadomo\u015bci SMS, gdy na Twojej stronie pojawi\u0105 si\u0119 NOWO\u015aCI<\/h3>\n<p>Jest to przydatna funkcja dla stowarzysze\u0144, organizacji biznesowych i handlowc\u00f3w, a jej konfiguracja jest \u0142atwa i tania. Dzi\u0119ki naszej bramce SMS mo\u017cesz wybra\u0107, czy chcesz wysy\u0142a\u0107 SMS-y do wszystkich klient\u00f3w, czy tylko do grup u\u017cytkownik\u00f3w. Za po\u015brednictwem naszego interfejsu API SureSMS wiadomo\u015bci SMS s\u0105 wysy\u0142ane automatycznie po zaktualizowaniu witryny. Je\u015bli masz ju\u017c biuletyn lub modu\u0142 do wysy\u0142ania biuletyn\u00f3w, mo\u017cesz u\u017cy\u0107 naszego modu\u0142u email2sms, aby skonfigurowa\u0107 go tak, aby u\u017cytkownicy otrzymywali SMS-y z modu\u0142u wiadomo\u015bci.<\/p>\n<p><a href=\"https:\/\/suresms.com\/pl\/o-suresms\/wsparcie-suresms\/\">Wsparcie telefoniczne<\/a> na czacie. Ch\u0119tnie pomo\u017cemy Ci rozpocz\u0105\u0107 prac\u0119 z rozwi\u0105zaniem, kt\u00f3re odpowiada Twoim potrzebom.<\/p>\n\t\t\t\t<a href=\"https:\/\/suresms.com\/pl\/o-suresms\/wsparcie-suresms\/\"  target=\"_self\" itemprop=\"url\">\n\t\t\t\t<img loading=\"lazy\" decoding=\"async\" src=\"https:\/\/suresms.com\/wp-content\/uploads\/bb-plugin\/cache\/Not-there1-panorama-46ce722cf3951d9002e2059616f3f7fe-.jpg\" alt=\"Kt\u00f3re rozwi\u0105zanie SMS online\" itemprop=\"image\" height=\"266\" width=\"500\" title=\"rozwi\u0105zanie sms online w niepewno\u015bci\" onerror=\"this.style.display='none'\"  \/>\n\t\t\t\t<\/a>\n<h3><a href=\"https:\/\/suresms.com\/pl\/o-suresms\/wsparcie-suresms\/\" target=\"_self\">Nie ma mnie tam<\/a><\/h3>Nie widz\u0119 siebie w tych pude\u0142kach.<br \/>\nPotrzebuj\u0119 rozwi\u0105zania SMS, kt\u00f3re nie wiem, czy oferujecie.\n<p>&nbsp;<\/p>\n<a title=\"Wsparcie SureSMS 24\/7\" href=\"https:\/\/suresms.com\/pl\/o-suresms\/wsparcie-suresms\/\">Skontaktuj si\u0119 z naszym zespo\u0142em pomocy technicznej.<\/a> Zdecydowanie mamy dla Ciebie rozwi\u0105zanie, a my uwielbiamy wyzwania.<br \/>\nS\u0142u\u017cymy wiedz\u0105, pomoc\u0105 i bezp\u0142atnym profesjonalnym doradztwem przez siedem dni w tygodniu.\n\t\t\t\t<a href=\"https:\/\/suresms.com\/pl\/zamowienie\/darmowe-konto-testowe-sms\/\"  target=\"_self\" itemprop=\"url\">\n\t\t\t\t<img loading=\"lazy\" decoding=\"async\" src=\"https:\/\/suresms.com\/wp-content\/uploads\/bb-plugin\/cache\/test-stor-panorama-de3cf342ba8c1b45016354f59526e95d-.jpg\" alt=\"Darmowe konto pr\u00f3bne Sure SMS\" itemprop=\"image\" height=\"266\" width=\"500\" title=\"Utw\u00f3rz bezp\u0142atne konto pr\u00f3bne Sure SMS\" onerror=\"this.style.display='none'\"  \/>\n\t\t\t\t<\/a>\n<h3><a href=\"https:\/\/suresms.com\/pl\/zamowienie\/darmowe-konto-testowe-sms\/\" target=\"_self\">Utw\u00f3rz darmowe konto pr\u00f3bne TERAZ!<\/a><\/h3>Mo\u017cesz za\u0142o\u017cy\u0107 konto za darmo i wypr\u00f3bowa\u0107 nasz system. Kliknij link i od razu otrzymaj konto testowe z 50 darmowymi SMS-ami. Jest to us\u0142uga SureSMS dla Ciebie bez \u017cadnych koszt\u00f3w finansowych ani zobowi\u0105za\u0144.<br \/>\nZe wzgl\u0119d\u00f3w bezpiecze\u0144stwa sprawdzamy ka\u017cde konto r\u0119cznie i czasami mo\u017ce wyst\u0105pi\u0107 kr\u00f3tki czas oczekiwania. Prosimy o wyrozumia\u0142o\u015b\u0107.","protected":false},"excerpt":{"rendered":"<p>Rozwi\u0105zania bran\u017cowe - rozwi\u0105zania SMS Premium dla Twojej firmy W SureSMS dostarczamy elastyczne i stabilne rozwi\u0105zania SMS dla wielu bran\u017c i organizacji. Wsp\u00f3\u0142praca z naszymi klientami to dla nas partnerstwo, w ramach kt\u00f3rego dostosowujemy produkty i us\u0142ugi do ich potrzeb, aby wsp\u00f3lnie poprawi\u0107 komunikacj\u0119 i konkurencyjno\u015b\u0107. Na tej stronie zebrali\u015bmy niekt\u00f3re ... <a title=\"Rozwi\u0105zania bran\u017cowe\" class=\"read-more\" href=\"https:\/\/suresms.com\/pl\/branchelosninger\/\" aria-label=\"Dowiedz si\u0119 wi\u0119cej o rozwi\u0105zaniach dla przemys\u0142u\">Dowiedz si\u0119 wi\u0119cej<\/a><\/p>","protected":false},"author":1,"featured_media":0,"parent":0,"menu_order":7,"comment_status":"closed","ping_status":"closed","template":"","meta":{"_fl_builder_enabled":"1","_fl_builder_data":null,"_fl_builder_draft":null,"_fl_builder_data_settings":null,"_fl_builder_css":"","_fl_builder_css_version":"","_fl_builder_js":"","footnotes":""},"categories":[],"tags":[],"class_list":["post-1654","page","type-page","status-publish"],"yoast_head":"<!-- This site is optimized with the Yoast SEO Premium plugin v27.3 (Yoast SEO v27.3) - https:\/\/yoast.com\/product\/yoast-seo-premium-wordpress\/ -->\r\n<title>En SMS-l\u00f8sning til dig! SureSMS - Find din SMS-l\u00f8sning her<\/title>\r\n<meta name=\"description\" content=\"Find din SMS l\u00f8sning her! Hos SureSMS tager vi udgangspunkt i kunden. Bedste SMS l\u00f8sning til Transport virksomheder, offentlige institutioner og klubber.\" \/>\r\n<meta name=\"robots\" content=\"index, follow, max-snippet:-1, max-image-preview:large, max-video-preview:-1\" \/>\r\n<link rel=\"canonical\" href=\"https:\/\/suresms.com\/pl\/zrzuty-oddzialowe\/\" \/>\r\n<meta property=\"og:locale\" content=\"pl_PL\" \/>\r\n<meta property=\"og:type\" content=\"article\" \/>\r\n<meta property=\"og:title\" content=\"Branchel\u00f8sninger\" \/>\r\n<meta property=\"og:description\" content=\"Find din SMS l\u00f8sning her! Hos SureSMS tager vi udgangspunkt i kunden. Bedste SMS l\u00f8sning til Transport virksomheder, offentlige institutioner og klubber.\" \/>\r\n<meta property=\"og:url\" content=\"https:\/\/suresms.com\/pl\/zrzuty-oddzialowe\/\" \/>\r\n<meta property=\"article:publisher\" content=\"https:\/\/www.facebook.com\/p\/SureSMS-100044607956149\/\" \/>\r\n<meta property=\"article:modified_time\" content=\"2025-01-22T16:11:08+00:00\" \/>\r\n<meta property=\"og:image\" content=\"https:\/\/suresms.com\/wp-content\/uploads\/2016\/06\/sms-til-service-snippet.jpg\" \/>\r\n\t<meta property=\"og:image:width\" content=\"400\" \/>\r\n\t<meta property=\"og:image:height\" content=\"266\" \/>\r\n\t<meta property=\"og:image:type\" content=\"image\/jpeg\" \/>\r\n<meta name=\"twitter:card\" content=\"summary_large_image\" \/>\r\n<meta name=\"twitter:label1\" content=\"Szacowany czas czytania\" \/>\n\t<meta name=\"twitter:data1\" content=\"9 minut\" \/>\r\n<script type=\"application\/ld+json\" class=\"yoast-schema-graph\">{\"@context\":\"https:\\\/\\\/schema.org\",\"@graph\":[{\"@type\":\"WebPage\",\"@id\":\"https:\\\/\\\/suresms.com\\\/dk\\\/branchelosninger\\\/\",\"url\":\"https:\\\/\\\/suresms.com\\\/dk\\\/branchelosninger\\\/\",\"name\":\"En SMS-l\u00f8sning til dig! SureSMS - Find din SMS-l\u00f8sning her\",\"isPartOf\":{\"@id\":\"https:\\\/\\\/suresms.com\\\/en\\\/#website\"},\"primaryImageOfPage\":{\"@id\":\"https:\\\/\\\/suresms.com\\\/dk\\\/branchelosninger\\\/#primaryimage\"},\"image\":{\"@id\":\"https:\\\/\\\/suresms.com\\\/dk\\\/branchelosninger\\\/#primaryimage\"},\"thumbnailUrl\":\"https:\\\/\\\/suresms.com\\\/wp-content\\\/uploads\\\/2016\\\/06\\\/sms-til-service-snippet.jpg\",\"datePublished\":\"2016-02-01T16:43:38+00:00\",\"dateModified\":\"2025-01-22T16:11:08+00:00\",\"description\":\"Find din SMS l\u00f8sning her! Hos SureSMS tager vi udgangspunkt i kunden. Bedste SMS l\u00f8sning til Transport virksomheder, offentlige institutioner og klubber.\",\"breadcrumb\":{\"@id\":\"https:\\\/\\\/suresms.com\\\/dk\\\/branchelosninger\\\/#breadcrumb\"},\"inLanguage\":\"pl-PL\",\"potentialAction\":[{\"@type\":\"ReadAction\",\"target\":[\"https:\\\/\\\/suresms.com\\\/dk\\\/branchelosninger\\\/\"]}]},{\"@type\":\"ImageObject\",\"inLanguage\":\"pl-PL\",\"@id\":\"https:\\\/\\\/suresms.com\\\/dk\\\/branchelosninger\\\/#primaryimage\",\"url\":\"https:\\\/\\\/suresms.com\\\/wp-content\\\/uploads\\\/2016\\\/06\\\/sms-til-service-snippet.jpg\",\"contentUrl\":\"https:\\\/\\\/suresms.com\\\/wp-content\\\/uploads\\\/2016\\\/06\\\/sms-til-service-snippet.jpg\"},{\"@type\":\"BreadcrumbList\",\"@id\":\"https:\\\/\\\/suresms.com\\\/dk\\\/branchelosninger\\\/#breadcrumb\",\"itemListElement\":[{\"@type\":\"ListItem\",\"position\":1,\"name\":\"Home\",\"item\":\"https:\\\/\\\/suresms.com\\\/dk\\\/\"},{\"@type\":\"ListItem\",\"position\":2,\"name\":\"Branchel\u00f8sninger\"}]},{\"@type\":\"WebSite\",\"@id\":\"https:\\\/\\\/suresms.com\\\/en\\\/#website\",\"url\":\"https:\\\/\\\/suresms.com\\\/en\\\/\",\"name\":\"SureSMS\",\"description\":\"Professionel SMS Gateway\",\"publisher\":{\"@id\":\"https:\\\/\\\/suresms.com\\\/en\\\/#organization\"},\"potentialAction\":[{\"@type\":\"SearchAction\",\"target\":{\"@type\":\"EntryPoint\",\"urlTemplate\":\"https:\\\/\\\/suresms.com\\\/en\\\/?s={search_term_string}\"},\"query-input\":{\"@type\":\"PropertyValueSpecification\",\"valueRequired\":true,\"valueName\":\"search_term_string\"}}],\"inLanguage\":\"pl-PL\"},{\"@type\":\"Organization\",\"@id\":\"https:\\\/\\\/suresms.com\\\/en\\\/#organization\",\"name\":\"SureSMS\",\"url\":\"https:\\\/\\\/suresms.com\\\/en\\\/\",\"logo\":{\"@type\":\"ImageObject\",\"inLanguage\":\"pl-PL\",\"@id\":\"https:\\\/\\\/suresms.com\\\/en\\\/#\\\/schema\\\/logo\\\/image\\\/\",\"url\":\"https:\\\/\\\/suresms.com\\\/wp-content\\\/uploads\\\/2024\\\/11\\\/suresms-300x65-1.png\",\"contentUrl\":\"https:\\\/\\\/suresms.com\\\/wp-content\\\/uploads\\\/2024\\\/11\\\/suresms-300x65-1.png\",\"width\":300,\"height\":65,\"caption\":\"SureSMS\"},\"image\":{\"@id\":\"https:\\\/\\\/suresms.com\\\/en\\\/#\\\/schema\\\/logo\\\/image\\\/\"},\"sameAs\":[\"https:\\\/\\\/www.facebook.com\\\/p\\\/SureSMS-100044607956149\\\/\"]}]}<\/script>\r\n<!-- \/ Yoast SEO Premium plugin. -->","yoast_head_json":{"title":"Rozwi\u0105zanie SMS dla Ciebie! SureSMS - Znajd\u017a swoje rozwi\u0105zanie SMS tutaj","description":"Znajd\u017a swoje rozwi\u0105zanie SMS tutaj! W SureSMS klient jest dla nas punktem wyj\u015bcia. Najlepsze rozwi\u0105zanie SMS dla firm transportowych, instytucji publicznych i klub\u00f3w.","robots":{"index":"index","follow":"follow","max-snippet":"max-snippet:-1","max-image-preview":"max-image-preview:large","max-video-preview":"max-video-preview:-1"},"canonical":"https:\/\/suresms.com\/pl\/zrzuty-oddzialowe\/","og_locale":"pl_PL","og_type":"article","og_title":"Branchel\u00f8sninger","og_description":"Find din SMS l\u00f8sning her! Hos SureSMS tager vi udgangspunkt i kunden. Bedste SMS l\u00f8sning til Transport virksomheder, offentlige institutioner og klubber.","og_url":"https:\/\/suresms.com\/pl\/zrzuty-oddzialowe\/","article_publisher":"https:\/\/www.facebook.com\/p\/SureSMS-100044607956149\/","article_modified_time":"2025-01-22T16:11:08+00:00","og_image":[{"width":400,"height":266,"url":"https:\/\/suresms.com\/wp-content\/uploads\/2016\/06\/sms-til-service-snippet.jpg","type":"image\/jpeg"}],"twitter_card":"summary_large_image","twitter_misc":{"Szacowany czas czytania":"9 minut"},"schema":{"@context":"https:\/\/schema.org","@graph":[{"@type":"WebPage","@id":"https:\/\/suresms.com\/dk\/branchelosninger\/","url":"https:\/\/suresms.com\/dk\/branchelosninger\/","name":"Rozwi\u0105zanie SMS dla Ciebie! SureSMS - Znajd\u017a swoje rozwi\u0105zanie SMS tutaj","isPartOf":{"@id":"https:\/\/suresms.com\/en\/#website"},"primaryImageOfPage":{"@id":"https:\/\/suresms.com\/dk\/branchelosninger\/#primaryimage"},"image":{"@id":"https:\/\/suresms.com\/dk\/branchelosninger\/#primaryimage"},"thumbnailUrl":"https:\/\/suresms.com\/wp-content\/uploads\/2016\/06\/sms-til-service-snippet.jpg","datePublished":"2016-02-01T16:43:38+00:00","dateModified":"2025-01-22T16:11:08+00:00","description":"Znajd\u017a swoje rozwi\u0105zanie SMS tutaj! W SureSMS klient jest dla nas punktem wyj\u015bcia. Najlepsze rozwi\u0105zanie SMS dla firm transportowych, instytucji publicznych i klub\u00f3w.","breadcrumb":{"@id":"https:\/\/suresms.com\/dk\/branchelosninger\/#breadcrumb"},"inLanguage":"pl-PL","potentialAction":[{"@type":"ReadAction","target":["https:\/\/suresms.com\/dk\/branchelosninger\/"]}]},{"@type":"ImageObject","inLanguage":"pl-PL","@id":"https:\/\/suresms.com\/dk\/branchelosninger\/#primaryimage","url":"https:\/\/suresms.com\/wp-content\/uploads\/2016\/06\/sms-til-service-snippet.jpg","contentUrl":"https:\/\/suresms.com\/wp-content\/uploads\/2016\/06\/sms-til-service-snippet.jpg"},{"@type":"BreadcrumbList","@id":"https:\/\/suresms.com\/dk\/branchelosninger\/#breadcrumb","itemListElement":[{"@type":"ListItem","position":1,"name":"Home","item":"https:\/\/suresms.com\/dk\/"},{"@type":"ListItem","position":2,"name":"Branchel\u00f8sninger"}]},{"@type":"WebSite","@id":"https:\/\/suresms.com\/en\/#website","url":"https:\/\/suresms.com\/en\/","name":"SureSMS","description":"Profesjonalna bramka SMS","publisher":{"@id":"https:\/\/suresms.com\/en\/#organization"},"potentialAction":[{"@type":"SearchAction","target":{"@type":"EntryPoint","urlTemplate":"https:\/\/suresms.com\/en\/?s={search_term_string}"},"query-input":{"@type":"PropertyValueSpecification","valueRequired":true,"valueName":"search_term_string"}}],"inLanguage":"pl-PL"},{"@type":"Organization","@id":"https:\/\/suresms.com\/en\/#organization","name":"SureSMS","url":"https:\/\/suresms.com\/en\/","logo":{"@type":"ImageObject","inLanguage":"pl-PL","@id":"https:\/\/suresms.com\/en\/#\/schema\/logo\/image\/","url":"https:\/\/suresms.com\/wp-content\/uploads\/2024\/11\/suresms-300x65-1.png","contentUrl":"https:\/\/suresms.com\/wp-content\/uploads\/2024\/11\/suresms-300x65-1.png","width":300,"height":65,"caption":"SureSMS"},"image":{"@id":"https:\/\/suresms.com\/en\/#\/schema\/logo\/image\/"},"sameAs":["https:\/\/www.facebook.com\/p\/SureSMS-100044607956149\/"]}]}},"_links":{"self":[{"href":"https:\/\/suresms.com\/pl\/wp-json\/wp\/v2\/pages\/1654","targetHints":{"allow":["GET"]}}],"collection":[{"href":"https:\/\/suresms.com\/pl\/wp-json\/wp\/v2\/pages"}],"about":[{"href":"https:\/\/suresms.com\/pl\/wp-json\/wp\/v2\/types\/page"}],"author":[{"embeddable":true,"href":"https:\/\/suresms.com\/pl\/wp-json\/wp\/v2\/users\/1"}],"replies":[{"embeddable":true,"href":"https:\/\/suresms.com\/pl\/wp-json\/wp\/v2\/comments?post=1654"}],"version-history":[{"count":11,"href":"https:\/\/suresms.com\/pl\/wp-json\/wp\/v2\/pages\/1654\/revisions"}],"predecessor-version":[{"id":21943,"href":"https:\/\/suresms.com\/pl\/wp-json\/wp\/v2\/pages\/1654\/revisions\/21943"}],"wp:attachment":[{"href":"https:\/\/suresms.com\/pl\/wp-json\/wp\/v2\/media?parent=1654"}],"wp:term":[{"taxonomy":"category","embeddable":true,"href":"https:\/\/suresms.com\/pl\/wp-json\/wp\/v2\/categories?post=1654"},{"taxonomy":"post_tag","embeddable":true,"href":"https:\/\/suresms.com\/pl\/wp-json\/wp\/v2\/tags?post=1654"}],"curies":[{"name":"wp","href":"https:\/\/api.w.org\/{rel}","templated":true}]}}