{"id":16272,"date":"2022-11-25T16:09:25","date_gmt":"2022-11-25T14:09:25","guid":{"rendered":"https:\/\/www.suresms.com\/dk\/?page_id=16272"},"modified":"2026-02-25T14:22:47","modified_gmt":"2026-02-25T14:22:47","slug":"fizyczna-kontrola-dostepu","status":"publish","type":"page","link":"https:\/\/suresms.com\/pl\/integrationer\/fysisk-adgangs-kontrol\/","title":{"rendered":"Integracja SMS dla produkt\u00f3w fizycznych"},"content":{"rendered":"<!-- Flexy Breadcrumb -->\r\n\t\t\t<div class=\"fbc fbc-page\">\r\n\r\n\t\t\t\t<!-- Breadcrumb wrapper -->\r\n\t\t\t\t<div class=\"fbc-wrap\">\r\n\r\n\t\t\t\t\t<!-- Ordered list-->\r\n\t\t\t\t\t<ol class=\"fbc-items\" itemscope itemtype=\"https:\/\/schema.org\/BreadcrumbList\">\r\n\t\t\t\t\t\t            <li itemprop=\"itemListElement\" itemscope itemtype=\"https:\/\/schema.org\/ListItem\">\r\n                <span itemprop=\"name\">\r\n                    <!-- Home Link -->\r\n                    <a itemprop=\"item\" href=\"https:\/\/suresms.com\/pl\/\">\r\n                    \r\n                                                    <i class=\"fa fa-home\" aria-hidden=\"true\"><\/i>Strona g\u0142\u00f3wna                    <\/a>\r\n                <\/span>\r\n                <meta itemprop=\"position\" content=\"1\" \/><!-- Meta Position-->\r\n             <\/li><li><span class=\"fbc-separator\">\/<\/span><\/li><li class=\"active\" itemprop=\"itemListElement\" itemscope itemtype=\"https:\/\/schema.org\/ListItem\"><span itemprop=\"name\" title=\"Integracja SMS dla produkt\u00f3w fizycznych\">Integracja SMS-\u00f3w dla...<\/span><meta itemprop=\"position\" content=\"2\" \/><\/li>\t\t\t\t\t<\/ol>\r\n\t\t\t\t\t<div class=\"clearfix\"><\/div>\r\n\t\t\t\t<\/div>\r\n\t\t\t<\/div>\r\n\t\t\t\n\t\t<h1>Uczy\u0144 sw\u00f3j sklep bezobs\u0142ugowym<\/h1>\n\t<h3>Dzi\u0119ki integracji SMS np. z drzwiami sklepu, toalety lub hali sportowej, klienci mog\u0105 obs\u0142ugiwa\u0107 si\u0119 poza godzinami otwarcia.\nMo\u017cliwo\u015b\u0107 ograniczenia dost\u0119pu wed\u0142ug czasu i numer\u00f3w telefon\u00f3w. Dodatkowe zabezpieczenia dzi\u0119ki MitID lub p\u0142atno\u015bci przez Mobilepay.<\/h3>\n\t\t<h3>Klienci mog\u0105 przychodzi\u0107 do sklepu, kiedy im to odpowiada<\/h3><ul>\n<li>\n<ul>\n<li>Zwi\u0119kszenie przychod\u00f3w dzi\u0119ki d\u0142u\u017cszym godzinom otwarcia<\/li>\n<\/ul>\n<\/li>\n<\/ul>\n<ul>\n<li>\n<ul>\n<li>Lepsza obs\u0142uga klienta i wi\u0119ksza lojalno\u015b\u0107 klient\u00f3w<\/li>\n<li>Zobacz, kt\u00f3rzy klienci odwiedzili Tw\u00f3j sklep<\/li>\n<\/ul>\n<\/li>\n<\/ul>\n<p>&nbsp;<\/p>\n<figure itemscope itemtype=\"https:\/\/schema.org\/ImageObject\">\n\t\t\t\t<img decoding=\"async\" src=\"https:\/\/suresms.com\/wp-content\/uploads\/2022\/11\/Keypad-fritlagt-lille-1.png\" alt=\"Klawiatura Salto c1000 z mitID\" height=\"525\" width=\"600\" title=\"Ods\u0142oni\u0119ta klawiatura - ma\u0142a\" onerror=\"this.style.display='none'\" loading=\"lazy\" \/>\n\t<\/figure>\n<figure itemscope itemtype=\"https:\/\/schema.org\/ImageObject\">\n\t\t\t\t<img decoding=\"async\" src=\"https:\/\/suresms.com\/wp-content\/uploads\/2026\/02\/Ubemandet-illustration-01-1.png\" alt=\"Ilustracja bezza\u0142ogowa - 01\" height=\"413\" width=\"998\" title=\"Ilustracja bezza\u0142ogowa - 01\" onerror=\"this.style.display='none'\" loading=\"lazy\" \/>\n\t<\/figure>\n\t<h2>Trzy proste kroki<\/h2>\n<ul>\n<li>Klient skanuje kod QR, a aplikacja SMS otwiera si\u0119 ze wst\u0119pnie wype\u0142nion\u0105 wiadomo\u015bci\u0105<\/li>\n<li>Klient wysy\u0142a wiadomo\u015b\u0107 SMS jednym klikni\u0119ciem przycisku Wy\u015blij<\/li>\n<li>Klient otrzymuje wiadomo\u015b\u0107 SMS z kodem PIN<\/li>\n<li>Klient wprowadza kod PIN na klawiaturze i drzwi otwieraj\u0105 si\u0119.<\/li>\n<\/ul>\n<p>Po prostu.<\/p>\n\t<h3>Kwiaciarnie...<\/h3>\n<p>&nbsp;<\/p>\n<figure itemscope itemtype=\"https:\/\/schema.org\/ImageObject\">\n\t\t\t\t<img decoding=\"async\" src=\"https:\/\/suresms.com\/wp-content\/uploads\/2026\/02\/Butik-Blomster.png\" alt=\"Sklep Kwiaty\" height=\"200\" width=\"200\" title=\"Sklep Kwiaty\" onerror=\"this.style.display='none'\" loading=\"lazy\" \/>\n\t<\/figure>\n\t<h3>Sprzedawcy ryb<\/h3>\n<p>&nbsp;<\/p>\n<figure itemscope itemtype=\"https:\/\/schema.org\/ImageObject\">\n\t\t\t\t<img decoding=\"async\" src=\"https:\/\/suresms.com\/wp-content\/uploads\/2026\/02\/Butik-Fiskehandler.png\" alt=\"Sklep rybny\" height=\"201\" width=\"200\" title=\"Sklep rybny\" onerror=\"this.style.display='none'\" loading=\"lazy\" \/>\n\t<\/figure>\n\t<h3>Sklepy z u\u017cywanymi rzeczami<\/h3>\n<p>&nbsp;<\/p>\n<figure itemscope itemtype=\"https:\/\/schema.org\/ImageObject\">\n\t\t\t\t<img decoding=\"async\" src=\"https:\/\/suresms.com\/wp-content\/uploads\/2026\/02\/Butik-Toejbutik.png\" alt=\"Sklep - Sklep odzie\u017cowy\" height=\"201\" width=\"200\" title=\"Sklep - Sklep odzie\u017cowy\" onerror=\"this.style.display='none'\" loading=\"lazy\" \/>\n\t<\/figure>\n\t<h3>Tw\u00f3j sklep?<\/h3>\n<figure itemscope itemtype=\"https:\/\/schema.org\/ImageObject\">\n\t\t\t\t<img decoding=\"async\" src=\"https:\/\/suresms.com\/wp-content\/uploads\/2026\/02\/Butik-DinButik.png\" alt=\"Store-your-store\" height=\"200\" width=\"200\" title=\"Store-your-store\" onerror=\"this.style.display='none'\" loading=\"lazy\" \/>\n\t<\/figure>\n\t<h2>Dodatkowe opcje - zwi\u0119kszaj\u0105ce bezpiecze\u0144stwo<\/h2>\n<p>Je\u015bli potrzebujesz dodatkowego zabezpieczenia, aby dok\u0142adnie wiedzie\u0107, kto wchodzi do Twojego sklepu, mamy modu\u0142y, kt\u00f3re mog\u0105 zwi\u0119kszy\u0107 bezpiecze\u0144stwo. Mo\u017cesz wybra\u0107 mi\u0119dzy innymi:<\/p>\n\t\t<h3>Ustawienie czasu<\/h3><p>Je\u015bli nie chcesz wyd\u0142u\u017ca\u0107 godzin otwarcia do ca\u0142ego dnia, ale tylko na kilka godzin przed i po obecno\u015bci personelu, mo\u017cna to zrobi\u0107 za pomoc\u0105 ustawie\u0144 czasu. Mo\u017cesz skonfigurowa\u0107 system tak, aby dostarcza\u0142 kody do drzwi tylko w okre\u015blonych okresach.<\/p>\n\t<figure itemscope itemtype=\"https:\/\/schema.org\/ImageObject\">\n\t\t\t\t<img decoding=\"async\" src=\"https:\/\/suresms.com\/wp-content\/uploads\/2026\/02\/Smartwatch-100x126-1.png\" alt=\"Smartwatch - 100x126\" height=\"126\" width=\"100\" title=\"Smartwatch - 100x126\" onerror=\"this.style.display='none'\" loading=\"lazy\" \/>\n\t<\/figure>\n\t\t<h3>MitID<\/h3><p>Najsilniejszym zabezpieczeniem jest uwierzytelnianie MitID. W tym procesie klient jest proszony o zalogowanie si\u0119 do MitID na swoim telefonie, a numer CPR jest przechowywany na kliencie. W ten spos\u00f3b mo\u017cesz mie\u0107 absolutn\u0105 pewno\u015b\u0107, kto wchodzi do Twojego sklepu.<\/p>\n\t<figure itemscope itemtype=\"https:\/\/schema.org\/ImageObject\">\n\t\t\t\t<img decoding=\"async\" src=\"https:\/\/suresms.com\/wp-content\/uploads\/2026\/02\/Mitid-100x100-1.png\" alt=\"Mitid - 100x100\" height=\"100\" width=\"100\" title=\"Mitid - 100x100\" onerror=\"this.style.display='none'\" loading=\"lazy\" \/>\n\t<\/figure>\n\t\t<h3>Zatwierdzone numery<\/h3><p>Mo\u017cna tworzy\u0107 listy numer\u00f3w, kt\u00f3re mog\u0105 otrzyma\u0107 kod. Na przyk\u0142ad, je\u015bli masz list\u0119 cz\u0142onk\u00f3w lub sta\u0142ych klient\u00f3w, mo\u017cesz przes\u0142a\u0107 t\u0119 list\u0119 i upewni\u0107 si\u0119, \u017ce tylko osoby z tej listy mog\u0105 otrzyma\u0107 kod.<\/p>\n\t<figure itemscope itemtype=\"https:\/\/schema.org\/ImageObject\">\n\t\t\t\t<img decoding=\"async\" src=\"https:\/\/suresms.com\/wp-content\/uploads\/2026\/02\/Godkendte-numre-100x100-1.png\" alt=\"Zatwierdzone numery - 100x100\" height=\"100\" width=\"100\" title=\"Zatwierdzone numery - 100x100\" onerror=\"this.style.display='none'\" loading=\"lazy\" \/>\n\t<\/figure>\n\t\t<h3>Monitorowanie i powiadamianie<\/h3><p>Otrzymasz wiadomo\u015b\u0107 SMS, gdy kto\u015b wejdzie do sklepu. W po\u0142\u0105czeniu z monitoringiem wideo mo\u017cna zobaczy\u0107, co dzieje si\u0119 w sklepie na bie\u017c\u0105co.<\/p>\n\t<figure itemscope itemtype=\"https:\/\/schema.org\/ImageObject\">\n\t\t\t\t<img decoding=\"async\" src=\"https:\/\/suresms.com\/wp-content\/uploads\/2026\/02\/Overvaagning-og-advisering-100x100-1.png\" alt=\"Monitorowanie i powiadamianie - 100x100\" height=\"100\" width=\"100\" title=\"Monitorowanie i powiadamianie - 100x100\" onerror=\"this.style.display='none'\" loading=\"lazy\" \/>\n\t<\/figure>\n\t\t<h3>Rozpocznij<\/h3><p>Rozwi\u0105zanie to jest po\u0142\u0105czeniem oprogramowania i sprz\u0119tu. SureSMS stworzy\u0142 platform\u0119 oprogramowania, kt\u00f3ra obs\u0142uguje klawiatur\u0119 Conlan C1000LP.<\/p>\n<p>Oznacza to, \u017ce aby w pe\u0142ni korzysta\u0107 z tego rozwi\u0105zania, musisz mie\u0107 zar\u00f3wno klawiatur\u0119 i zamek w drzwiach w swoim sklepie, jak i konto w SureSMS.<\/p>\n<p>Dostarczamy tylko oprogramowanie, wi\u0119c potrzebujesz \u015blusarza, kt\u00f3ry pomo\u017ce Ci je skonfigurowa\u0107.<\/p>\n<p>Poni\u017cej znajduje si\u0119 lista \u015blusarzy, kt\u00f3rzy wcze\u015bniej zainstalowali rozwi\u0105zanie i mog\u0105 pom\u00f3c w rozpocz\u0119ciu pracy.<\/p>\n<p>&nbsp;<\/p>\n\t\t\t\t<table>\n\t\t\t\t\t<thead>\n\t\t\t\t\t\t\t\t\t\t\t\t\t\t<tr>\n\t\t\t\t\t\t\t\t\t\t\t\t\t\t\t<th rowspan=\"\" colspan=\"\">\n\t\t\t\t\t\t\t\t\t\t Nazwa firmy \n\t\t\t\t\t\t\t\t\t\t\t\t\t\t\t\t\t<\/th>\n\t\t\t\t\t\t\t\t\t\t\t\t\t\t<th rowspan=\"\" colspan=\"\">\n\t\t\t\t\t\t\t\t\t\t Obszar zainteresowania \n\t\t\t\t\t\t\t\t\t\t\t\t\t\t\t\t\t<\/th>\n\t\t\t\t\t\t\t\t\t\t\t\t\t\t<th rowspan=\"\" colspan=\"\">\n\t\t\t\t\t\t\t\t\t\t Strona g\u0142\u00f3wna \n\t\t\t\t\t\t\t\t\t\t\t\t\t\t\t\t\t<\/th>\n\t\t\t\t\t\t\t\t\t\t\t<\/tr><\/thead>\n\t\t\t\t\t<tbody>\n\t\t\t\t\t\t\t\t\t\t\t\t\t\t\t<tr>\n\t\t\t\t\t\t\t\t\t\t\t\t\t\t\t\t\t\t\t\t<td colspan=\"\" rowspan=\"\">\n\t\t\t\t\t\t\t\t\t\t\t\t\t\t\t Zabezpieczenie SP \n\t\t\t\t\t\t\t\t\t\t\t\t\t\t\t\t\t\t\t\t\t\t\t\t<\/td>\n\t\t\t\t\t\t\t\t\t\t\t\t\t\t\t\t<td colspan=\"\" rowspan=\"\">\n\t\t\t\t\t\t\t\t\t\t\t\t\t\t\t\t\t\t\t\t\t\t\t Jutlandia P\u00f3\u0142nocna i \u015arodkowa \n\t\t\t\t\t\t\t\t\t\t\t\t\t\t\t\t\t\t\t\t\t\t\t<\/td>\n\t\t\t\t\t\t\t\t\t\t\t\t\t\t\t\t<td colspan=\"\" rowspan=\"\">\n\t\t\t\t\t\t\t\t\t\t\t\t\t<a href=\"https:\/\/spst.dk\/\" target=\"_self\">\n\t\t\t\t\t\t\t\t\t\t\t\t\t\t <blockquote class=\"wp-embedded-content\" data-secret=\"ewV3eMWptK\"><a href=\"https:\/\/spst.dk\/\">Strona g\u0142\u00f3wna<\/a><\/blockquote><iframe loading=\"lazy\" class=\"wp-embedded-content\" sandbox=\"allow-scripts\" security=\"restricted\" style=\"position: absolute; visibility: hidden;\" title=\"\u201cHome\u201d - SP Sikring &amp; El-Teknik ApS\" src=\"https:\/\/spst.dk\/embed\/#?secret=IlC3UvtDzb#?secret=ewV3eMWptK\" data-secret=\"ewV3eMWptK\" width=\"600\" height=\"338\" frameborder=\"0\" marginwidth=\"0\" marginheight=\"0\" scrolling=\"no\"><\/iframe> \n\t\t\t\t\t\t\t\t\t\t\t\t\t\t\t\t\t\t\t\t\t\t\t\t\t\t\t<\/a>\n\t\t\t\t\t\t\t\t\t\t\t\t\t\t\t\t\t\t\t<\/td>\n\t\t\t\t\t\t\t\t\t\t\t\t\t\t\t<\/tr><tr>\n\t\t\t\t\t\t\t\t\t\t\t\t\t\t\t\t\t\t\t\t<td colspan=\"\" rowspan=\"\">\n\t\t\t\t\t\t\t\t\t\t\t\t\t\t\t\t\t\t\t\t\t\t\t Lock.com \n\t\t\t\t\t\t\t\t\t\t\t\t\t\t\t\t\t\t\t\t\t\t\t<\/td>\n\t\t\t\t\t\t\t\t\t\t\t\t\t\t\t\t<td colspan=\"\" rowspan=\"\">\n\t\t\t\t\t\t\t\t\t\t\t\t\t\t\t\t\t\t\t\t\t\t\t Funen i obszar tr\u00f3jk\u0105ta \n\t\t\t\t\t\t\t\t\t\t\t\t\t\t\t\t\t\t\t\t\t\t\t<\/td>\n\t\t\t\t\t\t\t\t\t\t\t\t\t\t\t\t<td colspan=\"\" rowspan=\"\">\n\t\t\t\t\t\t\t\t\t\t\t\t\t<a href=\"https:\/\/laas.dk\" target=\"_self\">\n\t\t\t\t\t\t\t\t\t\t\t\t\t\t https:\/\/laas.dk \n\t\t\t\t\t\t\t\t\t\t\t\t\t\t\t\t\t\t\t\t\t\t\t\t\t\t\t<\/a>\n\t\t\t\t\t\t\t\t\t\t\t\t\t\t\t\t\t\t\t<\/td>\n\t\t\t\t\t\t\t\t\t\t\t\t\t\t\t<\/tr><tr>\n\t\t\t\t\t\t\t\t\t\t\t\t\t\t\t\t\t\t\t\t<td colspan=\"\" rowspan=\"\">\n\t\t\t\t\t\t\t\t\t\t\t\t\t\t\t\t\t\t\t\t\t\t\t Blokady bagger\u00f3w \n\t\t\t\t\t\t\t\t\t\t\t\t\t\t\t\t\t\t\t\t\t\t\t<\/td>\n\t\t\t\t\t\t\t\t\t\t\t\t\t\t\t\t<td colspan=\"\" rowspan=\"\">\n\t\t\t\t\t\t\t\t\t\t\t\t\t\t\t\t\t\t\t\t\t\t\t Zelandia i wyspy \n\t\t\t\t\t\t\t\t\t\t\t\t\t\t\t\t\t\t\t\t\t\t\t<\/td>\n\t\t\t\t\t\t\t\t\t\t\t\t\t\t\t\t<td colspan=\"\" rowspan=\"\">\n\t\t\t\t\t\t\t\t\t\t\t\t\t<a href=\"https:\/\/bagger-laase.dk\" target=\"_self\">\n\t\t\t\t\t\t\t\t\t\t\t\t\t\t <blockquote class=\"wp-embedded-content\" data-secret=\"aBOeeiGcCw\"><a href=\"https:\/\/bagger-laase.dk\/\">Strona g\u0142\u00f3wna<\/a><\/blockquote><iframe loading=\"lazy\" class=\"wp-embedded-content\" sandbox=\"allow-scripts\" security=\"restricted\" style=\"position: absolute; visibility: hidden;\" title=\"\u201cHome\u201d - Bagger L\u00e5se &amp; Alarm A\/S\" src=\"https:\/\/bagger-laase.dk\/embed#?secret=7rj7TFzG10#?secret=aBOeeiGcCw\" data-secret=\"aBOeeiGcCw\" width=\"600\" height=\"338\" frameborder=\"0\" marginwidth=\"0\" marginheight=\"0\" scrolling=\"no\"><\/iframe> \n\t\t\t\t\t\t\t\t\t\t\t\t\t\t\t\t\t\t\t\t\t\t\t\t\t\t\t<\/a>\n\t\t\t\t\t\t\t\t\t\t\t\t\t\t\t\t\t\t\t<\/td>\n\t\t\t\t\t\t\t\t\t\t\t<\/tr><\/tbody>\n\t\t\t\t<\/table>\n\t\t\t\t\t\t\t\t\t\t<h4 tabindex=\"0\">Ile to kosztuje?<\/h4>\n\t\t\t\t\t<p>Niestety, trudno powiedzie\u0107, ile to kosztuje od pocz\u0105tku do ko\u0144ca. Mo\u017cemy jednak powiedzie\u0107, \u017ce klawiatura i p\u0142yta uderzeniowa zazwyczaj kosztuj\u0105 oko\u0142o 2000 DKK. Monta\u017c zamka zale\u017cy w du\u017cej mierze od tego, gdzie zostanie on zainstalowany.\u00a0<\/p>\n<p>Cena oprogramowania wynosi 950,- za rejestracj\u0119 i 99,- za miesi\u0105c. Ponadto kosztuje 31 \u00f8re za wys\u0142any kod (1 DKK, je\u015bli korzystasz z MitID)<\/p>\n\t\t<h3>Przewodnik<\/h3><p>Tutaj mo\u017cna znale\u017a\u0107 instrukcje dotycz\u0105ce klawiatury Conlan<\/p>\n<p><a href=\"https:\/\/www.conlan.eu\/download\/doc\/en\/Stand-Alone\/C1000LP-Manual.pdf\">Conlan C1000LP - Instrukcja obs\u0142ugi<\/a> - aktualizowane na stronie internetowej Conlan.<\/p>\n<p>Ale mamy te\u017c w\u0142asn\u0105 lokaln\u0105 kopi\u0119 le\u017c\u0105c\u0105 w pobli\u017cu <a href=\"https:\/\/suresms.com\/wp-content\/uploads\/2026\/01\/C1000LP-Manual.pdf\">tutaj<\/a>, je\u015bli nie mo\u017cna znale\u017a\u0107 dokumentacji Conlana.<\/p>\n<p>Mo\u017cesz pobra\u0107 przewodnik dotycz\u0105cy konfiguracji <a href=\"https:\/\/suresms.com\/wp-content\/uploads\/2026\/01\/Vejledning-i-opsaetning-af-Conlan-NemID-doer.pdf\">SureSMS tutaj.<\/a><\/p>","protected":false},"excerpt":{"rendered":"<p>Integracja SMS z drzwiami sklepu, toalety lub hali sportowej umo\u017cliwia klientom obs\u0142ug\u0119 poza godzinami otwarcia. Opcja ograniczenia dost\u0119pu wed\u0142ug czasu i numer\u00f3w telefon\u00f3w. Dodatkowe zabezpieczenia dzi\u0119ki MyID lub p\u0142atno\u015bci przez Mobilepay. Klienci mog\u0105 przychodzi\u0107 do sklepu, kiedy im to odpowiada Zwi\u0119ksz przychody dzi\u0119ki... <a title=\"Integracja SMS dla produkt\u00f3w fizycznych\" class=\"read-more\" href=\"https:\/\/suresms.com\/pl\/integrationer\/fysisk-adgangs-kontrol\/\" aria-label=\"Dowiedz si\u0119 wi\u0119cej o integracji SMS dla produkt\u00f3w fizycznych\">Dowiedz si\u0119 wi\u0119cej<\/a><\/p>","protected":false},"author":1,"featured_media":0,"parent":9400,"menu_order":1,"comment_status":"closed","ping_status":"closed","template":"","meta":{"_fl_builder_enabled":"1","_fl_builder_data":null,"_fl_builder_draft":null,"_fl_builder_data_settings":null,"_fl_builder_css":"","_fl_builder_css_version":"","_fl_builder_js":"","footnotes":""},"categories":[],"tags":[],"class_list":["post-16272","page","type-page","status-publish"],"yoast_head":"<!-- This site is optimized with the Yoast SEO Premium plugin v27.3 (Yoast SEO v27.3) - https:\/\/yoast.com\/product\/yoast-seo-premium-wordpress\/ -->\r\n<title>SMS integration til fysiske produkter - SMS integrationer til 2000+ systemer<\/title>\r\n<meta name=\"description\" content=\"SMS integrationer med 2000+ systemer. Mange forskellige muligheder og gratis ops\u00e6tning. API, webservice, JSON og meget mere\" \/>\r\n<meta name=\"robots\" content=\"index, follow, max-snippet:-1, max-image-preview:large, max-video-preview:-1\" \/>\r\n<link rel=\"canonical\" href=\"https:\/\/suresms.com\/pl\/integracje\/fizyczna-kontrola-dostepu\/\" \/>\r\n<meta property=\"og:locale\" content=\"pl_PL\" \/>\r\n<meta property=\"og:type\" content=\"article\" \/>\r\n<meta property=\"og:title\" content=\"SMS integration til fysiske produkter\" \/>\r\n<meta property=\"og:description\" content=\"SMS integrationer med 2000+ systemer. Mange forskellige muligheder og gratis ops\u00e6tning. API, webservice, JSON og meget mere\" \/>\r\n<meta property=\"og:url\" content=\"https:\/\/suresms.com\/pl\/integracje\/fizyczna-kontrola-dostepu\/\" \/>\r\n<meta property=\"article:publisher\" content=\"https:\/\/www.facebook.com\/p\/SureSMS-100044607956149\/\" \/>\r\n<meta property=\"article:modified_time\" content=\"2026-02-25T14:22:47+00:00\" \/>\r\n<meta property=\"og:image\" content=\"https:\/\/suresms.com\/wp-content\/uploads\/2022\/11\/Keypad-fritlagt-lille-1.png\" \/>\r\n<meta name=\"twitter:card\" content=\"summary_large_image\" \/>\r\n<meta name=\"twitter:label1\" content=\"Szacowany czas czytania\" \/>\n\t<meta name=\"twitter:data1\" content=\"5 minut\" \/>\r\n<script type=\"application\/ld+json\" class=\"yoast-schema-graph\">{\"@context\":\"https:\\\/\\\/schema.org\",\"@graph\":[{\"@type\":\"WebPage\",\"@id\":\"https:\\\/\\\/suresms.com\\\/dk\\\/integrationer\\\/fysisk-adgangs-kontrol\\\/\",\"url\":\"https:\\\/\\\/suresms.com\\\/dk\\\/integrationer\\\/fysisk-adgangs-kontrol\\\/\",\"name\":\"SMS integration til fysiske produkter - SMS integrationer til 2000+ systemer\",\"isPartOf\":{\"@id\":\"https:\\\/\\\/suresms.com\\\/en\\\/#website\"},\"primaryImageOfPage\":{\"@id\":\"https:\\\/\\\/suresms.com\\\/dk\\\/integrationer\\\/fysisk-adgangs-kontrol\\\/#primaryimage\"},\"image\":{\"@id\":\"https:\\\/\\\/suresms.com\\\/dk\\\/integrationer\\\/fysisk-adgangs-kontrol\\\/#primaryimage\"},\"thumbnailUrl\":\"https:\\\/\\\/suresms.com\\\/wp-content\\\/uploads\\\/2022\\\/11\\\/Keypad-fritlagt-lille-1.png\",\"datePublished\":\"2022-11-25T14:09:25+00:00\",\"dateModified\":\"2026-02-25T14:22:47+00:00\",\"description\":\"SMS integrationer med 2000+ systemer. Mange forskellige muligheder og gratis ops\u00e6tning. API, webservice, JSON og meget mere\",\"breadcrumb\":{\"@id\":\"https:\\\/\\\/suresms.com\\\/dk\\\/integrationer\\\/fysisk-adgangs-kontrol\\\/#breadcrumb\"},\"inLanguage\":\"pl-PL\",\"potentialAction\":[{\"@type\":\"ReadAction\",\"target\":[\"https:\\\/\\\/suresms.com\\\/dk\\\/integrationer\\\/fysisk-adgangs-kontrol\\\/\"]}]},{\"@type\":\"ImageObject\",\"inLanguage\":\"pl-PL\",\"@id\":\"https:\\\/\\\/suresms.com\\\/dk\\\/integrationer\\\/fysisk-adgangs-kontrol\\\/#primaryimage\",\"url\":\"https:\\\/\\\/suresms.com\\\/wp-content\\\/uploads\\\/2022\\\/11\\\/Keypad-fritlagt-lille-1.png\",\"contentUrl\":\"https:\\\/\\\/suresms.com\\\/wp-content\\\/uploads\\\/2022\\\/11\\\/Keypad-fritlagt-lille-1.png\"},{\"@type\":\"BreadcrumbList\",\"@id\":\"https:\\\/\\\/suresms.com\\\/dk\\\/integrationer\\\/fysisk-adgangs-kontrol\\\/#breadcrumb\",\"itemListElement\":[{\"@type\":\"ListItem\",\"position\":1,\"name\":\"Home\",\"item\":\"https:\\\/\\\/suresms.com\\\/dk\\\/\"},{\"@type\":\"ListItem\",\"position\":2,\"name\":\"Integrationer\",\"item\":\"https:\\\/\\\/suresms.com\\\/dk\\\/integrationer\\\/\"},{\"@type\":\"ListItem\",\"position\":3,\"name\":\"SMS integration til fysiske produkter\"}]},{\"@type\":\"WebSite\",\"@id\":\"https:\\\/\\\/suresms.com\\\/en\\\/#website\",\"url\":\"https:\\\/\\\/suresms.com\\\/en\\\/\",\"name\":\"SureSMS\",\"description\":\"Professionel SMS Gateway\",\"publisher\":{\"@id\":\"https:\\\/\\\/suresms.com\\\/en\\\/#organization\"},\"potentialAction\":[{\"@type\":\"SearchAction\",\"target\":{\"@type\":\"EntryPoint\",\"urlTemplate\":\"https:\\\/\\\/suresms.com\\\/en\\\/?s={search_term_string}\"},\"query-input\":{\"@type\":\"PropertyValueSpecification\",\"valueRequired\":true,\"valueName\":\"search_term_string\"}}],\"inLanguage\":\"pl-PL\"},{\"@type\":\"Organization\",\"@id\":\"https:\\\/\\\/suresms.com\\\/en\\\/#organization\",\"name\":\"SureSMS\",\"url\":\"https:\\\/\\\/suresms.com\\\/en\\\/\",\"logo\":{\"@type\":\"ImageObject\",\"inLanguage\":\"pl-PL\",\"@id\":\"https:\\\/\\\/suresms.com\\\/en\\\/#\\\/schema\\\/logo\\\/image\\\/\",\"url\":\"https:\\\/\\\/suresms.com\\\/wp-content\\\/uploads\\\/2024\\\/11\\\/suresms-300x65-1.png\",\"contentUrl\":\"https:\\\/\\\/suresms.com\\\/wp-content\\\/uploads\\\/2024\\\/11\\\/suresms-300x65-1.png\",\"width\":300,\"height\":65,\"caption\":\"SureSMS\"},\"image\":{\"@id\":\"https:\\\/\\\/suresms.com\\\/en\\\/#\\\/schema\\\/logo\\\/image\\\/\"},\"sameAs\":[\"https:\\\/\\\/www.facebook.com\\\/p\\\/SureSMS-100044607956149\\\/\"]}]}<\/script>\r\n<!-- \/ Yoast SEO Premium plugin. -->","yoast_head_json":{"title":"Integracja SMS dla produkt\u00f3w fizycznych - Integracje SMS dla ponad 2000 system\u00f3w","description":"Integracja SMS z ponad 2000 system\u00f3w. Wiele r\u00f3\u017cnych opcji i bezp\u0142atna konfiguracja. API, us\u0142uga sieciowa, JSON i wiele wi\u0119cej","robots":{"index":"index","follow":"follow","max-snippet":"max-snippet:-1","max-image-preview":"max-image-preview:large","max-video-preview":"max-video-preview:-1"},"canonical":"https:\/\/suresms.com\/pl\/integracje\/fizyczna-kontrola-dostepu\/","og_locale":"pl_PL","og_type":"article","og_title":"SMS integration til fysiske produkter","og_description":"SMS integrationer med 2000+ systemer. Mange forskellige muligheder og gratis ops\u00e6tning. API, webservice, JSON og meget mere","og_url":"https:\/\/suresms.com\/pl\/integracje\/fizyczna-kontrola-dostepu\/","article_publisher":"https:\/\/www.facebook.com\/p\/SureSMS-100044607956149\/","article_modified_time":"2026-02-25T14:22:47+00:00","og_image":[{"url":"https:\/\/suresms.com\/wp-content\/uploads\/2022\/11\/Keypad-fritlagt-lille-1.png","type":"","width":"","height":""}],"twitter_card":"summary_large_image","twitter_misc":{"Szacowany czas czytania":"5 minut"},"schema":{"@context":"https:\/\/schema.org","@graph":[{"@type":"WebPage","@id":"https:\/\/suresms.com\/dk\/integrationer\/fysisk-adgangs-kontrol\/","url":"https:\/\/suresms.com\/dk\/integrationer\/fysisk-adgangs-kontrol\/","name":"Integracja SMS dla produkt\u00f3w fizycznych - Integracje SMS dla ponad 2000 system\u00f3w","isPartOf":{"@id":"https:\/\/suresms.com\/en\/#website"},"primaryImageOfPage":{"@id":"https:\/\/suresms.com\/dk\/integrationer\/fysisk-adgangs-kontrol\/#primaryimage"},"image":{"@id":"https:\/\/suresms.com\/dk\/integrationer\/fysisk-adgangs-kontrol\/#primaryimage"},"thumbnailUrl":"https:\/\/suresms.com\/wp-content\/uploads\/2022\/11\/Keypad-fritlagt-lille-1.png","datePublished":"2022-11-25T14:09:25+00:00","dateModified":"2026-02-25T14:22:47+00:00","description":"Integracja SMS z ponad 2000 system\u00f3w. Wiele r\u00f3\u017cnych opcji i bezp\u0142atna konfiguracja. API, us\u0142uga sieciowa, JSON i wiele wi\u0119cej","breadcrumb":{"@id":"https:\/\/suresms.com\/dk\/integrationer\/fysisk-adgangs-kontrol\/#breadcrumb"},"inLanguage":"pl-PL","potentialAction":[{"@type":"ReadAction","target":["https:\/\/suresms.com\/dk\/integrationer\/fysisk-adgangs-kontrol\/"]}]},{"@type":"ImageObject","inLanguage":"pl-PL","@id":"https:\/\/suresms.com\/dk\/integrationer\/fysisk-adgangs-kontrol\/#primaryimage","url":"https:\/\/suresms.com\/wp-content\/uploads\/2022\/11\/Keypad-fritlagt-lille-1.png","contentUrl":"https:\/\/suresms.com\/wp-content\/uploads\/2022\/11\/Keypad-fritlagt-lille-1.png"},{"@type":"BreadcrumbList","@id":"https:\/\/suresms.com\/dk\/integrationer\/fysisk-adgangs-kontrol\/#breadcrumb","itemListElement":[{"@type":"ListItem","position":1,"name":"Home","item":"https:\/\/suresms.com\/dk\/"},{"@type":"ListItem","position":2,"name":"Integrationer","item":"https:\/\/suresms.com\/dk\/integrationer\/"},{"@type":"ListItem","position":3,"name":"SMS integration til fysiske produkter"}]},{"@type":"WebSite","@id":"https:\/\/suresms.com\/en\/#website","url":"https:\/\/suresms.com\/en\/","name":"SureSMS","description":"Profesjonalna bramka SMS","publisher":{"@id":"https:\/\/suresms.com\/en\/#organization"},"potentialAction":[{"@type":"SearchAction","target":{"@type":"EntryPoint","urlTemplate":"https:\/\/suresms.com\/en\/?s={search_term_string}"},"query-input":{"@type":"PropertyValueSpecification","valueRequired":true,"valueName":"search_term_string"}}],"inLanguage":"pl-PL"},{"@type":"Organization","@id":"https:\/\/suresms.com\/en\/#organization","name":"SureSMS","url":"https:\/\/suresms.com\/en\/","logo":{"@type":"ImageObject","inLanguage":"pl-PL","@id":"https:\/\/suresms.com\/en\/#\/schema\/logo\/image\/","url":"https:\/\/suresms.com\/wp-content\/uploads\/2024\/11\/suresms-300x65-1.png","contentUrl":"https:\/\/suresms.com\/wp-content\/uploads\/2024\/11\/suresms-300x65-1.png","width":300,"height":65,"caption":"SureSMS"},"image":{"@id":"https:\/\/suresms.com\/en\/#\/schema\/logo\/image\/"},"sameAs":["https:\/\/www.facebook.com\/p\/SureSMS-100044607956149\/"]}]}},"_links":{"self":[{"href":"https:\/\/suresms.com\/pl\/wp-json\/wp\/v2\/pages\/16272","targetHints":{"allow":["GET"]}}],"collection":[{"href":"https:\/\/suresms.com\/pl\/wp-json\/wp\/v2\/pages"}],"about":[{"href":"https:\/\/suresms.com\/pl\/wp-json\/wp\/v2\/types\/page"}],"author":[{"embeddable":true,"href":"https:\/\/suresms.com\/pl\/wp-json\/wp\/v2\/users\/1"}],"replies":[{"embeddable":true,"href":"https:\/\/suresms.com\/pl\/wp-json\/wp\/v2\/comments?post=16272"}],"version-history":[{"count":9,"href":"https:\/\/suresms.com\/pl\/wp-json\/wp\/v2\/pages\/16272\/revisions"}],"predecessor-version":[{"id":23843,"href":"https:\/\/suresms.com\/pl\/wp-json\/wp\/v2\/pages\/16272\/revisions\/23843"}],"up":[{"embeddable":true,"href":"https:\/\/suresms.com\/pl\/wp-json\/wp\/v2\/pages\/9400"}],"wp:attachment":[{"href":"https:\/\/suresms.com\/pl\/wp-json\/wp\/v2\/media?parent=16272"}],"wp:term":[{"taxonomy":"category","embeddable":true,"href":"https:\/\/suresms.com\/pl\/wp-json\/wp\/v2\/categories?post=16272"},{"taxonomy":"post_tag","embeddable":true,"href":"https:\/\/suresms.com\/pl\/wp-json\/wp\/v2\/tags?post=16272"}],"curies":[{"name":"wp","href":"https:\/\/api.w.org\/{rel}","templated":true}]}}