{"id":15941,"date":"2022-09-05T16:47:14","date_gmt":"2022-09-05T14:47:14","guid":{"rendered":"https:\/\/www.suresms.com\/dk\/?page_id=15941"},"modified":"2026-03-25T15:49:14","modified_gmt":"2026-03-25T15:49:14","slug":"idealny-system-zakupow-w-sklepie","status":"publish","type":"page","link":"https:\/\/suresms.com\/pl\/integrationer\/shop-systemer\/ideal-shop-shoppingsystem\/","title":{"rendered":"Integracja SMS dla ideal.shop"},"content":{"rendered":"<!-- Flexy Breadcrumb -->\r\n\t\t\t<div class=\"fbc fbc-page\">\r\n\r\n\t\t\t\t<!-- Breadcrumb wrapper -->\r\n\t\t\t\t<div class=\"fbc-wrap\">\r\n\r\n\t\t\t\t\t<!-- Ordered list-->\r\n\t\t\t\t\t<ol class=\"fbc-items\" itemscope itemtype=\"https:\/\/schema.org\/BreadcrumbList\">\r\n\t\t\t\t\t\t            <li itemprop=\"itemListElement\" itemscope itemtype=\"https:\/\/schema.org\/ListItem\">\r\n                <span itemprop=\"name\">\r\n                    <!-- Home Link -->\r\n                    <a itemprop=\"item\" href=\"https:\/\/suresms.com\/pl\/\">\r\n                    \r\n                                                    <i class=\"fa fa-home\" aria-hidden=\"true\"><\/i>Strona g\u0142\u00f3wna                    <\/a>\r\n                <\/span>\r\n                <meta itemprop=\"position\" content=\"1\" \/><!-- Meta Position-->\r\n             <\/li><li><span class=\"fbc-separator\">\/<\/span><\/li><li class=\"active\" itemprop=\"itemListElement\" itemscope itemtype=\"https:\/\/schema.org\/ListItem\"><span itemprop=\"name\" title=\"Integracja SMS dla ideal.shop\">Integracja SMS dla ideal.shop<\/span><meta itemprop=\"position\" content=\"2\" \/><\/li>\t\t\t\t\t<\/ol>\r\n\t\t\t\t\t<div class=\"clearfix\"><\/div>\r\n\t\t\t\t<\/div>\r\n\t\t\t<\/div>\r\n\t\t\t\n\t\t<h1><strong>Integracja SMS dla ideal.shop<\/strong><\/h1>\n<figure itemscope itemtype=\"https:\/\/schema.org\/ImageObject\">\n\t\t\t\t<img decoding=\"async\" src=\"https:\/\/suresms.com\/wp-content\/uploads\/2022\/09\/ideal.shop-suresms-1.png\" alt=\"ideal-shop-suresms\" height=\"200\" width=\"350\" title=\"ideal.shop-suresms\" onerror=\"this.style.display='none'\" loading=\"lazy\" \/>\n\t<\/figure>\n\t<figure itemscope itemtype=\"https:\/\/schema.org\/ImageObject\">\n\t\t\t\t<img decoding=\"async\" src=\"https:\/\/suresms.com\/wp-content\/uploads\/2026\/03\/idealshop_logo_400x400-300x300.png\" alt=\"idealshop_logo_400x400\" height=\"300\" width=\"300\" title=\"idealshop_logo_400x400\" onerror=\"this.style.display='none'\" loading=\"lazy\" \/>\n\t<\/figure>\n\t\t<h3>SMS od ideal.shop<\/h3><p>SureSMS stworzy\u0142 integracj\u0119 \"pod klucz\" dla <a href=\"https:\/\/www.ideal.shop\/\">ideal.shop<\/a>aby nowi klienci, kt\u00f3rych pozyskasz w swoim sklepie ideal.shop, byli automatycznie przenoszeni na Twoje konto SureSMS. Z SureSMS mo\u017cesz wysy\u0142a\u0107 SMS-y do swoich klient\u00f3w (tych, kt\u00f3rzy zaakceptowali SMS-y).<\/p>\n<p>Wszystkie wspania\u0142e funkcje SMS dost\u0119pne w SureSMS dzia\u0142aj\u0105 r\u00f3wnie\u017c z klientami z ideal.shop.<\/p>\n<p>Celem ideal.shop jest stworzenie jednego systemu sklepowego, kt\u00f3ry mo\u017ce by\u0107 u\u017cywany przez wszystkich. \u0141atwy w u\u017cyciu, ale wci\u0105\u017c z wieloma funkcjami.<\/p>\n<p>SMS od ideal.shop jest idealny!<\/p>\n\t<h3>Uzyskaj zgod\u0119 na wysy\u0142anie wiadomo\u015bci SMS do klient\u00f3w<\/h3>\nPodczas konfigurowania integracji mi\u0119dzy ideal.shop i SureSMS bardzo wa\u017cne jest, aby Twoi klienci mieli mo\u017cliwo\u015b\u0107 zapisania si\u0119 na SMS. Bez \u201cpozwolenia\u201d nie mo\u017cna legalnie wysy\u0142a\u0107 im wiadomo\u015bci SMS.\nUprawnienia uzyskuje si\u0119 w procesie p\u0142atno\u015bci, gdzie pyta si\u0119 r\u00f3wnie\u017c, czy klienci chc\u0105 otrzymywa\u0107 newslettery.\nZgodnie z prawem klienci musz\u0105 mie\u0107 mo\u017cliwo\u015b\u0107 wypisania si\u0119 z listy SMS-\u00f3w i e-maili. Mog\u0105 to zrobi\u0107 w SureSMS, zaznaczaj\u0105c odpowiednie pole w momencie wysy\u0142ania wiadomo\u015bci. Jest to niezwykle proste.\nGdy klient to zrobi, mo\u017cesz wysy\u0142a\u0107 SMS-y z ideal.shop.\n\t<h3>Ods\u0142uchiwanie wiadomo\u015bci SMS<\/h3>\n<p>Po skonfigurowaniu i aktywowaniu integracji na koncie SureSMS automatycznie tworzona jest grupa o nazwie ideal.shop. Lista ta zawiera wszystkich klient\u00f3w sklepu, kt\u00f3rzy wyrazili zgod\u0119 na otrzymywanie wiadomo\u015bci SMS.<\/p>\n<figure itemscope itemtype=\"https:\/\/schema.org\/ImageObject\">\n\t\t\t\t<img decoding=\"async\" src=\"https:\/\/suresms.com\/wp-content\/uploads\/2022\/09\/Screenshot-2022-09-05-170530-1.png\" alt=\"Zrzut ekranu 2022-09-05 170530\" height=\"1315\" width=\"1968\" title=\"Zrzut ekranu 2022-09-05 170530\" onerror=\"this.style.display='none'\" loading=\"lazy\" \/>\n\t<\/figure>\n\t<p>W SureSMS mo\u017cesz zobaczy\u0107 imi\u0119 i nazwisko odbiorcy, adres e-mail i numer telefonu. Mo\u017cesz r\u00f3wnie\u017c skorzysta\u0107 z innych naszych metod, aby umie\u015bci\u0107 odbiorc\u00f3w na swojej li\u015bcie SMS-\u00f3w. Na przyk\u0142ad, u\u017cytkownicy rejestruj\u0105 si\u0119 bezpo\u015brednio na Twojej stronie internetowej i nie musz\u0105 nic kupowa\u0107, aby dosta\u0107 si\u0119 na list\u0119.<\/p>\n\t<strong>Instrukcja konfiguracji zam\u00f3wienia<br \/>\n<\/strong>Uzyskaj szczeg\u00f3\u0142owy przewodnik na temat konfiguracji z SureSMS\n\n<div class=\"wpcf7 no-js\" id=\"wpcf7-f13762-o1\" lang=\"en-GB\" dir=\"ltr\" data-wpcf7-id=\"13762\">\n<div class=\"screen-reader-response\"><p role=\"status\" aria-live=\"polite\" aria-atomic=\"true\"><\/p> <ul><\/ul><\/div>\n<form action=\"\/pl\/wp-json\/wp\/v2\/pages\/15941#wpcf7-f13762-o1\" method=\"post\" class=\"wpcf7-form init\" aria-label=\"Formularz kontaktowy\" novalidate=\"novalidate\" data-status=\"init\" data-trp-original-action=\"\/pl\/wp-json\/wp\/v2\/pages\/15941#wpcf7-f13762-o1\">\n<fieldset class=\"hidden-fields-container\"><input type=\"hidden\" name=\"_wpcf7\" value=\"13762\" \/><input type=\"hidden\" name=\"_wpcf7_version\" value=\"6.1.5\" \/><input type=\"hidden\" name=\"_wpcf7_locale\" value=\"en_GB\" \/><input type=\"hidden\" name=\"_wpcf7_unit_tag\" value=\"wpcf7-f13762-o1\" \/><input type=\"hidden\" name=\"_wpcf7_container_post\" value=\"0\" \/><input type=\"hidden\" name=\"_wpcf7_posted_data_hash\" value=\"\" \/>\n<\/fieldset>\n<p><label><span class=\"wpcf7-form-control-wrap\" data-name=\"your-name\"><input size=\"40\" maxlength=\"400\" class=\"wpcf7-form-control wpcf7-text wpcf7-validates-as-required wpctf7-my-custom-class\" aria-required=\"true\" aria-invalid=\"false\" placeholder=\"Imi\u0119 i nazwisko\" value=\"\" type=\"text\" name=\"your-name\" \/><\/span><\/label>\n<\/p>\n<p><span class=\"wpcf7-form-control-wrap\" data-name=\"email\"><input size=\"40\" maxlength=\"400\" class=\"wpcf7-form-control wpcf7-email wpcf7-validates-as-required wpcf7-text wpcf7-validates-as-email wpctf7-my-custom-class\" aria-required=\"true\" aria-invalid=\"false\" placeholder=\"E-mail*.\" value=\"\" type=\"email\" name=\"email\" \/><\/span>\n<\/p>\n<p><div class=\"cf7-cf-turnstile\" style=\"margin-top: 0px; margin-bottom: -15px;\"> <div id=\"cf-turnstile-cf7-4046357096\" class=\"cf-turnstile\" data-sitekey=\"0x4AAAAAAB8YGArd9ML-HbMW\" data-theme=\"light\" data-language=\"auto\" data-size=\"normal\" data-retry=\"auto\" data-retry-interval=\"1000\" data-refresh-expired=\"auto\" data-action=\"contact-form-7\" data-appearance=\"always\"><\/div> <script>document.addEventListener(\"DOMContentLoaded\", function() { setTimeout(function(){ var e=document.getElementById(\"cf-turnstile-cf7-4046357096\"); e&&!e.innerHTML.trim()&&(turnstile.remove(\"#cf-turnstile-cf7-4046357096\"), turnstile.render(\"#cf-turnstile-cf7-4046357096\", {sitekey:\"0x4AAAAAAB8YGArd9ML-HbMW\"})); }, 100); });<\/script> <br class=\"cf-turnstile-br cf-turnstile-br-cf7-4046357096\"> <style>#cf-turnstile-cf7-4046357096 { margin-left: -15px; }<\/style> <script>document.addEventListener(\"DOMContentLoaded\",function(){document.querySelectorAll('.wpcf7-form').forEach(function(e){e.addEventListener('submit',function(){if(document.getElementById('cf-turnstile-cf7-4046357096')){setTimeout(function(){turnstile.reset('#cf-turnstile-cf7-4046357096');},1000)}})})});<\/script> <\/div><br\/><input class=\"wpcf7-form-control wpcf7-submit has-spinner\" type=\"submit\" value=\"Wskaz\u00f3wki dotycz\u0105ce zamawiania\" \/>\n<\/p><div class=\"wpcf7-response-output\" aria-hidden=\"true\"><\/div>\n<input type=\"hidden\" name=\"trp-form-language\" value=\"pl\"\/><\/form>\n<\/div>\n\n\t\t\t<a href=\"https:\/\/calendly.com\/gm--nzwp\/30min\"  target=\"_blank\" rel=\"noopener\">\n\t\t\t\t\t\t\tZarezerwuj demo\n\t\t\t\t\t<\/a>\n\t<p>z Glenem<\/p>","protected":false},"excerpt":{"rendered":"<p>Integracja SMS dla ideal.shop SMS z ideal.shop SureSMS stworzy\u0142 integracj\u0119 pod klucz dla ideal.shop, dzi\u0119ki czemu nowi klienci, kt\u00f3rych pozyskujesz w swoim ideal.shop s\u0105 automatycznie przenoszeni na Twoje konto SureSMS. Z SureSMS mo\u017cesz wysy\u0142a\u0107 SMS-y do swoich klient\u00f3w (tych, kt\u00f3rzy zaakceptowali SMS-y). Wszystkie wspania\u0142e funkcje SMS dost\u0119pne w SureSMS dzia\u0142aj\u0105... <a title=\"Integracja SMS dla ideal.shop\" class=\"read-more\" href=\"https:\/\/suresms.com\/pl\/integrationer\/shop-systemer\/ideal-shop-shoppingsystem\/\" aria-label=\"Dowiedz si\u0119 wi\u0119cej o integracji SMS z ideal.shop\">Dowiedz si\u0119 wi\u0119cej<\/a><\/p>","protected":false},"author":1,"featured_media":0,"parent":15935,"menu_order":1,"comment_status":"closed","ping_status":"closed","template":"","meta":{"_fl_builder_enabled":"1","_fl_builder_data":null,"_fl_builder_draft":null,"_fl_builder_data_settings":null,"_fl_builder_css":"","_fl_builder_css_version":"","_fl_builder_js":"","footnotes":""},"categories":[],"tags":[],"class_list":["post-15941","page","type-page","status-publish"],"yoast_head":"<!-- This site is optimized with the Yoast SEO Premium plugin v27.3 (Yoast SEO v27.3) - https:\/\/yoast.com\/product\/yoast-seo-premium-wordpress\/ -->\r\n<title>SMS integration til ideal.shop -<\/title>\r\n<meta name=\"description\" content=\"Dyb SMS integration til ideal.shop. F\u00e5 det meste ud af dine kontakter med direkte integration mellem ideal.shop og SureSMS.\" \/>\r\n<meta name=\"robots\" content=\"index, follow, max-snippet:-1, max-image-preview:large, max-video-preview:-1\" \/>\r\n<link rel=\"canonical\" href=\"https:\/\/suresms.com\/pl\/integracje\/systemy-sklepowe\/idealny-system-zakupow-w-sklepie\/\" \/>\r\n<meta property=\"og:locale\" content=\"pl_PL\" \/>\r\n<meta property=\"og:type\" content=\"article\" \/>\r\n<meta property=\"og:title\" content=\"SMS integration til ideal.shop\" \/>\r\n<meta property=\"og:description\" content=\"Dyb SMS integration til ideal.shop. F\u00e5 det meste ud af dine kontakter med direkte integration mellem ideal.shop og SureSMS.\" \/>\r\n<meta property=\"og:url\" content=\"https:\/\/suresms.com\/pl\/integracje\/systemy-sklepowe\/idealny-system-zakupow-w-sklepie\/\" \/>\r\n<meta property=\"article:publisher\" content=\"https:\/\/www.facebook.com\/p\/SureSMS-100044607956149\/\" \/>\r\n<meta property=\"article:modified_time\" content=\"2026-03-25T15:49:14+00:00\" \/>\r\n<meta property=\"og:image\" content=\"https:\/\/suresms.com\/wp-content\/uploads\/2022\/09\/ideal.shop-suresms-1.png\" \/>\r\n<meta name=\"twitter:card\" content=\"summary_large_image\" \/>\r\n<meta name=\"twitter:label1\" content=\"Szacowany czas czytania\" \/>\n\t<meta name=\"twitter:data1\" content=\"4 minuty\" \/>\r\n<script type=\"application\/ld+json\" class=\"yoast-schema-graph\">{\"@context\":\"https:\\\/\\\/schema.org\",\"@graph\":[{\"@type\":\"WebPage\",\"@id\":\"https:\\\/\\\/suresms.com\\\/integrationer\\\/shop-systemer\\\/ideal-shop-shoppingsystem\\\/\",\"url\":\"https:\\\/\\\/suresms.com\\\/integrationer\\\/shop-systemer\\\/ideal-shop-shoppingsystem\\\/\",\"name\":\"SMS integration til ideal.shop -\",\"isPartOf\":{\"@id\":\"https:\\\/\\\/suresms.com\\\/en\\\/#website\"},\"primaryImageOfPage\":{\"@id\":\"https:\\\/\\\/suresms.com\\\/integrationer\\\/shop-systemer\\\/ideal-shop-shoppingsystem\\\/#primaryimage\"},\"image\":{\"@id\":\"https:\\\/\\\/suresms.com\\\/integrationer\\\/shop-systemer\\\/ideal-shop-shoppingsystem\\\/#primaryimage\"},\"thumbnailUrl\":\"https:\\\/\\\/suresms.com\\\/wp-content\\\/uploads\\\/2022\\\/09\\\/ideal.shop-suresms-1.png\",\"datePublished\":\"2022-09-05T14:47:14+00:00\",\"dateModified\":\"2026-03-25T15:49:14+00:00\",\"description\":\"Dyb SMS integration til ideal.shop. F\u00e5 det meste ud af dine kontakter med direkte integration mellem ideal.shop og SureSMS.\",\"breadcrumb\":{\"@id\":\"https:\\\/\\\/suresms.com\\\/integrationer\\\/shop-systemer\\\/ideal-shop-shoppingsystem\\\/#breadcrumb\"},\"inLanguage\":\"pl-PL\",\"potentialAction\":[{\"@type\":\"ReadAction\",\"target\":[\"https:\\\/\\\/suresms.com\\\/integrationer\\\/shop-systemer\\\/ideal-shop-shoppingsystem\\\/\"]}]},{\"@type\":\"ImageObject\",\"inLanguage\":\"pl-PL\",\"@id\":\"https:\\\/\\\/suresms.com\\\/integrationer\\\/shop-systemer\\\/ideal-shop-shoppingsystem\\\/#primaryimage\",\"url\":\"https:\\\/\\\/suresms.com\\\/wp-content\\\/uploads\\\/2022\\\/09\\\/ideal.shop-suresms-1.png\",\"contentUrl\":\"https:\\\/\\\/suresms.com\\\/wp-content\\\/uploads\\\/2022\\\/09\\\/ideal.shop-suresms-1.png\"},{\"@type\":\"BreadcrumbList\",\"@id\":\"https:\\\/\\\/suresms.com\\\/integrationer\\\/shop-systemer\\\/ideal-shop-shoppingsystem\\\/#breadcrumb\",\"itemListElement\":[{\"@type\":\"ListItem\",\"position\":1,\"name\":\"Home\",\"item\":\"https:\\\/\\\/suresms.com\\\/dk\\\/\"},{\"@type\":\"ListItem\",\"position\":2,\"name\":\"Integrationer\",\"item\":\"https:\\\/\\\/suresms.com\\\/dk\\\/integrationer\\\/\"},{\"@type\":\"ListItem\",\"position\":3,\"name\":\"SMS integration til Shop systemer\",\"item\":\"https:\\\/\\\/suresms.com\\\/dk\\\/integrationer\\\/shop-systemer\\\/\"},{\"@type\":\"ListItem\",\"position\":4,\"name\":\"SMS integration til ideal.shop\"}]},{\"@type\":\"WebSite\",\"@id\":\"https:\\\/\\\/suresms.com\\\/en\\\/#website\",\"url\":\"https:\\\/\\\/suresms.com\\\/en\\\/\",\"name\":\"SureSMS\",\"description\":\"Professionel SMS Gateway\",\"publisher\":{\"@id\":\"https:\\\/\\\/suresms.com\\\/en\\\/#organization\"},\"potentialAction\":[{\"@type\":\"SearchAction\",\"target\":{\"@type\":\"EntryPoint\",\"urlTemplate\":\"https:\\\/\\\/suresms.com\\\/en\\\/?s={search_term_string}\"},\"query-input\":{\"@type\":\"PropertyValueSpecification\",\"valueRequired\":true,\"valueName\":\"search_term_string\"}}],\"inLanguage\":\"pl-PL\"},{\"@type\":\"Organization\",\"@id\":\"https:\\\/\\\/suresms.com\\\/en\\\/#organization\",\"name\":\"SureSMS\",\"url\":\"https:\\\/\\\/suresms.com\\\/en\\\/\",\"logo\":{\"@type\":\"ImageObject\",\"inLanguage\":\"pl-PL\",\"@id\":\"https:\\\/\\\/suresms.com\\\/en\\\/#\\\/schema\\\/logo\\\/image\\\/\",\"url\":\"https:\\\/\\\/suresms.com\\\/wp-content\\\/uploads\\\/2024\\\/11\\\/suresms-300x65-1.png\",\"contentUrl\":\"https:\\\/\\\/suresms.com\\\/wp-content\\\/uploads\\\/2024\\\/11\\\/suresms-300x65-1.png\",\"width\":300,\"height\":65,\"caption\":\"SureSMS\"},\"image\":{\"@id\":\"https:\\\/\\\/suresms.com\\\/en\\\/#\\\/schema\\\/logo\\\/image\\\/\"},\"sameAs\":[\"https:\\\/\\\/www.facebook.com\\\/p\\\/SureSMS-100044607956149\\\/\"]}]}<\/script>\r\n<!-- \/ Yoast SEO Premium plugin. -->","yoast_head_json":{"title":"Integracja SMS z ideal.shop","description":"G\u0142\u0119boka integracja SMS dla ideal.shop. Wykorzystaj w pe\u0142ni swoje kontakty dzi\u0119ki bezpo\u015bredniej integracji ideal.shop i SureSMS.","robots":{"index":"index","follow":"follow","max-snippet":"max-snippet:-1","max-image-preview":"max-image-preview:large","max-video-preview":"max-video-preview:-1"},"canonical":"https:\/\/suresms.com\/pl\/integracje\/systemy-sklepowe\/idealny-system-zakupow-w-sklepie\/","og_locale":"pl_PL","og_type":"article","og_title":"SMS integration til ideal.shop","og_description":"Dyb SMS integration til ideal.shop. F\u00e5 det meste ud af dine kontakter med direkte integration mellem ideal.shop og SureSMS.","og_url":"https:\/\/suresms.com\/pl\/integracje\/systemy-sklepowe\/idealny-system-zakupow-w-sklepie\/","article_publisher":"https:\/\/www.facebook.com\/p\/SureSMS-100044607956149\/","article_modified_time":"2026-03-25T15:49:14+00:00","og_image":[{"url":"https:\/\/suresms.com\/wp-content\/uploads\/2022\/09\/ideal.shop-suresms-1.png","type":"","width":"","height":""}],"twitter_card":"summary_large_image","twitter_misc":{"Szacowany czas czytania":"4 minuty"},"schema":{"@context":"https:\/\/schema.org","@graph":[{"@type":"WebPage","@id":"https:\/\/suresms.com\/integrationer\/shop-systemer\/ideal-shop-shoppingsystem\/","url":"https:\/\/suresms.com\/integrationer\/shop-systemer\/ideal-shop-shoppingsystem\/","name":"Integracja SMS z ideal.shop","isPartOf":{"@id":"https:\/\/suresms.com\/en\/#website"},"primaryImageOfPage":{"@id":"https:\/\/suresms.com\/integrationer\/shop-systemer\/ideal-shop-shoppingsystem\/#primaryimage"},"image":{"@id":"https:\/\/suresms.com\/integrationer\/shop-systemer\/ideal-shop-shoppingsystem\/#primaryimage"},"thumbnailUrl":"https:\/\/suresms.com\/wp-content\/uploads\/2022\/09\/ideal.shop-suresms-1.png","datePublished":"2022-09-05T14:47:14+00:00","dateModified":"2026-03-25T15:49:14+00:00","description":"G\u0142\u0119boka integracja SMS dla ideal.shop. Wykorzystaj w pe\u0142ni swoje kontakty dzi\u0119ki bezpo\u015bredniej integracji ideal.shop i SureSMS.","breadcrumb":{"@id":"https:\/\/suresms.com\/integrationer\/shop-systemer\/ideal-shop-shoppingsystem\/#breadcrumb"},"inLanguage":"pl-PL","potentialAction":[{"@type":"ReadAction","target":["https:\/\/suresms.com\/integrationer\/shop-systemer\/ideal-shop-shoppingsystem\/"]}]},{"@type":"ImageObject","inLanguage":"pl-PL","@id":"https:\/\/suresms.com\/integrationer\/shop-systemer\/ideal-shop-shoppingsystem\/#primaryimage","url":"https:\/\/suresms.com\/wp-content\/uploads\/2022\/09\/ideal.shop-suresms-1.png","contentUrl":"https:\/\/suresms.com\/wp-content\/uploads\/2022\/09\/ideal.shop-suresms-1.png"},{"@type":"BreadcrumbList","@id":"https:\/\/suresms.com\/integrationer\/shop-systemer\/ideal-shop-shoppingsystem\/#breadcrumb","itemListElement":[{"@type":"ListItem","position":1,"name":"Home","item":"https:\/\/suresms.com\/dk\/"},{"@type":"ListItem","position":2,"name":"Integrationer","item":"https:\/\/suresms.com\/dk\/integrationer\/"},{"@type":"ListItem","position":3,"name":"SMS integration til Shop systemer","item":"https:\/\/suresms.com\/dk\/integrationer\/shop-systemer\/"},{"@type":"ListItem","position":4,"name":"SMS integration til ideal.shop"}]},{"@type":"WebSite","@id":"https:\/\/suresms.com\/en\/#website","url":"https:\/\/suresms.com\/en\/","name":"SureSMS","description":"Profesjonalna bramka SMS","publisher":{"@id":"https:\/\/suresms.com\/en\/#organization"},"potentialAction":[{"@type":"SearchAction","target":{"@type":"EntryPoint","urlTemplate":"https:\/\/suresms.com\/en\/?s={search_term_string}"},"query-input":{"@type":"PropertyValueSpecification","valueRequired":true,"valueName":"search_term_string"}}],"inLanguage":"pl-PL"},{"@type":"Organization","@id":"https:\/\/suresms.com\/en\/#organization","name":"SureSMS","url":"https:\/\/suresms.com\/en\/","logo":{"@type":"ImageObject","inLanguage":"pl-PL","@id":"https:\/\/suresms.com\/en\/#\/schema\/logo\/image\/","url":"https:\/\/suresms.com\/wp-content\/uploads\/2024\/11\/suresms-300x65-1.png","contentUrl":"https:\/\/suresms.com\/wp-content\/uploads\/2024\/11\/suresms-300x65-1.png","width":300,"height":65,"caption":"SureSMS"},"image":{"@id":"https:\/\/suresms.com\/en\/#\/schema\/logo\/image\/"},"sameAs":["https:\/\/www.facebook.com\/p\/SureSMS-100044607956149\/"]}]}},"_links":{"self":[{"href":"https:\/\/suresms.com\/pl\/wp-json\/wp\/v2\/pages\/15941","targetHints":{"allow":["GET"]}}],"collection":[{"href":"https:\/\/suresms.com\/pl\/wp-json\/wp\/v2\/pages"}],"about":[{"href":"https:\/\/suresms.com\/pl\/wp-json\/wp\/v2\/types\/page"}],"author":[{"embeddable":true,"href":"https:\/\/suresms.com\/pl\/wp-json\/wp\/v2\/users\/1"}],"replies":[{"embeddable":true,"href":"https:\/\/suresms.com\/pl\/wp-json\/wp\/v2\/comments?post=15941"}],"version-history":[{"count":10,"href":"https:\/\/suresms.com\/pl\/wp-json\/wp\/v2\/pages\/15941\/revisions"}],"predecessor-version":[{"id":23859,"href":"https:\/\/suresms.com\/pl\/wp-json\/wp\/v2\/pages\/15941\/revisions\/23859"}],"up":[{"embeddable":true,"href":"https:\/\/suresms.com\/pl\/wp-json\/wp\/v2\/pages\/15935"}],"wp:attachment":[{"href":"https:\/\/suresms.com\/pl\/wp-json\/wp\/v2\/media?parent=15941"}],"wp:term":[{"taxonomy":"category","embeddable":true,"href":"https:\/\/suresms.com\/pl\/wp-json\/wp\/v2\/categories?post=15941"},{"taxonomy":"post_tag","embeddable":true,"href":"https:\/\/suresms.com\/pl\/wp-json\/wp\/v2\/tags?post=15941"}],"curies":[{"name":"wp","href":"https:\/\/api.w.org\/{rel}","templated":true}]}}