{"id":15792,"date":"2022-08-10T11:53:47","date_gmt":"2022-08-10T09:53:47","guid":{"rendered":"https:\/\/www.suresms.com\/dk\/?page_id=15792"},"modified":"2025-05-22T10:50:22","modified_gmt":"2025-05-22T10:50:22","slug":"integracja-reklam-z-aktywnym-katalogiem-azure","status":"publish","type":"page","link":"https:\/\/suresms.com\/pl\/integrationer\/booking-ldap-2fa\/integration-azure-active-directory-ad\/","title":{"rendered":"Integracja SMS z us\u0142ug\u0105 Azure Active Directory (AD)"},"content":{"rendered":"<!-- Flexy Breadcrumb -->\r\n\t\t\t<div class=\"fbc fbc-page\">\r\n\r\n\t\t\t\t<!-- Breadcrumb wrapper -->\r\n\t\t\t\t<div class=\"fbc-wrap\">\r\n\r\n\t\t\t\t\t<!-- Ordered list-->\r\n\t\t\t\t\t<ol class=\"fbc-items\" itemscope itemtype=\"https:\/\/schema.org\/BreadcrumbList\">\r\n\t\t\t\t\t\t            <li itemprop=\"itemListElement\" itemscope itemtype=\"https:\/\/schema.org\/ListItem\">\r\n                <span itemprop=\"name\">\r\n                    <!-- Home Link -->\r\n                    <a itemprop=\"item\" href=\"https:\/\/suresms.com\/pl\/\">\r\n                    \r\n                                                    <i class=\"fa fa-home\" aria-hidden=\"true\"><\/i>Strona g\u0142\u00f3wna                    <\/a>\r\n                <\/span>\r\n                <meta itemprop=\"position\" content=\"1\" \/><!-- Meta Position-->\r\n             <\/li><li><span class=\"fbc-separator\">\/<\/span><\/li><li class=\"active\" itemprop=\"itemListElement\" itemscope itemtype=\"https:\/\/schema.org\/ListItem\"><span itemprop=\"name\" title=\"Integracja SMS z us\u0142ug\u0105 Azure Active Directory (AD)\">Integracja SMS dla Azure...<\/span><meta itemprop=\"position\" content=\"2\" \/><\/li>\t\t\t\t\t<\/ol>\r\n\t\t\t\t\t<div class=\"clearfix\"><\/div>\r\n\t\t\t\t<\/div>\r\n\t\t\t<\/div>\r\n\t\t\t\n\t\t<h1>Integracja SMS z AD (Microsoft Entra ID - Azure Active Directory)<\/h1>\t\n\t\t\t\t<img loading=\"lazy\" decoding=\"async\" src=\"https:\/\/suresms.com\/wp-content\/uploads\/2022\/08\/Azure-AD-2-1.png\" alt=\"Azure AD\" itemprop=\"image\" height=\"254\" width=\"700\" title=\"Azure AD\" onerror=\"this.style.display='none'\"  \/>\n<h2>\n\t\tCzym jest Entra ID znana r\u00f3wnie\u017c jako Active Directory?\n\t<\/h2>\n\t<p>Microsoft Entra ID, wcze\u015bniej znana jako Azure Active Directory (Azure AD), to oparta na chmurze us\u0142uga zarz\u0105dzania to\u017csamo\u015bci\u0105 i dost\u0119pem firmy Microsoft. Us\u0142uga ta pomaga organizacjom zarz\u0105dza\u0107 i zabezpiecza\u0107 dost\u0119p u\u017cytkownik\u00f3w do aplikacji i danych w nowoczesnej hybrydowej infrastrukturze IT. Korzystaj\u0105c z Microsoft Entra ID, organizacje mog\u0105 oferowa\u0107 logowanie jednokrotne (SSO) i uwierzytelnianie wielosk\u0142adnikowe w celu ochrony to\u017csamo\u015bci u\u017cytkownik\u00f3w i poprawy bezpiecze\u0144stwa. Integracja z Microsoft Entra ID i Active Directory (AD) umo\u017cliwia centraln\u0105 synchronizacj\u0119 i zarz\u0105dzanie to\u017csamo\u015bciami, upraszczaj\u0105c zarz\u0105dzanie u\u017cytkownikami i kontrol\u0119 dost\u0119pu. Jest to niezb\u0119dne dla organizacji, kt\u00f3re chc\u0105 wydajnego i bezpiecznego zarz\u0105dzania dost\u0119pem.<\/p>\n\t\t<h2>SMS z Microsoft Entra ID - Azure Active Directory<\/h2><p>Czy posiadasz obecnie du\u017c\u0105 baz\u0119 danych u\u017cytkownik\u00f3w w swoim <a href=\"https:\/\/azure.microsoft.com\/da-dk\/services\/active-directory\/\">Azure Active Directory<\/a> mo\u017cna wykorzysta\u0107 integracj\u0119 mi\u0119dzy Azure Active Directory (odt\u0105d AD) i SureSMS.<\/p>\n<p>Dzi\u0119ki integracji mo\u017cna zapewni\u0107, \u017ce wszyscy odbiorcy s\u0105 automatycznie synchronizowani z u\u017cytkownikami w AD. Oznacza to, \u017ce je\u015bli na przyk\u0142ad u\u017cytkownik zostanie usuni\u0119ty z AD z powodu odej\u015bcia z firmy, zostanie automatycznie usuni\u0119ty z listy u\u017cytkownik\u00f3w w SureSMS. Po skonfigurowaniu nie trzeba ju\u017c o tym my\u015ble\u0107. Oznacza to r\u00f3wnie\u017c, \u017ce podczas dodawania u\u017cytkownik\u00f3w w AD s\u0105 oni automatycznie dodawani do listy u\u017cytkownik\u00f3w w panelu SureSMS.<\/p>\n<p>&nbsp;<\/p>\n\t\t<h2>Zwr\u00f3\u0107 uwag\u0119 na ....<\/h2><p>Jest kilka rzeczy, o kt\u00f3rych powiniene\u015b wiedzie\u0107, zanim zaczniesz tworzy\u0107 integracj\u0119 SMS AD z SureSMS.<\/p>\n<h4>RODO<\/h4>\n<p>Po pierwsze, SureSMS musi mie\u0107 dost\u0119p do odczytu w AD. Potrzebujemy dost\u0119pu do odczytu os\u00f3b, grup i relacji mi\u0119dzy nimi. Oznacza to, \u017ce zaczynamy teraz przetwarza\u0107 dane dla Ciebie, a tym samym w<a href=\"https:\/\/www.datatilsynet.dk\/hvad-siger-reglerne\">zgodno\u015b\u0107 z RODO<\/a>, zawar\u0142y umow\u0119 o przetwarzaniu danych.<\/p>\n<p><em>Aby rozpocz\u0105\u0107, nale\u017cy zawrze\u0107 umow\u0119 o przetwarzanie danych z SureSMS.<\/em><\/p>\n<h4>Numery telefon\u00f3w<\/h4>\n<p>Numery telefon\u00f3w, na kt\u00f3re chcemy wys\u0142a\u0107 wiadomo\u015b\u0107, musz\u0105 znajdowa\u0107 si\u0119 w AD. Aby wys\u0142a\u0107 wiadomo\u015b\u0107 SMS do danej osoby, musimy zna\u0107 jej numer telefonu. Dlatego je\u015bli nie masz numer\u00f3w telefon\u00f3w w swojej AD, albo je zdob\u0105d\u017a, albo nie r\u00f3b integracji.<\/p>\n<p>Numery telefon\u00f3w odczytujemy w ten spos\u00f3b, \u017ce najpierw sprawdzamy, czy w polu \"Phonenumber\" znajduje si\u0119 numer. Je\u015bli nie, wczytujemy \"Numery telefon\u00f3w firmy\". Ostatni z nich to lista i tutaj wybieramy pierwszy napotkany numer.<\/p>\n<h4>Usuwanie kontakt\u00f3w<\/h4>\n<p>Integracja jest integracj\u0105 \"jednokierunkow\u0105\". Oznacza to, \u017ce tylko czytamy z AD. Nigdy nie piszemy do AD. Tak wi\u0119c, na przyk\u0142ad, je\u015bli usuniesz osob\u0119 w SureSMS, powr\u00f3ci ona tylko wtedy, gdy nadal b\u0119dzie w AD. To zawsze AD ma w\u0142a\u015bciwe dane.<\/p>\n\t\t<h3>Cena integracji AD<\/h3><p>Cena za integracj\u0119 SMS AD wynosi 99 euro miesi\u0119cznie.<\/p>\n<p>&nbsp;<\/p>\n<h2>\n\t\tJak skonfigurowa\u0107 integracj\u0119 AD\/Entra ID? \n\t<\/h2>\n\t<p>W tej sekcji opisano najpierw, jak skonfigurowa\u0107 aplikacj\u0119 AzureAD, aby program SureSMS m\u00f3g\u0142 z niej odczytywa\u0107 dane. Nast\u0119pnie opisano, jak skonfigurowa\u0107 aplikacj\u0119 SureSMS do odczytywania i tworzenia kontakt\u00f3w w ksi\u0105\u017cce adresowej aplikacji SureSMS.<\/p>\n<h3>\n\t\tKonfigurowanie us\u0142ugi Azure AD\n\t<\/h3>\n\t<ol> \t\n<li>Zaloguj si\u0119 do Azure Dashboard (<a href=\"https:\/\/portal.azure.com\/\" target=\"_blank\" rel=\"noopener\">https:\/\/portal.azure.com<\/a>)<\/li>\n\n<li>Wybierz Microsoft Entra ID<\/li>\n<\/ol>\n\t\t\t\t<img loading=\"lazy\" decoding=\"async\" src=\"https:\/\/suresms.com\/wp-content\/uploads\/2024\/05\/MIcrosoft-Entra-ID-Azure-1.png\" alt=\"MIcrosoft Entra ID\" itemprop=\"image\" height=\"490\" width=\"2194\" title=\"MIcrosoft Entra ID Azure\" onerror=\"this.style.display='none'\"  \/>\n\t<p>3) Kliknij \"Rejestracja aplikacji\". Je\u015bli nie masz jeszcze zarejestrowanej aplikacji, kliknij \"Nowa rejestracja\" i nadaj jej nazw\u0119 oraz typ konta. Nazw\u0105 mo\u017ce by\u0107 na przyk\u0142ad SureSMS.<\/p>\n<p><img decoding=\"async\" src=\"https:\/\/manual.suresms.com\/wp-content\/uploads\/2022\/08\/Azure-Active-Directory-02-1024x546.png\" alt=\"Azure-Active-Directory-02\" \/><\/p>\n<p>4. Teraz zapisz identyfikator aplikacji (klienta) i identyfikator katalogu (dzier\u017cawcy).<\/p>\n<p><img decoding=\"async\" src=\"https:\/\/manual.suresms.com\/wp-content\/uploads\/2022\/08\/Azure-Active-Directory-03-1024x478.png\" alt=\"Azure-Active-Directory-03\" \/><\/p>\n<p>&nbsp;<\/p>\n<p>5. Z lewej kolumny wybierz \"Certificates &amp; Secrets\" i utw\u00f3rz nowy klucz tajny klienta dla swojej aplikacji.<br \/><img decoding=\"async\" src=\"https:\/\/manual.suresms.com\/wp-content\/uploads\/2022\/08\/Azure-Active-Directory-04.png\" alt=\"Azure-Active-Directory-04\" \/><\/p>\n<p>&nbsp;<\/p>\n<p>Pami\u0119taj, aby zanotowa\u0107 \"Warto\u015b\u0107\" podczas tworzenia. Warto\u015b\u0107 t\u0119 mo\u017cna odczyta\u0107 tylko po jej utworzeniu. Nie mo\u017cna jej odtworzy\u0107. Warto\u015b\u0107 musi by\u0107 u\u017cyta w polu \"Client secret\" w integracji SureSMS.<\/p>\n<p>&nbsp;<\/p>\n<p>6. Aby przyzna\u0107 dost\u0119p do API nowej aplikacji, kliknij \"Uprawnienia API\" w lewej kolumnie. Nast\u0119pnie kliknij \"Dodaj uprawnienie\".<\/p>\n<p><img decoding=\"async\" src=\"https:\/\/manual.suresms.com\/wp-content\/uploads\/2022\/08\/Azure-Active-Directory-05-1024x424.png\" alt=\"Azure-Active-Directory-05\" \/><\/p>\n<p>7. Wybierz \"Microsoft Graph\" jako typ uprawnienia i kliknij \"Uprawnienia aplikacji\". Nast\u0119pnie dodane zostan\u0105 nast\u0119puj\u0105ce uprawnienia:<\/p>\n<p>User.Read.All<br \/>Group.Read.All<br \/>GroupMember.Read.All<\/p>\n<p>8. Nast\u0119pnie kliknij \"Przyznaj zgod\u0119 administratora dla katalogu domy\u015blnego\" znajduj\u0105c\u0105 si\u0119 po prawej stronie \"Dodaj uprawnienie\".<\/p>\n<p>&nbsp;<\/p>\n<p><img decoding=\"async\" src=\"https:\/\/manual.suresms.com\/wp-content\/uploads\/2022\/08\/Azure-Active-Directory-06-1024x549.png\" alt=\"Azure-Active-Directory-06\" \/><\/p>\n<p>Konfiguracja w us\u0142udze Azure Active Directory zosta\u0142a zako\u0144czona.<\/p>\n<h3>\n\t\tKonfiguracja SureSMS\n\t<\/h3>\n\t<ol>\n<li>\n<ol>\n<li>Zaloguj si\u0119 do pulpitu nawigacyjnego SureSMS (<a href=\"https:\/\/app.suresms.com\/\" target=\"_blank\" rel=\"noopener\">https:\/\/app.suresms.com<\/a>)<\/li>\n<\/ol>\n<\/li>\n<\/ol>\n<p>&nbsp;<\/p>\n<ol>\n<li>\n<ol>\n<li>Kliknij Integracje po lewej stronie<\/li>\n<\/ol>\n<\/li>\n<\/ol>\n<p>&nbsp;<\/p>\n<ol>\n<li>\n<ol>\n<li>Kliknij podmenu \"Ustawienia\"<\/li>\n<\/ol>\n<\/li>\n<\/ol>\n<p>&nbsp;<\/p>\n<ol>\n<li>\n<ol>\n<li>Kliknij kart\u0119 \"Azure AD\" w g\u00f3rnej cz\u0119\u015bci ekranu.<br \/><img decoding=\"async\" src=\"https:\/\/manual.suresms.com\/wp-content\/uploads\/2022\/08\/Azure-Active-Directory-SureSMS-01-1024x564.png\" alt=\"Azure-Active-Directory-SureSMS-01\" \/><\/li>\n<\/ol>\n<\/li>\n<\/ol>\n<p>&nbsp;<\/p>\n<ol>\n<li>\n<ol>\n<li>\n<p>Wype\u0142nij informacje w nast\u0119puj\u0105cy spos\u00f3b<\/p>\n<p>Identyfikator klienta: Identyfikator aplikacji (klienta) z platformy Azure<\/p>\n<p>Klucz tajny klienta: \"Warto\u015b\u0107\" z klucza tajnego klienta znalezionego w kroku 6 konfiguracji us\u0142ugi Azure Active Directory.<\/p>\n<p>&nbsp;<\/p>\nIdentyfikator dzier\u017cawcy: Identyfikator katalogu (dzier\u017cawcy)\n<p>&nbsp;<\/p>\n<p>&nbsp;<\/p>\n<p>&nbsp;<\/p>\n<p>&nbsp;<\/p>\n&nbsp;\n<p>&nbsp;<\/p>\n<p>&nbsp;<\/p>\n<p>&nbsp;<\/p>\n<p>&nbsp;<\/p>\n<p>&nbsp;<\/p>\n<p>&nbsp;<\/p>\n<p>&nbsp;<\/p>\n<p>&nbsp;<\/p>\n<p>6. Po klikni\u0119ciu \"Zapisz\" sprawdzimy, czy mamy dost\u0119p do Microsoft Azure Active Directory.<\/p>\n<p>Teraz dotknij \"Synchronizuj teraz\", a SureSMS pobierze wszystkich u\u017cytkownik\u00f3w z AD.<\/p>\n<p>&nbsp;<\/p>\n<p>&nbsp;<\/p>\n<\/li>\n<\/ol>\n<\/li>\n<\/ol>\n<p>&nbsp;<\/p>\n\n\t\t<h3>Rozpocznij<\/h3><p>Je\u015bli chcesz rozpocz\u0105\u0107 integracj\u0119 AD, skontaktuj si\u0119 z nami, wype\u0142niaj\u0105c ten formularz, a my skontaktujemy si\u0119 z Tob\u0105.<\/p>\n\n<div class=\"wpcf7 no-js\" id=\"wpcf7-f13762-o1\" lang=\"en-GB\" dir=\"ltr\" data-wpcf7-id=\"13762\">\n<div class=\"screen-reader-response\"><p role=\"status\" aria-live=\"polite\" aria-atomic=\"true\"><\/p> <ul><\/ul><\/div>\n<form action=\"\/pl\/wp-json\/wp\/v2\/pages\/15792#wpcf7-f13762-o1\" method=\"post\" class=\"wpcf7-form init\" aria-label=\"Formularz kontaktowy\" novalidate=\"novalidate\" data-status=\"init\" data-trp-original-action=\"\/pl\/wp-json\/wp\/v2\/pages\/15792#wpcf7-f13762-o1\">\n<fieldset class=\"hidden-fields-container\"><input type=\"hidden\" name=\"_wpcf7\" value=\"13762\" \/><input type=\"hidden\" name=\"_wpcf7_version\" value=\"6.1.5\" \/><input type=\"hidden\" name=\"_wpcf7_locale\" value=\"en_GB\" \/><input type=\"hidden\" name=\"_wpcf7_unit_tag\" value=\"wpcf7-f13762-o1\" \/><input type=\"hidden\" name=\"_wpcf7_container_post\" value=\"0\" \/><input type=\"hidden\" name=\"_wpcf7_posted_data_hash\" value=\"\" \/>\n<\/fieldset>\n<p><label><span class=\"wpcf7-form-control-wrap\" data-name=\"your-name\"><input size=\"40\" maxlength=\"400\" class=\"wpcf7-form-control wpcf7-text wpcf7-validates-as-required wpctf7-my-custom-class\" aria-required=\"true\" aria-invalid=\"false\" placeholder=\"Imi\u0119 i nazwisko\" value=\"\" type=\"text\" name=\"your-name\" \/><\/span><\/label>\n<\/p>\n<p><span class=\"wpcf7-form-control-wrap\" data-name=\"email\"><input size=\"40\" maxlength=\"400\" class=\"wpcf7-form-control wpcf7-email wpcf7-validates-as-required wpcf7-text wpcf7-validates-as-email wpctf7-my-custom-class\" aria-required=\"true\" aria-invalid=\"false\" placeholder=\"E-mail*.\" value=\"\" type=\"email\" name=\"email\" \/><\/span>\n<\/p>\n<p><div class=\"cf7-cf-turnstile\" style=\"margin-top: 0px; margin-bottom: -15px;\"> <div id=\"cf-turnstile-cf7-751121693\" class=\"cf-turnstile\" data-sitekey=\"0x4AAAAAAB8YGArd9ML-HbMW\" data-theme=\"light\" data-language=\"auto\" data-size=\"normal\" data-retry=\"auto\" data-retry-interval=\"1000\" data-refresh-expired=\"auto\" data-action=\"contact-form-7\" data-appearance=\"always\"><\/div> <script>document.addEventListener(\"DOMContentLoaded\", function() { setTimeout(function(){ var e=document.getElementById(\"cf-turnstile-cf7-751121693\"); e&&!e.innerHTML.trim()&&(turnstile.remove(\"#cf-turnstile-cf7-751121693\"), turnstile.render(\"#cf-turnstile-cf7-751121693\", {sitekey:\"0x4AAAAAAB8YGArd9ML-HbMW\"})); }, 100); });<\/script> <br class=\"cf-turnstile-br cf-turnstile-br-cf7-751121693\"> <style>#cf-turnstile-cf7-751121693 { margin-left: -15px; }<\/style> <script>document.addEventListener(\"DOMContentLoaded\",function(){document.querySelectorAll('.wpcf7-form').forEach(function(e){e.addEventListener('submit',function(){if(document.getElementById('cf-turnstile-cf7-751121693')){setTimeout(function(){turnstile.reset('#cf-turnstile-cf7-751121693');},1000)}})})});<\/script> <\/div><br\/><input class=\"wpcf7-form-control wpcf7-submit has-spinner\" type=\"submit\" value=\"Wskaz\u00f3wki dotycz\u0105ce zamawiania\" \/>\n<\/p><div class=\"wpcf7-response-output\" aria-hidden=\"true\"><\/div>\n<input type=\"hidden\" name=\"trp-form-language\" value=\"pl\"\/><\/form>\n<\/div>","protected":false},"excerpt":{"rendered":"<p>Integracja SMS dla AD (Microsoft Entra ID - Azure Active Directory) Czym jest Entra ID znana r\u00f3wnie\u017c jako Active Directory? Microsoft Entra ID, wcze\u015bniej znana jako Azure Active Directory (Azure AD), to oparta na chmurze us\u0142uga zarz\u0105dzania to\u017csamo\u015bci\u0105 i dost\u0119pem firmy Microsoft. Us\u0142uga ta pomaga organizacjom zarz\u0105dza\u0107 i zabezpiecza\u0107 dost\u0119p u\u017cytkownik\u00f3w do aplikacji i danych w ... <a title=\"Integracja SMS z us\u0142ug\u0105 Azure Active Directory (AD)\" class=\"read-more\" href=\"https:\/\/suresms.com\/pl\/integrationer\/booking-ldap-2fa\/integration-azure-active-directory-ad\/\" aria-label=\"Dowiedz si\u0119 wi\u0119cej o integracji SMS z us\u0142ug\u0105 Azure Active Directory (AD)\">Dowiedz si\u0119 wi\u0119cej<\/a><\/p>","protected":false},"author":1,"featured_media":0,"parent":19541,"menu_order":1,"comment_status":"closed","ping_status":"closed","template":"","meta":{"_fl_builder_enabled":"1","_fl_builder_data":null,"_fl_builder_draft":null,"_fl_builder_data_settings":null,"_fl_builder_css":"","_fl_builder_css_version":"","_fl_builder_js":"","footnotes":""},"categories":[],"tags":[],"class_list":["post-15792","page","type-page","status-publish"],"yoast_head":"<!-- This site is optimized with the Yoast SEO Premium plugin v27.3 (Yoast SEO v27.3) - https:\/\/yoast.com\/product\/yoast-seo-premium-wordpress\/ -->\r\n<title>SMS integration til Azure Active Directory (AD) - dyb integration<\/title>\r\n<meta name=\"description\" content=\"SMS AD Integration til Azure Active Directory. Fuldt integreret SMS l\u00f8sning i AD til beredskabs, alarmering, medarbejdere og mere\" \/>\r\n<meta name=\"robots\" content=\"index, follow, max-snippet:-1, max-image-preview:large, max-video-preview:-1\" \/>\r\n<link rel=\"canonical\" href=\"https:\/\/suresms.com\/pl\/integracje\/rezerwacja-ldap-2fa\/integracja-reklam-z-aktywnym-katalogiem-azure\/\" \/>\r\n<meta property=\"og:locale\" content=\"pl_PL\" \/>\r\n<meta property=\"og:type\" content=\"article\" \/>\r\n<meta property=\"og:title\" content=\"SMS integration til Azure Active Directory (AD)\" \/>\r\n<meta property=\"og:description\" content=\"SMS AD Integration til Azure Active Directory. Fuldt integreret SMS l\u00f8sning i AD til beredskabs, alarmering, medarbejdere og mere\" \/>\r\n<meta property=\"og:url\" content=\"https:\/\/suresms.com\/pl\/integracje\/rezerwacja-ldap-2fa\/integracja-reklam-z-aktywnym-katalogiem-azure\/\" \/>\r\n<meta property=\"article:publisher\" content=\"https:\/\/www.facebook.com\/p\/SureSMS-100044607956149\/\" \/>\r\n<meta property=\"article:modified_time\" content=\"2025-05-22T10:50:22+00:00\" \/>\r\n<meta property=\"og:image\" content=\"https:\/\/suresms.com\/wp-content\/uploads\/2022\/08\/Azure-AD-2-1.png\" \/>\r\n<meta name=\"twitter:card\" content=\"summary_large_image\" \/>\r\n<meta name=\"twitter:label1\" content=\"Szacowany czas czytania\" \/>\n\t<meta name=\"twitter:data1\" content=\"4 minuty\" \/>\r\n<script type=\"application\/ld+json\" class=\"yoast-schema-graph\">{\"@context\":\"https:\\\/\\\/schema.org\",\"@graph\":[{\"@type\":\"WebPage\",\"@id\":\"https:\\\/\\\/suresms.com\\\/dk\\\/integrationer\\\/booking-ldap-2fa\\\/integration-azure-active-directory-ad\\\/\",\"url\":\"https:\\\/\\\/suresms.com\\\/dk\\\/integrationer\\\/booking-ldap-2fa\\\/integration-azure-active-directory-ad\\\/\",\"name\":\"SMS integration til Azure Active Directory (AD) - dyb integration\",\"isPartOf\":{\"@id\":\"https:\\\/\\\/suresms.com\\\/en\\\/#website\"},\"primaryImageOfPage\":{\"@id\":\"https:\\\/\\\/suresms.com\\\/dk\\\/integrationer\\\/booking-ldap-2fa\\\/integration-azure-active-directory-ad\\\/#primaryimage\"},\"image\":{\"@id\":\"https:\\\/\\\/suresms.com\\\/dk\\\/integrationer\\\/booking-ldap-2fa\\\/integration-azure-active-directory-ad\\\/#primaryimage\"},\"thumbnailUrl\":\"https:\\\/\\\/suresms.com\\\/wp-content\\\/uploads\\\/2022\\\/08\\\/Azure-AD-2-1.png\",\"datePublished\":\"2022-08-10T09:53:47+00:00\",\"dateModified\":\"2025-05-22T10:50:22+00:00\",\"description\":\"SMS AD Integration til Azure Active Directory. Fuldt integreret SMS l\u00f8sning i AD til beredskabs, alarmering, medarbejdere og mere\",\"breadcrumb\":{\"@id\":\"https:\\\/\\\/suresms.com\\\/dk\\\/integrationer\\\/booking-ldap-2fa\\\/integration-azure-active-directory-ad\\\/#breadcrumb\"},\"inLanguage\":\"pl-PL\",\"potentialAction\":[{\"@type\":\"ReadAction\",\"target\":[\"https:\\\/\\\/suresms.com\\\/dk\\\/integrationer\\\/booking-ldap-2fa\\\/integration-azure-active-directory-ad\\\/\"]}]},{\"@type\":\"ImageObject\",\"inLanguage\":\"pl-PL\",\"@id\":\"https:\\\/\\\/suresms.com\\\/dk\\\/integrationer\\\/booking-ldap-2fa\\\/integration-azure-active-directory-ad\\\/#primaryimage\",\"url\":\"https:\\\/\\\/suresms.com\\\/wp-content\\\/uploads\\\/2022\\\/08\\\/Azure-AD-2-1.png\",\"contentUrl\":\"https:\\\/\\\/suresms.com\\\/wp-content\\\/uploads\\\/2022\\\/08\\\/Azure-AD-2-1.png\"},{\"@type\":\"BreadcrumbList\",\"@id\":\"https:\\\/\\\/suresms.com\\\/dk\\\/integrationer\\\/booking-ldap-2fa\\\/integration-azure-active-directory-ad\\\/#breadcrumb\",\"itemListElement\":[{\"@type\":\"ListItem\",\"position\":1,\"name\":\"Home\",\"item\":\"https:\\\/\\\/suresms.com\\\/dk\\\/\"},{\"@type\":\"ListItem\",\"position\":2,\"name\":\"Integrationer\",\"item\":\"https:\\\/\\\/suresms.com\\\/dk\\\/integrationer\\\/\"},{\"@type\":\"ListItem\",\"position\":3,\"name\":\"SMS integration til LDAP og brugerdatabaser\",\"item\":\"https:\\\/\\\/suresms.com\\\/dk\\\/integrationer\\\/booking-ldap-2fa\\\/\"},{\"@type\":\"ListItem\",\"position\":4,\"name\":\"SMS integration til Azure Active Directory (AD)\"}]},{\"@type\":\"WebSite\",\"@id\":\"https:\\\/\\\/suresms.com\\\/en\\\/#website\",\"url\":\"https:\\\/\\\/suresms.com\\\/en\\\/\",\"name\":\"SureSMS\",\"description\":\"Professionel SMS Gateway\",\"publisher\":{\"@id\":\"https:\\\/\\\/suresms.com\\\/en\\\/#organization\"},\"potentialAction\":[{\"@type\":\"SearchAction\",\"target\":{\"@type\":\"EntryPoint\",\"urlTemplate\":\"https:\\\/\\\/suresms.com\\\/en\\\/?s={search_term_string}\"},\"query-input\":{\"@type\":\"PropertyValueSpecification\",\"valueRequired\":true,\"valueName\":\"search_term_string\"}}],\"inLanguage\":\"pl-PL\"},{\"@type\":\"Organization\",\"@id\":\"https:\\\/\\\/suresms.com\\\/en\\\/#organization\",\"name\":\"SureSMS\",\"url\":\"https:\\\/\\\/suresms.com\\\/en\\\/\",\"logo\":{\"@type\":\"ImageObject\",\"inLanguage\":\"pl-PL\",\"@id\":\"https:\\\/\\\/suresms.com\\\/en\\\/#\\\/schema\\\/logo\\\/image\\\/\",\"url\":\"https:\\\/\\\/suresms.com\\\/wp-content\\\/uploads\\\/2024\\\/11\\\/suresms-300x65-1.png\",\"contentUrl\":\"https:\\\/\\\/suresms.com\\\/wp-content\\\/uploads\\\/2024\\\/11\\\/suresms-300x65-1.png\",\"width\":300,\"height\":65,\"caption\":\"SureSMS\"},\"image\":{\"@id\":\"https:\\\/\\\/suresms.com\\\/en\\\/#\\\/schema\\\/logo\\\/image\\\/\"},\"sameAs\":[\"https:\\\/\\\/www.facebook.com\\\/p\\\/SureSMS-100044607956149\\\/\"]}]}<\/script>\r\n<!-- \/ Yoast SEO Premium plugin. -->","yoast_head_json":{"title":"Integracja SMS z us\u0142ug\u0105 Azure Active Directory (AD) - g\u0142\u0119boka integracja","description":"Integracja SMS AD dla Azure Active Directory. W pe\u0142ni zintegrowane rozwi\u0105zanie SMS w AD do reagowania na sytuacje awaryjne, ostrzegania, pracownik\u00f3w i nie tylko.","robots":{"index":"index","follow":"follow","max-snippet":"max-snippet:-1","max-image-preview":"max-image-preview:large","max-video-preview":"max-video-preview:-1"},"canonical":"https:\/\/suresms.com\/pl\/integracje\/rezerwacja-ldap-2fa\/integracja-reklam-z-aktywnym-katalogiem-azure\/","og_locale":"pl_PL","og_type":"article","og_title":"SMS integration til Azure Active Directory (AD)","og_description":"SMS AD Integration til Azure Active Directory. Fuldt integreret SMS l\u00f8sning i AD til beredskabs, alarmering, medarbejdere og mere","og_url":"https:\/\/suresms.com\/pl\/integracje\/rezerwacja-ldap-2fa\/integracja-reklam-z-aktywnym-katalogiem-azure\/","article_publisher":"https:\/\/www.facebook.com\/p\/SureSMS-100044607956149\/","article_modified_time":"2025-05-22T10:50:22+00:00","og_image":[{"url":"https:\/\/suresms.com\/wp-content\/uploads\/2022\/08\/Azure-AD-2-1.png","type":"","width":"","height":""}],"twitter_card":"summary_large_image","twitter_misc":{"Szacowany czas czytania":"4 minuty"},"schema":{"@context":"https:\/\/schema.org","@graph":[{"@type":"WebPage","@id":"https:\/\/suresms.com\/dk\/integrationer\/booking-ldap-2fa\/integration-azure-active-directory-ad\/","url":"https:\/\/suresms.com\/dk\/integrationer\/booking-ldap-2fa\/integration-azure-active-directory-ad\/","name":"Integracja SMS z us\u0142ug\u0105 Azure Active Directory (AD) - g\u0142\u0119boka integracja","isPartOf":{"@id":"https:\/\/suresms.com\/en\/#website"},"primaryImageOfPage":{"@id":"https:\/\/suresms.com\/dk\/integrationer\/booking-ldap-2fa\/integration-azure-active-directory-ad\/#primaryimage"},"image":{"@id":"https:\/\/suresms.com\/dk\/integrationer\/booking-ldap-2fa\/integration-azure-active-directory-ad\/#primaryimage"},"thumbnailUrl":"https:\/\/suresms.com\/wp-content\/uploads\/2022\/08\/Azure-AD-2-1.png","datePublished":"2022-08-10T09:53:47+00:00","dateModified":"2025-05-22T10:50:22+00:00","description":"Integracja SMS AD dla Azure Active Directory. W pe\u0142ni zintegrowane rozwi\u0105zanie SMS w AD do reagowania na sytuacje awaryjne, ostrzegania, pracownik\u00f3w i nie tylko.","breadcrumb":{"@id":"https:\/\/suresms.com\/dk\/integrationer\/booking-ldap-2fa\/integration-azure-active-directory-ad\/#breadcrumb"},"inLanguage":"pl-PL","potentialAction":[{"@type":"ReadAction","target":["https:\/\/suresms.com\/dk\/integrationer\/booking-ldap-2fa\/integration-azure-active-directory-ad\/"]}]},{"@type":"ImageObject","inLanguage":"pl-PL","@id":"https:\/\/suresms.com\/dk\/integrationer\/booking-ldap-2fa\/integration-azure-active-directory-ad\/#primaryimage","url":"https:\/\/suresms.com\/wp-content\/uploads\/2022\/08\/Azure-AD-2-1.png","contentUrl":"https:\/\/suresms.com\/wp-content\/uploads\/2022\/08\/Azure-AD-2-1.png"},{"@type":"BreadcrumbList","@id":"https:\/\/suresms.com\/dk\/integrationer\/booking-ldap-2fa\/integration-azure-active-directory-ad\/#breadcrumb","itemListElement":[{"@type":"ListItem","position":1,"name":"Home","item":"https:\/\/suresms.com\/dk\/"},{"@type":"ListItem","position":2,"name":"Integrationer","item":"https:\/\/suresms.com\/dk\/integrationer\/"},{"@type":"ListItem","position":3,"name":"SMS integration til LDAP og brugerdatabaser","item":"https:\/\/suresms.com\/dk\/integrationer\/booking-ldap-2fa\/"},{"@type":"ListItem","position":4,"name":"SMS integration til Azure Active Directory (AD)"}]},{"@type":"WebSite","@id":"https:\/\/suresms.com\/en\/#website","url":"https:\/\/suresms.com\/en\/","name":"SureSMS","description":"Profesjonalna bramka SMS","publisher":{"@id":"https:\/\/suresms.com\/en\/#organization"},"potentialAction":[{"@type":"SearchAction","target":{"@type":"EntryPoint","urlTemplate":"https:\/\/suresms.com\/en\/?s={search_term_string}"},"query-input":{"@type":"PropertyValueSpecification","valueRequired":true,"valueName":"search_term_string"}}],"inLanguage":"pl-PL"},{"@type":"Organization","@id":"https:\/\/suresms.com\/en\/#organization","name":"SureSMS","url":"https:\/\/suresms.com\/en\/","logo":{"@type":"ImageObject","inLanguage":"pl-PL","@id":"https:\/\/suresms.com\/en\/#\/schema\/logo\/image\/","url":"https:\/\/suresms.com\/wp-content\/uploads\/2024\/11\/suresms-300x65-1.png","contentUrl":"https:\/\/suresms.com\/wp-content\/uploads\/2024\/11\/suresms-300x65-1.png","width":300,"height":65,"caption":"SureSMS"},"image":{"@id":"https:\/\/suresms.com\/en\/#\/schema\/logo\/image\/"},"sameAs":["https:\/\/www.facebook.com\/p\/SureSMS-100044607956149\/"]}]}},"_links":{"self":[{"href":"https:\/\/suresms.com\/pl\/wp-json\/wp\/v2\/pages\/15792","targetHints":{"allow":["GET"]}}],"collection":[{"href":"https:\/\/suresms.com\/pl\/wp-json\/wp\/v2\/pages"}],"about":[{"href":"https:\/\/suresms.com\/pl\/wp-json\/wp\/v2\/types\/page"}],"author":[{"embeddable":true,"href":"https:\/\/suresms.com\/pl\/wp-json\/wp\/v2\/users\/1"}],"replies":[{"embeddable":true,"href":"https:\/\/suresms.com\/pl\/wp-json\/wp\/v2\/comments?post=15792"}],"version-history":[{"count":9,"href":"https:\/\/suresms.com\/pl\/wp-json\/wp\/v2\/pages\/15792\/revisions"}],"predecessor-version":[{"id":23415,"href":"https:\/\/suresms.com\/pl\/wp-json\/wp\/v2\/pages\/15792\/revisions\/23415"}],"up":[{"embeddable":true,"href":"https:\/\/suresms.com\/pl\/wp-json\/wp\/v2\/pages\/19541"}],"wp:attachment":[{"href":"https:\/\/suresms.com\/pl\/wp-json\/wp\/v2\/media?parent=15792"}],"wp:term":[{"taxonomy":"category","embeddable":true,"href":"https:\/\/suresms.com\/pl\/wp-json\/wp\/v2\/categories?post=15792"},{"taxonomy":"post_tag","embeddable":true,"href":"https:\/\/suresms.com\/pl\/wp-json\/wp\/v2\/tags?post=15792"}],"curies":[{"name":"wp","href":"https:\/\/api.w.org\/{rel}","templated":true}]}}