{"id":15657,"date":"2022-06-29T23:49:16","date_gmt":"2022-06-29T21:49:16","guid":{"rendered":"https:\/\/www.suresms.com\/dk\/?page_id=15657"},"modified":"2025-11-06T05:51:06","modified_gmt":"2025-11-06T05:51:06","slug":"wysylanie-sms-z-komputera","status":"publish","type":"page","link":"https:\/\/suresms.com\/pl\/funktioner\/send-sms-fra-pc\/","title":{"rendered":"Wysy\u0142anie wiadomo\u015bci SMS z komputera"},"content":{"rendered":"<!-- Flexy Breadcrumb -->\r\n\t\t\t<div class=\"fbc fbc-page\">\r\n\r\n\t\t\t\t<!-- Breadcrumb wrapper -->\r\n\t\t\t\t<div class=\"fbc-wrap\">\r\n\r\n\t\t\t\t\t<!-- Ordered list-->\r\n\t\t\t\t\t<ol class=\"fbc-items\" itemscope itemtype=\"https:\/\/schema.org\/BreadcrumbList\">\r\n\t\t\t\t\t\t            <li itemprop=\"itemListElement\" itemscope itemtype=\"https:\/\/schema.org\/ListItem\">\r\n                <span itemprop=\"name\">\r\n                    <!-- Home Link -->\r\n                    <a itemprop=\"item\" href=\"https:\/\/suresms.com\/pl\/\">\r\n                    \r\n                                                    <i class=\"fa fa-home\" aria-hidden=\"true\"><\/i>Strona g\u0142\u00f3wna                    <\/a>\r\n                <\/span>\r\n                <meta itemprop=\"position\" content=\"1\" \/><!-- Meta Position-->\r\n             <\/li><li><span class=\"fbc-separator\">\/<\/span><\/li><li class=\"active\" itemprop=\"itemListElement\" itemscope itemtype=\"https:\/\/schema.org\/ListItem\"><span itemprop=\"name\" title=\"Wysy\u0142anie wiadomo\u015bci SMS z komputera\">Wysy\u0142anie wiadomo\u015bci SMS z komputera<\/span><meta itemprop=\"position\" content=\"2\" \/><\/li>\t\t\t\t\t<\/ol>\r\n\t\t\t\t\t<div class=\"clearfix\"><\/div>\r\n\t\t\t\t<\/div>\r\n\t\t\t<\/div>\r\n\t\t\t\n\t\t\t\t<img decoding=\"async\" src=\"https:\/\/suresms.com\/wp-content\/uploads\/2022\/06\/Send-sms-online-1.png\" alt=\"Wysy\u0142anie wiadomo\u015bci SMS online - obraz\" itemprop=\"image\" height=\"367\" width=\"900\" title=\"Wysy\u0142anie wiadomo\u015bci tekstowych online\" onerror=\"this.style.display='none'\" loading=\"lazy\" \/>\n\t<h1>Wysy\u0142aj wiadomo\u015bci SMS z komputera PC lub Mac za pomoc\u0105 naszego internetowego nadawcy wiadomo\u015bci SMS<\/h1>\n<p>Wysy\u0142anie wiadomo\u015bci SMS z komputera jest znacznie szybsze i \u0142atwiejsze ni\u017c z telefonu. Ponadto, korzystanie z komputera PC lub Mac daje znacznie wi\u0119cej mo\u017cliwo\u015bci. Mo\u017cna na przyk\u0142ad za\u0142\u0105cza\u0107 pliki PDF, tworzy\u0107 nieograniczone listy, wysy\u0142a\u0107 filmy (kt\u00f3re odbiorca mo\u017ce zobaczy\u0107), wysy\u0142a\u0107 linki MobilePay i wiele wi\u0119cej.<\/p>\n<p>Czy jeste\u015b profesjonalnym u\u017cytkownikiem, kt\u00f3ry musi wysy\u0142a\u0107 wiadomo\u015bci SMS do swoich klient\u00f3w, pracownik\u00f3w lub cz\u0142onk\u00f3w organizacji? W takim razie dobrym pomys\u0142em jest wysy\u0142anie wiadomo\u015bci SMS online za pomoc\u0105 internetowego nadawcy SMS.<\/p>\n<p>Niezale\u017cnie od tego, czy u\u017cywasz komputera PC lub Mac, czy tabletu z systemem Android, mo\u017cesz korzysta\u0107 z naszego systemu do wysy\u0142ania wiadomo\u015bci SMS online. Dzia\u0142a on na wszystkich komputerach i tabletach niezale\u017cnie od systemu operacyjnego. Loguj\u0105c si\u0119 do naszej aplikacji internetowej, uzyskujesz dost\u0119p do systemu, z kt\u00f3rego mo\u017cesz wysy\u0142a\u0107 wiadomo\u015bci SMS.<\/p>\n<p>&nbsp;<\/p>\n\t<h2>Wysy\u0142anie wiadomo\u015bci SMS<\/h2>\n<p>Dzi\u0119ki dost\u0119powi do naszego nadawcy SMS, kt\u00f3ry mo\u017cna zam\u00f3wi\u0107 bezp\u0142atnie po prawej stronie, mo\u017cna wysy\u0142a\u0107 i odbiera\u0107 wiadomo\u015bci SMS za po\u015brednictwem komputera lub tabletu. Mo\u017cesz wys\u0142a\u0107 wiadomo\u015b\u0107 SMS do pojedynczej osoby, wpisuj\u0105c jej numer telefonu, lub do listy. Mo\u017cesz zaimportowa\u0107 list\u0119 do systemu z systemu CRM, systemu cz\u0142onkostwa lub po prostu arkusza kalkulacyjnego, kt\u00f3ry masz w pobli\u017cu.<\/p>\n<p>Je\u015bli chcesz otrzymywa\u0107 wiadomo\u015bci SMS r\u00f3wnie\u017c online, musisz zakupi\u0107 dwukierunkowy modu\u0142 SMS. Kosztuje on 99 DKK miesi\u0119cznie, ale dzi\u0119ki niemu mo\u017cesz otrzymywa\u0107 wiadomo\u015bci SMS zar\u00f3wno na naszej stronie internetowej, jak i na swoj\u0105 skrzynk\u0119 e-mail.<\/p>\n\t\t\t\t<img decoding=\"async\" src=\"https:\/\/suresms.com\/wp-content\/uploads\/2022\/06\/What-is-your-message-1.png\" alt=\"Jaka jest Twoja wiadomo\u015b\u0107 SMS?\" itemprop=\"image\" height=\"238\" width=\"319\" title=\"Jakie jest Twoje przes\u0142anie?\" onerror=\"this.style.display='none'\" loading=\"lazy\" \/>\n\t\t\t<a href=\"https:\/\/app.suresms.com\/account\/signup\" target=\"_blank\" rel=\"noopener\">\n\t\t\t\t\t\t\tUtw\u00f3rz bezp\u0142atne konto\n\t\t\t\t\t<\/a>\n\t<h2>Wysy\u0142anie wiadomo\u015bci SMS z komputera PC \/ wysy\u0142anie wiadomo\u015bci SMS z komputera Mac<\/h2>\n<p>Najprostszym sposobem wysy\u0142ania wiadomo\u015bci tekstowych online jest wysy\u0142anie ich z komputera po zalogowaniu si\u0119 na naszej stronie internetowej. Wpisz wiadomo\u015b\u0107 i naci\u015bnij \"Wy\u015blij\". Nast\u0119pnie wy\u015blemy wiadomo\u015b\u0107 SMS do odbiorcy. Wysy\u0142anie wiadomo\u015bci SMS online jest szybkie i \u0142atwe.<\/p>\n<p>Obs\u0142ugujemy wszystkie g\u0142\u00f3wne przegl\u0105darki, wi\u0119c nie musisz si\u0119 martwi\u0107 o to, czy nasz system dzia\u0142a na Twoim komputerze. Ka\u017cdy mo\u017ce korzysta\u0107 z naszego nadawcy SMS.<\/p>\n\t<h2>Wysy\u0142anie wiadomo\u015bci SMS przez Internet<\/h2>\n<p>Istniej\u0105 inne sposoby wysy\u0142ania wiadomo\u015bci SMS ni\u017c przez przegl\u0105dark\u0119. Mo\u017cna r\u00f3wnie\u017c wysy\u0142a\u0107 wiadomo\u015bci za pomoc\u0105 poczty e-mail. Korzystaj\u0105c z rozwi\u0105zania o nazwie mail2sms mo\u017cna wysy\u0142a\u0107 wiadomo\u015bci SMS online z programu pocztowego. Ma to zastosowanie niezale\u017cnie od posiadanego programu pocztowego i dostawcy poczty.<\/p>\n<p>&nbsp;<\/p>\n<h2>Informacje o wiadomo\u015bciach SMS<\/h2>\n<p>Maksymalna d\u0142ugo\u015b\u0107 wiadomo\u015bci SMS wynosi 160 znak\u00f3w (\u0142\u0105cznie ze spacjami). Je\u015bli napiszesz d\u0142u\u017csz\u0105 wiadomo\u015b\u0107, zostanie ona wys\u0142ana, ale op\u0142ata za ni\u0105 zostanie naliczona jako 2 lub wi\u0119cej wiadomo\u015bci SMS, w zale\u017cno\u015bci od jej d\u0142ugo\u015bci<\/p>\n<p>NIE mo\u017cna wysy\u0142a\u0107 wiadomo\u015bci SMS na 3-, 4- lub 5-cyfrowe numery - tzw. shortcodes z SureSMS.<\/p>\n<p>Na naszej stronie internetowej mo\u017cna \u0142atwo korzysta\u0107 z wielu opcji: eksportowa\u0107 kontakty, tworzy\u0107 grupy, planowa\u0107 wysy\u0142ki i tworzy\u0107 szablony, aby komunikacja by\u0142a szybsza, \u0142atwiejsza i bardziej profesjonalna.<\/p>\n<p>Wi\u0119cej informacji na ten temat mo\u017cna znale\u017a\u0107 na stronie internetowej w sekcji Cechy i funkcje lub klikaj\u0105c \u0142\u0105cze na dole strony, aby przej\u015b\u0107 do naszego kana\u0142u YouTube i obejrze\u0107 filmy instrukta\u017cowe.<\/p>\n<h2>Darmowe SMS-y?<\/h2>\n<p>Wi\u0119kszo\u015b\u0107 abonament\u00f3w na telefony kom\u00f3rkowe obejmuje darmowe SMS-y. Niestety, poniewa\u017c p\u0142acimy operatorom za ka\u017cd\u0105 wys\u0142an\u0105 wiadomo\u015b\u0107 SMS, nie mo\u017cemy tego zaoferowa\u0107. Koszt jednej wiadomo\u015bci SMS wys\u0142anej online wynosi 28 \u00f8re.<\/p>\n<p>&nbsp;<\/p>\n\t<h4><strong>Nasz interfejs WEB jest \u0142atwy w u\u017cyciu<\/strong><\/h4>\n<p>Mo\u017cesz zalogowa\u0107 si\u0119 na naszej stronie internetowej, korzystaj\u0105c z poni\u017cszego \u0142\u0105cza <a href=\"https:\/\/app.suresms.com\">http:\/\/app.suresms.com<\/a> lub klikaj\u0105c przycisk logowania w prawym g\u00f3rnym rogu tej strony.<\/p>\n<p>SureSMS Gateway zosta\u0142 zaprojektowany specjalnie dla firm i organizacji. R\u0119cznie sprawdzamy wszystkie konta przed ich utworzeniem, aby upewni\u0107 si\u0119, \u017ce wszystkie zapytania s\u0105 powa\u017cne. W zwi\u0105zku z tym mo\u017ce wyst\u0105pi\u0107 kr\u00f3tki czas oczekiwania, zanim otrzymasz od nas wiadomo\u015b\u0107 e-mail z danymi logowania i b\u0119dziesz m\u00f3g\u0142 rozpocz\u0105\u0107 wysy\u0142anie wiadomo\u015bci SMS.<\/p>\n<p>Nasze rozwi\u0105zanie jest tak zwanym rozwi\u0105zaniem niezale\u017cnym od platformy. Oznacza to, \u017ce jest odpowiednie niezale\u017cnie od tego, czy korzystasz z komputera PC lub Mac, tabletu z systemem Android lub Windows. Nasz system dzia\u0142a r\u00f3wnie\u017c dla Ciebie.<\/p>\n<p>Rozwi\u0105zali\u015bmy zadanie niezale\u017cno\u015bci platformy, u\u017cywaj\u0105c j\u0119zyk\u00f3w u\u017cywanych w sieci, kt\u00f3re s\u0105 zrozumia\u0142e dla wszystkich urz\u0105dze\u0144. Na przyk\u0142ad, mo\u017cesz korzysta\u0107 z naszego rozwi\u0105zania SMS poprzez <a title=\"Opis protoko\u0142u http\" href=\"http:\/\/da.wikipedia.org\/wiki\/HTTP\">http<\/a>\u00a0lub za po\u015brednictwem <a title=\"Protoko\u0142y SMTP\" href=\"http:\/\/da.wikipedia.org\/wiki\/Simple_Mail_Transfer_Protocol\">SMTP <\/a>(zwana r\u00f3wnie\u017c poczt\u0105 elektroniczn\u0105).<\/p>\n\t<h4><strong>Uzyskaj login od razu!<\/strong><\/h4>\n<p>Do zalogowania si\u0119 wymagane jest podanie nazwy u\u017cytkownika i has\u0142a. <strong>Mo\u017cesz to zrobi\u0107, tworz\u0105c konto testowe na tej stronie.<\/strong><\/p>\n<p>Uzyskanie nazwy u\u017cytkownika nie wi\u0105\u017ce si\u0119 z \u017cadnymi kosztami. Utworzenie konta w naszej bramce jest bezp\u0142atne, a subskrypcja kosztuje 0,- DKK.<br \/>Preferujemy przejrzyst\u0105 polityk\u0119 cenow\u0105, wi\u0119c nie ma \u017cadnych ukrytych koszt\u00f3w ani abonament\u00f3w. Nasi klienci p\u0142ac\u0105 tylko za wys\u0142ane wiadomo\u015bci SMS. Mo\u017cesz zobaczy\u0107 nasze zaktualizowane <a title=\"Ceny bramek SMS, bez konfiguracji, bez subskrypcji\" href=\"https:\/\/suresms.com\/pl\/ceny-bramek-sms\/\">Ceny<\/a>\u00a0Tutaj.<\/p>\n<p>Dzi\u0119ki 50 darmowym wiadomo\u015bciom, kt\u00f3re otrzymasz po utworzeniu konta testowego, masz mo\u017cliwo\u015b\u0107 wypr\u00f3bowania naszej bramki SMS bez dokonywania p\u0142atno\u015bci. NIE musisz podawa\u0107 danych karty kredytowej, aby otworzy\u0107 konto testowe.<\/p>\n\t\t\t\t<img decoding=\"async\" src=\"https:\/\/suresms.com\/wp-content\/uploads\/2022\/08\/Webinterface-1-1.png\" alt=\"Wysy\u0142anie wiadomo\u015bci SMS z komputera\" itemprop=\"image\" height=\"1557\" width=\"2665\" title=\"Interfejs internetowy SureSMS\" onerror=\"this.style.display='none'\" loading=\"lazy\" \/>\n\t<h4><strong>\u0141atwy do zintegrowania interfejs API i wiele funkcji\u00a0<\/strong><\/h4>\n<p>Uwielbiamy si\u0119 rozwija\u0107, a nasi klienci wykorzystuj\u0105 nas na wiele r\u00f3\u017cnych sposob\u00f3w. Jeste\u015bmy z tego dumni.<\/p>\n<p>Przez lata opracowali\u015bmy wiele cech i funkcji dla naszych klient\u00f3w. Wiele z nich opisano w menu na tej stronie, ale je\u015bli nie mo\u017cesz znale\u017a\u0107 tego, czego szukasz, skontaktuj si\u0119 z nami. Zajmujemy si\u0119 wi\u0119kszo\u015bci\u0105 rzeczy i zawsze ch\u0119tnie podejmujemy nowe wyzwania.<\/p>\n<p>Jeste\u015b deweloperem i chcesz dowiedzie\u0107 si\u0119 wi\u0119cej o naszym API? Sprawd\u017a nasze strony dla deweloper\u00f3w lub zadzwo\u0144 do nas pod numer: 50 322 322. Mo\u017cesz r\u00f3wnie\u017c <a title=\"Skontaktuj si\u0119 z nami\" href=\"https:\/\/suresms.com\/pl\/kontakt\/\">Wy\u015blij nam wiadomo\u015b\u0107 tutaj.<\/a><\/p>\n\t\t\t\t<img decoding=\"async\" src=\"https:\/\/suresms.com\/wp-content\/uploads\/2022\/06\/API-connection-1.png\" alt=\"Wysy\u0142anie wiadomo\u015bci SMS za pomoc\u0105 interfejsu API\" itemprop=\"image\" height=\"528\" width=\"960\" title=\"Po\u0142\u0105czenie API\" onerror=\"this.style.display='none'\" loading=\"lazy\" \/>\n\t<h4><strong>Tutaj mo\u017cesz przeczyta\u0107 kilka przyk\u0142ad\u00f3w tego, jak nasi klienci korzystaj\u0105 z naszej us\u0142ugi SMS online:<\/strong><\/h4>\n<ul>\n<li>Jedna z du\u0144skich organizacji zwi\u0105zkowych korzysta z naszej us\u0142ugi SMS online do wysy\u0142ania newsletter\u00f3w do klient\u00f3w. Oczywi\u015bcie \u0142atwiej jest wysy\u0142a\u0107 d\u0142ugie biuletyny za pomoc\u0105 wi\u0119kszej klawiatury komputera, a tak\u017ce umo\u017cliwia do\u0142\u0105czanie link\u00f3w z odpowiednimi artyku\u0142ami do cz\u0142onk\u00f3w organizacji.<\/li>\n<li>Organizacja \u0142owiecka w Zelandii utworzy\u0142a konto na naszej stronie Gateway. Poniewa\u017c cz\u0142onkowie stowarzyszenia na zmian\u0119 organizuj\u0105 polowania, wszyscy maj\u0105 login do konta stowarzyszenia, z kt\u00f3rego wysy\u0142aj\u0105 wiadomo\u015bci o nadchodz\u0105cych polowaniach do innych cz\u0142onk\u00f3w.<\/li>\n<li>Firma ciep\u0142ownicza wykorzystuje nasz\u0105 bramk\u0119 do powiadamiania mieszka\u0144c\u00f3w o przerwach w dostawach. Na przyk\u0142ad, gdy ogrzewanie jest wy\u0142\u0105czone z powodu napraw w danym obszarze, numery telefon\u00f3w s\u0105 pobierane z systemu firmy grzewczej, wklejane na nasz\u0105 stron\u0119 internetow\u0105, gdzie mog\u0105 po prostu wys\u0142a\u0107 wiadomo\u015b\u0107 do wszystkich dotkni\u0119tych gospodarstw domowych.<\/li>\n<\/ul>","protected":false},"excerpt":{"rendered":"<p>Wysy\u0142anie wiadomo\u015bci SMS z komputera PC lub Mac za pomoc\u0105 naszego internetowego nadawcy SMS Wysy\u0142anie wiadomo\u015bci SMS z komputera jest znacznie szybsze i \u0142atwiejsze ni\u017c z telefonu. Co wi\u0119cej, korzystanie z komputera PC lub Mac daje o wiele wi\u0119cej mo\u017cliwo\u015bci. Na przyk\u0142ad, mo\u017cesz za\u0142\u0105cza\u0107 pliki PDF, tworzy\u0107 nieograniczone listy, wysy\u0142a\u0107 filmy (kt\u00f3re odbiorca faktycznie ... <a title=\"Wysy\u0142anie wiadomo\u015bci SMS z komputera\" class=\"read-more\" href=\"https:\/\/suresms.com\/pl\/funktioner\/send-sms-fra-pc\/\" aria-label=\"Dowiedz si\u0119 wi\u0119cej o wysy\u0142aniu wiadomo\u015bci SMS z komputera\">Dowiedz si\u0119 wi\u0119cej<\/a><\/p>","protected":false},"author":1,"featured_media":0,"parent":958,"menu_order":2,"comment_status":"closed","ping_status":"closed","template":"","meta":{"_fl_builder_enabled":"1","_fl_builder_data":null,"_fl_builder_draft":null,"_fl_builder_data_settings":null,"_fl_builder_css":"","_fl_builder_css_version":"","_fl_builder_js":"","footnotes":""},"categories":[17],"tags":[],"class_list":{"0":"post-15657","1":"page","2":"type-page","3":"status-publish","5":"category-linkfracornorstone"},"yoast_head":"<!-- This site is optimized with the Yoast SEO Premium plugin v27.3 (Yoast SEO v27.3) - https:\/\/yoast.com\/product\/yoast-seo-premium-wordpress\/ -->\r\n<title>Send SMS fra PC - Send SMS fra Mac - Send SMS fra computer<\/title>\r\n<meta name=\"description\" content=\"Send SMS fra PC eller Send SMS fra Mac. Fordele ved at sende fra computer er arkivering, hastighed og deling af kontakter. Pr\u00f8v det gratis.\" \/>\r\n<meta name=\"robots\" content=\"index, follow, max-snippet:-1, max-image-preview:large, max-video-preview:-1\" \/>\r\n<link rel=\"canonical\" href=\"https:\/\/suresms.com\/pl\/cechy\/wysylanie-sms-z-komputera\/\" \/>\r\n<meta property=\"og:locale\" content=\"pl_PL\" \/>\r\n<meta property=\"og:type\" content=\"article\" \/>\r\n<meta property=\"og:title\" content=\"Send sms fra PC\" \/>\r\n<meta property=\"og:description\" content=\"Send SMS fra PC eller Send SMS fra Mac. Fordele ved at sende fra computer er arkivering, hastighed og deling af kontakter. Pr\u00f8v det gratis.\" \/>\r\n<meta property=\"og:url\" content=\"https:\/\/suresms.com\/pl\/cechy\/wysylanie-sms-z-komputera\/\" \/>\r\n<meta property=\"article:publisher\" content=\"https:\/\/www.facebook.com\/p\/SureSMS-100044607956149\/\" \/>\r\n<meta property=\"article:modified_time\" content=\"2025-11-06T05:51:06+00:00\" \/>\r\n<meta property=\"og:image\" content=\"https:\/\/suresms.com\/wp-content\/uploads\/2022\/06\/Send-sms-online-1.png\" \/>\r\n<meta name=\"twitter:card\" content=\"summary_large_image\" \/>\r\n<meta name=\"twitter:label1\" content=\"Szacowany czas czytania\" \/>\n\t<meta name=\"twitter:data1\" content=\"9 minut\" \/>\r\n<script type=\"application\/ld+json\" class=\"yoast-schema-graph\">{\"@context\":\"https:\\\/\\\/schema.org\",\"@graph\":[{\"@type\":\"WebPage\",\"@id\":\"https:\\\/\\\/suresms.com\\\/dk\\\/funktioner\\\/send-sms-fra-pc\\\/\",\"url\":\"https:\\\/\\\/suresms.com\\\/dk\\\/funktioner\\\/send-sms-fra-pc\\\/\",\"name\":\"Send SMS fra PC - Send SMS fra Mac - Send SMS fra computer\",\"isPartOf\":{\"@id\":\"https:\\\/\\\/suresms.com\\\/en\\\/#website\"},\"primaryImageOfPage\":{\"@id\":\"https:\\\/\\\/suresms.com\\\/dk\\\/funktioner\\\/send-sms-fra-pc\\\/#primaryimage\"},\"image\":{\"@id\":\"https:\\\/\\\/suresms.com\\\/dk\\\/funktioner\\\/send-sms-fra-pc\\\/#primaryimage\"},\"thumbnailUrl\":\"https:\\\/\\\/suresms.com\\\/wp-content\\\/uploads\\\/2022\\\/06\\\/Send-sms-online-1.png\",\"datePublished\":\"2022-06-29T21:49:16+00:00\",\"dateModified\":\"2025-11-06T05:51:06+00:00\",\"description\":\"Send SMS fra PC eller Send SMS fra Mac. Fordele ved at sende fra computer er arkivering, hastighed og deling af kontakter. Pr\u00f8v det gratis.\",\"breadcrumb\":{\"@id\":\"https:\\\/\\\/suresms.com\\\/dk\\\/funktioner\\\/send-sms-fra-pc\\\/#breadcrumb\"},\"inLanguage\":\"pl-PL\",\"potentialAction\":[{\"@type\":\"ReadAction\",\"target\":[\"https:\\\/\\\/suresms.com\\\/dk\\\/funktioner\\\/send-sms-fra-pc\\\/\"]}]},{\"@type\":\"ImageObject\",\"inLanguage\":\"pl-PL\",\"@id\":\"https:\\\/\\\/suresms.com\\\/dk\\\/funktioner\\\/send-sms-fra-pc\\\/#primaryimage\",\"url\":\"https:\\\/\\\/suresms.com\\\/wp-content\\\/uploads\\\/2022\\\/06\\\/Send-sms-online-1.png\",\"contentUrl\":\"https:\\\/\\\/suresms.com\\\/wp-content\\\/uploads\\\/2022\\\/06\\\/Send-sms-online-1.png\"},{\"@type\":\"BreadcrumbList\",\"@id\":\"https:\\\/\\\/suresms.com\\\/dk\\\/funktioner\\\/send-sms-fra-pc\\\/#breadcrumb\",\"itemListElement\":[{\"@type\":\"ListItem\",\"position\":1,\"name\":\"Home\",\"item\":\"https:\\\/\\\/suresms.com\\\/dk\\\/\"},{\"@type\":\"ListItem\",\"position\":2,\"name\":\"Funktioner\",\"item\":\"https:\\\/\\\/suresms.com\\\/dk\\\/funktioner\\\/\"},{\"@type\":\"ListItem\",\"position\":3,\"name\":\"Send sms fra PC\"}]},{\"@type\":\"WebSite\",\"@id\":\"https:\\\/\\\/suresms.com\\\/en\\\/#website\",\"url\":\"https:\\\/\\\/suresms.com\\\/en\\\/\",\"name\":\"SureSMS\",\"description\":\"Professionel SMS Gateway\",\"publisher\":{\"@id\":\"https:\\\/\\\/suresms.com\\\/en\\\/#organization\"},\"potentialAction\":[{\"@type\":\"SearchAction\",\"target\":{\"@type\":\"EntryPoint\",\"urlTemplate\":\"https:\\\/\\\/suresms.com\\\/en\\\/?s={search_term_string}\"},\"query-input\":{\"@type\":\"PropertyValueSpecification\",\"valueRequired\":true,\"valueName\":\"search_term_string\"}}],\"inLanguage\":\"pl-PL\"},{\"@type\":\"Organization\",\"@id\":\"https:\\\/\\\/suresms.com\\\/en\\\/#organization\",\"name\":\"SureSMS\",\"url\":\"https:\\\/\\\/suresms.com\\\/en\\\/\",\"logo\":{\"@type\":\"ImageObject\",\"inLanguage\":\"pl-PL\",\"@id\":\"https:\\\/\\\/suresms.com\\\/en\\\/#\\\/schema\\\/logo\\\/image\\\/\",\"url\":\"https:\\\/\\\/suresms.com\\\/wp-content\\\/uploads\\\/2024\\\/11\\\/suresms-300x65-1.png\",\"contentUrl\":\"https:\\\/\\\/suresms.com\\\/wp-content\\\/uploads\\\/2024\\\/11\\\/suresms-300x65-1.png\",\"width\":300,\"height\":65,\"caption\":\"SureSMS\"},\"image\":{\"@id\":\"https:\\\/\\\/suresms.com\\\/en\\\/#\\\/schema\\\/logo\\\/image\\\/\"},\"sameAs\":[\"https:\\\/\\\/www.facebook.com\\\/p\\\/SureSMS-100044607956149\\\/\"]}]}<\/script>\r\n<!-- \/ Yoast SEO Premium plugin. -->","yoast_head_json":{"title":"Wysy\u0142anie wiadomo\u015bci SMS z komputera - Wysy\u0142anie wiadomo\u015bci SMS z komputera Mac - Wysy\u0142anie wiadomo\u015bci SMS z komputera","description":"Wysy\u0142anie wiadomo\u015bci SMS z komputera PC lub wysy\u0142anie wiadomo\u015bci SMS z komputera Mac. Korzy\u015bci z wysy\u0142ania z komputera to archiwizacja, szybko\u015b\u0107 i udost\u0119pnianie kontakt\u00f3w. Wypr\u00f3buj za darmo.","robots":{"index":"index","follow":"follow","max-snippet":"max-snippet:-1","max-image-preview":"max-image-preview:large","max-video-preview":"max-video-preview:-1"},"canonical":"https:\/\/suresms.com\/pl\/cechy\/wysylanie-sms-z-komputera\/","og_locale":"pl_PL","og_type":"article","og_title":"Send sms fra PC","og_description":"Send SMS fra PC eller Send SMS fra Mac. Fordele ved at sende fra computer er arkivering, hastighed og deling af kontakter. Pr\u00f8v det gratis.","og_url":"https:\/\/suresms.com\/pl\/cechy\/wysylanie-sms-z-komputera\/","article_publisher":"https:\/\/www.facebook.com\/p\/SureSMS-100044607956149\/","article_modified_time":"2025-11-06T05:51:06+00:00","og_image":[{"url":"https:\/\/suresms.com\/wp-content\/uploads\/2022\/06\/Send-sms-online-1.png","type":"","width":"","height":""}],"twitter_card":"summary_large_image","twitter_misc":{"Szacowany czas czytania":"9 minut"},"schema":{"@context":"https:\/\/schema.org","@graph":[{"@type":"WebPage","@id":"https:\/\/suresms.com\/dk\/funktioner\/send-sms-fra-pc\/","url":"https:\/\/suresms.com\/dk\/funktioner\/send-sms-fra-pc\/","name":"Wysy\u0142anie wiadomo\u015bci SMS z komputera - Wysy\u0142anie wiadomo\u015bci SMS z komputera Mac - Wysy\u0142anie wiadomo\u015bci SMS z komputera","isPartOf":{"@id":"https:\/\/suresms.com\/en\/#website"},"primaryImageOfPage":{"@id":"https:\/\/suresms.com\/dk\/funktioner\/send-sms-fra-pc\/#primaryimage"},"image":{"@id":"https:\/\/suresms.com\/dk\/funktioner\/send-sms-fra-pc\/#primaryimage"},"thumbnailUrl":"https:\/\/suresms.com\/wp-content\/uploads\/2022\/06\/Send-sms-online-1.png","datePublished":"2022-06-29T21:49:16+00:00","dateModified":"2025-11-06T05:51:06+00:00","description":"Wysy\u0142anie wiadomo\u015bci SMS z komputera PC lub wysy\u0142anie wiadomo\u015bci SMS z komputera Mac. Korzy\u015bci z wysy\u0142ania z komputera to archiwizacja, szybko\u015b\u0107 i udost\u0119pnianie kontakt\u00f3w. Wypr\u00f3buj za darmo.","breadcrumb":{"@id":"https:\/\/suresms.com\/dk\/funktioner\/send-sms-fra-pc\/#breadcrumb"},"inLanguage":"pl-PL","potentialAction":[{"@type":"ReadAction","target":["https:\/\/suresms.com\/dk\/funktioner\/send-sms-fra-pc\/"]}]},{"@type":"ImageObject","inLanguage":"pl-PL","@id":"https:\/\/suresms.com\/dk\/funktioner\/send-sms-fra-pc\/#primaryimage","url":"https:\/\/suresms.com\/wp-content\/uploads\/2022\/06\/Send-sms-online-1.png","contentUrl":"https:\/\/suresms.com\/wp-content\/uploads\/2022\/06\/Send-sms-online-1.png"},{"@type":"BreadcrumbList","@id":"https:\/\/suresms.com\/dk\/funktioner\/send-sms-fra-pc\/#breadcrumb","itemListElement":[{"@type":"ListItem","position":1,"name":"Home","item":"https:\/\/suresms.com\/dk\/"},{"@type":"ListItem","position":2,"name":"Funktioner","item":"https:\/\/suresms.com\/dk\/funktioner\/"},{"@type":"ListItem","position":3,"name":"Send sms fra PC"}]},{"@type":"WebSite","@id":"https:\/\/suresms.com\/en\/#website","url":"https:\/\/suresms.com\/en\/","name":"SureSMS","description":"Profesjonalna bramka SMS","publisher":{"@id":"https:\/\/suresms.com\/en\/#organization"},"potentialAction":[{"@type":"SearchAction","target":{"@type":"EntryPoint","urlTemplate":"https:\/\/suresms.com\/en\/?s={search_term_string}"},"query-input":{"@type":"PropertyValueSpecification","valueRequired":true,"valueName":"search_term_string"}}],"inLanguage":"pl-PL"},{"@type":"Organization","@id":"https:\/\/suresms.com\/en\/#organization","name":"SureSMS","url":"https:\/\/suresms.com\/en\/","logo":{"@type":"ImageObject","inLanguage":"pl-PL","@id":"https:\/\/suresms.com\/en\/#\/schema\/logo\/image\/","url":"https:\/\/suresms.com\/wp-content\/uploads\/2024\/11\/suresms-300x65-1.png","contentUrl":"https:\/\/suresms.com\/wp-content\/uploads\/2024\/11\/suresms-300x65-1.png","width":300,"height":65,"caption":"SureSMS"},"image":{"@id":"https:\/\/suresms.com\/en\/#\/schema\/logo\/image\/"},"sameAs":["https:\/\/www.facebook.com\/p\/SureSMS-100044607956149\/"]}]}},"_links":{"self":[{"href":"https:\/\/suresms.com\/pl\/wp-json\/wp\/v2\/pages\/15657","targetHints":{"allow":["GET"]}}],"collection":[{"href":"https:\/\/suresms.com\/pl\/wp-json\/wp\/v2\/pages"}],"about":[{"href":"https:\/\/suresms.com\/pl\/wp-json\/wp\/v2\/types\/page"}],"author":[{"embeddable":true,"href":"https:\/\/suresms.com\/pl\/wp-json\/wp\/v2\/users\/1"}],"replies":[{"embeddable":true,"href":"https:\/\/suresms.com\/pl\/wp-json\/wp\/v2\/comments?post=15657"}],"version-history":[{"count":6,"href":"https:\/\/suresms.com\/pl\/wp-json\/wp\/v2\/pages\/15657\/revisions"}],"predecessor-version":[{"id":23528,"href":"https:\/\/suresms.com\/pl\/wp-json\/wp\/v2\/pages\/15657\/revisions\/23528"}],"up":[{"embeddable":true,"href":"https:\/\/suresms.com\/pl\/wp-json\/wp\/v2\/pages\/958"}],"wp:attachment":[{"href":"https:\/\/suresms.com\/pl\/wp-json\/wp\/v2\/media?parent=15657"}],"wp:term":[{"taxonomy":"category","embeddable":true,"href":"https:\/\/suresms.com\/pl\/wp-json\/wp\/v2\/categories?post=15657"},{"taxonomy":"post_tag","embeddable":true,"href":"https:\/\/suresms.com\/pl\/wp-json\/wp\/v2\/tags?post=15657"}],"curies":[{"name":"wp","href":"https:\/\/api.w.org\/{rel}","templated":true}]}}