{"id":1507,"date":"2016-01-14T15:20:23","date_gmt":"2016-01-14T13:20:23","guid":{"rendered":"https:\/\/www.suresms.com\/dk\/?page_id=1507"},"modified":"2026-04-14T04:38:10","modified_gmt":"2026-04-14T04:38:10","slug":"ceny-i-platnosci","status":"publish","type":"page","link":"https:\/\/suresms.com\/pl\/om-suresms\/priser-og-betaling\/","title":{"rendered":"Ceny i p\u0142atno\u015bci"},"content":{"rendered":"<h1>Ceny i p\u0142atno\u015bci<\/h1>\n<p>Skorzystaj z naszego kalkulatora cen poni\u017cej, aby dowiedzie\u0107 si\u0119, ile kosztuje miesi\u0119czne rozwi\u0105zanie SMS.<\/p>\n\t<h1>Opcje p\u0142atno\u015bci<\/h1>\n<p>Oferujemy r\u00f3\u017cne elastyczne opcje p\u0142atno\u015bci dla naszych klient\u00f3w.<\/p>\n<ul>\n<li>\n<ul>\n<li>Konto SureSMS Gateway umo\u017cliwia kupowanie SMS-\u00f3w za pomoc\u0105 kart kredytowych bezpo\u015brednio na naszej stronie internetowej. Otrzymasz od nas wiadomo\u015b\u0107 e-mail, gdy nadejdzie czas do\u0142adowania. Natychmiast po dokonaniu p\u0142atno\u015bci otrzymasz od nas faktur\u0119.<\/li>\n<\/ul>\n<\/li>\n<\/ul>\n<ul>\n<li>\n<ul>\n<li>Wystawiaj faktury raz w miesi\u0105cu lub raz na kwarta\u0142 na podstawie zu\u017cycia w poprzednim okresie. Je\u015bli wybierzesz fakturowanie oparte na zu\u017cyciu, minimalna kwota faktury wynosi 100,- miesi\u0119cznie.<\/li>\n<\/ul>\n<\/li>\n<\/ul>\n<ul>\n<li>\n<ul>\n<li>Faktura z przedp\u0142at\u0105 w wysoko\u015bci np. 200 lub 1000 DKK, wp\u0142acon\u0105 na konto SMS.<\/li>\n<\/ul>\n<\/li>\n<\/ul>\n<ul>\n<li>\n<ul>\n<li>Fakturowanie za pomoc\u0105 numeru EAN. Je\u015bli reprezentujesz instytucj\u0119 publiczn\u0105, mamy mo\u017cliwo\u015b\u0107 przes\u0142ania Ci faktury za pomoc\u0105 numeru EAN.<\/li>\n<\/ul>\n<\/li>\n<\/ul>\n<p>UWAGA! Akceptujemy karty MasterCard, Visa i MobilePay. <\/p>\n\t<h1>Nadwy\u017cka salda w momencie zamkni\u0119cia konta<\/h1>\n<p>W przypadku wybrania przedp\u0142aty lub p\u0142atno\u015bci kart\u0105 kredytow\u0105 nale\u017cy pami\u0119ta\u0107, \u017ce nadp\u0142ata nie zostanie wyp\u0142acona, je\u015bli konto zostanie p\u00f3\u017aniej dezaktywowane lub zamkni\u0119te.<\/p>\n<p>Wp\u0142acone \u015brodki s\u0105 wykorzystywane wy\u0142\u0105cznie do korzystania z wiadomo\u015bci SMS i powi\u0105zanych us\u0142ug, a wszelkie pozosta\u0142e saldo zostanie anulowane po zamkni\u0119ciu konta. Ma to zastosowanie niezale\u017cnie od tego, czy p\u0142atno\u015b\u0107 jest dokonywana jako jednorazowa przedp\u0142ata, czy bie\u017c\u0105ce do\u0142adowania za pomoc\u0105 karty kredytowej.<\/p>\n\t<h2>Drobnym drukiem<\/h2>\n<p>Pami\u0119taj, \u017ce wiadomo\u015b\u0107 SMS zawsze mo\u017ce zawiera\u0107 maksymalnie 160 znak\u00f3w \u0142\u0105cznie ze spacjami!<\/p>\n<p>Je\u015bli wiadomo\u015b\u0107 przekracza 160 znak\u00f3w, w praktyce zostanie wys\u0142ana jako osobne SMS-y i po\u0142\u0105czona w jeden d\u0142ugi tekst na telefonie odbiorcy. Jako klient b\u0119dziesz musia\u0142 zap\u0142aci\u0107 za liczb\u0119 wys\u0142anych SMS-\u00f3w, wi\u0119c d\u0142u\u017csze SMS-y b\u0119d\u0105 nieco dro\u017csze.<\/p>\n<p>W naszej aplikacji online znajduje si\u0119 licznik, dzi\u0119ki czemu zawsze mo\u017cesz sprawdzi\u0107, ile znak\u00f3w\/SMS-\u00f3w masz w trakcie pisania wiadomo\u015bci tekstowych.<\/p>\n<p>&nbsp;<\/p>\n<table>\n<thead>\n<tr>\n<th>Liczba znak\u00f3w<\/th>\n<th>Liczba wiadomo\u015bci SMS<\/th>\n<\/tr>\n<\/thead>\n<tbody>\n<tr>\n<td>0 - 160 znak\u00f3w<\/td>\n<td>1 segment<\/td>\n<\/tr>\n<tr>\n<td>161 - 306 znak\u00f3w<\/td>\n<td>2 segmenty<\/td>\n<\/tr>\n<tr>\n<td>307 - 459 znak\u00f3w<\/td>\n<td>3 segmenty<\/td>\n<\/tr>\n<tr>\n<td>460 - 612 znak\u00f3w<\/td>\n<td>4 segmenty<\/td>\n<\/tr>\n<tr>\n<td>613 - 765 znak\u00f3w<\/td>\n<td>5 segment\u00f3w<\/td>\n<\/tr>\n<tr>\n<td>766 - 918 znak\u00f3w<\/td>\n<td>6 segment\u00f3w<\/td>\n<\/tr>\n<tr>\n<td>919 - 1071 znak\u00f3w<\/td>\n<td>7 segment\u00f3w<\/td>\n<\/tr>\n<tr>\n<td>1072 - 1224 znak\u00f3w<\/td>\n<td>8 segment\u00f3w<\/td>\n<\/tr>\n<tr>\n<td>1225 - 1377 znak\u00f3w<\/td>\n<td>9 segment\u00f3w<\/td>\n<\/tr>\n<tr>\n<td>1378 - 1530 znak\u00f3w<\/td>\n<td>10 segment\u00f3w<\/td>\n<\/tr>\n<\/tbody>\n<\/table>\n<p>Je\u015bli zdecydujesz si\u0119 wys\u0142a\u0107 znaki spoza \"normalnego\" alfabetu, takie jak emotikony, tekst zostanie wys\u0142any w inny spos\u00f3b i zmniejszy liczb\u0119 znak\u00f3w, kt\u00f3re mog\u0105 znajdowa\u0107 si\u0119 w wiadomo\u015bci, zgodnie z poni\u017csz\u0105 tabel\u0105.<\/p>\n<p>&nbsp;<\/p>\n<table>\n<thead>\n<tr>\n<th>Liczba znak\u00f3w<\/th>\n<th>Liczba wiadomo\u015bci SMS<\/th>\n<\/tr>\n<\/thead>\n<tbody>\n<tr>\n<td>0 - 70 znak\u00f3w<\/td>\n<td>1 segment<\/td>\n<\/tr>\n<tr>\n<td>71 - 134 znak\u00f3w<\/td>\n<td>2 segmenty<\/td>\n<\/tr>\n<tr>\n<td>135 - 201 znak\u00f3w<\/td>\n<td>3 segmenty<\/td>\n<\/tr>\n<tr>\n<td>202 - 268 znak\u00f3w<\/td>\n<td>4 segmenty<\/td>\n<\/tr>\n<tr>\n<td>269 - 335 znak\u00f3w<\/td>\n<td>5 segment\u00f3w<\/td>\n<\/tr>\n<tr>\n<td>336 - 402 znak\u00f3w<\/td>\n<td>6 segment\u00f3w<\/td>\n<\/tr>\n<tr>\n<td>403 - 469 znak\u00f3w<\/td>\n<td>7 segment\u00f3w<\/td>\n<\/tr>\n<tr>\n<td>470 - 536 znak\u00f3w<\/td>\n<td>8 segment\u00f3w<\/td>\n<\/tr>\n<tr>\n<td>537 - 603 znak\u00f3w<\/td>\n<td>9 segment\u00f3w<\/td>\n<\/tr>\n<tr>\n<td>604 - 670 znak\u00f3w<\/td>\n<td>10 segment\u00f3w<\/td>\n<\/tr>\n<\/tbody>\n<\/table>\n<p>&nbsp;<\/p>\n<p>Nale\u017cy r\u00f3wnie\u017c pami\u0119ta\u0107, \u017ce nie ma technicznej mo\u017cliwo\u015bci wysy\u0142ania wiadomo\u015bci SMS na numery 3-, 4- lub 5-cyfrowe - tzw. kr\u00f3tkie kody z bramki Sure SMS.<\/p>","protected":false},"excerpt":{"rendered":"<p>Ceny i p\u0142atno\u015bci Skorzystaj z naszego kalkulatora cen poni\u017cej, aby dowiedzie\u0107 si\u0119, ile kosztuje miesi\u0119czne rozwi\u0105zanie SMS. P\u0142atno\u015b\u0107 Oferujemy r\u00f3\u017cne elastyczne opcje p\u0142atno\u015bci dla naszych klient\u00f3w. Konto SureSMS Gateway umo\u017cliwia zakup wiadomo\u015bci SMS za pomoc\u0105 karty kredytowej bezpo\u015brednio na naszej stronie internetowej. Otrzymasz od nas wiadomo\u015b\u0107 e-mail, gdy nadejdzie czas... <a title=\"Ceny i p\u0142atno\u015bci\" class=\"read-more\" href=\"https:\/\/suresms.com\/pl\/om-suresms\/priser-og-betaling\/\" aria-label=\"Dowiedz si\u0119 wi\u0119cej o cenach i p\u0142atno\u015bciach\">Dowiedz si\u0119 wi\u0119cej<\/a><\/p>","protected":false},"author":1,"featured_media":0,"parent":18594,"menu_order":26,"comment_status":"closed","ping_status":"closed","template":"","meta":{"_fl_builder_enabled":"1","_fl_builder_data":null,"_fl_builder_draft":null,"_fl_builder_data_settings":null,"_fl_builder_css":"","_fl_builder_css_version":"","_fl_builder_js":"","footnotes":""},"categories":[],"tags":[],"class_list":["post-1507","page","type-page","status-publish"],"yoast_head":"<!-- This site is optimized with the Yoast SEO Premium plugin v27.3 (Yoast SEO v27.3) - https:\/\/yoast.com\/product\/yoast-seo-premium-wordpress\/ -->\r\n<title>Betaling - SureSMS. Gratis faktura. SE info om betaling her!<\/title>\r\n<meta name=\"description\" content=\"Hos SureSMS har du mulighed for at v\u00e6lge forskellige betalingsformer. \u00d8nsker du en faktura sender vi selvf\u00f8lgelig GRATIS faktura til alle vore kunder.\" \/>\r\n<meta name=\"robots\" content=\"index, follow, max-snippet:-1, max-image-preview:large, max-video-preview:-1\" \/>\r\n<link rel=\"canonical\" href=\"https:\/\/suresms.com\/pl\/o-suresms\/ceny-i-platnosci\/\" \/>\r\n<meta property=\"og:locale\" content=\"pl_PL\" \/>\r\n<meta property=\"og:type\" content=\"article\" \/>\r\n<meta property=\"og:title\" content=\"Priser og betaling\" \/>\r\n<meta property=\"og:description\" content=\"Hos SureSMS har du mulighed for at v\u00e6lge forskellige betalingsformer. \u00d8nsker du en faktura sender vi selvf\u00f8lgelig GRATIS faktura til alle vore kunder.\" \/>\r\n<meta property=\"og:url\" content=\"https:\/\/suresms.com\/pl\/o-suresms\/ceny-i-platnosci\/\" \/>\r\n<meta property=\"article:publisher\" content=\"https:\/\/www.facebook.com\/p\/SureSMS-100044607956149\/\" \/>\r\n<meta property=\"article:modified_time\" content=\"2026-04-14T04:38:10+00:00\" \/>\r\n<meta name=\"twitter:card\" content=\"summary_large_image\" \/>\r\n<meta name=\"twitter:label1\" content=\"Szacowany czas czytania\" \/>\n\t<meta name=\"twitter:data1\" content=\"2 minuty\" \/>\r\n<script type=\"application\/ld+json\" class=\"yoast-schema-graph\">{\"@context\":\"https:\\\/\\\/schema.org\",\"@graph\":[{\"@type\":\"WebPage\",\"@id\":\"https:\\\/\\\/suresms.com\\\/dk\\\/om-suresms\\\/priser-og-betaling\\\/\",\"url\":\"https:\\\/\\\/suresms.com\\\/dk\\\/om-suresms\\\/priser-og-betaling\\\/\",\"name\":\"Betaling - SureSMS. Gratis faktura. SE info om betaling her!\",\"isPartOf\":{\"@id\":\"https:\\\/\\\/suresms.com\\\/en\\\/#website\"},\"datePublished\":\"2016-01-14T13:20:23+00:00\",\"dateModified\":\"2026-04-14T04:38:10+00:00\",\"description\":\"Hos SureSMS har du mulighed for at v\u00e6lge forskellige betalingsformer. \u00d8nsker du en faktura sender vi selvf\u00f8lgelig GRATIS faktura til alle vore kunder.\",\"breadcrumb\":{\"@id\":\"https:\\\/\\\/suresms.com\\\/dk\\\/om-suresms\\\/priser-og-betaling\\\/#breadcrumb\"},\"inLanguage\":\"pl-PL\",\"potentialAction\":[{\"@type\":\"ReadAction\",\"target\":[\"https:\\\/\\\/suresms.com\\\/dk\\\/om-suresms\\\/priser-og-betaling\\\/\"]}]},{\"@type\":\"BreadcrumbList\",\"@id\":\"https:\\\/\\\/suresms.com\\\/dk\\\/om-suresms\\\/priser-og-betaling\\\/#breadcrumb\",\"itemListElement\":[{\"@type\":\"ListItem\",\"position\":1,\"name\":\"Home\",\"item\":\"https:\\\/\\\/suresms.com\\\/dk\\\/\"},{\"@type\":\"ListItem\",\"position\":2,\"name\":\"Om SureSMS\",\"item\":\"https:\\\/\\\/suresms.com\\\/dk\\\/om-suresms\\\/\"},{\"@type\":\"ListItem\",\"position\":3,\"name\":\"Priser og betaling\"}]},{\"@type\":\"WebSite\",\"@id\":\"https:\\\/\\\/suresms.com\\\/en\\\/#website\",\"url\":\"https:\\\/\\\/suresms.com\\\/en\\\/\",\"name\":\"SureSMS\",\"description\":\"Professionel SMS Gateway\",\"publisher\":{\"@id\":\"https:\\\/\\\/suresms.com\\\/en\\\/#organization\"},\"potentialAction\":[{\"@type\":\"SearchAction\",\"target\":{\"@type\":\"EntryPoint\",\"urlTemplate\":\"https:\\\/\\\/suresms.com\\\/en\\\/?s={search_term_string}\"},\"query-input\":{\"@type\":\"PropertyValueSpecification\",\"valueRequired\":true,\"valueName\":\"search_term_string\"}}],\"inLanguage\":\"pl-PL\"},{\"@type\":\"Organization\",\"@id\":\"https:\\\/\\\/suresms.com\\\/en\\\/#organization\",\"name\":\"SureSMS\",\"url\":\"https:\\\/\\\/suresms.com\\\/en\\\/\",\"logo\":{\"@type\":\"ImageObject\",\"inLanguage\":\"pl-PL\",\"@id\":\"https:\\\/\\\/suresms.com\\\/en\\\/#\\\/schema\\\/logo\\\/image\\\/\",\"url\":\"https:\\\/\\\/suresms.com\\\/wp-content\\\/uploads\\\/2024\\\/11\\\/suresms-300x65-1.png\",\"contentUrl\":\"https:\\\/\\\/suresms.com\\\/wp-content\\\/uploads\\\/2024\\\/11\\\/suresms-300x65-1.png\",\"width\":300,\"height\":65,\"caption\":\"SureSMS\"},\"image\":{\"@id\":\"https:\\\/\\\/suresms.com\\\/en\\\/#\\\/schema\\\/logo\\\/image\\\/\"},\"sameAs\":[\"https:\\\/\\\/www.facebook.com\\\/p\\\/SureSMS-100044607956149\\\/\"]}]}<\/script>\r\n<!-- \/ Yoast SEO Premium plugin. -->","yoast_head_json":{"title":"P\u0142atno\u015b\u0107 - SureSMS. Bezp\u0142atna faktura. ZOBACZ informacje o p\u0142atno\u015bci tutaj!","description":"W SureSMS masz mo\u017cliwo\u015b\u0107 wyboru r\u00f3\u017cnych metod p\u0142atno\u015bci. Je\u015bli chcesz otrzyma\u0107 faktur\u0119, oczywi\u015bcie wy\u015blemy BEZP\u0141ATN\u0104 faktur\u0119 do wszystkich naszych klient\u00f3w.","robots":{"index":"index","follow":"follow","max-snippet":"max-snippet:-1","max-image-preview":"max-image-preview:large","max-video-preview":"max-video-preview:-1"},"canonical":"https:\/\/suresms.com\/pl\/o-suresms\/ceny-i-platnosci\/","og_locale":"pl_PL","og_type":"article","og_title":"Priser og betaling","og_description":"Hos SureSMS har du mulighed for at v\u00e6lge forskellige betalingsformer. \u00d8nsker du en faktura sender vi selvf\u00f8lgelig GRATIS faktura til alle vore kunder.","og_url":"https:\/\/suresms.com\/pl\/o-suresms\/ceny-i-platnosci\/","article_publisher":"https:\/\/www.facebook.com\/p\/SureSMS-100044607956149\/","article_modified_time":"2026-04-14T04:38:10+00:00","twitter_card":"summary_large_image","twitter_misc":{"Szacowany czas czytania":"2 minuty"},"schema":{"@context":"https:\/\/schema.org","@graph":[{"@type":"WebPage","@id":"https:\/\/suresms.com\/dk\/om-suresms\/priser-og-betaling\/","url":"https:\/\/suresms.com\/dk\/om-suresms\/priser-og-betaling\/","name":"P\u0142atno\u015b\u0107 - SureSMS. Bezp\u0142atna faktura. ZOBACZ informacje o p\u0142atno\u015bci tutaj!","isPartOf":{"@id":"https:\/\/suresms.com\/en\/#website"},"datePublished":"2016-01-14T13:20:23+00:00","dateModified":"2026-04-14T04:38:10+00:00","description":"W SureSMS masz mo\u017cliwo\u015b\u0107 wyboru r\u00f3\u017cnych metod p\u0142atno\u015bci. Je\u015bli chcesz otrzyma\u0107 faktur\u0119, oczywi\u015bcie wy\u015blemy BEZP\u0141ATN\u0104 faktur\u0119 do wszystkich naszych klient\u00f3w.","breadcrumb":{"@id":"https:\/\/suresms.com\/dk\/om-suresms\/priser-og-betaling\/#breadcrumb"},"inLanguage":"pl-PL","potentialAction":[{"@type":"ReadAction","target":["https:\/\/suresms.com\/dk\/om-suresms\/priser-og-betaling\/"]}]},{"@type":"BreadcrumbList","@id":"https:\/\/suresms.com\/dk\/om-suresms\/priser-og-betaling\/#breadcrumb","itemListElement":[{"@type":"ListItem","position":1,"name":"Home","item":"https:\/\/suresms.com\/dk\/"},{"@type":"ListItem","position":2,"name":"Om SureSMS","item":"https:\/\/suresms.com\/dk\/om-suresms\/"},{"@type":"ListItem","position":3,"name":"Priser og betaling"}]},{"@type":"WebSite","@id":"https:\/\/suresms.com\/en\/#website","url":"https:\/\/suresms.com\/en\/","name":"SureSMS","description":"Profesjonalna bramka SMS","publisher":{"@id":"https:\/\/suresms.com\/en\/#organization"},"potentialAction":[{"@type":"SearchAction","target":{"@type":"EntryPoint","urlTemplate":"https:\/\/suresms.com\/en\/?s={search_term_string}"},"query-input":{"@type":"PropertyValueSpecification","valueRequired":true,"valueName":"search_term_string"}}],"inLanguage":"pl-PL"},{"@type":"Organization","@id":"https:\/\/suresms.com\/en\/#organization","name":"SureSMS","url":"https:\/\/suresms.com\/en\/","logo":{"@type":"ImageObject","inLanguage":"pl-PL","@id":"https:\/\/suresms.com\/en\/#\/schema\/logo\/image\/","url":"https:\/\/suresms.com\/wp-content\/uploads\/2024\/11\/suresms-300x65-1.png","contentUrl":"https:\/\/suresms.com\/wp-content\/uploads\/2024\/11\/suresms-300x65-1.png","width":300,"height":65,"caption":"SureSMS"},"image":{"@id":"https:\/\/suresms.com\/en\/#\/schema\/logo\/image\/"},"sameAs":["https:\/\/www.facebook.com\/p\/SureSMS-100044607956149\/"]}]}},"_links":{"self":[{"href":"https:\/\/suresms.com\/pl\/wp-json\/wp\/v2\/pages\/1507","targetHints":{"allow":["GET"]}}],"collection":[{"href":"https:\/\/suresms.com\/pl\/wp-json\/wp\/v2\/pages"}],"about":[{"href":"https:\/\/suresms.com\/pl\/wp-json\/wp\/v2\/types\/page"}],"author":[{"embeddable":true,"href":"https:\/\/suresms.com\/pl\/wp-json\/wp\/v2\/users\/1"}],"replies":[{"embeddable":true,"href":"https:\/\/suresms.com\/pl\/wp-json\/wp\/v2\/comments?post=1507"}],"version-history":[{"count":15,"href":"https:\/\/suresms.com\/pl\/wp-json\/wp\/v2\/pages\/1507\/revisions"}],"predecessor-version":[{"id":23898,"href":"https:\/\/suresms.com\/pl\/wp-json\/wp\/v2\/pages\/1507\/revisions\/23898"}],"up":[{"embeddable":true,"href":"https:\/\/suresms.com\/pl\/wp-json\/wp\/v2\/pages\/18594"}],"wp:attachment":[{"href":"https:\/\/suresms.com\/pl\/wp-json\/wp\/v2\/media?parent=1507"}],"wp:term":[{"taxonomy":"category","embeddable":true,"href":"https:\/\/suresms.com\/pl\/wp-json\/wp\/v2\/categories?post=1507"},{"taxonomy":"post_tag","embeddable":true,"href":"https:\/\/suresms.com\/pl\/wp-json\/wp\/v2\/tags?post=1507"}],"curies":[{"name":"wp","href":"https:\/\/api.w.org\/{rel}","templated":true}]}}