{"id":14719,"date":"2022-03-30T07:46:17","date_gmt":"2022-03-30T05:46:17","guid":{"rendered":"https:\/\/www.suresms.com\/dk\/?page_id=14719"},"modified":"2025-01-05T00:22:26","modified_gmt":"2025-01-05T00:22:26","slug":"sms-zapier","status":"publish","type":"page","link":"https:\/\/suresms.com\/pl\/integrationer\/sms-integrationssystemer\/sms-zapier\/","title":{"rendered":"SMS Zapier"},"content":{"rendered":"\n\n\t\t\t\t<!-- Flexy Breadcrumb -->\r\n\t\t\t<div class=\"fbc fbc-page\">\r\n\r\n\t\t\t\t<!-- Breadcrumb wrapper -->\r\n\t\t\t\t<div class=\"fbc-wrap\">\r\n\r\n\t\t\t\t\t<!-- Ordered list-->\r\n\t\t\t\t\t<ol class=\"fbc-items\" itemscope itemtype=\"https:\/\/schema.org\/BreadcrumbList\">\r\n\t\t\t\t\t\t            <li itemprop=\"itemListElement\" itemscope itemtype=\"https:\/\/schema.org\/ListItem\">\r\n                <span itemprop=\"name\">\r\n                    <!-- Home Link -->\r\n                    <a itemprop=\"item\" href=\"https:\/\/suresms.com\">\r\n                    \r\n                                                    <i class=\"fa fa-home\" aria-hidden=\"true\"><\/i>Home                    <\/a>\r\n                <\/span>\r\n                <meta itemprop=\"position\" content=\"1\" \/><!-- Meta Position-->\r\n             <\/li><li><span class=\"fbc-separator\">\/<\/span><\/li><li class=\"active\" itemprop=\"itemListElement\" itemscope itemtype=\"https:\/\/schema.org\/ListItem\"><span itemprop=\"name\" title=\"SMS Zapier\">SMS Zapier<\/span><meta itemprop=\"position\" content=\"2\" \/><\/li>\t\t\t\t\t<\/ol>\r\n\t\t\t\t\t<div class=\"clearfix\"><\/div>\r\n\t\t\t\t<\/div>\r\n\t\t\t<\/div>\r\n\t\t\t\n\t<h1>Dansk SMS integration til Zapier<\/h1>\n\t\t\t\t<img loading=\"lazy\" decoding=\"async\" src=\"https:\/\/suresms.com\/wp-content\/uploads\/2023\/03\/Zapier-SureSMS-Integration-1.png\" alt=\"Zapier SureSMS SMS integration\" itemprop=\"image\" height=\"250\" width=\"1000\" title=\"Zapier-SureSMS-Integration\" onerror=\"this.style.display='none'\"  \/>\n\t<h1>Hvad er Zapier<\/h1>\n<p>Zapier er en online automatiseringsplatform, der giver dig mulighed for at forbinde forskellige apps og automatisere opgaver p\u00e5 tv\u00e6rs af dem. Med Zapier kan du oprette &#8220;Zaps&#8221;, som er automatiserede arbejdsgange, der overf\u00f8rer data og udf\u00f8rer handlinger mellem forskellige apps.<\/p>\n<p>En af de funktioner, som Zapier tilbyder, er integration med SMS-tjenester. Dette betyder, at du kan automatisere afsendelse og modtagelse af SMS-beskeder baseret p\u00e5 en bestemt handling i en anden app. For eksempel kan du ops\u00e6tte en Zap, der sender en SMS-besked til din telefon, n\u00e5r du modtager en e-mail fra en bestemt afsender.<\/p>\n<p>Zapier er en popul\u00e6r platform, der bruges af virksomheder og enkeltpersoner til at automatisere arbejdsprocesser og \u00f8ge produktiviteten. Med Zapier og SMS-integration kan du spare tid og kr\u00e6fter, samtidig med at du holder dig eller dine kunder, medlemmer, medarbejdere eller andre interessenter opdateret om vigtige beskeder og opgaver.<\/p>\n<p>Fakta: Zapier er et amerikansk firma, mens SureSMS er fra Danmark.<\/p>\n\t\t<h3>SureSMS SMS integrationen med Zapier<\/h3><p>SureSMS tilbyder integrationen til Zapier. De handlinger integrationen tilbyder er:<\/p>\n<ul> \t\n<li>Send en SMS<\/li>\n\n<li>Tilf\u00f8j kontakt<\/li>\n\n<li>Tilf\u00f8j kontakt til en gruppe<\/li>\n\n<li>Slet en kontakt<\/li>\n\n<li>Slet en kontakt fra en gruppe<\/li>\n<\/ul>\n<p>&nbsp;<\/p>\n\t\t\t\t<img loading=\"lazy\" decoding=\"async\" src=\"https:\/\/suresms.com\/wp-content\/uploads\/2023\/01\/Features-1.png\" alt=\"Features\" itemprop=\"image\" height=\"449\" width=\"1170\" title=\"Features\" onerror=\"this.style.display='none'\"  \/>\n\t<p>Zapier har over 5000 integrationer. Det betyder at du med en SureSMS forbindelse ind til Zapier f\u00e5r mulighed for at integrere med lige det system du har brug for. Det koster lidt hver gang du bruger et &#8220;Zap&#8221;, men ofte kan det v\u00e6re alle pengene v\u00e6rd.<\/p>\n<p>P\u00e5 Zapiers hjemmeside er der eksempler p\u00e5, hvordan nogle af vores kunder har brugt <a href=\"https:\/\/zapier.com\/apps\/suresms\/integrations\">Zapier til deres integration<\/a>.<\/p>\n\t\t<h3>Send SMS fra Zapier<\/h3><p>N\u00e5r du f\u00f8rst har forbundet din Zapier konto med din SureSMS konto, kan du ops\u00e6tte s\u00e5kaldte &#8220;Zaps&#8221;. Det er automatiseret opgaver der bliver udf\u00f8rt, n\u00e5r der sker noget i f.eks. dit ordresystem, p\u00e5 din webside, i dit medlemssystem eller et andet system. Eksempler p\u00e5 SMS udsendelser kan v\u00e6re:<\/p>\n<ul>\n<li>\n<ul>\n<li>N\u00e5r du modtager en vigtig e-mail fra en bestemt afsender, kan du ops\u00e6tte en Zap, der sender dig en SMS-besked med det samme, s\u00e5 du hurtigt kan reagere p\u00e5 den vigtige besked.<\/li>\n<\/ul>\n<\/li>\n<\/ul>\n<p>&nbsp;<\/p>\n<ul>\n<li>\n<ul>\n<li>N\u00e5r du modtager en bestilling eller en betaling p\u00e5 din e-handelsplatform f.eks. WooCommerce eller Shopify, kan du oprette en Zap, der sender en SMS-besked til dig, s\u00e5 du kan bekr\u00e6fte og behandle ordren hurtigt.<\/li>\n<\/ul>\n<\/li>\n<\/ul>\n<p>&nbsp;<\/p>\n<ul>\n<li>\n<ul>\n<li>N\u00e5r du har en aftale eller et m\u00f8de, kan du oprette en Zap, der sender dig en SMS-besked som p\u00e5mindelse, s\u00e5 du ikke glemmer det.<\/li>\n<\/ul>\n<\/li>\n<\/ul>\n<p>&nbsp;<\/p>\n<ul>\n<li>\n<ul>\n<li>N\u00e5r du \u00f8nsker at f\u00f8lge op p\u00e5 en bestemt opgave eller projekt, kan du ops\u00e6tte en Zap, der sender dig en daglig eller ugentlig SMS-besked med en oversigt.<\/li>\n<\/ul>\n<\/li>\n<\/ul>\n<p>&nbsp;<\/p>\n\t\t\t\t<img loading=\"lazy\" decoding=\"async\" src=\"https:\/\/suresms.com\/wp-content\/uploads\/2023\/03\/SendSMS-image-1-1.png\" alt=\"Send SMS\" itemprop=\"image\" height=\"935\" width=\"1000\" title=\"SendSMS image\" onerror=\"this.style.display='none'\"  \/>\n\t\t\t\t<img loading=\"lazy\" decoding=\"async\" src=\"https:\/\/suresms.com\/wp-content\/uploads\/2023\/03\/contact1-1.png\" alt=\"Contacts\" itemprop=\"image\" height=\"4000\" width=\"4000\" title=\"contact[1]\" onerror=\"this.style.display='none'\"  \/>\n\t\t<h3>Administrere kontakter<\/h3><p>Du kan ogs\u00e5 lave en ops\u00e6tning i Zapier (et Zap) der g\u00f8r, at kontakter tilf\u00f8jes og fjernes i SureSMS, n\u00e5r de tilf\u00f8jes eller fjernes fra lister i andre systemer.<\/p>\n<p>Det kan f.eks. v\u00e6re at kontakten tilmelder sig i Mailchimp, Klaviyo, ActiveCampaign, Drip eller et andet system. N\u00e5r det sker, kan et Zap s\u00f8rge for at kontakten ogs\u00e5 oprettes i SureSMS. Herefter kan du sende en SMS til hele listen. Vi har s\u00f8rget for, at hvis en person afmelder sig via SMS, s\u00e5 sender SureSMS ikke SMS til denne person mere.<\/p>\n<p>Muligheden for at fjerne personen fra en enkelt liste eller helt slette personen er ogs\u00e5 tilstede. Du kan dermed lave SMS udsendelser til hele sms grupperne i SureSMS og lave automatisering i SureSMS.<\/p>\n<p>Det er en fordel for dig, at den SMS gateway du forbinder til er i Danmark (eller Norge og Sverige) fordi disse gateways ofte har bedre forbindelse til de danske operat\u00f8rer.<\/p>\n\t<p>Herunder kan du bestille en vejledning i ops\u00e6tning af SMS i Zapier.<\/p>\n\n<div class=\"wpcf7 no-js\" id=\"wpcf7-f13762-o1\" lang=\"en-GB\" dir=\"ltr\" data-wpcf7-id=\"13762\">\n<div class=\"screen-reader-response\"><p role=\"status\" aria-live=\"polite\" aria-atomic=\"true\"><\/p> <ul><\/ul><\/div>\n<form action=\"\/pl\/wp-json\/wp\/v2\/pages\/14719#wpcf7-f13762-o1\" method=\"post\" class=\"wpcf7-form init\" aria-label=\"Formularz kontaktowy\" novalidate=\"novalidate\" data-status=\"init\">\n<fieldset class=\"hidden-fields-container\"><input type=\"hidden\" name=\"_wpcf7\" value=\"13762\" \/><input type=\"hidden\" name=\"_wpcf7_version\" value=\"6.1.5\" \/><input type=\"hidden\" name=\"_wpcf7_locale\" value=\"en_GB\" \/><input type=\"hidden\" name=\"_wpcf7_unit_tag\" value=\"wpcf7-f13762-o1\" \/><input type=\"hidden\" name=\"_wpcf7_container_post\" value=\"0\" \/><input type=\"hidden\" name=\"_wpcf7_posted_data_hash\" value=\"\" \/>\n<\/fieldset>\n<p><label><span class=\"wpcf7-form-control-wrap\" data-name=\"your-name\"><input size=\"40\" maxlength=\"400\" class=\"wpcf7-form-control wpcf7-text wpcf7-validates-as-required wpctf7-my-custom-class\" aria-required=\"true\" aria-invalid=\"false\" placeholder=\"Dit navn\" value=\"\" type=\"text\" name=\"your-name\" \/><\/span><\/label>\n<\/p>\n<p><span class=\"wpcf7-form-control-wrap\" data-name=\"email\"><input size=\"40\" maxlength=\"400\" class=\"wpcf7-form-control wpcf7-email wpcf7-validates-as-required wpcf7-text wpcf7-validates-as-email wpctf7-my-custom-class\" aria-required=\"true\" aria-invalid=\"false\" placeholder=\"E-mail*\" value=\"\" type=\"email\" name=\"email\" \/><\/span>\n<\/p>\n<p><div class=\"cf7-cf-turnstile\" style=\"margin-top: 0px; margin-bottom: -15px;\"> <div id=\"cf-turnstile-cf7-3197892150\" class=\"cf-turnstile\" data-sitekey=\"0x4AAAAAAB8YGArd9ML-HbMW\" data-theme=\"light\" data-language=\"auto\" data-size=\"normal\" data-retry=\"auto\" data-retry-interval=\"1000\" data-refresh-expired=\"auto\" data-action=\"contact-form-7\" data-appearance=\"always\"><\/div> <script>document.addEventListener(\"DOMContentLoaded\", function() { setTimeout(function(){ var e=document.getElementById(\"cf-turnstile-cf7-3197892150\"); e&&!e.innerHTML.trim()&&(turnstile.remove(\"#cf-turnstile-cf7-3197892150\"), turnstile.render(\"#cf-turnstile-cf7-3197892150\", {sitekey:\"0x4AAAAAAB8YGArd9ML-HbMW\"})); }, 100); });<\/script> <br class=\"cf-turnstile-br cf-turnstile-br-cf7-3197892150\"> <style>#cf-turnstile-cf7-3197892150 { margin-left: -15px; }<\/style> <script>document.addEventListener(\"DOMContentLoaded\",function(){document.querySelectorAll('.wpcf7-form').forEach(function(e){e.addEventListener('submit',function(){if(document.getElementById('cf-turnstile-cf7-3197892150')){setTimeout(function(){turnstile.reset('#cf-turnstile-cf7-3197892150');},1000)}})})});<\/script> <\/div><br\/><input class=\"wpcf7-form-control wpcf7-submit has-spinner\" type=\"submit\" value=\"Bestil vejledning\" \/>\n<\/p><div class=\"wpcf7-response-output\" aria-hidden=\"true\"><\/div>\n<\/form>\n<\/div>\n\n\n","protected":false},"excerpt":{"rendered":"<p>Du\u0144ska integracja SMS dla Zapier Co to jest Zapier Zapier to internetowa platforma automatyzacji, kt\u00f3ra pozwala \u0142\u0105czy\u0107 r\u00f3\u017cne aplikacje i automatyzowa\u0107 zadania mi\u0119dzy nimi. Za pomoc\u0105 Zapier mo\u017cna tworzy\u0107 \"zapy\", czyli zautomatyzowane przep\u0142ywy pracy, kt\u00f3re przesy\u0142aj\u0105 dane i wykonuj\u0105 dzia\u0142ania mi\u0119dzy r\u00f3\u017cnymi aplikacjami. Jedn\u0105 z funkcji oferowanych przez Zapier... <a title=\"SMS Zapier\" class=\"read-more\" href=\"https:\/\/suresms.com\/pl\/integrationer\/sms-integrationssystemer\/sms-zapier\/\" aria-label=\"Dowiedz si\u0119 wi\u0119cej o SMS Zapier\">Dowiedz si\u0119 wi\u0119cej<\/a><\/p>","protected":false},"author":1,"featured_media":0,"parent":14720,"menu_order":0,"comment_status":"closed","ping_status":"closed","template":"","meta":{"_fl_builder_enabled":"1","_fl_builder_data":null,"_fl_builder_draft":null,"_fl_builder_data_settings":null,"_fl_builder_css":"","_fl_builder_css_version":"","_fl_builder_js":"","footnotes":""},"categories":[],"tags":[],"class_list":["post-14719","page","type-page","status-publish"],"yoast_head":"<!-- This site is optimized with the Yoast SEO Premium plugin v27.3 (Yoast SEO v27.3) - https:\/\/yoast.com\/product\/yoast-seo-premium-wordpress\/ -->\r\n<title>Send SMS fra Zapier. Dansk SMS gateway integration til Zapier<\/title>\r\n<meta name=\"description\" content=\"Fuld Zapier integration til SureSMS. Send SMS, opret og slet kontakter p\u00e5 din SureSMS konto. Dansk l\u00f8sning med dansk support.\" \/>\r\n<meta name=\"robots\" content=\"index, follow, max-snippet:-1, max-image-preview:large, max-video-preview:-1\" \/>\r\n<link rel=\"canonical\" href=\"https:\/\/suresms.com\/pl\/integracje\/systemy-integracji-sms\/sms-zapier\/\" \/>\r\n<meta property=\"og:locale\" content=\"pl_PL\" \/>\r\n<meta property=\"og:type\" content=\"article\" \/>\r\n<meta property=\"og:title\" content=\"Update - SMS til Outlook Plugin Version 1.4 - SureSMS\" \/>\r\n<meta property=\"og:description\" content=\"Update - GRATIS SMS Add-in til Outlook. Send SMS til kontakter &amp; grupper - Fuld dokumentation - Gratis testkonto. Flere afsender-ID muligheder. Modtag svar p\u00e5 mobil eller i Outlook med 2-vejs L\u00f8sning. NU op til 800 tegn i beskeden.\" \/>\r\n<meta property=\"og:url\" content=\"https:\/\/suresms.com\/pl\/integracje\/systemy-integracji-sms\/sms-zapier\/\" \/>\r\n<meta property=\"article:publisher\" content=\"https:\/\/www.facebook.com\/p\/SureSMS-100044607956149\/\" \/>\r\n<meta property=\"article:modified_time\" content=\"2025-01-05T00:22:26+00:00\" \/>\r\n<meta property=\"og:image\" content=\"https:\/\/suresms.com\/wp-content\/uploads\/2016\/02\/facebook-Outlook-plugin-version-1.4-snippet-1.jpg\" \/>\r\n\t<meta property=\"og:image:width\" content=\"1200\" \/>\r\n\t<meta property=\"og:image:height\" content=\"630\" \/>\r\n\t<meta property=\"og:image:type\" content=\"image\/jpeg\" \/>\r\n<meta name=\"twitter:card\" content=\"summary_large_image\" \/>\r\n<meta name=\"twitter:title\" content=\"SMS Zapier\" \/>\r\n<meta name=\"twitter:label1\" content=\"Szacowany czas czytania\" \/>\n\t<meta name=\"twitter:data1\" content=\"4 minuty\" \/>\r\n<script type=\"application\/ld+json\" class=\"yoast-schema-graph\">{\"@context\":\"https:\\\/\\\/schema.org\",\"@graph\":[{\"@type\":\"WebPage\",\"@id\":\"https:\\\/\\\/suresms.com\\\/dk\\\/integrationer\\\/sms-integrationssystemer\\\/sms-zapier\\\/\",\"url\":\"https:\\\/\\\/suresms.com\\\/dk\\\/integrationer\\\/sms-integrationssystemer\\\/sms-zapier\\\/\",\"name\":\"Send SMS fra Zapier. Dansk SMS gateway integration til Zapier\",\"isPartOf\":{\"@id\":\"https:\\\/\\\/suresms.com\\\/en\\\/#website\"},\"primaryImageOfPage\":{\"@id\":\"https:\\\/\\\/suresms.com\\\/dk\\\/integrationer\\\/sms-integrationssystemer\\\/sms-zapier\\\/#primaryimage\"},\"image\":{\"@id\":\"https:\\\/\\\/suresms.com\\\/dk\\\/integrationer\\\/sms-integrationssystemer\\\/sms-zapier\\\/#primaryimage\"},\"thumbnailUrl\":\"https:\\\/\\\/suresms.com\\\/wp-content\\\/uploads\\\/2023\\\/03\\\/Zapier-SureSMS-Integration-1.png\",\"datePublished\":\"2022-03-30T05:46:17+00:00\",\"dateModified\":\"2025-01-05T00:22:26+00:00\",\"description\":\"Fuld Zapier integration til SureSMS. Send SMS, opret og slet kontakter p\u00e5 din SureSMS konto. Dansk l\u00f8sning med dansk support.\",\"breadcrumb\":{\"@id\":\"https:\\\/\\\/suresms.com\\\/dk\\\/integrationer\\\/sms-integrationssystemer\\\/sms-zapier\\\/#breadcrumb\"},\"inLanguage\":\"pl-PL\",\"potentialAction\":[{\"@type\":\"ReadAction\",\"target\":[\"https:\\\/\\\/suresms.com\\\/dk\\\/integrationer\\\/sms-integrationssystemer\\\/sms-zapier\\\/\"]}]},{\"@type\":\"ImageObject\",\"inLanguage\":\"pl-PL\",\"@id\":\"https:\\\/\\\/suresms.com\\\/dk\\\/integrationer\\\/sms-integrationssystemer\\\/sms-zapier\\\/#primaryimage\",\"url\":\"https:\\\/\\\/suresms.com\\\/wp-content\\\/uploads\\\/2023\\\/03\\\/Zapier-SureSMS-Integration-1.png\",\"contentUrl\":\"https:\\\/\\\/suresms.com\\\/wp-content\\\/uploads\\\/2023\\\/03\\\/Zapier-SureSMS-Integration-1.png\"},{\"@type\":\"BreadcrumbList\",\"@id\":\"https:\\\/\\\/suresms.com\\\/dk\\\/integrationer\\\/sms-integrationssystemer\\\/sms-zapier\\\/#breadcrumb\",\"itemListElement\":[{\"@type\":\"ListItem\",\"position\":1,\"name\":\"Home\",\"item\":\"https:\\\/\\\/suresms.com\\\/dk\\\/\"},{\"@type\":\"ListItem\",\"position\":2,\"name\":\"Integrationer\",\"item\":\"https:\\\/\\\/suresms.com\\\/dk\\\/integrationer\\\/\"},{\"@type\":\"ListItem\",\"position\":3,\"name\":\"SMS integration til Integrations Software\",\"item\":\"https:\\\/\\\/suresms.com\\\/dk\\\/integrationer\\\/sms-integrationssystemer\\\/\"},{\"@type\":\"ListItem\",\"position\":4,\"name\":\"SMS Zapier\"}]},{\"@type\":\"WebSite\",\"@id\":\"https:\\\/\\\/suresms.com\\\/en\\\/#website\",\"url\":\"https:\\\/\\\/suresms.com\\\/en\\\/\",\"name\":\"SureSMS\",\"description\":\"Professionel SMS Gateway\",\"publisher\":{\"@id\":\"https:\\\/\\\/suresms.com\\\/en\\\/#organization\"},\"potentialAction\":[{\"@type\":\"SearchAction\",\"target\":{\"@type\":\"EntryPoint\",\"urlTemplate\":\"https:\\\/\\\/suresms.com\\\/en\\\/?s={search_term_string}\"},\"query-input\":{\"@type\":\"PropertyValueSpecification\",\"valueRequired\":true,\"valueName\":\"search_term_string\"}}],\"inLanguage\":\"pl-PL\"},{\"@type\":\"Organization\",\"@id\":\"https:\\\/\\\/suresms.com\\\/en\\\/#organization\",\"name\":\"SureSMS\",\"url\":\"https:\\\/\\\/suresms.com\\\/en\\\/\",\"logo\":{\"@type\":\"ImageObject\",\"inLanguage\":\"pl-PL\",\"@id\":\"https:\\\/\\\/suresms.com\\\/en\\\/#\\\/schema\\\/logo\\\/image\\\/\",\"url\":\"https:\\\/\\\/suresms.com\\\/wp-content\\\/uploads\\\/2024\\\/11\\\/suresms-300x65-1.png\",\"contentUrl\":\"https:\\\/\\\/suresms.com\\\/wp-content\\\/uploads\\\/2024\\\/11\\\/suresms-300x65-1.png\",\"width\":300,\"height\":65,\"caption\":\"SureSMS\"},\"image\":{\"@id\":\"https:\\\/\\\/suresms.com\\\/en\\\/#\\\/schema\\\/logo\\\/image\\\/\"},\"sameAs\":[\"https:\\\/\\\/www.facebook.com\\\/p\\\/SureSMS-100044607956149\\\/\"]}]}<\/script>\r\n<!-- \/ Yoast SEO Premium plugin. -->","yoast_head_json":{"title":"Wysy\u0142anie SMS-\u00f3w z Zapier. Integracja du\u0144skiej bramki SMS dla Zapier","description":"Pe\u0142na integracja Zapier dla SureSMS. Wysy\u0142aj wiadomo\u015bci SMS, tw\u00f3rz i usuwaj kontakty na swoim koncie SureSMS. Du\u0144skie rozwi\u0105zanie z du\u0144skim wsparciem.","robots":{"index":"index","follow":"follow","max-snippet":"max-snippet:-1","max-image-preview":"max-image-preview:large","max-video-preview":"max-video-preview:-1"},"canonical":"https:\/\/suresms.com\/pl\/integracje\/systemy-integracji-sms\/sms-zapier\/","og_locale":"pl_PL","og_type":"article","og_title":"Update - SMS til Outlook Plugin Version 1.4 - SureSMS","og_description":"Update - GRATIS SMS Add-in til Outlook. Send SMS til kontakter & grupper - Fuld dokumentation - Gratis testkonto. Flere afsender-ID muligheder. Modtag svar p\u00e5 mobil eller i Outlook med 2-vejs L\u00f8sning. NU op til 800 tegn i beskeden.","og_url":"https:\/\/suresms.com\/pl\/integracje\/systemy-integracji-sms\/sms-zapier\/","article_publisher":"https:\/\/www.facebook.com\/p\/SureSMS-100044607956149\/","article_modified_time":"2025-01-05T00:22:26+00:00","og_image":[{"width":1200,"height":630,"url":"https:\/\/suresms.com\/wp-content\/uploads\/2016\/02\/facebook-Outlook-plugin-version-1.4-snippet-1.jpg","type":"image\/jpeg"}],"twitter_card":"summary_large_image","twitter_title":"SMS Zapier","twitter_misc":{"Szacowany czas czytania":"4 minuty"},"schema":{"@context":"https:\/\/schema.org","@graph":[{"@type":"WebPage","@id":"https:\/\/suresms.com\/dk\/integrationer\/sms-integrationssystemer\/sms-zapier\/","url":"https:\/\/suresms.com\/dk\/integrationer\/sms-integrationssystemer\/sms-zapier\/","name":"Wysy\u0142anie SMS-\u00f3w z Zapier. Integracja du\u0144skiej bramki SMS dla Zapier","isPartOf":{"@id":"https:\/\/suresms.com\/en\/#website"},"primaryImageOfPage":{"@id":"https:\/\/suresms.com\/dk\/integrationer\/sms-integrationssystemer\/sms-zapier\/#primaryimage"},"image":{"@id":"https:\/\/suresms.com\/dk\/integrationer\/sms-integrationssystemer\/sms-zapier\/#primaryimage"},"thumbnailUrl":"https:\/\/suresms.com\/wp-content\/uploads\/2023\/03\/Zapier-SureSMS-Integration-1.png","datePublished":"2022-03-30T05:46:17+00:00","dateModified":"2025-01-05T00:22:26+00:00","description":"Pe\u0142na integracja Zapier dla SureSMS. Wysy\u0142aj wiadomo\u015bci SMS, tw\u00f3rz i usuwaj kontakty na swoim koncie SureSMS. Du\u0144skie rozwi\u0105zanie z du\u0144skim wsparciem.","breadcrumb":{"@id":"https:\/\/suresms.com\/dk\/integrationer\/sms-integrationssystemer\/sms-zapier\/#breadcrumb"},"inLanguage":"pl-PL","potentialAction":[{"@type":"ReadAction","target":["https:\/\/suresms.com\/dk\/integrationer\/sms-integrationssystemer\/sms-zapier\/"]}]},{"@type":"ImageObject","inLanguage":"pl-PL","@id":"https:\/\/suresms.com\/dk\/integrationer\/sms-integrationssystemer\/sms-zapier\/#primaryimage","url":"https:\/\/suresms.com\/wp-content\/uploads\/2023\/03\/Zapier-SureSMS-Integration-1.png","contentUrl":"https:\/\/suresms.com\/wp-content\/uploads\/2023\/03\/Zapier-SureSMS-Integration-1.png"},{"@type":"BreadcrumbList","@id":"https:\/\/suresms.com\/dk\/integrationer\/sms-integrationssystemer\/sms-zapier\/#breadcrumb","itemListElement":[{"@type":"ListItem","position":1,"name":"Home","item":"https:\/\/suresms.com\/dk\/"},{"@type":"ListItem","position":2,"name":"Integrationer","item":"https:\/\/suresms.com\/dk\/integrationer\/"},{"@type":"ListItem","position":3,"name":"SMS integration til Integrations Software","item":"https:\/\/suresms.com\/dk\/integrationer\/sms-integrationssystemer\/"},{"@type":"ListItem","position":4,"name":"SMS Zapier"}]},{"@type":"WebSite","@id":"https:\/\/suresms.com\/en\/#website","url":"https:\/\/suresms.com\/en\/","name":"SureSMS","description":"Profesjonalna bramka SMS","publisher":{"@id":"https:\/\/suresms.com\/en\/#organization"},"potentialAction":[{"@type":"SearchAction","target":{"@type":"EntryPoint","urlTemplate":"https:\/\/suresms.com\/en\/?s={search_term_string}"},"query-input":{"@type":"PropertyValueSpecification","valueRequired":true,"valueName":"search_term_string"}}],"inLanguage":"pl-PL"},{"@type":"Organization","@id":"https:\/\/suresms.com\/en\/#organization","name":"SureSMS","url":"https:\/\/suresms.com\/en\/","logo":{"@type":"ImageObject","inLanguage":"pl-PL","@id":"https:\/\/suresms.com\/en\/#\/schema\/logo\/image\/","url":"https:\/\/suresms.com\/wp-content\/uploads\/2024\/11\/suresms-300x65-1.png","contentUrl":"https:\/\/suresms.com\/wp-content\/uploads\/2024\/11\/suresms-300x65-1.png","width":300,"height":65,"caption":"SureSMS"},"image":{"@id":"https:\/\/suresms.com\/en\/#\/schema\/logo\/image\/"},"sameAs":["https:\/\/www.facebook.com\/p\/SureSMS-100044607956149\/"]}]}},"_links":{"self":[{"href":"https:\/\/suresms.com\/pl\/wp-json\/wp\/v2\/pages\/14719","targetHints":{"allow":["GET"]}}],"collection":[{"href":"https:\/\/suresms.com\/pl\/wp-json\/wp\/v2\/pages"}],"about":[{"href":"https:\/\/suresms.com\/pl\/wp-json\/wp\/v2\/types\/page"}],"author":[{"embeddable":true,"href":"https:\/\/suresms.com\/pl\/wp-json\/wp\/v2\/users\/1"}],"replies":[{"embeddable":true,"href":"https:\/\/suresms.com\/pl\/wp-json\/wp\/v2\/comments?post=14719"}],"version-history":[{"count":3,"href":"https:\/\/suresms.com\/pl\/wp-json\/wp\/v2\/pages\/14719\/revisions"}],"predecessor-version":[{"id":21256,"href":"https:\/\/suresms.com\/pl\/wp-json\/wp\/v2\/pages\/14719\/revisions\/21256"}],"up":[{"embeddable":true,"href":"https:\/\/suresms.com\/pl\/wp-json\/wp\/v2\/pages\/14720"}],"wp:attachment":[{"href":"https:\/\/suresms.com\/pl\/wp-json\/wp\/v2\/media?parent=14719"}],"wp:term":[{"taxonomy":"category","embeddable":true,"href":"https:\/\/suresms.com\/pl\/wp-json\/wp\/v2\/categories?post=14719"},{"taxonomy":"post_tag","embeddable":true,"href":"https:\/\/suresms.com\/pl\/wp-json\/wp\/v2\/tags?post=14719"}],"curies":[{"name":"wp","href":"https:\/\/api.w.org\/{rel}","templated":true}]}}