{"id":1449,"date":"2015-12-14T16:52:32","date_gmt":"2015-12-14T14:52:32","guid":{"rendered":"https:\/\/www.suresms.com\/dk\/?page_id=1449"},"modified":"2025-01-10T11:01:15","modified_gmt":"2025-01-10T11:01:15","slug":"monitoring","status":"publish","type":"page","link":"https:\/\/suresms.com\/pl\/om-suresms\/overvagning\/","title":{"rendered":"Monitorowanie"},"content":{"rendered":"<!-- Flexy Breadcrumb -->\r\n\t\t\t<div class=\"fbc fbc-page\">\r\n\r\n\t\t\t\t<!-- Breadcrumb wrapper -->\r\n\t\t\t\t<div class=\"fbc-wrap\">\r\n\r\n\t\t\t\t\t<!-- Ordered list-->\r\n\t\t\t\t\t<ol class=\"fbc-items\" itemscope itemtype=\"https:\/\/schema.org\/BreadcrumbList\">\r\n\t\t\t\t\t\t            <li itemprop=\"itemListElement\" itemscope itemtype=\"https:\/\/schema.org\/ListItem\">\r\n                <span itemprop=\"name\">\r\n                    <!-- Home Link -->\r\n                    <a itemprop=\"item\" href=\"https:\/\/suresms.com\/pl\/\">\r\n                    \r\n                                                    <i class=\"fa fa-home\" aria-hidden=\"true\"><\/i>Strona g\u0142\u00f3wna                    <\/a>\r\n                <\/span>\r\n                <meta itemprop=\"position\" content=\"1\" \/><!-- Meta Position-->\r\n             <\/li><li><span class=\"fbc-separator\">\/<\/span><\/li><li class=\"active\" itemprop=\"itemListElement\" itemscope itemtype=\"https:\/\/schema.org\/ListItem\"><span itemprop=\"name\" title=\"Monitorowanie\">Monitorowanie<\/span><meta itemprop=\"position\" content=\"2\" \/><\/li>\t\t\t\t\t<\/ol>\r\n\t\t\t\t\t<div class=\"clearfix\"><\/div>\r\n\t\t\t\t<\/div>\r\n\t\t\t<\/div>\r\n\t\t\t\n\t<h1>Monitorowanie<\/h1>\n<p>Naszym priorytetem jest upewnienie si\u0119, \u017ce wiadomo\u015bci tekstowe zostan\u0105 wys\u0142ane.<\/p>\n<p>Podczas \u015bwiadczenia us\u0142ugi SMS, monitorowanie system\u00f3w jest kluczem do zapewnienia odpowiedniego czasu pracy i zapewnienia, \u017ce wiadomo\u015bci s\u0105 faktycznie wysy\u0142ane i dostarczane do klient\u00f3w. Jest zbyt wiele rzeczy, kt\u00f3re mog\u0105 p\u00f3j\u015b\u0107 \u017ale podczas wysy\u0142ania wiadomo\u015bci SMS, aby polega\u0107 wy\u0142\u0105cznie na alarmach i maszynach.<\/p>\n<h4><strong>Pe\u0142ny monitoring i zawsze pod telefonem 24\/7<\/strong><\/h4>\n<p>Mamy ponad 100 punkt\u00f3w pomiarowych w naszej sieci i infrastrukturze, kt\u00f3re s\u0105 monitorowane co minut\u0119, ale nie polegamy tylko na maszynach.<\/p>\n<p>Gdy tylko co\u015b p\u00f3jdzie nie tak, nasz kierownik operacyjny \/ dy\u017curny technik jest natychmiast informowany. Je\u015bli serwer nie wysy\u0142a lub nie odbiera danych zgodnie z przeznaczeniem, zawsze jest kto\u015b na miejscu.<\/p>\n<p>Stale monitorujemy nasze serwery! 24 godziny na dob\u0119, 7 dni w tygodniu, 365 dni w roku. Czuwamy, gdy \u015bpisz, aby zapewni\u0107 najlepszy czas pracy.<\/p>\n<p>Monitorujemy wszystkich du\u0144skich operator\u00f3w, a tak\u017ce wi\u0119kszych operator\u00f3w skandynawskich, aby zapewni\u0107 optymaln\u0105 dostaw\u0119. Oznacza to, \u017ce jeste\u015bmy w stanie rozpozna\u0107, czy kt\u00f3ry\u015b z nich nie dzia\u0142a lub z innego powodu nie dostarcza us\u0142ug. Pozwala nam to na natychmiastow\u0105 reakcj\u0119 i znalezienie rozwi\u0105zania problemu.<\/p>\n<p><strong>Zawsze jeste\u015bmy w czo\u0142\u00f3wce z najlepszym sprz\u0119tem<\/strong><\/p>\n<p>Aby zapewni\u0107 niezmiennie optymaln\u0105 dostaw\u0119, upewniamy si\u0119, \u017ce zawsze jeste\u015bmy na bie\u017c\u0105co z najnowsz\u0105 technologi\u0105. Nasz sprz\u0119t uczy si\u0119 na b\u0142\u0119dach. Po wyst\u0105pieniu b\u0142\u0119du nast\u0119pnym razem ta sama czynno\u015b\u0107 zainicjuje dzia\u0142anie naprawcze, kt\u00f3re automatycznie przywr\u00f3ci system do pe\u0142nej sprawno\u015bci.\u00a0<\/p>\n<p>Uczenie maszynowe... Maszyna ucz\u0105ca si\u0119 w akcji.<\/p>\n<h4><strong>Maksymalny czas pracy! Ponad 99,9 %<\/strong><\/h4>\n<p>W SureSMS mamy maksymalny czas dzia\u0142ania. Na wielu bran\u017cowych stronach sprzeda\u017cowych mo\u017cna przeczyta\u0107 o 99,7 % lub 100 % uptime.  W SureSMS nasz uptime wynosi ponad 99,9, ale w praktyce liczby te s\u0105 tylko zaokr\u0105gleniem.<\/p>\n<p>Dbamy o to, by nasze systemy zawsze dzia\u0142a\u0142y i by\u0142y monitorowane w celu wychwycenia wszelkich b\u0142\u0119d\u00f3w maszyn lub dostawc\u00f3w.\u00a0<\/p>\n<p>Je\u015bli telefon, na kt\u00f3ry wysy\u0142asz wiadomo\u015b\u0107, jest w\u0142\u0105czony, zapewniamy optymalne monitorowanie, aby upewni\u0107 si\u0119, \u017ce wiadomo\u015b\u0107 dotrze do odbiorcy.<\/p>\n<p>\u00a0<\/p>\n\t<h4><strong>Tutaj mo\u017cesz przeczyta\u0107 kilka przyk\u0142ad\u00f3w tego, jak nasi klienci obecnie korzystaj\u0105 z naszego hostowanego rozwi\u0105zania SIM:<\/strong><\/h4>\n<ul>\n<li><strong>Du\u0144skie przedsi\u0119biorstwo dostarczaj\u0105ce ciep\u0142o<\/strong> korzysta\u0107 z naszego hostowanego rozwi\u0105zania SIM, aby <strong>ich dzia\u0142alno\u015b\u0107 w Norwegii i Szwecji<\/strong>. Podobnie jak w Danii, ich pracownicy musz\u0105 wysy\u0142a\u0107 mieszka\u0144com przypomnienia o spotkaniach, ale poniewa\u017c s\u0105 to numery norweskie i szwedzkie, rozwi\u0105zanie dwukierunkowe powinno by\u0107 oczywi\u015bcie takie samo.<\/li>\n<li><strong>Du\u0144ska agencja reklamowa<\/strong> wysy\u0142a fizyczne listy do klient\u00f3w z ofertami. Listy te zawieraj\u0105 numer telefonu, pod kt\u00f3rym klienci mog\u0105 zapisa\u0107 si\u0119 na oferty za pomoc\u0105 S\u0141OWA KLUCZOWEGO. Numer ten jest przekazywany do telefonu klienta agencji reklamowej, aby przyszli klienci r\u00f3wnie\u017c mogli zadzwoni\u0107.<\/li>\n<li><strong>Hotel w pobli\u017cu granicy du\u0144sko-niemieckiej<\/strong> korzysta z naszego dwukierunkowego rozwi\u0105zania do komunikacji z przysz\u0142ymi i poprzednimi klientami. Poniewa\u017c w\u015br\u00f3d go\u015bci s\u0105 zar\u00f3wno Du\u0144czycy, jak i Niemcy, rozwi\u0105zanie dwukierunkowe powinno oczywi\u015bcie mie\u0107 zar\u00f3wno du\u0144ski, jak i niemiecki numer telefonu kom\u00f3rkowego.<\/li>\n<\/ul>\n\t\t<h3><a href=\"http:\/\/suresms.com\/pl\/dokumenty\/\" target=\"_self\">Odwied\u017a nasz\u0105 stron\u0119 z instrukcjami<\/a><\/h3>\n\t\t\t\t<a href=\"http:\/\/suresms.com\/pl\/dokumenty\/\" target=\"_self\" itemprop=\"url\">\n\t\t\t\t<img loading=\"lazy\" decoding=\"async\" src=\"https:\/\/suresms.com\/wp-content\/uploads\/2016\/03\/Manual-400x250-px1.jpg\" alt=\"r\u0119czna strona suresms\" itemprop=\"image\" height=\"250\" width=\"400\" title=\"Podr\u0119cznik 400x250 px\" onerror=\"this.style.display='none'\"  \/>\n\t\t\t\t<\/a>\n<p>Aby pom\u00f3c naszym klientom, zebrali\u015bmy wszystkie instrukcje i opisy na suresms.com\/docs. Tutaj mo\u017cesz zobaczy\u0107, jak dzia\u0142a nasza bramka i uzyska\u0107 proste, przyjazne dla u\u017cytkownika instrukcje dotycz\u0105ce wielu funkcji.<\/p>\n\t\t<h3><a href=\"http:\/\/developer.suresms.com\/\" target=\"_self\">developer.suresms.com<\/a><\/h3>\n\t\t\t\t<a href=\"http:\/\/developer.suresms.com\/\" target=\"_self\" itemprop=\"url\">\n\t\t\t\t<img loading=\"lazy\" decoding=\"async\" src=\"https:\/\/suresms.com\/wp-content\/uploads\/2016\/03\/developer-400x250-px.jpg\" alt=\"Strona suresms dla deweloper\u00f3w\" itemprop=\"image\" height=\"250\" width=\"400\" title=\"deweloper 400x250 px\" onerror=\"this.style.display='none'\"  \/>\n\t\t\t\t<\/a>\nSureSMS jest tworzony przez programist\u00f3w dla programist\u00f3w!<br \/>\nNa stronie developer.suresms.com zebrali\u015bmy dokumentacj\u0119 i pr\u00f3bki kodu, aby u\u0142atwi\u0107 integracj\u0119 naszej bramki z Twoim systemem.\n\t\t<h3><a href=\"https:\/\/www.youtube.com\/channel\/UC1XGC5rl9mI9ndtBVn8yq7g\" target=\"_self\">Obejrzyj nasze filmy instrukta\u017cowe!<\/a><\/h3>\n\t\t\t\t<a href=\"https:\/\/www.youtube.com\/channel\/UC1XGC5rl9mI9ndtBVn8yq7g\" target=\"_self\" itemprop=\"url\">\n\t\t\t\t<img loading=\"lazy\" decoding=\"async\" src=\"https:\/\/suresms.com\/wp-content\/uploads\/2016\/03\/you-tube400x250px.jpg\" alt=\"suresms sms gateway you tube videos\" itemprop=\"image\" height=\"250\" width=\"400\" title=\"you tube 400x250px\" onerror=\"this.style.display='none'\"  \/>\n\t\t\t\t<\/a>\n<p>Rozpoczynasz prac\u0119 z now\u0105 funkcj\u0105? A mo\u017ce po prostu chcesz dowiedzie\u0107 si\u0119 wi\u0119cej o tym, jak dzia\u0142a nasza bramka? Zebrali\u015bmy nasze filmy instrukta\u017cowe na Youtube. Gotowe!<\/p>","protected":false},"excerpt":{"rendered":"<p>Monitorowanie Upewnienie si\u0119, \u017ce wiadomo\u015bci SMS s\u0105 wysy\u0142ane jest naszym priorytetem numer jeden. Podczas \u015bwiadczenia us\u0142ugi SMS, monitorowanie system\u00f3w jest najwa\u017cniejsze, aby zapewni\u0107 odpowiedni czas pracy i upewni\u0107 si\u0119, \u017ce wiadomo\u015bci s\u0105 faktycznie wysy\u0142ane i dostarczane do klient\u00f3w. Jest zbyt wiele rzeczy, kt\u00f3re mog\u0105 p\u00f3j\u015b\u0107 \u017ale podczas wysy\u0142ania wiadomo\u015bci SMS... <a title=\"Monitorowanie\" class=\"read-more\" href=\"https:\/\/suresms.com\/pl\/om-suresms\/overvagning\/\" aria-label=\"Dowiedz si\u0119 wi\u0119cej o monitorowaniu\">Dowiedz si\u0119 wi\u0119cej<\/a><\/p>","protected":false},"author":1,"featured_media":0,"parent":18594,"menu_order":16,"comment_status":"closed","ping_status":"closed","template":"","meta":{"_fl_builder_enabled":"1","_fl_builder_data":null,"_fl_builder_draft":null,"_fl_builder_data_settings":null,"_fl_builder_css":"","_fl_builder_css_version":"","_fl_builder_js":"","footnotes":""},"categories":[],"tags":[],"class_list":["post-1449","page","type-page","status-publish"],"yoast_head":"<!-- This site is optimized with the Yoast SEO Premium plugin v27.3 (Yoast SEO v27.3) - https:\/\/yoast.com\/product\/yoast-seo-premium-wordpress\/ -->\r\n<title>SMS Overv\u00e5gning | Fuld overv\u00e5gning og altid vagt 24\/7 \u2713<\/title>\r\n<meta name=\"description\" content=\"Overv\u00e5gning af servere og alle danske operat\u00f8rer 24 \/7 . Altid teknikere p\u00e5 vagt. Vi garanterer optimal kvalitet &amp; levering . H\u00f8j oppetid p\u00e5 99,9 %.\" \/>\r\n<meta name=\"robots\" content=\"index, follow, max-snippet:-1, max-image-preview:large, max-video-preview:-1\" \/>\r\n<link rel=\"canonical\" href=\"https:\/\/suresms.com\/pl\/o-suresms\/monitoring\/\" \/>\r\n<meta property=\"og:locale\" content=\"pl_PL\" \/>\r\n<meta property=\"og:type\" content=\"article\" \/>\r\n<meta property=\"og:title\" content=\"Overv\u00e5gning\" \/>\r\n<meta property=\"og:description\" content=\"Overv\u00e5gning af servere og alle danske operat\u00f8rer 24 \/7 . Altid teknikere p\u00e5 vagt. Vi garanterer optimal kvalitet &amp; levering . H\u00f8j oppetid p\u00e5 99,9 %.\" \/>\r\n<meta property=\"og:url\" content=\"https:\/\/suresms.com\/pl\/o-suresms\/monitoring\/\" \/>\r\n<meta property=\"article:publisher\" content=\"https:\/\/www.facebook.com\/p\/SureSMS-100044607956149\/\" \/>\r\n<meta property=\"article:modified_time\" content=\"2025-01-10T11:01:15+00:00\" \/>\r\n<meta property=\"og:image\" content=\"https:\/\/suresms.com\/wp-content\/uploads\/2016\/03\/Manual-400x250-px1.jpg\" \/>\r\n<meta name=\"twitter:card\" content=\"summary_large_image\" \/>\r\n<meta name=\"twitter:label1\" content=\"Szacowany czas czytania\" \/>\n\t<meta name=\"twitter:data1\" content=\"3 minuty\" \/>\r\n<script type=\"application\/ld+json\" class=\"yoast-schema-graph\">{\"@context\":\"https:\\\/\\\/schema.org\",\"@graph\":[{\"@type\":\"WebPage\",\"@id\":\"https:\\\/\\\/suresms.com\\\/dk\\\/om-suresms\\\/overvagning\\\/\",\"url\":\"https:\\\/\\\/suresms.com\\\/dk\\\/om-suresms\\\/overvagning\\\/\",\"name\":\"SMS Overv\u00e5gning | Fuld overv\u00e5gning og altid vagt 24\\\/7 \u2713\",\"isPartOf\":{\"@id\":\"https:\\\/\\\/suresms.com\\\/en\\\/#website\"},\"primaryImageOfPage\":{\"@id\":\"https:\\\/\\\/suresms.com\\\/dk\\\/om-suresms\\\/overvagning\\\/#primaryimage\"},\"image\":{\"@id\":\"https:\\\/\\\/suresms.com\\\/dk\\\/om-suresms\\\/overvagning\\\/#primaryimage\"},\"thumbnailUrl\":\"https:\\\/\\\/suresms.com\\\/wp-content\\\/uploads\\\/2016\\\/03\\\/Manual-400x250-px1.jpg\",\"datePublished\":\"2015-12-14T14:52:32+00:00\",\"dateModified\":\"2025-01-10T11:01:15+00:00\",\"description\":\"Overv\u00e5gning af servere og alle danske operat\u00f8rer 24 \\\/7 . Altid teknikere p\u00e5 vagt. Vi garanterer optimal kvalitet & levering . H\u00f8j oppetid p\u00e5 99,9 %.\",\"breadcrumb\":{\"@id\":\"https:\\\/\\\/suresms.com\\\/dk\\\/om-suresms\\\/overvagning\\\/#breadcrumb\"},\"inLanguage\":\"pl-PL\",\"potentialAction\":[{\"@type\":\"ReadAction\",\"target\":[\"https:\\\/\\\/suresms.com\\\/dk\\\/om-suresms\\\/overvagning\\\/\"]}]},{\"@type\":\"ImageObject\",\"inLanguage\":\"pl-PL\",\"@id\":\"https:\\\/\\\/suresms.com\\\/dk\\\/om-suresms\\\/overvagning\\\/#primaryimage\",\"url\":\"https:\\\/\\\/suresms.com\\\/wp-content\\\/uploads\\\/2016\\\/03\\\/Manual-400x250-px1.jpg\",\"contentUrl\":\"https:\\\/\\\/suresms.com\\\/wp-content\\\/uploads\\\/2016\\\/03\\\/Manual-400x250-px1.jpg\"},{\"@type\":\"BreadcrumbList\",\"@id\":\"https:\\\/\\\/suresms.com\\\/dk\\\/om-suresms\\\/overvagning\\\/#breadcrumb\",\"itemListElement\":[{\"@type\":\"ListItem\",\"position\":1,\"name\":\"Home\",\"item\":\"https:\\\/\\\/suresms.com\\\/dk\\\/\"},{\"@type\":\"ListItem\",\"position\":2,\"name\":\"Om SureSMS\",\"item\":\"https:\\\/\\\/suresms.com\\\/dk\\\/om-suresms\\\/\"},{\"@type\":\"ListItem\",\"position\":3,\"name\":\"Overv\u00e5gning\"}]},{\"@type\":\"WebSite\",\"@id\":\"https:\\\/\\\/suresms.com\\\/en\\\/#website\",\"url\":\"https:\\\/\\\/suresms.com\\\/en\\\/\",\"name\":\"SureSMS\",\"description\":\"Professionel SMS Gateway\",\"publisher\":{\"@id\":\"https:\\\/\\\/suresms.com\\\/en\\\/#organization\"},\"potentialAction\":[{\"@type\":\"SearchAction\",\"target\":{\"@type\":\"EntryPoint\",\"urlTemplate\":\"https:\\\/\\\/suresms.com\\\/en\\\/?s={search_term_string}\"},\"query-input\":{\"@type\":\"PropertyValueSpecification\",\"valueRequired\":true,\"valueName\":\"search_term_string\"}}],\"inLanguage\":\"pl-PL\"},{\"@type\":\"Organization\",\"@id\":\"https:\\\/\\\/suresms.com\\\/en\\\/#organization\",\"name\":\"SureSMS\",\"url\":\"https:\\\/\\\/suresms.com\\\/en\\\/\",\"logo\":{\"@type\":\"ImageObject\",\"inLanguage\":\"pl-PL\",\"@id\":\"https:\\\/\\\/suresms.com\\\/en\\\/#\\\/schema\\\/logo\\\/image\\\/\",\"url\":\"https:\\\/\\\/suresms.com\\\/wp-content\\\/uploads\\\/2024\\\/11\\\/suresms-300x65-1.png\",\"contentUrl\":\"https:\\\/\\\/suresms.com\\\/wp-content\\\/uploads\\\/2024\\\/11\\\/suresms-300x65-1.png\",\"width\":300,\"height\":65,\"caption\":\"SureSMS\"},\"image\":{\"@id\":\"https:\\\/\\\/suresms.com\\\/en\\\/#\\\/schema\\\/logo\\\/image\\\/\"},\"sameAs\":[\"https:\\\/\\\/www.facebook.com\\\/p\\\/SureSMS-100044607956149\\\/\"]}]}<\/script>\r\n<!-- \/ Yoast SEO Premium plugin. -->","yoast_head_json":{"title":"Monitorowanie SMS | Pe\u0142ny monitoring i zawsze pod telefonem 24\/7 \u2713","description":"Monitorowanie serwer\u00f3w i wszystkich du\u0144skich operator\u00f3w 24\/7. Zawsze dy\u017curuj\u0105cy technicy. Gwarantujemy optymaln\u0105 jako\u015b\u0107 i dostaw\u0119. 99,9 % wysoki czas pracy.","robots":{"index":"index","follow":"follow","max-snippet":"max-snippet:-1","max-image-preview":"max-image-preview:large","max-video-preview":"max-video-preview:-1"},"canonical":"https:\/\/suresms.com\/pl\/o-suresms\/monitoring\/","og_locale":"pl_PL","og_type":"article","og_title":"Overv\u00e5gning","og_description":"Overv\u00e5gning af servere og alle danske operat\u00f8rer 24 \/7 . Altid teknikere p\u00e5 vagt. Vi garanterer optimal kvalitet & levering . H\u00f8j oppetid p\u00e5 99,9 %.","og_url":"https:\/\/suresms.com\/pl\/o-suresms\/monitoring\/","article_publisher":"https:\/\/www.facebook.com\/p\/SureSMS-100044607956149\/","article_modified_time":"2025-01-10T11:01:15+00:00","og_image":[{"url":"https:\/\/suresms.com\/wp-content\/uploads\/2016\/03\/Manual-400x250-px1.jpg","type":"","width":"","height":""}],"twitter_card":"summary_large_image","twitter_misc":{"Szacowany czas czytania":"3 minuty"},"schema":{"@context":"https:\/\/schema.org","@graph":[{"@type":"WebPage","@id":"https:\/\/suresms.com\/dk\/om-suresms\/overvagning\/","url":"https:\/\/suresms.com\/dk\/om-suresms\/overvagning\/","name":"Monitorowanie SMS | Pe\u0142ny monitoring i zawsze pod telefonem 24\/7 \u2713","isPartOf":{"@id":"https:\/\/suresms.com\/en\/#website"},"primaryImageOfPage":{"@id":"https:\/\/suresms.com\/dk\/om-suresms\/overvagning\/#primaryimage"},"image":{"@id":"https:\/\/suresms.com\/dk\/om-suresms\/overvagning\/#primaryimage"},"thumbnailUrl":"https:\/\/suresms.com\/wp-content\/uploads\/2016\/03\/Manual-400x250-px1.jpg","datePublished":"2015-12-14T14:52:32+00:00","dateModified":"2025-01-10T11:01:15+00:00","description":"Monitorowanie serwer\u00f3w i wszystkich du\u0144skich operator\u00f3w 24\/7. Zawsze dy\u017curuj\u0105cy technicy. Gwarantujemy optymaln\u0105 jako\u015b\u0107 i dostaw\u0119. 99,9 % wysoki czas pracy.","breadcrumb":{"@id":"https:\/\/suresms.com\/dk\/om-suresms\/overvagning\/#breadcrumb"},"inLanguage":"pl-PL","potentialAction":[{"@type":"ReadAction","target":["https:\/\/suresms.com\/dk\/om-suresms\/overvagning\/"]}]},{"@type":"ImageObject","inLanguage":"pl-PL","@id":"https:\/\/suresms.com\/dk\/om-suresms\/overvagning\/#primaryimage","url":"https:\/\/suresms.com\/wp-content\/uploads\/2016\/03\/Manual-400x250-px1.jpg","contentUrl":"https:\/\/suresms.com\/wp-content\/uploads\/2016\/03\/Manual-400x250-px1.jpg"},{"@type":"BreadcrumbList","@id":"https:\/\/suresms.com\/dk\/om-suresms\/overvagning\/#breadcrumb","itemListElement":[{"@type":"ListItem","position":1,"name":"Home","item":"https:\/\/suresms.com\/dk\/"},{"@type":"ListItem","position":2,"name":"Om SureSMS","item":"https:\/\/suresms.com\/dk\/om-suresms\/"},{"@type":"ListItem","position":3,"name":"Overv\u00e5gning"}]},{"@type":"WebSite","@id":"https:\/\/suresms.com\/en\/#website","url":"https:\/\/suresms.com\/en\/","name":"SureSMS","description":"Profesjonalna bramka SMS","publisher":{"@id":"https:\/\/suresms.com\/en\/#organization"},"potentialAction":[{"@type":"SearchAction","target":{"@type":"EntryPoint","urlTemplate":"https:\/\/suresms.com\/en\/?s={search_term_string}"},"query-input":{"@type":"PropertyValueSpecification","valueRequired":true,"valueName":"search_term_string"}}],"inLanguage":"pl-PL"},{"@type":"Organization","@id":"https:\/\/suresms.com\/en\/#organization","name":"SureSMS","url":"https:\/\/suresms.com\/en\/","logo":{"@type":"ImageObject","inLanguage":"pl-PL","@id":"https:\/\/suresms.com\/en\/#\/schema\/logo\/image\/","url":"https:\/\/suresms.com\/wp-content\/uploads\/2024\/11\/suresms-300x65-1.png","contentUrl":"https:\/\/suresms.com\/wp-content\/uploads\/2024\/11\/suresms-300x65-1.png","width":300,"height":65,"caption":"SureSMS"},"image":{"@id":"https:\/\/suresms.com\/en\/#\/schema\/logo\/image\/"},"sameAs":["https:\/\/www.facebook.com\/p\/SureSMS-100044607956149\/"]}]}},"_links":{"self":[{"href":"https:\/\/suresms.com\/pl\/wp-json\/wp\/v2\/pages\/1449","targetHints":{"allow":["GET"]}}],"collection":[{"href":"https:\/\/suresms.com\/pl\/wp-json\/wp\/v2\/pages"}],"about":[{"href":"https:\/\/suresms.com\/pl\/wp-json\/wp\/v2\/types\/page"}],"author":[{"embeddable":true,"href":"https:\/\/suresms.com\/pl\/wp-json\/wp\/v2\/users\/1"}],"replies":[{"embeddable":true,"href":"https:\/\/suresms.com\/pl\/wp-json\/wp\/v2\/comments?post=1449"}],"version-history":[{"count":7,"href":"https:\/\/suresms.com\/pl\/wp-json\/wp\/v2\/pages\/1449\/revisions"}],"predecessor-version":[{"id":21406,"href":"https:\/\/suresms.com\/pl\/wp-json\/wp\/v2\/pages\/1449\/revisions\/21406"}],"up":[{"embeddable":true,"href":"https:\/\/suresms.com\/pl\/wp-json\/wp\/v2\/pages\/18594"}],"wp:attachment":[{"href":"https:\/\/suresms.com\/pl\/wp-json\/wp\/v2\/media?parent=1449"}],"wp:term":[{"taxonomy":"category","embeddable":true,"href":"https:\/\/suresms.com\/pl\/wp-json\/wp\/v2\/categories?post=1449"},{"taxonomy":"post_tag","embeddable":true,"href":"https:\/\/suresms.com\/pl\/wp-json\/wp\/v2\/tags?post=1449"}],"curies":[{"name":"wp","href":"https:\/\/api.w.org\/{rel}","templated":true}]}}