{"id":14437,"date":"2022-02-16T13:45:49","date_gmt":"2022-02-16T11:45:49","guid":{"rendered":"https:\/\/www.suresms.com\/dk\/?page_id=14437"},"modified":"2025-01-05T00:00:36","modified_gmt":"2025-01-05T00:00:36","slug":"cms-system-zarzadzania-trescia-integracja-sms","status":"publish","type":"page","link":"https:\/\/suresms.com\/pl\/integrationer\/cms-content-management-system-sms-integration\/","title":{"rendered":"Integracja SMS z systemami zarz\u0105dzania tre\u015bci\u0105 (CMS)"},"content":{"rendered":"<!-- Flexy Breadcrumb -->\r\n\t\t\t<div class=\"fbc fbc-page\">\r\n\r\n\t\t\t\t<!-- Breadcrumb wrapper -->\r\n\t\t\t\t<div class=\"fbc-wrap\">\r\n\r\n\t\t\t\t\t<!-- Ordered list-->\r\n\t\t\t\t\t<ol class=\"fbc-items\" itemscope itemtype=\"https:\/\/schema.org\/BreadcrumbList\">\r\n\t\t\t\t\t\t            <li itemprop=\"itemListElement\" itemscope itemtype=\"https:\/\/schema.org\/ListItem\">\r\n                <span itemprop=\"name\">\r\n                    <!-- Home Link -->\r\n                    <a itemprop=\"item\" href=\"https:\/\/suresms.com\/pl\/\">\r\n                    \r\n                                                    <i class=\"fa fa-home\" aria-hidden=\"true\"><\/i>Strona g\u0142\u00f3wna                    <\/a>\r\n                <\/span>\r\n                <meta itemprop=\"position\" content=\"1\" \/><!-- Meta Position-->\r\n             <\/li><li><span class=\"fbc-separator\">\/<\/span><\/li><li class=\"active\" itemprop=\"itemListElement\" itemscope itemtype=\"https:\/\/schema.org\/ListItem\"><span itemprop=\"name\" title=\"Integracja SMS z systemami zarz\u0105dzania tre\u015bci\u0105 (CMS)\">Integracja SMS dla tre\u015bci...<\/span><meta itemprop=\"position\" content=\"2\" \/><\/li>\t\t\t\t\t<\/ol>\r\n\t\t\t\t\t<div class=\"clearfix\"><\/div>\r\n\t\t\t\t<\/div>\r\n\t\t\t<\/div>\r\n\t\t\t\n\t\t<h1><strong>Integracja SMS dla system\u00f3w zarz\u0105dzania tre\u015bci\u0105 (CMS)<\/strong><\/h1>\n\t\t\t\t<img loading=\"lazy\" decoding=\"async\" src=\"https:\/\/suresms.com\/wp-content\/uploads\/2022\/02\/ContentManagementSystem-1.png\" alt=\"ContentManagementSystem\" itemprop=\"image\" height=\"440\" width=\"1109\" title=\"ContentManagementSystem\" onerror=\"this.style.display='none'\"  \/>\n\t<h3>Dzi\u0119ki integracji SMS z systemem zarz\u0105dzania tre\u015bci\u0105 lub systemem CMS mo\u017cna szybko i skutecznie komunikowa\u0107 si\u0119 z klientami i pracownikami.<\/h3>\n\t\t<h3>SMS w systemach CMS<\/h3><p>Istnieje wiele mo\u017cliwo\u015bci po\u0142\u0105czenia systemu CMS z bramk\u0105 SMS. Mo\u017cesz chcie\u0107 wysy\u0142a\u0107 powiadomienia do administrator\u00f3w o rejestracji nowych u\u017cytkownik\u00f3w, o nowych komentarzach do tre\u015bci, o logowaniu si\u0119 u\u017cytkownik\u00f3w do CMS. Mo\u017cesz tak\u017ce zintegrowa\u0107 si\u0119 np. z Contact Form 7, WooCommerce i Easy Digital Downloads, aby otrzymywa\u0107 SMS-y, gdy kto\u015b pobierze materia\u0142.<\/p>\n<p>Istnieje r\u00f3wnie\u017c oczywista opcja dla odwiedzaj\u0105cych witryn\u0119, aby zapisa\u0107 si\u0119 do biuletyn\u00f3w SMS i otrzymywa\u0107 kody aktywacyjne przez SMS.<\/p>\n<p>Integracja z SMS w systemie CMS wymaga posiadania wtyczki do systemu CMS, takiego jak WordPress lub Joomla, oraz dost\u0119pu do bramki SMS. SureSMS jest tak\u0105 bramk\u0105.<\/p>\n<p>Na tej stronie znajduje si\u0119 lista wtyczek do r\u00f3\u017cnych system\u00f3w CMS, kt\u00f3re obs\u0142uguj\u0105 SureSMS jako bramk\u0119. Zanim b\u0119dziesz m\u00f3g\u0142 j\u0105 skonfigurowa\u0107, mo\u017cesz zam\u00f3wi\u0107 bezp\u0142atne konto pr\u00f3bne SureSMS, aby sprawdzi\u0107, czy wtyczka i SureSMS razem mog\u0105 rozwi\u0105za\u0107 Twoje konkretne zadanie.<\/p>\n\t<p>Poni\u017cej mo\u017cesz zobaczy\u0107 niekt\u00f3re z integracji, kt\u00f3re ju\u017c istniej\u0105 mi\u0119dzy SureSMS i systemami CMS.<\/p>\n\t\t\t\t<a href=\"https:\/\/suresms.com\/pl\/integracje\/cms-system-zarzadzania-trescia-integracja-sms\/integracja-sms-z-wordpress\/\" target=\"_self\" itemprop=\"url\">\n\t\t\t\t<img loading=\"lazy\" decoding=\"async\" src=\"https:\/\/suresms.com\/wp-content\/uploads\/2022\/02\/WpSMS-SureSMS-1-1.png\" alt=\"SMS WordPress z WP-SMS\" itemprop=\"image\" height=\"460\" width=\"1281\" title=\"WpSMS-SureSMS\" onerror=\"this.style.display='none'\"  \/>\n\t\t\t\t<\/a>\n<h3><a href=\"https:\/\/suresms.com\/pl\/integracje\/cms-system-zarzadzania-trescia-integracja-sms\/integracja-sms-z-wordpress\/\" target=\"_self\">WP-SMS<\/a><\/h3><p>WP-SMS to darmowa wtyczka WordPress online, kt\u00f3ra daje wiele mo\u017cliwo\u015bci integracji SMS-\u00f3w w witrynie. Listy SMS, integracja z WooCommerce, ContactForm7, BuddyPress i wiele innych.<\/p>\n\t\t<h3><a href=\"https:\/\/suresms.com\/pl\/integracje\/cms-system-zarzadzania-trescia-integracja-sms\/rozwiazanie-joomla-sms\/\" target=\"_self\">Joomla<\/a><\/h3><p>SureSMS zosta\u0142 wybrany jako jedna ze standardowych bramek SMS, kt\u00f3rych Acyba u\u017cywa w swoim rozwi\u0105zaniu AcySMS.<\/p>\n<p>AcySMS jest darmowym rozszerzeniem dla Joomla. Rozszerzenie jest w pe\u0142ni zintegrowane z witryn\u0105 Joomla i umo\u017cliwia tworzenie kampanii uzupe\u0142niaj\u0105cych, autoresponder\u00f3w, biuletyn\u00f3w, reklam, promocji, ofert i autoresponder\u00f3w .... za po\u015brednictwem wiadomo\u015bci SMS.<\/p>","protected":false},"excerpt":{"rendered":"<p>Integracja SMS dla system\u00f3w zarz\u0105dzania tre\u015bci\u0105 (CMS) Dzi\u0119ki integracji SMS z systemem zarz\u0105dzania tre\u015bci\u0105 lub systemem CMS mo\u017cesz szybko i skutecznie komunikowa\u0107 si\u0119 z klientami i pracownikami. SMS w systemach CMS Istnieje wiele mo\u017cliwo\u015bci po\u0142\u0105czenia systemu CMS z bramk\u0105 SMS. Na przyk\u0142ad, mo\u017cesz chcie\u0107 wysy\u0142a\u0107 powiadomienia do ... <a title=\"Integracja SMS z systemami zarz\u0105dzania tre\u015bci\u0105 (CMS)\" class=\"read-more\" href=\"https:\/\/suresms.com\/pl\/integrationer\/cms-content-management-system-sms-integration\/\" aria-label=\"Dowiedz si\u0119 wi\u0119cej o integracji SMS z systemami zarz\u0105dzania tre\u015bci\u0105 (CMS)\">Dowiedz si\u0119 wi\u0119cej<\/a><\/p>","protected":false},"author":1,"featured_media":0,"parent":9400,"menu_order":1,"comment_status":"closed","ping_status":"closed","template":"","meta":{"_fl_builder_enabled":"1","_fl_builder_data":null,"_fl_builder_draft":null,"_fl_builder_data_settings":null,"_fl_builder_css":"","_fl_builder_css_version":"","_fl_builder_js":"","footnotes":""},"categories":[],"tags":[],"class_list":["post-14437","page","type-page","status-publish"],"yoast_head":"<!-- This site is optimized with the Yoast SEO Premium plugin v27.3 (Yoast SEO v27.3) - https:\/\/yoast.com\/product\/yoast-seo-premium-wordpress\/ -->\r\n<title>SMS integration til Content Management Systemer (CMS systemer) - SMS integrationer til 2000+ systemer<\/title>\r\n<meta name=\"description\" content=\"SMS integrationer med 2000+ systemer. Mange forskellige muligheder og gratis ops\u00e6tning. API, webservice, JSON og meget mere\" \/>\r\n<meta name=\"robots\" content=\"index, follow, max-snippet:-1, max-image-preview:large, max-video-preview:-1\" \/>\r\n<link rel=\"canonical\" href=\"https:\/\/suresms.com\/pl\/integracje\/cms-system-zarzadzania-trescia-integracja-sms\/\" \/>\r\n<meta property=\"og:locale\" content=\"pl_PL\" \/>\r\n<meta property=\"og:type\" content=\"article\" \/>\r\n<meta property=\"og:title\" content=\"SMS integration til Content Management Systemer (CMS systemer)\" \/>\r\n<meta property=\"og:description\" content=\"SMS integrationer med 2000+ systemer. Mange forskellige muligheder og gratis ops\u00e6tning. API, webservice, JSON og meget mere\" \/>\r\n<meta property=\"og:url\" content=\"https:\/\/suresms.com\/pl\/integracje\/cms-system-zarzadzania-trescia-integracja-sms\/\" \/>\r\n<meta property=\"article:publisher\" content=\"https:\/\/www.facebook.com\/p\/SureSMS-100044607956149\/\" \/>\r\n<meta property=\"article:modified_time\" content=\"2025-01-05T00:00:36+00:00\" \/>\r\n<meta property=\"og:image\" content=\"https:\/\/suresms.com\/wp-content\/uploads\/2022\/02\/ContentManagementSystem-1.png\" \/>\r\n<meta name=\"twitter:card\" content=\"summary_large_image\" \/>\r\n<meta name=\"twitter:label1\" content=\"Szacowany czas czytania\" \/>\n\t<meta name=\"twitter:data1\" content=\"6 minut\" \/>\r\n<script type=\"application\/ld+json\" class=\"yoast-schema-graph\">{\"@context\":\"https:\\\/\\\/schema.org\",\"@graph\":[{\"@type\":\"WebPage\",\"@id\":\"https:\\\/\\\/suresms.com\\\/dk\\\/integrationer\\\/cms-content-management-system-sms-integration\\\/\",\"url\":\"https:\\\/\\\/suresms.com\\\/dk\\\/integrationer\\\/cms-content-management-system-sms-integration\\\/\",\"name\":\"SMS integration til Content Management Systemer (CMS systemer) - SMS integrationer til 2000+ systemer\",\"isPartOf\":{\"@id\":\"https:\\\/\\\/suresms.com\\\/en\\\/#website\"},\"primaryImageOfPage\":{\"@id\":\"https:\\\/\\\/suresms.com\\\/dk\\\/integrationer\\\/cms-content-management-system-sms-integration\\\/#primaryimage\"},\"image\":{\"@id\":\"https:\\\/\\\/suresms.com\\\/dk\\\/integrationer\\\/cms-content-management-system-sms-integration\\\/#primaryimage\"},\"thumbnailUrl\":\"https:\\\/\\\/suresms.com\\\/wp-content\\\/uploads\\\/2022\\\/02\\\/ContentManagementSystem-1.png\",\"datePublished\":\"2022-02-16T11:45:49+00:00\",\"dateModified\":\"2025-01-05T00:00:36+00:00\",\"description\":\"SMS integrationer med 2000+ systemer. Mange forskellige muligheder og gratis ops\u00e6tning. API, webservice, JSON og meget mere\",\"breadcrumb\":{\"@id\":\"https:\\\/\\\/suresms.com\\\/dk\\\/integrationer\\\/cms-content-management-system-sms-integration\\\/#breadcrumb\"},\"inLanguage\":\"pl-PL\",\"potentialAction\":[{\"@type\":\"ReadAction\",\"target\":[\"https:\\\/\\\/suresms.com\\\/dk\\\/integrationer\\\/cms-content-management-system-sms-integration\\\/\"]}]},{\"@type\":\"ImageObject\",\"inLanguage\":\"pl-PL\",\"@id\":\"https:\\\/\\\/suresms.com\\\/dk\\\/integrationer\\\/cms-content-management-system-sms-integration\\\/#primaryimage\",\"url\":\"https:\\\/\\\/suresms.com\\\/wp-content\\\/uploads\\\/2022\\\/02\\\/ContentManagementSystem-1.png\",\"contentUrl\":\"https:\\\/\\\/suresms.com\\\/wp-content\\\/uploads\\\/2022\\\/02\\\/ContentManagementSystem-1.png\"},{\"@type\":\"BreadcrumbList\",\"@id\":\"https:\\\/\\\/suresms.com\\\/dk\\\/integrationer\\\/cms-content-management-system-sms-integration\\\/#breadcrumb\",\"itemListElement\":[{\"@type\":\"ListItem\",\"position\":1,\"name\":\"Home\",\"item\":\"https:\\\/\\\/suresms.com\\\/dk\\\/\"},{\"@type\":\"ListItem\",\"position\":2,\"name\":\"Integrationer\",\"item\":\"https:\\\/\\\/suresms.com\\\/dk\\\/integrationer\\\/\"},{\"@type\":\"ListItem\",\"position\":3,\"name\":\"SMS integration til Content Management Systemer (CMS systemer)\"}]},{\"@type\":\"WebSite\",\"@id\":\"https:\\\/\\\/suresms.com\\\/en\\\/#website\",\"url\":\"https:\\\/\\\/suresms.com\\\/en\\\/\",\"name\":\"SureSMS\",\"description\":\"Professionel SMS Gateway\",\"publisher\":{\"@id\":\"https:\\\/\\\/suresms.com\\\/en\\\/#organization\"},\"potentialAction\":[{\"@type\":\"SearchAction\",\"target\":{\"@type\":\"EntryPoint\",\"urlTemplate\":\"https:\\\/\\\/suresms.com\\\/en\\\/?s={search_term_string}\"},\"query-input\":{\"@type\":\"PropertyValueSpecification\",\"valueRequired\":true,\"valueName\":\"search_term_string\"}}],\"inLanguage\":\"pl-PL\"},{\"@type\":\"Organization\",\"@id\":\"https:\\\/\\\/suresms.com\\\/en\\\/#organization\",\"name\":\"SureSMS\",\"url\":\"https:\\\/\\\/suresms.com\\\/en\\\/\",\"logo\":{\"@type\":\"ImageObject\",\"inLanguage\":\"pl-PL\",\"@id\":\"https:\\\/\\\/suresms.com\\\/en\\\/#\\\/schema\\\/logo\\\/image\\\/\",\"url\":\"https:\\\/\\\/suresms.com\\\/wp-content\\\/uploads\\\/2024\\\/11\\\/suresms-300x65-1.png\",\"contentUrl\":\"https:\\\/\\\/suresms.com\\\/wp-content\\\/uploads\\\/2024\\\/11\\\/suresms-300x65-1.png\",\"width\":300,\"height\":65,\"caption\":\"SureSMS\"},\"image\":{\"@id\":\"https:\\\/\\\/suresms.com\\\/en\\\/#\\\/schema\\\/logo\\\/image\\\/\"},\"sameAs\":[\"https:\\\/\\\/www.facebook.com\\\/p\\\/SureSMS-100044607956149\\\/\"]}]}<\/script>\r\n<!-- \/ Yoast SEO Premium plugin. -->","yoast_head_json":{"title":"Integracja SMS dla system\u00f3w zarz\u0105dzania tre\u015bci\u0105 (CMS) - Integracje SMS dla ponad 2000 system\u00f3w","description":"Integracja SMS z ponad 2000 system\u00f3w. Wiele r\u00f3\u017cnych opcji i bezp\u0142atna konfiguracja. API, us\u0142uga sieciowa, JSON i wiele wi\u0119cej","robots":{"index":"index","follow":"follow","max-snippet":"max-snippet:-1","max-image-preview":"max-image-preview:large","max-video-preview":"max-video-preview:-1"},"canonical":"https:\/\/suresms.com\/pl\/integracje\/cms-system-zarzadzania-trescia-integracja-sms\/","og_locale":"pl_PL","og_type":"article","og_title":"SMS integration til Content Management Systemer (CMS systemer)","og_description":"SMS integrationer med 2000+ systemer. Mange forskellige muligheder og gratis ops\u00e6tning. API, webservice, JSON og meget mere","og_url":"https:\/\/suresms.com\/pl\/integracje\/cms-system-zarzadzania-trescia-integracja-sms\/","article_publisher":"https:\/\/www.facebook.com\/p\/SureSMS-100044607956149\/","article_modified_time":"2025-01-05T00:00:36+00:00","og_image":[{"url":"https:\/\/suresms.com\/wp-content\/uploads\/2022\/02\/ContentManagementSystem-1.png","type":"","width":"","height":""}],"twitter_card":"summary_large_image","twitter_misc":{"Szacowany czas czytania":"6 minut"},"schema":{"@context":"https:\/\/schema.org","@graph":[{"@type":"WebPage","@id":"https:\/\/suresms.com\/dk\/integrationer\/cms-content-management-system-sms-integration\/","url":"https:\/\/suresms.com\/dk\/integrationer\/cms-content-management-system-sms-integration\/","name":"Integracja SMS dla system\u00f3w zarz\u0105dzania tre\u015bci\u0105 (CMS) - Integracje SMS dla ponad 2000 system\u00f3w","isPartOf":{"@id":"https:\/\/suresms.com\/en\/#website"},"primaryImageOfPage":{"@id":"https:\/\/suresms.com\/dk\/integrationer\/cms-content-management-system-sms-integration\/#primaryimage"},"image":{"@id":"https:\/\/suresms.com\/dk\/integrationer\/cms-content-management-system-sms-integration\/#primaryimage"},"thumbnailUrl":"https:\/\/suresms.com\/wp-content\/uploads\/2022\/02\/ContentManagementSystem-1.png","datePublished":"2022-02-16T11:45:49+00:00","dateModified":"2025-01-05T00:00:36+00:00","description":"Integracja SMS z ponad 2000 system\u00f3w. Wiele r\u00f3\u017cnych opcji i bezp\u0142atna konfiguracja. API, us\u0142uga sieciowa, JSON i wiele wi\u0119cej","breadcrumb":{"@id":"https:\/\/suresms.com\/dk\/integrationer\/cms-content-management-system-sms-integration\/#breadcrumb"},"inLanguage":"pl-PL","potentialAction":[{"@type":"ReadAction","target":["https:\/\/suresms.com\/dk\/integrationer\/cms-content-management-system-sms-integration\/"]}]},{"@type":"ImageObject","inLanguage":"pl-PL","@id":"https:\/\/suresms.com\/dk\/integrationer\/cms-content-management-system-sms-integration\/#primaryimage","url":"https:\/\/suresms.com\/wp-content\/uploads\/2022\/02\/ContentManagementSystem-1.png","contentUrl":"https:\/\/suresms.com\/wp-content\/uploads\/2022\/02\/ContentManagementSystem-1.png"},{"@type":"BreadcrumbList","@id":"https:\/\/suresms.com\/dk\/integrationer\/cms-content-management-system-sms-integration\/#breadcrumb","itemListElement":[{"@type":"ListItem","position":1,"name":"Home","item":"https:\/\/suresms.com\/dk\/"},{"@type":"ListItem","position":2,"name":"Integrationer","item":"https:\/\/suresms.com\/dk\/integrationer\/"},{"@type":"ListItem","position":3,"name":"SMS integration til Content Management Systemer (CMS systemer)"}]},{"@type":"WebSite","@id":"https:\/\/suresms.com\/en\/#website","url":"https:\/\/suresms.com\/en\/","name":"SureSMS","description":"Profesjonalna bramka SMS","publisher":{"@id":"https:\/\/suresms.com\/en\/#organization"},"potentialAction":[{"@type":"SearchAction","target":{"@type":"EntryPoint","urlTemplate":"https:\/\/suresms.com\/en\/?s={search_term_string}"},"query-input":{"@type":"PropertyValueSpecification","valueRequired":true,"valueName":"search_term_string"}}],"inLanguage":"pl-PL"},{"@type":"Organization","@id":"https:\/\/suresms.com\/en\/#organization","name":"SureSMS","url":"https:\/\/suresms.com\/en\/","logo":{"@type":"ImageObject","inLanguage":"pl-PL","@id":"https:\/\/suresms.com\/en\/#\/schema\/logo\/image\/","url":"https:\/\/suresms.com\/wp-content\/uploads\/2024\/11\/suresms-300x65-1.png","contentUrl":"https:\/\/suresms.com\/wp-content\/uploads\/2024\/11\/suresms-300x65-1.png","width":300,"height":65,"caption":"SureSMS"},"image":{"@id":"https:\/\/suresms.com\/en\/#\/schema\/logo\/image\/"},"sameAs":["https:\/\/www.facebook.com\/p\/SureSMS-100044607956149\/"]}]}},"_links":{"self":[{"href":"https:\/\/suresms.com\/pl\/wp-json\/wp\/v2\/pages\/14437","targetHints":{"allow":["GET"]}}],"collection":[{"href":"https:\/\/suresms.com\/pl\/wp-json\/wp\/v2\/pages"}],"about":[{"href":"https:\/\/suresms.com\/pl\/wp-json\/wp\/v2\/types\/page"}],"author":[{"embeddable":true,"href":"https:\/\/suresms.com\/pl\/wp-json\/wp\/v2\/users\/1"}],"replies":[{"embeddable":true,"href":"https:\/\/suresms.com\/pl\/wp-json\/wp\/v2\/comments?post=14437"}],"version-history":[{"count":3,"href":"https:\/\/suresms.com\/pl\/wp-json\/wp\/v2\/pages\/14437\/revisions"}],"predecessor-version":[{"id":21037,"href":"https:\/\/suresms.com\/pl\/wp-json\/wp\/v2\/pages\/14437\/revisions\/21037"}],"up":[{"embeddable":true,"href":"https:\/\/suresms.com\/pl\/wp-json\/wp\/v2\/pages\/9400"}],"wp:attachment":[{"href":"https:\/\/suresms.com\/pl\/wp-json\/wp\/v2\/media?parent=14437"}],"wp:term":[{"taxonomy":"category","embeddable":true,"href":"https:\/\/suresms.com\/pl\/wp-json\/wp\/v2\/categories?post=14437"},{"taxonomy":"post_tag","embeddable":true,"href":"https:\/\/suresms.com\/pl\/wp-json\/wp\/v2\/tags?post=14437"}],"curies":[{"name":"wp","href":"https:\/\/api.w.org\/{rel}","templated":true}]}}