{"id":1437,"date":"2015-12-14T16:33:49","date_gmt":"2015-12-14T14:33:49","guid":{"rendered":"https:\/\/www.suresms.com\/dk\/?page_id=1437"},"modified":"2024-12-05T15:49:04","modified_gmt":"2024-12-05T15:49:04","slug":"pelne-rejestrowanie-i-monitorowanie","status":"publish","type":"page","link":"https:\/\/suresms.com\/pl\/funktioner\/komplet-log-og-monitorering\/","title":{"rendered":"Pe\u0142ny dziennik i monitorowanie"},"content":{"rendered":"<!-- Flexy Breadcrumb -->\r\n\t\t\t<div class=\"fbc fbc-page\">\r\n\r\n\t\t\t\t<!-- Breadcrumb wrapper -->\r\n\t\t\t\t<div class=\"fbc-wrap\">\r\n\r\n\t\t\t\t\t<!-- Ordered list-->\r\n\t\t\t\t\t<ol class=\"fbc-items\" itemscope itemtype=\"https:\/\/schema.org\/BreadcrumbList\">\r\n\t\t\t\t\t\t            <li itemprop=\"itemListElement\" itemscope itemtype=\"https:\/\/schema.org\/ListItem\">\r\n                <span itemprop=\"name\">\r\n                    <!-- Home Link -->\r\n                    <a itemprop=\"item\" href=\"https:\/\/suresms.com\/pl\/\">\r\n                    \r\n                                                    <i class=\"fa fa-home\" aria-hidden=\"true\"><\/i>Strona g\u0142\u00f3wna                    <\/a>\r\n                <\/span>\r\n                <meta itemprop=\"position\" content=\"1\" \/><!-- Meta Position-->\r\n             <\/li><li><span class=\"fbc-separator\">\/<\/span><\/li><li class=\"active\" itemprop=\"itemListElement\" itemscope itemtype=\"https:\/\/schema.org\/ListItem\"><span itemprop=\"name\" title=\"Pe\u0142ny dziennik i monitorowanie\">Pe\u0142ny dziennik i monitorowanie<\/span><meta itemprop=\"position\" content=\"2\" \/><\/li>\t\t\t\t\t<\/ol>\r\n\t\t\t\t\t<div class=\"clearfix\"><\/div>\r\n\t\t\t\t<\/div>\r\n\t\t\t<\/div>\r\n\t\t\t\n<h1>\n\t\tSkrzynka nadawcza SMS\n\t<\/h1>\n\t<p>Jako klient SureSMS logujesz si\u0119 do naszego portalu internetowego. Z tego miejsca mo\u017cna zobaczy\u0107 wszystkie wys\u0142ane wiadomo\u015bci (i odebrane, je\u015bli masz rozwi\u0105zanie dwukierunkowe).<\/p>\n<p>Mo\u017cesz zobaczy\u0107 status ka\u017cdej wiadomo\u015bci. Przez status rozumiemy, \u017ce mo\u017cesz zobaczy\u0107, kiedy wiadomo\u015b\u0107 zosta\u0142a odebrana na naszym serwerze, kiedy wys\u0142ali\u015bmy j\u0105 do operatora i kiedy operator dostarczy\u0142 j\u0105 do telefonu. Innymi s\u0142owy, zawsze mo\u017cesz dok\u0142adnie sprawdzi\u0107, jak\u0105 drog\u0119 przeby\u0142y wszystkie Twoje wiadomo\u015bci.<\/p>\n<p>Zawsze masz pe\u0142ny dziennik liczby wys\u0142anych wiadomo\u015bci i ich statusu.<\/p>\n\t<ul>\n\t\t<li>\t\t\t\t\n\t\t<h3>Zobacz wszystkie wys\u0142ane wiadomo\u015bci<\/h3><p>Zawsze masz wgl\u0105d w to, ile wiadomo\u015bci wys\u0142a\u0142e\u015b, do kogo i jaki jest status ka\u017cdej wiadomo\u015bci. Czy jest zaplanowana, w kolejce, w drodze, dostarczona lub czy dostarczenie nie powiod\u0142o si\u0119.\u00a0<\/p><\/li><li>\t\t\t\t\n\t\t<h3>Filtr wed\u0142ug statusu<\/h3><p>W dzienniku istnieje r\u00f3wnie\u017c opcja filtrowania wiadomo\u015bci wed\u0142ug ich statusu. Oznacza to, \u017ce mo\u017cna na przyk\u0142ad utworzy\u0107 filtr pokazuj\u0105cy wszystkie wiadomo\u015bci, kt\u00f3re nie powiod\u0142y si\u0119. Nast\u0119pnie mo\u017cesz je przejrze\u0107 i upewni\u0107 si\u0119, \u017ce masz prawid\u0142owe numery odbiorc\u00f3w.<\/p><\/li><li>\t\t\t\t\n\t\t<h3>Sprawd\u017a, czy linki s\u0105 w\u0142\u0105czone<\/h3><p>Je\u015bli wys\u0142a\u0142e\u015b link lub plik w wiadomo\u015bci SMS, mo\u017cesz sprawdzi\u0107, czy link zosta\u0142 otwarty i kiedy. Mo\u017cesz tak\u017ce filtrowa\u0107 wiadomo\u015bci, w kt\u00f3rych link zosta\u0142 otwarty, na przyk\u0142ad.\u00a0<\/p><\/li><li>\t\t\t\t\n\t\t<h3>Eksport wszystkich wiadomo\u015bci<\/h3><p>Je\u015bli chcesz kontynuowa\u0107 prac\u0119 z wiadomo\u015bciami w innym systemie, mo\u017cesz \u0142atwo wybra\u0107 wiadomo\u015bci, z kt\u00f3rymi chcesz kontynuowa\u0107 prac\u0119 i wyeksportowa\u0107 je np. do programu Excel.\u00a0<\/p><\/li><li>\t\t\t\t\n\t\t<h3>Szczeg\u00f3\u0142y dotycz\u0105ce ka\u017cdej wiadomo\u015bci<\/h3><p>Obok ka\u017cdej wiadomo\u015bci mo\u017cna zobaczy\u0107 wszystkie szczeg\u00f3\u0142y na jej temat. Jak d\u0142ugo trwa\u0142a, ile kosztowa\u0142a, kiedy j\u0105 otrzymali\u015bmy, kiedy zosta\u0142a dostarczona na telefon i wiele wi\u0119cej.\u00a0<\/p><\/li>\t<\/ul>\n\t\t<h4>Czy chcesz natychmiast utworzy\u0107 konto? <\/h4>\n\t\t<p>Jeste\u015bmy gotowi i czekamy, aby powita\u0107 Ci\u0119 jako klienta SureSMS!<\/p>\n\t\t\t<a href=\"https:\/\/suresms.com\/pl\/utworz-konto-bramki-sms\/\" target=\"_self\">\n\t\t\t\t\t\t\tUtw\u00f3rz konto SureSMS!\n\t\t\t\t\t<\/a>\n\t\t<h4>Zam\u00f3w rozwi\u0105zanie dwukierunkowe!<\/h4>\n\t\t<p>Masz ju\u017c konto? Zam\u00f3w rozwi\u0105zanie 2-way i uzyskaj dodatkowe opcje, kt\u00f3re oferuje Twoje w\u0142asne rozwi\u0105zanie.<\/p>\n\t\t\t<a href=\"https:\/\/suresms.com\/pl\/zamow-rozladunek-w-2-kierunkach\/\" target=\"_self\">\n\t\t\t\t\t\t\tZam\u00f3w rozwi\u0105zanie 2-kierunkowe\n\t\t\t\t\t<\/a>\n\t<h4><strong>Tutaj mo\u017cesz przeczyta\u0107 kilka przyk\u0142ad\u00f3w tego, jak nasi klienci czerpi\u0105 korzy\u015bci z naszego modu\u0142u Log and Reporting:<\/strong><\/h4>\n\n<ul> \t\n<li>Jednym z naszych klient\u00f3w jest <strong>Odsprzedawca wiadomo\u015bci SMS<\/strong>. Co kwarta\u0142 pobiera on wyci\u0105g wiadomo\u015bci, kt\u00f3re jego klienci wys\u0142ali za po\u015brednictwem naszej bramki. Nast\u0119pnie mo\u017ce \u0142atwo posortowa\u0107 SMS-y wed\u0142ug nadawcy i wystawi\u0107 ka\u017cdemu klientowi faktur\u0119 w zale\u017cno\u015bci od wykorzystania. Pozwala to zaoszcz\u0119dzi\u0107 na administracji.<\/li>\n\n<li><strong>Dealer samochodowy<\/strong>Ka\u017cdego miesi\u0105ca korzysta z naszego modu\u0142u raportowania, aby utworzy\u0107 wyci\u0105g z liczby wiadomo\u015bci SMS wys\u0142anych przez ka\u017cdego ze swoich sprzedawc\u00f3w. W ten spos\u00f3b mo\u017ce zobaczy\u0107, kt\u00f3rzy z jego pracownik\u00f3w s\u0105 najbardziej aktywni pod wzgl\u0119dem kontaktu z klientami za po\u015brednictwem wiadomo\u015bci SMS. Im wi\u0119cej aktywnych sprzedawc\u00f3w, tym wi\u0119ksza sprzeda\u017c.<\/li>\n\n<li>Wielu naszych klient\u00f3w u\u017cywa go do sprawdzania, czy liczba wys\u0142anych wiadomo\u015bci zgadza si\u0119 z liczb\u0105, kt\u00f3r\u0105 ich w\u0142asny system twierdzi, \u017ce wys\u0142ali. W ten spos\u00f3b mog\u0105 by\u0107 pewni, \u017ce<strong> jako\u015b\u0107 jest dobra<\/strong>.<\/li>\n<\/ul>","protected":false},"excerpt":{"rendered":"<p>Skrzynka nadawcza SMS Jako klient SureSMS logujesz si\u0119 do naszego portalu internetowego. W tym miejscu mo\u017cesz przegl\u0105da\u0107 wszystkie wys\u0142ane wiadomo\u015bci (i odebrane, je\u015bli korzystasz z rozwi\u0105zania dwukierunkowego). Mo\u017cesz zobaczy\u0107 status ka\u017cdej wiadomo\u015bci. Przez status rozumiemy, \u017ce mo\u017cesz zobaczy\u0107, kiedy wiadomo\u015b\u0107 zosta\u0142a odebrana na naszym serwerze, ... <a title=\"Pe\u0142ny dziennik i monitorowanie\" class=\"read-more\" href=\"https:\/\/suresms.com\/pl\/funktioner\/komplet-log-og-monitorering\/\" aria-label=\"Dowiedz si\u0119 wi\u0119cej o pe\u0142nym dzienniku i monitorowaniu\">Dowiedz si\u0119 wi\u0119cej<\/a><\/p>","protected":false},"author":1,"featured_media":0,"parent":958,"menu_order":14,"comment_status":"closed","ping_status":"closed","template":"","meta":{"_fl_builder_enabled":"1","_fl_builder_data":null,"_fl_builder_draft":null,"_fl_builder_data_settings":null,"_fl_builder_css":"","_fl_builder_css_version":"","_fl_builder_js":"","footnotes":""},"categories":[17],"tags":[],"class_list":{"0":"post-1437","1":"page","2":"type-page","3":"status-publish","5":"category-linkfracornorstone"},"yoast_head":"<!-- This site is optimized with the Yoast SEO Premium plugin v27.3 (Yoast SEO v27.3) - https:\/\/yoast.com\/product\/yoast-seo-premium-wordpress\/ -->\r\n<title>SMS log | F\u00e5 styr p\u00e5 firmaets SMS med sms log fra SureSMS \u2713<\/title>\r\n<meta name=\"description\" content=\"F\u00e5 overblik over dine sendte beskeder hos SureSMS med SMS log, monitorering og overblik via vores rapporteringsmodul. Abonnement 0,-- Betal kun pr. SMS.\" \/>\r\n<meta name=\"robots\" content=\"index, follow, max-snippet:-1, max-image-preview:large, max-video-preview:-1\" \/>\r\n<link rel=\"canonical\" href=\"https:\/\/suresms.com\/pl\/cechy\/pelne-rejestrowanie-i-monitorowanie\/\" \/>\r\n<meta property=\"og:locale\" content=\"pl_PL\" \/>\r\n<meta property=\"og:type\" content=\"article\" \/>\r\n<meta property=\"og:title\" content=\"Komplet log og monitorering\" \/>\r\n<meta property=\"og:description\" content=\"F\u00e5 overblik over dine sendte beskeder hos SureSMS med SMS log, monitorering og overblik via vores rapporteringsmodul. Abonnement 0,-- Betal kun pr. SMS.\" \/>\r\n<meta property=\"og:url\" content=\"https:\/\/suresms.com\/pl\/cechy\/pelne-rejestrowanie-i-monitorowanie\/\" \/>\r\n<meta property=\"article:publisher\" content=\"https:\/\/www.facebook.com\/p\/SureSMS-100044607956149\/\" \/>\r\n<meta property=\"article:modified_time\" content=\"2024-12-05T15:49:04+00:00\" \/>\r\n<meta name=\"twitter:card\" content=\"summary_large_image\" \/>\r\n<meta name=\"twitter:label1\" content=\"Szacowany czas czytania\" \/>\n\t<meta name=\"twitter:data1\" content=\"7 minut\" \/>\r\n<script type=\"application\/ld+json\" class=\"yoast-schema-graph\">{\"@context\":\"https:\\\/\\\/schema.org\",\"@graph\":[{\"@type\":\"WebPage\",\"@id\":\"https:\\\/\\\/suresms.com\\\/dk\\\/funktioner\\\/komplet-log-og-monitorering\\\/\",\"url\":\"https:\\\/\\\/suresms.com\\\/dk\\\/funktioner\\\/komplet-log-og-monitorering\\\/\",\"name\":\"SMS log | F\u00e5 styr p\u00e5 firmaets SMS med sms log fra SureSMS \u2713\",\"isPartOf\":{\"@id\":\"https:\\\/\\\/suresms.com\\\/en\\\/#website\"},\"datePublished\":\"2015-12-14T14:33:49+00:00\",\"dateModified\":\"2024-12-05T15:49:04+00:00\",\"description\":\"F\u00e5 overblik over dine sendte beskeder hos SureSMS med SMS log, monitorering og overblik via vores rapporteringsmodul. Abonnement 0,-- Betal kun pr. SMS.\",\"breadcrumb\":{\"@id\":\"https:\\\/\\\/suresms.com\\\/dk\\\/funktioner\\\/komplet-log-og-monitorering\\\/#breadcrumb\"},\"inLanguage\":\"pl-PL\",\"potentialAction\":[{\"@type\":\"ReadAction\",\"target\":[\"https:\\\/\\\/suresms.com\\\/dk\\\/funktioner\\\/komplet-log-og-monitorering\\\/\"]}]},{\"@type\":\"BreadcrumbList\",\"@id\":\"https:\\\/\\\/suresms.com\\\/dk\\\/funktioner\\\/komplet-log-og-monitorering\\\/#breadcrumb\",\"itemListElement\":[{\"@type\":\"ListItem\",\"position\":1,\"name\":\"Home\",\"item\":\"https:\\\/\\\/suresms.com\\\/dk\\\/\"},{\"@type\":\"ListItem\",\"position\":2,\"name\":\"Funktioner\",\"item\":\"https:\\\/\\\/suresms.com\\\/dk\\\/funktioner\\\/\"},{\"@type\":\"ListItem\",\"position\":3,\"name\":\"Komplet log og monitorering\"}]},{\"@type\":\"WebSite\",\"@id\":\"https:\\\/\\\/suresms.com\\\/en\\\/#website\",\"url\":\"https:\\\/\\\/suresms.com\\\/en\\\/\",\"name\":\"SureSMS\",\"description\":\"Professionel SMS Gateway\",\"publisher\":{\"@id\":\"https:\\\/\\\/suresms.com\\\/en\\\/#organization\"},\"potentialAction\":[{\"@type\":\"SearchAction\",\"target\":{\"@type\":\"EntryPoint\",\"urlTemplate\":\"https:\\\/\\\/suresms.com\\\/en\\\/?s={search_term_string}\"},\"query-input\":{\"@type\":\"PropertyValueSpecification\",\"valueRequired\":true,\"valueName\":\"search_term_string\"}}],\"inLanguage\":\"pl-PL\"},{\"@type\":\"Organization\",\"@id\":\"https:\\\/\\\/suresms.com\\\/en\\\/#organization\",\"name\":\"SureSMS\",\"url\":\"https:\\\/\\\/suresms.com\\\/en\\\/\",\"logo\":{\"@type\":\"ImageObject\",\"inLanguage\":\"pl-PL\",\"@id\":\"https:\\\/\\\/suresms.com\\\/en\\\/#\\\/schema\\\/logo\\\/image\\\/\",\"url\":\"https:\\\/\\\/suresms.com\\\/wp-content\\\/uploads\\\/2024\\\/11\\\/suresms-300x65-1.png\",\"contentUrl\":\"https:\\\/\\\/suresms.com\\\/wp-content\\\/uploads\\\/2024\\\/11\\\/suresms-300x65-1.png\",\"width\":300,\"height\":65,\"caption\":\"SureSMS\"},\"image\":{\"@id\":\"https:\\\/\\\/suresms.com\\\/en\\\/#\\\/schema\\\/logo\\\/image\\\/\"},\"sameAs\":[\"https:\\\/\\\/www.facebook.com\\\/p\\\/SureSMS-100044607956149\\\/\"]}]}<\/script>\r\n<!-- \/ Yoast SEO Premium plugin. -->","yoast_head_json":{"title":"Dziennik SMS | \u015aled\u017a firmowe wiadomo\u015bci SMS dzi\u0119ki dziennikowi SMS od SureSMS \u2713 SureSMS","description":"Uzyskaj przegl\u0105d wys\u0142anych wiadomo\u015bci za pomoc\u0105 SureSMS z dziennikiem SMS, monitorowaniem i przegl\u0105dem za po\u015brednictwem naszego modu\u0142u raportowania. Subskrypcja 0,-- P\u0142a\u0107 tylko za SMS.","robots":{"index":"index","follow":"follow","max-snippet":"max-snippet:-1","max-image-preview":"max-image-preview:large","max-video-preview":"max-video-preview:-1"},"canonical":"https:\/\/suresms.com\/pl\/cechy\/pelne-rejestrowanie-i-monitorowanie\/","og_locale":"pl_PL","og_type":"article","og_title":"Komplet log og monitorering","og_description":"F\u00e5 overblik over dine sendte beskeder hos SureSMS med SMS log, monitorering og overblik via vores rapporteringsmodul. Abonnement 0,-- Betal kun pr. SMS.","og_url":"https:\/\/suresms.com\/pl\/cechy\/pelne-rejestrowanie-i-monitorowanie\/","article_publisher":"https:\/\/www.facebook.com\/p\/SureSMS-100044607956149\/","article_modified_time":"2024-12-05T15:49:04+00:00","twitter_card":"summary_large_image","twitter_misc":{"Szacowany czas czytania":"7 minut"},"schema":{"@context":"https:\/\/schema.org","@graph":[{"@type":"WebPage","@id":"https:\/\/suresms.com\/dk\/funktioner\/komplet-log-og-monitorering\/","url":"https:\/\/suresms.com\/dk\/funktioner\/komplet-log-og-monitorering\/","name":"Dziennik SMS | \u015aled\u017a firmowe wiadomo\u015bci SMS dzi\u0119ki dziennikowi SMS od SureSMS \u2713 SureSMS","isPartOf":{"@id":"https:\/\/suresms.com\/en\/#website"},"datePublished":"2015-12-14T14:33:49+00:00","dateModified":"2024-12-05T15:49:04+00:00","description":"Uzyskaj przegl\u0105d wys\u0142anych wiadomo\u015bci za pomoc\u0105 SureSMS z dziennikiem SMS, monitorowaniem i przegl\u0105dem za po\u015brednictwem naszego modu\u0142u raportowania. Subskrypcja 0,-- P\u0142a\u0107 tylko za SMS.","breadcrumb":{"@id":"https:\/\/suresms.com\/dk\/funktioner\/komplet-log-og-monitorering\/#breadcrumb"},"inLanguage":"pl-PL","potentialAction":[{"@type":"ReadAction","target":["https:\/\/suresms.com\/dk\/funktioner\/komplet-log-og-monitorering\/"]}]},{"@type":"BreadcrumbList","@id":"https:\/\/suresms.com\/dk\/funktioner\/komplet-log-og-monitorering\/#breadcrumb","itemListElement":[{"@type":"ListItem","position":1,"name":"Home","item":"https:\/\/suresms.com\/dk\/"},{"@type":"ListItem","position":2,"name":"Funktioner","item":"https:\/\/suresms.com\/dk\/funktioner\/"},{"@type":"ListItem","position":3,"name":"Komplet log og monitorering"}]},{"@type":"WebSite","@id":"https:\/\/suresms.com\/en\/#website","url":"https:\/\/suresms.com\/en\/","name":"SureSMS","description":"Profesjonalna bramka SMS","publisher":{"@id":"https:\/\/suresms.com\/en\/#organization"},"potentialAction":[{"@type":"SearchAction","target":{"@type":"EntryPoint","urlTemplate":"https:\/\/suresms.com\/en\/?s={search_term_string}"},"query-input":{"@type":"PropertyValueSpecification","valueRequired":true,"valueName":"search_term_string"}}],"inLanguage":"pl-PL"},{"@type":"Organization","@id":"https:\/\/suresms.com\/en\/#organization","name":"SureSMS","url":"https:\/\/suresms.com\/en\/","logo":{"@type":"ImageObject","inLanguage":"pl-PL","@id":"https:\/\/suresms.com\/en\/#\/schema\/logo\/image\/","url":"https:\/\/suresms.com\/wp-content\/uploads\/2024\/11\/suresms-300x65-1.png","contentUrl":"https:\/\/suresms.com\/wp-content\/uploads\/2024\/11\/suresms-300x65-1.png","width":300,"height":65,"caption":"SureSMS"},"image":{"@id":"https:\/\/suresms.com\/en\/#\/schema\/logo\/image\/"},"sameAs":["https:\/\/www.facebook.com\/p\/SureSMS-100044607956149\/"]}]}},"_links":{"self":[{"href":"https:\/\/suresms.com\/pl\/wp-json\/wp\/v2\/pages\/1437","targetHints":{"allow":["GET"]}}],"collection":[{"href":"https:\/\/suresms.com\/pl\/wp-json\/wp\/v2\/pages"}],"about":[{"href":"https:\/\/suresms.com\/pl\/wp-json\/wp\/v2\/types\/page"}],"author":[{"embeddable":true,"href":"https:\/\/suresms.com\/pl\/wp-json\/wp\/v2\/users\/1"}],"replies":[{"embeddable":true,"href":"https:\/\/suresms.com\/pl\/wp-json\/wp\/v2\/comments?post=1437"}],"version-history":[{"count":1,"href":"https:\/\/suresms.com\/pl\/wp-json\/wp\/v2\/pages\/1437\/revisions"}],"predecessor-version":[{"id":19453,"href":"https:\/\/suresms.com\/pl\/wp-json\/wp\/v2\/pages\/1437\/revisions\/19453"}],"up":[{"embeddable":true,"href":"https:\/\/suresms.com\/pl\/wp-json\/wp\/v2\/pages\/958"}],"wp:attachment":[{"href":"https:\/\/suresms.com\/pl\/wp-json\/wp\/v2\/media?parent=1437"}],"wp:term":[{"taxonomy":"category","embeddable":true,"href":"https:\/\/suresms.com\/pl\/wp-json\/wp\/v2\/categories?post=1437"},{"taxonomy":"post_tag","embeddable":true,"href":"https:\/\/suresms.com\/pl\/wp-json\/wp\/v2\/tags?post=1437"}],"curies":[{"name":"wp","href":"https:\/\/api.w.org\/{rel}","templated":true}]}}