{"id":1409,"date":"2015-12-14T16:00:43","date_gmt":"2015-12-14T14:00:43","guid":{"rendered":"https:\/\/www.suresms.com\/dk\/?page_id=1409"},"modified":"2024-12-05T15:40:42","modified_gmt":"2024-12-05T15:40:42","slug":"funkcja-sms-to-sms","status":"publish","type":"page","link":"https:\/\/suresms.com\/pl\/funktioner\/sms-til-sms-funktion\/","title":{"rendered":"Funkcja SMS do SMS"},"content":{"rendered":"<!-- Flexy Breadcrumb -->\r\n\t\t\t<div class=\"fbc fbc-page\">\r\n\r\n\t\t\t\t<!-- Breadcrumb wrapper -->\r\n\t\t\t\t<div class=\"fbc-wrap\">\r\n\r\n\t\t\t\t\t<!-- Ordered list-->\r\n\t\t\t\t\t<ol class=\"fbc-items\" itemscope itemtype=\"https:\/\/schema.org\/BreadcrumbList\">\r\n\t\t\t\t\t\t            <li itemprop=\"itemListElement\" itemscope itemtype=\"https:\/\/schema.org\/ListItem\">\r\n                <span itemprop=\"name\">\r\n                    <!-- Home Link -->\r\n                    <a itemprop=\"item\" href=\"https:\/\/suresms.com\/pl\/\">\r\n                    \r\n                                                    <i class=\"fa fa-home\" aria-hidden=\"true\"><\/i>Strona g\u0142\u00f3wna                    <\/a>\r\n                <\/span>\r\n                <meta itemprop=\"position\" content=\"1\" \/><!-- Meta Position-->\r\n             <\/li><li><span class=\"fbc-separator\">\/<\/span><\/li><li class=\"active\" itemprop=\"itemListElement\" itemscope itemtype=\"https:\/\/schema.org\/ListItem\"><span itemprop=\"name\" title=\"Funkcja SMS do SMS\">Funkcja SMS do SMS<\/span><meta itemprop=\"position\" content=\"2\" \/><\/li>\t\t\t\t\t<\/ol>\r\n\t\t\t\t\t<div class=\"clearfix\"><\/div>\r\n\t\t\t\t<\/div>\r\n\t\t\t<\/div>\r\n\t\t\t\n<h1>\n\t\tFunkcja SMS do SMS\n\t<\/h1>\n\t<p>Jest to prawdopodobnie jedna z najbardziej zaawansowanych funkcji SureSMS. Dzi\u0119ki funkcji SMS-to-SMS mo\u017cliwe jest wys\u0142anie wiadomo\u015bci SMS do SureSMS. Ta wiadomo\u015b\u0107 SMS jest przekazywana do innego telefonu, by\u0107 mo\u017ce z innym nadawc\u0105.<\/p>\n<h4><strong>Dlaczego?<\/strong><\/h4>\n<p>Je\u015bli jeste\u015b w organizacji i potrzebujesz rozwi\u0105zania, w kt\u00f3rym ka\u017cdy mo\u017ce wys\u0142a\u0107 wiadomo\u015b\u0107 do wszystkich w organizacji, np. w zwi\u0105zku z wydarzeniami, mo\u017cesz to zrobi\u0107 za pomoc\u0105 tej funkcji.<\/p>\n<p>Zak\u0142adaj\u0105c konto w SureSMS i tworz\u0105c grup\u0119, np. Zarz\u0105d, ka\u017cdy mo\u017ce wys\u0142a\u0107 SMS na numer o tre\u015bci \"Zarz\u0105d\", a nast\u0119pnie wiadomo\u015b\u0107. Wiadomo\u015b\u0107 zostanie nast\u0119pnie przekazana wszystkim cz\u0142onkom zarz\u0105du.<\/p>\n<p>Oznacza to, \u017ce u\u017cytkownik nie musi nawet zna\u0107 numeru osoby, do kt\u00f3rej chce wys\u0142a\u0107 wiadomo\u015b\u0107. Prostota dla nadawcy i ochrona prywatno\u015bci dla odbiorcy wiadomo\u015bci.<\/p>\n<p>Innym przyk\u0142adem jest na przyk\u0142ad sp\u00f3\u0142dzielnia mieszkaniowa, kt\u00f3ra przeprowadza remont. Dzi\u0119ki SMS2SMS mo\u017cna poda\u0107 budowla\u0144com jeden numer i jedn\u0105 nazw\u0119. Budowla\u0144cy mog\u0105 nast\u0119pnie wys\u0142a\u0107 jedn\u0105 wiadomo\u015b\u0107 SMS, a wszyscy cz\u0142onkowie organizacji otrzymaj\u0105 wiadomo\u015b\u0107.<\/p>\n<h4><strong>Darmowe SMS2SMS dla wszystkich naszych klient\u00f3w<\/strong><\/h4>\n<p>Funkcja SMS na SMS nie wi\u0105\u017ce si\u0119 z dodatkowymi kosztami w SureSMS. Jest ona cz\u0119\u015bci\u0105 naszej us\u0142ugi. Jednak w zale\u017cno\u015bci od wymaga\u0144 dotycz\u0105cych s\u0142\u00f3w kluczowych mo\u017ce by\u0107 konieczne zakupienie rozwi\u0105zania dwukierunkowego. W SureSMS stworzyli\u015bmy to rozwi\u0105zanie dla wszystkich naszych klient\u00f3w, co oznacza, \u017ce mamy rozwi\u0105zanie dwukierunkowe, z kt\u00f3rego nasi klienci mog\u0105 korzysta\u0107 za darmo. Ale oznacza to r\u00f3wnie\u017c, \u017ce jest ono wsp\u00f3\u0142dzielone mi\u0119dzy klientami. W zwi\u0105zku z tym mo\u017cna uzyska\u0107 tylko te s\u0142owa kluczowe, kt\u00f3re s\u0105 dost\u0119pne. Je\u015bli jeden z klient\u00f3w zaj\u0105\u0142 ju\u017c s\u0142owo kluczowe, b\u0119dziesz musia\u0142 wybra\u0107 inne.<\/p>\n<h4><strong>Stw\u00f3rz dwukierunkowe rozwi\u0105zanie dla swobodnego wyboru<\/strong><\/h4>\n<p>Dlatego niekt\u00f3rzy klienci decyduj\u0105 si\u0119 na zakup w\u0142asnego rozwi\u0105zania dwukierunkowego. W ten spos\u00f3b mog\u0105 swobodnie wybiera\u0107 s\u0142owa kluczowe i ewentualnie numer telefonu kom\u00f3rkowego, na kt\u00f3ry maj\u0105 by\u0107 wysy\u0142ane. Kupuj\u0105c w\u0142asne rozwi\u0105zanie 2-way, nie jeste\u015b zale\u017cny od innych, mo\u017cliwo\u015bci s\u0105 wi\u0119ksze, a k\u0142opot z wyborem s\u0142\u00f3w kluczowych, kt\u00f3re pasuj\u0105 do indywidualnej okazji, jest mniejszy.<\/p>\n<p>Istniej\u0105 r\u00f3\u017cne produkty, ale niezale\u017cnie od tego, czy wybierzesz nasze hostowane rozwi\u0105zanie SIM, czy wirtualny d\u0142ugi numer, masz nieograniczon\u0105 liczb\u0119 numer\u00f3w i swobodny wyb\u00f3r s\u0142\u00f3w kluczowych.<\/p>\n<p>Aby uzyska\u0107 wi\u0119cej informacji na temat rozwi\u0105za\u0144 dwukierunkowych, zobacz wi\u0119cej w menu pod 2-kierunkowe wiadomo\u015bci SMS.<\/p>\n<p>Zobacz link tutaj dla <a title=\"Ceny bramek SMS\" href=\"https:\/\/suresms.com\/pl\/ceny-bramek-sms\/\">zaktualizowane ceny naszych rozwi\u0105za\u0144 dwukierunkowych.<\/a><\/p>\n\t\t<h4>Czy chcesz natychmiast utworzy\u0107 konto? <\/h4>\n\t\t<p>Jeste\u015bmy gotowi i czekamy, aby powita\u0107 Ci\u0119 jako klienta SureSMS!<\/p>\n\t\t\t<a href=\"https:\/\/suresms.com\/pl\/utworz-konto-bramki-sms\/\" target=\"_self\">\n\t\t\t\t\t\t\tUtw\u00f3rz konto SureSMS!\n\t\t\t\t\t<\/a>\n\t\t<h4>Zam\u00f3w rozwi\u0105zanie dwukierunkowe!<\/h4>\n\t\t<p>Masz ju\u017c konto? Zam\u00f3w rozwi\u0105zanie 2-way i uzyskaj dodatkowe opcje, kt\u00f3re oferuje Twoje w\u0142asne rozwi\u0105zanie.\u00a0<\/p>\n\t\t\t<a href=\"https:\/\/suresms.com\/pl\/zamow-rozladunek-w-2-kierunkach\/\" target=\"_self\">\n\t\t\t\t\t\t\tZam\u00f3w rozwi\u0105zanie 2-kierunkowe\n\t\t\t\t\t<\/a>\n\t<h4><strong>Tutaj mo\u017cesz przeczyta\u0107 przyk\u0142ad tego, jak nasi klienci korzystaj\u0105 dzi\u015b z SMS2SMS<\/strong><\/h4>\n<ul>\n<li>Opracowali\u015bmy nasze rozwi\u0105zanie SMS2SMS dla du\u0144skiej firmy architektonicznej. Firma potrzebowa\u0142a rozwi\u0105zania SMS, kt\u00f3re mog\u0142oby by\u0107 wykorzystywane w jej projektach budowlanych. Rozwi\u0105zanie to u\u0142atwi\u0142oby komunikacj\u0119 i pozwoli\u0142oby wykonawcom i podwykonawcom komunikowa\u0107 si\u0119 z mieszka\u0144cami na temat post\u0119p\u00f3w projekt\u00f3w budowlanych, ofert i nie tylko. Jednocze\u015bnie firma architektoniczna chcia\u0142a rozwi\u0105zania, w kt\u00f3rym mieszka\u0144cy mogliby sami zapisa\u0107 si\u0119 do przep\u0142ywu informacji.\u00a0 <br \/><strong>Firma SureSMS opracowa\u0142a produkt SMS2SMS dla architekt\u00f3w<\/strong>. Ka\u017cdy mo\u017ce przes\u0142a\u0107 informacje do rozwi\u0105zania za pomoc\u0105 pojedynczej wiadomo\u015bci SMS, a mieszka\u0144cy mog\u0105 sami zarejestrowa\u0107 si\u0119 w nim za pomoc\u0105 s\u0142\u00f3w kluczowych.<\/li>\n<\/ul>\n<p>\u00a0<\/p>","protected":false},"excerpt":{"rendered":"<p>Funkcja SMS-to-SMS Jest to prawdopodobnie jedna z najbardziej zaawansowanych funkcji SureSMS. Dzi\u0119ki funkcji SMS-to-SMS mo\u017cliwe jest wys\u0142anie wiadomo\u015bci SMS do SureSMS. Ta wiadomo\u015b\u0107 SMS jest przekazywana do innego telefonu, by\u0107 mo\u017ce z innym nadawc\u0105. Dlaczego warto to robi\u0107? Je\u015bli jeste\u015b w organizacji i potrzebujesz rozwi\u0105zania, kt\u00f3re... <a title=\"Funkcja SMS do SMS\" class=\"read-more\" href=\"https:\/\/suresms.com\/pl\/funktioner\/sms-til-sms-funktion\/\" aria-label=\"Dowiedz si\u0119 wi\u0119cej o funkcji SMS na SMS\">Dowiedz si\u0119 wi\u0119cej<\/a><\/p>","protected":false},"author":1,"featured_media":0,"parent":958,"menu_order":3,"comment_status":"closed","ping_status":"closed","template":"","meta":{"_fl_builder_enabled":"1","_fl_builder_data":null,"_fl_builder_draft":null,"_fl_builder_data_settings":null,"_fl_builder_css":"","_fl_builder_css_version":"","_fl_builder_js":"","footnotes":""},"categories":[17],"tags":[],"class_list":{"0":"post-1409","1":"page","2":"type-page","3":"status-publish","5":"category-linkfracornorstone"},"yoast_head":"<!-- This site is optimized with the Yoast SEO Premium plugin v27.3 (Yoast SEO v27.3) - https:\/\/yoast.com\/product\/yoast-seo-premium-wordpress\/ -->\r\n<title>SMS til SMS funktion - SureSMS. NYT avanceret produkt - tilmeld selv<\/title>\r\n<meta name=\"description\" content=\"SMS til SMS. Send informationer til grupper uden at kende kontakternes identitet. Godt til f.x underlevand\u00f8rer. 2-vejsl\u00f8sning, hvortil man kan sende tilbud\" \/>\r\n<meta name=\"robots\" content=\"index, follow, max-snippet:-1, max-image-preview:large, max-video-preview:-1\" \/>\r\n<link rel=\"canonical\" href=\"https:\/\/suresms.com\/pl\/cechy\/funkcja-sms-to-sms\/\" \/>\r\n<meta property=\"og:locale\" content=\"pl_PL\" \/>\r\n<meta property=\"og:type\" content=\"article\" \/>\r\n<meta property=\"og:title\" content=\"SMS til SMS funktion\" \/>\r\n<meta property=\"og:description\" content=\"SMS til SMS. Send informationer til grupper uden at kende kontakternes identitet. Godt til f.x underlevand\u00f8rer. 2-vejsl\u00f8sning, hvortil man kan sende tilbud\" \/>\r\n<meta property=\"og:url\" content=\"https:\/\/suresms.com\/pl\/cechy\/funkcja-sms-to-sms\/\" \/>\r\n<meta property=\"article:publisher\" content=\"https:\/\/www.facebook.com\/p\/SureSMS-100044607956149\/\" \/>\r\n<meta property=\"article:modified_time\" content=\"2024-12-05T15:40:42+00:00\" \/>\r\n<meta name=\"twitter:card\" content=\"summary_large_image\" \/>\r\n<meta name=\"twitter:label1\" content=\"Szacowany czas czytania\" \/>\n\t<meta name=\"twitter:data1\" content=\"4 minuty\" \/>\r\n<script type=\"application\/ld+json\" class=\"yoast-schema-graph\">{\"@context\":\"https:\\\/\\\/schema.org\",\"@graph\":[{\"@type\":\"WebPage\",\"@id\":\"https:\\\/\\\/suresms.com\\\/dk\\\/funktioner\\\/sms-til-sms-funktion\\\/\",\"url\":\"https:\\\/\\\/suresms.com\\\/dk\\\/funktioner\\\/sms-til-sms-funktion\\\/\",\"name\":\"SMS til SMS funktion - SureSMS. NYT avanceret produkt - tilmeld selv\",\"isPartOf\":{\"@id\":\"https:\\\/\\\/suresms.com\\\/en\\\/#website\"},\"datePublished\":\"2015-12-14T14:00:43+00:00\",\"dateModified\":\"2024-12-05T15:40:42+00:00\",\"description\":\"SMS til SMS. Send informationer til grupper uden at kende kontakternes identitet. Godt til f.x underlevand\u00f8rer. 2-vejsl\u00f8sning, hvortil man kan sende tilbud\",\"breadcrumb\":{\"@id\":\"https:\\\/\\\/suresms.com\\\/dk\\\/funktioner\\\/sms-til-sms-funktion\\\/#breadcrumb\"},\"inLanguage\":\"pl-PL\",\"potentialAction\":[{\"@type\":\"ReadAction\",\"target\":[\"https:\\\/\\\/suresms.com\\\/dk\\\/funktioner\\\/sms-til-sms-funktion\\\/\"]}]},{\"@type\":\"BreadcrumbList\",\"@id\":\"https:\\\/\\\/suresms.com\\\/dk\\\/funktioner\\\/sms-til-sms-funktion\\\/#breadcrumb\",\"itemListElement\":[{\"@type\":\"ListItem\",\"position\":1,\"name\":\"Home\",\"item\":\"https:\\\/\\\/suresms.com\\\/dk\\\/\"},{\"@type\":\"ListItem\",\"position\":2,\"name\":\"Funktioner\",\"item\":\"https:\\\/\\\/suresms.com\\\/dk\\\/funktioner\\\/\"},{\"@type\":\"ListItem\",\"position\":3,\"name\":\"SMS til SMS funktion\"}]},{\"@type\":\"WebSite\",\"@id\":\"https:\\\/\\\/suresms.com\\\/en\\\/#website\",\"url\":\"https:\\\/\\\/suresms.com\\\/en\\\/\",\"name\":\"SureSMS\",\"description\":\"Professionel SMS Gateway\",\"publisher\":{\"@id\":\"https:\\\/\\\/suresms.com\\\/en\\\/#organization\"},\"potentialAction\":[{\"@type\":\"SearchAction\",\"target\":{\"@type\":\"EntryPoint\",\"urlTemplate\":\"https:\\\/\\\/suresms.com\\\/en\\\/?s={search_term_string}\"},\"query-input\":{\"@type\":\"PropertyValueSpecification\",\"valueRequired\":true,\"valueName\":\"search_term_string\"}}],\"inLanguage\":\"pl-PL\"},{\"@type\":\"Organization\",\"@id\":\"https:\\\/\\\/suresms.com\\\/en\\\/#organization\",\"name\":\"SureSMS\",\"url\":\"https:\\\/\\\/suresms.com\\\/en\\\/\",\"logo\":{\"@type\":\"ImageObject\",\"inLanguage\":\"pl-PL\",\"@id\":\"https:\\\/\\\/suresms.com\\\/en\\\/#\\\/schema\\\/logo\\\/image\\\/\",\"url\":\"https:\\\/\\\/suresms.com\\\/wp-content\\\/uploads\\\/2024\\\/11\\\/suresms-300x65-1.png\",\"contentUrl\":\"https:\\\/\\\/suresms.com\\\/wp-content\\\/uploads\\\/2024\\\/11\\\/suresms-300x65-1.png\",\"width\":300,\"height\":65,\"caption\":\"SureSMS\"},\"image\":{\"@id\":\"https:\\\/\\\/suresms.com\\\/en\\\/#\\\/schema\\\/logo\\\/image\\\/\"},\"sameAs\":[\"https:\\\/\\\/www.facebook.com\\\/p\\\/SureSMS-100044607956149\\\/\"]}]}<\/script>\r\n<!-- \/ Yoast SEO Premium plugin. -->","yoast_head_json":{"title":"Funkcja SMS na SMS - SureSMS. NOWY zaawansowany produkt - zarejestruj si\u0119","description":"SMS to SMS. Wysy\u0142anie informacji do grup bez znajomo\u015bci to\u017csamo\u015bci kontakt\u00f3w. Dobre rozwi\u0105zanie np. dla podwykonawc\u00f3w. 2-kierunkowe rozwi\u0105zanie, do kt\u00f3rego mo\u017cna wysy\u0142a\u0107 oferty.","robots":{"index":"index","follow":"follow","max-snippet":"max-snippet:-1","max-image-preview":"max-image-preview:large","max-video-preview":"max-video-preview:-1"},"canonical":"https:\/\/suresms.com\/pl\/cechy\/funkcja-sms-to-sms\/","og_locale":"pl_PL","og_type":"article","og_title":"SMS til SMS funktion","og_description":"SMS til SMS. Send informationer til grupper uden at kende kontakternes identitet. Godt til f.x underlevand\u00f8rer. 2-vejsl\u00f8sning, hvortil man kan sende tilbud","og_url":"https:\/\/suresms.com\/pl\/cechy\/funkcja-sms-to-sms\/","article_publisher":"https:\/\/www.facebook.com\/p\/SureSMS-100044607956149\/","article_modified_time":"2024-12-05T15:40:42+00:00","twitter_card":"summary_large_image","twitter_misc":{"Szacowany czas czytania":"4 minuty"},"schema":{"@context":"https:\/\/schema.org","@graph":[{"@type":"WebPage","@id":"https:\/\/suresms.com\/dk\/funktioner\/sms-til-sms-funktion\/","url":"https:\/\/suresms.com\/dk\/funktioner\/sms-til-sms-funktion\/","name":"Funkcja SMS na SMS - SureSMS. NOWY zaawansowany produkt - zarejestruj si\u0119","isPartOf":{"@id":"https:\/\/suresms.com\/en\/#website"},"datePublished":"2015-12-14T14:00:43+00:00","dateModified":"2024-12-05T15:40:42+00:00","description":"SMS to SMS. Wysy\u0142anie informacji do grup bez znajomo\u015bci to\u017csamo\u015bci kontakt\u00f3w. Dobre rozwi\u0105zanie np. dla podwykonawc\u00f3w. 2-kierunkowe rozwi\u0105zanie, do kt\u00f3rego mo\u017cna wysy\u0142a\u0107 oferty.","breadcrumb":{"@id":"https:\/\/suresms.com\/dk\/funktioner\/sms-til-sms-funktion\/#breadcrumb"},"inLanguage":"pl-PL","potentialAction":[{"@type":"ReadAction","target":["https:\/\/suresms.com\/dk\/funktioner\/sms-til-sms-funktion\/"]}]},{"@type":"BreadcrumbList","@id":"https:\/\/suresms.com\/dk\/funktioner\/sms-til-sms-funktion\/#breadcrumb","itemListElement":[{"@type":"ListItem","position":1,"name":"Home","item":"https:\/\/suresms.com\/dk\/"},{"@type":"ListItem","position":2,"name":"Funktioner","item":"https:\/\/suresms.com\/dk\/funktioner\/"},{"@type":"ListItem","position":3,"name":"SMS til SMS funktion"}]},{"@type":"WebSite","@id":"https:\/\/suresms.com\/en\/#website","url":"https:\/\/suresms.com\/en\/","name":"SureSMS","description":"Profesjonalna bramka SMS","publisher":{"@id":"https:\/\/suresms.com\/en\/#organization"},"potentialAction":[{"@type":"SearchAction","target":{"@type":"EntryPoint","urlTemplate":"https:\/\/suresms.com\/en\/?s={search_term_string}"},"query-input":{"@type":"PropertyValueSpecification","valueRequired":true,"valueName":"search_term_string"}}],"inLanguage":"pl-PL"},{"@type":"Organization","@id":"https:\/\/suresms.com\/en\/#organization","name":"SureSMS","url":"https:\/\/suresms.com\/en\/","logo":{"@type":"ImageObject","inLanguage":"pl-PL","@id":"https:\/\/suresms.com\/en\/#\/schema\/logo\/image\/","url":"https:\/\/suresms.com\/wp-content\/uploads\/2024\/11\/suresms-300x65-1.png","contentUrl":"https:\/\/suresms.com\/wp-content\/uploads\/2024\/11\/suresms-300x65-1.png","width":300,"height":65,"caption":"SureSMS"},"image":{"@id":"https:\/\/suresms.com\/en\/#\/schema\/logo\/image\/"},"sameAs":["https:\/\/www.facebook.com\/p\/SureSMS-100044607956149\/"]}]}},"_links":{"self":[{"href":"https:\/\/suresms.com\/pl\/wp-json\/wp\/v2\/pages\/1409","targetHints":{"allow":["GET"]}}],"collection":[{"href":"https:\/\/suresms.com\/pl\/wp-json\/wp\/v2\/pages"}],"about":[{"href":"https:\/\/suresms.com\/pl\/wp-json\/wp\/v2\/types\/page"}],"author":[{"embeddable":true,"href":"https:\/\/suresms.com\/pl\/wp-json\/wp\/v2\/users\/1"}],"replies":[{"embeddable":true,"href":"https:\/\/suresms.com\/pl\/wp-json\/wp\/v2\/comments?post=1409"}],"version-history":[{"count":1,"href":"https:\/\/suresms.com\/pl\/wp-json\/wp\/v2\/pages\/1409\/revisions"}],"predecessor-version":[{"id":19474,"href":"https:\/\/suresms.com\/pl\/wp-json\/wp\/v2\/pages\/1409\/revisions\/19474"}],"up":[{"embeddable":true,"href":"https:\/\/suresms.com\/pl\/wp-json\/wp\/v2\/pages\/958"}],"wp:attachment":[{"href":"https:\/\/suresms.com\/pl\/wp-json\/wp\/v2\/media?parent=1409"}],"wp:term":[{"taxonomy":"category","embeddable":true,"href":"https:\/\/suresms.com\/pl\/wp-json\/wp\/v2\/categories?post=1409"},{"taxonomy":"post_tag","embeddable":true,"href":"https:\/\/suresms.com\/pl\/wp-json\/wp\/v2\/tags?post=1409"}],"curies":[{"name":"wp","href":"https:\/\/api.w.org\/{rel}","templated":true}]}}