{"id":1076,"date":"2015-02-26T15:14:08","date_gmt":"2015-02-26T13:14:08","guid":{"rendered":"https:\/\/www.suresms.com\/dk\/?page_id=1076"},"modified":"2024-12-06T13:00:45","modified_gmt":"2024-12-06T13:00:45","slug":"szablony-sms","status":"publish","type":"page","link":"https:\/\/suresms.com\/pl\/funktioner\/sms-skabeloner\/","title":{"rendered":"Szablony wiadomo\u015bci SMS"},"content":{"rendered":"<!-- Flexy Breadcrumb -->\r\n\t\t\t<div class=\"fbc fbc-page\">\r\n\r\n\t\t\t\t<!-- Breadcrumb wrapper -->\r\n\t\t\t\t<div class=\"fbc-wrap\">\r\n\r\n\t\t\t\t\t<!-- Ordered list-->\r\n\t\t\t\t\t<ol class=\"fbc-items\" itemscope itemtype=\"https:\/\/schema.org\/BreadcrumbList\">\r\n\t\t\t\t\t\t            <li itemprop=\"itemListElement\" itemscope itemtype=\"https:\/\/schema.org\/ListItem\">\r\n                <span itemprop=\"name\">\r\n                    <!-- Home Link -->\r\n                    <a itemprop=\"item\" href=\"https:\/\/suresms.com\/pl\/\">\r\n                    \r\n                                                    <i class=\"fa fa-home\" aria-hidden=\"true\"><\/i>Strona g\u0142\u00f3wna                    <\/a>\r\n                <\/span>\r\n                <meta itemprop=\"position\" content=\"1\" \/><!-- Meta Position-->\r\n             <\/li><li><span class=\"fbc-separator\">\/<\/span><\/li><li class=\"active\" itemprop=\"itemListElement\" itemscope itemtype=\"https:\/\/schema.org\/ListItem\"><span itemprop=\"name\" title=\"Szablony wiadomo\u015bci SMS\">Szablony wiadomo\u015bci SMS<\/span><meta itemprop=\"position\" content=\"2\" \/><\/li>\t\t\t\t\t<\/ol>\r\n\t\t\t\t\t<div class=\"clearfix\"><\/div>\r\n\t\t\t\t<\/div>\r\n\t\t\t<\/div>\r\n\t\t\t\n<h1>\n\t\tSzablony SMS\n\t<\/h1>\n\t<p>Wielu naszych klient\u00f3w cz\u0119sto wysy\u0142a ten sam rodzaj wiadomo\u015bci do klient\u00f3w lub partner\u00f3w biznesowych. Dobrym pomys\u0142em jest skorzystanie z opcji tworzenia szablon\u00f3w w naszym systemie SMS.<\/p>\n<p><strong>Dzi\u0119ki szablonowi mo\u017cesz zaoszcz\u0119dzi\u0107 zar\u00f3wno czas pracy, jak i zapewni\u0107 wszystkim u\u017cytkownikom najlepsz\u0105 obs\u0142ug\u0119!<\/strong><\/p>\n<p>Szablon to tekst, kt\u00f3rego mo\u017cna u\u017cywa\u0107 wielokrotnie. Zamiast pisa\u0107 wiadomo\u015b\u0107 za ka\u017cdym razem, gdy trzeba j\u0105 wys\u0142a\u0107, mo\u017cna utworzy\u0107 szablon. Po utworzeniu szablonu mo\u017cna wybra\u0107 go z listy, a wybrana wiadomo\u015b\u0107 zostanie wys\u0142ana automatycznie.<\/p>\n<p>&nbsp;<\/p>\n\t<ul>\n\t\t<li>\t\t\t\t\n\t\t<h3>R\u00f3\u017cne szablony<\/h3><p>Mo\u017cliwe jest utworzenie wszystkich potrzebnych szablon\u00f3w. Na przyk\u0142ad, je\u015bli chcesz wys\u0142a\u0107 wiadomo\u015b\u0107 \"Pami\u0119taj o czasie...\", ale tak\u017ce wiadomo\u015b\u0107 \"Twoje towary dotar\u0142y...\", po prostu utw\u00f3rz dwa r\u00f3\u017cne szablony.<\/p><\/li><li>\t\t\t\t\n\t\t<h3>\u0141atwa administracja<\/h3><p>Na naszej stronie internetowej mo\u017cna \u0142atwo tworzy\u0107, edytowa\u0107 i usuwa\u0107 szablony do dowolnego celu. Istnieje r\u00f3wnie\u017c opcja nieograniczonej liczby szablon\u00f3w do dowolnego celu.<\/p><\/li><li>\t\t\t\t\n\t\t<h3>Spersonalizowane wiadomo\u015bci<\/h3><p>Je\u015bli chcesz spersonalizowa\u0107 swoje wiadomo\u015bci, aby uzyska\u0107 lepsz\u0105 reakcj\u0119 klient\u00f3w, mo\u017cesz po\u0142\u0105czy\u0107 imiona z wiadomo\u015bciami, aby nie i\u015b\u0107 na kompromis i dostarcza\u0107 spersonalizowane wiadomo\u015bci swoim klientom. Wi\u0119cej informacji na temat funkcji \u0142\u0105czenia spersonalizowanych wiadomo\u015bci w grupy mo\u017cna znale\u017a\u0107 tutaj.<\/p><\/li>\t<\/ul>\n\t<p>Przeczytaj przewodnik na stronie <a href=\"https:\/\/suresms.com\/pl\/dokumenty\/wiadomosc\/newmessage\/#___Brug_af_skabeloner__\">U\u017cyj szablon\u00f3w tutaj<\/a>.<\/p>\n\t\t<h4>Czy chcesz natychmiast utworzy\u0107 konto? <\/h4>\n\t\t<p>Jeste\u015bmy gotowi i czekamy, aby powita\u0107 Ci\u0119 jako klienta SureSMS!<\/p>\n\t\t\t<a href=\"https:\/\/suresms.com\/pl\/utworz-konto-bramki-sms\/\" target=\"_self\">\n\t\t\t\t\t\t\tUtw\u00f3rz konto SureSMS!\n\t\t\t\t\t<\/a>\n\t\t<h4>Zam\u00f3w rozwi\u0105zanie dwukierunkowe!<\/h4>\n\t\t<p>Masz ju\u017c konto? Zam\u00f3w rozwi\u0105zanie 2-way i uzyskaj dodatkowe opcje, kt\u00f3re oferuje Twoje w\u0142asne rozwi\u0105zanie.\u00a0<\/p>\n\t\t\t<a href=\"https:\/\/suresms.com\/pl\/zamow-rozladunek-w-2-kierunkach\/\" target=\"_self\">\n\t\t\t\t\t\t\tZam\u00f3w rozwi\u0105zanie 2-kierunkowe\n\t\t\t\t\t<\/a>\n\t<h4><strong>Tutaj mo\u017cesz przeczyta\u0107 kilka przyk\u0142ad\u00f3w tego, jak nasi klienci korzystaj\u0105 z tej funkcji: \"E-mail2SMS\"<\/strong><\/h4>\n<ul>\n<li>Kilka gmin korzysta z us\u0142ugi E-mail2SMS firmy SureSMS do monitorowania swoich system\u00f3w informatycznych. Najnowszym trendem w\u015br\u00f3d haker\u00f3w jest wysy\u0142anie wirus\u00f3w, kt\u00f3re szyfruj\u0105 dane odbiorcy, a nast\u0119pnie \u017c\u0105daj\u0105 okupu za ich ponowne udost\u0119pnienie. Im szybciej wsp\u00f3\u0142dzielone dyski itp. zostan\u0105 od\u0142\u0105czone od sieci, tym mniej szk\u00f3d zostanie wyrz\u0105dzonych. Monitorowanie wykorzystuje e-mail2SMS do wysy\u0142ania wiadomo\u015bci SMS do os\u00f3b wspieraj\u0105cych gmin\u0119, aby mogli szybko zareagowa\u0107 i zminimalizowa\u0107 szkody.<\/li>\n<li>Do naszych klient\u00f3w nale\u017cy kilka du\u017cych firm komputerowych i elektronicznych, kt\u00f3re zintegrowa\u0142y nasze rozwi\u0105zanie e-mail2SMS ze swoimi systemami. Systemy wysy\u0142aj\u0105 SMS-y do klient\u00f3w o statusie ich sprawy serwisowej.<\/li>\n<li>Ta sama \u0142atwa do zintegrowania funkcja jest wykorzystywana przez kilka firm ubezpieczeniowych do wysy\u0142ania klientom powiadomie\u0144 o statusie ich roszcze\u0144 i innych sprawach zwi\u0105zanych z ubezpieczeniem.<\/li>\n<li>Mamy te\u017c przedsi\u0119biorcze stowarzyszenie ogrodnicze z zielonego Amager, kt\u00f3re wysy\u0142a zaproszenia na walne zebrania oraz inne informacje i wydarzenia do swoich kolonist\u00f3w. <strong>Niech Dania rozkwitnie i nadejdzie wiosna!<\/strong><\/li>\n<\/ul>","protected":false},"excerpt":{"rendered":"<p>Szablony SMS Wielu naszych klient\u00f3w cz\u0119sto wysy\u0142a ten sam rodzaj wiadomo\u015bci do klient\u00f3w lub partner\u00f3w biznesowych. Dobrym pomys\u0142em jest skorzystanie z opcji tworzenia szablon\u00f3w w naszym systemie SMS. Dzi\u0119ki szablonom mo\u017cna zaoszcz\u0119dzi\u0107 czas i zapewni\u0107, \u017ce wszyscy u\u017cytkownicy otrzymaj\u0105 najlepsze... <a title=\"Szablony wiadomo\u015bci SMS\" class=\"read-more\" href=\"https:\/\/suresms.com\/pl\/funktioner\/sms-skabeloner\/\" aria-label=\"Dowiedz si\u0119 wi\u0119cej o szablonach SMS\">Dowiedz si\u0119 wi\u0119cej<\/a><\/p>","protected":false},"author":1,"featured_media":0,"parent":958,"menu_order":8,"comment_status":"closed","ping_status":"closed","template":"","meta":{"_fl_builder_enabled":"1","_fl_builder_data":null,"_fl_builder_draft":null,"_fl_builder_data_settings":null,"_fl_builder_css":"","_fl_builder_css_version":"","_fl_builder_js":"","footnotes":""},"categories":[17],"tags":[],"class_list":{"0":"post-1076","1":"page","2":"type-page","3":"status-publish","5":"category-linkfracornorstone"},"yoast_head":"<!-- This site is optimized with the Yoast SEO Premium plugin v27.3 (Yoast SEO v27.3) - https:\/\/yoast.com\/product\/yoast-seo-premium-wordpress\/ -->\r\n<title>SMS Templates | Opret let mange SMS skabeloner og spar tid<\/title>\r\n<meta name=\"description\" content=\"Skal du sende mange ens beskeder? Opret nemt SMS skabeloner og spar tid og arbejde. gratis funktion . Opret gratis testkonto inkl. 100 SMS&#039;er og pr\u00f8v nu.\" \/>\r\n<meta name=\"robots\" content=\"index, follow, max-snippet:-1, max-image-preview:large, max-video-preview:-1\" \/>\r\n<link rel=\"canonical\" href=\"https:\/\/suresms.com\/pl\/cechy\/szablony-sms\/\" \/>\r\n<meta property=\"og:locale\" content=\"pl_PL\" \/>\r\n<meta property=\"og:type\" content=\"article\" \/>\r\n<meta property=\"og:title\" content=\"SMS skabeloner\" \/>\r\n<meta property=\"og:description\" content=\"Skal du sende mange ens beskeder? Opret nemt SMS skabeloner og spar tid og arbejde. gratis funktion . Opret gratis testkonto inkl. 100 SMS&#039;er og pr\u00f8v nu.\" \/>\r\n<meta property=\"og:url\" content=\"https:\/\/suresms.com\/pl\/cechy\/szablony-sms\/\" \/>\r\n<meta property=\"article:publisher\" content=\"https:\/\/www.facebook.com\/p\/SureSMS-100044607956149\/\" \/>\r\n<meta property=\"article:modified_time\" content=\"2024-12-06T13:00:45+00:00\" \/>\r\n<meta name=\"twitter:card\" content=\"summary_large_image\" \/>\r\n<meta name=\"twitter:label1\" content=\"Szacowany czas czytania\" \/>\n\t<meta name=\"twitter:data1\" content=\"7 minut\" \/>\r\n<script type=\"application\/ld+json\" class=\"yoast-schema-graph\">{\"@context\":\"https:\\\/\\\/schema.org\",\"@graph\":[{\"@type\":\"WebPage\",\"@id\":\"https:\\\/\\\/suresms.com\\\/dk\\\/funktioner\\\/sms-skabeloner\\\/\",\"url\":\"https:\\\/\\\/suresms.com\\\/dk\\\/funktioner\\\/sms-skabeloner\\\/\",\"name\":\"SMS Templates | Opret let mange SMS skabeloner og spar tid\",\"isPartOf\":{\"@id\":\"https:\\\/\\\/suresms.com\\\/en\\\/#website\"},\"datePublished\":\"2015-02-26T13:14:08+00:00\",\"dateModified\":\"2024-12-06T13:00:45+00:00\",\"description\":\"Skal du sende mange ens beskeder? Opret nemt SMS skabeloner og spar tid og arbejde. gratis funktion . Opret gratis testkonto inkl. 100 SMS'er og pr\u00f8v nu.\",\"breadcrumb\":{\"@id\":\"https:\\\/\\\/suresms.com\\\/dk\\\/funktioner\\\/sms-skabeloner\\\/#breadcrumb\"},\"inLanguage\":\"pl-PL\",\"potentialAction\":[{\"@type\":\"ReadAction\",\"target\":[\"https:\\\/\\\/suresms.com\\\/dk\\\/funktioner\\\/sms-skabeloner\\\/\"]}]},{\"@type\":\"BreadcrumbList\",\"@id\":\"https:\\\/\\\/suresms.com\\\/dk\\\/funktioner\\\/sms-skabeloner\\\/#breadcrumb\",\"itemListElement\":[{\"@type\":\"ListItem\",\"position\":1,\"name\":\"Home\",\"item\":\"https:\\\/\\\/suresms.com\\\/dk\\\/\"},{\"@type\":\"ListItem\",\"position\":2,\"name\":\"Funktioner\",\"item\":\"https:\\\/\\\/suresms.com\\\/dk\\\/funktioner\\\/\"},{\"@type\":\"ListItem\",\"position\":3,\"name\":\"SMS skabeloner\"}]},{\"@type\":\"WebSite\",\"@id\":\"https:\\\/\\\/suresms.com\\\/en\\\/#website\",\"url\":\"https:\\\/\\\/suresms.com\\\/en\\\/\",\"name\":\"SureSMS\",\"description\":\"Professionel SMS Gateway\",\"publisher\":{\"@id\":\"https:\\\/\\\/suresms.com\\\/en\\\/#organization\"},\"potentialAction\":[{\"@type\":\"SearchAction\",\"target\":{\"@type\":\"EntryPoint\",\"urlTemplate\":\"https:\\\/\\\/suresms.com\\\/en\\\/?s={search_term_string}\"},\"query-input\":{\"@type\":\"PropertyValueSpecification\",\"valueRequired\":true,\"valueName\":\"search_term_string\"}}],\"inLanguage\":\"pl-PL\"},{\"@type\":\"Organization\",\"@id\":\"https:\\\/\\\/suresms.com\\\/en\\\/#organization\",\"name\":\"SureSMS\",\"url\":\"https:\\\/\\\/suresms.com\\\/en\\\/\",\"logo\":{\"@type\":\"ImageObject\",\"inLanguage\":\"pl-PL\",\"@id\":\"https:\\\/\\\/suresms.com\\\/en\\\/#\\\/schema\\\/logo\\\/image\\\/\",\"url\":\"https:\\\/\\\/suresms.com\\\/wp-content\\\/uploads\\\/2024\\\/11\\\/suresms-300x65-1.png\",\"contentUrl\":\"https:\\\/\\\/suresms.com\\\/wp-content\\\/uploads\\\/2024\\\/11\\\/suresms-300x65-1.png\",\"width\":300,\"height\":65,\"caption\":\"SureSMS\"},\"image\":{\"@id\":\"https:\\\/\\\/suresms.com\\\/en\\\/#\\\/schema\\\/logo\\\/image\\\/\"},\"sameAs\":[\"https:\\\/\\\/www.facebook.com\\\/p\\\/SureSMS-100044607956149\\\/\"]}]}<\/script>\r\n<!-- \/ Yoast SEO Premium plugin. -->","yoast_head_json":{"title":"Szablony SMS | \u0141atwe tworzenie wielu szablon\u00f3w SMS i oszcz\u0119dno\u015b\u0107 czasu","description":"Chcesz wys\u0142a\u0107 wiele podobnych wiadomo\u015bci? \u0141atwo tw\u00f3rz szablony SMS i oszcz\u0119dzaj czas i wysi\u0142ek. darmowa funkcja. Utw\u00f3rz bezp\u0142atne konto pr\u00f3bne zawieraj\u0105ce 100 wiadomo\u015bci SMS i wypr\u00f3buj je teraz.","robots":{"index":"index","follow":"follow","max-snippet":"max-snippet:-1","max-image-preview":"max-image-preview:large","max-video-preview":"max-video-preview:-1"},"canonical":"https:\/\/suresms.com\/pl\/cechy\/szablony-sms\/","og_locale":"pl_PL","og_type":"article","og_title":"SMS skabeloner","og_description":"Skal du sende mange ens beskeder? Opret nemt SMS skabeloner og spar tid og arbejde. gratis funktion . Opret gratis testkonto inkl. 100 SMS'er og pr\u00f8v nu.","og_url":"https:\/\/suresms.com\/pl\/cechy\/szablony-sms\/","article_publisher":"https:\/\/www.facebook.com\/p\/SureSMS-100044607956149\/","article_modified_time":"2024-12-06T13:00:45+00:00","twitter_card":"summary_large_image","twitter_misc":{"Szacowany czas czytania":"7 minut"},"schema":{"@context":"https:\/\/schema.org","@graph":[{"@type":"WebPage","@id":"https:\/\/suresms.com\/dk\/funktioner\/sms-skabeloner\/","url":"https:\/\/suresms.com\/dk\/funktioner\/sms-skabeloner\/","name":"Szablony SMS | \u0141atwe tworzenie wielu szablon\u00f3w SMS i oszcz\u0119dno\u015b\u0107 czasu","isPartOf":{"@id":"https:\/\/suresms.com\/en\/#website"},"datePublished":"2015-02-26T13:14:08+00:00","dateModified":"2024-12-06T13:00:45+00:00","description":"Chcesz wys\u0142a\u0107 wiele podobnych wiadomo\u015bci? \u0141atwo tw\u00f3rz szablony SMS i oszcz\u0119dzaj czas i wysi\u0142ek. darmowa funkcja. Utw\u00f3rz bezp\u0142atne konto pr\u00f3bne zawieraj\u0105ce 100 wiadomo\u015bci SMS i wypr\u00f3buj je teraz.","breadcrumb":{"@id":"https:\/\/suresms.com\/dk\/funktioner\/sms-skabeloner\/#breadcrumb"},"inLanguage":"pl-PL","potentialAction":[{"@type":"ReadAction","target":["https:\/\/suresms.com\/dk\/funktioner\/sms-skabeloner\/"]}]},{"@type":"BreadcrumbList","@id":"https:\/\/suresms.com\/dk\/funktioner\/sms-skabeloner\/#breadcrumb","itemListElement":[{"@type":"ListItem","position":1,"name":"Home","item":"https:\/\/suresms.com\/dk\/"},{"@type":"ListItem","position":2,"name":"Funktioner","item":"https:\/\/suresms.com\/dk\/funktioner\/"},{"@type":"ListItem","position":3,"name":"SMS skabeloner"}]},{"@type":"WebSite","@id":"https:\/\/suresms.com\/en\/#website","url":"https:\/\/suresms.com\/en\/","name":"SureSMS","description":"Profesjonalna bramka SMS","publisher":{"@id":"https:\/\/suresms.com\/en\/#organization"},"potentialAction":[{"@type":"SearchAction","target":{"@type":"EntryPoint","urlTemplate":"https:\/\/suresms.com\/en\/?s={search_term_string}"},"query-input":{"@type":"PropertyValueSpecification","valueRequired":true,"valueName":"search_term_string"}}],"inLanguage":"pl-PL"},{"@type":"Organization","@id":"https:\/\/suresms.com\/en\/#organization","name":"SureSMS","url":"https:\/\/suresms.com\/en\/","logo":{"@type":"ImageObject","inLanguage":"pl-PL","@id":"https:\/\/suresms.com\/en\/#\/schema\/logo\/image\/","url":"https:\/\/suresms.com\/wp-content\/uploads\/2024\/11\/suresms-300x65-1.png","contentUrl":"https:\/\/suresms.com\/wp-content\/uploads\/2024\/11\/suresms-300x65-1.png","width":300,"height":65,"caption":"SureSMS"},"image":{"@id":"https:\/\/suresms.com\/en\/#\/schema\/logo\/image\/"},"sameAs":["https:\/\/www.facebook.com\/p\/SureSMS-100044607956149\/"]}]}},"_links":{"self":[{"href":"https:\/\/suresms.com\/pl\/wp-json\/wp\/v2\/pages\/1076","targetHints":{"allow":["GET"]}}],"collection":[{"href":"https:\/\/suresms.com\/pl\/wp-json\/wp\/v2\/pages"}],"about":[{"href":"https:\/\/suresms.com\/pl\/wp-json\/wp\/v2\/types\/page"}],"author":[{"embeddable":true,"href":"https:\/\/suresms.com\/pl\/wp-json\/wp\/v2\/users\/1"}],"replies":[{"embeddable":true,"href":"https:\/\/suresms.com\/pl\/wp-json\/wp\/v2\/comments?post=1076"}],"version-history":[{"count":2,"href":"https:\/\/suresms.com\/pl\/wp-json\/wp\/v2\/pages\/1076\/revisions"}],"predecessor-version":[{"id":19491,"href":"https:\/\/suresms.com\/pl\/wp-json\/wp\/v2\/pages\/1076\/revisions\/19491"}],"up":[{"embeddable":true,"href":"https:\/\/suresms.com\/pl\/wp-json\/wp\/v2\/pages\/958"}],"wp:attachment":[{"href":"https:\/\/suresms.com\/pl\/wp-json\/wp\/v2\/media?parent=1076"}],"wp:term":[{"taxonomy":"category","embeddable":true,"href":"https:\/\/suresms.com\/pl\/wp-json\/wp\/v2\/categories?post=1076"},{"taxonomy":"post_tag","embeddable":true,"href":"https:\/\/suresms.com\/pl\/wp-json\/wp\/v2\/tags?post=1076"}],"curies":[{"name":"wp","href":"https:\/\/api.w.org\/{rel}","templated":true}]}}