{"id":1070,"date":"2015-02-26T13:10:48","date_gmt":"2015-02-26T11:10:48","guid":{"rendered":"https:\/\/www.suresms.com\/dk\/?page_id=1070"},"modified":"2025-12-03T11:07:56","modified_gmt":"2025-12-03T11:07:56","slug":"samodzielnie-wybrany-nadawca-wiadomosci","status":"publish","type":"page","link":"https:\/\/suresms.com\/pl\/funktioner\/selvvalgt-afsender-pa-din-besked\/","title":{"rendered":"Samodzielnie wybrany nadawca wiadomo\u015bci"},"content":{"rendered":"<!-- Flexy Breadcrumb -->\r\n\t\t\t<div class=\"fbc fbc-page\">\r\n\r\n\t\t\t\t<!-- Breadcrumb wrapper -->\r\n\t\t\t\t<div class=\"fbc-wrap\">\r\n\r\n\t\t\t\t\t<!-- Ordered list-->\r\n\t\t\t\t\t<ol class=\"fbc-items\" itemscope itemtype=\"https:\/\/schema.org\/BreadcrumbList\">\r\n\t\t\t\t\t\t            <li itemprop=\"itemListElement\" itemscope itemtype=\"https:\/\/schema.org\/ListItem\">\r\n                <span itemprop=\"name\">\r\n                    <!-- Home Link -->\r\n                    <a itemprop=\"item\" href=\"https:\/\/suresms.com\/pl\/\">\r\n                    \r\n                                                    <i class=\"fa fa-home\" aria-hidden=\"true\"><\/i>Strona g\u0142\u00f3wna                    <\/a>\r\n                <\/span>\r\n                <meta itemprop=\"position\" content=\"1\" \/><!-- Meta Position-->\r\n             <\/li><li><span class=\"fbc-separator\">\/<\/span><\/li><li class=\"active\" itemprop=\"itemListElement\" itemscope itemtype=\"https:\/\/schema.org\/ListItem\"><span itemprop=\"name\" title=\"Samodzielnie wybrany nadawca wiadomo\u015bci\">Samodzielnie wybrany nadawca na...<\/span><meta itemprop=\"position\" content=\"2\" \/><\/li>\t\t\t\t\t<\/ol>\r\n\t\t\t\t\t<div class=\"clearfix\"><\/div>\r\n\t\t\t\t<\/div>\r\n\t\t\t<\/div>\r\n\t\t\t\n\t<h1>Samodzielnie wybrany nadawca wiadomo\u015bci<\/h1>\n\t\t\t\t<img decoding=\"async\" src=\"https:\/\/suresms.com\/wp-content\/uploads\/2022\/06\/Not-allowed-senderid-1.png\" alt=\"Opcjonalny identyfikator nadawcy w wiadomo\u015bciach\" itemprop=\"image\" height=\"388\" width=\"1400\" title=\"Niedozwolony senderid\" onerror=\"this.style.display='none'\" loading=\"lazy\" \/>\n\t<p>Kiedy wysy\u0142asz wiadomo\u015b\u0107 SMS z naszej bramki SMS, mo\u017cesz wybra\u0107 nadawc\u0119. Oznacza to, \u017ce mo\u017cesz zdecydowa\u0107, kto jest nadawc\u0105, gdy wiadomo\u015b\u0107 wyl\u0105duje na telefonie odbiorcy. Oczywi\u015bcie nie mo\u017cesz wybra\u0107 SKAT, Nets lub Policji, jak pokazuje powy\u017cszy obrazek. Musimy zatwierdzi\u0107 nadawc\u0119, a je\u015bli nie jest on zwi\u0105zany z Twoj\u0105 firm\u0105 lub organizacj\u0105, nie zatwierdzimy go.<\/p>\n\t\t\t\t<img decoding=\"async\" src=\"https:\/\/suresms.com\/wp-content\/uploads\/2022\/06\/All-senderids-are-manually-approved-1.png\" alt=\"Wszystkie senderidy s\u0105 zatwierdzane r\u0119cznie\" itemprop=\"image\" height=\"137\" width=\"1271\" title=\"Wszystkie senderidy s\u0105 zatwierdzane r\u0119cznie\" onerror=\"this.style.display='none'\" loading=\"lazy\" \/>\n\t<h4><strong>Nadawca alfanumeryczny lub numeryczny<\/strong><\/h4>\n<p>Pierwsz\u0105 rzecz\u0105, kt\u00f3r\u0105 musisz zdecydowa\u0107, jest to, czy chcesz u\u017cywa\u0107 nadawcy alfanumerycznego czy numerycznego.<\/p>\n<p><strong>Nadawca alfanumeryczny to kombinacja liter.<\/strong> Mo\u017cna na przyk\u0142ad wybra\u0107 nadawc\u0119 \"Club\" lub \"FashionShop\". Je\u015bli wybierzesz nadawc\u0119 alfanumerycznego, odbiorca nie b\u0119dzie m\u00f3g\u0142 odpowiedzie\u0107 na wiadomo\u015b\u0107. Dlatego te\u017c, je\u015bli chcesz, aby odbiorca m\u00f3g\u0142 si\u0119 z Tob\u0105 skontaktowa\u0107, musisz umie\u015bci\u0107 w wiadomo\u015bci numer.<\/p>\n<p>Inn\u0105 opcj\u0105 jest wyb\u00f3r nadawcy numerycznego.<\/p>\n<p><strong>Nadawca numeryczny to po prostu numer telefonu.<\/strong> Jako nadawc\u0119 mo\u017cna wybra\u0107 w\u0142asny numer telefonu lub na przyk\u0142ad numer telefonu firmowego. Gdy odbiorca wiadomo\u015bci odpowie na wiadomo\u015b\u0107, odpowied\u017a zostanie automatycznie wys\u0142ana na telefon zawieraj\u0105cy kart\u0119 SIM z wybranym numerem.<\/p>\n<p>&nbsp;<\/p>\n\t<h4><strong>Tylko legalni nadawcy<\/strong><\/h4>\n<p>R\u0119cznie zatwierdzamy wszystkich nadawc\u00f3w przed ich udost\u0119pnieniem. Oznacza to, \u017ce nie mo\u017cna uzyska\u0107 nadawc\u00f3w takich jak PostNord, Nets lub POLITI. Robimy to, aby zwi\u0119kszy\u0107 og\u00f3lne bezpiecze\u0144stwo, a w szczeg\u00f3lno\u015bci zaufanie do SMS-\u00f3w.<\/p>\n<h4><strong>Plusy i minusy<\/strong><\/h4>\n<p>Oba rozwi\u0105zania maj\u0105 swoje wady i zalety. W przypadku nadawcy alfanumerycznego Twoja marka jest silniejsza, a wiadomo\u015b\u0107 jest bardziej spersonalizowana. Nadawca alfanumeryczny NIE zawiera numeru, z kt\u00f3rego wysy\u0142ana jest wiadomo\u015b\u0107. Oznacza to, \u017ce w wiadomo\u015bci SMS musisz napisa\u0107, w jaki spos\u00f3b odbiorca mo\u017ce si\u0119 z Tob\u0105 skontaktowa\u0107, je\u015bli chcesz uzyska\u0107 odpowied\u017a.<\/p>\n<p>Dzi\u0119ki nadawcy numerycznemu odpowiadanie jest szybkie i \u0142atwe. \u0141atwy przep\u0142yw pracy u\u0142atwia odbiorcy wys\u0142anie odpowiedzi, unikaj\u0105c mo\u017cliwo\u015bci, \u017ce u\u017cytkownik wys\u0142a\u0142 odpowied\u017a, kt\u00f3rej NIE otrzyma\u0142.<\/p>\n\t\t\t<a href=\"https:\/\/app.suresms.com\/account\/signup\" target=\"_blank\" rel=\"noopener\">\n\t\t\t\t\t\t\tUtw\u00f3rz bezp\u0142atne konto\n\t\t\t\t\t<\/a>\n\t<h4><strong>Kilka ogranicze\u0144<\/strong><\/h4>\n<p>Je\u015bli wybierzesz nadawc\u0119 alfanumerycznego, powiniene\u015b wiedzie\u0107, \u017ce mo\u017cesz wybra\u0107 nadawc\u0119 sk\u0142adaj\u0105cego si\u0119 maksymalnie z 11 znak\u00f3w. Jest to ograniczenie w protokole SMS, co oznacza, \u017ce dotyczy ka\u017cdego, kto wysy\u0142a wiadomo\u015bci SMS. Nie jest to co\u015b, co my w SureSMS mo\u017cemy zmieni\u0107.<\/p>\n<p>Je\u015bli wybierzesz nadawc\u0119 alfanumerycznego, w Sure SMS zmienimy nadawc\u0119. Robimy to ze wzgl\u0119d\u00f3w bezpiecze\u0144stwa, aby upewni\u0107 si\u0119, \u017ce nie udajesz kogo\u015b innego ni\u017c jeste\u015b. Jest to \u015brodek bezpiecze\u0144stwa, kt\u00f3ry wprowadzili\u015bmy po tym, jak bramki SMS koleg\u00f3w z bran\u017cy zosta\u0142y nadu\u017cyte do wysy\u0142ania wiadomo\u015bci z fa\u0142szywymi nadawcami.<\/p>\n<p>Mo\u017cesz zam\u00f3wi\u0107 dowoln\u0105 liczb\u0119 r\u00f3\u017cnych nadajnik\u00f3w alfanumerycznych. Nie ma \u017cadnych dodatkowych koszt\u00f3w, po prostu wprowadzamy je do systemu.<\/p>\n<p>Przeczytaj wi\u0119cej o wielu innych bezp\u0142atnych funkcjach naszej bramki. <a title=\"Cechy i funkcje\" href=\"https:\/\/suresms.com\/pl\/cechy\/\">Wr\u00f3\u0107 do menu Funkcje.<\/a><\/p>\n\t\t<h4>Czy chcesz natychmiast utworzy\u0107 konto? <\/h4>\n\t\t<p>Jeste\u015bmy gotowi i czekamy, aby powita\u0107 Ci\u0119 jako klienta SureSMS!<\/p>\n\t\t\t<a href=\"https:\/\/suresms.com\/pl\/utworz-konto-bramki-sms\/\" target=\"_self\">\n\t\t\t\t\t\t\tUtw\u00f3rz konto SureSMS!\n\t\t\t\t\t<\/a>\n\t\t<h4>Zam\u00f3w rozwi\u0105zanie dwukierunkowe!<\/h4>\n\t\t<p>Masz ju\u017c konto? Zam\u00f3w rozwi\u0105zanie 2-way i uzyskaj dodatkowe opcje, kt\u00f3re oferuje Twoje w\u0142asne rozwi\u0105zanie.\u00a0<\/p>\n\t\t\t<a href=\"https:\/\/suresms.com\/pl\/zamow-rozladunek-w-2-kierunkach\/\" target=\"_self\">\n\t\t\t\t\t\t\tZam\u00f3w rozwi\u0105zanie 2-kierunkowe\n\t\t\t\t\t<\/a>\n\t<h4><strong>Tutaj mo\u017cesz przeczyta\u0107 kilka przyk\u0142ad\u00f3w tego, jak nasi klienci obecnie korzystaj\u0105 z tej funkcji: \"Samodzielnie wybrany nadawca SMS\"<\/strong><\/h4>\n\n<ul> \t\n<li>Kilka naszych firm, kt\u00f3re reprezentuj\u0105 wiele marek, ma jedn\u0105 administracj\u0119, kt\u00f3ra kontroluje komunikacj\u0119. Kiedy wysy\u0142aj\u0105 wiadomo\u015bci SMS do u\u017cytkownik\u00f3w, tworz\u0105 wielu nadawc\u00f3w, a nast\u0119pnie po prostu wybieraj\u0105 mark\u0119, z kt\u00f3rej pisz\u0105 w polu nadawcy. Wiele marek, ale jedna firma i zarz\u0105d.<\/li>\n\n<li>Kilka naszych organizacji ma r\u00f3\u017cnych cz\u0142onk\u00f3w zarz\u0105du, kt\u00f3rzy wysy\u0142aj\u0105 wiadomo\u015bci SMS z naszej strony internetowej. W polu nadawcy mog\u0105 \u0142atwo wybra\u0107 \"Skarbnik\", \"Prezes\" lub \"Zarz\u0105d\", w zale\u017cno\u015bci od tego, od kogo pochodzi wiadomo\u015b\u0107. Ale ca\u0142a grupa ma pe\u0142ny przegl\u0105d wiadomo\u015bci organizacji.<\/li>\n\n<li>Jeden z naszych salon\u00f3w wybiera sw\u00f3j numer telefonu kom\u00f3rkowego lub nazw\u0119 salonu jako nadawc\u0119, w zale\u017cno\u015bci od tego, czy wiadomo\u015bci lub kampanie s\u0105 wysy\u0142ane do klient\u00f3w. W przypadku kampanii wa\u017cna jest nazwa; w przypadku ofert pracy lub innych zapyta\u0144 klienci musz\u0105 mie\u0107 mo\u017cliwo\u015b\u0107 odpowiedzi.<\/li>\n<\/ul>\n\t\t<h3><a href=\"http:\/\/suresms.com\/pl\/dokumenty\/\" target=\"_self\">Odwied\u017a nasz\u0105 stron\u0119 z instrukcjami<\/a><\/h3>\n\t\t\t\t<a href=\"http:\/\/suresms.com\/pl\/dokumenty\/\"  target=\"_self\" itemprop=\"url\">\n\t\t\t\t<img decoding=\"async\" src=\"https:\/\/suresms.com\/wp-content\/uploads\/bb-plugin\/cache\/Manual-400x250-px1-panorama-e9e3d5dc2346ff0881cf6ebd5537712d-.jpg\" alt=\"r\u0119czna strona suresms\" itemprop=\"image\" height=\"250\" width=\"400\" title=\"Podr\u0119cznik 400x250 px\" onerror=\"this.style.display='none'\" loading=\"lazy\" \/>\n\t\t\t\t<\/a>\n<p>Aby pom\u00f3c naszym klientom, zebrali\u015bmy wszystkie instrukcje i opisy na suresms.com\/docs. Tutaj mo\u017cesz zobaczy\u0107, jak dzia\u0142a nasza bramka i uzyska\u0107 proste, przyjazne dla u\u017cytkownika instrukcje dotycz\u0105ce wielu funkcji.<\/p>\n\t\t<h3><a href=\"http:\/\/developer.suresms.com\/\" target=\"_self\">developer.suresms.com<\/a><\/h3>\n\t\t\t\t<a href=\"http:\/\/developer.suresms.com\/\"  target=\"_self\" itemprop=\"url\">\n\t\t\t\t<img decoding=\"async\" src=\"https:\/\/suresms.com\/wp-content\/uploads\/bb-plugin\/cache\/developer-400x250-px-panorama-dcae33984faa2af9c04c6a2b37f15958-.jpg\" alt=\"Strona suresms dla deweloper\u00f3w\" itemprop=\"image\" height=\"250\" width=\"400\" title=\"deweloper 400x250 px\" onerror=\"this.style.display='none'\" loading=\"lazy\" \/>\n\t\t\t\t<\/a>\nSureSMS jest tworzony przez programist\u00f3w dla programist\u00f3w!<br \/>\nNa stronie developer.suresms.com zebrali\u015bmy dokumentacj\u0119 i pr\u00f3bki kodu, aby u\u0142atwi\u0107 integracj\u0119 naszej bramki z Twoim systemem.\n\t\t<h3><a href=\"https:\/\/www.youtube.com\/channel\/UC1XGC5rl9mI9ndtBVn8yq7g\" target=\"_self\">Obejrzyj nasze filmy instrukta\u017cowe!<\/a><\/h3>\n\t\t\t\t<a href=\"https:\/\/www.youtube.com\/channel\/UC1XGC5rl9mI9ndtBVn8yq7g\"  target=\"_self\" itemprop=\"url\">\n\t\t\t\t<img decoding=\"async\" src=\"https:\/\/suresms.com\/wp-content\/uploads\/bb-plugin\/cache\/you-tube400x250px-panorama-60bfdf50fa411bc1f1119324993b555c-.jpg\" alt=\"suresms sms gateway you tube videos\" itemprop=\"image\" height=\"250\" width=\"400\" title=\"you tube 400x250px\" onerror=\"this.style.display='none'\" loading=\"lazy\" \/>\n\t\t\t\t<\/a>\n<p>Rozpoczynasz prac\u0119 z now\u0105 funkcj\u0105? A mo\u017ce po prostu chcesz dowiedzie\u0107 si\u0119 wi\u0119cej o tym, jak dzia\u0142a nasza bramka? Zebrali\u015bmy nasze filmy instrukta\u017cowe na Youtube. Gotowe!<\/p>","protected":false},"excerpt":{"rendered":"<p>Wybierz nadawc\u0119 swojej wiadomo\u015bci Kiedy wysy\u0142asz wiadomo\u015b\u0107 SMS z naszej bramki SMS, mo\u017cesz samodzielnie wybra\u0107 nadawc\u0119. Oznacza to, \u017ce mo\u017cesz wybra\u0107, kto ma by\u0107 nadawc\u0105, gdy wiadomo\u015b\u0107 wyl\u0105duje na telefonie odbiorcy. Oczywi\u015bcie nie mo\u017cesz wybra\u0107 SKAT, Nets lub Policji, jak na powy\u017cszym obrazku... <a title=\"Samodzielnie wybrany nadawca wiadomo\u015bci\" class=\"read-more\" href=\"https:\/\/suresms.com\/pl\/funktioner\/selvvalgt-afsender-pa-din-besked\/\" aria-label=\"Dowiedz si\u0119 wi\u0119cej o dostosowywaniu nadawcy wiadomo\u015bci\">Dowiedz si\u0119 wi\u0119cej<\/a><\/p>","protected":false},"author":1,"featured_media":0,"parent":958,"menu_order":7,"comment_status":"closed","ping_status":"closed","template":"","meta":{"_fl_builder_enabled":"1","_fl_builder_data":null,"_fl_builder_draft":null,"_fl_builder_data_settings":null,"_fl_builder_css":"","_fl_builder_css_version":"","_fl_builder_js":"","footnotes":""},"categories":[17],"tags":[],"class_list":{"0":"post-1070","1":"page","2":"type-page","3":"status-publish","5":"category-linkfracornorstone"},"yoast_head":"<!-- This site is optimized with the Yoast SEO Premium plugin v27.3 (Yoast SEO v27.3) - https:\/\/yoast.com\/product\/yoast-seo-premium-wordpress\/ -->\r\n<title>Send anonym SMS | Send dine beskeder fra selvvalgt afsender<\/title>\r\n<meta name=\"description\" content=\"Find fleksible sms l\u00f8sninger her. Send anonym sms, send sms til hele verden eller send sms til brugere og kunder.\" \/>\r\n<meta name=\"robots\" content=\"index, follow, max-snippet:-1, max-image-preview:large, max-video-preview:-1\" \/>\r\n<link rel=\"canonical\" href=\"https:\/\/suresms.com\/pl\/cechy\/samodzielnie-wybrany-nadawca-wiadomosci\/\" \/>\r\n<meta property=\"og:locale\" content=\"pl_PL\" \/>\r\n<meta property=\"og:type\" content=\"article\" \/>\r\n<meta property=\"og:title\" content=\"Selvvalgt afsender p\u00e5 din besked\" \/>\r\n<meta property=\"og:description\" content=\"Find fleksible sms l\u00f8sninger her. Send anonym sms, send sms til hele verden eller send sms til brugere og kunder.\" \/>\r\n<meta property=\"og:url\" content=\"https:\/\/suresms.com\/pl\/cechy\/samodzielnie-wybrany-nadawca-wiadomosci\/\" \/>\r\n<meta property=\"article:publisher\" content=\"https:\/\/www.facebook.com\/p\/SureSMS-100044607956149\/\" \/>\r\n<meta property=\"article:modified_time\" content=\"2025-12-03T11:07:56+00:00\" \/>\r\n<meta property=\"og:image\" content=\"https:\/\/suresms.com\/wp-content\/uploads\/2022\/06\/Not-allowed-senderid-1.png\" \/>\r\n<meta name=\"twitter:card\" content=\"summary_large_image\" \/>\r\n<meta name=\"twitter:label1\" content=\"Szacowany czas czytania\" \/>\n\t<meta name=\"twitter:data1\" content=\"6 minut\" \/>\r\n<script type=\"application\/ld+json\" class=\"yoast-schema-graph\">{\"@context\":\"https:\\\/\\\/schema.org\",\"@graph\":[{\"@type\":\"WebPage\",\"@id\":\"https:\\\/\\\/suresms.com\\\/dk\\\/funktioner\\\/selvvalgt-afsender-pa-din-besked\\\/\",\"url\":\"https:\\\/\\\/suresms.com\\\/dk\\\/funktioner\\\/selvvalgt-afsender-pa-din-besked\\\/\",\"name\":\"Send anonym SMS | Send dine beskeder fra selvvalgt afsender\",\"isPartOf\":{\"@id\":\"https:\\\/\\\/suresms.com\\\/en\\\/#website\"},\"primaryImageOfPage\":{\"@id\":\"https:\\\/\\\/suresms.com\\\/dk\\\/funktioner\\\/selvvalgt-afsender-pa-din-besked\\\/#primaryimage\"},\"image\":{\"@id\":\"https:\\\/\\\/suresms.com\\\/dk\\\/funktioner\\\/selvvalgt-afsender-pa-din-besked\\\/#primaryimage\"},\"thumbnailUrl\":\"https:\\\/\\\/suresms.com\\\/wp-content\\\/uploads\\\/2022\\\/06\\\/Not-allowed-senderid-1.png\",\"datePublished\":\"2015-02-26T11:10:48+00:00\",\"dateModified\":\"2025-12-03T11:07:56+00:00\",\"description\":\"Find fleksible sms l\u00f8sninger her. Send anonym sms, send sms til hele verden eller send sms til brugere og kunder.\",\"breadcrumb\":{\"@id\":\"https:\\\/\\\/suresms.com\\\/dk\\\/funktioner\\\/selvvalgt-afsender-pa-din-besked\\\/#breadcrumb\"},\"inLanguage\":\"pl-PL\",\"potentialAction\":[{\"@type\":\"ReadAction\",\"target\":[\"https:\\\/\\\/suresms.com\\\/dk\\\/funktioner\\\/selvvalgt-afsender-pa-din-besked\\\/\"]}]},{\"@type\":\"ImageObject\",\"inLanguage\":\"pl-PL\",\"@id\":\"https:\\\/\\\/suresms.com\\\/dk\\\/funktioner\\\/selvvalgt-afsender-pa-din-besked\\\/#primaryimage\",\"url\":\"https:\\\/\\\/suresms.com\\\/wp-content\\\/uploads\\\/2022\\\/06\\\/Not-allowed-senderid-1.png\",\"contentUrl\":\"https:\\\/\\\/suresms.com\\\/wp-content\\\/uploads\\\/2022\\\/06\\\/Not-allowed-senderid-1.png\"},{\"@type\":\"BreadcrumbList\",\"@id\":\"https:\\\/\\\/suresms.com\\\/dk\\\/funktioner\\\/selvvalgt-afsender-pa-din-besked\\\/#breadcrumb\",\"itemListElement\":[{\"@type\":\"ListItem\",\"position\":1,\"name\":\"Home\",\"item\":\"https:\\\/\\\/suresms.com\\\/dk\\\/\"},{\"@type\":\"ListItem\",\"position\":2,\"name\":\"Funktioner\",\"item\":\"https:\\\/\\\/suresms.com\\\/dk\\\/funktioner\\\/\"},{\"@type\":\"ListItem\",\"position\":3,\"name\":\"Selvvalgt afsender p\u00e5 din besked\"}]},{\"@type\":\"WebSite\",\"@id\":\"https:\\\/\\\/suresms.com\\\/en\\\/#website\",\"url\":\"https:\\\/\\\/suresms.com\\\/en\\\/\",\"name\":\"SureSMS\",\"description\":\"Professionel SMS Gateway\",\"publisher\":{\"@id\":\"https:\\\/\\\/suresms.com\\\/en\\\/#organization\"},\"potentialAction\":[{\"@type\":\"SearchAction\",\"target\":{\"@type\":\"EntryPoint\",\"urlTemplate\":\"https:\\\/\\\/suresms.com\\\/en\\\/?s={search_term_string}\"},\"query-input\":{\"@type\":\"PropertyValueSpecification\",\"valueRequired\":true,\"valueName\":\"search_term_string\"}}],\"inLanguage\":\"pl-PL\"},{\"@type\":\"Organization\",\"@id\":\"https:\\\/\\\/suresms.com\\\/en\\\/#organization\",\"name\":\"SureSMS\",\"url\":\"https:\\\/\\\/suresms.com\\\/en\\\/\",\"logo\":{\"@type\":\"ImageObject\",\"inLanguage\":\"pl-PL\",\"@id\":\"https:\\\/\\\/suresms.com\\\/en\\\/#\\\/schema\\\/logo\\\/image\\\/\",\"url\":\"https:\\\/\\\/suresms.com\\\/wp-content\\\/uploads\\\/2024\\\/11\\\/suresms-300x65-1.png\",\"contentUrl\":\"https:\\\/\\\/suresms.com\\\/wp-content\\\/uploads\\\/2024\\\/11\\\/suresms-300x65-1.png\",\"width\":300,\"height\":65,\"caption\":\"SureSMS\"},\"image\":{\"@id\":\"https:\\\/\\\/suresms.com\\\/en\\\/#\\\/schema\\\/logo\\\/image\\\/\"},\"sameAs\":[\"https:\\\/\\\/www.facebook.com\\\/p\\\/SureSMS-100044607956149\\\/\"]}]}<\/script>\r\n<!-- \/ Yoast SEO Premium plugin. -->","yoast_head_json":{"title":"Wysy\u0142anie anonimowych wiadomo\u015bci SMS | Wysy\u0142anie wiadomo\u015bci od wybranego nadawcy","description":"Tutaj znajdziesz elastyczne rozwi\u0105zania SMS. Wysy\u0142aj anonimowe SMS-y, wysy\u0142aj SMS-y na ca\u0142y \u015bwiat lub wysy\u0142aj SMS-y do u\u017cytkownik\u00f3w i klient\u00f3w.","robots":{"index":"index","follow":"follow","max-snippet":"max-snippet:-1","max-image-preview":"max-image-preview:large","max-video-preview":"max-video-preview:-1"},"canonical":"https:\/\/suresms.com\/pl\/cechy\/samodzielnie-wybrany-nadawca-wiadomosci\/","og_locale":"pl_PL","og_type":"article","og_title":"Selvvalgt afsender p\u00e5 din besked","og_description":"Find fleksible sms l\u00f8sninger her. Send anonym sms, send sms til hele verden eller send sms til brugere og kunder.","og_url":"https:\/\/suresms.com\/pl\/cechy\/samodzielnie-wybrany-nadawca-wiadomosci\/","article_publisher":"https:\/\/www.facebook.com\/p\/SureSMS-100044607956149\/","article_modified_time":"2025-12-03T11:07:56+00:00","og_image":[{"url":"https:\/\/suresms.com\/wp-content\/uploads\/2022\/06\/Not-allowed-senderid-1.png","type":"","width":"","height":""}],"twitter_card":"summary_large_image","twitter_misc":{"Szacowany czas czytania":"6 minut"},"schema":{"@context":"https:\/\/schema.org","@graph":[{"@type":"WebPage","@id":"https:\/\/suresms.com\/dk\/funktioner\/selvvalgt-afsender-pa-din-besked\/","url":"https:\/\/suresms.com\/dk\/funktioner\/selvvalgt-afsender-pa-din-besked\/","name":"Wysy\u0142anie anonimowych wiadomo\u015bci SMS | Wysy\u0142anie wiadomo\u015bci od wybranego nadawcy","isPartOf":{"@id":"https:\/\/suresms.com\/en\/#website"},"primaryImageOfPage":{"@id":"https:\/\/suresms.com\/dk\/funktioner\/selvvalgt-afsender-pa-din-besked\/#primaryimage"},"image":{"@id":"https:\/\/suresms.com\/dk\/funktioner\/selvvalgt-afsender-pa-din-besked\/#primaryimage"},"thumbnailUrl":"https:\/\/suresms.com\/wp-content\/uploads\/2022\/06\/Not-allowed-senderid-1.png","datePublished":"2015-02-26T11:10:48+00:00","dateModified":"2025-12-03T11:07:56+00:00","description":"Tutaj znajdziesz elastyczne rozwi\u0105zania SMS. Wysy\u0142aj anonimowe SMS-y, wysy\u0142aj SMS-y na ca\u0142y \u015bwiat lub wysy\u0142aj SMS-y do u\u017cytkownik\u00f3w i klient\u00f3w.","breadcrumb":{"@id":"https:\/\/suresms.com\/dk\/funktioner\/selvvalgt-afsender-pa-din-besked\/#breadcrumb"},"inLanguage":"pl-PL","potentialAction":[{"@type":"ReadAction","target":["https:\/\/suresms.com\/dk\/funktioner\/selvvalgt-afsender-pa-din-besked\/"]}]},{"@type":"ImageObject","inLanguage":"pl-PL","@id":"https:\/\/suresms.com\/dk\/funktioner\/selvvalgt-afsender-pa-din-besked\/#primaryimage","url":"https:\/\/suresms.com\/wp-content\/uploads\/2022\/06\/Not-allowed-senderid-1.png","contentUrl":"https:\/\/suresms.com\/wp-content\/uploads\/2022\/06\/Not-allowed-senderid-1.png"},{"@type":"BreadcrumbList","@id":"https:\/\/suresms.com\/dk\/funktioner\/selvvalgt-afsender-pa-din-besked\/#breadcrumb","itemListElement":[{"@type":"ListItem","position":1,"name":"Home","item":"https:\/\/suresms.com\/dk\/"},{"@type":"ListItem","position":2,"name":"Funktioner","item":"https:\/\/suresms.com\/dk\/funktioner\/"},{"@type":"ListItem","position":3,"name":"Selvvalgt afsender p\u00e5 din besked"}]},{"@type":"WebSite","@id":"https:\/\/suresms.com\/en\/#website","url":"https:\/\/suresms.com\/en\/","name":"SureSMS","description":"Profesjonalna bramka SMS","publisher":{"@id":"https:\/\/suresms.com\/en\/#organization"},"potentialAction":[{"@type":"SearchAction","target":{"@type":"EntryPoint","urlTemplate":"https:\/\/suresms.com\/en\/?s={search_term_string}"},"query-input":{"@type":"PropertyValueSpecification","valueRequired":true,"valueName":"search_term_string"}}],"inLanguage":"pl-PL"},{"@type":"Organization","@id":"https:\/\/suresms.com\/en\/#organization","name":"SureSMS","url":"https:\/\/suresms.com\/en\/","logo":{"@type":"ImageObject","inLanguage":"pl-PL","@id":"https:\/\/suresms.com\/en\/#\/schema\/logo\/image\/","url":"https:\/\/suresms.com\/wp-content\/uploads\/2024\/11\/suresms-300x65-1.png","contentUrl":"https:\/\/suresms.com\/wp-content\/uploads\/2024\/11\/suresms-300x65-1.png","width":300,"height":65,"caption":"SureSMS"},"image":{"@id":"https:\/\/suresms.com\/en\/#\/schema\/logo\/image\/"},"sameAs":["https:\/\/www.facebook.com\/p\/SureSMS-100044607956149\/"]}]}},"_links":{"self":[{"href":"https:\/\/suresms.com\/pl\/wp-json\/wp\/v2\/pages\/1070","targetHints":{"allow":["GET"]}}],"collection":[{"href":"https:\/\/suresms.com\/pl\/wp-json\/wp\/v2\/pages"}],"about":[{"href":"https:\/\/suresms.com\/pl\/wp-json\/wp\/v2\/types\/page"}],"author":[{"embeddable":true,"href":"https:\/\/suresms.com\/pl\/wp-json\/wp\/v2\/users\/1"}],"replies":[{"embeddable":true,"href":"https:\/\/suresms.com\/pl\/wp-json\/wp\/v2\/comments?post=1070"}],"version-history":[{"count":9,"href":"https:\/\/suresms.com\/pl\/wp-json\/wp\/v2\/pages\/1070\/revisions"}],"predecessor-version":[{"id":23569,"href":"https:\/\/suresms.com\/pl\/wp-json\/wp\/v2\/pages\/1070\/revisions\/23569"}],"up":[{"embeddable":true,"href":"https:\/\/suresms.com\/pl\/wp-json\/wp\/v2\/pages\/958"}],"wp:attachment":[{"href":"https:\/\/suresms.com\/pl\/wp-json\/wp\/v2\/media?parent=1070"}],"wp:term":[{"taxonomy":"category","embeddable":true,"href":"https:\/\/suresms.com\/pl\/wp-json\/wp\/v2\/categories?post=1070"},{"taxonomy":"post_tag","embeddable":true,"href":"https:\/\/suresms.com\/pl\/wp-json\/wp\/v2\/tags?post=1070"}],"curies":[{"name":"wp","href":"https:\/\/api.w.org\/{rel}","templated":true}]}}