{"id":958,"date":"2015-02-25T14:07:24","date_gmt":"2015-02-25T12:07:24","guid":{"rendered":"https:\/\/www.suresms.com\/dk\/?page_id=958"},"modified":"2025-11-05T08:57:43","modified_gmt":"2025-11-05T08:57:43","slug":"funksjoner","status":"publish","type":"page","link":"https:\/\/suresms.com\/nb\/funktioner\/","title":{"rendered":"Funksjoner og egenskaper"},"content":{"rendered":"<!-- Flexy Breadcrumb -->\r\n\t\t\t<div class=\"fbc fbc-page\">\r\n\r\n\t\t\t\t<!-- Breadcrumb wrapper -->\r\n\t\t\t\t<div class=\"fbc-wrap\">\r\n\r\n\t\t\t\t\t<!-- Ordered list-->\r\n\t\t\t\t\t<ol class=\"fbc-items\" itemscope itemtype=\"https:\/\/schema.org\/BreadcrumbList\">\r\n\t\t\t\t\t\t            <li itemprop=\"itemListElement\" itemscope itemtype=\"https:\/\/schema.org\/ListItem\">\r\n                <span itemprop=\"name\">\r\n                    <!-- Home Link -->\r\n                    <a itemprop=\"item\" href=\"https:\/\/suresms.com\/nb\/\">\r\n                    \r\n                                                    <i class=\"fa fa-home\" aria-hidden=\"true\"><\/i>Hjem                    <\/a>\r\n                <\/span>\r\n                <meta itemprop=\"position\" content=\"1\" \/><!-- Meta Position-->\r\n             <\/li><li><span class=\"fbc-separator\">\/<\/span><\/li><li class=\"active\" itemprop=\"itemListElement\" itemscope itemtype=\"https:\/\/schema.org\/ListItem\"><span itemprop=\"name\" title=\"Funksjoner og egenskaper\">Funksjoner og egenskaper<\/span><meta itemprop=\"position\" content=\"2\" \/><\/li>\t\t\t\t\t<\/ol>\r\n\t\t\t\t\t<div class=\"clearfix\"><\/div>\r\n\t\t\t\t<\/div>\r\n\t\t\t<\/div>\r\n\t\t\t\n\t<h1>Funksjoner og egenskaper<\/h1>\n<p>SMS-systemet v\u00e5rt har mange nyttige funksjoner. Ulike funksjoner brukes av ulike typer kunder. Kanskje du er ute etter en av funksjonene vi har listet opp nedenfor. Klikk p\u00e5 funksjonen for \u00e5 finne ut mer. Du kan ogs\u00e5 bes\u00f8ke v\u00e5r <a href=\"https:\/\/suresms.com\/nb\/grenutslipp\/\">bransjeguide<\/a>, for \u00e5 se hvordan ulike bransjer bruker l\u00f8sningen v\u00e5r.<\/p>\n\t\t<h3><a href=\"https:\/\/suresms.com\/nb\/funksjoner\/send-sms-fra-pc\/\"  target=\"_self\">\t\n\tSend SMS fra PC<\/a><\/h3><p>Den grunnleggende funksjonen til SMS-gatewayen v\u00e5r er at du kan skrive en SMS fra PC-en din og sende den p\u00e5 samme m\u00e5te som du sender en e-post. Den helt grunnleggende funksjonen.<\/p>\n\t\t<h3><a href=\"https:\/\/suresms.com\/nb\/funksjoner\/sms-maler\/\"  target=\"_self\">\t\n\tSMS-maler<\/a><\/h3><p>Hvis du sender mange identiske eller nesten identiske meldinger, er maler noe for deg. Du kan lage alle de malene du vil. Med flettefelt kan du tilpasse malene dine.<\/p>\n\t\t<h3><a href=\"https:\/\/suresms.com\/nb\/funksjoner\/selvvalgt-avsender-av-meldingen-din\/\"  target=\"_self\">\t\n\tSelvvalgt avsender-ID<\/a><\/h3><p>Velg hva du vil at avsenderen av meldingen din skal v\u00e6re. Det kan for eksempel v\u00e6re Coca-Cola. Kan brukes til \u00e5 profilere bedriften eller organisasjonen din. Meldingene kan ikke besvares.<\/p>\n\t\t<h3><a href=\"https:\/\/suresms.com\/nb\/funksjoner\/sms-sammenslaaing-av-meldinger-for-grupper\/\"  target=\"_self\">\t\n\tFlettealternativ<\/a><\/h3><p>Sl\u00e5 sammen informasjon fra adresseboken i meldingene. Vanligvis er det navnet som sl\u00e5s sammen, men all informasjon kan sl\u00e5s sammen. Mekanikere kan for eksempel sl\u00e5 sammen bilmodell og meldinger.<\/p>\n\t\t<h3><a href=\"https:\/\/suresms.com\/nb\/funksjoner\/sms-gruppe\/\"  target=\"_self\">\t\n\tGruppe-SMS<\/a><\/h3><p>Du kan opprette alle de gruppene du \u00f8nsker i SureSMS. Du kan legge til alle kontaktene du \u00f8nsker. Det kan ikke v\u00e6re enklere \u00e5 sende en gruppe-SMS. Det kan gj\u00f8res med bare noen f\u00e5 klikk.<\/p>\n\t\t<h3><a href=\"https:\/\/suresms.com\/nb\/funksjoner\/sms-til-sms-funksjon\/\"  target=\"_self\">\t\n\tSMS-2-SMS<\/a><\/h3><p>Med v\u00e5r 2-veis SMS-l\u00f8sning kan du sende \u00e9n SMS som deretter sendes til et annet nummer eller til en hel gruppe.<\/p>\n\t\t<h3><a href=\"https:\/\/suresms.com\/nb\/funksjoner\/motta-tekstmeldinger-paa-datamaskinen-din\/\"  target=\"_self\">\t\n\tMotta SMS<\/a><\/h3><p>Med 2-veis SMS kan du motta SMS p\u00e5 nettet. Opprett en dialog med dine kunder eller ansatte. Motta bestillinger via SMS. Mye brukt av vikarbyr\u00e5er. Motta SMS i innboksen din.<\/p>\n\t\t<h3><a href=\"https:\/\/suresms.com\/nb\/funksjoner\/send-tidsbestemte-tekstmeldinger\/\"  target=\"_self\">\t\n\tPlanlegg utsendelse<\/a><\/h3><p>S\u00f8rg for at du n\u00e5r m\u00e5lgruppen din til rett tid. Du kan planlegge i forkant og likevel sende n\u00e5r det passer deg.<\/p>\n\t\t<h3><a href=\"https:\/\/suresms.com\/nb\/funksjoner\/email2sms-den-enkle-veien-ut\/\"  target=\"_self\">\t\n\te-post-2-SMS<\/a><\/h3><p>Uansett hvilket e-postsystem du bruker, kan du bruke v\u00e5r e-post-2-SMS-funksjon. Du sender en e-post til SureSMS, og vi videresender den som en SMS.<\/p>\n\t\t<h3><a href=\"https:\/\/suresms.com\/nb\/funksjoner\/komplett-logging-og-overvaaking\/\"  target=\"_self\">\t\n\tSMS-utboks<\/a><\/h3><p>Fullstendig oversikt over alle sendte og mottatte SMS-meldinger. Se tr\u00e5der med hver mottaker. Hvilke meldinger har blitt levert og n\u00e5r? Alle lister kan eksporteres til Excel\/CSV.<\/p>\n\t\t<h3>\t\n\tLegg ved filer<\/h3><p>Plattformen v\u00e5r gir deg mulighet til \u00e5 legge ved filer. Dette kan v\u00e6re videoer, pdf-filer eller bilder.<\/p>\n\t\t<h3><a href=\"https:\/\/suresms.com\/nb\/funksjoner\/sms-lenke-3\/\"  target=\"_self\">\t\n\tMerkevare-URL<\/a><\/h3><p>Bruk ditt eget domenenavn i lenkene som legges inn i meldingene dine. 39% h\u00f8yere klikkfrekvens og mer troverdige meldinger er bare noen av fordelene.<\/p>\n\t\t<h3><a href=\"https:\/\/suresms.com\/nb\/funksjoner\/sms-lenke\/\"  target=\"_self\">\t\n\tSMS-lenke<\/a><\/h3><p>Sett inn lenker, bilder eller videoer i meldingene dine. Se statistikk over hvor mange som har sett videoen. Hvem som har klikket p\u00e5 lenken. F.eks. for \u00e5 sende ut aktuelle prislister eller spesialtilbud.<\/p>\n\t\t<h3>\t\n\tRapporter<\/h3><p>F\u00e5 en fullstendig oversikt over hvor mye du har sendt og n\u00e5r. Se ogs\u00e5 salgstall fra Shopify i rapportene.<\/p>\n\t\t<h3><a href=\"https:\/\/suresms.com\/nb\/funksjoner\/internasjonal-sms\/\"  target=\"_self\">\t\n\tSMS til hele verden<\/a><\/h3><p>Vi har forbindelser til mer enn 1900 operat\u00f8rer over hele verden, noe som sikrer at vi leverer budskapet ditt. Vi har spesielt god levering i Norden og Nord-Europa.<\/p>\n\t\t<h3><a href=\"https:\/\/suresms.com\/nb\/funksjoner\/registreringsskjema-paa-nett\/\"  target=\"_self\">\t\n\tEnkle p\u00e5meldingslister<\/a><\/h3><p>Legg inn p\u00e5meldingsskjemaet p\u00e5 nettstedet ditt, via QR-koder eller ved \u00e5 sende en SMS. Gj\u00f8r det enkelt for mottakerne dine \u00e5 registrere seg p\u00e5 listene dine og f\u00e5 verdifull informasjon.<\/p>\n\t\t<h3><a href=\"https:\/\/suresms.com\/nb\/funksjoner\/journalfoering-av-tekstmeldinger\/\"  target=\"_self\">\t\n\tJournalisering av SMS<\/a><\/h3><p>Med v\u00e5r 2-veis SMS-l\u00f8sning kan du sende \u00e9n SMS som deretter sendes til et annet nummer eller til en hel gruppe.<\/p>\n\t\t<h3>Send SMS<\/h3>\n\t\t\t\t<img decoding=\"async\" src=\"https:\/\/suresms.com\/wp-content\/uploads\/2015\/02\/sky-250x100pix.jpg\" alt=\"SMS Gateway send sms online\" itemprop=\"image\" height=\"100\" width=\"250\" title=\"sky-250x100pix\" onerror=\"this.style.display='none'\" loading=\"lazy\" \/>\n<ul>\n<li>\n<ul>\n<li><a title=\"Send SMS p\u00e5 nettet\" href=\"https:\/\/suresms.com\/nb\/funksjoner\/send-sms-fra-pc\/\">Send SMS via v\u00e5r webportal<\/a><\/li>\n<\/ul>\n<\/li>\n<\/ul>\n<ul>\n<li>\n<ul>\n<li><a title=\"Internasjonal SMS-l\u00f8sning\" href=\"https:\/\/suresms.com\/nb\/funksjoner\/internasjonal-sms\/\">SMS til hele verden<\/a><\/li>\n<\/ul>\n<\/li>\n<\/ul>\n<ul>\n<li>\n<ul>\n<li><a title=\"Selvvalgt avsender av meldingen din\" href=\"https:\/\/suresms.com\/nb\/funksjoner\/selvvalgt-avsender-av-meldingen-din\/\">Selvvalgt avsender p\u00e5 SMS-meldingene dine<\/a><\/li>\n<\/ul>\n<\/li>\n<\/ul>\n<ul>\n<li>\n<ul>\n<li><a title=\"SMS-maler\" href=\"https:\/\/suresms.com\/nb\/funksjoner\/sms-maler\/\">SMS-maler<\/a><\/li>\n<\/ul>\n<\/li>\n<\/ul>\n<ul>\n<li>\n<ul>\n<li><a title=\"Send tidsbestemte SMS-meldinger\" href=\"https:\/\/suresms.com\/nb\/funksjoner\/send-tidsbestemte-tekstmeldinger\/\">Tidsbestemte SMS-meldinger<\/a><\/li>\n<\/ul>\n<\/li>\n<\/ul>\n<ul>\n<li>\n<ul>\n<li><a title=\"email2sms - den enkle l\u00f8sningen\" href=\"https:\/\/suresms.com\/nb\/funksjoner\/email2sms-den-enkle-veien-ut\/\">E-post 2 SMS<\/a><\/li>\n<\/ul>\n<\/li>\n<\/ul>\n<ul>\n<li>\n<ul>\n<li><a href=\"https:\/\/suresms.com\/nb\/integrasjoner\/mail_og_kalender\/sms-outlook-addin\/\">Send SMS fra Outlook<\/a><\/li>\n<\/ul>\n<\/li>\n<\/ul>\n<ul>\n\n<\/ul>\n<p>&nbsp;<\/p>\n\t\t<h3>GROUP-SMS<\/h3>\n\t\t\t\t<img decoding=\"async\" src=\"https:\/\/suresms.com\/wp-content\/uploads\/2015\/02\/GruppeSMS-250x100-pix.jpg\" alt=\"SMS Gateway har funksjoner for gruppe-sms\" itemprop=\"image\" height=\"100\" width=\"250\" title=\"GroupSMS 250x100 pix\" onerror=\"this.style.display='none'\" loading=\"lazy\" \/>\n<ul>\n<li>\n<ul>\n<li><a title=\"GroupSMS: Opprett og send til grupper\" href=\"https:\/\/suresms.com\/nb\/funksjoner\/sms-gruppe\/\">Opprett og send gruppe-SMS<\/a><\/li>\n<\/ul>\n<\/li>\n<\/ul>\n<ul>\n<li>\n<ul>\n<li><a title=\"Importer kontakter\" href=\"https:\/\/suresms.com\/nb\/dokumenter\/konto-4\/stasjonsnavn-7\/\">Importer kontakter<\/a><\/li>\n<\/ul>\n<\/li>\n<\/ul>\n<ul>\n<li>\n<ul>\n<li><a title=\"Ubegrenset antall kontakter og grupper\" href=\"https:\/\/suresms.com\/nb\/dokumenter\/konto-4\/stasjonsnavn-6\/\">Ubegrenset antall mottakere\/grupper<\/a><\/li>\n<\/ul>\n<\/li>\n<\/ul>\n<ul>\n<li>\n<ul>\n<li><a title=\"SMS-sammensl\u00e5ing av meldinger til grupper\" href=\"https:\/\/suresms.com\/nb\/sms-sammenslaaing-av-meldinger-for-grupper\/\">Sl\u00e5 sammen mottakernavn i gruppe-SMS<\/a><\/li>\n<\/ul>\n<\/li>\n<\/ul>\n<ul>\n<li>\n<ul>\n<li><a title=\"WEB-registreringsskjemaer\" href=\"https:\/\/suresms.com\/nb\/registreringsskjema-paa-nett\/\">Abonnere\/melde av lister via WEB<\/a><\/li>\n<\/ul>\n<\/li>\n<\/ul>\n<ul>\n<li>\n<ul>\n<li><a title=\"Abonnere\/avregistrere lister via SMS\" href=\"https:\/\/suresms.com\/nb\/registreringsskjema-paa-nett\/\">Abonnere\/avregistrere lister via SMS<\/a><\/li>\n<\/ul>\n<\/li>\n<\/ul>\n\t\t<h3>FOR UTVIKLERE<\/h3>\n\t\t\t\t<img decoding=\"async\" src=\"https:\/\/suresms.com\/wp-content\/uploads\/2015\/02\/Udviklere-250x100-pix.jpg\" alt=\"API for utviklere av SMS-funksjoner\" itemprop=\"image\" height=\"100\" width=\"250\" title=\"Utviklere 250x100 pix\" onerror=\"this.style.display='none'\" loading=\"lazy\" \/>\n<ul>\n<li>\n<ul>\n<li><a title=\"SMS API for utviklere\" href=\"https:\/\/developer.suresms.com\">API\u00a0<\/a><\/li>\n<\/ul>\n<\/li>\n<\/ul>\n<ul>\n<li>\n<ul>\n<li><a title=\"Funksjoner 2-veis SMS\" href=\"https:\/\/suresms.com\/nb\/funksjoner\/motta-tekstmeldinger-paa-datamaskinen-din\/\">2-veis innkommende sms<\/a><\/li>\n<\/ul>\n<\/li>\n<\/ul>\n<ul>\n<li>\n<ul>\n<li><a title=\"2-veis SMS med Hosted SIM\" href=\"https:\/\/suresms.com\/nb\/2-veis-sms-utlasting-med-hosted-sim\/\">Om Hosted SIM<\/a><\/li>\n<\/ul>\n<\/li>\n<\/ul>\n<ul>\n<li>\n<ul>\n<li><a title=\"SMS til SMS-funksjon\" href=\"https:\/\/suresms.com\/nb\/sms-til-sms-funksjon\/\">SMS til SMS<\/a><\/li>\n<\/ul>\n<\/li>\n<\/ul>\n<ul>\n<li>\n<ul>\n<li><a title=\"SMS-integrasjoner\" href=\"https:\/\/suresms.com\/nb\/integrasjoner\/\">Integrasjoner<\/a><\/li>\n<\/ul>\n<\/li>\n<\/ul>\n<ul>\n<li>\n<ul>\n<li><a href=\"http:\/\/developer.suresms.com\/\">Dokumentasjon<\/a><\/li>\n<\/ul>\n<\/li>\n<\/ul>\n<p>&nbsp;<\/p>\n\t\t<h3>SIKKERHET<\/h3>\n\t\t\t\t<img decoding=\"async\" src=\"https:\/\/suresms.com\/wp-content\/uploads\/2015\/02\/Sikkerhed-250x100-pix.jpg\" alt=\"SMS Gateway om sikkerhet\" itemprop=\"image\" height=\"100\" width=\"250\" title=\"Sikkerhet 250x100 pix\" onerror=\"this.style.display='none'\" loading=\"lazy\" \/>\n<ul>\n<li>\n<ul>\n<li><a title=\"Trygghet og sikkerhet\" href=\"https:\/\/suresms.com\/nb\/sikkerhet\/\">Trygghet og sikkerhet<\/a><\/li>\n<\/ul>\n<\/li>\n<\/ul>\n<ul>\n<li>\n<ul>\n<li><a title=\"Komplett logg og overv\u00e5king\" href=\"https:\/\/suresms.com\/nb\/komplett-logging-og-overvaaking\/\">Komplett logg og overv\u00e5king<\/a><\/li>\n<\/ul>\n<\/li>\n<\/ul>\n<ul>\n<li>\n<ul>\n<li><a title=\"Overv\u00e5king\" href=\"https:\/\/suresms.com\/nb\/overvaaking\/\">Overv\u00e5king<\/a><\/li>\n<\/ul>\n<\/li>\n<\/ul>\n<ul>\n<li>\n<ul>\n<li><a href=\"https:\/\/suresms.com\/nb\/funksjoner\/journalfoering-av-tekstmeldinger\/\">Journalisering<\/a><\/li>\n<\/ul>\n<\/li>\n<\/ul>\n<ul>\n<li>\n<ul>\n<li><a href=\"https:\/\/suresms.com\/nb\/funksjoner\/internasjonal-sms-2\/\">HLR-\u00e5pning<\/a><\/li>\n<\/ul>\n<\/li>\n<\/ul>\n<ul>\n<li>\n<ul>\n<li><a title=\"24\/7 support via e-post og telefon\" href=\"https:\/\/suresms.com\/nb\/suresms-stoette\/\">Support via e-post og telefon<\/a><\/li>\n<\/ul>\n<\/li>\n<\/ul>\n<p>&nbsp;<\/p>\n\t\t<h3>Er du i tvil om noe?<\/h3>\n\t\t<p>Du kan alltid bruke v\u00e5r nettbaserte hjelp eller skrive til v\u00e5r chat\/hotline p\u00e5 nettstedet v\u00e5rt. Vi er klare til \u00e5 svare p\u00e5 sp\u00f8rsm\u00e5l og hjelpe deg i gang.<\/p>\n\t\t\t<a href=\"https:\/\/suresms.com\/nb\/kontakt\/\" target=\"_self\">\n\t\t\t\t\t\t\tSe kontaktinformasjon\n\t\t\t\t\t<\/a>\n<h3><b>I dag bruker kundene v\u00e5re oss til:<\/b><\/h3>\n<ul>\n<li>SMS-p\u00e5minnelser<\/li>\n<li>Engangspassord<\/li>\n<li>Overv\u00e5king av trafikken<\/li>\n<li>Kundeklubber og nyhets-SMS<\/li>\n<li>Mobil markedsf\u00f8ring<\/li>\n<li>Stemmegivning<\/li>\n<li>Konkurranser\u00a0<\/li>\n<\/ul>\n\t\t\t\t<img decoding=\"async\" src=\"https:\/\/suresms.com\/wp-content\/uploads\/2024\/09\/Glen100x118.png\" alt=\"Glen100x118\" itemprop=\"image\" title=\"Glen100x118\" onerror=\"this.style.display='none'\" loading=\"lazy\" \/>\n\t\t\t<a href=\"https:\/\/calendly.com\/gm--nzwp\/30min\" target=\"_self\">\n\t\t\t\t\t\t\tBestill en demo\n\t\t\t\t\t<\/a>\n\t<p>med Glen<\/p>","protected":false},"excerpt":{"rendered":"<p>Funksjoner og egenskaper V\u00e5rt SMS-system har mange nyttige funksjoner. Ulike funksjoner brukes av ulike typer kunder. Kanskje er du ute etter en av funksjonene vi har listet opp nedenfor. Klikk p\u00e5 funksjonen for \u00e5 finne ut mer. Du kan ogs\u00e5 bes\u00f8ke v\u00e5r bransjeguide for \u00e5 se hvordan ulike bransjer bruker l\u00f8sningen v\u00e5r. Send ... <a title=\"Funksjoner og egenskaper\" class=\"read-more\" href=\"https:\/\/suresms.com\/nb\/funktioner\/\" aria-label=\"Les mer om funksjoner\">Les mer om dette<\/a><\/p>","protected":false},"author":1,"featured_media":0,"parent":0,"menu_order":3,"comment_status":"closed","ping_status":"closed","template":"","meta":{"_fl_builder_enabled":"1","_fl_builder_data":null,"_fl_builder_draft":null,"_fl_builder_data_settings":null,"_fl_builder_css":"","_fl_builder_css_version":"","_fl_builder_js":"","footnotes":""},"categories":[],"tags":[],"class_list":["post-958","page","type-page","status-publish"],"yoast_head":"<!-- This site is optimized with the Yoast SEO Premium plugin v27.3 (Yoast SEO v27.3) - https:\/\/yoast.com\/product\/yoast-seo-premium-wordpress\/ -->\r\n<title>Funktioner i vores online SMS platform<\/title>\r\n<meta name=\"description\" content=\"Her kan du se mange af de funktioner vi tilbyder i vores SMS platform. Lister, grupper, adressebog, keywords, tovejs sms og meget mere...\" \/>\r\n<meta name=\"robots\" content=\"index, follow, max-snippet:-1, max-image-preview:large, max-video-preview:-1\" \/>\r\n<link rel=\"canonical\" href=\"https:\/\/suresms.com\/nb\/funksjoner\/\" \/>\r\n<meta property=\"og:locale\" content=\"nb_NO\" \/>\r\n<meta property=\"og:type\" content=\"article\" \/>\r\n<meta property=\"og:title\" content=\"Fleksibele SMS l\u00f8sninger til udviklere og virksomheder\" \/>\r\n<meta property=\"og:description\" content=\"Se de mange funktioner og features, som f\u00f8lger med vores SureSMS L\u00f8sning. Find inspiration til , hvordan du let kan bruge SMS&#039;er til kkommunikation med alle typer brugere og systemer.\" \/>\r\n<meta property=\"og:url\" content=\"https:\/\/suresms.com\/nb\/funksjoner\/\" \/>\r\n<meta property=\"article:publisher\" content=\"https:\/\/www.facebook.com\/p\/SureSMS-100044607956149\/\" \/>\r\n<meta property=\"article:modified_time\" content=\"2025-11-05T08:57:43+00:00\" \/>\r\n<meta property=\"og:image\" content=\"https:\/\/suresms.com\/wp-content\/uploads\/2016\/06\/SMS-til-butikker.jpg\" \/>\r\n\t<meta property=\"og:image:width\" content=\"400\" \/>\r\n\t<meta property=\"og:image:height\" content=\"266\" \/>\r\n\t<meta property=\"og:image:type\" content=\"image\/jpeg\" \/>\r\n<meta name=\"twitter:card\" content=\"summary_large_image\" \/>\r\n<meta name=\"twitter:title\" content=\"Funktioner\" \/>\r\n<meta name=\"twitter:label1\" content=\"Ansl. lesetid\" \/>\n\t<meta name=\"twitter:data1\" content=\"10 minutter\" \/>\r\n<script type=\"application\/ld+json\" class=\"yoast-schema-graph\">{\"@context\":\"https:\\\/\\\/schema.org\",\"@graph\":[{\"@type\":\"WebPage\",\"@id\":\"https:\\\/\\\/suresms.com\\\/dk\\\/funktioner\\\/\",\"url\":\"https:\\\/\\\/suresms.com\\\/dk\\\/funktioner\\\/\",\"name\":\"Funktioner i vores online SMS platform\",\"isPartOf\":{\"@id\":\"https:\\\/\\\/suresms.com\\\/en\\\/#website\"},\"primaryImageOfPage\":{\"@id\":\"https:\\\/\\\/suresms.com\\\/dk\\\/funktioner\\\/#primaryimage\"},\"image\":{\"@id\":\"https:\\\/\\\/suresms.com\\\/dk\\\/funktioner\\\/#primaryimage\"},\"thumbnailUrl\":\"https:\\\/\\\/suresms.com\\\/wp-content\\\/uploads\\\/2015\\\/02\\\/sky-250x100pix.jpg\",\"datePublished\":\"2015-02-25T12:07:24+00:00\",\"dateModified\":\"2025-11-05T08:57:43+00:00\",\"description\":\"Her kan du se mange af de funktioner vi tilbyder i vores SMS platform. Lister, grupper, adressebog, keywords, tovejs sms og meget mere...\",\"breadcrumb\":{\"@id\":\"https:\\\/\\\/suresms.com\\\/dk\\\/funktioner\\\/#breadcrumb\"},\"inLanguage\":\"nb-NO\",\"potentialAction\":[{\"@type\":\"ReadAction\",\"target\":[\"https:\\\/\\\/suresms.com\\\/dk\\\/funktioner\\\/\"]}]},{\"@type\":\"ImageObject\",\"inLanguage\":\"nb-NO\",\"@id\":\"https:\\\/\\\/suresms.com\\\/dk\\\/funktioner\\\/#primaryimage\",\"url\":\"https:\\\/\\\/suresms.com\\\/wp-content\\\/uploads\\\/2015\\\/02\\\/sky-250x100pix.jpg\",\"contentUrl\":\"https:\\\/\\\/suresms.com\\\/wp-content\\\/uploads\\\/2015\\\/02\\\/sky-250x100pix.jpg\"},{\"@type\":\"BreadcrumbList\",\"@id\":\"https:\\\/\\\/suresms.com\\\/dk\\\/funktioner\\\/#breadcrumb\",\"itemListElement\":[{\"@type\":\"ListItem\",\"position\":1,\"name\":\"Home\",\"item\":\"https:\\\/\\\/suresms.com\\\/dk\\\/\"},{\"@type\":\"ListItem\",\"position\":2,\"name\":\"Funktioner\"}]},{\"@type\":\"WebSite\",\"@id\":\"https:\\\/\\\/suresms.com\\\/en\\\/#website\",\"url\":\"https:\\\/\\\/suresms.com\\\/en\\\/\",\"name\":\"SureSMS\",\"description\":\"Professionel SMS Gateway\",\"publisher\":{\"@id\":\"https:\\\/\\\/suresms.com\\\/en\\\/#organization\"},\"potentialAction\":[{\"@type\":\"SearchAction\",\"target\":{\"@type\":\"EntryPoint\",\"urlTemplate\":\"https:\\\/\\\/suresms.com\\\/en\\\/?s={search_term_string}\"},\"query-input\":{\"@type\":\"PropertyValueSpecification\",\"valueRequired\":true,\"valueName\":\"search_term_string\"}}],\"inLanguage\":\"nb-NO\"},{\"@type\":\"Organization\",\"@id\":\"https:\\\/\\\/suresms.com\\\/en\\\/#organization\",\"name\":\"SureSMS\",\"url\":\"https:\\\/\\\/suresms.com\\\/en\\\/\",\"logo\":{\"@type\":\"ImageObject\",\"inLanguage\":\"nb-NO\",\"@id\":\"https:\\\/\\\/suresms.com\\\/en\\\/#\\\/schema\\\/logo\\\/image\\\/\",\"url\":\"https:\\\/\\\/suresms.com\\\/wp-content\\\/uploads\\\/2024\\\/11\\\/suresms-300x65-1.png\",\"contentUrl\":\"https:\\\/\\\/suresms.com\\\/wp-content\\\/uploads\\\/2024\\\/11\\\/suresms-300x65-1.png\",\"width\":300,\"height\":65,\"caption\":\"SureSMS\"},\"image\":{\"@id\":\"https:\\\/\\\/suresms.com\\\/en\\\/#\\\/schema\\\/logo\\\/image\\\/\"},\"sameAs\":[\"https:\\\/\\\/www.facebook.com\\\/p\\\/SureSMS-100044607956149\\\/\"]}]}<\/script>\r\n<!-- \/ Yoast SEO Premium plugin. -->","yoast_head_json":{"title":"Funksjoner i v\u00e5r online SMS-plattform","description":"Her kan du se mange av funksjonene vi tilbyr i v\u00e5r SMS-plattform. Lister, grupper, adressebok, n\u00f8kkelord, toveis SMS og mye mer...","robots":{"index":"index","follow":"follow","max-snippet":"max-snippet:-1","max-image-preview":"max-image-preview:large","max-video-preview":"max-video-preview:-1"},"canonical":"https:\/\/suresms.com\/nb\/funksjoner\/","og_locale":"nb_NO","og_type":"article","og_title":"Fleksibele SMS l\u00f8sninger til udviklere og virksomheder","og_description":"Se de mange funktioner og features, som f\u00f8lger med vores SureSMS L\u00f8sning. Find inspiration til , hvordan du let kan bruge SMS'er til kkommunikation med alle typer brugere og systemer.","og_url":"https:\/\/suresms.com\/nb\/funksjoner\/","article_publisher":"https:\/\/www.facebook.com\/p\/SureSMS-100044607956149\/","article_modified_time":"2025-11-05T08:57:43+00:00","og_image":[{"width":400,"height":266,"url":"https:\/\/suresms.com\/wp-content\/uploads\/2016\/06\/SMS-til-butikker.jpg","type":"image\/jpeg"}],"twitter_card":"summary_large_image","twitter_title":"Funktioner","twitter_misc":{"Ansl. lesetid":"10 minutter"},"schema":{"@context":"https:\/\/schema.org","@graph":[{"@type":"WebPage","@id":"https:\/\/suresms.com\/dk\/funktioner\/","url":"https:\/\/suresms.com\/dk\/funktioner\/","name":"Funksjoner i v\u00e5r online SMS-plattform","isPartOf":{"@id":"https:\/\/suresms.com\/en\/#website"},"primaryImageOfPage":{"@id":"https:\/\/suresms.com\/dk\/funktioner\/#primaryimage"},"image":{"@id":"https:\/\/suresms.com\/dk\/funktioner\/#primaryimage"},"thumbnailUrl":"https:\/\/suresms.com\/wp-content\/uploads\/2015\/02\/sky-250x100pix.jpg","datePublished":"2015-02-25T12:07:24+00:00","dateModified":"2025-11-05T08:57:43+00:00","description":"Her kan du se mange av funksjonene vi tilbyr i v\u00e5r SMS-plattform. Lister, grupper, adressebok, n\u00f8kkelord, toveis SMS og mye mer...","breadcrumb":{"@id":"https:\/\/suresms.com\/dk\/funktioner\/#breadcrumb"},"inLanguage":"nb-NO","potentialAction":[{"@type":"ReadAction","target":["https:\/\/suresms.com\/dk\/funktioner\/"]}]},{"@type":"ImageObject","inLanguage":"nb-NO","@id":"https:\/\/suresms.com\/dk\/funktioner\/#primaryimage","url":"https:\/\/suresms.com\/wp-content\/uploads\/2015\/02\/sky-250x100pix.jpg","contentUrl":"https:\/\/suresms.com\/wp-content\/uploads\/2015\/02\/sky-250x100pix.jpg"},{"@type":"BreadcrumbList","@id":"https:\/\/suresms.com\/dk\/funktioner\/#breadcrumb","itemListElement":[{"@type":"ListItem","position":1,"name":"Home","item":"https:\/\/suresms.com\/dk\/"},{"@type":"ListItem","position":2,"name":"Funktioner"}]},{"@type":"WebSite","@id":"https:\/\/suresms.com\/en\/#website","url":"https:\/\/suresms.com\/en\/","name":"SureSMS","description":"Profesjonell SMS-gateway","publisher":{"@id":"https:\/\/suresms.com\/en\/#organization"},"potentialAction":[{"@type":"SearchAction","target":{"@type":"EntryPoint","urlTemplate":"https:\/\/suresms.com\/en\/?s={search_term_string}"},"query-input":{"@type":"PropertyValueSpecification","valueRequired":true,"valueName":"search_term_string"}}],"inLanguage":"nb-NO"},{"@type":"Organization","@id":"https:\/\/suresms.com\/en\/#organization","name":"SureSMS","url":"https:\/\/suresms.com\/en\/","logo":{"@type":"ImageObject","inLanguage":"nb-NO","@id":"https:\/\/suresms.com\/en\/#\/schema\/logo\/image\/","url":"https:\/\/suresms.com\/wp-content\/uploads\/2024\/11\/suresms-300x65-1.png","contentUrl":"https:\/\/suresms.com\/wp-content\/uploads\/2024\/11\/suresms-300x65-1.png","width":300,"height":65,"caption":"SureSMS"},"image":{"@id":"https:\/\/suresms.com\/en\/#\/schema\/logo\/image\/"},"sameAs":["https:\/\/www.facebook.com\/p\/SureSMS-100044607956149\/"]}]}},"_links":{"self":[{"href":"https:\/\/suresms.com\/nb\/wp-json\/wp\/v2\/pages\/958","targetHints":{"allow":["GET"]}}],"collection":[{"href":"https:\/\/suresms.com\/nb\/wp-json\/wp\/v2\/pages"}],"about":[{"href":"https:\/\/suresms.com\/nb\/wp-json\/wp\/v2\/types\/page"}],"author":[{"embeddable":true,"href":"https:\/\/suresms.com\/nb\/wp-json\/wp\/v2\/users\/1"}],"replies":[{"embeddable":true,"href":"https:\/\/suresms.com\/nb\/wp-json\/wp\/v2\/comments?post=958"}],"version-history":[{"count":35,"href":"https:\/\/suresms.com\/nb\/wp-json\/wp\/v2\/pages\/958\/revisions"}],"predecessor-version":[{"id":23524,"href":"https:\/\/suresms.com\/nb\/wp-json\/wp\/v2\/pages\/958\/revisions\/23524"}],"wp:attachment":[{"href":"https:\/\/suresms.com\/nb\/wp-json\/wp\/v2\/media?parent=958"}],"wp:term":[{"taxonomy":"category","embeddable":true,"href":"https:\/\/suresms.com\/nb\/wp-json\/wp\/v2\/categories?post=958"},{"taxonomy":"post_tag","embeddable":true,"href":"https:\/\/suresms.com\/nb\/wp-json\/wp\/v2\/tags?post=958"}],"curies":[{"name":"wp","href":"https:\/\/api.w.org\/{rel}","templated":true}]}}