{"id":903,"date":"2015-02-10T15:43:06","date_gmt":"2015-02-10T13:43:06","guid":{"rendered":"https:\/\/www.suresms.com\/dk\/?page_id=903"},"modified":"2025-01-05T00:15:18","modified_gmt":"2025-01-05T00:15:18","slug":"sms-for-bedrifter","status":"publish","type":"page","link":"https:\/\/suresms.com\/nb\/branchelosninger\/sms-til-forretninger\/","title":{"rendered":"SMS til butikker og forretninger"},"content":{"rendered":"<!-- Flexy Breadcrumb -->\r\n\t\t\t<div class=\"fbc fbc-page\">\r\n\r\n\t\t\t\t<!-- Breadcrumb wrapper -->\r\n\t\t\t\t<div class=\"fbc-wrap\">\r\n\r\n\t\t\t\t\t<!-- Ordered list-->\r\n\t\t\t\t\t<ol class=\"fbc-items\" itemscope itemtype=\"https:\/\/schema.org\/BreadcrumbList\">\r\n\t\t\t\t\t\t            <li itemprop=\"itemListElement\" itemscope itemtype=\"https:\/\/schema.org\/ListItem\">\r\n                <span itemprop=\"name\">\r\n                    <!-- Home Link -->\r\n                    <a itemprop=\"item\" href=\"https:\/\/suresms.com\/nb\/\">\r\n                    \r\n                                                    <i class=\"fa fa-home\" aria-hidden=\"true\"><\/i>Hjem                    <\/a>\r\n                <\/span>\r\n                <meta itemprop=\"position\" content=\"1\" \/><!-- Meta Position-->\r\n             <\/li><li><span class=\"fbc-separator\">\/<\/span><\/li><li class=\"active\" itemprop=\"itemListElement\" itemscope itemtype=\"https:\/\/schema.org\/ListItem\"><span itemprop=\"name\" title=\"SMS til butikker og forretninger\">SMS til bedrifter og...<\/span><meta itemprop=\"position\" content=\"2\" \/><\/li>\t\t\t\t\t<\/ol>\r\n\t\t\t\t\t<div class=\"clearfix\"><\/div>\r\n\t\t\t\t<\/div>\r\n\t\t\t<\/div>\r\n\t\t\t\n<h1>\n\t\tSMS til bedrifter\n\t<\/h1>\n<p>&nbsp;<\/p>\n<p>&nbsp;<\/p>\n<p><strong>Er du baker, gullsmed, sykkelforretning eller noe helt annet? Vi har SMS for business-l\u00f8sningen. Mange av kundene v\u00e5re er butikker eller butikkjeder som sender meldinger til kundene sine. Butikkene v\u00e5re bruker oss til \u00e5 l\u00f8se ulike oppgaver: sende ut tilbud og nyheter, melde seg inn i kundeklubber eller informere om returnerte varer eller reparasjoner.<\/strong><\/p>\n<p>&nbsp;<\/p>\n<p><strong>Fordeler:<\/strong><\/p>\n<ul>\n<li>\n<ul>\n<li><strong>Send p\u00e5minnelser om avtaler til kundene og unng\u00e5 un\u00f8dvendige avbestillinger.<\/strong><\/li>\n<\/ul>\n<\/li>\n<\/ul>\n<p>&nbsp;<\/p>\n<ul>\n<li>\n<ul>\n<li><strong>Send mange meldinger raskt fra v\u00e5r nettportal med Group SMS.<\/strong><\/li>\n<\/ul>\n<\/li>\n<\/ul>\n<p>&nbsp;<\/p>\n<ul>\n<li>\n<ul>\n<li><strong>Send gruppe-SMS med funksjonen Merge Name, og tilpass meldingene dine.<\/strong><\/li>\n<\/ul>\n<\/li>\n<\/ul>\n<p>&nbsp;<\/p>\n<ul>\n<li>\n<ul>\n<li><strong>Send nyhetsbrev og tilbud via SMS og generer mer inntekter<\/strong><\/li>\n<\/ul>\n<\/li>\n<\/ul>\n<p>&nbsp;<\/p>\n<ul>\n<li>\n<ul>\n<li><strong>Lag en 2-veis l\u00f8sning og kommuniser med kundene dine via SMS - fra PC, nettbrett eller mobil. Enkel tilgang til systemet for flere brukere.<\/strong><\/li>\n<\/ul>\n<\/li>\n<\/ul>\n<p>&nbsp;<\/p>\n<p>&nbsp;<\/p>\n<h3>Integrer SureSMS i ditt eget system<\/h3>\n<p>Mange kunder har integrert l\u00f8sningen v\u00e5r i POS-systemet (Point-of-sale) sitt. Det betyr at systemet selv sender SMS-meldinger til kunden, for eksempel ved bursdager, n\u00e5r det n\u00e6rmer seg en avtale eller for \u00e5 evaluere en tjeneste. Andre bruker systemet v\u00e5rt uten integrasjon og legger til planlagte SMS-meldinger selv. V\u00e5r SMS-l\u00f8sning gir deg mange muligheter for markedsf\u00f8ring, kommunikasjon eller rett og slett god kundekontakt<\/p>\n<h3>Gruppefunksjoner<\/h3>\nFra v\u00e5r nettportal kan du foreta <a title=\"GroupSMS: Opprett og send til grupper\" href=\"https:\/\/suresms.com\/nb\/sms-gruppe\/\">grupper av mottakere<\/a>. Dette kan v\u00e6re alle kundene dine, kunder i et bestemt postnummer eller kunder som har kj\u00f8pt noe spesifikt fra deg.<br \/>\nHvis du har kundenes kunder i et regneark, kan du lese dem inn i systemet v\u00e5rt og raskt opprette brukerne dine uten un\u00f8dvendig inntasting.\n<h3>Navn p\u00e5 avsender<\/h3>\n<p>Du kan bestemme hvem som skal v\u00e6re avsender av meldingen. Det kan for eksempel v\u00e6re bedriftens telefonnummer eller firmanavn. Den eneste begrensningen - fastsatt av teleselskapene - er at avsender-ID-en maksimalt kan best\u00e5 av 11 tegn.<\/p>\n<h3>Dialog med kundene via 2-veis l\u00f8sning<\/h3>\n<p>Med en 2-veis l\u00f8sning kan kundene dine svare p\u00e5 meldingene dine, og du har mulighet til \u00e5 f\u00f8re en dialog med kundene dine. For eksempel om en manglende reservedel, et reparasjonstilbud, en returnert vare osv. Herfra kan du ogs\u00e5 sende ut brukerunders\u00f8kelser til kundene, og kundene kan melde seg p\u00e5 arrangementer eller abonnementer via s\u00e5kalte KEYWORDS.<\/p>\n<h3>Slik registrerer du deg<\/h3>\n<p>Med v\u00e5r <a title=\"2-veis SMS, motta SMS p\u00e5 datamaskinen din\" href=\"https:\/\/suresms.com\/nb\/funksjoner\/motta-tekstmeldinger-paa-datamaskinen-din\/\">2-veis SMS-l\u00f8sning <\/a>kundene kan selv melde seg p\u00e5 gruppene\/listene dine. Vi tilbyr ogs\u00e5 en versjon der du setter opp en iPad i butikken din slik at kundene selv kan melde seg p\u00e5. Et tredje alternativ er \u00e5 legge til en liten kode p\u00e5 nettsiden din, slik at kundene kan melde seg p\u00e5 derfra.<\/p>\n<h3>Kom i gang med en gang<\/h3>\n<p>Det er viktig \u00e5 vurdere om et system er riktig for deg, og om du f\u00e5r valuta for pengene. Men du kan komme i gang n\u00e5 og se hvordan det fungerer, helt kostnadsfritt og uforpliktende.<\/p>\n<p>Fyll inn lenken v\u00e5r for en gratis pr\u00f8vekonto p\u00e5 denne siden og f\u00e5 50 gratis SMSer. Da kan du teste SMS-gatewayen v\u00e5r grundig f\u00f8r du tar en beslutning.<\/p>\n<p>Hvis du velger \u00e5 bli kunde hos oss, koster det alltid kun per SMS som sendes. Vi har ikke noe abonnement for v\u00e5r SMS Gateway. En 2-veis l\u00f8sning koster imidlertid et m\u00e5nedlig abonnement.\u00a0<a title=\"Priser p\u00e5 SMS-gateway\" href=\"https:\/\/suresms.com\/nb\/priser-paa-sms-gateway\/\">Se mer om priser og produkter her.<\/a><\/p>\n<p>&nbsp;<\/p>\n\t\t\t<p><a href=\"https:\/\/suresms.com\/wp-content\/uploads\/2015\/02\/norriq-logo-20x120-px.jpg\"><img loading=\"lazy\" decoding=\"async\" src=\"https:\/\/suresms.com\/wp-content\/uploads\/2015\/02\/norriq-logo-20x120-px.jpg\" alt=\"norriq logo 20x120 px\" width=\"200\" height=\"96\" \/><\/a><\/p>\n<p><em>\"Vi har brukt SureSMS for flere av kundene v\u00e5re. SureSMS er integrert med kassasystemet og \u00f8konomisystemet v\u00e5rt, slik at meldingene sendes automatisk til kundenes kunder n\u00e5r bestillingen er fullf\u00f8rt.<\/em><\/p>\n<p><em>SureSMS har alltid v\u00e6rt raske til \u00e5 hjelpe nye kunder med \u00e5 komme i gang. N\u00e5r de f\u00f8rst er oppe og g\u00e5r, snakker vi ikke med dem lenger, for det er aldri noen problemer.<\/em><\/p>\n<p><em>Noen av kundene v\u00e5re sender til utenlandske numre, og det er heller ikke noe problem.\"<\/em><\/p>\n<p><strong>S\u00f8ren Christensen,\u00a0<\/strong><strong>Norriq<\/strong><\/p>\n\t\t<h4>Opprett en gratis pr\u00f8vekonto<\/h4>\n\t\t<p>Det tar bare fem minutter. Kom i gang med en gang og f\u00e5 <strong>100 gratis SMS-meldinger<\/strong> uten betingelser.<\/p>\n\t\t\t<a href=\"https:\/\/suresms.com\/nb\/gratis-sms-testkonto\/\" target=\"_self\">\n\t\t\t\t\t\t\tOpprett pr\u00f8vekonto\n\t\t\t\t\t<\/a>\n\t\t<h4>Bestill en 2-veis l\u00f8sning!<\/h4>\n\t\t<p>Har du allerede en konto? Bestill en 2-veis l\u00f8sning og f\u00e5 de ekstra alternativene som din egen l\u00f8sning tilbyr.<\/p>\n\t\t\t<a href=\"https:\/\/suresms.com\/nb\/bestill-2-veis-lossing\/\" target=\"_self\">\n\t\t\t\t\t\t\tBestill 2-veis l\u00f8sning\n\t\t\t\t\t<\/a>\n\t<p>&gt; Tilbake til <a href=\"https:\/\/suresms.com\/nb\/grenutslipp\/\">Bransjel\u00f8sninger<\/a><\/p>\n\t\t\t\t<a href=\"https:\/\/suresms.com\/nb\/sms-outlook-add\/\" target=\"_self\" itemprop=\"url\">\n\t\t\t\t<img loading=\"lazy\" decoding=\"async\" src=\"https:\/\/suresms.com\/wp-content\/uploads\/2016\/02\/facebook-Outlook-plugin-version-1.4-snippet-1.jpg\" alt=\"facebook Outlook plugin versjon 1.4 utdrag\" itemprop=\"image\" height=\"630\" width=\"1200\" title=\"facebook Outlook plugin versjon 1.4 utdrag\" onerror=\"this.style.display='none'\"  \/>\n\t\t\t\t<\/a>\n\t\t<h3><a href=\"https:\/\/suresms.com\/nb\/sms-outlook-add\/\" target=\"_self\">Outlook SMS Plugin versjon 2.10<\/a><\/h3>V\u00e5rt SMS-tillegg er utviklet spesielt for Outlook. Med en rask installasjon av v\u00e5r plugin f\u00e5r du en SMS- og gruppe-SMS-avsender innebygd i Outlook-menyen med tilgang til Outlook-kontaktene dine. Du har FULL DOKUMENTASJON ettersom alle meldinger lagres automatisk. Enkel integrering med andre systemer.<br \/>\nFlere nye alternativer for valg av avsender-ID. Bruk firmanavnet ditt eller velg mobilnummeret ditt og f\u00e5 svar direkte til mobilen din. Skal du motta svar i Outlook? Kontakt oss for en <a href=\"https:\/\/suresms.com\/nb\/funksjoner\/motta-tekstmeldinger-paa-datamaskinen-din\/\">2-veis l\u00f8sning<\/a>.\n<p>&nbsp;<\/p>\n\n\t\t\t<a href=\"https:\/\/suresms.com\/nb\/sms-outlook-add\/\" target=\"_self\">\n\t\t\t\t\t\t\tMer om v\u00e5r SMS Outlook Add-in\n\t\t\t\t\t<\/a>","protected":false},"excerpt":{"rendered":"<p>SMS for bedrifter Har du et bakeri, en gullsmed, en sykkelbutikk eller noe helt annet? Vi har l\u00f8sningen for SMS til bedrifter. Mange av kundene v\u00e5re er butikker eller butikkjeder som sender meldinger til kundene sine. Butikkene v\u00e5re bruker oss til \u00e5 l\u00f8se ulike oppgaver: sende ut tilbud og nyheter, registrere seg for nye kunder, ... <a title=\"SMS til butikker og forretninger\" class=\"read-more\" href=\"https:\/\/suresms.com\/nb\/branchelosninger\/sms-til-forretninger\/\" aria-label=\"Les mer om SMS til butikker og forretninger\">Les mer om dette<\/a><\/p>","protected":false},"author":1,"featured_media":0,"parent":1654,"menu_order":3,"comment_status":"closed","ping_status":"closed","template":"","meta":{"_fl_builder_enabled":"1","_fl_builder_data":null,"_fl_builder_draft":null,"_fl_builder_data_settings":null,"_fl_builder_css":"","_fl_builder_css_version":"","_fl_builder_js":"","footnotes":""},"categories":[],"tags":[],"class_list":["post-903","page","type-page","status-publish"],"yoast_head":"<!-- This site is optimized with the Yoast SEO Premium plugin v27.3 (Yoast SEO v27.3) - https:\/\/yoast.com\/product\/yoast-seo-premium-wordpress\/ -->\r\n<title>SMS til forretninger. F\u00e5 en SMS l\u00f8sning til lige netop din forretning<\/title>\r\n<meta name=\"description\" content=\"S\u00e5dan f\u00e5r du online SMS til din forretning. L\u00e6s hvad du kan med en SMS gateway. Send p\u00e5mindelser &amp; personlige beskeder til kunder. Opret gratis Konto.\" \/>\r\n<meta name=\"robots\" content=\"index, follow, max-snippet:-1, max-image-preview:large, max-video-preview:-1\" \/>\r\n<link rel=\"canonical\" href=\"https:\/\/suresms.com\/nb\/grenutslipp\/sms-for-bedrifter\/\" \/>\r\n<meta property=\"og:locale\" content=\"nb_NO\" \/>\r\n<meta property=\"og:type\" content=\"article\" \/>\r\n<meta property=\"og:title\" content=\"SMS til forretninger og butikker\" \/>\r\n<meta property=\"og:description\" content=\"S\u00e5dan f\u00e5r du online SMS til din forretning. L\u00e6s hvad du kan med en SMS gateway. Send p\u00e5mindelser &amp; personlige beskeder til kunder. Opret gratis Konto.\" \/>\r\n<meta property=\"og:url\" content=\"https:\/\/suresms.com\/nb\/grenutslipp\/sms-for-bedrifter\/\" \/>\r\n<meta property=\"article:publisher\" content=\"https:\/\/www.facebook.com\/p\/SureSMS-100044607956149\/\" \/>\r\n<meta property=\"article:modified_time\" content=\"2025-01-05T00:15:18+00:00\" \/>\r\n<meta property=\"og:image\" content=\"https:\/\/suresms.com\/wp-content\/uploads\/2015\/02\/sms-til-butikker-snippet.jpg\" \/>\r\n\t<meta property=\"og:image:width\" content=\"400\" \/>\r\n\t<meta property=\"og:image:height\" content=\"267\" \/>\r\n\t<meta property=\"og:image:type\" content=\"image\/jpeg\" \/>\r\n<meta name=\"twitter:card\" content=\"summary_large_image\" \/>\r\n<meta name=\"twitter:label1\" content=\"Ansl. lesetid\" \/>\n\t<meta name=\"twitter:data1\" content=\"4 minutter\" \/>\r\n<script type=\"application\/ld+json\" class=\"yoast-schema-graph\">{\"@context\":\"https:\\\/\\\/schema.org\",\"@graph\":[{\"@type\":\"WebPage\",\"@id\":\"https:\\\/\\\/suresms.com\\\/dk\\\/branchelosninger\\\/sms-til-forretninger\\\/\",\"url\":\"https:\\\/\\\/suresms.com\\\/dk\\\/branchelosninger\\\/sms-til-forretninger\\\/\",\"name\":\"SMS til forretninger. F\u00e5 en SMS l\u00f8sning til lige netop din forretning\",\"isPartOf\":{\"@id\":\"https:\\\/\\\/suresms.com\\\/en\\\/#website\"},\"primaryImageOfPage\":{\"@id\":\"https:\\\/\\\/suresms.com\\\/dk\\\/branchelosninger\\\/sms-til-forretninger\\\/#primaryimage\"},\"image\":{\"@id\":\"https:\\\/\\\/suresms.com\\\/dk\\\/branchelosninger\\\/sms-til-forretninger\\\/#primaryimage\"},\"thumbnailUrl\":\"https:\\\/\\\/suresms.com\\\/wp-content\\\/uploads\\\/2015\\\/02\\\/norriq-logo-20x120-px.jpg\",\"datePublished\":\"2015-02-10T13:43:06+00:00\",\"dateModified\":\"2025-01-05T00:15:18+00:00\",\"description\":\"S\u00e5dan f\u00e5r du online SMS til din forretning. L\u00e6s hvad du kan med en SMS gateway. Send p\u00e5mindelser & personlige beskeder til kunder. Opret gratis Konto.\",\"breadcrumb\":{\"@id\":\"https:\\\/\\\/suresms.com\\\/dk\\\/branchelosninger\\\/sms-til-forretninger\\\/#breadcrumb\"},\"inLanguage\":\"nb-NO\",\"potentialAction\":[{\"@type\":\"ReadAction\",\"target\":[\"https:\\\/\\\/suresms.com\\\/dk\\\/branchelosninger\\\/sms-til-forretninger\\\/\"]}]},{\"@type\":\"ImageObject\",\"inLanguage\":\"nb-NO\",\"@id\":\"https:\\\/\\\/suresms.com\\\/dk\\\/branchelosninger\\\/sms-til-forretninger\\\/#primaryimage\",\"url\":\"https:\\\/\\\/suresms.com\\\/wp-content\\\/uploads\\\/2015\\\/02\\\/norriq-logo-20x120-px.jpg\",\"contentUrl\":\"https:\\\/\\\/suresms.com\\\/wp-content\\\/uploads\\\/2015\\\/02\\\/norriq-logo-20x120-px.jpg\"},{\"@type\":\"BreadcrumbList\",\"@id\":\"https:\\\/\\\/suresms.com\\\/dk\\\/branchelosninger\\\/sms-til-forretninger\\\/#breadcrumb\",\"itemListElement\":[{\"@type\":\"ListItem\",\"position\":1,\"name\":\"Home\",\"item\":\"https:\\\/\\\/suresms.com\\\/dk\\\/\"},{\"@type\":\"ListItem\",\"position\":2,\"name\":\"Branchel\u00f8sninger\",\"item\":\"https:\\\/\\\/suresms.com\\\/dk\\\/branchelosninger\\\/\"},{\"@type\":\"ListItem\",\"position\":3,\"name\":\"SMS til forretninger og butikker\"}]},{\"@type\":\"WebSite\",\"@id\":\"https:\\\/\\\/suresms.com\\\/en\\\/#website\",\"url\":\"https:\\\/\\\/suresms.com\\\/en\\\/\",\"name\":\"SureSMS\",\"description\":\"Professionel SMS Gateway\",\"publisher\":{\"@id\":\"https:\\\/\\\/suresms.com\\\/en\\\/#organization\"},\"potentialAction\":[{\"@type\":\"SearchAction\",\"target\":{\"@type\":\"EntryPoint\",\"urlTemplate\":\"https:\\\/\\\/suresms.com\\\/en\\\/?s={search_term_string}\"},\"query-input\":{\"@type\":\"PropertyValueSpecification\",\"valueRequired\":true,\"valueName\":\"search_term_string\"}}],\"inLanguage\":\"nb-NO\"},{\"@type\":\"Organization\",\"@id\":\"https:\\\/\\\/suresms.com\\\/en\\\/#organization\",\"name\":\"SureSMS\",\"url\":\"https:\\\/\\\/suresms.com\\\/en\\\/\",\"logo\":{\"@type\":\"ImageObject\",\"inLanguage\":\"nb-NO\",\"@id\":\"https:\\\/\\\/suresms.com\\\/en\\\/#\\\/schema\\\/logo\\\/image\\\/\",\"url\":\"https:\\\/\\\/suresms.com\\\/wp-content\\\/uploads\\\/2024\\\/11\\\/suresms-300x65-1.png\",\"contentUrl\":\"https:\\\/\\\/suresms.com\\\/wp-content\\\/uploads\\\/2024\\\/11\\\/suresms-300x65-1.png\",\"width\":300,\"height\":65,\"caption\":\"SureSMS\"},\"image\":{\"@id\":\"https:\\\/\\\/suresms.com\\\/en\\\/#\\\/schema\\\/logo\\\/image\\\/\"},\"sameAs\":[\"https:\\\/\\\/www.facebook.com\\\/p\\\/SureSMS-100044607956149\\\/\"]}]}<\/script>\r\n<!-- \/ Yoast SEO Premium plugin. -->","yoast_head_json":{"title":"SMS for bedrifter. F\u00e5 en SMS-l\u00f8sning for din virksomhet","description":"Slik f\u00e5r du SMS p\u00e5 nett til bedriften din. Les hva du kan gj\u00f8re med en SMS-gateway. Send p\u00e5minnelser og personlige meldinger til kunder. Opprett en gratis konto.","robots":{"index":"index","follow":"follow","max-snippet":"max-snippet:-1","max-image-preview":"max-image-preview:large","max-video-preview":"max-video-preview:-1"},"canonical":"https:\/\/suresms.com\/nb\/grenutslipp\/sms-for-bedrifter\/","og_locale":"nb_NO","og_type":"article","og_title":"SMS til forretninger og butikker","og_description":"S\u00e5dan f\u00e5r du online SMS til din forretning. L\u00e6s hvad du kan med en SMS gateway. Send p\u00e5mindelser & personlige beskeder til kunder. Opret gratis Konto.","og_url":"https:\/\/suresms.com\/nb\/grenutslipp\/sms-for-bedrifter\/","article_publisher":"https:\/\/www.facebook.com\/p\/SureSMS-100044607956149\/","article_modified_time":"2025-01-05T00:15:18+00:00","og_image":[{"width":400,"height":267,"url":"https:\/\/suresms.com\/wp-content\/uploads\/2015\/02\/sms-til-butikker-snippet.jpg","type":"image\/jpeg"}],"twitter_card":"summary_large_image","twitter_misc":{"Ansl. lesetid":"4 minutter"},"schema":{"@context":"https:\/\/schema.org","@graph":[{"@type":"WebPage","@id":"https:\/\/suresms.com\/dk\/branchelosninger\/sms-til-forretninger\/","url":"https:\/\/suresms.com\/dk\/branchelosninger\/sms-til-forretninger\/","name":"SMS for bedrifter. F\u00e5 en SMS-l\u00f8sning for din virksomhet","isPartOf":{"@id":"https:\/\/suresms.com\/en\/#website"},"primaryImageOfPage":{"@id":"https:\/\/suresms.com\/dk\/branchelosninger\/sms-til-forretninger\/#primaryimage"},"image":{"@id":"https:\/\/suresms.com\/dk\/branchelosninger\/sms-til-forretninger\/#primaryimage"},"thumbnailUrl":"https:\/\/suresms.com\/wp-content\/uploads\/2015\/02\/norriq-logo-20x120-px.jpg","datePublished":"2015-02-10T13:43:06+00:00","dateModified":"2025-01-05T00:15:18+00:00","description":"Slik f\u00e5r du SMS p\u00e5 nett til bedriften din. Les hva du kan gj\u00f8re med en SMS-gateway. Send p\u00e5minnelser og personlige meldinger til kunder. Opprett en gratis konto.","breadcrumb":{"@id":"https:\/\/suresms.com\/dk\/branchelosninger\/sms-til-forretninger\/#breadcrumb"},"inLanguage":"nb-NO","potentialAction":[{"@type":"ReadAction","target":["https:\/\/suresms.com\/dk\/branchelosninger\/sms-til-forretninger\/"]}]},{"@type":"ImageObject","inLanguage":"nb-NO","@id":"https:\/\/suresms.com\/dk\/branchelosninger\/sms-til-forretninger\/#primaryimage","url":"https:\/\/suresms.com\/wp-content\/uploads\/2015\/02\/norriq-logo-20x120-px.jpg","contentUrl":"https:\/\/suresms.com\/wp-content\/uploads\/2015\/02\/norriq-logo-20x120-px.jpg"},{"@type":"BreadcrumbList","@id":"https:\/\/suresms.com\/dk\/branchelosninger\/sms-til-forretninger\/#breadcrumb","itemListElement":[{"@type":"ListItem","position":1,"name":"Home","item":"https:\/\/suresms.com\/dk\/"},{"@type":"ListItem","position":2,"name":"Branchel\u00f8sninger","item":"https:\/\/suresms.com\/dk\/branchelosninger\/"},{"@type":"ListItem","position":3,"name":"SMS til forretninger og butikker"}]},{"@type":"WebSite","@id":"https:\/\/suresms.com\/en\/#website","url":"https:\/\/suresms.com\/en\/","name":"SureSMS","description":"Profesjonell SMS-gateway","publisher":{"@id":"https:\/\/suresms.com\/en\/#organization"},"potentialAction":[{"@type":"SearchAction","target":{"@type":"EntryPoint","urlTemplate":"https:\/\/suresms.com\/en\/?s={search_term_string}"},"query-input":{"@type":"PropertyValueSpecification","valueRequired":true,"valueName":"search_term_string"}}],"inLanguage":"nb-NO"},{"@type":"Organization","@id":"https:\/\/suresms.com\/en\/#organization","name":"SureSMS","url":"https:\/\/suresms.com\/en\/","logo":{"@type":"ImageObject","inLanguage":"nb-NO","@id":"https:\/\/suresms.com\/en\/#\/schema\/logo\/image\/","url":"https:\/\/suresms.com\/wp-content\/uploads\/2024\/11\/suresms-300x65-1.png","contentUrl":"https:\/\/suresms.com\/wp-content\/uploads\/2024\/11\/suresms-300x65-1.png","width":300,"height":65,"caption":"SureSMS"},"image":{"@id":"https:\/\/suresms.com\/en\/#\/schema\/logo\/image\/"},"sameAs":["https:\/\/www.facebook.com\/p\/SureSMS-100044607956149\/"]}]}},"_links":{"self":[{"href":"https:\/\/suresms.com\/nb\/wp-json\/wp\/v2\/pages\/903","targetHints":{"allow":["GET"]}}],"collection":[{"href":"https:\/\/suresms.com\/nb\/wp-json\/wp\/v2\/pages"}],"about":[{"href":"https:\/\/suresms.com\/nb\/wp-json\/wp\/v2\/types\/page"}],"author":[{"embeddable":true,"href":"https:\/\/suresms.com\/nb\/wp-json\/wp\/v2\/users\/1"}],"replies":[{"embeddable":true,"href":"https:\/\/suresms.com\/nb\/wp-json\/wp\/v2\/comments?post=903"}],"version-history":[{"count":5,"href":"https:\/\/suresms.com\/nb\/wp-json\/wp\/v2\/pages\/903\/revisions"}],"predecessor-version":[{"id":21048,"href":"https:\/\/suresms.com\/nb\/wp-json\/wp\/v2\/pages\/903\/revisions\/21048"}],"up":[{"embeddable":true,"href":"https:\/\/suresms.com\/nb\/wp-json\/wp\/v2\/pages\/1654"}],"wp:attachment":[{"href":"https:\/\/suresms.com\/nb\/wp-json\/wp\/v2\/media?parent=903"}],"wp:term":[{"taxonomy":"category","embeddable":true,"href":"https:\/\/suresms.com\/nb\/wp-json\/wp\/v2\/categories?post=903"},{"taxonomy":"post_tag","embeddable":true,"href":"https:\/\/suresms.com\/nb\/wp-json\/wp\/v2\/tags?post=903"}],"curies":[{"name":"wp","href":"https:\/\/api.w.org\/{rel}","templated":true}]}}