{"id":868,"date":"2015-02-09T19:26:23","date_gmt":"2015-02-09T17:26:23","guid":{"rendered":"https:\/\/www.suresms.com\/dk\/?page_id=868"},"modified":"2025-01-05T00:19:58","modified_gmt":"2025-01-05T00:19:58","slug":"sms-klubber","status":"publish","type":"page","link":"https:\/\/suresms.com\/nb\/branchelosninger\/sms-klubber\/","title":{"rendered":"SMS til klubber og foreninger"},"content":{"rendered":"<!-- Flexy Breadcrumb -->\r\n\t\t\t<div class=\"fbc fbc-page\">\r\n\r\n\t\t\t\t<!-- Breadcrumb wrapper -->\r\n\t\t\t\t<div class=\"fbc-wrap\">\r\n\r\n\t\t\t\t\t<!-- Ordered list-->\r\n\t\t\t\t\t<ol class=\"fbc-items\" itemscope itemtype=\"https:\/\/schema.org\/BreadcrumbList\">\r\n\t\t\t\t\t\t            <li itemprop=\"itemListElement\" itemscope itemtype=\"https:\/\/schema.org\/ListItem\">\r\n                <span itemprop=\"name\">\r\n                    <!-- Home Link -->\r\n                    <a itemprop=\"item\" href=\"https:\/\/suresms.com\/nb\/\">\r\n                    \r\n                                                    <i class=\"fa fa-home\" aria-hidden=\"true\"><\/i>Hjem                    <\/a>\r\n                <\/span>\r\n                <meta itemprop=\"position\" content=\"1\" \/><!-- Meta Position-->\r\n             <\/li><li><span class=\"fbc-separator\">\/<\/span><\/li><li class=\"active\" itemprop=\"itemListElement\" itemscope itemtype=\"https:\/\/schema.org\/ListItem\"><span itemprop=\"name\" title=\"SMS til klubber og foreninger\">SMS til klubber og...<\/span><meta itemprop=\"position\" content=\"2\" \/><\/li>\t\t\t\t\t<\/ol>\r\n\t\t\t\t\t<div class=\"clearfix\"><\/div>\r\n\t\t\t\t<\/div>\r\n\t\t\t<\/div>\r\n\t\t\t\n<h1>\n\t\tSMS til klubber og foreninger\n\t<\/h1>\n<p><strong>Kunde-, fotball- og motorsykkelklubber, speidere, rullesk\u00f8yteklubber, skytterlag og mange, mange flere bruker v\u00e5r SMS-l\u00f8sning i dag. Hvis du ogs\u00e5 er med i en klubb eller har en klubb som ogs\u00e5 \u00f8nsker \u00e5 bruke SMS, s\u00e5 har du kommet til rett sted.<\/strong><\/p>\n<p>V\u00e5rt enkle og oversiktlige grensesnitt p\u00e5 v\u00e5r WEB-portal gj\u00f8r det enkelt \u00e5 sende SMS-meldinger til de personene i gruppen du \u00f8nsker \u00e5 kommunisere med. Alt som kreves er internett. Du trenger ikke \u00e5 installere noen programvare eller programmer for \u00e5 komme i gang.<\/p>\n<p>Og nettportalen v\u00e5r kan brukes fra PC, iPad eller smarttelefoner.<\/p>\n<h3>Gruppefunksjoner<\/h3>\n<p>Fra v\u00e5r nettportal kan du foreta<a title=\"GroupSMS: Opprett og send til grupper\" href=\"https:\/\/suresms.com\/nb\/sms-gruppe\/\"> grupper av mottakere<\/a>. Det kan v\u00e6re styret i fotballklubben, h\u00e5ndballaget p\u00e5 mandag eller foreldrene i speidergruppa. Med en SMS-l\u00f8sning kan du sende mange SMS-er p\u00e5 en gang, uten mye tastearbeid. Og alle leser SMS-meldinger!<\/p>\n<h3>Kom i gang med en gang<\/h3>\n<p>Du er kanskje ikke den eneste som har behov for \u00e5 sende meldinger i klubben din, men du kan allerede n\u00e5 komme i gang og se hvordan det fungerer. Du kan dele en innlogging eller f\u00e5 din egen.<\/p>\n<p>Ved \u00e5 fylle ut lenken v\u00e5r for en gratis pr\u00f8vekonto kan du begynne \u00e5 teste produktet v\u00e5rt p\u00e5 5 minutter.<\/p>\n<h3>Slik registrerer du deg<\/h3>\n<p>Med v\u00e5r <a title=\"2-veis SMS, motta SMS p\u00e5 datamaskinen din\" href=\"https:\/\/suresms.com\/nb\/funksjoner\/motta-tekstmeldinger-paa-datamaskinen-din\/\">2-veis SMS-l\u00f8sning <\/a>kan medlemmene selv melde seg p\u00e5 listen og gi tilbakemeldinger. Du kan ogs\u00e5 legge til en liten kode p\u00e5 din egen nettside, slik at medlemmene kan melde seg p\u00e5 der.<\/p>\n<p>Kanskje har du allerede alle medlemmene dine i et regneark. Du kan laste dem inn i systemet v\u00e5rt for \u00e5 komme raskt i gang med SMS-klubbene dine.<\/p>\n<h3>Navn p\u00e5 avsender<\/h3>\n<p>Du kan bestemme hvem som skal v\u00e6re avsender av meldingen. Kanskje klubbens navn eller telefonnummeret til kassereren. Hvis klubben din er en kundeklubb, kan det v\u00e6re firmanavnet. Den eneste begrensningen er at det maksimalt kan v\u00e6re 11 tegn.<\/p>\n<h3>Alle i klubben kan sende<\/h3>\n<p>En av de store fordelene med v\u00e5r SMS-gateway er at dere kan dele en innlogging i organisasjonen. Det betyr at n\u00e5r du f\u00f8rst har listen over mottakere, kan b\u00e5de kassereren, styrelederen og alle arrang\u00f8rene bruke systemet.<\/p>\n\t\t\t<p><a href=\"http:\/\/www.rodskovforsamlingshus.dk\"><img loading=\"lazy\" decoding=\"async\" src=\"https:\/\/suresms.com\/wp-content\/uploads\/2015\/02\/REB-Rodskov1.jpg\" alt=\"REB Rodskov\" width=\"172\" height=\"87\" \/><\/a><\/p>\n<p>&nbsp;<\/p>\n<p><em>\"Jeg fikk dere anbefalt av en kollega som ogs\u00e5 bruker l\u00f8sningen deres.\u00a0<\/em><\/p>\n<p>&nbsp;<\/p>\n<p><em>Jeg har unders\u00f8kt og testet en rekke andre SMS-l\u00f8sninger, og din er uten tvil den mest fleksible og raske - og til en rimelig pris. <\/em><\/p>\n<p>&nbsp;<\/p>\n<p><em>TUSEN TAKK for et utmerket produkt! Det gj\u00f8r akkurat det jeg trenger det til - Flott!\"<\/em><\/p>\n<p>&nbsp;<\/p>\n<p><strong>Michel Gorm, sekret\u00e6r<\/strong><\/p>\n<p>&nbsp;<\/p>\n<p><strong>Rodskov Community Centre<\/strong><\/p>\n<p>&nbsp;<\/p>\n\t\t<h4>Opprett en gratis pr\u00f8vekonto<\/h4>\n\t\t<p>Det tar bare fem minutter. Kom i gang med en gang og f\u00e5 <strong>50 gratis SMS-meldinger<\/strong> uten betingelser.<\/p>\n\t\t\t<a href=\"https:\/\/suresms.com\/nb\/gratis-sms-testkonto\/\" target=\"_self\">\n\t\t\t\t\t\t\tOpprett pr\u00f8vekonto\n\t\t\t\t\t<\/a>\n\t\t<h4>Bestill en 2-veis l\u00f8sning!<\/h4>\n\t\t<p>Har du allerede en konto? Bestill en 2-veis l\u00f8sning og f\u00e5 de ekstra alternativene som din egen l\u00f8sning tilbyr.\u00a0<\/p>\n\t\t\t<a href=\"https:\/\/suresms.com\/nb\/bestill-2-veis-lossing\/\" target=\"_self\">\n\t\t\t\t\t\t\tBestill 2-veis l\u00f8sning\n\t\t\t\t\t<\/a>","protected":false},"excerpt":{"rendered":"<p>SMS for klubber og foreninger Kunde-, fotball- og motorsykkelklubber, speidere, rullesk\u00f8ytel\u00f8pere, skytterlag og mange, mange flere bruker v\u00e5r SMS-l\u00f8sning i dag. Hvis du ogs\u00e5 er med i en klubb eller har en klubb som ogs\u00e5 \u00f8nsker \u00e5 bruke SMS, s\u00e5 har du kommet til rett sted. V\u00e5rt enkle og oversiktlige brukergrensesnitt p\u00e5 v\u00e5r ... <a title=\"SMS til klubber og foreninger\" class=\"read-more\" href=\"https:\/\/suresms.com\/nb\/branchelosninger\/sms-klubber\/\" aria-label=\"Les mer om SMS for klubber og foreninger\">Les mer om dette<\/a><\/p>","protected":false},"author":1,"featured_media":0,"parent":1654,"menu_order":7,"comment_status":"closed","ping_status":"closed","template":"","meta":{"_fl_builder_enabled":"1","_fl_builder_data":null,"_fl_builder_draft":null,"_fl_builder_data_settings":null,"_fl_builder_css":"","_fl_builder_css_version":"","_fl_builder_js":"","footnotes":""},"categories":[],"tags":[],"class_list":["post-868","page","type-page","status-publish"],"yoast_head":"<!-- This site is optimized with the Yoast SEO Premium plugin v27.3 (Yoast SEO v27.3) - https:\/\/yoast.com\/product\/yoast-seo-premium-wordpress\/ -->\r\n<title>SMS klub | SMS til klubber og foreninger \u2713 Kom i gang her<\/title>\r\n<meta name=\"description\" content=\"L\u00e6s om SMS til klubber og foreninger. Send enkelt og sikkert mange SMS&#039;er til grupper af personer. Enkelt login og mulighed for flere brugere. Kun 18 \u00f8re\" \/>\r\n<meta name=\"robots\" content=\"index, follow, max-snippet:-1, max-image-preview:large, max-video-preview:-1\" \/>\r\n<link rel=\"canonical\" href=\"https:\/\/suresms.com\/nb\/grenutslipp\/sms-klubber\/\" \/>\r\n<meta property=\"og:locale\" content=\"nb_NO\" \/>\r\n<meta property=\"og:type\" content=\"article\" \/>\r\n<meta property=\"og:title\" content=\"SMS til Klubber og foreninger\" \/>\r\n<meta property=\"og:description\" content=\"L\u00e6s om SMS til klubber og foreninger. Send enkelt og sikkert mange SMS&#039;er til grupper af personer. Enkelt login og mulighed for flere brugere. Kun 18 \u00f8re\" \/>\r\n<meta property=\"og:url\" content=\"https:\/\/suresms.com\/nb\/grenutslipp\/sms-klubber\/\" \/>\r\n<meta property=\"article:publisher\" content=\"https:\/\/www.facebook.com\/p\/SureSMS-100044607956149\/\" \/>\r\n<meta property=\"article:modified_time\" content=\"2025-01-05T00:19:58+00:00\" \/>\r\n<meta property=\"og:image\" content=\"https:\/\/suresms.com\/wp-content\/uploads\/2015\/02\/sms-til-klubber-snippet.jpg\" \/>\r\n\t<meta property=\"og:image:width\" content=\"400\" \/>\r\n\t<meta property=\"og:image:height\" content=\"266\" \/>\r\n\t<meta property=\"og:image:type\" content=\"image\/jpeg\" \/>\r\n<meta name=\"twitter:card\" content=\"summary_large_image\" \/>\r\n<meta name=\"twitter:label1\" content=\"Ansl. lesetid\" \/>\n\t<meta name=\"twitter:data1\" content=\"3 minutter\" \/>\r\n<script type=\"application\/ld+json\" class=\"yoast-schema-graph\">{\"@context\":\"https:\\\/\\\/schema.org\",\"@graph\":[{\"@type\":\"WebPage\",\"@id\":\"https:\\\/\\\/suresms.com\\\/dk\\\/branchelosninger\\\/sms-klubber\\\/\",\"url\":\"https:\\\/\\\/suresms.com\\\/dk\\\/branchelosninger\\\/sms-klubber\\\/\",\"name\":\"SMS klub | SMS til klubber og foreninger \u2713 Kom i gang her\",\"isPartOf\":{\"@id\":\"https:\\\/\\\/suresms.com\\\/en\\\/#website\"},\"primaryImageOfPage\":{\"@id\":\"https:\\\/\\\/suresms.com\\\/dk\\\/branchelosninger\\\/sms-klubber\\\/#primaryimage\"},\"image\":{\"@id\":\"https:\\\/\\\/suresms.com\\\/dk\\\/branchelosninger\\\/sms-klubber\\\/#primaryimage\"},\"thumbnailUrl\":\"https:\\\/\\\/suresms.com\\\/wp-content\\\/uploads\\\/2015\\\/02\\\/REB-Rodskov1.jpg\",\"datePublished\":\"2015-02-09T17:26:23+00:00\",\"dateModified\":\"2025-01-05T00:19:58+00:00\",\"description\":\"L\u00e6s om SMS til klubber og foreninger. Send enkelt og sikkert mange SMS'er til grupper af personer. Enkelt login og mulighed for flere brugere. Kun 18 \u00f8re\",\"breadcrumb\":{\"@id\":\"https:\\\/\\\/suresms.com\\\/dk\\\/branchelosninger\\\/sms-klubber\\\/#breadcrumb\"},\"inLanguage\":\"nb-NO\",\"potentialAction\":[{\"@type\":\"ReadAction\",\"target\":[\"https:\\\/\\\/suresms.com\\\/dk\\\/branchelosninger\\\/sms-klubber\\\/\"]}]},{\"@type\":\"ImageObject\",\"inLanguage\":\"nb-NO\",\"@id\":\"https:\\\/\\\/suresms.com\\\/dk\\\/branchelosninger\\\/sms-klubber\\\/#primaryimage\",\"url\":\"https:\\\/\\\/suresms.com\\\/wp-content\\\/uploads\\\/2015\\\/02\\\/REB-Rodskov1.jpg\",\"contentUrl\":\"https:\\\/\\\/suresms.com\\\/wp-content\\\/uploads\\\/2015\\\/02\\\/REB-Rodskov1.jpg\"},{\"@type\":\"BreadcrumbList\",\"@id\":\"https:\\\/\\\/suresms.com\\\/dk\\\/branchelosninger\\\/sms-klubber\\\/#breadcrumb\",\"itemListElement\":[{\"@type\":\"ListItem\",\"position\":1,\"name\":\"Home\",\"item\":\"https:\\\/\\\/suresms.com\\\/dk\\\/\"},{\"@type\":\"ListItem\",\"position\":2,\"name\":\"Branchel\u00f8sninger\",\"item\":\"https:\\\/\\\/suresms.com\\\/dk\\\/branchelosninger\\\/\"},{\"@type\":\"ListItem\",\"position\":3,\"name\":\"SMS til Klubber og foreninger\"}]},{\"@type\":\"WebSite\",\"@id\":\"https:\\\/\\\/suresms.com\\\/en\\\/#website\",\"url\":\"https:\\\/\\\/suresms.com\\\/en\\\/\",\"name\":\"SureSMS\",\"description\":\"Professionel SMS Gateway\",\"publisher\":{\"@id\":\"https:\\\/\\\/suresms.com\\\/en\\\/#organization\"},\"potentialAction\":[{\"@type\":\"SearchAction\",\"target\":{\"@type\":\"EntryPoint\",\"urlTemplate\":\"https:\\\/\\\/suresms.com\\\/en\\\/?s={search_term_string}\"},\"query-input\":{\"@type\":\"PropertyValueSpecification\",\"valueRequired\":true,\"valueName\":\"search_term_string\"}}],\"inLanguage\":\"nb-NO\"},{\"@type\":\"Organization\",\"@id\":\"https:\\\/\\\/suresms.com\\\/en\\\/#organization\",\"name\":\"SureSMS\",\"url\":\"https:\\\/\\\/suresms.com\\\/en\\\/\",\"logo\":{\"@type\":\"ImageObject\",\"inLanguage\":\"nb-NO\",\"@id\":\"https:\\\/\\\/suresms.com\\\/en\\\/#\\\/schema\\\/logo\\\/image\\\/\",\"url\":\"https:\\\/\\\/suresms.com\\\/wp-content\\\/uploads\\\/2024\\\/11\\\/suresms-300x65-1.png\",\"contentUrl\":\"https:\\\/\\\/suresms.com\\\/wp-content\\\/uploads\\\/2024\\\/11\\\/suresms-300x65-1.png\",\"width\":300,\"height\":65,\"caption\":\"SureSMS\"},\"image\":{\"@id\":\"https:\\\/\\\/suresms.com\\\/en\\\/#\\\/schema\\\/logo\\\/image\\\/\"},\"sameAs\":[\"https:\\\/\\\/www.facebook.com\\\/p\\\/SureSMS-100044607956149\\\/\"]}]}<\/script>\r\n<!-- \/ Yoast SEO Premium plugin. -->","yoast_head_json":{"title":"SMS klubb | SMS for klubber og foreninger \u2713 Kom i gang her","description":"Les om SMS for klubber og organisasjoner. Send mange SMS-meldinger til grupper av personer p\u00e5 en enkel og sikker m\u00e5te. Enkel p\u00e5logging og flere brukere. Kun 18 \u00f8re","robots":{"index":"index","follow":"follow","max-snippet":"max-snippet:-1","max-image-preview":"max-image-preview:large","max-video-preview":"max-video-preview:-1"},"canonical":"https:\/\/suresms.com\/nb\/grenutslipp\/sms-klubber\/","og_locale":"nb_NO","og_type":"article","og_title":"SMS til Klubber og foreninger","og_description":"L\u00e6s om SMS til klubber og foreninger. Send enkelt og sikkert mange SMS'er til grupper af personer. Enkelt login og mulighed for flere brugere. Kun 18 \u00f8re","og_url":"https:\/\/suresms.com\/nb\/grenutslipp\/sms-klubber\/","article_publisher":"https:\/\/www.facebook.com\/p\/SureSMS-100044607956149\/","article_modified_time":"2025-01-05T00:19:58+00:00","og_image":[{"width":400,"height":266,"url":"https:\/\/suresms.com\/wp-content\/uploads\/2015\/02\/sms-til-klubber-snippet.jpg","type":"image\/jpeg"}],"twitter_card":"summary_large_image","twitter_misc":{"Ansl. lesetid":"3 minutter"},"schema":{"@context":"https:\/\/schema.org","@graph":[{"@type":"WebPage","@id":"https:\/\/suresms.com\/dk\/branchelosninger\/sms-klubber\/","url":"https:\/\/suresms.com\/dk\/branchelosninger\/sms-klubber\/","name":"SMS klubb | SMS for klubber og foreninger \u2713 Kom i gang her","isPartOf":{"@id":"https:\/\/suresms.com\/en\/#website"},"primaryImageOfPage":{"@id":"https:\/\/suresms.com\/dk\/branchelosninger\/sms-klubber\/#primaryimage"},"image":{"@id":"https:\/\/suresms.com\/dk\/branchelosninger\/sms-klubber\/#primaryimage"},"thumbnailUrl":"https:\/\/suresms.com\/wp-content\/uploads\/2015\/02\/REB-Rodskov1.jpg","datePublished":"2015-02-09T17:26:23+00:00","dateModified":"2025-01-05T00:19:58+00:00","description":"Les om SMS for klubber og organisasjoner. Send mange SMS-meldinger til grupper av personer p\u00e5 en enkel og sikker m\u00e5te. Enkel p\u00e5logging og flere brukere. Kun 18 \u00f8re","breadcrumb":{"@id":"https:\/\/suresms.com\/dk\/branchelosninger\/sms-klubber\/#breadcrumb"},"inLanguage":"nb-NO","potentialAction":[{"@type":"ReadAction","target":["https:\/\/suresms.com\/dk\/branchelosninger\/sms-klubber\/"]}]},{"@type":"ImageObject","inLanguage":"nb-NO","@id":"https:\/\/suresms.com\/dk\/branchelosninger\/sms-klubber\/#primaryimage","url":"https:\/\/suresms.com\/wp-content\/uploads\/2015\/02\/REB-Rodskov1.jpg","contentUrl":"https:\/\/suresms.com\/wp-content\/uploads\/2015\/02\/REB-Rodskov1.jpg"},{"@type":"BreadcrumbList","@id":"https:\/\/suresms.com\/dk\/branchelosninger\/sms-klubber\/#breadcrumb","itemListElement":[{"@type":"ListItem","position":1,"name":"Home","item":"https:\/\/suresms.com\/dk\/"},{"@type":"ListItem","position":2,"name":"Branchel\u00f8sninger","item":"https:\/\/suresms.com\/dk\/branchelosninger\/"},{"@type":"ListItem","position":3,"name":"SMS til Klubber og foreninger"}]},{"@type":"WebSite","@id":"https:\/\/suresms.com\/en\/#website","url":"https:\/\/suresms.com\/en\/","name":"SureSMS","description":"Profesjonell SMS-gateway","publisher":{"@id":"https:\/\/suresms.com\/en\/#organization"},"potentialAction":[{"@type":"SearchAction","target":{"@type":"EntryPoint","urlTemplate":"https:\/\/suresms.com\/en\/?s={search_term_string}"},"query-input":{"@type":"PropertyValueSpecification","valueRequired":true,"valueName":"search_term_string"}}],"inLanguage":"nb-NO"},{"@type":"Organization","@id":"https:\/\/suresms.com\/en\/#organization","name":"SureSMS","url":"https:\/\/suresms.com\/en\/","logo":{"@type":"ImageObject","inLanguage":"nb-NO","@id":"https:\/\/suresms.com\/en\/#\/schema\/logo\/image\/","url":"https:\/\/suresms.com\/wp-content\/uploads\/2024\/11\/suresms-300x65-1.png","contentUrl":"https:\/\/suresms.com\/wp-content\/uploads\/2024\/11\/suresms-300x65-1.png","width":300,"height":65,"caption":"SureSMS"},"image":{"@id":"https:\/\/suresms.com\/en\/#\/schema\/logo\/image\/"},"sameAs":["https:\/\/www.facebook.com\/p\/SureSMS-100044607956149\/"]}]}},"_links":{"self":[{"href":"https:\/\/suresms.com\/nb\/wp-json\/wp\/v2\/pages\/868","targetHints":{"allow":["GET"]}}],"collection":[{"href":"https:\/\/suresms.com\/nb\/wp-json\/wp\/v2\/pages"}],"about":[{"href":"https:\/\/suresms.com\/nb\/wp-json\/wp\/v2\/types\/page"}],"author":[{"embeddable":true,"href":"https:\/\/suresms.com\/nb\/wp-json\/wp\/v2\/users\/1"}],"replies":[{"embeddable":true,"href":"https:\/\/suresms.com\/nb\/wp-json\/wp\/v2\/comments?post=868"}],"version-history":[{"count":5,"href":"https:\/\/suresms.com\/nb\/wp-json\/wp\/v2\/pages\/868\/revisions"}],"predecessor-version":[{"id":21219,"href":"https:\/\/suresms.com\/nb\/wp-json\/wp\/v2\/pages\/868\/revisions\/21219"}],"up":[{"embeddable":true,"href":"https:\/\/suresms.com\/nb\/wp-json\/wp\/v2\/pages\/1654"}],"wp:attachment":[{"href":"https:\/\/suresms.com\/nb\/wp-json\/wp\/v2\/media?parent=868"}],"wp:term":[{"taxonomy":"category","embeddable":true,"href":"https:\/\/suresms.com\/nb\/wp-json\/wp\/v2\/categories?post=868"},{"taxonomy":"post_tag","embeddable":true,"href":"https:\/\/suresms.com\/nb\/wp-json\/wp\/v2\/tags?post=868"}],"curies":[{"name":"wp","href":"https:\/\/api.w.org\/{rel}","templated":true}]}}