{"id":8,"date":"2013-11-26T08:53:02","date_gmt":"2013-11-26T08:53:02","guid":{"rendered":"http:\/\/suresms-gateway.dk\/?page_id=8"},"modified":"2025-10-21T14:37:10","modified_gmt":"2025-10-21T14:37:10","slug":"referanser","status":"publish","type":"page","link":"https:\/\/suresms.com\/nb\/referencer\/","title":{"rendered":"Referanser"},"content":{"rendered":"<p><strong>REFERANSER<\/strong><\/p>\n<h5>SureSMS sender SMS-meldinger til mer enn 4 500 000 telefonnumre hvert \u00e5r. Vi har over 1 000 kunder i Danmark og i utlandet. <\/h5>\n\t\t\t\t<img decoding=\"async\" src=\"https:\/\/suresms.com\/wp-content\/uploads\/2024\/11\/Esbjerg-Gods-farver.png\" alt=\"Esbjerg Herreg\u00e5rd - farger\" title=\"Esbjerg Herreg\u00e5rd - farger\" itemprop=\"image\"\/>\n\t\t<h5>Esbjerg Herreg\u00e5rd<\/h5>\t\t\t\n\t\t\t\t<p>Vi har bes\u00f8kt Esbjerg Gods!<\/p>\n<p>Se videoen og h\u00f8r hvordan de bruker SureSMS i hverdagen!\u00a0<\/p>\n\t\t<iframe loading=\"lazy\" title=\"Esbjerg Gods bruker SureSMS\" width=\"1200\" height=\"675\" src=\"https:\/\/www.youtube.com\/embed\/hIm8gbO0dhU?feature=oembed\" frameborder=\"0\" allow=\"accelerometer; autoplay; clipboard-write; encrypted-media; gyroscope; picture-in-picture\" allowfullscreen><\/iframe>\t\n\t\t\t\t<img decoding=\"async\" src=\"https:\/\/suresms.com\/wp-content\/uploads\/2019\/11\/Norriq-1.png\" alt=\"Norriq\" title=\"Norriq\" itemprop=\"image\"\/>\n\t\t<h5>S\u00f8ren Christensen<\/h5>\t\t\t\n\t\t\t\t<p>Vi har brukt SureSMS for flere av kundene v\u00e5re.<\/p>\n<p>SureSMS er integrert med POS- og \u00f8konomisystemet v\u00e5rt, slik at meldinger sendes automatisk til kundenes kunder n\u00e5r bestillingen er fullf\u00f8rt.<\/p>\n<p>Vi har hatt et godt samarbeid med SureSMS, og de har alltid v\u00e6rt raske til \u00e5 hjelpe oss med \u00e5 f\u00e5 nye kunder i gang. N\u00e5r vi f\u00f8rst er i gang, snakker vi ikke med dem lenger, for det er aldri noen problemer.<\/p>\n<p>Noen av kundene v\u00e5re sender ogs\u00e5 til utenlandske nummer, og det er heller ikke noe problem.<\/p>\n\t\t\t\t<img decoding=\"async\" src=\"https:\/\/suresms.com\/wp-content\/uploads\/2013\/11\/Agema.png\" alt=\"Agema\" title=\"Agema\" itemprop=\"image\"\/>\n\t\t<h5>Martin Everh\u00f8j<\/h5>\t\t\t\n\t\t\t\t<p>Agema bruker SureSMS med v\u00e5r SMS Passcode. Det er sv\u00e6rt viktig at meldingene n\u00e5r mottakeren raskt og sikkert.<\/p>\n<p>Det fungerer feilfritt med SureSMS, som er stabile og alltid behjelpelige hvis det er behov for hjelp.<\/p>\n<p>Vi anbefaler SureSMS p\u00e5 det varmeste til andre bedrifter og organisasjoner som trenger en stabil og serviceinnstilt SMS-l\u00f8sning.<\/p>\n\t\t\t\t<img decoding=\"async\" src=\"https:\/\/suresms.com\/wp-content\/uploads\/2024\/11\/Fujitsu-farver.png\" alt=\"Fujitsu - farger\" title=\"Fujitsu - farger\" itemprop=\"image\"\/>\n\t\t<h5>John Johansen<\/h5>\t\t\t\n\t\t\t\t<p>\u00a0<\/p>\n<p>Jeg sender SMS via SureSMS-nettstedet, og synes systemet er veldig brukervennlig og intuitivt. Jeg l\u00e6rte opp sjefen min p\u00e5 en halvtime, og jeg var glad for at han sendte ut en viktig SMS mens jeg var p\u00e5 ferie.<\/p>\n<p>SureSMS er brukervennlig, intuitivt og sv\u00e6rt godt mottatt av v\u00e5re interne brukere. F\u00f8r SureSMS var det sv\u00e6rt f\u00e5 av v\u00e5re teknikere som deltok p\u00e5 v\u00e5re interne m\u00f8ter. N\u00e5 f\u00e5r de en p\u00e5minnelse p\u00e5 SMS en time f\u00f8r m\u00f8tet, og suksessraten har \u00f8kt til 2\/3.<\/p>\n\t\t\t\t<img decoding=\"async\" src=\"https:\/\/suresms.com\/wp-content\/uploads\/2013\/11\/norstaff.png\" alt=\"Kunden refererer til Norstaff-logoen\" title=\"norstaff\" itemprop=\"image\"\/>\n\t\t<h5>Patrick Hickey<\/h5>\t\t\t\n\t\t\t\t<p>\u00a0<\/p>\n<p>Norstaff bruker SureSMS til rekruttering og booking av vikarer.<\/p>\n<p><em>\"Vi er SUPERforn\u00f8yde med SureSMS og har bare lovord \u00e5 komme med om tjenesten.\"<\/em><\/p>\n\t\t\t\t<img decoding=\"async\" src=\"https:\/\/suresms.com\/wp-content\/uploads\/2015\/02\/REB-Rodskov1.jpg\" alt=\"Kundereferanser Rodskov samfunnshus svart-hvitt logo\" title=\"REB Rodskov svart hvit logo\" itemprop=\"image\"\/>\n\t\t<h5>Michel Gorm<\/h5>\t\t\t\n\t\t\t\t<p>Jeg fikk dere anbefalt av en kollega som ogs\u00e5 bruker l\u00f8sningen deres.<\/p>\n<p>Jeg har unders\u00f8kt og testet en rekke andre SMS-l\u00f8sninger, og din er uten tvil den mest fleksible og raske - og til en rimelig pris.<\/p>\n<p>TUSEN TAKK for et utmerket produkt! Det gj\u00f8r akkurat det jeg trenger det til - Flott!\"<\/p>\n\t\t\t\t<img decoding=\"async\" src=\"https:\/\/suresms.com\/wp-content\/uploads\/2016\/01\/Herning-Varmforsinkning-100-px.jpg\" alt=\"kundereferanser Herning varmgalvanisering fargelogo\" title=\"Herning Varmgalvanisering 100 px\" itemprop=\"image\"\/>\n\t\t<h5>Bjarne J\u00f8rgensen<\/h5>\t\t\t\n\t\t\t\t<p>Herning Varmforzinkning sender meldinger til kundene sine via Email2SMS. Kundene f\u00e5r en flashmelding p\u00e5 mobiltelefonen n\u00e5r en bestilling er fullf\u00f8rt.<\/p>\n<p>\"Det burde finnes flere IT-selskaper som dere.<br \/>- Det er veldig fleksibelt.\"<\/p>\n\t\t\t\t<img decoding=\"async\" src=\"https:\/\/suresms.com\/wp-content\/uploads\/2016\/06\/Frisoergaarden-1.jpg\" alt=\"Frisoergaarden\" title=\"Frisoergaarden\" itemprop=\"image\"\/>\n\t\t<h5>Julie Thorsen<\/h5>\t\t\t\n\t\t\t\t<p>Etter at vi byttet fra Clickatell til SureSMS, har vi ikke lenger problemer med SMS-systemet v\u00e5rt, s\u00e5 jeg skulle \u00f8nske vi hadde gjort det for lenge siden.<\/p>\n<p>Takk for en stabil og rimelig l\u00f8sning!<\/p>\n\t\t\t\t<img decoding=\"async\" src=\"https:\/\/suresms.com\/wp-content\/uploads\/2019\/11\/Fujitsu-567px-1.png\" alt=\"Fujitsu - 567 piksler\" itemprop=\"image\" height=\"319\" width=\"567\" title=\"Fujitsu - 567 piksler\" onerror=\"this.style.display='none'\" loading=\"lazy\" \/>\n\t\t\t\t<img decoding=\"async\" src=\"https:\/\/suresms.com\/wp-content\/uploads\/2019\/11\/Dubex-300px-1.png\" alt=\"Dubex - 300px\" itemprop=\"image\" height=\"169\" width=\"300\" title=\"Dubex - 300px\" onerror=\"this.style.display='none'\" loading=\"lazy\" \/>\n\t\t\t\t<img decoding=\"async\" src=\"https:\/\/suresms.com\/wp-content\/uploads\/2019\/12\/Hartmanns-logo-bw-1.png\" alt=\"Hartmanns logo i svart-hvitt\" itemprop=\"image\" height=\"319\" width=\"567\" title=\"Hartmanns logo i svart-hvitt\" onerror=\"this.style.display='none'\" loading=\"lazy\" \/>\n\t\t\t\t<img decoding=\"async\" src=\"https:\/\/suresms.com\/wp-content\/uploads\/2019\/11\/Boligportal-300-px-1.png\" alt=\"Hjemmeportal - 300 px\" itemprop=\"image\" height=\"169\" width=\"300\" title=\"Hjemmeportal - 300 px\" onerror=\"this.style.display='none'\" loading=\"lazy\" \/>\n\t\t\t\t<img decoding=\"async\" src=\"https:\/\/suresms.com\/wp-content\/uploads\/2019\/11\/Daells-Bolighus-567px-1.png\" alt=\"Daells Bolighus - 567px\" itemprop=\"image\" height=\"319\" width=\"567\" title=\"Daells Bolighus - 567px\" onerror=\"this.style.display='none'\" loading=\"lazy\" \/>\n\t\t\t\t<img decoding=\"async\" src=\"https:\/\/suresms.com\/wp-content\/uploads\/2019\/11\/COWI-567px-e1574268785303-1.png\" alt=\"COWI\" itemprop=\"image\" height=\"319\" width=\"567\" title=\"COWI\" onerror=\"this.style.display='none'\" loading=\"lazy\" \/>","protected":false},"excerpt":{"rendered":"<p>REFERANSER SureSMS sender SMS-meldinger til mer enn 4 500 000 telefonnumre hvert \u00e5r. Vi har over 1 000 kunder i Danmark og i utlandet. Esbjerg Gods Vi har bes\u00f8kt Esbjerg Gods! Se videoen og h\u00f8r hvordan de bruker SureSMS i hverdagen!  S\u00f8ren Christensen Vi har brukt SureSMS for flere av v\u00e5re kunder. SureSMS er integrert med v\u00e5rt POS- og \u00f8konomisystem, s\u00e5 ... <a title=\"Referanser\" class=\"read-more\" href=\"https:\/\/suresms.com\/nb\/referencer\/\" aria-label=\"Les mer om referanser\">Les mer om dette<\/a><\/p>","protected":false},"author":1,"featured_media":0,"parent":0,"menu_order":5,"comment_status":"closed","ping_status":"closed","template":"","meta":{"_fl_builder_enabled":"1","_fl_builder_data":null,"_fl_builder_draft":null,"_fl_builder_data_settings":null,"_fl_builder_css":"","_fl_builder_css_version":"","_fl_builder_js":"","footnotes":""},"categories":[],"tags":[],"class_list":["post-8","page","type-page","status-publish"],"yoast_head":"<!-- This site is optimized with the Yoast SEO Premium plugin v27.3 (Yoast SEO v27.3) - https:\/\/yoast.com\/product\/yoast-seo-premium-wordpress\/ -->\r\n<title>Referencer fra SureSMS kunder - Se udtalelser fra vores kunder<\/title>\r\n<meta name=\"description\" content=\"Referencer p\u00e5 SureSMS og vores gateway. L\u00e6s hvad vores kunder mener om vores gateway og service som virksomhed.\" \/>\r\n<meta name=\"robots\" content=\"index, follow, max-snippet:-1, max-image-preview:large, max-video-preview:-1\" \/>\r\n<link rel=\"canonical\" href=\"https:\/\/suresms.com\/nb\/referanser\/\" \/>\r\n<meta property=\"og:locale\" content=\"nb_NO\" \/>\r\n<meta property=\"og:type\" content=\"article\" \/>\r\n<meta property=\"og:title\" content=\"Referencer\" \/>\r\n<meta property=\"og:description\" content=\"Referencer p\u00e5 SureSMS og vores gateway. L\u00e6s hvad vores kunder mener om vores gateway og service som virksomhed.\" \/>\r\n<meta property=\"og:url\" content=\"https:\/\/suresms.com\/nb\/referanser\/\" \/>\r\n<meta property=\"article:publisher\" content=\"https:\/\/www.facebook.com\/p\/SureSMS-100044607956149\/\" \/>\r\n<meta property=\"article:modified_time\" content=\"2025-10-21T14:37:10+00:00\" \/>\r\n<meta property=\"og:image\" content=\"https:\/\/suresms.com\/wp-content\/uploads\/2024\/11\/Esbjerg-Gods-farver.png\" \/>\r\n<meta name=\"twitter:card\" content=\"summary_large_image\" \/>\r\n<meta name=\"twitter:label1\" content=\"Ansl. lesetid\" \/>\n\t<meta name=\"twitter:data1\" content=\"2 minutter\" \/>\r\n<script type=\"application\/ld+json\" class=\"yoast-schema-graph\">{\"@context\":\"https:\\\/\\\/schema.org\",\"@graph\":[{\"@type\":\"WebPage\",\"@id\":\"https:\\\/\\\/suresms.com\\\/dk\\\/referencer\\\/\",\"url\":\"https:\\\/\\\/suresms.com\\\/dk\\\/referencer\\\/\",\"name\":\"Referencer fra SureSMS kunder - Se udtalelser fra vores kunder\",\"isPartOf\":{\"@id\":\"https:\\\/\\\/suresms.com\\\/en\\\/#website\"},\"primaryImageOfPage\":{\"@id\":\"https:\\\/\\\/suresms.com\\\/dk\\\/referencer\\\/#primaryimage\"},\"image\":{\"@id\":\"https:\\\/\\\/suresms.com\\\/dk\\\/referencer\\\/#primaryimage\"},\"thumbnailUrl\":\"https:\\\/\\\/suresms.com\\\/wp-content\\\/uploads\\\/2024\\\/11\\\/Esbjerg-Gods-farver.png\",\"datePublished\":\"2013-11-26T08:53:02+00:00\",\"dateModified\":\"2025-10-21T14:37:10+00:00\",\"description\":\"Referencer p\u00e5 SureSMS og vores gateway. L\u00e6s hvad vores kunder mener om vores gateway og service som virksomhed.\",\"breadcrumb\":{\"@id\":\"https:\\\/\\\/suresms.com\\\/dk\\\/referencer\\\/#breadcrumb\"},\"inLanguage\":\"nb-NO\",\"potentialAction\":[{\"@type\":\"ReadAction\",\"target\":[\"https:\\\/\\\/suresms.com\\\/dk\\\/referencer\\\/\"]}]},{\"@type\":\"ImageObject\",\"inLanguage\":\"nb-NO\",\"@id\":\"https:\\\/\\\/suresms.com\\\/dk\\\/referencer\\\/#primaryimage\",\"url\":\"https:\\\/\\\/suresms.com\\\/wp-content\\\/uploads\\\/2024\\\/11\\\/Esbjerg-Gods-farver.png\",\"contentUrl\":\"https:\\\/\\\/suresms.com\\\/wp-content\\\/uploads\\\/2024\\\/11\\\/Esbjerg-Gods-farver.png\"},{\"@type\":\"BreadcrumbList\",\"@id\":\"https:\\\/\\\/suresms.com\\\/dk\\\/referencer\\\/#breadcrumb\",\"itemListElement\":[{\"@type\":\"ListItem\",\"position\":1,\"name\":\"Home\",\"item\":\"https:\\\/\\\/suresms.com\\\/dk\\\/\"},{\"@type\":\"ListItem\",\"position\":2,\"name\":\"Referencer\"}]},{\"@type\":\"WebSite\",\"@id\":\"https:\\\/\\\/suresms.com\\\/en\\\/#website\",\"url\":\"https:\\\/\\\/suresms.com\\\/en\\\/\",\"name\":\"SureSMS\",\"description\":\"Professionel SMS Gateway\",\"publisher\":{\"@id\":\"https:\\\/\\\/suresms.com\\\/en\\\/#organization\"},\"potentialAction\":[{\"@type\":\"SearchAction\",\"target\":{\"@type\":\"EntryPoint\",\"urlTemplate\":\"https:\\\/\\\/suresms.com\\\/en\\\/?s={search_term_string}\"},\"query-input\":{\"@type\":\"PropertyValueSpecification\",\"valueRequired\":true,\"valueName\":\"search_term_string\"}}],\"inLanguage\":\"nb-NO\"},{\"@type\":\"Organization\",\"@id\":\"https:\\\/\\\/suresms.com\\\/en\\\/#organization\",\"name\":\"SureSMS\",\"url\":\"https:\\\/\\\/suresms.com\\\/en\\\/\",\"logo\":{\"@type\":\"ImageObject\",\"inLanguage\":\"nb-NO\",\"@id\":\"https:\\\/\\\/suresms.com\\\/en\\\/#\\\/schema\\\/logo\\\/image\\\/\",\"url\":\"https:\\\/\\\/suresms.com\\\/wp-content\\\/uploads\\\/2024\\\/11\\\/suresms-300x65-1.png\",\"contentUrl\":\"https:\\\/\\\/suresms.com\\\/wp-content\\\/uploads\\\/2024\\\/11\\\/suresms-300x65-1.png\",\"width\":300,\"height\":65,\"caption\":\"SureSMS\"},\"image\":{\"@id\":\"https:\\\/\\\/suresms.com\\\/en\\\/#\\\/schema\\\/logo\\\/image\\\/\"},\"sameAs\":[\"https:\\\/\\\/www.facebook.com\\\/p\\\/SureSMS-100044607956149\\\/\"]}]}<\/script>\r\n<!-- \/ Yoast SEO Premium plugin. -->","yoast_head_json":{"title":"Referanser fra SureSMS-kunder - Se anbefalinger fra v\u00e5re kunder","description":"Referanser om SureSMS og gatewayen v\u00e5r. Les hva kundene v\u00e5re sier om gatewayen v\u00e5r og tjenesten v\u00e5r som selskap.","robots":{"index":"index","follow":"follow","max-snippet":"max-snippet:-1","max-image-preview":"max-image-preview:large","max-video-preview":"max-video-preview:-1"},"canonical":"https:\/\/suresms.com\/nb\/referanser\/","og_locale":"nb_NO","og_type":"article","og_title":"Referencer","og_description":"Referencer p\u00e5 SureSMS og vores gateway. L\u00e6s hvad vores kunder mener om vores gateway og service som virksomhed.","og_url":"https:\/\/suresms.com\/nb\/referanser\/","article_publisher":"https:\/\/www.facebook.com\/p\/SureSMS-100044607956149\/","article_modified_time":"2025-10-21T14:37:10+00:00","og_image":[{"url":"https:\/\/suresms.com\/wp-content\/uploads\/2024\/11\/Esbjerg-Gods-farver.png","type":"","width":"","height":""}],"twitter_card":"summary_large_image","twitter_misc":{"Ansl. lesetid":"2 minutter"},"schema":{"@context":"https:\/\/schema.org","@graph":[{"@type":"WebPage","@id":"https:\/\/suresms.com\/dk\/referencer\/","url":"https:\/\/suresms.com\/dk\/referencer\/","name":"Referanser fra SureSMS-kunder - Se anbefalinger fra v\u00e5re kunder","isPartOf":{"@id":"https:\/\/suresms.com\/en\/#website"},"primaryImageOfPage":{"@id":"https:\/\/suresms.com\/dk\/referencer\/#primaryimage"},"image":{"@id":"https:\/\/suresms.com\/dk\/referencer\/#primaryimage"},"thumbnailUrl":"https:\/\/suresms.com\/wp-content\/uploads\/2024\/11\/Esbjerg-Gods-farver.png","datePublished":"2013-11-26T08:53:02+00:00","dateModified":"2025-10-21T14:37:10+00:00","description":"Referanser om SureSMS og gatewayen v\u00e5r. Les hva kundene v\u00e5re sier om gatewayen v\u00e5r og tjenesten v\u00e5r som selskap.","breadcrumb":{"@id":"https:\/\/suresms.com\/dk\/referencer\/#breadcrumb"},"inLanguage":"nb-NO","potentialAction":[{"@type":"ReadAction","target":["https:\/\/suresms.com\/dk\/referencer\/"]}]},{"@type":"ImageObject","inLanguage":"nb-NO","@id":"https:\/\/suresms.com\/dk\/referencer\/#primaryimage","url":"https:\/\/suresms.com\/wp-content\/uploads\/2024\/11\/Esbjerg-Gods-farver.png","contentUrl":"https:\/\/suresms.com\/wp-content\/uploads\/2024\/11\/Esbjerg-Gods-farver.png"},{"@type":"BreadcrumbList","@id":"https:\/\/suresms.com\/dk\/referencer\/#breadcrumb","itemListElement":[{"@type":"ListItem","position":1,"name":"Home","item":"https:\/\/suresms.com\/dk\/"},{"@type":"ListItem","position":2,"name":"Referencer"}]},{"@type":"WebSite","@id":"https:\/\/suresms.com\/en\/#website","url":"https:\/\/suresms.com\/en\/","name":"SureSMS","description":"Profesjonell SMS-gateway","publisher":{"@id":"https:\/\/suresms.com\/en\/#organization"},"potentialAction":[{"@type":"SearchAction","target":{"@type":"EntryPoint","urlTemplate":"https:\/\/suresms.com\/en\/?s={search_term_string}"},"query-input":{"@type":"PropertyValueSpecification","valueRequired":true,"valueName":"search_term_string"}}],"inLanguage":"nb-NO"},{"@type":"Organization","@id":"https:\/\/suresms.com\/en\/#organization","name":"SureSMS","url":"https:\/\/suresms.com\/en\/","logo":{"@type":"ImageObject","inLanguage":"nb-NO","@id":"https:\/\/suresms.com\/en\/#\/schema\/logo\/image\/","url":"https:\/\/suresms.com\/wp-content\/uploads\/2024\/11\/suresms-300x65-1.png","contentUrl":"https:\/\/suresms.com\/wp-content\/uploads\/2024\/11\/suresms-300x65-1.png","width":300,"height":65,"caption":"SureSMS"},"image":{"@id":"https:\/\/suresms.com\/en\/#\/schema\/logo\/image\/"},"sameAs":["https:\/\/www.facebook.com\/p\/SureSMS-100044607956149\/"]}]}},"_links":{"self":[{"href":"https:\/\/suresms.com\/nb\/wp-json\/wp\/v2\/pages\/8","targetHints":{"allow":["GET"]}}],"collection":[{"href":"https:\/\/suresms.com\/nb\/wp-json\/wp\/v2\/pages"}],"about":[{"href":"https:\/\/suresms.com\/nb\/wp-json\/wp\/v2\/types\/page"}],"author":[{"embeddable":true,"href":"https:\/\/suresms.com\/nb\/wp-json\/wp\/v2\/users\/1"}],"replies":[{"embeddable":true,"href":"https:\/\/suresms.com\/nb\/wp-json\/wp\/v2\/comments?post=8"}],"version-history":[{"count":18,"href":"https:\/\/suresms.com\/nb\/wp-json\/wp\/v2\/pages\/8\/revisions"}],"predecessor-version":[{"id":23500,"href":"https:\/\/suresms.com\/nb\/wp-json\/wp\/v2\/pages\/8\/revisions\/23500"}],"wp:attachment":[{"href":"https:\/\/suresms.com\/nb\/wp-json\/wp\/v2\/media?parent=8"}],"wp:term":[{"taxonomy":"category","embeddable":true,"href":"https:\/\/suresms.com\/nb\/wp-json\/wp\/v2\/categories?post=8"},{"taxonomy":"post_tag","embeddable":true,"href":"https:\/\/suresms.com\/nb\/wp-json\/wp\/v2\/tags?post=8"}],"curies":[{"name":"wp","href":"https:\/\/api.w.org\/{rel}","templated":true}]}}