{"id":755,"date":"2014-12-17T20:12:52","date_gmt":"2014-12-17T18:12:52","guid":{"rendered":"https:\/\/www.suresms.com\/dk\/?page_id=755"},"modified":"2025-01-10T10:55:05","modified_gmt":"2025-01-10T10:55:05","slug":"sms-sammenslaaing-av-meldinger-for-grupper","status":"publish","type":"page","link":"https:\/\/suresms.com\/nb\/funktioner\/sms-fletning-af-beskeder-til-grupper\/","title":{"rendered":"SMS-sammensl\u00e5ing av meldinger til grupper"},"content":{"rendered":"<!-- Flexy Breadcrumb -->\r\n\t\t\t<div class=\"fbc fbc-page\">\r\n\r\n\t\t\t\t<!-- Breadcrumb wrapper -->\r\n\t\t\t\t<div class=\"fbc-wrap\">\r\n\r\n\t\t\t\t\t<!-- Ordered list-->\r\n\t\t\t\t\t<ol class=\"fbc-items\" itemscope itemtype=\"https:\/\/schema.org\/BreadcrumbList\">\r\n\t\t\t\t\t\t            <li itemprop=\"itemListElement\" itemscope itemtype=\"https:\/\/schema.org\/ListItem\">\r\n                <span itemprop=\"name\">\r\n                    <!-- Home Link -->\r\n                    <a itemprop=\"item\" href=\"https:\/\/suresms.com\/nb\/\">\r\n                    \r\n                                                    <i class=\"fa fa-home\" aria-hidden=\"true\"><\/i>Hjem                    <\/a>\r\n                <\/span>\r\n                <meta itemprop=\"position\" content=\"1\" \/><!-- Meta Position-->\r\n             <\/li><li><span class=\"fbc-separator\">\/<\/span><\/li><li class=\"active\" itemprop=\"itemListElement\" itemscope itemtype=\"https:\/\/schema.org\/ListItem\"><span itemprop=\"name\" title=\"SMS-sammensl\u00e5ing av meldinger til grupper\">SMS-sammensl\u00e5ing av meldinger...<\/span><meta itemprop=\"position\" content=\"2\" \/><\/li>\t\t\t\t\t<\/ol>\r\n\t\t\t\t\t<div class=\"clearfix\"><\/div>\r\n\t\t\t\t<\/div>\r\n\t\t\t<\/div>\r\n\t\t\t\n<h1>\n\t\tFletting i meldinger\n\t<\/h1>\n\t<p>Det er enkelt og praktisk \u00e5 sende meldinger til mange brukere samtidig, men hvordan sikrer du at SMS-meldingene dine fortsatt er personlige?<\/p>\n<p>Som Sure SMS-bruker kan du personalisere meldingene dine ved \u00e5 flette mottakerens navn inn i selve meldingen. Dette skaper en bedre kontakt og dermed en bedre relasjon til mottakeren, enten det er en ansatt, en kunde eller en potensiell bruker av et av produktene dine.<\/p>\n\t<ul>\n\t\t<li>\t\t\t\t\n\t\t<h3>Alternativer for b\u00e5de for- og etternavn<\/h3><p>Hvis du for eksempel har en gruppe kunder som du sender til, kan du opprette dem etter fornavn og etternavn i SureSMS. N\u00e5r du sender meldinger, kan du skrive en liten kode i meldingen der fornavnet skal st\u00e5, for eksempel \"Hei , gratulerer med dagen\". Systemet vil automatisk flette inn personens fornavn p\u00e5 plassen der koden er skrevet.<\/p><\/li><li>\t\t\t\t\n\t\t<h3>Sl\u00e5 sammen andre felt<\/h3><p>Du har ogs\u00e5 mulighet til \u00e5 legge til dine egne verdier. Det kan for eksempel v\u00e6re <br \/>Bilmerke hvis du er mekaniker<br \/>Klassenummer hvis du underviser<br \/>Trappeoppgang hvis det er et borettslag<\/p><\/li>\t<\/ul>\n<p><em>Du kan for eksempel skrive \"Hei , gratulerer med dagen\". Systemet vil automatisk flette inn personens fornavn p\u00e5 plassen der koden er skrevet.<\/em><\/p>\n<p>Avhengig av mottakeren av meldingen og meldingens funksjon, kan du <strong>velg fornavn, etternavn eller fullt navn<\/strong>.<\/p>\n<p>Vi har laget en kort video om funksjonen, som du kan se ved \u00e5 f\u00f8lge lenken p\u00e5 denne siden.<\/p>\n\t\t<h3>Pr\u00f8v det N\u00c5!<\/h3>\n\t\t<p>Opprett en gratis pr\u00f8vekonto n\u00e5 og f\u00e5 50 gratis SMSer. Ingen forpliktelser<\/p>\n\t\t\t<a href=\"https:\/\/suresms.com\/nb\/gratis-sms-testkonto\/\" target=\"_self\">\n\t\t\t\t\t\t\tOpprett pr\u00f8vekonto\n\t\t\t\t\t<\/a>\n\t\t\t\t\t<video src=\"https:\/\/suresms.com\/wp-content\/uploads\/2024\/10\/Dokumentation-Import-af-kontakter-til-adressebogen.mp4\" alt=\"hosted-video-thumbnail\"><\/video>\n\t<p><strong>Slik fletter du enkelt inn navn i meldinger<\/strong><\/p>\n<ol>\n<li>Velg gruppe<\/li>\n<li>Skriv meldingen din som vanlig i tekstfeltet, men skriv en kode i stedet for et navn.<\/li>\n<li>Trykk p\u00e5 send! Se detaljerte instruksjoner og koder <a title=\"Manuell\" href=\"https:\/\/suresms.com\/nb\/dokumenter\/konto-3\/stasjonsnavn-3\/#___Flet_informationer_i_besked__\" target=\"_blank\" rel=\"noopener\">Her!<\/a><\/li>\n<\/ol>\n<p><strong>Det er viktig at du kontrollerer at alle kontaktene er oppdatert med riktig for- og etternavn f\u00f8r du bruker flettefunksjonen.\u00a0<\/strong><\/p>\n\t<h4><strong>Her kan du lese noen eksempler p\u00e5 hvordan kundene v\u00e5re bruker funksjonen i dag: \"Sl\u00e5 sammen mottakernavn i GroupSMS\"<\/strong><\/h4>\n\n<ul> \t\n<li>Et sykehus bruker SMS-fleting i et forskningsprosjekt. De sender daglige meldinger til deltakerne i studien med informasjon, instruksjoner for medisinering og dosering.<\/li>\n\n<li>En bilforhandler sender automatiserte tekstmeldinger til kundene dagen etter at bilen deres har blitt reparert. I SMS-en sp\u00f8r de om kundens opplevelse av prosessen. Dette gir bilforhandleren en rask og effektiv evaluering av servicen.<\/li>\n\n<li>En vektkonsulent bruker flettefunksjonen n\u00e5r hun sender ut SMS-meldinger til medlemmene. Personlige meldinger med sterke budskap er langt mer motiverende og har generelt st\u00f8rre gjennomslagskraft.<\/li>\n\n<li>Blant kundene v\u00e5re som bruker flettefunksjonen, er det ogs\u00e5 mange som egentlig ikke sender et stort volum av meldinger, men der navnene integreres i mer personaliserte meldinger. Vi har for eksempel bedrifter som bruker den til \u00e5 innkalle til m\u00f8ter, og vi har en urmaker som bruker den til meldinger om varer som skal hentes.<\/li>\n<\/ul>","protected":false},"excerpt":{"rendered":"<p>Flette inn meldinger Det er enkelt og praktisk \u00e5 sende meldinger til mange brukere samtidig, men hvordan sikrer du at SMS-meldingene dine fortsatt er personlige? Som Sure SMS-bruker kan du personalisere meldingene dine ved \u00e5 flette mottakerens navn inn i selve meldingen. Dette skaper en ... <a title=\"SMS-sammensl\u00e5ing av meldinger til grupper\" class=\"read-more\" href=\"https:\/\/suresms.com\/nb\/funktioner\/sms-fletning-af-beskeder-til-grupper\/\" aria-label=\"Les mer om SMS-sammensl\u00e5ing av meldinger til grupper\">Les mer om dette<\/a><\/p>","protected":false},"author":1,"featured_media":0,"parent":958,"menu_order":11,"comment_status":"closed","ping_status":"closed","template":"","meta":{"_fl_builder_enabled":"1","_fl_builder_data":null,"_fl_builder_draft":null,"_fl_builder_data_settings":null,"_fl_builder_css":"","_fl_builder_css_version":"","_fl_builder_js":"","footnotes":""},"categories":[17],"tags":[],"class_list":{"0":"post-755","1":"page","2":"type-page","3":"status-publish","5":"category-linkfracornorstone"},"yoast_head":"<!-- This site is optimized with the Yoast SEO Premium plugin v27.3 (Yoast SEO v27.3) - https:\/\/yoast.com\/product\/yoast-seo-premium-wordpress\/ -->\r\n<title>SMS fletning af beskeder til grupper<\/title>\r\n<meta name=\"description\" content=\"Du kan nemt g\u00f8re dine SMS beskeder personlige med SureSMS. Ved at bruge nogle simple koder, kan du g\u00f8re beskeden helt personlig. Se her hvordan.\" \/>\r\n<meta name=\"robots\" content=\"index, follow, max-snippet:-1, max-image-preview:large, max-video-preview:-1\" \/>\r\n<link rel=\"canonical\" href=\"https:\/\/suresms.com\/nb\/funksjoner\/sms-sammenslaaing-av-meldinger-for-grupper\/\" \/>\r\n<meta property=\"og:locale\" content=\"nb_NO\" \/>\r\n<meta property=\"og:type\" content=\"article\" \/>\r\n<meta property=\"og:title\" content=\"SMS fletning af beskeder til grupper\" \/>\r\n<meta property=\"og:description\" content=\"Du kan nemt g\u00f8re dine SMS beskeder personlige med SureSMS. Ved at bruge nogle simple koder, kan du g\u00f8re beskeden helt personlig. Se her hvordan.\" \/>\r\n<meta property=\"og:url\" content=\"https:\/\/suresms.com\/nb\/funksjoner\/sms-sammenslaaing-av-meldinger-for-grupper\/\" \/>\r\n<meta property=\"article:publisher\" content=\"https:\/\/www.facebook.com\/p\/SureSMS-100044607956149\/\" \/>\r\n<meta property=\"article:modified_time\" content=\"2025-01-10T10:55:05+00:00\" \/>\r\n<meta name=\"twitter:card\" content=\"summary_large_image\" \/>\r\n<meta name=\"twitter:label1\" content=\"Ansl. lesetid\" \/>\n\t<meta name=\"twitter:data1\" content=\"3 minutter\" \/>\r\n<script type=\"application\/ld+json\" class=\"yoast-schema-graph\">{\"@context\":\"https:\\\/\\\/schema.org\",\"@graph\":[{\"@type\":\"WebPage\",\"@id\":\"https:\\\/\\\/suresms.com\\\/dk\\\/funktioner\\\/sms-fletning-af-beskeder-til-grupper\\\/\",\"url\":\"https:\\\/\\\/suresms.com\\\/dk\\\/funktioner\\\/sms-fletning-af-beskeder-til-grupper\\\/\",\"name\":\"SMS fletning af beskeder til grupper\",\"isPartOf\":{\"@id\":\"https:\\\/\\\/suresms.com\\\/en\\\/#website\"},\"datePublished\":\"2014-12-17T18:12:52+00:00\",\"dateModified\":\"2025-01-10T10:55:05+00:00\",\"description\":\"Du kan nemt g\u00f8re dine SMS beskeder personlige med SureSMS. Ved at bruge nogle simple koder, kan du g\u00f8re beskeden helt personlig. Se her hvordan.\",\"breadcrumb\":{\"@id\":\"https:\\\/\\\/suresms.com\\\/dk\\\/funktioner\\\/sms-fletning-af-beskeder-til-grupper\\\/#breadcrumb\"},\"inLanguage\":\"nb-NO\",\"potentialAction\":[{\"@type\":\"ReadAction\",\"target\":[\"https:\\\/\\\/suresms.com\\\/dk\\\/funktioner\\\/sms-fletning-af-beskeder-til-grupper\\\/\"]}]},{\"@type\":\"BreadcrumbList\",\"@id\":\"https:\\\/\\\/suresms.com\\\/dk\\\/funktioner\\\/sms-fletning-af-beskeder-til-grupper\\\/#breadcrumb\",\"itemListElement\":[{\"@type\":\"ListItem\",\"position\":1,\"name\":\"Home\",\"item\":\"https:\\\/\\\/suresms.com\\\/dk\\\/\"},{\"@type\":\"ListItem\",\"position\":2,\"name\":\"Funktioner\",\"item\":\"https:\\\/\\\/suresms.com\\\/dk\\\/funktioner\\\/\"},{\"@type\":\"ListItem\",\"position\":3,\"name\":\"SMS fletning af beskeder til grupper\"}]},{\"@type\":\"WebSite\",\"@id\":\"https:\\\/\\\/suresms.com\\\/en\\\/#website\",\"url\":\"https:\\\/\\\/suresms.com\\\/en\\\/\",\"name\":\"SureSMS\",\"description\":\"Professionel SMS Gateway\",\"publisher\":{\"@id\":\"https:\\\/\\\/suresms.com\\\/en\\\/#organization\"},\"potentialAction\":[{\"@type\":\"SearchAction\",\"target\":{\"@type\":\"EntryPoint\",\"urlTemplate\":\"https:\\\/\\\/suresms.com\\\/en\\\/?s={search_term_string}\"},\"query-input\":{\"@type\":\"PropertyValueSpecification\",\"valueRequired\":true,\"valueName\":\"search_term_string\"}}],\"inLanguage\":\"nb-NO\"},{\"@type\":\"Organization\",\"@id\":\"https:\\\/\\\/suresms.com\\\/en\\\/#organization\",\"name\":\"SureSMS\",\"url\":\"https:\\\/\\\/suresms.com\\\/en\\\/\",\"logo\":{\"@type\":\"ImageObject\",\"inLanguage\":\"nb-NO\",\"@id\":\"https:\\\/\\\/suresms.com\\\/en\\\/#\\\/schema\\\/logo\\\/image\\\/\",\"url\":\"https:\\\/\\\/suresms.com\\\/wp-content\\\/uploads\\\/2024\\\/11\\\/suresms-300x65-1.png\",\"contentUrl\":\"https:\\\/\\\/suresms.com\\\/wp-content\\\/uploads\\\/2024\\\/11\\\/suresms-300x65-1.png\",\"width\":300,\"height\":65,\"caption\":\"SureSMS\"},\"image\":{\"@id\":\"https:\\\/\\\/suresms.com\\\/en\\\/#\\\/schema\\\/logo\\\/image\\\/\"},\"sameAs\":[\"https:\\\/\\\/www.facebook.com\\\/p\\\/SureSMS-100044607956149\\\/\"]}]}<\/script>\r\n<!-- \/ Yoast SEO Premium plugin. -->","yoast_head_json":{"title":"SMS-sammensl\u00e5ing av meldinger til grupper","description":"Med SureSMS kan du enkelt personalisere SMS-meldingene dine. Ved hjelp av noen enkle koder kan du gj\u00f8re meldingen din helt personlig. Se hvordan her.","robots":{"index":"index","follow":"follow","max-snippet":"max-snippet:-1","max-image-preview":"max-image-preview:large","max-video-preview":"max-video-preview:-1"},"canonical":"https:\/\/suresms.com\/nb\/funksjoner\/sms-sammenslaaing-av-meldinger-for-grupper\/","og_locale":"nb_NO","og_type":"article","og_title":"SMS fletning af beskeder til grupper","og_description":"Du kan nemt g\u00f8re dine SMS beskeder personlige med SureSMS. Ved at bruge nogle simple koder, kan du g\u00f8re beskeden helt personlig. Se her hvordan.","og_url":"https:\/\/suresms.com\/nb\/funksjoner\/sms-sammenslaaing-av-meldinger-for-grupper\/","article_publisher":"https:\/\/www.facebook.com\/p\/SureSMS-100044607956149\/","article_modified_time":"2025-01-10T10:55:05+00:00","twitter_card":"summary_large_image","twitter_misc":{"Ansl. lesetid":"3 minutter"},"schema":{"@context":"https:\/\/schema.org","@graph":[{"@type":"WebPage","@id":"https:\/\/suresms.com\/dk\/funktioner\/sms-fletning-af-beskeder-til-grupper\/","url":"https:\/\/suresms.com\/dk\/funktioner\/sms-fletning-af-beskeder-til-grupper\/","name":"SMS-sammensl\u00e5ing av meldinger til grupper","isPartOf":{"@id":"https:\/\/suresms.com\/en\/#website"},"datePublished":"2014-12-17T18:12:52+00:00","dateModified":"2025-01-10T10:55:05+00:00","description":"Med SureSMS kan du enkelt personalisere SMS-meldingene dine. Ved hjelp av noen enkle koder kan du gj\u00f8re meldingen din helt personlig. Se hvordan her.","breadcrumb":{"@id":"https:\/\/suresms.com\/dk\/funktioner\/sms-fletning-af-beskeder-til-grupper\/#breadcrumb"},"inLanguage":"nb-NO","potentialAction":[{"@type":"ReadAction","target":["https:\/\/suresms.com\/dk\/funktioner\/sms-fletning-af-beskeder-til-grupper\/"]}]},{"@type":"BreadcrumbList","@id":"https:\/\/suresms.com\/dk\/funktioner\/sms-fletning-af-beskeder-til-grupper\/#breadcrumb","itemListElement":[{"@type":"ListItem","position":1,"name":"Home","item":"https:\/\/suresms.com\/dk\/"},{"@type":"ListItem","position":2,"name":"Funktioner","item":"https:\/\/suresms.com\/dk\/funktioner\/"},{"@type":"ListItem","position":3,"name":"SMS fletning af beskeder til grupper"}]},{"@type":"WebSite","@id":"https:\/\/suresms.com\/en\/#website","url":"https:\/\/suresms.com\/en\/","name":"SureSMS","description":"Profesjonell SMS-gateway","publisher":{"@id":"https:\/\/suresms.com\/en\/#organization"},"potentialAction":[{"@type":"SearchAction","target":{"@type":"EntryPoint","urlTemplate":"https:\/\/suresms.com\/en\/?s={search_term_string}"},"query-input":{"@type":"PropertyValueSpecification","valueRequired":true,"valueName":"search_term_string"}}],"inLanguage":"nb-NO"},{"@type":"Organization","@id":"https:\/\/suresms.com\/en\/#organization","name":"SureSMS","url":"https:\/\/suresms.com\/en\/","logo":{"@type":"ImageObject","inLanguage":"nb-NO","@id":"https:\/\/suresms.com\/en\/#\/schema\/logo\/image\/","url":"https:\/\/suresms.com\/wp-content\/uploads\/2024\/11\/suresms-300x65-1.png","contentUrl":"https:\/\/suresms.com\/wp-content\/uploads\/2024\/11\/suresms-300x65-1.png","width":300,"height":65,"caption":"SureSMS"},"image":{"@id":"https:\/\/suresms.com\/en\/#\/schema\/logo\/image\/"},"sameAs":["https:\/\/www.facebook.com\/p\/SureSMS-100044607956149\/"]}]}},"_links":{"self":[{"href":"https:\/\/suresms.com\/nb\/wp-json\/wp\/v2\/pages\/755","targetHints":{"allow":["GET"]}}],"collection":[{"href":"https:\/\/suresms.com\/nb\/wp-json\/wp\/v2\/pages"}],"about":[{"href":"https:\/\/suresms.com\/nb\/wp-json\/wp\/v2\/types\/page"}],"author":[{"embeddable":true,"href":"https:\/\/suresms.com\/nb\/wp-json\/wp\/v2\/users\/1"}],"replies":[{"embeddable":true,"href":"https:\/\/suresms.com\/nb\/wp-json\/wp\/v2\/comments?post=755"}],"version-history":[{"count":5,"href":"https:\/\/suresms.com\/nb\/wp-json\/wp\/v2\/pages\/755\/revisions"}],"predecessor-version":[{"id":21398,"href":"https:\/\/suresms.com\/nb\/wp-json\/wp\/v2\/pages\/755\/revisions\/21398"}],"up":[{"embeddable":true,"href":"https:\/\/suresms.com\/nb\/wp-json\/wp\/v2\/pages\/958"}],"wp:attachment":[{"href":"https:\/\/suresms.com\/nb\/wp-json\/wp\/v2\/media?parent=755"}],"wp:term":[{"taxonomy":"category","embeddable":true,"href":"https:\/\/suresms.com\/nb\/wp-json\/wp\/v2\/categories?post=755"},{"taxonomy":"post_tag","embeddable":true,"href":"https:\/\/suresms.com\/nb\/wp-json\/wp\/v2\/tags?post=755"}],"curies":[{"name":"wp","href":"https:\/\/api.w.org\/{rel}","templated":true}]}}