{"id":748,"date":"2014-12-16T20:14:42","date_gmt":"2014-12-16T18:14:42","guid":{"rendered":"https:\/\/www.suresms.com\/dk\/?page_id=748"},"modified":"2024-11-24T17:03:16","modified_gmt":"2024-11-24T17:03:16","slug":"wilkaar","status":"publish","type":"page","link":"https:\/\/suresms.com\/nb\/politikker\/vilkaar\/","title":{"rendered":"Vilk\u00e5r og betingelser"},"content":{"rendered":"<p><strong>Generelt<\/strong><\/p>\n<ol>\n<li>Tilgang til og bruk av SureSMS' nettsted og programvare er underlagt f\u00f8lgende vilk\u00e5r, betingelser og\u00a0<a href=\"https:\/\/suresms.com\/nb\/personvernerklaering\/\">personvernerkl\u00e6ring<\/a>. Ved \u00e5 bruke dette nettstedet godtar du v\u00e5re vilk\u00e5r og betingelser og\u00a0<a href=\"https:\/\/suresms.com\/nb\/personvernerklaering\/\">personvernerkl\u00e6ring<\/a>. Hvis du ikke godtar f\u00f8lgende vilk\u00e5r og betingelser eller v\u00e5r personvernerkl\u00e6ring, m\u00e5 du umiddelbart slutte \u00e5 bruke tjenesten og programvaren som leveres av SureSMS.<\/li>\n<li>Ved \u00e5 godta disse vilk\u00e5rene og betingelsene samtykker du til,\n<ul>\n<li>at en person som representerer SureSMS kan kontakte deg via telefon, e-post eller SMS ang\u00e5ende tjenesten(e) du bruker.<\/li>\n<li>at en person som representerer SureSMS kan kontakte deg via telefon, e-post eller SMS ang\u00e5ende relaterte tjenester.<\/li>\n<li>at SureSMS kan bruke navnet p\u00e5 selskapet du representerer i markedsf\u00f8rings\u00f8yemed.<\/li>\n<li>at hvis du ikke \u00f8nsker \u00e5 bli kontaktet, kan du\u00a0<a href=\"https:\/\/suresms.com\/nb\/kontakt\/\">her <\/a>reservere deg mot videre kontakt<\/li>\n<\/ul>\n<\/li>\n<li>Hvis du ikke overholder alle de f\u00f8lgende vilk\u00e5rene, opph\u00f8rer din rett til tilgang umiddelbart.<\/li>\n<li>Vi forbeholder oss retten til \u00e5 endre disse vilk\u00e5rene uten direkte varsel. De endrede vilk\u00e5rene vil tre i kraft p\u00e5 det tidspunktet som er angitt i dem. De vil v\u00e6re tilgjengelige her p\u00e5 nettstedet. Vi ber deg derfor om \u00e5 lese dem regelmessig n\u00e5r du bes\u00f8ker nettstedet. Hvis du fortsetter \u00e5 bruke nettstedet og programvaren som er utviklet av SureSMS, betyr det at du har godtatt de nye vilk\u00e5rene og betingelsene for bruk.<\/li>\n<li>SureSMS lagrer personopplysningene dine s\u00e5 lenge du er bruker i systemene v\u00e5re. SureSMS lagrer personopplysningene dine i opptil fem \u00e5r. Som registrert SureSMS-bruker har du rett til \u00e5 gj\u00f8re innsigelse mot registreringen ved \u00e5 skrive til info@suresms.com. Glen Mandsberg er utnevnt som behandlingsansvarlig i SureSMS og tilknyttede selskaper. Du kan n\u00e5r som helst be oss om \u00e5 slette dine opplysninger, be om \u00e5 f\u00e5 utlevert de opplysningene vi har om deg, samt be oss om \u00e5 rette feil og mangler i dine personopplysninger.<\/li>\n<\/ol>\n<p><strong>V\u00e5re tjenester<\/strong><\/p>\n<ol>\n<li>Vi tilbyr en tjeneste som gj\u00f8r det mulig \u00e5 bruke telefonselskapenes nettverk til \u00e5 sende og motta SMS-meldinger fra mobiltelefoner.<\/li>\n<li>Prisen p\u00e5 tjenestene v\u00e5re avhenger av hvilke funksjoner du \u00f8nsker, hvilket land du vil sende til og hvilken programvare du bruker for \u00e5 sende. Du kan n\u00e5r som helst f\u00e5 v\u00e5r gjeldende prisliste ved \u00e5 sende en e-post til <a href=\"mailto:info@suresms.com\">info@suresms.com<\/a>.<\/li>\n<li>SureSMS tilbyr nettbasert hjelp i form av et nettsted. Hvis kundest\u00f8tten er bemannet, gj\u00f8r vi v\u00e5rt beste for \u00e5 svare p\u00e5 chat-st\u00f8tte. Du kan alltid be v\u00e5re supportmedarbeidere om hjelp ved \u00e5 skrive en e-post til <a href=\"mailto:support@suresms.com\">support@suresms.com<\/a>.<\/li>\n<li>Vi bestreber oss p\u00e5 \u00e5 gi deg ubegrenset tilgang til nettstedet og andre systemer. Vi kan imidlertid ikke garantere uavbrutt tilgjengelighet av tjenesten v\u00e5r, p\u00e5 samme m\u00e5te som teleselskaper ikke kan garantere levering av SMS-meldinger.<\/li>\n<li>Vi forbeholder oss retten til n\u00e5r som helst \u00e5 redigere, slette, fjerne, endre og forbedre alle data, all informasjon og alt innhold som vises p\u00e5 nettstedet.<\/li>\n<\/ol>\n<p><strong>Godkjent bruk<\/strong><\/p>\n<ol start=\"1\">\n<li>Du kan ikke bruke dette nettstedet til ulovlig, uredelig eller u\u00e6rlig atferd.<\/li>\n<li>Du kan ikke utgi deg for \u00e5 v\u00e6re en annen enn den du er i v\u00e5re systemer.<\/li>\n<li>Du m\u00e5 ikke forstyrre, avbryte eller p\u00e5f\u00f8re v\u00e5re kommunikasjons- eller tekniske systemer en uforholdsmessig stor belastning, slik vi vurderer det.<\/li>\n<li>Du er forpliktet til \u00e5 overholde lovene i de landene som SMS-meldinger sendes til. Du er forpliktet til \u00e5 innhente informasjon om disse reglene.<\/li>\n<li>SureSMS kan sperre kontoen din uten varsel hvis det er mistanke om misbruk av kontoen til \u00e5 sende ulovlige SMS-meldinger. Du vil bli varslet umiddelbart hvis kontoen din blir blokkert.<\/li>\n<li>Hvis SureSMS blir m\u00f8tt med krav om erstatning etter misbruk av kontoen din, kan SureSMS holde deg ansvarlig for disse kravene<\/li>\n<\/ol>\n<p><strong>Immaterielle rettigheter<\/strong><\/p>\n<ol>\n<li>Opphavsretten til data, innhold og informasjon som vises p\u00e5 nettstedet v\u00e5rt og tilh\u00f8rende programvaresystemer tilh\u00f8rer SureSMS. Du kan skrive ut, kopiere, overf\u00f8re eller lagre utdrag av materiale og informasjon som vises p\u00e5 nettstedet, til eget bruk.<\/li>\n<li>Med mindre annet er angitt i disse vilk\u00e5rene, kan ingen av v\u00e5re eiendomsrettigheter p\u00e5 og rundt dette nettstedet (data, innhold, materiale og informasjon som vises her) brukes, kopieres, endres, publiseres, overf\u00f8res, selges, avledes, redesignes, reproduseres, omformateres og distribueres uten forh\u00e5ndsgodkjenning fra SureSMS.<\/li>\n<\/ol>\n<p><strong>Fors\u00f8mmelse av v\u00e5rt ansvar<\/strong><\/p>\n<ol>\n<li>SureSMS kan ikke holdes ansvarlig for tap som oppst\u00e5r i forbindelse med bruk av dette nettstedet eller relaterte programvareprodukter. Dette omfatter verken direkte eller indirekte tap.<\/li>\n<li>SureSMS kan ikke holdes ansvarlig for konsekvensene av manglende levering av SMS-meldinger, da ansvaret for dette ligger hos teleselskapene.<\/li>\n<\/ol>\n<p><strong>Ditt ansvar<\/strong><\/p>\n<ol>\n<li>Du b\u00f8r ta alle n\u00f8dvendige forholdsregler for \u00e5 sikre at data, innhold, materiale og informasjon du bidrar med (inkludert\u00a0<em>brukerinnhold<\/em>) ikke inneholder virus, spionprogrammer, ondsinnet programvare eller annet som kan ha en skadelig effekt p\u00e5 dette nettstedet, tredjeparts nettsteder eller andre.<\/li>\n<li>Du m\u00e5 registrere deg for \u00e5 kunne bruke dette nettstedet. Brukernavnet og passordet ditt skal holdes konfidensielt for \u00e5 unng\u00e5 misbruk. Du er ansvarlig for aktiviteter som har funnet sted via ditt brukernavn.<\/li>\n<li>Du er ansvarlig for dine bidrag til dette nettstedet og de tilh\u00f8rende programvareproduktene. Dette omfatter ogs\u00e5 innholdet i SMS-meldinger og mottakere og informasjon om mottakere. Du m\u00e5 garantere at brukerinnholdet ditt ikke krenker private rettigheter, selskapsrettigheter eller alternative rettigheter til tredjeparter (inkludert konfidensiell informasjon).<\/li>\n<li>Du samtykker i at du vil bli holdt ansvarlig for enhver skade, tap, krav, ulempe eller utgift som SureSMS kan p\u00e5dra seg som f\u00f8lge av din bruk av nettstedet og relaterte produkter.<\/li>\n<li>Hvis du \u00f8nsker \u00e5 gj\u00f8re innsigelser mot beregningene p\u00e5 en faktura, m\u00e5 dette gj\u00f8res f\u00f8r fakturaens betalingsdato.<\/li>\n<\/ol>\n<p><strong>Avbestilling<\/strong><\/p>\n<ol>\n<li>Du kan n\u00e5r som helst si opp abonnementet ditt hos SureSMS. Oppsigelsesperioden er 0 (null) dager.<\/li>\n<li>Vi har en policy om ingen refusjon. Dette betyr at vi ikke refunderer bel\u00f8p som allerede er fakturert eller betalt. Du kan alltid bruke hele saldoen p\u00e5 SureSMS-kontoen din.<\/li>\n<li>Saldoen p\u00e5 SureSMS-kontoen din utl\u00f8per ikke.<\/li>\n<li>Hvis du \u00f8nsker \u00e5 slette kontoen din helt, vil du miste det innbetalte bel\u00f8pet, inkludert eventuelle gratis SMSer.<\/li>\n<\/ol>\n<p><strong>Endringer og oppdateringer<\/strong><\/p>\n<ol>\n<li>Vi kan endre og oppdatere vilk\u00e5rene og betingelsene. Bruk av nettstedet etter oppdatering inneb\u00e6rer aksept av den oppdaterte versjonen.<\/li>\n<li>Vilk\u00e5r og betingelser ble sist oppdatert 19. desember 2017.<\/li>\n<\/ol>\n<p>&nbsp;<\/p>","protected":false},"excerpt":{"rendered":"<p>Generelt Tilgang til og bruk av SureSMS' nettsted og programvare er underlagt f\u00f8lgende vilk\u00e5r, betingelser og retningslinjer for personvern. Ved \u00e5 bruke dette nettstedet godtar du v\u00e5re vilk\u00e5r og betingelser og v\u00e5r personvernerkl\u00e6ring. Hvis du ikke godtar f\u00f8lgende vilk\u00e5r og betingelser eller v\u00e5r personvernerkl\u00e6ring, m\u00e5 du umiddelbart slutte \u00e5 bruke tjenesten og ... <a title=\"Vilk\u00e5r og betingelser\" class=\"read-more\" href=\"https:\/\/suresms.com\/nb\/politikker\/vilkaar\/\" aria-label=\"Les mer om Vilk\u00e5r og betingelser\">Les mer om dette<\/a><\/p>","protected":false},"author":1,"featured_media":0,"parent":19124,"menu_order":22,"comment_status":"closed","ping_status":"closed","template":"","meta":{"_fl_builder_enabled":"1","_fl_builder_data":null,"_fl_builder_draft":null,"_fl_builder_data_settings":null,"_fl_builder_css":"","_fl_builder_css_version":"","_fl_builder_js":"","footnotes":""},"categories":[],"tags":[],"class_list":["post-748","page","type-page","status-publish"],"yoast_head":"<!-- This site is optimized with the Yoast SEO Premium plugin v27.3 (Yoast SEO v27.3) - https:\/\/yoast.com\/product\/yoast-seo-premium-wordpress\/ -->\r\n<title>Vilk\u00e5r og betingelser -<\/title>\r\n<meta name=\"robots\" content=\"index, follow, max-snippet:-1, max-image-preview:large, max-video-preview:-1\" \/>\r\n<link rel=\"canonical\" href=\"https:\/\/suresms.com\/nb\/funksjoner-2\/wilkaar\/\" \/>\r\n<meta property=\"og:locale\" content=\"nb_NO\" \/>\r\n<meta property=\"og:type\" content=\"article\" \/>\r\n<meta property=\"og:title\" content=\"Vilk\u00e5r og betingelser\" \/>\r\n<meta property=\"og:description\" content=\"Generelt Adgangen og brugen af SureSMS hjemmeside og software sker med udgangspunkt i f\u00f8lgende vilk\u00e5r, betingelser og\u00a0persondatapolitik. Ved brug af denne hjemmeside erkl\u00e6rer du dig enig i vores vilk\u00e5r og betingelser og\u00a0persondatapolitik. Hvis du ikke er enig i de f\u00f8lgende vilk\u00e5r og betingelser eller vores persondatapolitik, skal du straks stoppe med at anvende service og ... Les mer\" \/>\r\n<meta property=\"og:url\" content=\"https:\/\/suresms.com\/nb\/funksjoner-2\/wilkaar\/\" \/>\r\n<meta property=\"article:publisher\" content=\"https:\/\/www.facebook.com\/p\/SureSMS-100044607956149\/\" \/>\r\n<meta property=\"article:modified_time\" content=\"2024-11-24T17:03:16+00:00\" \/>\r\n<meta name=\"twitter:card\" content=\"summary_large_image\" \/>\r\n<meta name=\"twitter:label1\" content=\"Ansl. lesetid\" \/>\n\t<meta name=\"twitter:data1\" content=\"5 minutter\" \/>\r\n<script type=\"application\/ld+json\" class=\"yoast-schema-graph\">{\"@context\":\"https:\\\/\\\/schema.org\",\"@graph\":[{\"@type\":\"WebPage\",\"@id\":\"https:\\\/\\\/suresms.com\\\/politikker\\\/vilkaar\\\/\",\"url\":\"https:\\\/\\\/suresms.com\\\/politikker\\\/vilkaar\\\/\",\"name\":\"Vilk\u00e5r og betingelser -\",\"isPartOf\":{\"@id\":\"https:\\\/\\\/suresms.com\\\/en\\\/#website\"},\"datePublished\":\"2014-12-16T18:14:42+00:00\",\"dateModified\":\"2024-11-24T17:03:16+00:00\",\"breadcrumb\":{\"@id\":\"https:\\\/\\\/suresms.com\\\/politikker\\\/vilkaar\\\/#breadcrumb\"},\"inLanguage\":\"nb-NO\",\"potentialAction\":[{\"@type\":\"ReadAction\",\"target\":[\"https:\\\/\\\/suresms.com\\\/politikker\\\/vilkaar\\\/\"]}]},{\"@type\":\"BreadcrumbList\",\"@id\":\"https:\\\/\\\/suresms.com\\\/politikker\\\/vilkaar\\\/#breadcrumb\",\"itemListElement\":[{\"@type\":\"ListItem\",\"position\":1,\"name\":\"Home\",\"item\":\"https:\\\/\\\/suresms.com\\\/dk\\\/\"},{\"@type\":\"ListItem\",\"position\":2,\"name\":\"Politikker\",\"item\":\"https:\\\/\\\/suresms.com\\\/politikker\\\/\"},{\"@type\":\"ListItem\",\"position\":3,\"name\":\"Vilk\u00e5r og betingelser\"}]},{\"@type\":\"WebSite\",\"@id\":\"https:\\\/\\\/suresms.com\\\/en\\\/#website\",\"url\":\"https:\\\/\\\/suresms.com\\\/en\\\/\",\"name\":\"SureSMS\",\"description\":\"Professionel SMS Gateway\",\"publisher\":{\"@id\":\"https:\\\/\\\/suresms.com\\\/en\\\/#organization\"},\"potentialAction\":[{\"@type\":\"SearchAction\",\"target\":{\"@type\":\"EntryPoint\",\"urlTemplate\":\"https:\\\/\\\/suresms.com\\\/en\\\/?s={search_term_string}\"},\"query-input\":{\"@type\":\"PropertyValueSpecification\",\"valueRequired\":true,\"valueName\":\"search_term_string\"}}],\"inLanguage\":\"nb-NO\"},{\"@type\":\"Organization\",\"@id\":\"https:\\\/\\\/suresms.com\\\/en\\\/#organization\",\"name\":\"SureSMS\",\"url\":\"https:\\\/\\\/suresms.com\\\/en\\\/\",\"logo\":{\"@type\":\"ImageObject\",\"inLanguage\":\"nb-NO\",\"@id\":\"https:\\\/\\\/suresms.com\\\/en\\\/#\\\/schema\\\/logo\\\/image\\\/\",\"url\":\"https:\\\/\\\/suresms.com\\\/wp-content\\\/uploads\\\/2024\\\/11\\\/suresms-300x65-1.png\",\"contentUrl\":\"https:\\\/\\\/suresms.com\\\/wp-content\\\/uploads\\\/2024\\\/11\\\/suresms-300x65-1.png\",\"width\":300,\"height\":65,\"caption\":\"SureSMS\"},\"image\":{\"@id\":\"https:\\\/\\\/suresms.com\\\/en\\\/#\\\/schema\\\/logo\\\/image\\\/\"},\"sameAs\":[\"https:\\\/\\\/www.facebook.com\\\/p\\\/SureSMS-100044607956149\\\/\"]}]}<\/script>\r\n<!-- \/ Yoast SEO Premium plugin. -->","yoast_head_json":{"title":"Vilk\u00e5r og betingelser","robots":{"index":"index","follow":"follow","max-snippet":"max-snippet:-1","max-image-preview":"max-image-preview:large","max-video-preview":"max-video-preview:-1"},"canonical":"https:\/\/suresms.com\/nb\/funksjoner-2\/wilkaar\/","og_locale":"nb_NO","og_type":"article","og_title":"Vilk\u00e5r og betingelser","og_description":"Generelt Adgangen og brugen af SureSMS hjemmeside og software sker med udgangspunkt i f\u00f8lgende vilk\u00e5r, betingelser og\u00a0persondatapolitik. Ved brug af denne hjemmeside erkl\u00e6rer du dig enig i vores vilk\u00e5r og betingelser og\u00a0persondatapolitik. Hvis du ikke er enig i de f\u00f8lgende vilk\u00e5r og betingelser eller vores persondatapolitik, skal du straks stoppe med at anvende service og ... Les mer","og_url":"https:\/\/suresms.com\/nb\/funksjoner-2\/wilkaar\/","article_publisher":"https:\/\/www.facebook.com\/p\/SureSMS-100044607956149\/","article_modified_time":"2024-11-24T17:03:16+00:00","twitter_card":"summary_large_image","twitter_misc":{"Ansl. lesetid":"5 minutter"},"schema":{"@context":"https:\/\/schema.org","@graph":[{"@type":"WebPage","@id":"https:\/\/suresms.com\/politikker\/vilkaar\/","url":"https:\/\/suresms.com\/politikker\/vilkaar\/","name":"Vilk\u00e5r og betingelser","isPartOf":{"@id":"https:\/\/suresms.com\/en\/#website"},"datePublished":"2014-12-16T18:14:42+00:00","dateModified":"2024-11-24T17:03:16+00:00","breadcrumb":{"@id":"https:\/\/suresms.com\/politikker\/vilkaar\/#breadcrumb"},"inLanguage":"nb-NO","potentialAction":[{"@type":"ReadAction","target":["https:\/\/suresms.com\/politikker\/vilkaar\/"]}]},{"@type":"BreadcrumbList","@id":"https:\/\/suresms.com\/politikker\/vilkaar\/#breadcrumb","itemListElement":[{"@type":"ListItem","position":1,"name":"Home","item":"https:\/\/suresms.com\/dk\/"},{"@type":"ListItem","position":2,"name":"Politikker","item":"https:\/\/suresms.com\/politikker\/"},{"@type":"ListItem","position":3,"name":"Vilk\u00e5r og betingelser"}]},{"@type":"WebSite","@id":"https:\/\/suresms.com\/en\/#website","url":"https:\/\/suresms.com\/en\/","name":"SureSMS","description":"Profesjonell SMS-gateway","publisher":{"@id":"https:\/\/suresms.com\/en\/#organization"},"potentialAction":[{"@type":"SearchAction","target":{"@type":"EntryPoint","urlTemplate":"https:\/\/suresms.com\/en\/?s={search_term_string}"},"query-input":{"@type":"PropertyValueSpecification","valueRequired":true,"valueName":"search_term_string"}}],"inLanguage":"nb-NO"},{"@type":"Organization","@id":"https:\/\/suresms.com\/en\/#organization","name":"SureSMS","url":"https:\/\/suresms.com\/en\/","logo":{"@type":"ImageObject","inLanguage":"nb-NO","@id":"https:\/\/suresms.com\/en\/#\/schema\/logo\/image\/","url":"https:\/\/suresms.com\/wp-content\/uploads\/2024\/11\/suresms-300x65-1.png","contentUrl":"https:\/\/suresms.com\/wp-content\/uploads\/2024\/11\/suresms-300x65-1.png","width":300,"height":65,"caption":"SureSMS"},"image":{"@id":"https:\/\/suresms.com\/en\/#\/schema\/logo\/image\/"},"sameAs":["https:\/\/www.facebook.com\/p\/SureSMS-100044607956149\/"]}]}},"_links":{"self":[{"href":"https:\/\/suresms.com\/nb\/wp-json\/wp\/v2\/pages\/748","targetHints":{"allow":["GET"]}}],"collection":[{"href":"https:\/\/suresms.com\/nb\/wp-json\/wp\/v2\/pages"}],"about":[{"href":"https:\/\/suresms.com\/nb\/wp-json\/wp\/v2\/types\/page"}],"author":[{"embeddable":true,"href":"https:\/\/suresms.com\/nb\/wp-json\/wp\/v2\/users\/1"}],"replies":[{"embeddable":true,"href":"https:\/\/suresms.com\/nb\/wp-json\/wp\/v2\/comments?post=748"}],"version-history":[{"count":1,"href":"https:\/\/suresms.com\/nb\/wp-json\/wp\/v2\/pages\/748\/revisions"}],"predecessor-version":[{"id":19133,"href":"https:\/\/suresms.com\/nb\/wp-json\/wp\/v2\/pages\/748\/revisions\/19133"}],"up":[{"embeddable":true,"href":"https:\/\/suresms.com\/nb\/wp-json\/wp\/v2\/pages\/19124"}],"wp:attachment":[{"href":"https:\/\/suresms.com\/nb\/wp-json\/wp\/v2\/media?parent=748"}],"wp:term":[{"taxonomy":"category","embeddable":true,"href":"https:\/\/suresms.com\/nb\/wp-json\/wp\/v2\/categories?post=748"},{"taxonomy":"post_tag","embeddable":true,"href":"https:\/\/suresms.com\/nb\/wp-json\/wp\/v2\/tags?post=748"}],"curies":[{"name":"wp","href":"https:\/\/api.w.org\/{rel}","templated":true}]}}