{"id":602,"date":"2014-11-12T16:16:06","date_gmt":"2014-11-12T14:16:06","guid":{"rendered":"https:\/\/www.suresms.com\/dk\/?page_id=602"},"modified":"2024-12-06T12:48:59","modified_gmt":"2024-12-06T12:48:59","slug":"sms-programtillegg","status":"publish","type":"page","link":"https:\/\/suresms.com\/nb\/sms-gateway-professionelle-sms-losninger\/ikke-navigerbare-sider-suresms-com-parent\/sms-plugins\/","title":{"rendered":"SMS-tillegg"},"content":{"rendered":"<img loading=\"lazy\" decoding=\"async\" src=\"https:\/\/www.suresms.com\/dk\/wp-content\/uploads\/2014\/10\/Funktioner-Udviklere-Menu-200x50-pix.jpg\" alt=\"Funksjoner og egenskaper utvikler API SureSMS\" itemprop=\"image\" height=\"50\" width=\"200\" title=\"Funksjoner Utviklermeny\" onerror=\"this.style.display='none'\">\n\t<p>&lt; Tilbake til <a title=\"Funksjoner og egenskaper\" href=\"https:\/\/suresms.com\/nb\/funksjoner\/\">Funksjoner og egenskaper<\/a><\/p>\n\t\t<h3>Pr\u00f8v det N\u00c5!<\/h3>\n\t\t<p>Opprett en gratis pr\u00f8vekonto n\u00e5 og f\u00e5 50 gratis SMSer. Ingen forpliktelser<\/p>\n\t\t\t<a href=\"https:\/\/suresms.com\/nb\/gratis-sms-testkonto\/\" target=\"_self\" role=\"button\" rel=\"noopener\">\n\t\t\t\t\t\t\tOpprett pr\u00f8vekonto\n\t\t\t\t\t<\/a>\n\t<h1>SMS-tillegg<\/h1>\n<p>Denne siden inneholder SMS-tillegg som er laget av eller for SureSMS. Det finnes SMS-tillegg som er laget av SureSMS, samt andre som kan brukes av SureSMS.<\/p>\n<p>Vi legger jevnlig til nye utvidelser, s\u00e5 f\u00f8lg med p\u00e5 denne siden for \u00e5 se de nyeste.<\/p>\n<h3>Hva er en plugin?<\/h3>\n<p>En plugin er en slags utvidelse eller tillegg til standardoppsettet eller -systemet ditt. N\u00e5r vi i SureSMS lager plug-ins eller add-ins, som de kalles for Outlook for eksempel, er det vanligvis et tillegg til et system slik at du kan integrere SMS-tjenesten v\u00e5r i systemet. En plugin eller et tillegg er alts\u00e5 et tillegg.<\/p>\n<h3>Alle plugins er gratis<\/h3>\n<p>Helt fra starten av har vi tatt en beslutning om at alle plugins vi lager er gratis. Det betyr at du ikke trenger \u00e5 betale for \u00e5 installere dem eller bruke dem. Det er en gratis tjeneste fra SureSMS til kundene v\u00e5re.<\/p>\n<h3>Last ned plugins direkte fra Outlook eller WordPress<\/h3>\n<p>N\u00e5r vi lager programtillegg, s\u00f8rger vi for at de er utformet i henhold til retningslinjene i standardprogrammene. Derfor kan v\u00e5re plugins ogs\u00e5 lastes ned direkte fra programmene de er utviklet for. I praksis betyr dette at v\u00e5r Plugin for WordPress kan lastes ned direkte fra Plugin-oversikten, p\u00e5 samme m\u00e5te som v\u00e5rt Add-in kan lastes ned direkte fra Outlook.<\/p>\n<h3>Skaff deg en konto f\u00f8rst<\/h3>\n<p>For alle programtillegg trenger du en konto \u00e5 registrere deg med n\u00e5r du installerer det nye programtillegget. SureSMS tilbyr en slik konto raskt, enkelt og gratis.<\/p>\n<p>Du oppretter en gratis konto ved \u00e5 fylle ut skjemaet p\u00e5 denne siden. Etter at du har sendt inn opplysningene dine, sender vi deg en e-post med informasjonen du trenger for \u00e5 aktivere programtillegget ditt. Det er ingen kostnader forbundet med \u00e5 opprette en konto, og det er ingen betingelser knyttet til SMS Gateway-kontoen v\u00e5r.<\/p>\n\t\t\t\t<a href=\"https:\/\/suresms.com\/nb\/sms-outlook-add\/\" target=\"_self\" itemprop=\"url\" rel=\"noopener\">\n\t\t\t\t<img loading=\"lazy\" decoding=\"async\" src=\"https:\/\/www.suresms.com\/dk\/wp-content\/uploads\/2016\/06\/SureSMS-sms-Outlook-Add-in.png\" alt=\"SureSMS sms Outlook-tillegg\" itemprop=\"image\" height=\"250\" width=\"400\" title=\"SureSMS sms Outlook-tillegg\" onerror=\"this.style.display='none'\">\n\t\t\t\t<\/a>\n\t\t<h3><a href=\"https:\/\/suresms.com\/nb\/sms-outlook-add\/\" target=\"_self\" rel=\"noopener\">Outlook SMS-tillegg<\/a><\/h3>\t\t\n\t\t\t<p>V\u00e5rt Outlook-tillegg inkluderer en knapp i menylinjen slik at du kan sende SMS-meldinger direkte fra Outlook-postkassen din. Du bestemmer selv fra hvilket mobilnummer og i hvilken mappe meldingene skal lagres. Perfekt for dokumentasjon og journalf\u00f8ring med systemet ditt.<\/p>\n<p>Les <a href=\"https:\/\/suresms.com\/nb\/sms-outlook-add\/\">Mer om SMS Outlook Add-in fra SureSMS<\/a> Her.<\/p>\n<p>Du kan raskt opprette en konto mens du laster ned tillegget v\u00e5rt. Pr\u00f8v tillegget v\u00e5rt og motta 50 gratis SMSer med pr\u00f8vekontoen din.<\/p>\n\t\t\t<a href=\"https:\/\/suresms.com\/nb\/sms-outlook-add\/\" target=\"_self\" role=\"button\" rel=\"noopener\">\n\t\t\t\t\t\t\tOM SureSMS Outlook Add in\n\t\t\t\t\t<\/a>\n\t\t\t\t<a href=\"https:\/\/suresms.com\/nb\/sms-programtillegg\/wordpress-sms-plugin\/\" target=\"_self\" itemprop=\"url\" rel=\"noopener\">\n\t\t\t\t<img loading=\"lazy\" decoding=\"async\" src=\"https:\/\/www.suresms.com\/dk\/wp-content\/uploads\/2014\/11\/SMS-plugin-Suresms-til-WordPress-2.jpg\" alt=\"SMS-tillegg Suresms for WordPress\" itemprop=\"image\" height=\"250\" width=\"400\" title=\"SMS-tillegg Suresms for WordPress\" onerror=\"this.style.display='none'\">\n\t\t\t\t<\/a>\n\t\t<h3><a href=\"https:\/\/suresms.com\/nb\/sms-programtillegg\/wordpress-sms-plugin\/\" target=\"_self\" rel=\"noopener\">WordPress SMS-tillegg<\/a><\/h3>\t\t\n\t\t\t<p>V\u00e5r WP-plugin inkluderer en widget som du kan plassere p\u00e5 nettstedet ditt, slik at de bes\u00f8kende kan sende SMS derfra. Du kan definere en bunntekst i SMS-meldingen, slik at du f\u00e5r en annonse n\u00e5r folk sender meldinger fra nettstedet ditt. En flott tjeneste for kundene dine og markedsf\u00f8ring i \u00e9n og samme l\u00f8sning.<\/p>\n<p>Les <a href=\"https:\/\/suresms.com\/nb\/sms-programtillegg\/wordpress-sms-plugin\/\">mer om SMS WordPress Plugin<\/a>&nbsp;Her.<\/p>\n<p>For at det skal fungere, m\u00e5 du fylle inn brukernavn og passord. Opprett en gratis konto via lenken her. Vi sender deg innloggingsopplysningene dine i l\u00f8pet av 5 minutter.<\/p>\n\t\t\t<a href=\"https:\/\/suresms.com\/nb\/sms-programtillegg\/wordpress-sms-plugin\/\" target=\"_self\" role=\"button\" rel=\"noopener\">\n\t\t\t\t\t\t\tOm SMS WordPress-plugin\n\t\t\t\t\t<\/a>\n\t\t\t\t<a href=\"https:\/\/suresms.com\/nb\/woocommerce-sms-loesning\/\" target=\"_self\" itemprop=\"url\" rel=\"noopener\">\n\t\t\t\t<img loading=\"lazy\" decoding=\"async\" src=\"https:\/\/www.suresms.com\/dk\/wp-content\/uploads\/2014\/11\/SMS-til-WooCommerce-call-out.jpg\" alt=\"SMS til WooCommerce-utrop\" itemprop=\"image\" height=\"250\" width=\"400\" title=\"SMS til WooCommerce-utrop\" onerror=\"this.style.display='none'\">\n\t\t\t\t<\/a>\n\t\t<h3><a href=\"https:\/\/suresms.com\/nb\/woocommerce-sms-loesning\/\" target=\"_self\" rel=\"noopener\">WooCommerce SMS-plugin<\/a><\/h3>\t\t\n\t\t\t<p>I samarbeid med SureSMS har Rommel.dk laget en plugin for WooCommerce. WooCommerce er den mest brukte nettbutikkplattformen i verden.<\/p>\n<p>Med denne plugin-modulen kan du automatisk sende SMS til kundene dine n\u00e5r det skjer noe med bestillingen deres. For eksempel n\u00e5r bestillingen er sendt, eller hvis du trenger \u00e5 stille et sp\u00f8rsm\u00e5l om bestillingen.<\/p>\n<p><a href=\"https:\/\/suresms.com\/nb\/woocommerce-sms-loesning\/\">Les mer om WooCommerce-plugin-modulen her.<\/a><\/p>\n<p>For at det skal fungere, m\u00e5 du fylle inn brukernavn og passord. Opprett en gratis konto via lenken her. Vi sender deg innloggingsopplysningene dine i l\u00f8pet av 5 minutter.<\/p>\n\t\t\t<a href=\"https:\/\/suresms.com\/nb\/woocommerce-sms-loesning\/\" target=\"_self\" role=\"button\" rel=\"noopener\">\n\t\t\t\t\t\t\tOm WooCommerce-plugin-modulen\n\t\t\t\t\t<\/a>\n\t\t\t\t<a href=\"https:\/\/suresms.com\/nb\/joomla-sms-loesning\/\" target=\"_self\" itemprop=\"url\" rel=\"noopener\">\n\t\t\t\t<img loading=\"lazy\" decoding=\"async\" src=\"https:\/\/www.suresms.com\/dk\/wp-content\/uploads\/2014\/11\/joomla.jpg\" alt=\"joomla\" itemprop=\"image\" height=\"124\" width=\"124\" title=\"joomla\" onerror=\"this.style.display='none'\">\n\t\t\t\t<\/a>\n\t\t<h3><a href=\"https:\/\/suresms.com\/nb\/joomla-sms-loesning\/\" target=\"_self\" rel=\"noopener\">Joomla SMS-plugin<\/a><\/h3>\t\t\n\t\t\t<p>SureSMS er en av favoritt-SMS-gatewayene i AcySMS. Acyba har laget en Joomla-plugin som gj\u00f8r det mulig \u00e5 sende nyhetsbrev, tilbud, ordrestatus og mye mer via SMS fra Joomla.<\/p>\n<p><a href=\"https:\/\/suresms.com\/nb\/joomla-sms-loesning\/\">Les mer om Joomla-tillegget her.<\/a><\/p>\n<p>Som den eneste danske SMS-gatewayen tilbyr SureSMS ogs\u00e5 SMS-mottak i AcySMS og Joomla.<\/p>\n\t\t\t<a href=\"https:\/\/suresms.com\/nb\/joomla-sms-loesning\/\" target=\"_self\" role=\"button\" rel=\"noopener\">\n\t\t\t\t\t\t\tOm Joomla Plugin\n\t\t\t\t\t<\/a>\n\t\t<h4>Vil du opprette en konto med en gang? <\/h4>\n\t\t<p>Vi st\u00e5r klare til \u00e5 \u00f8nske deg velkommen som kunde hos SureSMS!<\/p>\n\t\t\t<a href=\"https:\/\/suresms.com\/nb\/opprette-sms-gateway-konto\/\" target=\"_self\" role=\"button\" rel=\"noopener\">\n\t\t\t\t\t\t\tOpprett en SureSMS-konto!\n\t\t\t\t\t<\/a>\n\t\t<h4>Bestill en 2-veis l\u00f8sning!<\/h4>\n\t\t<p>Har du allerede en konto? Bestill en 2-veis l\u00f8sning og f\u00e5 de ekstra alternativene som din egen l\u00f8sning tilbyr.&nbsp;<\/p>\n\t\t\t<a href=\"https:\/\/suresms.com\/nb\/bestill-2-veis-lossing\/\" target=\"_self\" role=\"button\" rel=\"noopener\">\n\t\t\t\t\t\t\tBestill 2-veis l\u00f8sning\n\t\t\t\t\t<\/a>\n\t<h4><strong>Her kan du lese et eksempel p\u00e5 hvordan kundene v\u00e5re bruker SMS2SMS i dag<\/strong><\/h4>\n<ul>\n<li>Vi utviklet SMS2SMS-l\u00f8sningen v\u00e5r for et dansk arkitektfirma som \u00f8nsket en SMS-l\u00f8sning som kunne brukes p\u00e5 byggeprosjektene deres. L\u00f8sningen skulle forenkle kommunikasjonen og gj\u00f8re det mulig for entrepren\u00f8rer og underleverand\u00f8rer \u00e5 kommunisere med beboerne om fremdriften i byggeprosjektene, tilbud med mer. Samtidig \u00f8nsket arkitektfirmaet en l\u00f8sning der beboerne selv kunne melde seg p\u00e5 informasjonsflyten.&nbsp; <strong>SureSMS har utviklet SMS2SMS-produktet for arkitekter<\/strong>. Hvem som helst kan sende informasjon til l\u00f8sningen via en enkelt SMS, og innbyggerne kan registrere seg for den via n\u00f8kkelord.<\/li>\n<\/ul>\n<p>&nbsp;<\/p>\n\t\t\t\t<a href=\"https:\/\/manual.suresms.com\/\" target=\"_self\" itemprop=\"url\" rel=\"noopener\">\n\t\t\t\t<img loading=\"lazy\" decoding=\"async\" src=\"https:\/\/www.suresms.com\/dk\/wp-content\/uploads\/bb-plugin\/cache\/Manual-400x250-px1-panorama.jpg\" alt=\"manuell nettside suresms\" itemprop=\"image\" height=\"250\" width=\"400\" title=\"Manuell 400x250 px\" onerror=\"this.style.display='none'\">\n\t\t\t\t<\/a>\n<h3><a href=\"https:\/\/manual.suresms.com\/\" target=\"_self\" rel=\"noopener\">Bes\u00f8k nettstedet v\u00e5rt for h\u00e5ndboken<\/a><\/h3>\t\t\n\t\t\t<p>For \u00e5 hjelpe kundene v\u00e5re har vi samlet alle instruksjoner og beskrivelser p\u00e5 manual.suresms.com. Her kan du se hvordan gatewayen v\u00e5r fungerer og f\u00e5 enkle og brukervennlige instruksjoner for de mange funksjonene.&nbsp;<\/p>\n\t\t\t\t<a href=\"https:\/\/developer.suresms.com\/\" target=\"_self\" itemprop=\"url\" rel=\"noopener\">\n\t\t\t\t<img loading=\"lazy\" decoding=\"async\" src=\"https:\/\/www.suresms.com\/dk\/wp-content\/uploads\/bb-plugin\/cache\/developer-400x250-px-panorama.jpg\" alt=\"suresms-nettsted for utviklere\" itemprop=\"image\" height=\"250\" width=\"400\" title=\"utvikler 400x250 px\" onerror=\"this.style.display='none'\">\n\t\t\t\t<\/a>\n<h3><a href=\"https:\/\/developer.suresms.com\/\" target=\"_self\" rel=\"noopener\">utvikler.suresms.com <\/a><\/h3>\t\t\n\t\t\t<p>SureSMS er laget av utviklere for utviklere!<br \/>P\u00e5 developer.suresms.com har vi samlet dokumentasjon og kodeeksempler for \u00e5 gj\u00f8re det enkelt \u00e5 integrere gatewayen v\u00e5r i systemet ditt.<\/p>\n\t\t\t\t<a href=\"https:\/\/www.youtube.com\/channel\/UC1XGC5rl9mI9ndtBVn8yq7g\" target=\"_self\" itemprop=\"url\" rel=\"noopener\">\n\t\t\t\t<img loading=\"lazy\" decoding=\"async\" src=\"https:\/\/www.suresms.com\/dk\/wp-content\/uploads\/bb-plugin\/cache\/you-tube400x250px-panorama.jpg\" alt=\"suresms sms gateway you tube videoer\" itemprop=\"image\" height=\"250\" width=\"400\" title=\"you tube 400x250px\" onerror=\"this.style.display='none'\">\n\t\t\t\t<\/a>\n<h3><a href=\"https:\/\/www.youtube.com\/channel\/UC1XGC5rl9mI9ndtBVn8yq7g\" target=\"_self\" rel=\"noopener\">Se instruksjonsvideoene v\u00e5re!<\/a><\/h3>\t\t\n\t\t\t<p>Skal du komme i gang med en ny funksjon? Eller trenger du bare \u00e5 vite litt mer om hvordan gatewayen v\u00e5r fungerer? P\u00e5 Youtube har vi samlet instruksjonsvideoene v\u00e5re. Klar til \u00e5 sette i gang!<\/p>","protected":false},"excerpt":{"rendered":"<p>&lt; Tilbake til Funksjoner og egenskaper Pr\u00f8v N\u00c5! Opprett en gratis pr\u00f8vekonto n\u00e5 og f\u00e5 50 gratis SMSer. Ingen betingelser Opprett pr\u00f8vekonto SMS-plugin Denne siden inneholder SMS-plugins laget av eller for SureSMS. Det finnes SMS-tillegg som er laget av SureSMS, samt andre som kan brukes av SureSMS. Vi legger jevnlig til nye... <a title=\"SMS-tillegg\" class=\"read-more\" href=\"https:\/\/suresms.com\/nb\/sms-gateway-professionelle-sms-losninger\/ikke-navigerbare-sider-suresms-com-parent\/sms-plugins\/\" aria-label=\"Les mer om SMS-tillegg\">Les mer om dette<\/a><\/p>","protected":false},"author":1,"featured_media":0,"parent":2923,"menu_order":5,"comment_status":"closed","ping_status":"closed","template":"","meta":{"_fl_builder_enabled":"1","_fl_builder_data":null,"_fl_builder_draft":null,"_fl_builder_data_settings":null,"_fl_builder_css":"","_fl_builder_css_version":"","_fl_builder_js":"","footnotes":""},"categories":[],"tags":[],"class_list":["post-602","page","type-page","status-publish"],"yoast_head":"<!-- This site is optimized with the Yoast SEO Premium plugin v27.3 (Yoast SEO v27.3) - https:\/\/yoast.com\/product\/yoast-seo-premium-wordpress\/ -->\r\n<title>SMS plugins | Samlet liste over alle SMS plugins - SureSMS \u2713<\/title>\r\n<meta name=\"description\" content=\"En komplet liste over SMS plugins til SureSMS. Find dit SMS plugin p\u00e5 denne side. indeholder undersider for hvert plugin til SMS.\" \/>\r\n<meta name=\"robots\" content=\"index, follow, max-snippet:-1, max-image-preview:large, max-video-preview:-1\" \/>\r\n<link rel=\"canonical\" href=\"https:\/\/suresms.com\/nb\/sms-gateway-profesjonelle-sms-loesninger\/ikke-navigerbare-sider-paa-overordnede-suresms-com\/sms-programtillegg\/\" \/>\r\n<meta property=\"og:locale\" content=\"nb_NO\" \/>\r\n<meta property=\"og:type\" content=\"article\" \/>\r\n<meta property=\"og:title\" content=\"Download vores gratis Plugins - SureSMS\" \/>\r\n<meta property=\"og:description\" content=\"Vi udvikler Plugins, s\u00e5 vores SMS Gateway kan integreres let og hurtigt med dit system. Alle Plugins er gratis. Send SMS direkte fra Outlook eller din WordPress hjemmeside. Betal kun pr. SMS\" \/>\r\n<meta property=\"og:url\" content=\"https:\/\/suresms.com\/nb\/sms-gateway-profesjonelle-sms-loesninger\/ikke-navigerbare-sider-paa-overordnede-suresms-com\/sms-programtillegg\/\" \/>\r\n<meta property=\"article:publisher\" content=\"https:\/\/www.facebook.com\/p\/SureSMS-100044607956149\/\" \/>\r\n<meta property=\"article:modified_time\" content=\"2024-12-06T12:48:59+00:00\" \/>\r\n<meta property=\"og:image\" content=\"https:\/\/suresms.com\/wp-content\/uploads\/2014\/11\/SureSMS-Plugins-snippet.jpg\" \/>\r\n\t<meta property=\"og:image:width\" content=\"400\" \/>\r\n\t<meta property=\"og:image:height\" content=\"250\" \/>\r\n\t<meta property=\"og:image:type\" content=\"image\/jpeg\" \/>\r\n<meta name=\"twitter:card\" content=\"summary_large_image\" \/>\r\n<meta name=\"twitter:title\" content=\"SMS plugins\" \/>\r\n<meta name=\"twitter:label1\" content=\"Ansl. lesetid\" \/>\n\t<meta name=\"twitter:data1\" content=\"7 minutter\" \/>\r\n<script type=\"application\/ld+json\" class=\"yoast-schema-graph\">{\"@context\":\"https:\\\/\\\/schema.org\",\"@graph\":[{\"@type\":\"WebPage\",\"@id\":\"https:\\\/\\\/suresms.com\\\/dk\\\/sms-gateway-professionelle-sms-losninger\\\/ikke-navigerbare-sider-suresms-com-parent\\\/sms-plugins\\\/\",\"url\":\"https:\\\/\\\/suresms.com\\\/dk\\\/sms-gateway-professionelle-sms-losninger\\\/ikke-navigerbare-sider-suresms-com-parent\\\/sms-plugins\\\/\",\"name\":\"SMS plugins | Samlet liste over alle SMS plugins - SureSMS \u2713\",\"isPartOf\":{\"@id\":\"https:\\\/\\\/suresms.com\\\/en\\\/#website\"},\"primaryImageOfPage\":{\"@id\":\"https:\\\/\\\/suresms.com\\\/dk\\\/sms-gateway-professionelle-sms-losninger\\\/ikke-navigerbare-sider-suresms-com-parent\\\/sms-plugins\\\/#primaryimage\"},\"image\":{\"@id\":\"https:\\\/\\\/suresms.com\\\/dk\\\/sms-gateway-professionelle-sms-losninger\\\/ikke-navigerbare-sider-suresms-com-parent\\\/sms-plugins\\\/#primaryimage\"},\"thumbnailUrl\":\"https:\\\/\\\/www.suresms.com\\\/dk\\\/wp-content\\\/uploads\\\/2014\\\/10\\\/Funktioner-Udviklere-Menu-200x50-pix.jpg\",\"datePublished\":\"2014-11-12T14:16:06+00:00\",\"dateModified\":\"2024-12-06T12:48:59+00:00\",\"description\":\"En komplet liste over SMS plugins til SureSMS. Find dit SMS plugin p\u00e5 denne side. indeholder undersider for hvert plugin til SMS.\",\"breadcrumb\":{\"@id\":\"https:\\\/\\\/suresms.com\\\/dk\\\/sms-gateway-professionelle-sms-losninger\\\/ikke-navigerbare-sider-suresms-com-parent\\\/sms-plugins\\\/#breadcrumb\"},\"inLanguage\":\"nb-NO\",\"potentialAction\":[{\"@type\":\"ReadAction\",\"target\":[\"https:\\\/\\\/suresms.com\\\/dk\\\/sms-gateway-professionelle-sms-losninger\\\/ikke-navigerbare-sider-suresms-com-parent\\\/sms-plugins\\\/\"]}]},{\"@type\":\"ImageObject\",\"inLanguage\":\"nb-NO\",\"@id\":\"https:\\\/\\\/suresms.com\\\/dk\\\/sms-gateway-professionelle-sms-losninger\\\/ikke-navigerbare-sider-suresms-com-parent\\\/sms-plugins\\\/#primaryimage\",\"url\":\"https:\\\/\\\/www.suresms.com\\\/dk\\\/wp-content\\\/uploads\\\/2014\\\/10\\\/Funktioner-Udviklere-Menu-200x50-pix.jpg\",\"contentUrl\":\"https:\\\/\\\/www.suresms.com\\\/dk\\\/wp-content\\\/uploads\\\/2014\\\/10\\\/Funktioner-Udviklere-Menu-200x50-pix.jpg\"},{\"@type\":\"BreadcrumbList\",\"@id\":\"https:\\\/\\\/suresms.com\\\/dk\\\/sms-gateway-professionelle-sms-losninger\\\/ikke-navigerbare-sider-suresms-com-parent\\\/sms-plugins\\\/#breadcrumb\",\"itemListElement\":[{\"@type\":\"ListItem\",\"position\":1,\"name\":\"Home\",\"item\":\"https:\\\/\\\/suresms.com\\\/dk\\\/\"},{\"@type\":\"ListItem\",\"position\":2,\"name\":\"SMS gateway &#8211; professionelle SMS-l\u00f8sninger\",\"item\":\"https:\\\/\\\/suresms.com\\\/dk\\\/\"},{\"@type\":\"ListItem\",\"position\":3,\"name\":\"Ikke navigerbare sider suresms.com &#8211; parent\",\"item\":\"https:\\\/\\\/suresms.com\\\/dk\\\/sms-gateway-professionelle-sms-losninger\\\/ikke-navigerbare-sider-suresms-com-parent\\\/\"},{\"@type\":\"ListItem\",\"position\":4,\"name\":\"SMS plugins\"}]},{\"@type\":\"WebSite\",\"@id\":\"https:\\\/\\\/suresms.com\\\/en\\\/#website\",\"url\":\"https:\\\/\\\/suresms.com\\\/en\\\/\",\"name\":\"SureSMS\",\"description\":\"Professionel SMS Gateway\",\"publisher\":{\"@id\":\"https:\\\/\\\/suresms.com\\\/en\\\/#organization\"},\"potentialAction\":[{\"@type\":\"SearchAction\",\"target\":{\"@type\":\"EntryPoint\",\"urlTemplate\":\"https:\\\/\\\/suresms.com\\\/en\\\/?s={search_term_string}\"},\"query-input\":{\"@type\":\"PropertyValueSpecification\",\"valueRequired\":true,\"valueName\":\"search_term_string\"}}],\"inLanguage\":\"nb-NO\"},{\"@type\":\"Organization\",\"@id\":\"https:\\\/\\\/suresms.com\\\/en\\\/#organization\",\"name\":\"SureSMS\",\"url\":\"https:\\\/\\\/suresms.com\\\/en\\\/\",\"logo\":{\"@type\":\"ImageObject\",\"inLanguage\":\"nb-NO\",\"@id\":\"https:\\\/\\\/suresms.com\\\/en\\\/#\\\/schema\\\/logo\\\/image\\\/\",\"url\":\"https:\\\/\\\/suresms.com\\\/wp-content\\\/uploads\\\/2024\\\/11\\\/suresms-300x65-1.png\",\"contentUrl\":\"https:\\\/\\\/suresms.com\\\/wp-content\\\/uploads\\\/2024\\\/11\\\/suresms-300x65-1.png\",\"width\":300,\"height\":65,\"caption\":\"SureSMS\"},\"image\":{\"@id\":\"https:\\\/\\\/suresms.com\\\/en\\\/#\\\/schema\\\/logo\\\/image\\\/\"},\"sameAs\":[\"https:\\\/\\\/www.facebook.com\\\/p\\\/SureSMS-100044607956149\\\/\"]}]}<\/script>\r\n<!-- \/ Yoast SEO Premium plugin. -->","yoast_head_json":{"title":"SMS-tillegg | Komplett liste over alle SMS-tillegg - SureSMS \u2713 \u2713 \u2713 SureSMS","description":"En komplett liste over SMS-tillegg for SureSMS. Finn din SMS-tillegg p\u00e5 denne siden. inneholder undersider for hvert SMS-tillegg.","robots":{"index":"index","follow":"follow","max-snippet":"max-snippet:-1","max-image-preview":"max-image-preview:large","max-video-preview":"max-video-preview:-1"},"canonical":"https:\/\/suresms.com\/nb\/sms-gateway-profesjonelle-sms-loesninger\/ikke-navigerbare-sider-paa-overordnede-suresms-com\/sms-programtillegg\/","og_locale":"nb_NO","og_type":"article","og_title":"Download vores gratis Plugins - SureSMS","og_description":"Vi udvikler Plugins, s\u00e5 vores SMS Gateway kan integreres let og hurtigt med dit system. Alle Plugins er gratis. Send SMS direkte fra Outlook eller din WordPress hjemmeside. Betal kun pr. SMS","og_url":"https:\/\/suresms.com\/nb\/sms-gateway-profesjonelle-sms-loesninger\/ikke-navigerbare-sider-paa-overordnede-suresms-com\/sms-programtillegg\/","article_publisher":"https:\/\/www.facebook.com\/p\/SureSMS-100044607956149\/","article_modified_time":"2024-12-06T12:48:59+00:00","og_image":[{"width":400,"height":250,"url":"https:\/\/suresms.com\/wp-content\/uploads\/2014\/11\/SureSMS-Plugins-snippet.jpg","type":"image\/jpeg"}],"twitter_card":"summary_large_image","twitter_title":"SMS plugins","twitter_misc":{"Ansl. lesetid":"7 minutter"},"schema":{"@context":"https:\/\/schema.org","@graph":[{"@type":"WebPage","@id":"https:\/\/suresms.com\/dk\/sms-gateway-professionelle-sms-losninger\/ikke-navigerbare-sider-suresms-com-parent\/sms-plugins\/","url":"https:\/\/suresms.com\/dk\/sms-gateway-professionelle-sms-losninger\/ikke-navigerbare-sider-suresms-com-parent\/sms-plugins\/","name":"SMS-tillegg | Komplett liste over alle SMS-tillegg - SureSMS \u2713 \u2713 \u2713 SureSMS","isPartOf":{"@id":"https:\/\/suresms.com\/en\/#website"},"primaryImageOfPage":{"@id":"https:\/\/suresms.com\/dk\/sms-gateway-professionelle-sms-losninger\/ikke-navigerbare-sider-suresms-com-parent\/sms-plugins\/#primaryimage"},"image":{"@id":"https:\/\/suresms.com\/dk\/sms-gateway-professionelle-sms-losninger\/ikke-navigerbare-sider-suresms-com-parent\/sms-plugins\/#primaryimage"},"thumbnailUrl":"https:\/\/www.suresms.com\/dk\/wp-content\/uploads\/2014\/10\/Funktioner-Udviklere-Menu-200x50-pix.jpg","datePublished":"2014-11-12T14:16:06+00:00","dateModified":"2024-12-06T12:48:59+00:00","description":"En komplett liste over SMS-tillegg for SureSMS. Finn din SMS-tillegg p\u00e5 denne siden. inneholder undersider for hvert SMS-tillegg.","breadcrumb":{"@id":"https:\/\/suresms.com\/dk\/sms-gateway-professionelle-sms-losninger\/ikke-navigerbare-sider-suresms-com-parent\/sms-plugins\/#breadcrumb"},"inLanguage":"nb-NO","potentialAction":[{"@type":"ReadAction","target":["https:\/\/suresms.com\/dk\/sms-gateway-professionelle-sms-losninger\/ikke-navigerbare-sider-suresms-com-parent\/sms-plugins\/"]}]},{"@type":"ImageObject","inLanguage":"nb-NO","@id":"https:\/\/suresms.com\/dk\/sms-gateway-professionelle-sms-losninger\/ikke-navigerbare-sider-suresms-com-parent\/sms-plugins\/#primaryimage","url":"https:\/\/www.suresms.com\/dk\/wp-content\/uploads\/2014\/10\/Funktioner-Udviklere-Menu-200x50-pix.jpg","contentUrl":"https:\/\/www.suresms.com\/dk\/wp-content\/uploads\/2014\/10\/Funktioner-Udviklere-Menu-200x50-pix.jpg"},{"@type":"BreadcrumbList","@id":"https:\/\/suresms.com\/dk\/sms-gateway-professionelle-sms-losninger\/ikke-navigerbare-sider-suresms-com-parent\/sms-plugins\/#breadcrumb","itemListElement":[{"@type":"ListItem","position":1,"name":"Home","item":"https:\/\/suresms.com\/dk\/"},{"@type":"ListItem","position":2,"name":"SMS gateway &#8211; professionelle SMS-l\u00f8sninger","item":"https:\/\/suresms.com\/dk\/"},{"@type":"ListItem","position":3,"name":"Ikke navigerbare sider suresms.com &#8211; parent","item":"https:\/\/suresms.com\/dk\/sms-gateway-professionelle-sms-losninger\/ikke-navigerbare-sider-suresms-com-parent\/"},{"@type":"ListItem","position":4,"name":"SMS plugins"}]},{"@type":"WebSite","@id":"https:\/\/suresms.com\/en\/#website","url":"https:\/\/suresms.com\/en\/","name":"SureSMS","description":"Profesjonell SMS-gateway","publisher":{"@id":"https:\/\/suresms.com\/en\/#organization"},"potentialAction":[{"@type":"SearchAction","target":{"@type":"EntryPoint","urlTemplate":"https:\/\/suresms.com\/en\/?s={search_term_string}"},"query-input":{"@type":"PropertyValueSpecification","valueRequired":true,"valueName":"search_term_string"}}],"inLanguage":"nb-NO"},{"@type":"Organization","@id":"https:\/\/suresms.com\/en\/#organization","name":"SureSMS","url":"https:\/\/suresms.com\/en\/","logo":{"@type":"ImageObject","inLanguage":"nb-NO","@id":"https:\/\/suresms.com\/en\/#\/schema\/logo\/image\/","url":"https:\/\/suresms.com\/wp-content\/uploads\/2024\/11\/suresms-300x65-1.png","contentUrl":"https:\/\/suresms.com\/wp-content\/uploads\/2024\/11\/suresms-300x65-1.png","width":300,"height":65,"caption":"SureSMS"},"image":{"@id":"https:\/\/suresms.com\/en\/#\/schema\/logo\/image\/"},"sameAs":["https:\/\/www.facebook.com\/p\/SureSMS-100044607956149\/"]}]}},"_links":{"self":[{"href":"https:\/\/suresms.com\/nb\/wp-json\/wp\/v2\/pages\/602","targetHints":{"allow":["GET"]}}],"collection":[{"href":"https:\/\/suresms.com\/nb\/wp-json\/wp\/v2\/pages"}],"about":[{"href":"https:\/\/suresms.com\/nb\/wp-json\/wp\/v2\/types\/page"}],"author":[{"embeddable":true,"href":"https:\/\/suresms.com\/nb\/wp-json\/wp\/v2\/users\/1"}],"replies":[{"embeddable":true,"href":"https:\/\/suresms.com\/nb\/wp-json\/wp\/v2\/comments?post=602"}],"version-history":[{"count":1,"href":"https:\/\/suresms.com\/nb\/wp-json\/wp\/v2\/pages\/602\/revisions"}],"predecessor-version":[{"id":19487,"href":"https:\/\/suresms.com\/nb\/wp-json\/wp\/v2\/pages\/602\/revisions\/19487"}],"up":[{"embeddable":true,"href":"https:\/\/suresms.com\/nb\/wp-json\/wp\/v2\/pages\/2923"}],"wp:attachment":[{"href":"https:\/\/suresms.com\/nb\/wp-json\/wp\/v2\/media?parent=602"}],"wp:term":[{"taxonomy":"category","embeddable":true,"href":"https:\/\/suresms.com\/nb\/wp-json\/wp\/v2\/categories?post=602"},{"taxonomy":"post_tag","embeddable":true,"href":"https:\/\/suresms.com\/nb\/wp-json\/wp\/v2\/tags?post=602"}],"curies":[{"name":"wp","href":"https:\/\/api.w.org\/{rel}","templated":true}]}}