{"id":5320,"date":"2017-12-22T15:17:39","date_gmt":"2017-12-22T13:17:39","guid":{"rendered":"https:\/\/www.suresms.com\/dk\/?page_id=5320"},"modified":"2025-03-24T14:57:40","modified_gmt":"2025-03-24T14:57:40","slug":"personvernerklaering","status":"publish","type":"page","link":"https:\/\/suresms.com\/nb\/politikker\/persondata-politik\/","title":{"rendered":"Retningslinjer for personvern"},"content":{"rendered":"<p>SureSMS er et dansk registrert selskap med CVR-nummer 33263104. Selskapet er registrert p\u00e5 Industriholmen 82, 2650 Hvidovre, Danmark.<\/p>\n<p>F\u00f8lgende personvernerkl\u00e6ring beskytter personopplysningene dine i samsvar med personopplysningsloven og EUs personopplysningsforordning. Denne personvernerkl\u00e6ringen forklarer hvordan vi samler inn og bruker personopplysningene dine, og hvilke tiltak vi iverksetter for \u00e5 sikre at opplysningene dine forblir konfidensielle.<\/p>\n<h2>Hvilken informasjon samler vi inn?<\/h2>\n<p>I forbindelse med kontos\u00f8knader og kontoregistrering for v\u00e5re tjenester samler vi inn personopplysninger om deg. Vi kan ogs\u00e5 samle inn data som viser hvordan du bruker nettstedet v\u00e5rt, hvilket nettsted du kom fra, hvilke sider du bes\u00f8kte og hvordan du beveger deg rundt p\u00e5 nettstedet. Vi samler ogs\u00e5 inn informasjon om SMS-meldingene du sender og de andre tjenestene du bruker, blant annet om du lagrer kontaktinformasjon til SMS-mottakerne dine.<\/p>\n<p>Vi samler ogs\u00e5 inn informasjon om n\u00e5r du bruker tjenesten og hvilke enheter du bruker tjenesten fra. Vi samler ogs\u00e5 inn informasjon om uventede hendelser i v\u00e5re systemer og tjenester, enten de oppst\u00e5r p\u00e5 din eller v\u00e5r enhet.<\/p>\n<h2>Form\u00e5l<\/h2>\n<p>Vi bruker personopplysningene dine for \u00e5 kunne tilby deg den beste servicen p\u00e5 de omr\u00e5dene der vi tilbyr tjenester. Inkludert, men ikke begrenset til:<\/p>\n<ol>\n<li>\n<ol>\n<li>Gir deg tilgang til \u00e5 sende og motta SMS-meldinger.<\/li>\n<li>\u00a0Gjennomf\u00f8re rapportering i forbindelse med 1)<\/li>\n<li>Oppretthold en katalog over mottakere og avsendere av SMS-meldinger.<\/li>\n<li>Behandle betalinger til plattformen v\u00e5r.<\/li>\n<li>Kontakt deg for utbedring av feil, nye relaterte tjenester.<\/li>\n<\/ol>\n<\/li>\n<\/ol>\n<ol>\n\n<\/ol>\n<p>&nbsp;<\/p>\n<h2>Offentliggj\u00f8ring av informasjon<\/h2>\n<p>Vi behandler personopplysningene dine konfidensielt og gir dem ikke videre. Andre selskaper f\u00e5r heller ikke tilgang til personopplysningene. Vi utleverer opplysningene dine til myndigheter som bekjemper bedrageri og hvitvasking av penger, hvis vi mistenker at det er gitt misvisende opplysninger i bedragerisk \u00f8yemed.<\/p>\n<p>I unntakstilfeller vil SureSMS ApS v\u00e6re forpliktet til \u00e5 utlevere personopplysninger. SureSMS ApS er forpliktet til \u00e5 arbeide i samsvar med lovens eller domstolens p\u00e5legg som svar p\u00e5 en lovlig anmodning fra staten eller myndighetene.<\/p>\n<h2>Forbedre servicen v\u00e5r<\/h2>\n<p>For \u00e5 sikre at tjenestene vi tilbyr oppfyller dine krav, kan vi be om tilbakemeldinger fra deg. Tilbakemeldingene du gir oss, vil utelukkende bli brukt til \u00e5 forbedre tjenestene v\u00e5re og vil ikke bli vist p\u00e5 nettstedet.<\/p>\n<h2>Informasjonskapsler<\/h2>\n<p>Se v\u00e5re retningslinjer for informasjonskapsler <a href=\"https:\/\/suresms.com\/nb\/funksjoner-2\/retningslinjer-for-informasjonskapsler-og-personvern\/\">her<\/a>.<\/p>\n<h2>Trygghet og sikkerhet<\/h2>\n<p>Det er viktig for oss \u00e5 beskytte dataene dine. All kommunikasjon mellom SureSMS-enheter og kunder er beskyttet med kryptering. Krypteringen leveres av Google Trust Services. Vi lagrer ikke kredittkortinformasjon.<\/p>\n<p>Selv om vi fors\u00f8ker \u00e5 beskytte opplysningene dine, kan vi ikke garantere det. Det er derfor p\u00e5 egen risiko at du oppgir dem til oss.<\/p>\n<h2>Dine rettigheter<\/h2>\n<p>Du har til enhver tid rett til \u00e5 f\u00e5 informasjon om hvilke opplysninger vi har registrert om deg. Du har rett til \u00e5 f\u00e5 uriktige opplysninger rettet, og du har rett til \u00e5 be om at vi sletter alle opplysningene dine. Vi har imidlertid et ansvar i forbindelse med terrorlovgivningen og den danske regnskapsloven som gj\u00f8r at ikke alle opplysninger kan slettes. Du finner relevant kontaktinformasjon i kontaktseksjonen p\u00e5 dette nettstedet. <a href=\"https:\/\/suresms.com\/nb\/om-suresms\/kontakt\/\">kontaktinformasjon<\/a>.<\/p>\n<h2>Modifikasjoner<\/h2>\n<p>Vi kan endre denne personvernerkl\u00e6ringen. Bruk av nettstedet etter oppdatering av personvernerkl\u00e6ringen inneb\u00e6rer aksept av den oppdaterte personvernerkl\u00e6ringen. Denne personvernerkl\u00e6ringen ble sist oppdatert 24. mars 2024.<\/p>\n<h2>Kontakt oss om disse retningslinjene<\/h2>\n<p>Du kan alltid kontakte oss ang\u00e5ende disse retningslinjene eller andre sp\u00f8rsm\u00e5l. Skriv til <a href=\"mailto:support@suresms.com\">support@suresms.com<\/a> og skriv Politik i emnefeltet.<\/p>","protected":false},"excerpt":{"rendered":"<p>SureSMS er et dansk registrert selskap med CVR-nummer 33263104. Selskapet er registrert p\u00e5 Industriholmen 82, 2650 Hvidovre, Danmark. F\u00f8lgende personvernerkl\u00e6ring beskytter dine personopplysninger i samsvar med personopplysningsloven og EUs personopplysningsforordning. Denne personvernerkl\u00e6ringen forklarer hvordan vi samler inn og bruker personopplysningene dine, og hvilke tiltak vi iverksetter for \u00e5 sikre beskyttelsen av personopplysningene dine. <a title=\"Retningslinjer for personvern\" class=\"read-more\" href=\"https:\/\/suresms.com\/nb\/politikker\/persondata-politik\/\" aria-label=\"Les mer om personvernerkl\u00e6ring\">Les mer om dette<\/a><\/p>","protected":false},"author":1,"featured_media":0,"parent":19124,"menu_order":0,"comment_status":"closed","ping_status":"closed","template":"","meta":{"_fl_builder_enabled":"1","_fl_builder_data":null,"_fl_builder_draft":null,"_fl_builder_data_settings":null,"_fl_builder_css":"","_fl_builder_css_version":"","_fl_builder_js":"","footnotes":""},"categories":[],"tags":[],"class_list":["post-5320","page","type-page","status-publish"],"yoast_head":"<!-- This site is optimized with the Yoast SEO Premium plugin v27.3 (Yoast SEO v27.3) - https:\/\/yoast.com\/product\/yoast-seo-premium-wordpress\/ -->\r\n<title>Persondata politik -<\/title>\r\n<meta name=\"robots\" content=\"index, follow, max-snippet:-1, max-image-preview:large, max-video-preview:-1\" \/>\r\n<link rel=\"canonical\" href=\"https:\/\/suresms.com\/nb\/funksjoner-2\/personvernerklaering\/\" \/>\r\n<meta property=\"og:locale\" content=\"nb_NO\" \/>\r\n<meta property=\"og:type\" content=\"article\" \/>\r\n<meta property=\"og:title\" content=\"Persondata politik\" \/>\r\n<meta property=\"og:description\" content=\"SureSMS er et dansk registreret selskab med CVR nummer 33263104. Selskabet er registreret p\u00e5 adressen Industriholmen 82, 2650 Hvidovre, Danmark. Den f\u00f8lgende persondatapolitik beskytter dine personlige data i overensstemmelse med Persondataloven og EU persondata forordning. Denne fortrolighedspolitik forklarer m\u00e5den, hvorp\u00e5 vi indsamler og bruger dine personlige data, og hvilke foranstaltninger vi tager, for at sikre ... Les mer\" \/>\r\n<meta property=\"og:url\" content=\"https:\/\/suresms.com\/nb\/funksjoner-2\/personvernerklaering\/\" \/>\r\n<meta property=\"article:publisher\" content=\"https:\/\/www.facebook.com\/p\/SureSMS-100044607956149\/\" \/>\r\n<meta property=\"article:modified_time\" content=\"2025-03-24T14:57:40+00:00\" \/>\r\n<meta name=\"twitter:card\" content=\"summary_large_image\" \/>\r\n<meta name=\"twitter:label1\" content=\"Ansl. lesetid\" \/>\n\t<meta name=\"twitter:data1\" content=\"3 minutter\" \/>\r\n<script type=\"application\/ld+json\" class=\"yoast-schema-graph\">{\"@context\":\"https:\\\/\\\/schema.org\",\"@graph\":[{\"@type\":\"WebPage\",\"@id\":\"https:\\\/\\\/suresms.com\\\/dk\\\/politikker\\\/persondata-politik\\\/\",\"url\":\"https:\\\/\\\/suresms.com\\\/dk\\\/politikker\\\/persondata-politik\\\/\",\"name\":\"Persondata politik -\",\"isPartOf\":{\"@id\":\"https:\\\/\\\/suresms.com\\\/en\\\/#website\"},\"datePublished\":\"2017-12-22T13:17:39+00:00\",\"dateModified\":\"2025-03-24T14:57:40+00:00\",\"breadcrumb\":{\"@id\":\"https:\\\/\\\/suresms.com\\\/dk\\\/politikker\\\/persondata-politik\\\/#breadcrumb\"},\"inLanguage\":\"nb-NO\",\"potentialAction\":[{\"@type\":\"ReadAction\",\"target\":[\"https:\\\/\\\/suresms.com\\\/dk\\\/politikker\\\/persondata-politik\\\/\"]}]},{\"@type\":\"BreadcrumbList\",\"@id\":\"https:\\\/\\\/suresms.com\\\/dk\\\/politikker\\\/persondata-politik\\\/#breadcrumb\",\"itemListElement\":[{\"@type\":\"ListItem\",\"position\":1,\"name\":\"Home\",\"item\":\"https:\\\/\\\/suresms.com\\\/dk\\\/\"},{\"@type\":\"ListItem\",\"position\":2,\"name\":\"Politikker\",\"item\":\"https:\\\/\\\/suresms.com\\\/politikker\\\/\"},{\"@type\":\"ListItem\",\"position\":3,\"name\":\"Persondata politik\"}]},{\"@type\":\"WebSite\",\"@id\":\"https:\\\/\\\/suresms.com\\\/en\\\/#website\",\"url\":\"https:\\\/\\\/suresms.com\\\/en\\\/\",\"name\":\"SureSMS\",\"description\":\"Professionel SMS Gateway\",\"publisher\":{\"@id\":\"https:\\\/\\\/suresms.com\\\/en\\\/#organization\"},\"potentialAction\":[{\"@type\":\"SearchAction\",\"target\":{\"@type\":\"EntryPoint\",\"urlTemplate\":\"https:\\\/\\\/suresms.com\\\/en\\\/?s={search_term_string}\"},\"query-input\":{\"@type\":\"PropertyValueSpecification\",\"valueRequired\":true,\"valueName\":\"search_term_string\"}}],\"inLanguage\":\"nb-NO\"},{\"@type\":\"Organization\",\"@id\":\"https:\\\/\\\/suresms.com\\\/en\\\/#organization\",\"name\":\"SureSMS\",\"url\":\"https:\\\/\\\/suresms.com\\\/en\\\/\",\"logo\":{\"@type\":\"ImageObject\",\"inLanguage\":\"nb-NO\",\"@id\":\"https:\\\/\\\/suresms.com\\\/en\\\/#\\\/schema\\\/logo\\\/image\\\/\",\"url\":\"https:\\\/\\\/suresms.com\\\/wp-content\\\/uploads\\\/2024\\\/11\\\/suresms-300x65-1.png\",\"contentUrl\":\"https:\\\/\\\/suresms.com\\\/wp-content\\\/uploads\\\/2024\\\/11\\\/suresms-300x65-1.png\",\"width\":300,\"height\":65,\"caption\":\"SureSMS\"},\"image\":{\"@id\":\"https:\\\/\\\/suresms.com\\\/en\\\/#\\\/schema\\\/logo\\\/image\\\/\"},\"sameAs\":[\"https:\\\/\\\/www.facebook.com\\\/p\\\/SureSMS-100044607956149\\\/\"]}]}<\/script>\r\n<!-- \/ Yoast SEO Premium plugin. -->","yoast_head_json":{"title":"Retningslinjer for personopplysninger","robots":{"index":"index","follow":"follow","max-snippet":"max-snippet:-1","max-image-preview":"max-image-preview:large","max-video-preview":"max-video-preview:-1"},"canonical":"https:\/\/suresms.com\/nb\/funksjoner-2\/personvernerklaering\/","og_locale":"nb_NO","og_type":"article","og_title":"Persondata politik","og_description":"SureSMS er et dansk registreret selskab med CVR nummer 33263104. Selskabet er registreret p\u00e5 adressen Industriholmen 82, 2650 Hvidovre, Danmark. Den f\u00f8lgende persondatapolitik beskytter dine personlige data i overensstemmelse med Persondataloven og EU persondata forordning. Denne fortrolighedspolitik forklarer m\u00e5den, hvorp\u00e5 vi indsamler og bruger dine personlige data, og hvilke foranstaltninger vi tager, for at sikre ... Les mer","og_url":"https:\/\/suresms.com\/nb\/funksjoner-2\/personvernerklaering\/","article_publisher":"https:\/\/www.facebook.com\/p\/SureSMS-100044607956149\/","article_modified_time":"2025-03-24T14:57:40+00:00","twitter_card":"summary_large_image","twitter_misc":{"Ansl. lesetid":"3 minutter"},"schema":{"@context":"https:\/\/schema.org","@graph":[{"@type":"WebPage","@id":"https:\/\/suresms.com\/dk\/politikker\/persondata-politik\/","url":"https:\/\/suresms.com\/dk\/politikker\/persondata-politik\/","name":"Retningslinjer for personopplysninger","isPartOf":{"@id":"https:\/\/suresms.com\/en\/#website"},"datePublished":"2017-12-22T13:17:39+00:00","dateModified":"2025-03-24T14:57:40+00:00","breadcrumb":{"@id":"https:\/\/suresms.com\/dk\/politikker\/persondata-politik\/#breadcrumb"},"inLanguage":"nb-NO","potentialAction":[{"@type":"ReadAction","target":["https:\/\/suresms.com\/dk\/politikker\/persondata-politik\/"]}]},{"@type":"BreadcrumbList","@id":"https:\/\/suresms.com\/dk\/politikker\/persondata-politik\/#breadcrumb","itemListElement":[{"@type":"ListItem","position":1,"name":"Home","item":"https:\/\/suresms.com\/dk\/"},{"@type":"ListItem","position":2,"name":"Politikker","item":"https:\/\/suresms.com\/politikker\/"},{"@type":"ListItem","position":3,"name":"Persondata politik"}]},{"@type":"WebSite","@id":"https:\/\/suresms.com\/en\/#website","url":"https:\/\/suresms.com\/en\/","name":"SureSMS","description":"Profesjonell SMS-gateway","publisher":{"@id":"https:\/\/suresms.com\/en\/#organization"},"potentialAction":[{"@type":"SearchAction","target":{"@type":"EntryPoint","urlTemplate":"https:\/\/suresms.com\/en\/?s={search_term_string}"},"query-input":{"@type":"PropertyValueSpecification","valueRequired":true,"valueName":"search_term_string"}}],"inLanguage":"nb-NO"},{"@type":"Organization","@id":"https:\/\/suresms.com\/en\/#organization","name":"SureSMS","url":"https:\/\/suresms.com\/en\/","logo":{"@type":"ImageObject","inLanguage":"nb-NO","@id":"https:\/\/suresms.com\/en\/#\/schema\/logo\/image\/","url":"https:\/\/suresms.com\/wp-content\/uploads\/2024\/11\/suresms-300x65-1.png","contentUrl":"https:\/\/suresms.com\/wp-content\/uploads\/2024\/11\/suresms-300x65-1.png","width":300,"height":65,"caption":"SureSMS"},"image":{"@id":"https:\/\/suresms.com\/en\/#\/schema\/logo\/image\/"},"sameAs":["https:\/\/www.facebook.com\/p\/SureSMS-100044607956149\/"]}]}},"_links":{"self":[{"href":"https:\/\/suresms.com\/nb\/wp-json\/wp\/v2\/pages\/5320","targetHints":{"allow":["GET"]}}],"collection":[{"href":"https:\/\/suresms.com\/nb\/wp-json\/wp\/v2\/pages"}],"about":[{"href":"https:\/\/suresms.com\/nb\/wp-json\/wp\/v2\/types\/page"}],"author":[{"embeddable":true,"href":"https:\/\/suresms.com\/nb\/wp-json\/wp\/v2\/users\/1"}],"replies":[{"embeddable":true,"href":"https:\/\/suresms.com\/nb\/wp-json\/wp\/v2\/comments?post=5320"}],"version-history":[{"count":5,"href":"https:\/\/suresms.com\/nb\/wp-json\/wp\/v2\/pages\/5320\/revisions"}],"predecessor-version":[{"id":22984,"href":"https:\/\/suresms.com\/nb\/wp-json\/wp\/v2\/pages\/5320\/revisions\/22984"}],"up":[{"embeddable":true,"href":"https:\/\/suresms.com\/nb\/wp-json\/wp\/v2\/pages\/19124"}],"wp:attachment":[{"href":"https:\/\/suresms.com\/nb\/wp-json\/wp\/v2\/media?parent=5320"}],"wp:term":[{"taxonomy":"category","embeddable":true,"href":"https:\/\/suresms.com\/nb\/wp-json\/wp\/v2\/categories?post=5320"},{"taxonomy":"post_tag","embeddable":true,"href":"https:\/\/suresms.com\/nb\/wp-json\/wp\/v2\/tags?post=5320"}],"curies":[{"name":"wp","href":"https:\/\/api.w.org\/{rel}","templated":true}]}}