{"id":511,"date":"2014-10-29T11:25:11","date_gmt":"2014-10-29T09:25:11","guid":{"rendered":"https:\/\/www.suresms.com\/dk\/?page_id=511"},"modified":"2025-01-21T10:14:51","modified_gmt":"2025-01-21T10:14:51","slug":"2-veis-sms-utlasting-med-hosted-sim","status":"publish","type":"page","link":"https:\/\/suresms.com\/nb\/funktioner\/2-vejs-sms-losning-med-hosted-sim\/","title":{"rendered":"2-veis SMS med Hosted SIM"},"content":{"rendered":"<!-- Flexy Breadcrumb -->\r\n\t\t\t<div class=\"fbc fbc-page\">\r\n\r\n\t\t\t\t<!-- Breadcrumb wrapper -->\r\n\t\t\t\t<div class=\"fbc-wrap\">\r\n\r\n\t\t\t\t\t<!-- Ordered list-->\r\n\t\t\t\t\t<ol class=\"fbc-items\" itemscope itemtype=\"https:\/\/schema.org\/BreadcrumbList\">\r\n\t\t\t\t\t\t            <li itemprop=\"itemListElement\" itemscope itemtype=\"https:\/\/schema.org\/ListItem\">\r\n                <span itemprop=\"name\">\r\n                    <!-- Home Link -->\r\n                    <a itemprop=\"item\" href=\"https:\/\/suresms.com\/nb\/\">\r\n                    \r\n                                                    <i class=\"fa fa-home\" aria-hidden=\"true\"><\/i>Hjem                    <\/a>\r\n                <\/span>\r\n                <meta itemprop=\"position\" content=\"1\" \/><!-- Meta Position-->\r\n             <\/li><li><span class=\"fbc-separator\">\/<\/span><\/li><li class=\"active\" itemprop=\"itemListElement\" itemscope itemtype=\"https:\/\/schema.org\/ListItem\"><span itemprop=\"name\" title=\"2-veis SMS med Hosted SIM\">2-veis SMS med Hosted...<\/span><meta itemprop=\"position\" content=\"2\" \/><\/li>\t\t\t\t\t<\/ol>\r\n\t\t\t\t\t<div class=\"clearfix\"><\/div>\r\n\t\t\t\t<\/div>\r\n\t\t\t<\/div>\r\n\t\t\t\n\t<h1>Hosted SIM-l\u00f8sning<\/h1>\n<p><strong>Hvis du \u00f8nsker \u00e5 bruke ditt eget SIM-kort til din 2-veis-l\u00f8sning, tilbyr vi en stabil og sikker hosted SIM-l\u00f8sning. Fordeler: Du eier nummeret, og du kan viderekoble anrop fra nummeret til telefonen din, slik at kundene dine kan ringe deg.<\/strong><\/p>\n<h4><strong>Om Hosted SIM<\/strong><br \/>\nKort fortalt installerer vi SIM-kortet ditt i en maskinvare i v\u00e5re lokaler. N\u00e5r noen sender en melding til SIM-kortet, blir SMS-meldingen lest av en programvare, og deretter blir meldingen lagt til p\u00e5 kontoen din p\u00e5 v\u00e5rt WEB-grensesnitt.  Her kan du logge deg inn og se all informasjon om meldingene dine.<\/h4>\n<p>&nbsp;<\/p>\n<h4><strong>Du kan selv velge antall<\/strong><\/h4>\n<p>En av fordelene med hosted SIM er at du kan kontrollere hvilket nummer du f\u00e5r. P\u00e5 den m\u00e5ten kan du f\u00e5 nummeret til \u00e5 passe inn i en nummerserie med bedriftens andre numre.<\/p>\n<p>Med hosted SIM er det ogs\u00e5 mulig \u00e5 viderekoble anrop. Hvis en kunde pr\u00f8ver \u00e5 ringe deg, kan samtalen viderekobles til din vanlige tjenestetelefon. At kundene dine kan ringe deg, kan tilf\u00f8re stor verdi til kampanjer og tjenester.<\/p>\n<p>V\u00e5r 2-veis l\u00f8sning st\u00f8tter mottak av Flash-meldinger.<\/p>\n<h4><strong>Mulighet for utenlandske nummer<\/strong><\/h4>\n<p>Med hosted SIM kan du velge \u00e5 sette inn et utenlandsk SIM-kort i v\u00e5r maskinvare. Hvis du sender oss SIM-kortet, setter vi raskt opp l\u00f8sningen for deg.<\/p>\n<p><strong>Hvis du \u00f8nsker en hosted SIM-l\u00f8sning, m\u00e5 du selv skaffe deg et SIM-kort og sende det til oss. Alternativt oppretter vi gjerne et <a href=\"https:\/\/suresms.com\/nb\/funksjoner\/motta-tekstmeldinger-paa-datamaskinen-din\/\">VLN-nummer.<\/a><\/strong><\/p>\n<h4><strong>Utg\u00e5ende SMS fra Hosted SIM<\/strong><\/h4>\n<p>Med hosted SIM betaler du IKKE for utg\u00e5ende tekstmeldinger til operat\u00f8ren din, selv om vi har SIM-kortet ditt i telefonen din. Du betaler kun til SMS-gatewayen din, i v\u00e5rt tilfelle til SureSMS. Alle de fire danske teleselskapene skriver i sine vilk\u00e5r og betingelser at du IKKE har lov til \u00e5 opprette s\u00e5kalte \"maskingenererte\" SMS-meldinger med SIM-kortet ditt. Derfor vil det v\u00e6re et brudd p\u00e5 teleselskapenes vilk\u00e5r og betingelser hvis SMS Gateways sender SMS-meldinger via SIM-kortet. Vi leverer derfor SMS-meldingen gjennom v\u00e5r direkte forbindelse til teleselskapet, men mottar svaret p\u00e5 SIM-kortet. Se gjeldende pris for utg\u00e5ende SMS i v\u00e5re SMS Gateway-priser. I Danmark betaler du aldri for innkommende SMS.<\/p>\n<h4><strong>Videresending av meldinger til e-post<\/strong><\/h4>\n<p>Herfra har vi to alternativer for \u00e5 videresende meldingen til deg og systemet ditt. Det ene alternativet er at vi sender en e-post til en forh\u00e5ndsbestemt e-postadresse. Vi velger automatisk den e-postadressen du brukte da du opprettet kontoen din p\u00e5 SureSMS.com. Meldingen sendes s\u00e5 snart vi mottar den, og avhengig av hvilket e-postsystem du har, vil du motta meldingen nesten samtidig i innboksen din.<\/p>\n<h4>\u00a0<strong>Videresending av meldinger via http(S)<\/strong><\/h4>\n<p>Det andre alternativet, som er litt mer teknisk, er at vi foretar et HTTP-anrop til et nettsted som du har opprettet. Vi konfigurerer systemet v\u00e5rt slik at det kjenner adressen din (endepunkt). N\u00e5r vi mottar en SMS-melding p\u00e5 ditt vertsnummer, legger vi den i innboksen din og foretar et HTTP-anrop til nettstedet ditt.<\/p>\n<p><a href=\"http:\/\/manual.suresms.com\/avanceret-opsaetning-af-2-vejs-sms\/\">Se detaljer om hvordan du setter opp en http-side her\u00a0<\/a><\/p>\n<p><strong>Det kan ta opptil 24 timer fra vi mottar SIM-kortet ditt p\u00e5 v\u00e5r adresse til du mottar ditt brukernavn og din kode!<\/strong><\/p>\n\t\t<h3><a href=\"https:\/\/suresms.com\/nb\/suresms-stoette\/\" target=\"_self\">N\u00e5r du oppretter en 2-veis l\u00f8sning<\/a><\/h3><h4>Hvis du \u00f8nsker \u00e5 bestille en toveis l\u00f8sning, m\u00e5 du gj\u00f8re f\u00f8lgende:<\/h4>\n<p>1. Opprett en konto ved \u00e5 fylle ut skjemaet p\u00e5 denne siden.<\/p>\n<p>2. Bestem deg for om du vil ha en hosted SIM eller en VLN-l\u00f8sning. Sjekk\u00a0<a title=\"Priser p\u00e5 SMS-gateway, ingen oppsett, ingen abonnement\" href=\"https:\/\/suresms.com\/nb\/priser-paa-sms-gateway\/\">Prisen her<\/a>.<\/p>\n<p>3. Velg om du vil motta meldinger via e-post eller http.<\/p>\n<p>4. Hvis du velger HTTP, m\u00e5 du opprette en side som kan motta parameterne ovenfor.<\/p>\n<p>Vil du ha mer informasjon om v\u00e5re 2-veis l\u00f8sninger? Vi st\u00e5r klare til \u00e5 snakke med deg!<\/p>\n\t\t\t<a href=\"https:\/\/suresms.com\/nb\/suresms-stoette\/\" target=\"_self\">\n\t\t\t\t\t\t\tKontakt oss her\n\t\t\t\t\t<\/a>\n\t\t\t\t<a href=\"https:\/\/suresms.com\/nb\/suresms-stoette\/\" target=\"_self\" itemprop=\"url\">\n\t\t\t\t<img loading=\"lazy\" decoding=\"async\" src=\"https:\/\/suresms.com\/wp-content\/uploads\/2014\/10\/kommunikation-500x380-px.jpg\" alt=\"2-veis sms-l\u00f8sning hosted sim\" itemprop=\"image\" height=\"380\" width=\"500\" title=\"2-veis kommunikasjonsl\u00f8sning\" onerror=\"this.style.display='none'\"  \/>\n\t\t\t\t<\/a>\n\t\t<h4>Vil du opprette en konto med en gang? <\/h4>\n\t\t<p>Vi st\u00e5r klare til \u00e5 \u00f8nske deg velkommen som kunde hos SureSMS!<\/p>\n\t\t\t<a href=\"https:\/\/suresms.com\/nb\/opprette-sms-gateway-konto\/\" target=\"_self\">\n\t\t\t\t\t\t\tOpprett en SureSMS-konto!\n\t\t\t\t\t<\/a>\n\t\t<h4>Bestill en 2-veis l\u00f8sning!<\/h4>\n\t\t<p>Har du allerede en konto? Bestill en 2-veis l\u00f8sning og f\u00e5 de ekstra alternativene som din egen l\u00f8sning tilbyr.\u00a0<\/p>\n\t\t\t<a href=\"https:\/\/suresms.com\/nb\/bestill-2-veis-lossing\/\" target=\"_self\">\n\t\t\t\t\t\t\tBestill 2-veis l\u00f8sning\n\t\t\t\t\t<\/a>\n\t<h4><strong>Her kan du lese noen eksempler p\u00e5 hvordan kundene v\u00e5re bruker den hostede SIM-l\u00f8sningen v\u00e5r:<\/strong><\/h4>\n<ul>\n<li><strong>Et dansk varmeforsyningsselskap<\/strong> bruke v\u00e5r hostede SIM-l\u00f8sning til \u00e5 <strong>sin virksomhet i Norge og Sverige<\/strong>. Akkurat som i Danmark m\u00e5 deres ansatte sende p\u00e5minnelser om avtaler til beboerne, men siden disse er p\u00e5 norske og svenske nummer, b\u00f8r toveisl\u00f8sningen selvf\u00f8lgelig v\u00e6re den samme.<\/li>\n<li><strong>Et dansk reklamebyr\u00e5<\/strong> sender ut fysiske brev til kundene med tilbud. Brevene inneholder et telefonnummer der kundene kan melde seg p\u00e5 tilbudene ved hjelp av et KEYWORD. Nummeret videresendes til reklamebyr\u00e5ets kundetelefon, slik at ogs\u00e5 fremtidige kunder kan ringe.<\/li>\n<li><strong>Et hotell n\u00e6r den dansk-tyske grensen<\/strong> bruker v\u00e5r 2-veis l\u00f8sning for kommunikasjon med fremtidige og tidligere kunder. Siden det er b\u00e5de dansker og tyskere blant gjestene, skal 2-veis-l\u00f8sningen selvf\u00f8lgelig ha b\u00e5de et dansk og et tysk mobilnummer.<\/li>\n<\/ul>\n\t\t<h3><a href=\"http:\/\/manual.suresms.com\/\" target=\"_self\">Bes\u00f8k nettstedet v\u00e5rt for h\u00e5ndboken<\/a><\/h3>\n\t\t\t\t<a href=\"http:\/\/manual.suresms.com\/\" target=\"_self\" itemprop=\"url\">\n\t\t\t\t<img loading=\"lazy\" decoding=\"async\" src=\"https:\/\/suresms.com\/wp-content\/uploads\/2016\/03\/Manual-400x250-px1.jpg\" alt=\"manuell nettside suresms\" itemprop=\"image\" height=\"250\" width=\"400\" title=\"Manuell 400x250 px\" onerror=\"this.style.display='none'\"  \/>\n\t\t\t\t<\/a>\n<p>For \u00e5 hjelpe kundene v\u00e5re har vi samlet alle instruksjoner og beskrivelser p\u00e5 manual.suresms.com. Her kan du se hvordan gatewayen v\u00e5r fungerer og f\u00e5 enkle og brukervennlige instruksjoner for de mange funksjonene.<\/p>\n\t\t<h3><a href=\"http:\/\/developer.suresms.com\/\" target=\"_self\">utvikler.suresms.com<\/a><\/h3>\n\t\t\t\t<a href=\"http:\/\/developer.suresms.com\/\" target=\"_self\" itemprop=\"url\">\n\t\t\t\t<img loading=\"lazy\" decoding=\"async\" src=\"https:\/\/suresms.com\/wp-content\/uploads\/2016\/03\/developer-400x250-px.jpg\" alt=\"suresms-nettsted for utviklere\" itemprop=\"image\" height=\"250\" width=\"400\" title=\"utvikler 400x250 px\" onerror=\"this.style.display='none'\"  \/>\n\t\t\t\t<\/a>\nSureSMS er laget av utviklere for utviklere!<br \/>\nP\u00e5 developer.suresms.com har vi samlet dokumentasjon og kodeeksempler for \u00e5 gj\u00f8re det enkelt \u00e5 integrere gatewayen v\u00e5r i systemet ditt.\n\t\t<h3><a href=\"https:\/\/www.youtube.com\/channel\/UC1XGC5rl9mI9ndtBVn8yq7g\" target=\"_self\">Se instruksjonsvideoene v\u00e5re!<\/a><\/h3>\n\t\t\t\t<a href=\"https:\/\/www.youtube.com\/channel\/UC1XGC5rl9mI9ndtBVn8yq7g\" target=\"_self\" itemprop=\"url\">\n\t\t\t\t<img loading=\"lazy\" decoding=\"async\" src=\"https:\/\/suresms.com\/wp-content\/uploads\/2016\/03\/you-tube400x250px.jpg\" alt=\"suresms sms gateway you tube videoer\" itemprop=\"image\" height=\"250\" width=\"400\" title=\"you tube 400x250px\" onerror=\"this.style.display='none'\"  \/>\n\t\t\t\t<\/a>\n<p>Skal du komme i gang med en ny funksjon? Eller trenger du bare \u00e5 vite litt mer om hvordan gatewayen v\u00e5r fungerer? P\u00e5 Youtube har vi samlet instruksjonsvideoene v\u00e5re. Klar til \u00e5 sette i gang!<\/p>","protected":false},"excerpt":{"rendered":"<p>Hosted SIM-l\u00f8sning Hvis du \u00f8nsker \u00e5 bruke ditt eget SIM-kort til din 2-veis l\u00f8sning, tilbyr vi en stabil og sikker hosted SIM-l\u00f8sning. Fordeler: Du eier nummeret, og du kan viderekoble anrop fra nummeret til telefonen din slik at kundene dine kan ringe deg. Kort om Hosted SIM-kort: Vi installerer SIM-kortet ditt... <a title=\"2-veis SMS med Hosted SIM\" class=\"read-more\" href=\"https:\/\/suresms.com\/nb\/funktioner\/2-vejs-sms-losning-med-hosted-sim\/\" aria-label=\"Les mer om 2-veis SMS med Hosted SIM\">Les mer om dette<\/a><\/p>","protected":false},"author":1,"featured_media":0,"parent":958,"menu_order":1,"comment_status":"closed","ping_status":"closed","template":"","meta":{"_fl_builder_enabled":"1","_fl_builder_data":null,"_fl_builder_draft":null,"_fl_builder_data_settings":null,"_fl_builder_css":"","_fl_builder_css_version":"","_fl_builder_js":"","footnotes":""},"categories":[17],"tags":[],"class_list":{"0":"post-511","1":"page","2":"type-page","3":"status-publish","5":"category-linkfracornorstone"},"yoast_head":"<!-- This site is optimized with the Yoast SEO Premium plugin v27.3 (Yoast SEO v27.3) - https:\/\/yoast.com\/product\/yoast-seo-premium-wordpress\/ -->\r\n<title>2-vejs SMS med Hosted SIM I SureSMS I international 2vejs L\u00f8sning<\/title>\r\n<meta name=\"description\" content=\"Hosted SIM - Med en Hosted SIM 2-vejs SMS l\u00f8sning v\u00e6lger du selv nummeret. Brug firmanummer eller udenlandske numre. gratis oprettelse I 18 \u00f8re pr. SMS\" \/>\r\n<meta name=\"robots\" content=\"index, follow, max-snippet:-1, max-image-preview:large, max-video-preview:-1\" \/>\r\n<link rel=\"canonical\" href=\"https:\/\/suresms.com\/nb\/funksjoner\/2-veis-sms-utlasting-med-hosted-sim\/\" \/>\r\n<meta property=\"og:locale\" content=\"nb_NO\" \/>\r\n<meta property=\"og:type\" content=\"article\" \/>\r\n<meta property=\"og:title\" content=\"2-vejs SMS med Hosted SIM\" \/>\r\n<meta property=\"og:description\" content=\"Hosted SIM - Med en Hosted SIM 2-vejs SMS l\u00f8sning v\u00e6lger du selv nummeret. Brug firmanummer eller udenlandske numre. gratis oprettelse I 18 \u00f8re pr. SMS\" \/>\r\n<meta property=\"og:url\" content=\"https:\/\/suresms.com\/nb\/funksjoner\/2-veis-sms-utlasting-med-hosted-sim\/\" \/>\r\n<meta property=\"article:publisher\" content=\"https:\/\/www.facebook.com\/p\/SureSMS-100044607956149\/\" \/>\r\n<meta property=\"article:modified_time\" content=\"2025-01-21T10:14:51+00:00\" \/>\r\n<meta property=\"og:image\" content=\"https:\/\/suresms.com\/wp-content\/uploads\/2014\/10\/kommunikation-500x380-px.jpg\" \/>\r\n<meta name=\"twitter:card\" content=\"summary_large_image\" \/>\r\n<meta name=\"twitter:label1\" content=\"Ansl. lesetid\" \/>\n\t<meta name=\"twitter:data1\" content=\"6 minutter\" \/>\r\n<script type=\"application\/ld+json\" class=\"yoast-schema-graph\">{\"@context\":\"https:\\\/\\\/schema.org\",\"@graph\":[{\"@type\":\"WebPage\",\"@id\":\"https:\\\/\\\/suresms.com\\\/dk\\\/funktioner\\\/2-vejs-sms-losning-med-hosted-sim\\\/\",\"url\":\"https:\\\/\\\/suresms.com\\\/dk\\\/funktioner\\\/2-vejs-sms-losning-med-hosted-sim\\\/\",\"name\":\"2-vejs SMS med Hosted SIM I SureSMS I international 2vejs L\u00f8sning\",\"isPartOf\":{\"@id\":\"https:\\\/\\\/suresms.com\\\/en\\\/#website\"},\"primaryImageOfPage\":{\"@id\":\"https:\\\/\\\/suresms.com\\\/dk\\\/funktioner\\\/2-vejs-sms-losning-med-hosted-sim\\\/#primaryimage\"},\"image\":{\"@id\":\"https:\\\/\\\/suresms.com\\\/dk\\\/funktioner\\\/2-vejs-sms-losning-med-hosted-sim\\\/#primaryimage\"},\"thumbnailUrl\":\"https:\\\/\\\/suresms.com\\\/wp-content\\\/uploads\\\/2014\\\/10\\\/kommunikation-500x380-px.jpg\",\"datePublished\":\"2014-10-29T09:25:11+00:00\",\"dateModified\":\"2025-01-21T10:14:51+00:00\",\"description\":\"Hosted SIM - Med en Hosted SIM 2-vejs SMS l\u00f8sning v\u00e6lger du selv nummeret. Brug firmanummer eller udenlandske numre. gratis oprettelse I 18 \u00f8re pr. SMS\",\"breadcrumb\":{\"@id\":\"https:\\\/\\\/suresms.com\\\/dk\\\/funktioner\\\/2-vejs-sms-losning-med-hosted-sim\\\/#breadcrumb\"},\"inLanguage\":\"nb-NO\",\"potentialAction\":[{\"@type\":\"ReadAction\",\"target\":[\"https:\\\/\\\/suresms.com\\\/dk\\\/funktioner\\\/2-vejs-sms-losning-med-hosted-sim\\\/\"]}]},{\"@type\":\"ImageObject\",\"inLanguage\":\"nb-NO\",\"@id\":\"https:\\\/\\\/suresms.com\\\/dk\\\/funktioner\\\/2-vejs-sms-losning-med-hosted-sim\\\/#primaryimage\",\"url\":\"https:\\\/\\\/suresms.com\\\/wp-content\\\/uploads\\\/2014\\\/10\\\/kommunikation-500x380-px.jpg\",\"contentUrl\":\"https:\\\/\\\/suresms.com\\\/wp-content\\\/uploads\\\/2014\\\/10\\\/kommunikation-500x380-px.jpg\"},{\"@type\":\"BreadcrumbList\",\"@id\":\"https:\\\/\\\/suresms.com\\\/dk\\\/funktioner\\\/2-vejs-sms-losning-med-hosted-sim\\\/#breadcrumb\",\"itemListElement\":[{\"@type\":\"ListItem\",\"position\":1,\"name\":\"Home\",\"item\":\"https:\\\/\\\/suresms.com\\\/dk\\\/\"},{\"@type\":\"ListItem\",\"position\":2,\"name\":\"Funktioner\",\"item\":\"https:\\\/\\\/suresms.com\\\/dk\\\/funktioner\\\/\"},{\"@type\":\"ListItem\",\"position\":3,\"name\":\"2-vejs SMS med Hosted SIM\"}]},{\"@type\":\"WebSite\",\"@id\":\"https:\\\/\\\/suresms.com\\\/en\\\/#website\",\"url\":\"https:\\\/\\\/suresms.com\\\/en\\\/\",\"name\":\"SureSMS\",\"description\":\"Professionel SMS Gateway\",\"publisher\":{\"@id\":\"https:\\\/\\\/suresms.com\\\/en\\\/#organization\"},\"potentialAction\":[{\"@type\":\"SearchAction\",\"target\":{\"@type\":\"EntryPoint\",\"urlTemplate\":\"https:\\\/\\\/suresms.com\\\/en\\\/?s={search_term_string}\"},\"query-input\":{\"@type\":\"PropertyValueSpecification\",\"valueRequired\":true,\"valueName\":\"search_term_string\"}}],\"inLanguage\":\"nb-NO\"},{\"@type\":\"Organization\",\"@id\":\"https:\\\/\\\/suresms.com\\\/en\\\/#organization\",\"name\":\"SureSMS\",\"url\":\"https:\\\/\\\/suresms.com\\\/en\\\/\",\"logo\":{\"@type\":\"ImageObject\",\"inLanguage\":\"nb-NO\",\"@id\":\"https:\\\/\\\/suresms.com\\\/en\\\/#\\\/schema\\\/logo\\\/image\\\/\",\"url\":\"https:\\\/\\\/suresms.com\\\/wp-content\\\/uploads\\\/2024\\\/11\\\/suresms-300x65-1.png\",\"contentUrl\":\"https:\\\/\\\/suresms.com\\\/wp-content\\\/uploads\\\/2024\\\/11\\\/suresms-300x65-1.png\",\"width\":300,\"height\":65,\"caption\":\"SureSMS\"},\"image\":{\"@id\":\"https:\\\/\\\/suresms.com\\\/en\\\/#\\\/schema\\\/logo\\\/image\\\/\"},\"sameAs\":[\"https:\\\/\\\/www.facebook.com\\\/p\\\/SureSMS-100044607956149\\\/\"]}]}<\/script>\r\n<!-- \/ Yoast SEO Premium plugin. -->","yoast_head_json":{"title":"2-veis SMS med Hosted SIM i SureSMS I internasjonal 2-veis l\u00f8sning","description":"Hosted SIM - Med en Hosted SIM 2-veis SMS-l\u00f8sning velger du nummeret selv. Bruk bedriftsnummer eller utenlandske nummer. Gratis oppsett for 18 \u00f8re per SMS","robots":{"index":"index","follow":"follow","max-snippet":"max-snippet:-1","max-image-preview":"max-image-preview:large","max-video-preview":"max-video-preview:-1"},"canonical":"https:\/\/suresms.com\/nb\/funksjoner\/2-veis-sms-utlasting-med-hosted-sim\/","og_locale":"nb_NO","og_type":"article","og_title":"2-vejs SMS med Hosted SIM","og_description":"Hosted SIM - Med en Hosted SIM 2-vejs SMS l\u00f8sning v\u00e6lger du selv nummeret. Brug firmanummer eller udenlandske numre. gratis oprettelse I 18 \u00f8re pr. SMS","og_url":"https:\/\/suresms.com\/nb\/funksjoner\/2-veis-sms-utlasting-med-hosted-sim\/","article_publisher":"https:\/\/www.facebook.com\/p\/SureSMS-100044607956149\/","article_modified_time":"2025-01-21T10:14:51+00:00","og_image":[{"url":"https:\/\/suresms.com\/wp-content\/uploads\/2014\/10\/kommunikation-500x380-px.jpg","type":"","width":"","height":""}],"twitter_card":"summary_large_image","twitter_misc":{"Ansl. lesetid":"6 minutter"},"schema":{"@context":"https:\/\/schema.org","@graph":[{"@type":"WebPage","@id":"https:\/\/suresms.com\/dk\/funktioner\/2-vejs-sms-losning-med-hosted-sim\/","url":"https:\/\/suresms.com\/dk\/funktioner\/2-vejs-sms-losning-med-hosted-sim\/","name":"2-veis SMS med Hosted SIM i SureSMS I internasjonal 2-veis l\u00f8sning","isPartOf":{"@id":"https:\/\/suresms.com\/en\/#website"},"primaryImageOfPage":{"@id":"https:\/\/suresms.com\/dk\/funktioner\/2-vejs-sms-losning-med-hosted-sim\/#primaryimage"},"image":{"@id":"https:\/\/suresms.com\/dk\/funktioner\/2-vejs-sms-losning-med-hosted-sim\/#primaryimage"},"thumbnailUrl":"https:\/\/suresms.com\/wp-content\/uploads\/2014\/10\/kommunikation-500x380-px.jpg","datePublished":"2014-10-29T09:25:11+00:00","dateModified":"2025-01-21T10:14:51+00:00","description":"Hosted SIM - Med en Hosted SIM 2-veis SMS-l\u00f8sning velger du nummeret selv. Bruk bedriftsnummer eller utenlandske nummer. Gratis oppsett for 18 \u00f8re per SMS","breadcrumb":{"@id":"https:\/\/suresms.com\/dk\/funktioner\/2-vejs-sms-losning-med-hosted-sim\/#breadcrumb"},"inLanguage":"nb-NO","potentialAction":[{"@type":"ReadAction","target":["https:\/\/suresms.com\/dk\/funktioner\/2-vejs-sms-losning-med-hosted-sim\/"]}]},{"@type":"ImageObject","inLanguage":"nb-NO","@id":"https:\/\/suresms.com\/dk\/funktioner\/2-vejs-sms-losning-med-hosted-sim\/#primaryimage","url":"https:\/\/suresms.com\/wp-content\/uploads\/2014\/10\/kommunikation-500x380-px.jpg","contentUrl":"https:\/\/suresms.com\/wp-content\/uploads\/2014\/10\/kommunikation-500x380-px.jpg"},{"@type":"BreadcrumbList","@id":"https:\/\/suresms.com\/dk\/funktioner\/2-vejs-sms-losning-med-hosted-sim\/#breadcrumb","itemListElement":[{"@type":"ListItem","position":1,"name":"Home","item":"https:\/\/suresms.com\/dk\/"},{"@type":"ListItem","position":2,"name":"Funktioner","item":"https:\/\/suresms.com\/dk\/funktioner\/"},{"@type":"ListItem","position":3,"name":"2-vejs SMS med Hosted SIM"}]},{"@type":"WebSite","@id":"https:\/\/suresms.com\/en\/#website","url":"https:\/\/suresms.com\/en\/","name":"SureSMS","description":"Profesjonell SMS-gateway","publisher":{"@id":"https:\/\/suresms.com\/en\/#organization"},"potentialAction":[{"@type":"SearchAction","target":{"@type":"EntryPoint","urlTemplate":"https:\/\/suresms.com\/en\/?s={search_term_string}"},"query-input":{"@type":"PropertyValueSpecification","valueRequired":true,"valueName":"search_term_string"}}],"inLanguage":"nb-NO"},{"@type":"Organization","@id":"https:\/\/suresms.com\/en\/#organization","name":"SureSMS","url":"https:\/\/suresms.com\/en\/","logo":{"@type":"ImageObject","inLanguage":"nb-NO","@id":"https:\/\/suresms.com\/en\/#\/schema\/logo\/image\/","url":"https:\/\/suresms.com\/wp-content\/uploads\/2024\/11\/suresms-300x65-1.png","contentUrl":"https:\/\/suresms.com\/wp-content\/uploads\/2024\/11\/suresms-300x65-1.png","width":300,"height":65,"caption":"SureSMS"},"image":{"@id":"https:\/\/suresms.com\/en\/#\/schema\/logo\/image\/"},"sameAs":["https:\/\/www.facebook.com\/p\/SureSMS-100044607956149\/"]}]}},"_links":{"self":[{"href":"https:\/\/suresms.com\/nb\/wp-json\/wp\/v2\/pages\/511","targetHints":{"allow":["GET"]}}],"collection":[{"href":"https:\/\/suresms.com\/nb\/wp-json\/wp\/v2\/pages"}],"about":[{"href":"https:\/\/suresms.com\/nb\/wp-json\/wp\/v2\/types\/page"}],"author":[{"embeddable":true,"href":"https:\/\/suresms.com\/nb\/wp-json\/wp\/v2\/users\/1"}],"replies":[{"embeddable":true,"href":"https:\/\/suresms.com\/nb\/wp-json\/wp\/v2\/comments?post=511"}],"version-history":[{"count":5,"href":"https:\/\/suresms.com\/nb\/wp-json\/wp\/v2\/pages\/511\/revisions"}],"predecessor-version":[{"id":21888,"href":"https:\/\/suresms.com\/nb\/wp-json\/wp\/v2\/pages\/511\/revisions\/21888"}],"up":[{"embeddable":true,"href":"https:\/\/suresms.com\/nb\/wp-json\/wp\/v2\/pages\/958"}],"wp:attachment":[{"href":"https:\/\/suresms.com\/nb\/wp-json\/wp\/v2\/media?parent=511"}],"wp:term":[{"taxonomy":"category","embeddable":true,"href":"https:\/\/suresms.com\/nb\/wp-json\/wp\/v2\/categories?post=511"},{"taxonomy":"post_tag","embeddable":true,"href":"https:\/\/suresms.com\/nb\/wp-json\/wp\/v2\/tags?post=511"}],"curies":[{"name":"wp","href":"https:\/\/api.w.org\/{rel}","templated":true}]}}