{"id":449,"date":"2014-10-12T10:47:57","date_gmt":"2014-10-12T08:47:57","guid":{"rendered":"https:\/\/www.suresms.com\/dk\/?page_id=449"},"modified":"2026-03-17T11:40:09","modified_gmt":"2026-03-17T11:40:09","slug":"motta-tekstmeldinger-paa-datamaskinen-din","status":"publish","type":"page","link":"https:\/\/suresms.com\/nb\/funktioner\/modtag-sms-pa-din-computer\/","title":{"rendered":"Motta SMS p\u00e5 datamaskinen din"},"content":{"rendered":"<!-- Flexy Breadcrumb -->\r\n\t\t\t<div class=\"fbc fbc-page\">\r\n\r\n\t\t\t\t<!-- Breadcrumb wrapper -->\r\n\t\t\t\t<div class=\"fbc-wrap\">\r\n\r\n\t\t\t\t\t<!-- Ordered list-->\r\n\t\t\t\t\t<ol class=\"fbc-items\" itemscope itemtype=\"https:\/\/schema.org\/BreadcrumbList\">\r\n\t\t\t\t\t\t            <li itemprop=\"itemListElement\" itemscope itemtype=\"https:\/\/schema.org\/ListItem\">\r\n                <span itemprop=\"name\">\r\n                    <!-- Home Link -->\r\n                    <a itemprop=\"item\" href=\"https:\/\/suresms.com\/nb\/\">\r\n                    \r\n                                                    <i class=\"fa fa-home\" aria-hidden=\"true\"><\/i>Hjem                    <\/a>\r\n                <\/span>\r\n                <meta itemprop=\"position\" content=\"1\" \/><!-- Meta Position-->\r\n             <\/li><li><span class=\"fbc-separator\">\/<\/span><\/li><li class=\"active\" itemprop=\"itemListElement\" itemscope itemtype=\"https:\/\/schema.org\/ListItem\"><span itemprop=\"name\" title=\"Motta SMS p\u00e5 datamaskinen din\">Motta SMS p\u00e5 din...<\/span><meta itemprop=\"position\" content=\"2\" \/><\/li>\t\t\t\t\t<\/ol>\r\n\t\t\t\t\t<div class=\"clearfix\"><\/div>\r\n\t\t\t\t<\/div>\r\n\t\t\t<\/div>\r\n\t\t\t\n<h1>\n\t\t\tMotta SMS p\u00e5 datamaskinen din\t<\/h1>\n\tHar du behov for \u00e5 motta SMS-meldinger fra kundene dine? Eller \u00f8nsker du \u00e5 sende SMS-meldinger til grupper direkte fra SMS? Da kan 2-veis SMS v\u00e6re l\u00f8sningen for deg.<br \/>\nHvis du allerede har en SMS-konto der du sender meldinger til brukerne dine, kan det v\u00e6re b\u00e5de et behov og en god service at mottakeren kan svare tilbake.\n\t<ul>\n\t\t<li>\t\t\t\t\n\t\t<h3>Motta SMS i innboksen din<\/h3><p>Alle SMS-meldinger som mottas p\u00e5 nummeret ditt, lagres i innboksen din p\u00e5 http:\/\/app.suresms.com\/. Herfra kan du enkelt svare p\u00e5 meldingen direkte i nettleseren din.\u00a0<\/p><\/li><li>\t\t\t\t\n\t\t<h3>Motta SMS i postkassen din<\/h3><p>Det er ogs\u00e5 mulig \u00e5 aktivere SMS-2-Email, slik at vi videresender innkommende SMS-er til e-postadressen din. N\u00e5r du mottar e-posten, kan du bare klikke p\u00e5 \"svar\", s\u00e5 sender vi svaret som en SMS.\u00a0<\/p><\/li><li>\t\t\t\t\n\t\t<h3>Motta SMS som webhook<\/h3><p>Det er ogs\u00e5 mulig \u00e5 motta en s\u00e5kalt webhook p\u00e5 din egen server. Vi gj\u00f8r et HTTP-anrop til et nettsted som du har opprettet. Vi setter opp systemet v\u00e5rt slik at det kjenner adressen din (endepunkt). N\u00e5r vi mottar en SMS-melding p\u00e5 ditt vertsnummer, legger vi den i innboksen din og foretar et HTTP-anrop til nettstedet ditt.<\/p>\n<p><a href=\"http:\/\/manual.suresms.com\/avanceret-opsaetning-af-2-vejs-sms\/\">Se detaljer om hvordan du setter opp en http-side her\u00a0<\/a><\/p>\n<\/li><li>\t\t\t\t\n\t\t<h3>Automatisk svar p\u00e5 innkommende meldinger<\/h3><p>Du har muligheten til \u00e5 sette opp et automatisk svar n\u00e5r du mottar en SMS p\u00e5 innkommende nummer.\u00a0<\/p><\/li>\t<\/ul>\n<h3>\n\t\t\tGenerelt for v\u00e5re 2-veis l\u00f8sninger:\t<\/h3>\n\t<ul>\n<li>Det koster ingenting \u00e5 motta SMS-meldinger p\u00e5 nummeret. Uansett hvor mange SMS-er vi videresender til deg, er det inkludert i abonnementet.<\/li>\n<\/ul>\n<ul>\n<li>SMS-meldingene du sender fra 2-veis-l\u00f8sningen din, blir belastet etter gjeldende takst. <a title=\"Priser p\u00e5 SMS-gateway\" href=\"https:\/\/suresms.com\/nb\/sms-gateway-profesjonelle-sms-loesninger\/priser-paa-sms-gateway\/\">Se prisene p\u00e5 SMS-gatewayen v\u00e5r her.&nbsp;<\/a><\/li>\n<\/ul>\n<ul>\n<li><strong>Hvis du sender mer enn 10 000 SMS-meldinger per m\u00e5ned <a title=\"Kontakt oss\" href=\"https:\/\/suresms.com\/nb\/kontakt\/\">Kontakt oss<\/a> For en pris!!!<\/strong><\/li>\n<\/ul>\n<ul>\n<li>For begge l\u00f8sningene kan SMS-en besvares b\u00e5de fra nettstedet v\u00e5rt og fra din egen postkasse.<\/li>\n<\/ul>\n<ul>\n<li>V\u00e5r 2-veis l\u00f8sning st\u00f8tter mottak av Flash-meldinger.<\/li>\n<\/ul>\n<ul>\n<li>Dessverre kan du ikke ha b\u00e5de en toveis og alfanumerisk avsender samtidig.<\/li>\n<\/ul>\n\t\t<figure itemscope itemtype=\"https:\/\/schema.org\/ImageObject\">\n\t\t\t\t<a href=\"https:\/\/suresms.com\/nb\/bestilling\/bestill-2-veis-lossing\/\"  target=\"_self\" itemprop=\"url\">\n\t\t\t\t<img decoding=\"async\" src=\"https:\/\/suresms.com\/wp-content\/uploads\/2014\/10\/2-vejs-virtuelle-400x150-pix.jpg\" alt=\"2-veis SMS virtuelle numre VLR\" height=\"150\" width=\"400\" title=\"2-veis virtuell 400x150 pix\" onerror=\"this.style.display='none'\" loading=\"lazy\" \/>\n\t\t\t\t<\/a>\n\t<\/figure>\n<h3><a href=\"https:\/\/suresms.com\/nb\/bestilling\/bestill-2-veis-lossing\/\" target=\"_self\">2-veis \"virtuelt nummer\"<\/a><\/h3><p>Skybasert, rask og billig 2-veis l\u00f8sning. Bra for mottak av mange SMS-meldinger p\u00e5 kort tid og for M2M. Hvis du trenger f\u00e5 numre.<\/p>\n<ul>\n<li>99,-\/m\u00e5ned abonnement<\/li>\n<li>Gratis og rask opprettelse<\/li>\n<li>1 m\u00e5neds oppsigelsestid<\/li>\n<li>Ikke noe fysisk SIM-kort<\/li>\n<li>SureSMS leverer nummeret<\/li>\n<li>Ubegrenset mottak<\/li>\n<li>M2M<\/li>\n<li>N\u00d8KKELORD ubegrenset<\/li>\n<li>Ubegrenset antall s\u00f8keord<\/li>\n<\/ul>\n\t\t\t<a href=\"https:\/\/suresms.com\/nb\/bestilling\/bestill-2-veis-lossing\/\"  target=\"_self\">\n\t\t\t\t\t\t\tBestill 2-veis virtuelt nummer\n\t\t\t\t\t<\/a>\n\t\t<figure itemscope itemtype=\"https:\/\/schema.org\/ImageObject\">\n\t\t\t\t<a href=\"https:\/\/suresms.com\/nb\/bestilling\/bestill-2-veis-lossing\/\"  target=\"_self\" itemprop=\"url\">\n\t\t\t\t<img decoding=\"async\" src=\"https:\/\/suresms.com\/wp-content\/uploads\/2014\/10\/2-vejs-hostetSIM-400x150-pix.jpg\" alt=\"2-veis l\u00f8sning med SureSMS som vertskap\" height=\"150\" width=\"400\" title=\"2-veis hostedSIM\" onerror=\"this.style.display='none'\" loading=\"lazy\" \/>\n\t\t\t\t<\/a>\n\t<\/figure>\n<h3><a href=\"https:\/\/suresms.com\/nb\/bestilling\/bestill-2-veis-lossing\/\" target=\"_self\">2-veis \"Hosted SIM\"<\/a><\/h3><p>Den beste l\u00f8sningen hvis bedriften din \u00f8nsker \u00e5 velge sitt eget nummer, hvis kundene har behov for \u00e5 ringe tilbake eller hvis du \u00f8nsker et utenlandsk SIM-kort.<\/p>\n<ul>\n\n<li>199,-\/m\u00e5ned i abonnement<\/li>\n<li>299,- i skapelsen<\/li>\n<li>Mulighet for internasjonale nummer<\/li>\n<li>Du f\u00e5r et SIM-kort<\/li>\n<li>6 m\u00e5neders forpliktelse\/1 m\u00e5neds avbestilling<\/li>\n<li>Mottar 10 SMS\/min. Resten st\u00e5r i k\u00f8.<\/li>\n<li>Frihet til \u00e5 velge nummer<\/li>\n<li>Du eier nummeret<\/li>\n<li>Viderekobling av samtaler<\/li>\n<li>Ubegrenset antall s\u00f8keord<\/li>\n<\/ul>\n\t\t\t<a href=\"https:\/\/suresms.com\/nb\/bestilling\/bestill-2-veis-lossing\/\"  target=\"_self\">\n\t\t\t\t\t\t\tBestill 2-veis Hosted SIM\n\t\t\t\t\t<\/a>\n\t\t<figure itemscope itemtype=\"https:\/\/schema.org\/ImageObject\">\n\t\t\t\t<a href=\"https:\/\/suresms.com\/nb\/om-suresms\/kontakt\/\"  target=\"_self\" itemprop=\"url\">\n\t\t\t\t<img decoding=\"async\" src=\"https:\/\/suresms.com\/wp-content\/uploads\/2014\/10\/2vejs-serier-400x150-pix.jpg\" alt=\"2-veis SMS-l\u00f8sning nummerserier VLR\" height=\"150\" width=\"400\" title=\"2-veis tegneserier 400x150 pix\" onerror=\"this.style.display='none'\" loading=\"lazy\" \/>\n\t\t\t\t<\/a>\n\t<\/figure>\n<h3><a href=\"https:\/\/suresms.com\/nb\/om-suresms\/kontakt\/\" target=\"_self\">2-veis \"nummerserie\"<\/a><\/h3><p>Virtuelle nummerserier for bedrifter som trenger mange numre. Prisen varierer avhengig av volum. Kontakt oss for mer informasjon.<\/p>\n<ul>\n<li>Motta SMS via API<\/li>\n<li>For mange tall<\/li>\n<li>Maks 49,-\/m\u00e5ned i abonnement<\/li>\n<li>Pris etter avtale<\/li>\n<li>For min. 10 mobilnumre<\/li>\n<li>Gratis opprettelse<\/li>\n<li>Danske tall<\/li>\n<li>Ingen fysisk SIM-kort<\/li>\n<li>6 m\u00e5neders forpliktelse<\/li>\n<li>1 m\u00e5neds oppsigelsestid<\/li>\n<li>N\u00d8KKELORD ubegrenset<\/li>\n<li>Ubegrenset mottak<\/li>\n<\/ul>\n\t\t\t<a href=\"https:\/\/suresms.com\/nb\/om-suresms\/kontakt\/\"  target=\"_self\">\n\t\t\t\t\t\t\tKontakt oss her!\n\t\t\t\t\t<\/a>\n<h3>\n\t\t\tDet kan ta opptil 24 timer fra du bestiller din 2-veis l\u00f8sning til du mottar brukernavn og kode!\t<\/h3>\n\t\t<h3>Vil du vite mer om hosted SIM?<\/h3>\n\t\t<p>Se mer informasjon, teknisk beskrivelse og dokumentasjon om v\u00e5re hostede SIM-l\u00f8sninger her.<\/p>\n\t\t\t<a href=\"http:\/\/manual.suresms.com\/2-vejs-sms\/opsaetning-af-2-vejs-sms\/\"  target=\"_blank\" rel=\"noopener\">\n\t\t\t\t\t\tSpesifikasjoner\n\t\t\t\t\t<\/a>\n\t<h2>Hvorfor vi velger hostede SIM- og VLN-nummer<\/h2>\nTeknisk sett finnes det ulike m\u00e5ter \u00e5 lage en l\u00f8sning der mottakeren kan svare p\u00e5 meldingene dine.<br \/>\nEt alternativ i markedet er \u00e5 bruke s\u00e5kalte mediekoder og kortkoder. Ved hjelp av en firesifret mediekode og et passord kan kunden svare p\u00e5 meldingene dine, for eksempel hvis du har en ostebutikk, f\u00e5r du mediekoden \"Cheese\". N\u00e5r noen sender en melding til en kortkode - f.eks. 9944, m\u00e5 de f\u00f8rst skrive \"OST\" og deretter meldingen etterp\u00e5. Problemet med denne l\u00f8sningen er at den er komplisert for kunden. \u00c6rlig talt! Hvem vet at de m\u00e5 skrive OST? Meldingen din vil h\u00f8res slik ut: \"Kj\u00e6re Signe. Varene du bestilte har ankommet. For \u00e5 svare p\u00e5 denne meldingen, send en SMS til 9944 med ordet OST etterfulgt av meldingen.\"\n<p>I tillegg til \u00e5 v\u00e6re komplisert og med h\u00f8y risiko for kommunikasjonsfeil, er det en dyr l\u00f8sning \u00e5 implementere. Vi i Sure SMS mener at det skal v\u00e6re enkelt og l\u00f8nnsomt for kundene v\u00e5re.<\/p>\n<p><strong>Vi har derfor valgt \u00e5 tilby en - etter v\u00e5r mening - bedre l\u00f8sning!<\/strong><\/p>\n<h2>V\u00e5r 2-veis SMS-l\u00f8sning<\/h2>\nMed Sure SMS f\u00e5r du svar p\u00e5 et mobilnummer som kun er ditt. Det betyr at du mottar ALLE meldinger som er skrevet til dette nummeret. N\u00e5r du sender ut meldingen din, sendes den fra det samme nummeret. Det er enkel kommunikasjon for kunden med mye mindre feilmargin.<br \/>\nDu skriver: \"Kj\u00e6re Signe. Varene du bestilte har kommet.\"  Hvis Signe \u00f8nsker \u00e5 svare p\u00e5 meldingen, trykker hun bare p\u00e5 \"svar\" og skriver inn svaret.\n<p>Du bestemmer selv om du vil at vi skal bruke SIM-kort fra din nummerserie, eller om du vil at vi skal levere SIM-kort. Vi er gjerne vertskap. Kontakt oss for mer informasjon eller r\u00e5d. Du finner ogs\u00e5 mer informasjon i lenkene nedenfor<\/p>\n<p>Se <a title=\"Priser p\u00e5 SMS-gateway\" href=\"https:\/\/suresms.com\/nb\/priser-paa-sms-gateway\/\">SMS og 2-veis priser her<\/a>.<\/p>\n\t\t<h3>Flere sp\u00f8rsm\u00e5l?<\/h3>\n\t\t<p>Har du flere sp\u00f8rsm\u00e5l om 2-veis l\u00f8sninger? Ring oss eller send oss en e-post!<\/p>\n\t\t\t<a href=\"https:\/\/suresms.com\/nb\/kontakt\/\"  target=\"_self\">\n\t\t\t\t\t\tSend en e-post\n\t\t\t\t\t<\/a>\n\t\t<h3>Dokumentasjon<\/h3>\n\t\t<p>Se detaljer og teknisk beskrivelse av v\u00e5r hostede SIM-l\u00f8sning her.<\/p>\n\t\t\t<a href=\"https:\/\/suresms.com\/nb\/2-veis-sms-utlasting-med-hosted-sim\/\"  target=\"_self\">\n\t\t\t\t\t\tSe flere detaljer\n\t\t\t\t\t<\/a>\n\t\t<h3>Om SureSMS<\/h3>\n\t\t<p>Vi er alltid glade for \u00e5 fortelle deg litt om selskapet v\u00e5rt. Les mer om SureSMS her!<\/p>\n\t\t\t<a href=\"https:\/\/suresms.com\/nb\/om-suresms\/\"  target=\"_self\">\n\t\t\t\t\t\tOm SureSMS\n\t\t\t\t\t<\/a>\n\t\t<h3>Pr\u00f8v det N\u00c5!<\/h3>\n\t\t<p>Opprett en gratis pr\u00f8vekonto n\u00e5 og f\u00e5 50 gratis SMSer uten forpliktelser!<\/p>\n\t\t\t<a href=\"https:\/\/suresms.com\/nb\/gratis-sms-testkonto\/\"  target=\"_self\">\n\t\t\t\t\t\t\tOpprett pr\u00f8vekonto\n\t\t\t\t\t<\/a>","protected":false},"excerpt":{"rendered":"<p>Motta SMS p\u00e5 datamaskinen Har du behov for \u00e5 motta tekstmeldinger fra kundene dine? Eller \u00f8nsker du \u00e5 sende SMS-meldinger til grupper direkte fra SMS? Da kan 2-veis SMS v\u00e6re l\u00f8sningen for deg. Hvis du allerede har en SMS-konto der du sender meldinger til brukerne dine, kan det v\u00e6re b\u00e5de et behov og en... <a title=\"Motta SMS p\u00e5 datamaskinen din\" class=\"read-more\" href=\"https:\/\/suresms.com\/nb\/funktioner\/modtag-sms-pa-din-computer\/\" aria-label=\"Les mer om Motta SMS p\u00e5 datamaskinen din\">Les mer om dette<\/a><\/p>","protected":false},"author":1,"featured_media":0,"parent":958,"menu_order":2,"comment_status":"closed","ping_status":"closed","template":"","meta":{"_fl_builder_enabled":"1","_fl_builder_data":null,"_fl_builder_draft":null,"_fl_builder_data_settings":null,"_fl_builder_css":"","_fl_builder_css_version":"","_fl_builder_js":"","footnotes":""},"categories":[17],"tags":[],"class_list":{"0":"post-449","1":"page","2":"type-page","3":"status-publish","5":"category-linkfracornorstone"},"yoast_head":"<!-- This site is optimized with the Yoast SEO Premium plugin v27.3 (Yoast SEO v27.3) - https:\/\/yoast.com\/product\/yoast-seo-premium-wordpress\/ -->\r\n<title>2 vejs SMS, modtag SMS p\u00e5 din computer og iPad. Bestil 2-vejs l\u00f8sning!<\/title>\r\n<meta name=\"description\" content=\"Med 2 vejs SMS kan du modtage SMS p\u00e5 din computer eller iPad. L\u00f8sning fra SureSMS er den nemmeste for dine kunder. N\u00e5r de modtager SMS kan de svare p\u00e5 den.\" \/>\r\n<meta name=\"robots\" content=\"index, follow, max-snippet:-1, max-image-preview:large, max-video-preview:-1\" \/>\r\n<link rel=\"canonical\" href=\"https:\/\/suresms.com\/nb\/funksjoner\/motta-tekstmeldinger-paa-datamaskinen-din\/\" \/>\r\n<meta property=\"og:locale\" content=\"nb_NO\" \/>\r\n<meta property=\"og:type\" content=\"article\" \/>\r\n<meta property=\"og:title\" content=\"Modtag SMS p\u00e5 din computer\" \/>\r\n<meta property=\"og:description\" content=\"Med 2 vejs SMS kan du modtage SMS p\u00e5 din computer eller iPad. L\u00f8sning fra SureSMS er den nemmeste for dine kunder. N\u00e5r de modtager SMS kan de svare p\u00e5 den.\" \/>\r\n<meta property=\"og:url\" content=\"https:\/\/suresms.com\/nb\/funksjoner\/motta-tekstmeldinger-paa-datamaskinen-din\/\" \/>\r\n<meta property=\"article:publisher\" content=\"https:\/\/www.facebook.com\/p\/SureSMS-100044607956149\/\" \/>\r\n<meta property=\"article:modified_time\" content=\"2026-03-17T11:40:09+00:00\" \/>\r\n<meta property=\"og:image\" content=\"https:\/\/suresms.com\/wp-content\/uploads\/2014\/10\/2-vejs-virtuelle-400x150-pix.jpg\" \/>\r\n<meta name=\"twitter:card\" content=\"summary_large_image\" \/>\r\n<meta name=\"twitter:label1\" content=\"Ansl. lesetid\" \/>\n\t<meta name=\"twitter:data1\" content=\"6 minutter\" \/>\r\n<script type=\"application\/ld+json\" class=\"yoast-schema-graph\">{\"@context\":\"https:\\\/\\\/schema.org\",\"@graph\":[{\"@type\":\"WebPage\",\"@id\":\"https:\\\/\\\/suresms.com\\\/dk\\\/funktioner\\\/modtag-sms-pa-din-computer\\\/\",\"url\":\"https:\\\/\\\/suresms.com\\\/dk\\\/funktioner\\\/modtag-sms-pa-din-computer\\\/\",\"name\":\"2 vejs SMS, modtag SMS p\u00e5 din computer og iPad. Bestil 2-vejs l\u00f8sning!\",\"isPartOf\":{\"@id\":\"https:\\\/\\\/suresms.com\\\/en\\\/#website\"},\"primaryImageOfPage\":{\"@id\":\"https:\\\/\\\/suresms.com\\\/dk\\\/funktioner\\\/modtag-sms-pa-din-computer\\\/#primaryimage\"},\"image\":{\"@id\":\"https:\\\/\\\/suresms.com\\\/dk\\\/funktioner\\\/modtag-sms-pa-din-computer\\\/#primaryimage\"},\"thumbnailUrl\":\"https:\\\/\\\/suresms.com\\\/wp-content\\\/uploads\\\/2014\\\/10\\\/2-vejs-virtuelle-400x150-pix.jpg\",\"datePublished\":\"2014-10-12T08:47:57+00:00\",\"dateModified\":\"2026-03-17T11:40:09+00:00\",\"description\":\"Med 2 vejs SMS kan du modtage SMS p\u00e5 din computer eller iPad. L\u00f8sning fra SureSMS er den nemmeste for dine kunder. N\u00e5r de modtager SMS kan de svare p\u00e5 den.\",\"breadcrumb\":{\"@id\":\"https:\\\/\\\/suresms.com\\\/dk\\\/funktioner\\\/modtag-sms-pa-din-computer\\\/#breadcrumb\"},\"inLanguage\":\"nb-NO\",\"potentialAction\":[{\"@type\":\"ReadAction\",\"target\":[\"https:\\\/\\\/suresms.com\\\/dk\\\/funktioner\\\/modtag-sms-pa-din-computer\\\/\"]}]},{\"@type\":\"ImageObject\",\"inLanguage\":\"nb-NO\",\"@id\":\"https:\\\/\\\/suresms.com\\\/dk\\\/funktioner\\\/modtag-sms-pa-din-computer\\\/#primaryimage\",\"url\":\"https:\\\/\\\/suresms.com\\\/wp-content\\\/uploads\\\/2014\\\/10\\\/2-vejs-virtuelle-400x150-pix.jpg\",\"contentUrl\":\"https:\\\/\\\/suresms.com\\\/wp-content\\\/uploads\\\/2014\\\/10\\\/2-vejs-virtuelle-400x150-pix.jpg\"},{\"@type\":\"BreadcrumbList\",\"@id\":\"https:\\\/\\\/suresms.com\\\/dk\\\/funktioner\\\/modtag-sms-pa-din-computer\\\/#breadcrumb\",\"itemListElement\":[{\"@type\":\"ListItem\",\"position\":1,\"name\":\"Home\",\"item\":\"https:\\\/\\\/suresms.com\\\/dk\\\/\"},{\"@type\":\"ListItem\",\"position\":2,\"name\":\"Funktioner\",\"item\":\"https:\\\/\\\/suresms.com\\\/dk\\\/funktioner\\\/\"},{\"@type\":\"ListItem\",\"position\":3,\"name\":\"Modtag SMS p\u00e5 din computer\"}]},{\"@type\":\"WebSite\",\"@id\":\"https:\\\/\\\/suresms.com\\\/en\\\/#website\",\"url\":\"https:\\\/\\\/suresms.com\\\/en\\\/\",\"name\":\"SureSMS\",\"description\":\"Professionel SMS Gateway\",\"publisher\":{\"@id\":\"https:\\\/\\\/suresms.com\\\/en\\\/#organization\"},\"potentialAction\":[{\"@type\":\"SearchAction\",\"target\":{\"@type\":\"EntryPoint\",\"urlTemplate\":\"https:\\\/\\\/suresms.com\\\/en\\\/?s={search_term_string}\"},\"query-input\":{\"@type\":\"PropertyValueSpecification\",\"valueRequired\":true,\"valueName\":\"search_term_string\"}}],\"inLanguage\":\"nb-NO\"},{\"@type\":\"Organization\",\"@id\":\"https:\\\/\\\/suresms.com\\\/en\\\/#organization\",\"name\":\"SureSMS\",\"url\":\"https:\\\/\\\/suresms.com\\\/en\\\/\",\"logo\":{\"@type\":\"ImageObject\",\"inLanguage\":\"nb-NO\",\"@id\":\"https:\\\/\\\/suresms.com\\\/en\\\/#\\\/schema\\\/logo\\\/image\\\/\",\"url\":\"https:\\\/\\\/suresms.com\\\/wp-content\\\/uploads\\\/2024\\\/11\\\/suresms-300x65-1.png\",\"contentUrl\":\"https:\\\/\\\/suresms.com\\\/wp-content\\\/uploads\\\/2024\\\/11\\\/suresms-300x65-1.png\",\"width\":300,\"height\":65,\"caption\":\"SureSMS\"},\"image\":{\"@id\":\"https:\\\/\\\/suresms.com\\\/en\\\/#\\\/schema\\\/logo\\\/image\\\/\"},\"sameAs\":[\"https:\\\/\\\/www.facebook.com\\\/p\\\/SureSMS-100044607956149\\\/\"]}]}<\/script>\r\n<!-- \/ Yoast SEO Premium plugin. -->","yoast_head_json":{"title":"2-veis SMS, motta SMS p\u00e5 datamaskinen og iPad. Bestill 2-veis-l\u00f8sningen!","description":"Med 2-veis SMS kan du motta SMS p\u00e5 datamaskinen eller iPad. L\u00f8sningen fra SureSMS er den enkleste for kundene dine. N\u00e5r de mottar en SMS, kan de svare p\u00e5 den.","robots":{"index":"index","follow":"follow","max-snippet":"max-snippet:-1","max-image-preview":"max-image-preview:large","max-video-preview":"max-video-preview:-1"},"canonical":"https:\/\/suresms.com\/nb\/funksjoner\/motta-tekstmeldinger-paa-datamaskinen-din\/","og_locale":"nb_NO","og_type":"article","og_title":"Modtag SMS p\u00e5 din computer","og_description":"Med 2 vejs SMS kan du modtage SMS p\u00e5 din computer eller iPad. L\u00f8sning fra SureSMS er den nemmeste for dine kunder. N\u00e5r de modtager SMS kan de svare p\u00e5 den.","og_url":"https:\/\/suresms.com\/nb\/funksjoner\/motta-tekstmeldinger-paa-datamaskinen-din\/","article_publisher":"https:\/\/www.facebook.com\/p\/SureSMS-100044607956149\/","article_modified_time":"2026-03-17T11:40:09+00:00","og_image":[{"url":"https:\/\/suresms.com\/wp-content\/uploads\/2014\/10\/2-vejs-virtuelle-400x150-pix.jpg","type":"","width":"","height":""}],"twitter_card":"summary_large_image","twitter_misc":{"Ansl. lesetid":"6 minutter"},"schema":{"@context":"https:\/\/schema.org","@graph":[{"@type":"WebPage","@id":"https:\/\/suresms.com\/dk\/funktioner\/modtag-sms-pa-din-computer\/","url":"https:\/\/suresms.com\/dk\/funktioner\/modtag-sms-pa-din-computer\/","name":"2-veis SMS, motta SMS p\u00e5 datamaskinen og iPad. Bestill 2-veis-l\u00f8sningen!","isPartOf":{"@id":"https:\/\/suresms.com\/en\/#website"},"primaryImageOfPage":{"@id":"https:\/\/suresms.com\/dk\/funktioner\/modtag-sms-pa-din-computer\/#primaryimage"},"image":{"@id":"https:\/\/suresms.com\/dk\/funktioner\/modtag-sms-pa-din-computer\/#primaryimage"},"thumbnailUrl":"https:\/\/suresms.com\/wp-content\/uploads\/2014\/10\/2-vejs-virtuelle-400x150-pix.jpg","datePublished":"2014-10-12T08:47:57+00:00","dateModified":"2026-03-17T11:40:09+00:00","description":"Med 2-veis SMS kan du motta SMS p\u00e5 datamaskinen eller iPad. L\u00f8sningen fra SureSMS er den enkleste for kundene dine. N\u00e5r de mottar en SMS, kan de svare p\u00e5 den.","breadcrumb":{"@id":"https:\/\/suresms.com\/dk\/funktioner\/modtag-sms-pa-din-computer\/#breadcrumb"},"inLanguage":"nb-NO","potentialAction":[{"@type":"ReadAction","target":["https:\/\/suresms.com\/dk\/funktioner\/modtag-sms-pa-din-computer\/"]}]},{"@type":"ImageObject","inLanguage":"nb-NO","@id":"https:\/\/suresms.com\/dk\/funktioner\/modtag-sms-pa-din-computer\/#primaryimage","url":"https:\/\/suresms.com\/wp-content\/uploads\/2014\/10\/2-vejs-virtuelle-400x150-pix.jpg","contentUrl":"https:\/\/suresms.com\/wp-content\/uploads\/2014\/10\/2-vejs-virtuelle-400x150-pix.jpg"},{"@type":"BreadcrumbList","@id":"https:\/\/suresms.com\/dk\/funktioner\/modtag-sms-pa-din-computer\/#breadcrumb","itemListElement":[{"@type":"ListItem","position":1,"name":"Home","item":"https:\/\/suresms.com\/dk\/"},{"@type":"ListItem","position":2,"name":"Funktioner","item":"https:\/\/suresms.com\/dk\/funktioner\/"},{"@type":"ListItem","position":3,"name":"Modtag SMS p\u00e5 din computer"}]},{"@type":"WebSite","@id":"https:\/\/suresms.com\/en\/#website","url":"https:\/\/suresms.com\/en\/","name":"SureSMS","description":"Profesjonell SMS-gateway","publisher":{"@id":"https:\/\/suresms.com\/en\/#organization"},"potentialAction":[{"@type":"SearchAction","target":{"@type":"EntryPoint","urlTemplate":"https:\/\/suresms.com\/en\/?s={search_term_string}"},"query-input":{"@type":"PropertyValueSpecification","valueRequired":true,"valueName":"search_term_string"}}],"inLanguage":"nb-NO"},{"@type":"Organization","@id":"https:\/\/suresms.com\/en\/#organization","name":"SureSMS","url":"https:\/\/suresms.com\/en\/","logo":{"@type":"ImageObject","inLanguage":"nb-NO","@id":"https:\/\/suresms.com\/en\/#\/schema\/logo\/image\/","url":"https:\/\/suresms.com\/wp-content\/uploads\/2024\/11\/suresms-300x65-1.png","contentUrl":"https:\/\/suresms.com\/wp-content\/uploads\/2024\/11\/suresms-300x65-1.png","width":300,"height":65,"caption":"SureSMS"},"image":{"@id":"https:\/\/suresms.com\/en\/#\/schema\/logo\/image\/"},"sameAs":["https:\/\/www.facebook.com\/p\/SureSMS-100044607956149\/"]}]}},"_links":{"self":[{"href":"https:\/\/suresms.com\/nb\/wp-json\/wp\/v2\/pages\/449","targetHints":{"allow":["GET"]}}],"collection":[{"href":"https:\/\/suresms.com\/nb\/wp-json\/wp\/v2\/pages"}],"about":[{"href":"https:\/\/suresms.com\/nb\/wp-json\/wp\/v2\/types\/page"}],"author":[{"embeddable":true,"href":"https:\/\/suresms.com\/nb\/wp-json\/wp\/v2\/users\/1"}],"replies":[{"embeddable":true,"href":"https:\/\/suresms.com\/nb\/wp-json\/wp\/v2\/comments?post=449"}],"version-history":[{"count":10,"href":"https:\/\/suresms.com\/nb\/wp-json\/wp\/v2\/pages\/449\/revisions"}],"predecessor-version":[{"id":23849,"href":"https:\/\/suresms.com\/nb\/wp-json\/wp\/v2\/pages\/449\/revisions\/23849"}],"up":[{"embeddable":true,"href":"https:\/\/suresms.com\/nb\/wp-json\/wp\/v2\/pages\/958"}],"wp:attachment":[{"href":"https:\/\/suresms.com\/nb\/wp-json\/wp\/v2\/media?parent=449"}],"wp:term":[{"taxonomy":"category","embeddable":true,"href":"https:\/\/suresms.com\/nb\/wp-json\/wp\/v2\/categories?post=449"},{"taxonomy":"post_tag","embeddable":true,"href":"https:\/\/suresms.com\/nb\/wp-json\/wp\/v2\/tags?post=449"}],"curies":[{"name":"wp","href":"https:\/\/api.w.org\/{rel}","templated":true}]}}