{"id":3864,"date":"2016-11-10T12:31:52","date_gmt":"2016-11-10T10:31:52","guid":{"rendered":"https:\/\/www.suresms.com\/dk\/?page_id=3864"},"modified":"2025-01-16T08:23:24","modified_gmt":"2025-01-16T08:23:24","slug":"woocommerce-sms-loesning","status":"publish","type":"page","link":"https:\/\/suresms.com\/nb\/integrationer\/shop-systemer\/woocommerce-sms-loesning\/","title":{"rendered":"WooCommerce SMS-l\u00f8sning"},"content":{"rendered":"<!-- Flexy Breadcrumb -->\r\n\t\t\t<div class=\"fbc fbc-page\">\r\n\r\n\t\t\t\t<!-- Breadcrumb wrapper -->\r\n\t\t\t\t<div class=\"fbc-wrap\">\r\n\r\n\t\t\t\t\t<!-- Ordered list-->\r\n\t\t\t\t\t<ol class=\"fbc-items\" itemscope itemtype=\"https:\/\/schema.org\/BreadcrumbList\">\r\n\t\t\t\t\t\t            <li itemprop=\"itemListElement\" itemscope itemtype=\"https:\/\/schema.org\/ListItem\">\r\n                <span itemprop=\"name\">\r\n                    <!-- Home Link -->\r\n                    <a itemprop=\"item\" href=\"https:\/\/suresms.com\/nb\/\">\r\n                    \r\n                                                    <i class=\"fa fa-home\" aria-hidden=\"true\"><\/i>Hjem                    <\/a>\r\n                <\/span>\r\n                <meta itemprop=\"position\" content=\"1\" \/><!-- Meta Position-->\r\n             <\/li><li><span class=\"fbc-separator\">\/<\/span><\/li><li class=\"active\" itemprop=\"itemListElement\" itemscope itemtype=\"https:\/\/schema.org\/ListItem\"><span itemprop=\"name\" title=\"WooCommerce SMS-l\u00f8sning\">WooCommerce SMS-l\u00f8sning<\/span><meta itemprop=\"position\" content=\"2\" \/><\/li>\t\t\t\t\t<\/ol>\r\n\t\t\t\t\t<div class=\"clearfix\"><\/div>\r\n\t\t\t\t<\/div>\r\n\t\t\t<\/div>\r\n\t\t\t\n<p>&nbsp;<\/p>\n<p>&nbsp;<\/p>\n<h1>Send SMS fra WooCommerce - Plug'in fra Rommel.dk<\/h1>\n<p>I samarbeid med SureSMS har Rommel.dk laget en plugin for WooCommerce, slik at du kan holde kundene dine oppdatert med statusen p\u00e5 bestillingen deres via WooCommerce og SureSMS.<\/p>\n<p>Tillegget koster 450,-, og da betaler du bare for SMS som sendes gjennom Sure SMS-gatewayen.  Det er ikke noe abonnement. Se v\u00e5r<a href=\"https:\/\/suresms.com\/nb\/om-suresms\/priser-og-betaling\/\">\u00a0SMS Gateway-priser<\/a> Her.<\/p>\n<p>Plugin-en st\u00f8tter b\u00e5de maler og sending av SMS p\u00e5 flere spr\u00e5k. Den st\u00f8tter WPML og Polylang i WooCommerce.<\/p>\n<h2>F\u00e5 SMS om nye bestillinger<\/h2>\n<p>WooCommerce SMS-varsler st\u00f8tter ogs\u00e5 sending av SMS-meldinger til nettbutikkadministratoren n\u00e5r nye bestillinger mottas. P\u00e5 denne m\u00e5ten kan du alltid holde deg oppdatert p\u00e5 om det er ting som m\u00e5 tas h\u00e5nd om p\u00e5 lageret.<\/p>\n<h2>Hvordan komme i gang<\/h2>\n<p>For \u00e5 komme i gang, g\u00e5 til <a href=\"https:\/\/rommel.dk\/produkt\/woocommerce-sms-notifikationer\/\">Rommel.dk<\/a>\u00a0og laste ned selve plugin-modulen. Deretter m\u00e5 du opprette en testkonto her hos oss ved \u00e5 klikke p\u00e5 den gule \"Opprett gratis testkonto\"-knappen nedenfor. N\u00e5r du har satt opp alt, er det bare \u00e5 skrive til support@suresms.com og be om \u00e5 endre kontoen din fra testkonto til ekte konto.<\/p>\n<p>&nbsp;<\/p>\n<p>&nbsp;<\/p>\n\t\t<h3>Opprett en gratis pr\u00f8vekonto for SureSMS<\/h3>\n\t\t<p>Opprett en testkonto n\u00e5 og pr\u00f8v v\u00e5r Outlook-plugin. Du betaler ingen oppstartsavgift eller abonnement. Prisen per SMS er den samme uansett om du sender f\u00e5 eller mange meldinger.<\/p>\n<p>Akkurat n\u00e5 kan du imidlertid opprette en gratis pr\u00f8vekonto og f\u00e5 50 gratis SMS-meldinger n\u00e5r du registrerer deg. Da kan du teste produktet v\u00e5rt uten kostnad. Og selvf\u00f8lgelig er det ingen betingelser knyttet til testkontoen v\u00e5r.<\/p>\n\t\t\t<a href=\"https:\/\/suresms.com\/nb\/bestilling\/gratis-sms-testkonto\/\" target=\"_self\">\n\t\t\t\t\t\t\tOpprett gratis pr\u00f8vekonto\n\t\t\t\t\t<\/a>\n\t\t<h3>Last ned SureSMS Outlook Add-in versjon 1.4<\/h3>\n\t\t<p>Fra denne lenken kan du laste ned v\u00e5rt SureSMS SMS-tillegg direkte til datamaskinen din. Dette tillegget gj\u00f8r det raskt - og veldig, veldig enkelt - \u00e5 sende SMS fra Outlook.<\/p>\n<strong>Tillegget \/ v\u00e5r plugin fungerer for Outlook 2013 og 2016.<\/strong><br \/>\nDette fungerer uansett om du bruker Office 365 eller din egen Exchange-server.\n\t\t\t<a href=\"https:\/\/manual.suresms.com\/download\/Sms2Outlook.msi\" target=\"_self\">\n\t\t\t\t\t\t\tLast ned SMS Outlook Plugin\n\t\t\t\t\t<\/a>\n\t\t<h3><a href=\"https:\/\/suresms.com\/nb\/funksjoner\/motta-tekstmeldinger-paa-datamaskinen-din\/\" target=\"_self\">Motta SMS - Opprett en 2-veis l\u00f8sning<\/a><\/h3>\n\t\t\t\t<a href=\"https:\/\/suresms.com\/nb\/funksjoner\/motta-tekstmeldinger-paa-datamaskinen-din\/\" target=\"_self\" itemprop=\"url\">\n\t\t\t\t<img loading=\"lazy\" decoding=\"async\" src=\"https:\/\/suresms.com\/wp-content\/uploads\/2016\/06\/2-vejs-sms-outlook-callout.jpg\" alt=\"2-veis sms-utsiktsutrop\" itemprop=\"image\" height=\"300\" width=\"400\" title=\"2-veis sms-utsiktsutrop\" onerror=\"this.style.display='none'\"  \/>\n\t\t\t\t<\/a>\n<p>N\u00e5r du bruker v\u00e5r SMS Outlook-plugin, har du muligheten til \u00e5 lagre alle sendte SMS-er i en egen mappe. Da har du alltid et arkiv over hva som er sendt.<\/p>\n<p><strong>Med en betalt toveisl\u00f8sning kan du ogs\u00e5 motta SMS i Outlook,<\/strong> og dermed f\u00e5 en historikk over hele SMS-dialogen. Dette kan v\u00e6re en stor fordel hvis du er i en posisjon som krever arkivering.<\/p>\n<p>F\u00f8lg lenken og les mer om v\u00e5re 2-veis l\u00f8sninger: Her kan du ogs\u00e5 enkelt lage din egen 2-veis l\u00f8sning.<\/p>\n\t\t\t<a href=\"https:\/\/suresms.com\/nb\/funksjoner\/motta-tekstmeldinger-paa-datamaskinen-din\/\" target=\"_self\">\n\t\t\t\t\t\t\tG\u00e5 til 2-veis l\u00f8sninger\n\t\t\t\t\t<\/a>\n\t\t<h3><a href=\"https:\/\/suresms.com\/nb\/?page_id=449\" target=\"_self\">2-veis SMS - Nummeromr\u00e5der<\/a><\/h3>\n\t\t\t\t<a href=\"https:\/\/suresms.com\/nb\/?page_id=449\" target=\"_self\" itemprop=\"url\">\n\t\t\t\t<img loading=\"lazy\" decoding=\"async\" src=\"https:\/\/suresms.com\/wp-content\/uploads\/2016\/06\/Nummerserier-modtag-sms-Outlook-callout.jpg\" alt=\"Nummeromr\u00e5der mottar sms Outlook-oppringning\" itemprop=\"image\" height=\"300\" width=\"400\" title=\"Nummeromr\u00e5der mottar sms Outlook-oppringning\" onerror=\"this.style.display='none'\"  \/>\n\t\t\t\t<\/a>\n<p>Hvis du har mange ansatte i organisasjonen som har behov for \u00e5 kunne sende og motta SMS via Outlook, er v\u00e5r virtuelle nummerserie produktet for deg. Prisen varierer avhengig av volum. <a href=\"http:\/\/suresms.com\/nb\/?page_id=2260\">Kontakt SureSMS<\/a> For mer informasjon.<\/p>\n<ul>\n<li><strong>For mange spor (min. 10)<\/strong><\/li>\n<li><strong>Pris etter avtale<\/strong><\/li>\n<li><strong>Danske tall<\/strong><\/li>\n<li><strong>Ubegrenset mottak<\/strong><\/li>\n<li><strong>Gratis faktura<\/strong><\/li>\n<\/ul>\n\t\t\t<a href=\"https:\/\/suresms.com\/nb\/?page_id=449\" target=\"_self\">\n\t\t\t\t\t\t\tOm SureSMS Nummeromr\u00e5der\n\t\t\t\t\t<\/a>\n\t<h3><strong>Veiledning<\/strong><\/h3>\n<p>&nbsp;<\/p>\n<h4><strong>Det er enkelt \u00e5 installere v\u00e5rt tilleggsprogram for Outlook. Bare f\u00f8lg disse korte instruksjonene.<br \/>\nHvis du \u00f8nsker mer detaljert veiledning, <a href=\"http:\/\/manual.suresms.com\/plugins\/manual-send-sms-fra-outlook\/\">Se den fullstendige beskrivelsen p\u00e5 v\u00e5r Manualside<\/a>der vi har detaljerte beskrivelser og veiledninger for alle funksjonene v\u00e5re.<\/strong><\/h4>\n\t\t\t\t<img loading=\"lazy\" decoding=\"async\" src=\"https:\/\/suresms.com\/wp-content\/uploads\/2016\/06\/sms-Outlook-vejledning1.png\" alt=\"SMS Outlook-veiledning1\" itemprop=\"image\" height=\"393\" width=\"413\" title=\"SMS Outlook-veiledning1\" onerror=\"this.style.display='none'\"  \/>\n\t\t<h3>Installer SureSMS for Outlook<\/h3><ol>\n<li>Last ned v\u00e5r plugin via lenken \u00f8verst p\u00e5 denne siden.<\/li>\n<li>Installer programmet<\/li>\n<li>\u00c5pne Outlook. Du vil se et skjermbilde som det til venstre.<\/li>\n<li>Fyll ut p\u00e5loggingsinformasjonen.<\/li>\n<li>Hvis du ikke har en konto enn\u00e5, kan du skaffe deg en ved \u00e5 f\u00f8lge den bl\u00e5 lenken p\u00e5 p\u00e5loggingsskjermen.<\/li>\n<\/ol>\n\t\t\t\t<img loading=\"lazy\" decoding=\"async\" src=\"https:\/\/suresms.com\/wp-content\/uploads\/2016\/06\/sms-outlook-plugin-Add-in-vejledning.png\" alt=\"sms outlook plugin Add-in guide\" itemprop=\"image\" height=\"343\" width=\"378\" title=\"sms outlook plugin Add-in guide\" onerror=\"this.style.display='none'\"  \/>\n\t\t<h3>Send SMS fra Outlook<\/h3><p>N\u00e5r du har installert tillegget v\u00e5rt, vil du se en ny ikongruppe p\u00e5 h\u00f8yre side av menyen, som den du ser p\u00e5 bildet her.<\/p>\n<p>Deretter er det bare \u00e5 skrive inn nummeret, meldingen og trykke send.<\/p>\n<p>Du kan skrive +46 og deretter nummeret hvis du vil sende til for eksempel Sverige, men hvis du vil sende til Danmark, angir du bare landskoden p\u00e5 oppsettskjermbildet, s\u00e5 setter systemet landskoden selv.<\/p>\n\n\t\t<h3><a href=\"http:\/\/suresms.com\/nb\/dokumenter\/\" target=\"_self\">Bes\u00f8k nettstedet v\u00e5rt for h\u00e5ndboken<\/a><\/h3>\n\t\t\t\t<a href=\"http:\/\/suresms.com\/nb\/dokumenter\/\" target=\"_self\" itemprop=\"url\">\n\t\t\t\t<img loading=\"lazy\" decoding=\"async\" src=\"https:\/\/suresms.com\/wp-content\/uploads\/2016\/03\/Manual-400x250-px1.jpg\" alt=\"manuell nettside suresms\" itemprop=\"image\" height=\"250\" width=\"400\" title=\"Manuell 400x250 px\" onerror=\"this.style.display='none'\"  \/>\n\t\t\t\t<\/a>\n<p>For \u00e5 hjelpe kundene v\u00e5re har vi samlet alle instruksjoner og beskrivelser p\u00e5 suresms.com\/docs. Her kan du se hvordan gatewayen v\u00e5r fungerer og f\u00e5 enkle og brukervennlige instruksjoner for de mange funksjonene.<\/p>\n\t\t<h3><a href=\"http:\/\/developer.suresms.com\/\" target=\"_self\">utvikler.suresms.com<\/a><\/h3>\n\t\t\t\t<a href=\"http:\/\/developer.suresms.com\/\" target=\"_self\" itemprop=\"url\">\n\t\t\t\t<img loading=\"lazy\" decoding=\"async\" src=\"https:\/\/suresms.com\/wp-content\/uploads\/2016\/03\/developer-400x250-px.jpg\" alt=\"suresms-nettsted for utviklere\" itemprop=\"image\" height=\"250\" width=\"400\" title=\"utvikler 400x250 px\" onerror=\"this.style.display='none'\"  \/>\n\t\t\t\t<\/a>\nSureSMS er laget av utviklere for utviklere!<br \/>\nP\u00e5 developer.suresms.com har vi samlet dokumentasjon og kodeeksempler for \u00e5 gj\u00f8re det enkelt \u00e5 integrere gatewayen v\u00e5r i systemet ditt.\n\t\t<h3><a href=\"https:\/\/www.youtube.com\/channel\/UC1XGC5rl9mI9ndtBVn8yq7g\" target=\"_self\">Se instruksjonsvideoene v\u00e5re!<\/a><\/h3>\n\t\t\t\t<a href=\"https:\/\/www.youtube.com\/channel\/UC1XGC5rl9mI9ndtBVn8yq7g\" target=\"_self\" itemprop=\"url\">\n\t\t\t\t<img loading=\"lazy\" decoding=\"async\" src=\"https:\/\/suresms.com\/wp-content\/uploads\/2016\/03\/you-tube400x250px.jpg\" alt=\"suresms sms gateway you tube videoer\" itemprop=\"image\" height=\"250\" width=\"400\" title=\"you tube 400x250px\" onerror=\"this.style.display='none'\"  \/>\n\t\t\t\t<\/a>\n<p>Skal du komme i gang med en ny funksjon? Eller trenger du bare \u00e5 vite litt mer om hvordan gatewayen v\u00e5r fungerer? P\u00e5 Youtube har vi samlet instruksjonsvideoene v\u00e5re. Klar til \u00e5 sette i gang!<\/p>","protected":false},"excerpt":{"rendered":"<p>&nbsp; &nbsp; Send SMS fra WooCommerce - Plug'in fra Rommel.dk I samarbeid med SureSMS har Rommel.dk laget en plugin til WooCommerce, slik at du kan holde kundene dine oppdatert med status p\u00e5 bestillingen deres via WooCommerce og SureSMS. Tillegget koster 450,-, og da betaler du bare for SMS-er som sendes gjennom Sure SMS-gatewayen.  Det er ingen ... <a title=\"WooCommerce SMS-l\u00f8sning\" class=\"read-more\" href=\"https:\/\/suresms.com\/nb\/integrationer\/shop-systemer\/woocommerce-sms-loesning\/\" aria-label=\"Les mer om WooCommerce SMS-l\u00f8sning\">Les mer om dette<\/a><\/p>","protected":false},"author":1,"featured_media":0,"parent":15935,"menu_order":0,"comment_status":"closed","ping_status":"closed","template":"","meta":{"_fl_builder_enabled":"1","_fl_builder_data":null,"_fl_builder_draft":null,"_fl_builder_data_settings":null,"_fl_builder_css":"","_fl_builder_css_version":"","_fl_builder_js":"","footnotes":""},"categories":[],"tags":[],"class_list":["post-3864","page","type-page","status-publish"],"yoast_head":"<!-- This site is optimized with the Yoast SEO Premium plugin v27.3 (Yoast SEO v27.3) - https:\/\/yoast.com\/product\/yoast-seo-premium-wordpress\/ -->\r\n<title>WooCommerce SMS notifikationer - SMS fra din WooCommerce shop<\/title>\r\n<meta name=\"description\" content=\"WooCommerce SMS integration | SureSMS WooCommerce Plugin | Send SMS ved ordrestatus og f\u00e5 SMS n\u00e5r du f\u00e5r nye ordre. | Betal kun pr. SMS.\" \/>\r\n<meta name=\"robots\" content=\"index, follow, max-snippet:-1, max-image-preview:large, max-video-preview:-1\" \/>\r\n<link rel=\"canonical\" href=\"https:\/\/suresms.com\/nb\/integrasjoner\/butikksystemer\/woocommerce-sms-loesning\/\" \/>\r\n<meta property=\"og:locale\" content=\"nb_NO\" \/>\r\n<meta property=\"og:type\" content=\"article\" \/>\r\n<meta property=\"og:title\" content=\"Update - SMS til Outlook Plugin Version 1.4 - SureSMS\" \/>\r\n<meta property=\"og:description\" content=\"Update - GRATIS SMS Add-in til Outlook. Send SMS til kontakter &amp; grupper - Fuld dokumentation - Gratis testkonto. Flere afsender-ID muligheder. Modtag svar p\u00e5 mobil eller i Outlook med 2-vejs L\u00f8sning. NU op til 800 tegn i beskeden.\" \/>\r\n<meta property=\"og:url\" content=\"https:\/\/suresms.com\/nb\/integrasjoner\/butikksystemer\/woocommerce-sms-loesning\/\" \/>\r\n<meta property=\"article:publisher\" content=\"https:\/\/www.facebook.com\/p\/SureSMS-100044607956149\/\" \/>\r\n<meta property=\"article:modified_time\" content=\"2025-01-16T08:23:24+00:00\" \/>\r\n<meta property=\"og:image\" content=\"https:\/\/suresms.com\/wp-content\/uploads\/2016\/11\/WooCommerse-sms-plugin-facebook-snippet-1.jpg\" \/>\r\n\t<meta property=\"og:image:width\" content=\"1200\" \/>\r\n\t<meta property=\"og:image:height\" content=\"630\" \/>\r\n\t<meta property=\"og:image:type\" content=\"image\/jpeg\" \/>\r\n<meta name=\"twitter:card\" content=\"summary_large_image\" \/>\r\n<meta name=\"twitter:title\" content=\"WooCommerce SMS l\u00f8sning\" \/>\r\n<meta name=\"twitter:label1\" content=\"Ansl. lesetid\" \/>\n\t<meta name=\"twitter:data1\" content=\"4 minutter\" \/>\r\n<script type=\"application\/ld+json\" class=\"yoast-schema-graph\">{\"@context\":\"https:\\\/\\\/schema.org\",\"@graph\":[{\"@type\":\"WebPage\",\"@id\":\"https:\\\/\\\/suresms.com\\\/dk\\\/integrationer\\\/shop-systemer\\\/woocommerce-sms-loesning\\\/\",\"url\":\"https:\\\/\\\/suresms.com\\\/dk\\\/integrationer\\\/shop-systemer\\\/woocommerce-sms-loesning\\\/\",\"name\":\"WooCommerce SMS notifikationer - SMS fra din WooCommerce shop\",\"isPartOf\":{\"@id\":\"https:\\\/\\\/suresms.com\\\/en\\\/#website\"},\"primaryImageOfPage\":{\"@id\":\"https:\\\/\\\/suresms.com\\\/dk\\\/integrationer\\\/shop-systemer\\\/woocommerce-sms-loesning\\\/#primaryimage\"},\"image\":{\"@id\":\"https:\\\/\\\/suresms.com\\\/dk\\\/integrationer\\\/shop-systemer\\\/woocommerce-sms-loesning\\\/#primaryimage\"},\"thumbnailUrl\":\"https:\\\/\\\/suresms.com\\\/wp-content\\\/uploads\\\/2016\\\/06\\\/2-vejs-sms-outlook-callout.jpg\",\"datePublished\":\"2016-11-10T10:31:52+00:00\",\"dateModified\":\"2025-01-16T08:23:24+00:00\",\"description\":\"WooCommerce SMS integration | SureSMS WooCommerce Plugin | Send SMS ved ordrestatus og f\u00e5 SMS n\u00e5r du f\u00e5r nye ordre. | Betal kun pr. SMS.\",\"breadcrumb\":{\"@id\":\"https:\\\/\\\/suresms.com\\\/dk\\\/integrationer\\\/shop-systemer\\\/woocommerce-sms-loesning\\\/#breadcrumb\"},\"inLanguage\":\"nb-NO\",\"potentialAction\":[{\"@type\":\"ReadAction\",\"target\":[\"https:\\\/\\\/suresms.com\\\/dk\\\/integrationer\\\/shop-systemer\\\/woocommerce-sms-loesning\\\/\"]}]},{\"@type\":\"ImageObject\",\"inLanguage\":\"nb-NO\",\"@id\":\"https:\\\/\\\/suresms.com\\\/dk\\\/integrationer\\\/shop-systemer\\\/woocommerce-sms-loesning\\\/#primaryimage\",\"url\":\"https:\\\/\\\/suresms.com\\\/wp-content\\\/uploads\\\/2016\\\/06\\\/2-vejs-sms-outlook-callout.jpg\",\"contentUrl\":\"https:\\\/\\\/suresms.com\\\/wp-content\\\/uploads\\\/2016\\\/06\\\/2-vejs-sms-outlook-callout.jpg\"},{\"@type\":\"BreadcrumbList\",\"@id\":\"https:\\\/\\\/suresms.com\\\/dk\\\/integrationer\\\/shop-systemer\\\/woocommerce-sms-loesning\\\/#breadcrumb\",\"itemListElement\":[{\"@type\":\"ListItem\",\"position\":1,\"name\":\"Home\",\"item\":\"https:\\\/\\\/suresms.com\\\/dk\\\/\"},{\"@type\":\"ListItem\",\"position\":2,\"name\":\"Integrationer\",\"item\":\"https:\\\/\\\/suresms.com\\\/dk\\\/integrationer\\\/\"},{\"@type\":\"ListItem\",\"position\":3,\"name\":\"SMS integration til Shop systemer\",\"item\":\"https:\\\/\\\/suresms.com\\\/dk\\\/integrationer\\\/shop-systemer\\\/\"},{\"@type\":\"ListItem\",\"position\":4,\"name\":\"WooCommerce SMS l\u00f8sning\"}]},{\"@type\":\"WebSite\",\"@id\":\"https:\\\/\\\/suresms.com\\\/en\\\/#website\",\"url\":\"https:\\\/\\\/suresms.com\\\/en\\\/\",\"name\":\"SureSMS\",\"description\":\"Professionel SMS Gateway\",\"publisher\":{\"@id\":\"https:\\\/\\\/suresms.com\\\/en\\\/#organization\"},\"potentialAction\":[{\"@type\":\"SearchAction\",\"target\":{\"@type\":\"EntryPoint\",\"urlTemplate\":\"https:\\\/\\\/suresms.com\\\/en\\\/?s={search_term_string}\"},\"query-input\":{\"@type\":\"PropertyValueSpecification\",\"valueRequired\":true,\"valueName\":\"search_term_string\"}}],\"inLanguage\":\"nb-NO\"},{\"@type\":\"Organization\",\"@id\":\"https:\\\/\\\/suresms.com\\\/en\\\/#organization\",\"name\":\"SureSMS\",\"url\":\"https:\\\/\\\/suresms.com\\\/en\\\/\",\"logo\":{\"@type\":\"ImageObject\",\"inLanguage\":\"nb-NO\",\"@id\":\"https:\\\/\\\/suresms.com\\\/en\\\/#\\\/schema\\\/logo\\\/image\\\/\",\"url\":\"https:\\\/\\\/suresms.com\\\/wp-content\\\/uploads\\\/2024\\\/11\\\/suresms-300x65-1.png\",\"contentUrl\":\"https:\\\/\\\/suresms.com\\\/wp-content\\\/uploads\\\/2024\\\/11\\\/suresms-300x65-1.png\",\"width\":300,\"height\":65,\"caption\":\"SureSMS\"},\"image\":{\"@id\":\"https:\\\/\\\/suresms.com\\\/en\\\/#\\\/schema\\\/logo\\\/image\\\/\"},\"sameAs\":[\"https:\\\/\\\/www.facebook.com\\\/p\\\/SureSMS-100044607956149\\\/\"]}]}<\/script>\r\n<!-- \/ Yoast SEO Premium plugin. -->","yoast_head_json":{"title":"WooCommerce SMS-varsler - SMS fra WooCommerce-butikken din","description":"WooCommerce SMS-integrasjon | SureSMS WooCommerce Plugin | Send SMS p\u00e5 ordrestatus og f\u00e5 SMS n\u00e5r du f\u00e5r nye bestillinger. | Betal kun via SMS.","robots":{"index":"index","follow":"follow","max-snippet":"max-snippet:-1","max-image-preview":"max-image-preview:large","max-video-preview":"max-video-preview:-1"},"canonical":"https:\/\/suresms.com\/nb\/integrasjoner\/butikksystemer\/woocommerce-sms-loesning\/","og_locale":"nb_NO","og_type":"article","og_title":"Update - SMS til Outlook Plugin Version 1.4 - SureSMS","og_description":"Update - GRATIS SMS Add-in til Outlook. Send SMS til kontakter & grupper - Fuld dokumentation - Gratis testkonto. Flere afsender-ID muligheder. Modtag svar p\u00e5 mobil eller i Outlook med 2-vejs L\u00f8sning. NU op til 800 tegn i beskeden.","og_url":"https:\/\/suresms.com\/nb\/integrasjoner\/butikksystemer\/woocommerce-sms-loesning\/","article_publisher":"https:\/\/www.facebook.com\/p\/SureSMS-100044607956149\/","article_modified_time":"2025-01-16T08:23:24+00:00","og_image":[{"width":1200,"height":630,"url":"https:\/\/suresms.com\/wp-content\/uploads\/2016\/11\/WooCommerse-sms-plugin-facebook-snippet-1.jpg","type":"image\/jpeg"}],"twitter_card":"summary_large_image","twitter_title":"WooCommerce SMS l\u00f8sning","twitter_misc":{"Ansl. lesetid":"4 minutter"},"schema":{"@context":"https:\/\/schema.org","@graph":[{"@type":"WebPage","@id":"https:\/\/suresms.com\/dk\/integrationer\/shop-systemer\/woocommerce-sms-loesning\/","url":"https:\/\/suresms.com\/dk\/integrationer\/shop-systemer\/woocommerce-sms-loesning\/","name":"WooCommerce SMS-varsler - SMS fra WooCommerce-butikken din","isPartOf":{"@id":"https:\/\/suresms.com\/en\/#website"},"primaryImageOfPage":{"@id":"https:\/\/suresms.com\/dk\/integrationer\/shop-systemer\/woocommerce-sms-loesning\/#primaryimage"},"image":{"@id":"https:\/\/suresms.com\/dk\/integrationer\/shop-systemer\/woocommerce-sms-loesning\/#primaryimage"},"thumbnailUrl":"https:\/\/suresms.com\/wp-content\/uploads\/2016\/06\/2-vejs-sms-outlook-callout.jpg","datePublished":"2016-11-10T10:31:52+00:00","dateModified":"2025-01-16T08:23:24+00:00","description":"WooCommerce SMS-integrasjon | SureSMS WooCommerce Plugin | Send SMS p\u00e5 ordrestatus og f\u00e5 SMS n\u00e5r du f\u00e5r nye bestillinger. | Betal kun via SMS.","breadcrumb":{"@id":"https:\/\/suresms.com\/dk\/integrationer\/shop-systemer\/woocommerce-sms-loesning\/#breadcrumb"},"inLanguage":"nb-NO","potentialAction":[{"@type":"ReadAction","target":["https:\/\/suresms.com\/dk\/integrationer\/shop-systemer\/woocommerce-sms-loesning\/"]}]},{"@type":"ImageObject","inLanguage":"nb-NO","@id":"https:\/\/suresms.com\/dk\/integrationer\/shop-systemer\/woocommerce-sms-loesning\/#primaryimage","url":"https:\/\/suresms.com\/wp-content\/uploads\/2016\/06\/2-vejs-sms-outlook-callout.jpg","contentUrl":"https:\/\/suresms.com\/wp-content\/uploads\/2016\/06\/2-vejs-sms-outlook-callout.jpg"},{"@type":"BreadcrumbList","@id":"https:\/\/suresms.com\/dk\/integrationer\/shop-systemer\/woocommerce-sms-loesning\/#breadcrumb","itemListElement":[{"@type":"ListItem","position":1,"name":"Home","item":"https:\/\/suresms.com\/dk\/"},{"@type":"ListItem","position":2,"name":"Integrationer","item":"https:\/\/suresms.com\/dk\/integrationer\/"},{"@type":"ListItem","position":3,"name":"SMS integration til Shop systemer","item":"https:\/\/suresms.com\/dk\/integrationer\/shop-systemer\/"},{"@type":"ListItem","position":4,"name":"WooCommerce SMS l\u00f8sning"}]},{"@type":"WebSite","@id":"https:\/\/suresms.com\/en\/#website","url":"https:\/\/suresms.com\/en\/","name":"SureSMS","description":"Profesjonell SMS-gateway","publisher":{"@id":"https:\/\/suresms.com\/en\/#organization"},"potentialAction":[{"@type":"SearchAction","target":{"@type":"EntryPoint","urlTemplate":"https:\/\/suresms.com\/en\/?s={search_term_string}"},"query-input":{"@type":"PropertyValueSpecification","valueRequired":true,"valueName":"search_term_string"}}],"inLanguage":"nb-NO"},{"@type":"Organization","@id":"https:\/\/suresms.com\/en\/#organization","name":"SureSMS","url":"https:\/\/suresms.com\/en\/","logo":{"@type":"ImageObject","inLanguage":"nb-NO","@id":"https:\/\/suresms.com\/en\/#\/schema\/logo\/image\/","url":"https:\/\/suresms.com\/wp-content\/uploads\/2024\/11\/suresms-300x65-1.png","contentUrl":"https:\/\/suresms.com\/wp-content\/uploads\/2024\/11\/suresms-300x65-1.png","width":300,"height":65,"caption":"SureSMS"},"image":{"@id":"https:\/\/suresms.com\/en\/#\/schema\/logo\/image\/"},"sameAs":["https:\/\/www.facebook.com\/p\/SureSMS-100044607956149\/"]}]}},"_links":{"self":[{"href":"https:\/\/suresms.com\/nb\/wp-json\/wp\/v2\/pages\/3864","targetHints":{"allow":["GET"]}}],"collection":[{"href":"https:\/\/suresms.com\/nb\/wp-json\/wp\/v2\/pages"}],"about":[{"href":"https:\/\/suresms.com\/nb\/wp-json\/wp\/v2\/types\/page"}],"author":[{"embeddable":true,"href":"https:\/\/suresms.com\/nb\/wp-json\/wp\/v2\/users\/1"}],"replies":[{"embeddable":true,"href":"https:\/\/suresms.com\/nb\/wp-json\/wp\/v2\/comments?post=3864"}],"version-history":[{"count":7,"href":"https:\/\/suresms.com\/nb\/wp-json\/wp\/v2\/pages\/3864\/revisions"}],"predecessor-version":[{"id":21719,"href":"https:\/\/suresms.com\/nb\/wp-json\/wp\/v2\/pages\/3864\/revisions\/21719"}],"up":[{"embeddable":true,"href":"https:\/\/suresms.com\/nb\/wp-json\/wp\/v2\/pages\/15935"}],"wp:attachment":[{"href":"https:\/\/suresms.com\/nb\/wp-json\/wp\/v2\/media?parent=3864"}],"wp:term":[{"taxonomy":"category","embeddable":true,"href":"https:\/\/suresms.com\/nb\/wp-json\/wp\/v2\/categories?post=3864"},{"taxonomy":"post_tag","embeddable":true,"href":"https:\/\/suresms.com\/nb\/wp-json\/wp\/v2\/tags?post=3864"}],"curies":[{"name":"wp","href":"https:\/\/api.w.org\/{rel}","templated":true}]}}