{"id":3755,"date":"2016-10-18T13:01:26","date_gmt":"2016-10-18T11:01:26","guid":{"rendered":"https:\/\/www.suresms.com\/dk\/?page_id=3755"},"modified":"2025-01-04T23:57:58","modified_gmt":"2025-01-04T23:57:58","slug":"sms-loesning-for-felles-biblioteksystemer","status":"publish","type":"page","link":"https:\/\/suresms.com\/nb\/integrationer\/fagsystem-sms-integration\/sms-loesning-til-faelles-bibliotekssystem\/","title":{"rendered":"SMS-l\u00f8sning for FBS (Felles biblioteksystem)"},"content":{"rendered":"<!-- Flexy Breadcrumb -->\r\n\t\t\t<div class=\"fbc fbc-page\">\r\n\r\n\t\t\t\t<!-- Breadcrumb wrapper -->\r\n\t\t\t\t<div class=\"fbc-wrap\">\r\n\r\n\t\t\t\t\t<!-- Ordered list-->\r\n\t\t\t\t\t<ol class=\"fbc-items\" itemscope itemtype=\"https:\/\/schema.org\/BreadcrumbList\">\r\n\t\t\t\t\t\t            <li itemprop=\"itemListElement\" itemscope itemtype=\"https:\/\/schema.org\/ListItem\">\r\n                <span itemprop=\"name\">\r\n                    <!-- Home Link -->\r\n                    <a itemprop=\"item\" href=\"https:\/\/suresms.com\/nb\/\">\r\n                    \r\n                                                    <i class=\"fa fa-home\" aria-hidden=\"true\"><\/i>Hjem                    <\/a>\r\n                <\/span>\r\n                <meta itemprop=\"position\" content=\"1\" \/><!-- Meta Position-->\r\n             <\/li><li><span class=\"fbc-separator\">\/<\/span><\/li><li class=\"active\" itemprop=\"itemListElement\" itemscope itemtype=\"https:\/\/schema.org\/ListItem\"><span itemprop=\"name\" title=\"SMS-l\u00f8sning for FBS (Felles biblioteksystem)\">SMS-l\u00f8sning for FBS...<\/span><meta itemprop=\"position\" content=\"2\" \/><\/li>\t\t\t\t\t<\/ol>\r\n\t\t\t\t\t<div class=\"clearfix\"><\/div>\r\n\t\t\t\t<\/div>\r\n\t\t\t<\/div>\r\n\t\t\t\n<h1>\n\t\tNy SMS-l\u00f8sning for FBS\n\t<\/h1>\n<p>&nbsp;<\/p>\n<p><strong>Det nye felles biblioteksystemet Cicero (FBS), som er utviklet i samarbeid mellom Kombit og Systematic, rulles i disse dager ut til ca. 1 500 folkebibliotek og l\u00e6ringssentre rundt om i landet. SureSMS leverer en gjennomarbeidet SMS-l\u00f8sning, i beste kvalitet og fullt integrerbar med det nye systemet.<\/strong><\/p>\n\n<p>V\u00e5r SMS-l\u00f8sning oppfyller alle krav, standarder og funksjoner som Cicero stiller til en god SMS-gateway-leverand\u00f8r. Som ansvarlig bruker av systemet kan du v\u00e6re trygg p\u00e5 at alle funksjoner i Cicero fungerer med den l\u00f8sningen vi har utviklet.<\/p>\n<h3>Enkelt oppsett og premium kundest\u00f8tte<\/h3>\n<p>Takket v\u00e6re en omfattende veiledning er det enkelt \u00e5 sette opp eller endre Cicero til \u00e5 bruke v\u00e5r l\u00f8sning. Det tar mindre enn tre minutter \u00e5 sette opp systemet og teste at alt fungerer som det skal. Hvis du har sp\u00f8rsm\u00e5l underveis, kan du alltid kontakte v\u00e5re dyktige supportere og teknikere, som st\u00e5r klare til \u00e5 gi f\u00f8rsteklasses og gratis hjelp til alle kunder.<\/p>\n<h3>Sikkerhet og overv\u00e5king 24\/7<\/h3>\n<p>Hos SureSMS overv\u00e5ker vi serverne v\u00e5re og kontoen din 24 timer i d\u00f8gnet, hver dag, \u00e5ret rundt. S\u00e5 du kan v\u00e6re trygg p\u00e5 at vi leverer meldingene du sender. N\u00e5r noe g\u00e5r galt - det er teknologi, s\u00e5 av og til g\u00e5r noe galt - oppdager vi det og tar tak i det umiddelbart.<\/p>\n<p>Vi tilbyr full rapportering p\u00e5 foresp\u00f8rsel. Du kan velge \u00e5 motta en daglig rapport over ALLE meldinger som er sendt, eller du kan velge \u00e5 kun motta en rapport over mislykkede meldinger.<\/p>\n<h3>Valgfri gruppe-SMS med mulighet for p\u00e5melding<\/h3>\n<p>V\u00e5r SMS Gateway st\u00f8tter ogs\u00e5 mange ulike konsern-SMS-funksjoner som vi tidligere har solgt til biblioteker og andre kommunale institusjoner og tjenester. Ved hjelp av disse kan innbyggere og brukere melde seg p\u00e5\/av lister via SMS eller nettsider. Dette kan brukes til \u00e5 melde seg p\u00e5 arrangementer og kurs, eller til \u00e5 sende ut tilbud\/nyheter til spesifikke grupper av bibliotekbrukere. Disse funksjonene ligger utenfor Cicero, men er ganske enkle \u00e5 integrere i den daglige driften. <a href=\"https:\/\/suresms.com\/nb\/kontakt\/\">Kontakt oss for mer informasjon.\u00a0<\/a><\/p>\n<h3>Skarp pris - Enkel prispolitikk<\/h3>\n<p>Hos SureSMS har vi ingen oppstartsavgifter, og du betaler ikke noe abonnement for SMS-l\u00f8sningen for Cicero. Du betaler KUN per melding som sendes.<\/p>\n<p><strong>Vi kj\u00f8rer for tiden en FBS-kampanje der du f\u00e5r SMSene for 13 \u00f8re stykket hvis du melder deg p\u00e5 i kalender\u00e5ret 2020. <\/strong>Registrer deg fra denne siden, eller kontakt oss for mer informasjon eller for \u00e5 registrere deg p\u00e5 tlf: +45 50 322 322 eller e-post: support@suresms.com.<\/p>\n<p>&nbsp;<\/p>\n<p>&nbsp;<\/p>\n\t\t<h4>Settes opp p\u00e5 3 minutter!<\/h4>\n\t\t<p>Last ned en PDF-fil med installasjonsinstruksjoner her. F\u00f8lg de fire enkle trinnene, s\u00e5 er du i gang med SMS i Cicero.<\/p>\n\t\t\t<a href=\"https:\/\/l.facebook.com\/l.php?u=https%3A%2F%2Fwww.suresms.com%2Fdk%2Fwp-content%2Fuploads%2F2016%2F10%2FOpsaetning-af-Cicero-FBS.pdf&#038;h=6AQEfFVRd\" target=\"_self\">\n\t\t\t\t\t\t\tLast ned veiledningen\n\t\t\t\t\t<\/a>\n\t\t<h4>Opprett en gratis pr\u00f8vekonto<\/h4>\n\t\t<p>Du trenger en SureSMS-konto for \u00e5 teste Cicero-installasjonen din. Den er enkel \u00e5 opprette og helt gratis. Du f\u00e5r 50 SMS-meldinger for testen.<\/p>\n\t\t\t<a href=\"https:\/\/suresms.com\/nb\/gratis-sms-testkonto\/\" target=\"_self\">\n\t\t\t\t\t\t\tOpprett pr\u00f8vekonto\n\t\t\t\t\t<\/a>\n\t\t\t<p><a href=\"http:\/\/www.rodskovforsamlingshus.dk\/\"><img loading=\"lazy\" decoding=\"async\" src=\"https:\/\/suresms.com\/wp-content\/uploads\/2015\/02\/REB-Rodskov1.jpg\" alt=\"REB Rodskov\" width=\"172\" height=\"87\" \/><\/a><\/p>\n<p>&nbsp;<\/p>\n<p><em>\"Jeg fikk dere anbefalt av en kollega som ogs\u00e5 bruker l\u00f8sningen deres.\u00a0<\/em><\/p>\n<p>&nbsp;<\/p>\n<p><em>Jeg har unders\u00f8kt og testet en rekke andre SMS-l\u00f8sninger, og din er uten tvil den mest fleksible og raske - og til en rimelig pris. <\/em><\/p>\n<p>&nbsp;<\/p>\n<p><em>TUSEN TAKK for et utmerket produkt! Det gj\u00f8r akkurat det jeg trenger det til - Flott!\"<\/em><\/p>\n<p>&nbsp;<\/p>\n<p><strong>Michel Gorm, sekret\u00e6r<\/strong><\/p>\n<p>&nbsp;<\/p>\n<p><strong>Rodskov Community Centre<\/strong><\/p>\n<p>&nbsp;<\/p>","protected":false},"excerpt":{"rendered":"<p>Ny SMS-l\u00f8sning for FBS Det nye Cicero Felles Biblioteksystem (FBS), som er utviklet i samarbeid mellom Kombit og Systematic, rulles i disse dager ut til ca. 1500 folkebibliotek og l\u00e6ringssentre rundt om i landet. SureSMS leverer en gjennomarbeidet SMS-l\u00f8sning av beste kvalitet, som er fullt integrerbar med det nye systemet. V\u00e5r SMS-l\u00f8sning oppfyller alle krav, standarder og ... <a title=\"SMS-l\u00f8sning for FBS (Felles biblioteksystem)\" class=\"read-more\" href=\"https:\/\/suresms.com\/nb\/integrationer\/fagsystem-sms-integration\/sms-loesning-til-faelles-bibliotekssystem\/\" aria-label=\"Les mer om SMS-l\u00f8sning for FBS (Felles biblioteksystem)\">Les mer om dette<\/a><\/p>","protected":false},"author":1,"featured_media":0,"parent":18069,"menu_order":0,"comment_status":"closed","ping_status":"closed","template":"","meta":{"_fl_builder_enabled":"1","_fl_builder_data":null,"_fl_builder_draft":null,"_fl_builder_data_settings":null,"_fl_builder_css":"","_fl_builder_css_version":"","_fl_builder_js":"","footnotes":""},"categories":[],"tags":[],"class_list":["post-3755","page","type-page","status-publish"],"yoast_head":"<!-- This site is optimized with the Yoast SEO Premium plugin v27.3 (Yoast SEO v27.3) - https:\/\/yoast.com\/product\/yoast-seo-premium-wordpress\/ -->\r\n<title>Fbs \u2192 Nem oprettelse og hurtige resultater med dette system<\/title>\r\n<meta name=\"description\" content=\"Find et nemt online system med SMS services og f\u00e5 hurtigt kontakt til dine kunder. Ny og effektiv SMS l\u00f8sning til fbs.\" \/>\r\n<meta name=\"robots\" content=\"index, follow, max-snippet:-1, max-image-preview:large, max-video-preview:-1\" \/>\r\n<link rel=\"canonical\" href=\"https:\/\/suresms.com\/nb\/integrasjoner\/cms-innholdshaandteringssystem-sms-integrasjon-2\/sms-loesning-for-felles-biblioteksystemer\/\" \/>\r\n<meta property=\"og:locale\" content=\"nb_NO\" \/>\r\n<meta property=\"og:type\" content=\"article\" \/>\r\n<meta property=\"og:title\" content=\"SMS L\u00f8sning til F\u00e6lles Bibliotekssystem (FBS) Cicero\" \/>\r\n<meta property=\"og:description\" content=\"Lige nu udrulles Cicero (FBS) p\u00e5 folkebiblioteker og p\u00e6dagogiske l\u00e6ringscentre rundt omkring i landet. SureSMS leverer en kvalitets SMS l\u00f8sning fuldt integrerbar med det nye system. Nem ops\u00e6tning, gratis oprettelse og intet abonnement. 14 \u00f8re pr. SMS.\" \/>\r\n<meta property=\"og:url\" content=\"https:\/\/suresms.com\/nb\/integrasjoner\/cms-innholdshaandteringssystem-sms-integrasjon-2\/sms-loesning-for-felles-biblioteksystemer\/\" \/>\r\n<meta property=\"article:publisher\" content=\"https:\/\/www.facebook.com\/p\/SureSMS-100044607956149\/\" \/>\r\n<meta property=\"article:modified_time\" content=\"2025-01-04T23:57:58+00:00\" \/>\r\n<meta property=\"og:image\" content=\"https:\/\/suresms.com\/wp-content\/uploads\/2016\/10\/SMS-Loesning-til-FBS-1.jpg\" \/>\r\n\t<meta property=\"og:image:width\" content=\"1200\" \/>\r\n\t<meta property=\"og:image:height\" content=\"600\" \/>\r\n\t<meta property=\"og:image:type\" content=\"image\/jpeg\" \/>\r\n<meta name=\"twitter:card\" content=\"summary_large_image\" \/>\r\n<meta name=\"twitter:title\" content=\"SMS l\u00f8sning til FBS (F\u00e6lles Bibliotekssystem)\" \/>\r\n<meta name=\"twitter:label1\" content=\"Ansl. lesetid\" \/>\n\t<meta name=\"twitter:data1\" content=\"5 minutter\" \/>\r\n<script type=\"application\/ld+json\" class=\"yoast-schema-graph\">{\"@context\":\"https:\\\/\\\/schema.org\",\"@graph\":[{\"@type\":\"WebPage\",\"@id\":\"https:\\\/\\\/suresms.com\\\/dk\\\/integrationer\\\/fagsystem-sms-integration\\\/sms-loesning-til-faelles-bibliotekssystem\\\/\",\"url\":\"https:\\\/\\\/suresms.com\\\/dk\\\/integrationer\\\/fagsystem-sms-integration\\\/sms-loesning-til-faelles-bibliotekssystem\\\/\",\"name\":\"Fbs \u2192 Nem oprettelse og hurtige resultater med dette system\",\"isPartOf\":{\"@id\":\"https:\\\/\\\/suresms.com\\\/en\\\/#website\"},\"primaryImageOfPage\":{\"@id\":\"https:\\\/\\\/suresms.com\\\/dk\\\/integrationer\\\/fagsystem-sms-integration\\\/sms-loesning-til-faelles-bibliotekssystem\\\/#primaryimage\"},\"image\":{\"@id\":\"https:\\\/\\\/suresms.com\\\/dk\\\/integrationer\\\/fagsystem-sms-integration\\\/sms-loesning-til-faelles-bibliotekssystem\\\/#primaryimage\"},\"thumbnailUrl\":\"https:\\\/\\\/suresms.com\\\/wp-content\\\/uploads\\\/2015\\\/02\\\/REB-Rodskov1.jpg\",\"datePublished\":\"2016-10-18T11:01:26+00:00\",\"dateModified\":\"2025-01-04T23:57:58+00:00\",\"description\":\"Find et nemt online system med SMS services og f\u00e5 hurtigt kontakt til dine kunder. Ny og effektiv SMS l\u00f8sning til fbs.\",\"breadcrumb\":{\"@id\":\"https:\\\/\\\/suresms.com\\\/dk\\\/integrationer\\\/fagsystem-sms-integration\\\/sms-loesning-til-faelles-bibliotekssystem\\\/#breadcrumb\"},\"inLanguage\":\"nb-NO\",\"potentialAction\":[{\"@type\":\"ReadAction\",\"target\":[\"https:\\\/\\\/suresms.com\\\/dk\\\/integrationer\\\/fagsystem-sms-integration\\\/sms-loesning-til-faelles-bibliotekssystem\\\/\"]}]},{\"@type\":\"ImageObject\",\"inLanguage\":\"nb-NO\",\"@id\":\"https:\\\/\\\/suresms.com\\\/dk\\\/integrationer\\\/fagsystem-sms-integration\\\/sms-loesning-til-faelles-bibliotekssystem\\\/#primaryimage\",\"url\":\"https:\\\/\\\/suresms.com\\\/wp-content\\\/uploads\\\/2015\\\/02\\\/REB-Rodskov1.jpg\",\"contentUrl\":\"https:\\\/\\\/suresms.com\\\/wp-content\\\/uploads\\\/2015\\\/02\\\/REB-Rodskov1.jpg\"},{\"@type\":\"BreadcrumbList\",\"@id\":\"https:\\\/\\\/suresms.com\\\/dk\\\/integrationer\\\/fagsystem-sms-integration\\\/sms-loesning-til-faelles-bibliotekssystem\\\/#breadcrumb\",\"itemListElement\":[{\"@type\":\"ListItem\",\"position\":1,\"name\":\"Home\",\"item\":\"https:\\\/\\\/suresms.com\\\/dk\\\/\"},{\"@type\":\"ListItem\",\"position\":2,\"name\":\"Integrationer\",\"item\":\"https:\\\/\\\/suresms.com\\\/dk\\\/integrationer\\\/\"},{\"@type\":\"ListItem\",\"position\":3,\"name\":\"SMS integration til fagsystemer\",\"item\":\"https:\\\/\\\/suresms.com\\\/dk\\\/integrationer\\\/fagsystem-sms-integration\\\/\"},{\"@type\":\"ListItem\",\"position\":4,\"name\":\"SMS l\u00f8sning til FBS (F\u00e6lles Bibliotekssystem)\"}]},{\"@type\":\"WebSite\",\"@id\":\"https:\\\/\\\/suresms.com\\\/en\\\/#website\",\"url\":\"https:\\\/\\\/suresms.com\\\/en\\\/\",\"name\":\"SureSMS\",\"description\":\"Professionel SMS Gateway\",\"publisher\":{\"@id\":\"https:\\\/\\\/suresms.com\\\/en\\\/#organization\"},\"potentialAction\":[{\"@type\":\"SearchAction\",\"target\":{\"@type\":\"EntryPoint\",\"urlTemplate\":\"https:\\\/\\\/suresms.com\\\/en\\\/?s={search_term_string}\"},\"query-input\":{\"@type\":\"PropertyValueSpecification\",\"valueRequired\":true,\"valueName\":\"search_term_string\"}}],\"inLanguage\":\"nb-NO\"},{\"@type\":\"Organization\",\"@id\":\"https:\\\/\\\/suresms.com\\\/en\\\/#organization\",\"name\":\"SureSMS\",\"url\":\"https:\\\/\\\/suresms.com\\\/en\\\/\",\"logo\":{\"@type\":\"ImageObject\",\"inLanguage\":\"nb-NO\",\"@id\":\"https:\\\/\\\/suresms.com\\\/en\\\/#\\\/schema\\\/logo\\\/image\\\/\",\"url\":\"https:\\\/\\\/suresms.com\\\/wp-content\\\/uploads\\\/2024\\\/11\\\/suresms-300x65-1.png\",\"contentUrl\":\"https:\\\/\\\/suresms.com\\\/wp-content\\\/uploads\\\/2024\\\/11\\\/suresms-300x65-1.png\",\"width\":300,\"height\":65,\"caption\":\"SureSMS\"},\"image\":{\"@id\":\"https:\\\/\\\/suresms.com\\\/en\\\/#\\\/schema\\\/logo\\\/image\\\/\"},\"sameAs\":[\"https:\\\/\\\/www.facebook.com\\\/p\\\/SureSMS-100044607956149\\\/\"]}]}<\/script>\r\n<!-- \/ Yoast SEO Premium plugin. -->","yoast_head_json":{"title":"Fbs \u2192 Enkel oppretting og raske resultater med dette systemet","description":"Finn et enkelt online-system med SMS-tjenester og kom raskt i kontakt med kundene dine. Ny og effektiv SMS-l\u00f8sning for fbs.","robots":{"index":"index","follow":"follow","max-snippet":"max-snippet:-1","max-image-preview":"max-image-preview:large","max-video-preview":"max-video-preview:-1"},"canonical":"https:\/\/suresms.com\/nb\/integrasjoner\/cms-innholdshaandteringssystem-sms-integrasjon-2\/sms-loesning-for-felles-biblioteksystemer\/","og_locale":"nb_NO","og_type":"article","og_title":"SMS L\u00f8sning til F\u00e6lles Bibliotekssystem (FBS) Cicero","og_description":"Lige nu udrulles Cicero (FBS) p\u00e5 folkebiblioteker og p\u00e6dagogiske l\u00e6ringscentre rundt omkring i landet. SureSMS leverer en kvalitets SMS l\u00f8sning fuldt integrerbar med det nye system. Nem ops\u00e6tning, gratis oprettelse og intet abonnement. 14 \u00f8re pr. SMS.","og_url":"https:\/\/suresms.com\/nb\/integrasjoner\/cms-innholdshaandteringssystem-sms-integrasjon-2\/sms-loesning-for-felles-biblioteksystemer\/","article_publisher":"https:\/\/www.facebook.com\/p\/SureSMS-100044607956149\/","article_modified_time":"2025-01-04T23:57:58+00:00","og_image":[{"width":1200,"height":600,"url":"https:\/\/suresms.com\/wp-content\/uploads\/2016\/10\/SMS-Loesning-til-FBS-1.jpg","type":"image\/jpeg"}],"twitter_card":"summary_large_image","twitter_title":"SMS l\u00f8sning til FBS (F\u00e6lles Bibliotekssystem)","twitter_misc":{"Ansl. lesetid":"5 minutter"},"schema":{"@context":"https:\/\/schema.org","@graph":[{"@type":"WebPage","@id":"https:\/\/suresms.com\/dk\/integrationer\/fagsystem-sms-integration\/sms-loesning-til-faelles-bibliotekssystem\/","url":"https:\/\/suresms.com\/dk\/integrationer\/fagsystem-sms-integration\/sms-loesning-til-faelles-bibliotekssystem\/","name":"Fbs \u2192 Enkel oppretting og raske resultater med dette systemet","isPartOf":{"@id":"https:\/\/suresms.com\/en\/#website"},"primaryImageOfPage":{"@id":"https:\/\/suresms.com\/dk\/integrationer\/fagsystem-sms-integration\/sms-loesning-til-faelles-bibliotekssystem\/#primaryimage"},"image":{"@id":"https:\/\/suresms.com\/dk\/integrationer\/fagsystem-sms-integration\/sms-loesning-til-faelles-bibliotekssystem\/#primaryimage"},"thumbnailUrl":"https:\/\/suresms.com\/wp-content\/uploads\/2015\/02\/REB-Rodskov1.jpg","datePublished":"2016-10-18T11:01:26+00:00","dateModified":"2025-01-04T23:57:58+00:00","description":"Finn et enkelt online-system med SMS-tjenester og kom raskt i kontakt med kundene dine. Ny og effektiv SMS-l\u00f8sning for fbs.","breadcrumb":{"@id":"https:\/\/suresms.com\/dk\/integrationer\/fagsystem-sms-integration\/sms-loesning-til-faelles-bibliotekssystem\/#breadcrumb"},"inLanguage":"nb-NO","potentialAction":[{"@type":"ReadAction","target":["https:\/\/suresms.com\/dk\/integrationer\/fagsystem-sms-integration\/sms-loesning-til-faelles-bibliotekssystem\/"]}]},{"@type":"ImageObject","inLanguage":"nb-NO","@id":"https:\/\/suresms.com\/dk\/integrationer\/fagsystem-sms-integration\/sms-loesning-til-faelles-bibliotekssystem\/#primaryimage","url":"https:\/\/suresms.com\/wp-content\/uploads\/2015\/02\/REB-Rodskov1.jpg","contentUrl":"https:\/\/suresms.com\/wp-content\/uploads\/2015\/02\/REB-Rodskov1.jpg"},{"@type":"BreadcrumbList","@id":"https:\/\/suresms.com\/dk\/integrationer\/fagsystem-sms-integration\/sms-loesning-til-faelles-bibliotekssystem\/#breadcrumb","itemListElement":[{"@type":"ListItem","position":1,"name":"Home","item":"https:\/\/suresms.com\/dk\/"},{"@type":"ListItem","position":2,"name":"Integrationer","item":"https:\/\/suresms.com\/dk\/integrationer\/"},{"@type":"ListItem","position":3,"name":"SMS integration til fagsystemer","item":"https:\/\/suresms.com\/dk\/integrationer\/fagsystem-sms-integration\/"},{"@type":"ListItem","position":4,"name":"SMS l\u00f8sning til FBS (F\u00e6lles Bibliotekssystem)"}]},{"@type":"WebSite","@id":"https:\/\/suresms.com\/en\/#website","url":"https:\/\/suresms.com\/en\/","name":"SureSMS","description":"Profesjonell SMS-gateway","publisher":{"@id":"https:\/\/suresms.com\/en\/#organization"},"potentialAction":[{"@type":"SearchAction","target":{"@type":"EntryPoint","urlTemplate":"https:\/\/suresms.com\/en\/?s={search_term_string}"},"query-input":{"@type":"PropertyValueSpecification","valueRequired":true,"valueName":"search_term_string"}}],"inLanguage":"nb-NO"},{"@type":"Organization","@id":"https:\/\/suresms.com\/en\/#organization","name":"SureSMS","url":"https:\/\/suresms.com\/en\/","logo":{"@type":"ImageObject","inLanguage":"nb-NO","@id":"https:\/\/suresms.com\/en\/#\/schema\/logo\/image\/","url":"https:\/\/suresms.com\/wp-content\/uploads\/2024\/11\/suresms-300x65-1.png","contentUrl":"https:\/\/suresms.com\/wp-content\/uploads\/2024\/11\/suresms-300x65-1.png","width":300,"height":65,"caption":"SureSMS"},"image":{"@id":"https:\/\/suresms.com\/en\/#\/schema\/logo\/image\/"},"sameAs":["https:\/\/www.facebook.com\/p\/SureSMS-100044607956149\/"]}]}},"_links":{"self":[{"href":"https:\/\/suresms.com\/nb\/wp-json\/wp\/v2\/pages\/3755","targetHints":{"allow":["GET"]}}],"collection":[{"href":"https:\/\/suresms.com\/nb\/wp-json\/wp\/v2\/pages"}],"about":[{"href":"https:\/\/suresms.com\/nb\/wp-json\/wp\/v2\/types\/page"}],"author":[{"embeddable":true,"href":"https:\/\/suresms.com\/nb\/wp-json\/wp\/v2\/users\/1"}],"replies":[{"embeddable":true,"href":"https:\/\/suresms.com\/nb\/wp-json\/wp\/v2\/comments?post=3755"}],"version-history":[{"count":6,"href":"https:\/\/suresms.com\/nb\/wp-json\/wp\/v2\/pages\/3755\/revisions"}],"predecessor-version":[{"id":21033,"href":"https:\/\/suresms.com\/nb\/wp-json\/wp\/v2\/pages\/3755\/revisions\/21033"}],"up":[{"embeddable":true,"href":"https:\/\/suresms.com\/nb\/wp-json\/wp\/v2\/pages\/18069"}],"wp:attachment":[{"href":"https:\/\/suresms.com\/nb\/wp-json\/wp\/v2\/media?parent=3755"}],"wp:term":[{"taxonomy":"category","embeddable":true,"href":"https:\/\/suresms.com\/nb\/wp-json\/wp\/v2\/categories?post=3755"},{"taxonomy":"post_tag","embeddable":true,"href":"https:\/\/suresms.com\/nb\/wp-json\/wp\/v2\/tags?post=3755"}],"curies":[{"name":"wp","href":"https:\/\/api.w.org\/{rel}","templated":true}]}}