{"id":333,"date":"2014-09-03T11:24:20","date_gmt":"2014-09-03T09:24:20","guid":{"rendered":"http:\/\/da.suresms.com\/?page_id=333"},"modified":"2026-04-02T18:24:03","modified_gmt":"2026-04-02T18:24:03","slug":"priser-paa-sms-gateway","status":"publish","type":"page","link":"https:\/\/suresms.com\/nb\/om-suresms\/sms-gateway-priser\/","title":{"rendered":"Priser p\u00e5 SMS-gateway"},"content":{"rendered":"<h1>SMS Gateway priser!<\/h1>\n\t\t\t\t\t<h2>SMS-gateway<\/h2> 0,- per m\u00e5ned<ul role=\"list\"><li role=\"listitem\">31 \u00f8re per SMS (eks. mva.)<\/li><li role=\"listitem\">Gratis opprettelse<\/li><li role=\"listitem\">0,- kr i abonnement<\/li><li role=\"listitem\">Ingen binding<\/li><li role=\"listitem\">Gratis fakturering<\/li><li role=\"listitem\">HLR-plakater til 2 \u00f8re stykket.<\/li><\/ul>\n\t\t\t<a href=\"https:\/\/suresms.com\/nb\/opprette-sms-gateway-konto\/\"  target=\"_self\">\n\t\t\t\t\t\tOpprett konto\n\t\t\t\t\t<\/a>\n\t\t\t\t\t<h2>2-veis VLN-nummer<\/h2> 99,- per m\u00e5ned<ul role=\"list\"><li role=\"listitem\">31 \u00f8re per SMS (eks. mva.)<\/li><li role=\"listitem\">Gratis opprettelse<\/li><li role=\"listitem\">99,- i abonnement<\/li><li role=\"listitem\">6 m\u00e5neders forpliktelse<\/li><li role=\"listitem\">Gratis fakturering<\/li><li role=\"listitem\">Motta SMS gratis<\/li><\/ul>\n\t\t\t<a href=\"https:\/\/suresms.com\/nb\/bestill-2-veis-lossing\/\"  target=\"_self\">\n\t\t\t\t\t\tKj\u00f8p VLN-nummer\n\t\t\t\t\t<\/a>\n\t\t\t\t\t<h2>2-veis - Hosted SIM <\/h2> 199,- per m\u00e5ned<ul role=\"list\"><li role=\"listitem\">31 \u00f8re per SMS (eks. mva.)<\/li><li role=\"listitem\">Gratis opprettelse<\/li><li role=\"listitem\">199,- i abonnement<\/li><li role=\"listitem\">6 m\u00e5neders forpliktelse<\/li><li role=\"listitem\">Gratis fakturering<\/li><li role=\"listitem\">Motta SMS gratis<\/li><\/ul>\n\t\t\t<a href=\"https:\/\/suresms.com\/nb\/bestill-2-veis-lossing\/\"  target=\"_self\">\n\t\t\t\t\t\tKj\u00f8p Hosted SIM\n\t\t\t\t\t<\/a>\n\t\t\t\t\t<h2>2-veis nummerserie<\/h2> maks. 49,- per m\u00e5ned<ul role=\"list\"><li role=\"listitem\">Kontakt oss for priser<\/li><li role=\"listitem\">Gratis opprettelse<\/li><li role=\"listitem\">maks 49,- avhengig av volum <\/li><li role=\"listitem\">6 m\u00e5neders forpliktelse<\/li><li role=\"listitem\">Gratis fakturering<\/li><li role=\"listitem\">p\u00e5 min. 10 tall<\/li><\/ul>\n\t\t\t<a href=\"https:\/\/suresms.com\/nb\/kontakt\/\"  target=\"_self\">\n\t\t\t\t\t\tKontakt oss \n\t\t\t\t\t<\/a>\n\t<p><strong>Prisen p\u00e5 en SMS er den samme, og du betaler for hver SMS du sender, selv om mottakerens telefon er sl\u00e5tt av, utenfor dekning eller nummeret ikke blir funnet!<\/strong><\/p>\n<p><strong>Med hosted SIM betaler du IKKE for utg\u00e5ende tekstmeldinger til telefonselskapet ditt, selv om vi har SIM-kortet ditt i telefonen din. Du trenger bare \u00e5 betale oss, og det er 28 \u00f8re per SMS. Alle de fire danske teleselskapene skriver i sine vilk\u00e5r og betingelser at du IKKE har lov til \u00e5 sende s\u00e5kalte \"maskingenererte\" SMS-er med SIM-kortet ditt. Derfor vil det v\u00e6re et brudd p\u00e5 teleselskapenes vilk\u00e5r og betingelser hvis SMS Gateways sender SMS-meldinger via SIM-kortet. Vi leverer derfor SMS-meldingen gjennom v\u00e5r direkte forbindelse til teleselskapet, men mottar svaret p\u00e5 SIM-kortet.<\/strong><\/p>\n\t<h3>Om v\u00e5re 2-veis l\u00f8sninger<\/h3>\n<p>Du trenger en toveisl\u00f8sning hvis du \u00f8nsker \u00e5 f\u00e5 svar tilbake p\u00e5 SMS-meldingene dine. For eksempel kunder som kan svare p\u00e5 sp\u00f8rsm\u00e5l, eller ved bruk av maskingenererte SMS-meldinger, f.eks. i forbindelse med overv\u00e5king. En 2-veis l\u00f8sning er IKKE en del av v\u00e5r gratis SMS-gateway.<\/p>\n<p>SMS-ene du mottar er en del av abonnementet (gratis), og det er ingen etableringsavgift. 2-veis-l\u00f8sningen har en bindingstid p\u00e5 6 m\u00e5neder og kan deretter sies opp med 1 m\u00e5neds varsel. Prisen er fortsatt den samme per SMS du sender.\u00a0<a title=\"2-veis SMS, motta SMS p\u00e5 datamaskinen din\" href=\"https:\/\/suresms.com\/nb\/funksjoner\/motta-tekstmeldinger-paa-datamaskinen-din\/\">Les mer om v\u00e5r 2-veis l\u00f8sning HER!<\/a><\/p>\n\t\t<h3><a href=\"https:\/\/suresms.com\/nb\/gratis-sms-testkonto\/\" target=\"_self\">Opprett en gratis pr\u00f8vekonto N\u00c5!<\/a><\/h3><p>Du kan opprette en gratis konto for \u00e5 teste systemet v\u00e5rt f\u00f8r du kj\u00f8per. F\u00f8lg lenken og f\u00e5 en testkonto inkludert 50 gratis SMS-er med en gang. Du trenger ikke \u00e5 oppgi noen betalingsinformasjon for \u00e5 \u00e5pne en testkonto. Det er en tjeneste fra SureSMS for deg uten \u00f8konomiske kostnader eller forpliktelser.<\/p>\n<p>Av sikkerhetsgrunner sjekker vi hver konto manuelt, og det kan noen ganger oppst\u00e5 en kort ventetid. Vi ber om forst\u00e5else for dette.<\/p>\n\t<figure itemscope itemtype=\"https:\/\/schema.org\/ImageObject\">\n\t\t\t\t<a href=\"https:\/\/suresms.com\/nb\/gratis-sms-testkonto\/\"  target=\"_self\" itemprop=\"url\">\n\t\t\t\t<img decoding=\"async\" src=\"https:\/\/suresms.com\/wp-content\/uploads\/2014\/09\/test320-x243.jpg\" alt=\"opprett gratis pr\u00f8vekonto sikker sms sms-gateway gratis -100 gratis sms\" height=\"243\" width=\"320\" title=\"test320 x243\" onerror=\"this.style.display='none'\" loading=\"lazy\" \/>\n\t\t\t\t<\/a>\n\t<\/figure>","protected":false},"excerpt":{"rendered":"<p>SMS Gateway priser! SMS Gateway 0,- per m\u00e5ned 31 \u00f8re per SMS (eks. mva) Gratis opprettelse 0,- i abonnement Ingen binding Gratis fakturering CPR-oppslag \u00e0 2 \u00f8re per stk Opprett konto 2-veis VLN-nummer 99,- per m\u00e5ned 31 \u00f8re per SMS (eks. mva) Gratis opprettelse 99,- i abonnement 6 m\u00e5neders binding Gratis fakturering Gratis mottak ... <a title=\"Priser p\u00e5 SMS-gateway\" class=\"read-more\" href=\"https:\/\/suresms.com\/nb\/om-suresms\/sms-gateway-priser\/\" aria-label=\"Les mer om priser p\u00e5 SMS-gateway\">Les mer om dette<\/a><\/p>","protected":false},"author":1,"featured_media":0,"parent":18594,"menu_order":4,"comment_status":"closed","ping_status":"closed","template":"","meta":{"_fl_builder_enabled":"1","_fl_builder_data":null,"_fl_builder_draft":null,"_fl_builder_data_settings":null,"_fl_builder_css":"","_fl_builder_css_version":"","_fl_builder_js":"","footnotes":""},"categories":[],"tags":[],"class_list":["post-333","page","type-page","status-publish"],"yoast_head":"<!-- This site is optimized with the Yoast SEO Premium plugin v27.3 (Yoast SEO v27.3) - https:\/\/yoast.com\/product\/yoast-seo-premium-wordpress\/ -->\r\n<title>SMS gateway priser | Se priserne og Opret en gratis testkonto<\/title>\r\n<meta name=\"description\" content=\"Vi tilbyder Danmarks bedste SMS gateway priser. Ingen oprettelse. Intet abonnement. 18 \u00f8re pr. SMS til Danmark. Gratis test konto allerede i dag. Signup!\" \/>\r\n<meta name=\"robots\" content=\"index, follow, max-snippet:-1, max-image-preview:large, max-video-preview:-1\" \/>\r\n<link rel=\"canonical\" href=\"https:\/\/suresms.com\/nb\/om-suresms\/priser-paa-sms-gateway\/\" \/>\r\n<meta property=\"og:locale\" content=\"nb_NO\" \/>\r\n<meta property=\"og:type\" content=\"article\" \/>\r\n<meta property=\"og:title\" content=\"SMS gateway priser\" \/>\r\n<meta property=\"og:description\" content=\"Vi tilbyder Danmarks bedste SMS gateway priser. Ingen oprettelse. Intet abonnement. 18 \u00f8re pr. SMS til Danmark. Gratis test konto allerede i dag. Signup!\" \/>\r\n<meta property=\"og:url\" content=\"https:\/\/suresms.com\/nb\/om-suresms\/priser-paa-sms-gateway\/\" \/>\r\n<meta property=\"article:publisher\" content=\"https:\/\/www.facebook.com\/p\/SureSMS-100044607956149\/\" \/>\r\n<meta property=\"article:modified_time\" content=\"2026-04-02T18:24:03+00:00\" \/>\r\n<meta property=\"og:image\" content=\"https:\/\/suresms.com\/wp-content\/uploads\/2014\/09\/test320-x243.jpg\" \/>\r\n<meta name=\"twitter:card\" content=\"summary_large_image\" \/>\r\n<meta name=\"twitter:label1\" content=\"Ansl. lesetid\" \/>\n\t<meta name=\"twitter:data1\" content=\"3 minutter\" \/>\r\n<script type=\"application\/ld+json\" class=\"yoast-schema-graph\">{\"@context\":\"https:\\\/\\\/schema.org\",\"@graph\":[{\"@type\":\"WebPage\",\"@id\":\"https:\\\/\\\/suresms.com\\\/dk\\\/om-suresms\\\/sms-gateway-priser\\\/\",\"url\":\"https:\\\/\\\/suresms.com\\\/dk\\\/om-suresms\\\/sms-gateway-priser\\\/\",\"name\":\"SMS gateway priser | Se priserne og Opret en gratis testkonto\",\"isPartOf\":{\"@id\":\"https:\\\/\\\/suresms.com\\\/en\\\/#website\"},\"primaryImageOfPage\":{\"@id\":\"https:\\\/\\\/suresms.com\\\/dk\\\/om-suresms\\\/sms-gateway-priser\\\/#primaryimage\"},\"image\":{\"@id\":\"https:\\\/\\\/suresms.com\\\/dk\\\/om-suresms\\\/sms-gateway-priser\\\/#primaryimage\"},\"thumbnailUrl\":\"https:\\\/\\\/suresms.com\\\/wp-content\\\/uploads\\\/2014\\\/09\\\/test320-x243.jpg\",\"datePublished\":\"2014-09-03T09:24:20+00:00\",\"dateModified\":\"2026-04-02T18:24:03+00:00\",\"description\":\"Vi tilbyder Danmarks bedste SMS gateway priser. Ingen oprettelse. Intet abonnement. 18 \u00f8re pr. SMS til Danmark. Gratis test konto allerede i dag. Signup!\",\"breadcrumb\":{\"@id\":\"https:\\\/\\\/suresms.com\\\/dk\\\/om-suresms\\\/sms-gateway-priser\\\/#breadcrumb\"},\"inLanguage\":\"nb-NO\",\"potentialAction\":[{\"@type\":\"ReadAction\",\"target\":[\"https:\\\/\\\/suresms.com\\\/dk\\\/om-suresms\\\/sms-gateway-priser\\\/\"]}]},{\"@type\":\"ImageObject\",\"inLanguage\":\"nb-NO\",\"@id\":\"https:\\\/\\\/suresms.com\\\/dk\\\/om-suresms\\\/sms-gateway-priser\\\/#primaryimage\",\"url\":\"https:\\\/\\\/suresms.com\\\/wp-content\\\/uploads\\\/2014\\\/09\\\/test320-x243.jpg\",\"contentUrl\":\"https:\\\/\\\/suresms.com\\\/wp-content\\\/uploads\\\/2014\\\/09\\\/test320-x243.jpg\"},{\"@type\":\"BreadcrumbList\",\"@id\":\"https:\\\/\\\/suresms.com\\\/dk\\\/om-suresms\\\/sms-gateway-priser\\\/#breadcrumb\",\"itemListElement\":[{\"@type\":\"ListItem\",\"position\":1,\"name\":\"Home\",\"item\":\"https:\\\/\\\/suresms.com\\\/dk\\\/\"},{\"@type\":\"ListItem\",\"position\":2,\"name\":\"Om SureSMS\",\"item\":\"https:\\\/\\\/suresms.com\\\/dk\\\/om-suresms\\\/\"},{\"@type\":\"ListItem\",\"position\":3,\"name\":\"SMS gateway priser\"}]},{\"@type\":\"WebSite\",\"@id\":\"https:\\\/\\\/suresms.com\\\/en\\\/#website\",\"url\":\"https:\\\/\\\/suresms.com\\\/en\\\/\",\"name\":\"SureSMS\",\"description\":\"Professionel SMS Gateway\",\"publisher\":{\"@id\":\"https:\\\/\\\/suresms.com\\\/en\\\/#organization\"},\"potentialAction\":[{\"@type\":\"SearchAction\",\"target\":{\"@type\":\"EntryPoint\",\"urlTemplate\":\"https:\\\/\\\/suresms.com\\\/en\\\/?s={search_term_string}\"},\"query-input\":{\"@type\":\"PropertyValueSpecification\",\"valueRequired\":true,\"valueName\":\"search_term_string\"}}],\"inLanguage\":\"nb-NO\"},{\"@type\":\"Organization\",\"@id\":\"https:\\\/\\\/suresms.com\\\/en\\\/#organization\",\"name\":\"SureSMS\",\"url\":\"https:\\\/\\\/suresms.com\\\/en\\\/\",\"logo\":{\"@type\":\"ImageObject\",\"inLanguage\":\"nb-NO\",\"@id\":\"https:\\\/\\\/suresms.com\\\/en\\\/#\\\/schema\\\/logo\\\/image\\\/\",\"url\":\"https:\\\/\\\/suresms.com\\\/wp-content\\\/uploads\\\/2024\\\/11\\\/suresms-300x65-1.png\",\"contentUrl\":\"https:\\\/\\\/suresms.com\\\/wp-content\\\/uploads\\\/2024\\\/11\\\/suresms-300x65-1.png\",\"width\":300,\"height\":65,\"caption\":\"SureSMS\"},\"image\":{\"@id\":\"https:\\\/\\\/suresms.com\\\/en\\\/#\\\/schema\\\/logo\\\/image\\\/\"},\"sameAs\":[\"https:\\\/\\\/www.facebook.com\\\/p\\\/SureSMS-100044607956149\\\/\"]}]}<\/script>\r\n<!-- \/ Yoast SEO Premium plugin. -->","yoast_head_json":{"title":"Priser p\u00e5 SMS-gateway | Se priser og opprett en gratis pr\u00f8vekonto","description":"Vi tilbyr de beste prisene p\u00e5 SMS-gateway i Danmark. Ingen oppsett. Ingen abonnement. 18 \u00f8re per SMS til Danmark. Gratis pr\u00f8vekonto i dag. Registrer deg!","robots":{"index":"index","follow":"follow","max-snippet":"max-snippet:-1","max-image-preview":"max-image-preview:large","max-video-preview":"max-video-preview:-1"},"canonical":"https:\/\/suresms.com\/nb\/om-suresms\/priser-paa-sms-gateway\/","og_locale":"nb_NO","og_type":"article","og_title":"SMS gateway priser","og_description":"Vi tilbyder Danmarks bedste SMS gateway priser. Ingen oprettelse. Intet abonnement. 18 \u00f8re pr. SMS til Danmark. Gratis test konto allerede i dag. Signup!","og_url":"https:\/\/suresms.com\/nb\/om-suresms\/priser-paa-sms-gateway\/","article_publisher":"https:\/\/www.facebook.com\/p\/SureSMS-100044607956149\/","article_modified_time":"2026-04-02T18:24:03+00:00","og_image":[{"url":"https:\/\/suresms.com\/wp-content\/uploads\/2014\/09\/test320-x243.jpg","type":"","width":"","height":""}],"twitter_card":"summary_large_image","twitter_misc":{"Ansl. lesetid":"3 minutter"},"schema":{"@context":"https:\/\/schema.org","@graph":[{"@type":"WebPage","@id":"https:\/\/suresms.com\/dk\/om-suresms\/sms-gateway-priser\/","url":"https:\/\/suresms.com\/dk\/om-suresms\/sms-gateway-priser\/","name":"Priser p\u00e5 SMS-gateway | Se priser og opprett en gratis pr\u00f8vekonto","isPartOf":{"@id":"https:\/\/suresms.com\/en\/#website"},"primaryImageOfPage":{"@id":"https:\/\/suresms.com\/dk\/om-suresms\/sms-gateway-priser\/#primaryimage"},"image":{"@id":"https:\/\/suresms.com\/dk\/om-suresms\/sms-gateway-priser\/#primaryimage"},"thumbnailUrl":"https:\/\/suresms.com\/wp-content\/uploads\/2014\/09\/test320-x243.jpg","datePublished":"2014-09-03T09:24:20+00:00","dateModified":"2026-04-02T18:24:03+00:00","description":"Vi tilbyr de beste prisene p\u00e5 SMS-gateway i Danmark. Ingen oppsett. Ingen abonnement. 18 \u00f8re per SMS til Danmark. Gratis pr\u00f8vekonto i dag. Registrer deg!","breadcrumb":{"@id":"https:\/\/suresms.com\/dk\/om-suresms\/sms-gateway-priser\/#breadcrumb"},"inLanguage":"nb-NO","potentialAction":[{"@type":"ReadAction","target":["https:\/\/suresms.com\/dk\/om-suresms\/sms-gateway-priser\/"]}]},{"@type":"ImageObject","inLanguage":"nb-NO","@id":"https:\/\/suresms.com\/dk\/om-suresms\/sms-gateway-priser\/#primaryimage","url":"https:\/\/suresms.com\/wp-content\/uploads\/2014\/09\/test320-x243.jpg","contentUrl":"https:\/\/suresms.com\/wp-content\/uploads\/2014\/09\/test320-x243.jpg"},{"@type":"BreadcrumbList","@id":"https:\/\/suresms.com\/dk\/om-suresms\/sms-gateway-priser\/#breadcrumb","itemListElement":[{"@type":"ListItem","position":1,"name":"Home","item":"https:\/\/suresms.com\/dk\/"},{"@type":"ListItem","position":2,"name":"Om SureSMS","item":"https:\/\/suresms.com\/dk\/om-suresms\/"},{"@type":"ListItem","position":3,"name":"SMS gateway priser"}]},{"@type":"WebSite","@id":"https:\/\/suresms.com\/en\/#website","url":"https:\/\/suresms.com\/en\/","name":"SureSMS","description":"Profesjonell SMS-gateway","publisher":{"@id":"https:\/\/suresms.com\/en\/#organization"},"potentialAction":[{"@type":"SearchAction","target":{"@type":"EntryPoint","urlTemplate":"https:\/\/suresms.com\/en\/?s={search_term_string}"},"query-input":{"@type":"PropertyValueSpecification","valueRequired":true,"valueName":"search_term_string"}}],"inLanguage":"nb-NO"},{"@type":"Organization","@id":"https:\/\/suresms.com\/en\/#organization","name":"SureSMS","url":"https:\/\/suresms.com\/en\/","logo":{"@type":"ImageObject","inLanguage":"nb-NO","@id":"https:\/\/suresms.com\/en\/#\/schema\/logo\/image\/","url":"https:\/\/suresms.com\/wp-content\/uploads\/2024\/11\/suresms-300x65-1.png","contentUrl":"https:\/\/suresms.com\/wp-content\/uploads\/2024\/11\/suresms-300x65-1.png","width":300,"height":65,"caption":"SureSMS"},"image":{"@id":"https:\/\/suresms.com\/en\/#\/schema\/logo\/image\/"},"sameAs":["https:\/\/www.facebook.com\/p\/SureSMS-100044607956149\/"]}]}},"_links":{"self":[{"href":"https:\/\/suresms.com\/nb\/wp-json\/wp\/v2\/pages\/333","targetHints":{"allow":["GET"]}}],"collection":[{"href":"https:\/\/suresms.com\/nb\/wp-json\/wp\/v2\/pages"}],"about":[{"href":"https:\/\/suresms.com\/nb\/wp-json\/wp\/v2\/types\/page"}],"author":[{"embeddable":true,"href":"https:\/\/suresms.com\/nb\/wp-json\/wp\/v2\/users\/1"}],"replies":[{"embeddable":true,"href":"https:\/\/suresms.com\/nb\/wp-json\/wp\/v2\/comments?post=333"}],"version-history":[{"count":8,"href":"https:\/\/suresms.com\/nb\/wp-json\/wp\/v2\/pages\/333\/revisions"}],"predecessor-version":[{"id":23891,"href":"https:\/\/suresms.com\/nb\/wp-json\/wp\/v2\/pages\/333\/revisions\/23891"}],"up":[{"embeddable":true,"href":"https:\/\/suresms.com\/nb\/wp-json\/wp\/v2\/pages\/18594"}],"wp:attachment":[{"href":"https:\/\/suresms.com\/nb\/wp-json\/wp\/v2\/media?parent=333"}],"wp:term":[{"taxonomy":"category","embeddable":true,"href":"https:\/\/suresms.com\/nb\/wp-json\/wp\/v2\/categories?post=333"},{"taxonomy":"post_tag","embeddable":true,"href":"https:\/\/suresms.com\/nb\/wp-json\/wp\/v2\/tags?post=333"}],"curies":[{"name":"wp","href":"https:\/\/api.w.org\/{rel}","templated":true}]}}