{"id":3023,"date":"2016-06-22T12:08:19","date_gmt":"2016-06-22T10:08:19","guid":{"rendered":"https:\/\/www.suresms.com\/dk\/?page_id=3023"},"modified":"2025-01-20T10:13:41","modified_gmt":"2025-01-20T10:13:41","slug":"sms-outlook-addin","status":"publish","type":"page","link":"https:\/\/suresms.com\/nb\/integrationer\/mail_og_kalender\/sms-outlook-addin\/","title":{"rendered":"Outlook-tilleggsmodul"},"content":{"rendered":"<!-- Flexy Breadcrumb -->\r\n\t\t\t<div class=\"fbc fbc-page\">\r\n\r\n\t\t\t\t<!-- Breadcrumb wrapper -->\r\n\t\t\t\t<div class=\"fbc-wrap\">\r\n\r\n\t\t\t\t\t<!-- Ordered list-->\r\n\t\t\t\t\t<ol class=\"fbc-items\" itemscope itemtype=\"https:\/\/schema.org\/BreadcrumbList\">\r\n\t\t\t\t\t\t            <li itemprop=\"itemListElement\" itemscope itemtype=\"https:\/\/schema.org\/ListItem\">\r\n                <span itemprop=\"name\">\r\n                    <!-- Home Link -->\r\n                    <a itemprop=\"item\" href=\"https:\/\/suresms.com\/nb\/\">\r\n                    \r\n                                                    <i class=\"fa fa-home\" aria-hidden=\"true\"><\/i>Hjem                    <\/a>\r\n                <\/span>\r\n                <meta itemprop=\"position\" content=\"1\" \/><!-- Meta Position-->\r\n             <\/li><li><span class=\"fbc-separator\">\/<\/span><\/li><li class=\"active\" itemprop=\"itemListElement\" itemscope itemtype=\"https:\/\/schema.org\/ListItem\"><span itemprop=\"name\" title=\"Outlook-tilleggsmodul\">Outlook-tilleggsmodul<\/span><meta itemprop=\"position\" content=\"2\" \/><\/li>\t\t\t\t\t<\/ol>\r\n\t\t\t\t\t<div class=\"clearfix\"><\/div>\r\n\t\t\t\t<\/div>\r\n\t\t\t<\/div>\r\n\t\t\t\n\t\t\t\t<img loading=\"lazy\" decoding=\"async\" src=\"https:\/\/suresms.com\/wp-content\/uploads\/2021\/10\/SMS2Outlook-low-1.png\" alt=\"SMS2Outlook lav\" itemprop=\"image\" height=\"250\" width=\"977\" title=\"SMS2Outlook lav\" onerror=\"this.style.display='none'\"  \/>\n\t<p><strong>Send SMS direkte fra Outlook. Send meldinger til lister fra Outlook.<\/strong><br \/><strong>Send SMS fra kalenderen i Outlook.<\/strong><\/p>\n\t<h2>Hva er Outlook?<\/h2>\n<p>Outlook er et omfattende e-post- og kalenderprogram utviklet av Microsoft, som brukes av b\u00e5de privatpersoner og bedrifter til \u00e5 h\u00e5ndtere e-post, kalendere, oppgaver og kontakter. V\u00e5r integrasjon gj\u00f8r det mulig \u00e5 sende SMS direkte fra Outlook, noe som gir en enkel og effektiv m\u00e5te \u00e5 kommunisere raskt og p\u00e5litelig uten \u00e5 forlate innboksen.<\/p>\n\t<h2>SMS2Outlook-tilleggsmodul<\/h2>\n<p>I SureSMS har vi laget et tilleggsprogram for Outlook, slik at du raskt og enkelt kan sende SMS direkte fra Outlook. Bruk Outlook-kontaktene dine til \u00e5 sende SMS-meldinger til klienter, brukere og kunder. SureSMS-tillegget lar deg ogs\u00e5 lagre og dermed journalf\u00f8re meldingene.<\/p>\n<p>Last ned og installer v\u00e5r Outlook-plugin her fra nettsiden. Programtillegget og abonnementet er GRATIS, og du betaler kun per SMS som sendes til gjeldende pris. Se v\u00e5r<a href=\"https:\/\/suresms.com\/nb\/sms-gateway-profesjonelle-sms-loesninger\/priser-paa-sms-gateway\/\">\u00a0SMS Gateway-priser<\/a> Her.<\/p>\n<p>&nbsp;<\/p>\n<h2>\n\t\tLast ned tilleggsmodulen\n\t<\/h2>\n\t<p>Last ned tillegget nedenfor for vanlig Outlook eller for Citrix\/Terminal Server.<\/p>\n\t\t\t\t<a href=\"https:\/\/suresms.com\/wp-content\/uploads\/2025\/01\/Sms2Outlook.msi\" target=\"_self\" itemprop=\"url\">\n\t\t\t\t<img loading=\"lazy\" decoding=\"async\" src=\"https:\/\/suresms.com\/wp-content\/uploads\/2021\/10\/download-1.png\" alt=\"nedlasting\" itemprop=\"image\" height=\"234\" width=\"600\" title=\"nedlasting\" onerror=\"this.style.display='none'\"  \/>\n\t\t\t\t<\/a>\n\t\t<h3><a href=\"https:\/\/suresms.com\/wp-content\/uploads\/2025\/01\/Sms2Outlook.msi\" target=\"_self\">Last ned SureSMS Outlook Add-in versjon 2.9<\/a><\/h3><p>Fra denne lenken kan du laste ned v\u00e5rt SureSMS SMS-tillegg direkte til datamaskinen din. Dette tillegget gj\u00f8r det raskt - og veldig, veldig enkelt - \u00e5 sende SMS fra Outlook.<\/p>\n<p>Notater:<\/p>\n<ul>\n<li>\n<ul>\n<li>Tillegget \/ v\u00e5r plugin fungerer for Outlook 2013 og nyere<\/li>\n<\/ul>\n<\/li>\n<\/ul>\n<p>&nbsp;<\/p>\n<ul>\n<li>\n<ul>\n<li>Tilleggsmodulen fungerer ikke i \"The New Outlook\"<\/li>\n<\/ul>\n<\/li>\n<\/ul>\n<p>&nbsp;<\/p>\n<ul>\n<li>\n<ul>\n<li>Hvis du har tilgang til Outlook via Terminal Server eller Citrix-l\u00f8sninger, kan du bruke nedlastingen i neste avsnitt.<\/li>\n<\/ul>\n<\/li>\n<\/ul>\n<p>&nbsp;<\/p>\n<p>Dette fungerer uansett om du bruker Office 365 eller din egen Exchange-server.<\/p>\n\t\t\t\t\t<a href=\"#\" id=\"fl-accordion--label-0\" tabindex=\"0\" aria-controls=\"fl-accordion--panel-0\">Installasjon p\u00e5 Terminal Server\/Citrix <\/a>\n\t\t\t\t\t\t\t\t\t\t\t<a href=\"#\" id=\"fl-accordion--icon-0\" tabindex=\"-1\"><i title=\"Utvid\">Utvid<\/i><\/a>\n\t\t\t\t\t<p>Merk: Hvis du installerer tillegget p\u00e5 en Terminal Server- eller Citrix-g\u00e5rd, bruker du denne MSI-filen i stedet.<\/p>\n<a role=\"button\" href=\"https:\/\/suresms.com\/wp-content\/uploads\/2025\/01\/Sms2Outlook.SetupAllUsers-2.msi\" rel=\"noopener noreferrer\"><br \/>\nSMS Outlook for Terminal Server<br \/>\n<\/a>\n<p>N\u00e5r du installerer, m\u00e5 terminalserveren v\u00e6re i installasjonsmodus.<\/p>\n<p>Start en kommandolinje i administratormodus<\/p>\n<ol>\n<li>\n<ol>\n<li>Skriv inn \"change user \/install\"<\/li>\n<\/ol>\n<\/li>\n<\/ol>\n<p>&nbsp;<\/p>\n<ol>\n<li>\n<ol>\n<li>Kj\u00f8r installasjonsprogrammet<\/li>\n<\/ol>\n<\/li>\n<\/ol>\n<p>&nbsp;<\/p>\n<ol>\n<li>\n<ol>\n<li>Skriv inn \"change user \/execute\"<\/li>\n<\/ol>\n<\/li>\n<\/ol>\n<p>&nbsp;<\/p>\n<p>Da m\u00e5 du gj\u00f8re det:<\/p>\n<ol>\n<li>\n<ol>\n<li>Logg inn p\u00e5 Outlook som administrator<\/li>\n<\/ol>\n<\/li>\n<\/ol>\n<p>&nbsp;<\/p>\n<ol>\n<li>\n<ol>\n<li>G\u00e5 inn p\u00e5 Filer \/ Innstillinger \/ Tilleggsprogrammer<\/li>\n<\/ol>\n<\/li>\n<\/ol>\n<p>&nbsp;<\/p>\n<ol>\n<li>\n<ol>\n<li>Nederst under \"COM Add-ons\", i Legg til.<\/li>\n<\/ol>\n<\/li>\n<\/ol>\n<p>&nbsp;<\/p>\n<ol>\n<li>\n<ol>\n<li>Trykk p\u00e5 Legg til i dialogboksen.<\/li>\n<\/ol>\n<\/li>\n<\/ol>\n<p>&nbsp;<\/p>\n<ol>\n<li>\n<ol>\n<li>Finn banen til tilleggsmodulen<\/li>\n<\/ol>\n<\/li>\n<\/ol>\n<p>&nbsp;<\/p>\n<ol>\n<li>\n<ol>\n<li>Velg filen adxloader.ddl og trykk ok.<\/li>\n<\/ol>\n<\/li>\n<\/ol>\n<p>&nbsp;<\/p>\n<ol>\n<li>\n<ol>\n<li>Start Outlook p\u00e5 nytt<\/li>\n<\/ol>\n<\/li>\n<\/ol>\n<p>&nbsp;<\/p>\n<p>&nbsp;<\/p>\n\t<h2>Funksjoner i SMS2Outlook<\/h2>\n<p>&nbsp;<\/p>\n<h3>Send SMS via kontakter og grupper i Outlook<\/h3>\nV\u00e5rt SMS-tillegg er utviklet spesielt for Outlook med de standardene som Microsoft krever av sine tilleggsprogrammer. Dette betyr at du med en rask installasjon av v\u00e5r \"plugin\" f\u00e5r funksjonaliteten innebygd i Outlook-menyen. Via en SureSMS-meny i topplinjen kan du sende SMS og gruppe-SMS direkte til eksisterende kontakter eller legge til nye. Bare skriv inn kontaktens navn eller telefonnummer, skriv inn meldingen og trykk send.<br \/>\nEn SMS kan v\u00e6re p\u00e5 opptil 160 tegn (fastsatt av teleselskapene), men fra v\u00e5r SMS-sender kan du sende opptil 800 tegn. Hvis meldingen er lengre, blir den tilsvarende dyrere, akkurat som fra din vanlige mobiltelefon.\n<h3>Dokumentasjon og journalf\u00f8ring<\/h3>\nN\u00e5r du sender SMS fra Outlook-klienten din via SureSMS, har vi s\u00f8rget for at meldingene lagres automatisk. Under innstillinger kan du bestemme hvilken mappe SMS-meldingene skal lagres i, og alle journalsystemer kan hente meldingene fra mappen.<br \/>\nDet betyr at den, i likhet med din \u00f8vrige kommunikasjon, kan journalf\u00f8res og hentes frem n\u00e5r det senere er behov for dokumentasjon. Dette oppfyller journalf\u00f8ringsplikten som gjelder for alle offentlige og kommunale institusjoner.\n<h3>Velg avsender-ID<\/h3>\n<p>Med v\u00e5r nye SMS for Outlook versjon 1.4 har vi f\u00e5tt flere nye muligheter for valg av avsender-ID. Du kan n\u00e5 sende fra ditt eget mobilnummer og motta svar p\u00e5 mobiltelefonen helt gratis. Hvis du \u00f8nsker \u00e5 motta svar i Outlook slik at det kan dokumenteres senere, m\u00e5 du bruke en\u00a0<a href=\"https:\/\/suresms.com\/nb\/funksjoner\/motta-tekstmeldinger-paa-datamaskinen-din\/\">2-veis SMS-l\u00f8sning\u00a0<\/a>Fra oss. Det er raskt og enkelt \u00e5 sette opp. Ta en titt p\u00e5\u00a0<a href=\"https:\/\/suresms.com\/nb\/priser-paa-sms-gateway\/\">Priser for v\u00e5re SMS-l\u00f8sninger<\/a>\u00a0her. Sist, men ikke minst, kan du velge \u00e5 sende fra firmanavnet ditt. Dette kan v\u00e6re av stor verdi for bedrifter eller organisasjoner i forbindelse med merkevarebygging eller kampanjer. Hvis du \u00f8nsker flere ulike avsender-ID-er, kan du kontakte oss. Av sikkerhetsgrunner kan ikke brukerne v\u00e5re opprette nye selv, men vi kan gj\u00f8re det p\u00e5 f\u00e5 minutter.<\/p>\n<h3>2-veis l\u00f8sning<\/h3>\n<p>N\u00e5r du oppretter en testkonto \u00f8verst p\u00e5 denne siden, f\u00e5r du 50 gratis meldinger som du kan teste. Testversjonen inkluderer dessverre ikke muligheten til \u00e5 motta SMS-meldinger. Ring oss for \u00e5 h\u00f8re om mulighetene for \u00e5 motta SMS-meldinger.<\/p>\n\t<h2>Slik installerer du SMS2Outlook<\/h2>\nDet er enkelt \u00e5 installere v\u00e5rt tilleggsprogram for Outlook. Bare f\u00f8lg disse korte instruksjonene.<br \/>\nHvis du \u00f8nsker mer detaljert veiledning, <a href=\"https:\/\/suresms.com\/nb\/integrasjoner\/mail_og_kalender\/sms-outlook-addin\/tekstmeldingspapir\/\">Se den fullstendige beskrivelsen p\u00e5 v\u00e5r Manualside<\/a>der vi har detaljerte beskrivelser og veiledninger for alle funksjonene v\u00e5re.\n<p><img loading=\"lazy\" decoding=\"async\" title=\"SMS Outlook-veiledning1\" src=\"https:\/\/suresms.com\/wp-content\/uploads\/2016\/06\/sms-Outlook-vejledning1.png\" alt=\"SMS Outlook-veiledning1\" width=\"413\" height=\"393\" \/><\/p>\n<h3>Installer SureSMS for Outlook<\/h3>\n<p>&nbsp;<\/p>\n<ol>\n<li>\n<ol>\n<li>Last ned v\u00e5r plugin via lenken \u00f8verst p\u00e5 denne siden.<\/li>\n<\/ol>\n<\/li>\n<\/ol>\n<p>&nbsp;<\/p>\n<ol>\n<li>\n<ol>\n<li>Installer programmet<\/li>\n<\/ol>\n<\/li>\n<\/ol>\n<p>&nbsp;<\/p>\n<ol>\n<li>\n<ol>\n<li>\u00c5pne Outlook. Du vil se et skjermbilde som det til venstre.<\/li>\n<\/ol>\n<\/li>\n<\/ol>\n<p>&nbsp;<\/p>\n<ol>\n<li>\n<ol>\n<li>Fyll ut p\u00e5loggingsinformasjonen.<\/li>\n<\/ol>\n<\/li>\n<\/ol>\n<p>&nbsp;<\/p>\n<ol>\n<li>\n<ol>\n<li>Hvis du ikke har en konto enn\u00e5, kan du skaffe deg en ved \u00e5 f\u00f8lge den bl\u00e5 lenken p\u00e5 p\u00e5loggingsskjermen.<\/li>\n<\/ol>\n<\/li>\n<\/ol>\n<p>&nbsp;<\/p>\n<p><img loading=\"lazy\" decoding=\"async\" title=\"sms outlook plugin Add-in guide\" src=\"https:\/\/suresms.com\/wp-content\/uploads\/2016\/06\/sms-outlook-plugin-Add-in-vejledning.png\" alt=\"sms outlook plugin Add-in guide\" width=\"378\" height=\"343\" \/><\/p>\n<h3>Send SMS fra Outlook<\/h3>\n<p>N\u00e5r du har installert tillegget v\u00e5rt, vil du se en ny ikongruppe p\u00e5 h\u00f8yre side av menyen, som den du ser p\u00e5 bildet her.<\/p>\n<p>Deretter er det bare \u00e5 skrive inn nummeret, meldingen og trykke send.<\/p>\n<p>Du kan skrive +46 og deretter nummeret hvis du vil sende til for eksempel Sverige, men hvis du vil sende til Danmark, angir du bare landskoden p\u00e5 oppsettskjermbildet, s\u00e5 setter systemet landskoden selv.<\/p>\n<p>&nbsp;<\/p>\n\t<h2>Unng\u00e5 \u00e5 deaktivere SMS2Oulook<\/h2>\n<p>Noen ganger kan du oppleve at Outlook deaktiverer SMS2Outlook. Dette kan skje av ulike \u00e5rsaker. Nedenfor kan du lese hvordan du kan reaktivere SMS2Outlook og unng\u00e5 at den blir deaktivert igjen.<\/p>\n<h3>Aktivere tilleggsmodulen igjen<\/h3>\n<p>F\u00f8rst m\u00e5 du aktivere tillegget p\u00e5 nytt. Det finnes en fin veiledning om hvordan du gj\u00f8r dette her: <a href=\"https:\/\/www.techhit.com\/how-to\/fix-missing-add-in-outlook-2016-2013-2010\/\" target=\"_blank\" rel=\"noopener\">Reaktivering av tilleggsmodulen<\/a><\/p>\n<p>&nbsp;<\/p>\n<h3>Sl\u00e5 av automatisk deaktivering<\/h3>\n<p>Outlook deaktiverer noen ganger tilleggsprogrammer hvis det mener at et tilleggsprogram forstyrrer funksjonaliteten i Outlook. I noen tilfeller er det ikke tillegget som har skylden. Outlook kan v\u00e6re for aggressiv her.<\/p>\n<p>Merk: Hvis et tilleggsmodul allerede er deaktivert, finner du instruksjoner om hvordan du reaktiverer et deaktivert tilleggsmodul\u00a0<a href=\"https:\/\/www.techhit.com\/how-to\/fix-missing-add-in-outlook-2016-2013-2010\/\">Outlook-tillegg her<\/a>.<\/p>\n<p>Hvis du er avhengig av enkelte tilleggsprogrammer og det er viktig for deg \u00e5 tvinge dem til \u00e5 forbli aktivert, kan du f\u00f8lge disse instruksjonene for \u00e5 forhindre at Outlook deaktiverer tilleggsprogrammer.<\/p>\n<p>Det er to m\u00e5ter \u00e5 oppn\u00e5 dette p\u00e5:<\/p>\nHvis du er systemadministrator, kan du bruke gruppepolicyen.<br \/>\n<a href=\"https:\/\/www.microsoft.com\/en-us\/download\/details.aspx?id=49030\">Last ned Microsoft Office ADMX-maler<\/a>\u00a0og bruke en gruppepolicy til \u00e5 konfigurere innstillingene. Policyen heter \"Liste over administrerte tilleggsprogrammer\". Den ligger under \"Administrative malerMicrosoft Outlook 2016Diverse\". Du m\u00e5 oppgi Outlook-tilleggsprogrammets ProgID.\n<p>Hvis du er en sluttbruker eller administrator som foretrekker \u00e5 ikke bruke Group Policy, kan du bruke registeret. Hvis du vil tvinge et tilleggsprogram til alltid \u00e5 v\u00e6re aktivert, oppretter du f\u00f8lgende registerverdi:<\/p>\n<p>&nbsp;<\/p>\n<p>Legg merke til registreringsbanen under Outlook 16.0. Her m\u00e5 du bruke 15.0 hvis du har Outlook 2013 eller eldre.<\/p>\n<p>Du kan lese mer om dette p\u00e5\u00a0<a href=\"https:\/\/learn.microsoft.com\/en-us\/office\/vba\/outlook\/concepts\/getting-started\/support-for-keeping-add-ins-enabled\">Microsofts nettsted.<\/a><\/p>","protected":false},"excerpt":{"rendered":"<p>Send SMS direkte fra Outlook. Send meldinger til lister fra Outlook, send SMS fra kalenderen i Outlook. Hva er Outlook? Outlook er et omfattende e-post- og kalenderprogram utviklet av Microsoft, som brukes av b\u00e5de privatpersoner og bedrifter til \u00e5 administrere e-post, kalendere, oppgaver og kontakter. V\u00e5r integrasjon gj\u00f8r det mulig \u00e5 sende SMS direkte fra Outlook, noe som... <a title=\"Outlook-tilleggsmodul\" class=\"read-more\" href=\"https:\/\/suresms.com\/nb\/integrationer\/mail_og_kalender\/sms-outlook-addin\/\" aria-label=\"Les mer om Outlook Add-in\">Les mer om dette<\/a><\/p>","protected":false},"author":1,"featured_media":0,"parent":13808,"menu_order":0,"comment_status":"closed","ping_status":"closed","template":"","meta":{"_fl_builder_enabled":"1","_fl_builder_data":null,"_fl_builder_draft":null,"_fl_builder_data_settings":null,"_fl_builder_css":"","_fl_builder_css_version":"","_fl_builder_js":"","footnotes":""},"categories":[],"tags":[],"class_list":["post-3023","page","type-page","status-publish"],"yoast_head":"<!-- This site is optimized with the Yoast SEO Premium plugin v27.3 (Yoast SEO v27.3) - https:\/\/yoast.com\/product\/yoast-seo-premium-wordpress\/ -->\r\n<title>Sende SMS fra Outlook med vores smarte plugin \u2713 L\u00e6s her<\/title>\r\n<meta name=\"description\" content=\"Send SMS fra Outlook | SureSMS Outlook Add-In |Send nemt SMS til kontakter og grupper. Flere afsender-ID muligheder | Download gratis | Betal kun pr. SMS.\" \/>\r\n<meta name=\"robots\" content=\"index, follow, max-snippet:-1, max-image-preview:large, max-video-preview:-1\" \/>\r\n<link rel=\"canonical\" href=\"https:\/\/suresms.com\/nb\/integrasjoner\/mail_og_kalender\/sms-outlook-addin\/\" \/>\r\n<meta property=\"og:locale\" content=\"nb_NO\" \/>\r\n<meta property=\"og:type\" content=\"article\" \/>\r\n<meta property=\"og:title\" content=\"Update - SMS til Outlook Plugin Version 1.4 - SureSMS\" \/>\r\n<meta property=\"og:description\" content=\"Update - GRATIS SMS Add-in til Outlook. Send SMS til kontakter &amp; grupper - Fuld dokumentation - Gratis testkonto. Flere afsender-ID muligheder. Modtag svar p\u00e5 mobil eller i Outlook med 2-vejs L\u00f8sning. NU op til 800 tegn i beskeden.\" \/>\r\n<meta property=\"og:url\" content=\"https:\/\/suresms.com\/nb\/integrasjoner\/mail_og_kalender\/sms-outlook-addin\/\" \/>\r\n<meta property=\"article:publisher\" content=\"https:\/\/www.facebook.com\/p\/SureSMS-100044607956149\/\" \/>\r\n<meta property=\"article:modified_time\" content=\"2025-01-20T10:13:41+00:00\" \/>\r\n<meta property=\"og:image\" content=\"https:\/\/suresms.com\/wp-content\/uploads\/2016\/02\/facebook-Outlook-plugin-version-1.4-snippet-1.jpg\" \/>\r\n\t<meta property=\"og:image:width\" content=\"1200\" \/>\r\n\t<meta property=\"og:image:height\" content=\"630\" \/>\r\n\t<meta property=\"og:image:type\" content=\"image\/jpeg\" \/>\r\n<meta name=\"twitter:card\" content=\"summary_large_image\" \/>\r\n<meta name=\"twitter:title\" content=\"Outlook Add-in\" \/>\r\n<meta name=\"twitter:label1\" content=\"Ansl. lesetid\" \/>\n\t<meta name=\"twitter:data1\" content=\"7 minutter\" \/>\r\n<script type=\"application\/ld+json\" class=\"yoast-schema-graph\">{\"@context\":\"https:\\\/\\\/schema.org\",\"@graph\":[{\"@type\":\"WebPage\",\"@id\":\"https:\\\/\\\/suresms.com\\\/dk\\\/integrationer\\\/mail_og_kalender\\\/sms-outlook-addin\\\/\",\"url\":\"https:\\\/\\\/suresms.com\\\/dk\\\/integrationer\\\/mail_og_kalender\\\/sms-outlook-addin\\\/\",\"name\":\"Sende SMS fra Outlook med vores smarte plugin \u2713 L\u00e6s her\",\"isPartOf\":{\"@id\":\"https:\\\/\\\/suresms.com\\\/en\\\/#website\"},\"primaryImageOfPage\":{\"@id\":\"https:\\\/\\\/suresms.com\\\/dk\\\/integrationer\\\/mail_og_kalender\\\/sms-outlook-addin\\\/#primaryimage\"},\"image\":{\"@id\":\"https:\\\/\\\/suresms.com\\\/dk\\\/integrationer\\\/mail_og_kalender\\\/sms-outlook-addin\\\/#primaryimage\"},\"thumbnailUrl\":\"https:\\\/\\\/suresms.com\\\/wp-content\\\/uploads\\\/2021\\\/10\\\/SMS2Outlook-low-1.png\",\"datePublished\":\"2016-06-22T10:08:19+00:00\",\"dateModified\":\"2025-01-20T10:13:41+00:00\",\"description\":\"Send SMS fra Outlook | SureSMS Outlook Add-In |Send nemt SMS til kontakter og grupper. Flere afsender-ID muligheder | Download gratis | Betal kun pr. SMS.\",\"breadcrumb\":{\"@id\":\"https:\\\/\\\/suresms.com\\\/dk\\\/integrationer\\\/mail_og_kalender\\\/sms-outlook-addin\\\/#breadcrumb\"},\"inLanguage\":\"nb-NO\",\"potentialAction\":[{\"@type\":\"ReadAction\",\"target\":[\"https:\\\/\\\/suresms.com\\\/dk\\\/integrationer\\\/mail_og_kalender\\\/sms-outlook-addin\\\/\"]}]},{\"@type\":\"ImageObject\",\"inLanguage\":\"nb-NO\",\"@id\":\"https:\\\/\\\/suresms.com\\\/dk\\\/integrationer\\\/mail_og_kalender\\\/sms-outlook-addin\\\/#primaryimage\",\"url\":\"https:\\\/\\\/suresms.com\\\/wp-content\\\/uploads\\\/2021\\\/10\\\/SMS2Outlook-low-1.png\",\"contentUrl\":\"https:\\\/\\\/suresms.com\\\/wp-content\\\/uploads\\\/2021\\\/10\\\/SMS2Outlook-low-1.png\"},{\"@type\":\"BreadcrumbList\",\"@id\":\"https:\\\/\\\/suresms.com\\\/dk\\\/integrationer\\\/mail_og_kalender\\\/sms-outlook-addin\\\/#breadcrumb\",\"itemListElement\":[{\"@type\":\"ListItem\",\"position\":1,\"name\":\"Home\",\"item\":\"https:\\\/\\\/suresms.com\\\/dk\\\/\"},{\"@type\":\"ListItem\",\"position\":2,\"name\":\"Integrationer\",\"item\":\"https:\\\/\\\/suresms.com\\\/dk\\\/integrationer\\\/\"},{\"@type\":\"ListItem\",\"position\":3,\"name\":\"Integration til mail- og kalender systemer\",\"item\":\"https:\\\/\\\/suresms.com\\\/dk\\\/integrationer\\\/mail_og_kalender\\\/\"},{\"@type\":\"ListItem\",\"position\":4,\"name\":\"Outlook Add-in\"}]},{\"@type\":\"WebSite\",\"@id\":\"https:\\\/\\\/suresms.com\\\/en\\\/#website\",\"url\":\"https:\\\/\\\/suresms.com\\\/en\\\/\",\"name\":\"SureSMS\",\"description\":\"Professionel SMS Gateway\",\"publisher\":{\"@id\":\"https:\\\/\\\/suresms.com\\\/en\\\/#organization\"},\"potentialAction\":[{\"@type\":\"SearchAction\",\"target\":{\"@type\":\"EntryPoint\",\"urlTemplate\":\"https:\\\/\\\/suresms.com\\\/en\\\/?s={search_term_string}\"},\"query-input\":{\"@type\":\"PropertyValueSpecification\",\"valueRequired\":true,\"valueName\":\"search_term_string\"}}],\"inLanguage\":\"nb-NO\"},{\"@type\":\"Organization\",\"@id\":\"https:\\\/\\\/suresms.com\\\/en\\\/#organization\",\"name\":\"SureSMS\",\"url\":\"https:\\\/\\\/suresms.com\\\/en\\\/\",\"logo\":{\"@type\":\"ImageObject\",\"inLanguage\":\"nb-NO\",\"@id\":\"https:\\\/\\\/suresms.com\\\/en\\\/#\\\/schema\\\/logo\\\/image\\\/\",\"url\":\"https:\\\/\\\/suresms.com\\\/wp-content\\\/uploads\\\/2024\\\/11\\\/suresms-300x65-1.png\",\"contentUrl\":\"https:\\\/\\\/suresms.com\\\/wp-content\\\/uploads\\\/2024\\\/11\\\/suresms-300x65-1.png\",\"width\":300,\"height\":65,\"caption\":\"SureSMS\"},\"image\":{\"@id\":\"https:\\\/\\\/suresms.com\\\/en\\\/#\\\/schema\\\/logo\\\/image\\\/\"},\"sameAs\":[\"https:\\\/\\\/www.facebook.com\\\/p\\\/SureSMS-100044607956149\\\/\"]}]}<\/script>\r\n<!-- \/ Yoast SEO Premium plugin. -->","yoast_head_json":{"title":"Send SMS fra Outlook med v\u00e5r smarte plugin \u2713 Les her","description":"Send SMS fra Outlook | SureSMS Outlook Add-In | Send enkelt SMS til kontakter og grupper. Flere avsender-ID-alternativer | Gratis nedlasting | Betal kun per SMS.","robots":{"index":"index","follow":"follow","max-snippet":"max-snippet:-1","max-image-preview":"max-image-preview:large","max-video-preview":"max-video-preview:-1"},"canonical":"https:\/\/suresms.com\/nb\/integrasjoner\/mail_og_kalender\/sms-outlook-addin\/","og_locale":"nb_NO","og_type":"article","og_title":"Update - SMS til Outlook Plugin Version 1.4 - SureSMS","og_description":"Update - GRATIS SMS Add-in til Outlook. Send SMS til kontakter & grupper - Fuld dokumentation - Gratis testkonto. Flere afsender-ID muligheder. Modtag svar p\u00e5 mobil eller i Outlook med 2-vejs L\u00f8sning. NU op til 800 tegn i beskeden.","og_url":"https:\/\/suresms.com\/nb\/integrasjoner\/mail_og_kalender\/sms-outlook-addin\/","article_publisher":"https:\/\/www.facebook.com\/p\/SureSMS-100044607956149\/","article_modified_time":"2025-01-20T10:13:41+00:00","og_image":[{"width":1200,"height":630,"url":"https:\/\/suresms.com\/wp-content\/uploads\/2016\/02\/facebook-Outlook-plugin-version-1.4-snippet-1.jpg","type":"image\/jpeg"}],"twitter_card":"summary_large_image","twitter_title":"Outlook Add-in","twitter_misc":{"Ansl. lesetid":"7 minutter"},"schema":{"@context":"https:\/\/schema.org","@graph":[{"@type":"WebPage","@id":"https:\/\/suresms.com\/dk\/integrationer\/mail_og_kalender\/sms-outlook-addin\/","url":"https:\/\/suresms.com\/dk\/integrationer\/mail_og_kalender\/sms-outlook-addin\/","name":"Send SMS fra Outlook med v\u00e5r smarte plugin \u2713 Les her","isPartOf":{"@id":"https:\/\/suresms.com\/en\/#website"},"primaryImageOfPage":{"@id":"https:\/\/suresms.com\/dk\/integrationer\/mail_og_kalender\/sms-outlook-addin\/#primaryimage"},"image":{"@id":"https:\/\/suresms.com\/dk\/integrationer\/mail_og_kalender\/sms-outlook-addin\/#primaryimage"},"thumbnailUrl":"https:\/\/suresms.com\/wp-content\/uploads\/2021\/10\/SMS2Outlook-low-1.png","datePublished":"2016-06-22T10:08:19+00:00","dateModified":"2025-01-20T10:13:41+00:00","description":"Send SMS fra Outlook | SureSMS Outlook Add-In | Send enkelt SMS til kontakter og grupper. Flere avsender-ID-alternativer | Gratis nedlasting | Betal kun per SMS.","breadcrumb":{"@id":"https:\/\/suresms.com\/dk\/integrationer\/mail_og_kalender\/sms-outlook-addin\/#breadcrumb"},"inLanguage":"nb-NO","potentialAction":[{"@type":"ReadAction","target":["https:\/\/suresms.com\/dk\/integrationer\/mail_og_kalender\/sms-outlook-addin\/"]}]},{"@type":"ImageObject","inLanguage":"nb-NO","@id":"https:\/\/suresms.com\/dk\/integrationer\/mail_og_kalender\/sms-outlook-addin\/#primaryimage","url":"https:\/\/suresms.com\/wp-content\/uploads\/2021\/10\/SMS2Outlook-low-1.png","contentUrl":"https:\/\/suresms.com\/wp-content\/uploads\/2021\/10\/SMS2Outlook-low-1.png"},{"@type":"BreadcrumbList","@id":"https:\/\/suresms.com\/dk\/integrationer\/mail_og_kalender\/sms-outlook-addin\/#breadcrumb","itemListElement":[{"@type":"ListItem","position":1,"name":"Home","item":"https:\/\/suresms.com\/dk\/"},{"@type":"ListItem","position":2,"name":"Integrationer","item":"https:\/\/suresms.com\/dk\/integrationer\/"},{"@type":"ListItem","position":3,"name":"Integration til mail- og kalender systemer","item":"https:\/\/suresms.com\/dk\/integrationer\/mail_og_kalender\/"},{"@type":"ListItem","position":4,"name":"Outlook Add-in"}]},{"@type":"WebSite","@id":"https:\/\/suresms.com\/en\/#website","url":"https:\/\/suresms.com\/en\/","name":"SureSMS","description":"Profesjonell SMS-gateway","publisher":{"@id":"https:\/\/suresms.com\/en\/#organization"},"potentialAction":[{"@type":"SearchAction","target":{"@type":"EntryPoint","urlTemplate":"https:\/\/suresms.com\/en\/?s={search_term_string}"},"query-input":{"@type":"PropertyValueSpecification","valueRequired":true,"valueName":"search_term_string"}}],"inLanguage":"nb-NO"},{"@type":"Organization","@id":"https:\/\/suresms.com\/en\/#organization","name":"SureSMS","url":"https:\/\/suresms.com\/en\/","logo":{"@type":"ImageObject","inLanguage":"nb-NO","@id":"https:\/\/suresms.com\/en\/#\/schema\/logo\/image\/","url":"https:\/\/suresms.com\/wp-content\/uploads\/2024\/11\/suresms-300x65-1.png","contentUrl":"https:\/\/suresms.com\/wp-content\/uploads\/2024\/11\/suresms-300x65-1.png","width":300,"height":65,"caption":"SureSMS"},"image":{"@id":"https:\/\/suresms.com\/en\/#\/schema\/logo\/image\/"},"sameAs":["https:\/\/www.facebook.com\/p\/SureSMS-100044607956149\/"]}]}},"_links":{"self":[{"href":"https:\/\/suresms.com\/nb\/wp-json\/wp\/v2\/pages\/3023","targetHints":{"allow":["GET"]}}],"collection":[{"href":"https:\/\/suresms.com\/nb\/wp-json\/wp\/v2\/pages"}],"about":[{"href":"https:\/\/suresms.com\/nb\/wp-json\/wp\/v2\/types\/page"}],"author":[{"embeddable":true,"href":"https:\/\/suresms.com\/nb\/wp-json\/wp\/v2\/users\/1"}],"replies":[{"embeddable":true,"href":"https:\/\/suresms.com\/nb\/wp-json\/wp\/v2\/comments?post=3023"}],"version-history":[{"count":20,"href":"https:\/\/suresms.com\/nb\/wp-json\/wp\/v2\/pages\/3023\/revisions"}],"predecessor-version":[{"id":21769,"href":"https:\/\/suresms.com\/nb\/wp-json\/wp\/v2\/pages\/3023\/revisions\/21769"}],"up":[{"embeddable":true,"href":"https:\/\/suresms.com\/nb\/wp-json\/wp\/v2\/pages\/13808"}],"wp:attachment":[{"href":"https:\/\/suresms.com\/nb\/wp-json\/wp\/v2\/media?parent=3023"}],"wp:term":[{"taxonomy":"category","embeddable":true,"href":"https:\/\/suresms.com\/nb\/wp-json\/wp\/v2\/categories?post=3023"},{"taxonomy":"post_tag","embeddable":true,"href":"https:\/\/suresms.com\/nb\/wp-json\/wp\/v2\/tags?post=3023"}],"curies":[{"name":"wp","href":"https:\/\/api.w.org\/{rel}","templated":true}]}}