{"id":289,"date":"2014-07-02T13:30:59","date_gmt":"2014-07-02T11:30:59","guid":{"rendered":"http:\/\/da.suresms.com\/?page_id=289"},"modified":"2024-12-05T15:39:28","modified_gmt":"2024-12-05T15:39:28","slug":"internasjonal-sms","status":"publish","type":"page","link":"https:\/\/suresms.com\/nb\/funktioner\/international-sms\/","title":{"rendered":"SMS til hele verden"},"content":{"rendered":"<!-- Flexy Breadcrumb -->\r\n\t\t\t<div class=\"fbc fbc-page\">\r\n\r\n\t\t\t\t<!-- Breadcrumb wrapper -->\r\n\t\t\t\t<div class=\"fbc-wrap\">\r\n\r\n\t\t\t\t\t<!-- Ordered list-->\r\n\t\t\t\t\t<ol class=\"fbc-items\" itemscope itemtype=\"https:\/\/schema.org\/BreadcrumbList\">\r\n\t\t\t\t\t\t            <li itemprop=\"itemListElement\" itemscope itemtype=\"https:\/\/schema.org\/ListItem\">\r\n                <span itemprop=\"name\">\r\n                    <!-- Home Link -->\r\n                    <a itemprop=\"item\" href=\"https:\/\/suresms.com\/nb\/\">\r\n                    \r\n                                                    <i class=\"fa fa-home\" aria-hidden=\"true\"><\/i>Hjem                    <\/a>\r\n                <\/span>\r\n                <meta itemprop=\"position\" content=\"1\" \/><!-- Meta Position-->\r\n             <\/li><li><span class=\"fbc-separator\">\/<\/span><\/li><li class=\"active\" itemprop=\"itemListElement\" itemscope itemtype=\"https:\/\/schema.org\/ListItem\"><span itemprop=\"name\" title=\"SMS til hele verden\">SMS til hele verden<\/span><meta itemprop=\"position\" content=\"2\" \/><\/li>\t\t\t\t\t<\/ol>\r\n\t\t\t\t\t<div class=\"clearfix\"><\/div>\r\n\t\t\t\t<\/div>\r\n\t\t\t<\/div>\r\n\t\t\t\n<h1>\n\t\tSMS til hele verden\n\t<\/h1>\n\t<p>SureSMS er en internasjonal SMS-gateway. Det betyr at SMS til utlandet ALLTID er integrert i v\u00e5rt ordin\u00e6re abonnement.<\/p>\n<p>Vi har et veletablert samarbeid med over 800 stalloperat\u00f8rer i 170 land. Det betyr at kundene v\u00e5re alltid kan komme i kontakt med alle v\u00e5re samarbeidspartnere - b\u00e5de i Danmark og internasjonalt. Vi bruker kun f\u00f8rsteklasses leverand\u00f8rer, og vi jobber kontinuerlig med \u00e5 overv\u00e5ke markedet og forhandle frem de beste prisene for kundene v\u00e5re uten \u00e5 g\u00e5 p\u00e5 kompromiss med kvaliteten.<\/p>\n<p>Det er like enkelt \u00e5 sende tekstmeldinger til utlandet som det er \u00e5 sende til ditt eget land. Bare husk \u00e5 fylle inn riktig landskode i tekstmeldingen.<\/p>\n<h4><strong>Lave priser i utlandet<\/strong><\/h4>\n<p>Kostnaden for \u00e5 sende en melding til utlandet avhenger av landet og lengden p\u00e5 meldingen, men v\u00e5re priser er konkurransedyktige og mye billigere enn teleselskapene og konkurrentene v\u00e5re.<\/p>\n<p>P\u00e5 v\u00e5rt webgrensesnitt kan du se prisen p\u00e5 en melding f\u00f8r du sender den. Skriv inn telefonnummer, landskode og skriv inn meldingen i tekstfeltet, og du vil se den gjeldende prisen i feltet nedenfor.<\/p>\n<p>For mer informasjon om v\u00e5re oppdaterte internasjonale meldingspriser, vennligst kontakt v\u00e5rt supportteam p\u00e5 +45 50 322 322 eller send oss en e-post p\u00e5 <a href=\"mailto:info@suresms.com\">info@suresms.com<\/a>.<\/p>\n\t<p>&nbsp;<\/p>\n<h4><strong>Trenger du en 2-veis l\u00f8sning med et utenlandsk nummer?<\/strong><\/h4>\n<p>Trenger du at meldingene dine skal komme fra et utenlandsk nummer? Trenger brukerne dine \u00e5 kunne svare p\u00e5 meldingene dine p\u00e5 nummeret? Det kan vi enkelt h\u00e5ndtere. <a title=\"2-veis SMS, motta SMS p\u00e5 datamaskinen din\" href=\"https:\/\/suresms.com\/nb\/2-veis-sms-utlasting-med-hosted-sim\/\">Finn ut mer om v\u00e5r Hostet-SIM 2-veis l\u00f8sning her!<\/a><\/p>\n<h4><strong>Dansk selskap<\/strong><\/h4>\n<p>SureSMS ApS er et dansk selskap som har eksistert siden 2003. Teamet v\u00e5rt har over 15 \u00e5rs erfaring med infrastruktur, inkludert nettverk, sikkerhet og servere.<\/p>\n<p>Velutdannede utviklere, teknikere og servicemedarbeidere er ansvarlige for oppdatering, drift og support. Du kan trygt overlate ansvaret for SMS-l\u00f8sningen din til oss uten \u00e5 bekymre deg for ustabilitet eller manglende service.<\/p>\n\t<h4><strong>Her kan du lese noen eksempler p\u00e5 hvordan kundene v\u00e5re bruker \"SMS til utlandet\"-funksjonen i dag<\/strong><\/h4>\n<ul>\n<li>En stor dansk leverand\u00f8r til den internasjonale energibransjen bruker v\u00e5r internasjonale SMS-tjeneste til \u00e5 varsle kunder over hele verden om bestillinger som er lagt inn.<\/li>\n<li>En av kundene v\u00e5re er et stort dansk legemiddelfirma som bruker SMS-tjenesten v\u00e5r til \u00e5 sende meldinger til sine ansatte i utlandet, og de ansatte kan ogs\u00e5 melde seg p\u00e5 nyhetsbrev via KEYWORDS.<\/li>\n<li>V\u00e5r integrerte SMS til utlandet-tjeneste brukes av et dansk selskap som leverer str\u00f8mm\u00e5lere til Danmark og Skandinavia. De bruker SureSMS til \u00e5 sende varsler om kommende avlesninger til innbyggere i Danmark, Norge og Sverige.<\/li>\n<li>Og s\u00e5 har vi en gr\u00f8nlandsk skole som sender beskjeder til elevenes foreldre om skole\/hjem-samarbeidet. Det kan dreie seg om praktiske opplysninger, elevfrav\u00e6r eller annen viktig informasjon.<br \/>For vi er selvf\u00f8lgelig en SMS-tjeneste for hele Danmark!<\/li>\n<\/ul>","protected":false},"excerpt":{"rendered":"<p>SMS over hele verden SureSMS er en internasjonal SMS-gateway. Det betyr at SMS til utlandet ALLTID er integrert i v\u00e5rt ordin\u00e6re abonnement. Vi har et veletablert samarbeid med over 800 stabile operat\u00f8rer i 170 land. Det betyr at kundene v\u00e5re alltid kan komme i kontakt med alle partnere - b\u00e5de i Danmark og internasjonalt. Vi ... <a title=\"SMS til hele verden\" class=\"read-more\" href=\"https:\/\/suresms.com\/nb\/funktioner\/international-sms\/\" aria-label=\"Les mer om SMS til verden\">Les mer om dette<\/a><\/p>","protected":false},"author":1,"featured_media":0,"parent":958,"menu_order":6,"comment_status":"closed","ping_status":"closed","template":"","meta":{"_fl_builder_enabled":"1","_fl_builder_data":null,"_fl_builder_draft":null,"_fl_builder_data_settings":null,"_fl_builder_css":"","_fl_builder_css_version":"","_fl_builder_js":"","footnotes":""},"categories":[17],"tags":[],"class_list":{"0":"post-289","1":"page","2":"type-page","3":"status-publish","5":"category-linkfracornorstone"},"yoast_head":"<!-- This site is optimized with the Yoast SEO Premium plugin v27.3 (Yoast SEO v27.3) - https:\/\/yoast.com\/product\/yoast-seo-premium-wordpress\/ -->\r\n<title>International Gateway \u2192 Effektivt og nemt system at anvende<\/title>\r\n<meta name=\"description\" content=\"International Gateway og professionel SMS Gateway services f\u00e5s her. F\u00e5 hurtig kontakt til dine kunder med effektive l\u00f8sninger.\" \/>\r\n<meta name=\"robots\" content=\"index, follow, max-snippet:-1, max-image-preview:large, max-video-preview:-1\" \/>\r\n<link rel=\"canonical\" href=\"https:\/\/suresms.com\/nb\/funksjoner\/internasjonal-sms\/\" \/>\r\n<meta property=\"og:locale\" content=\"nb_NO\" \/>\r\n<meta property=\"og:type\" content=\"article\" \/>\r\n<meta property=\"og:title\" content=\"SMS til hele verden\" \/>\r\n<meta property=\"og:description\" content=\"International Gateway og professionel SMS Gateway services f\u00e5s her. F\u00e5 hurtig kontakt til dine kunder med effektive l\u00f8sninger.\" \/>\r\n<meta property=\"og:url\" content=\"https:\/\/suresms.com\/nb\/funksjoner\/internasjonal-sms\/\" \/>\r\n<meta property=\"article:publisher\" content=\"https:\/\/www.facebook.com\/p\/SureSMS-100044607956149\/\" \/>\r\n<meta property=\"article:modified_time\" content=\"2024-12-05T15:39:28+00:00\" \/>\r\n<meta name=\"twitter:card\" content=\"summary_large_image\" \/>\r\n<meta name=\"twitter:label1\" content=\"Ansl. lesetid\" \/>\n\t<meta name=\"twitter:data1\" content=\"7 minutter\" \/>\r\n<script type=\"application\/ld+json\" class=\"yoast-schema-graph\">{\"@context\":\"https:\\\/\\\/schema.org\",\"@graph\":[{\"@type\":\"WebPage\",\"@id\":\"https:\\\/\\\/suresms.com\\\/dk\\\/funktioner\\\/international-sms\\\/\",\"url\":\"https:\\\/\\\/suresms.com\\\/dk\\\/funktioner\\\/international-sms\\\/\",\"name\":\"International Gateway \u2192 Effektivt og nemt system at anvende\",\"isPartOf\":{\"@id\":\"https:\\\/\\\/suresms.com\\\/en\\\/#website\"},\"datePublished\":\"2014-07-02T11:30:59+00:00\",\"dateModified\":\"2024-12-05T15:39:28+00:00\",\"description\":\"International Gateway og professionel SMS Gateway services f\u00e5s her. F\u00e5 hurtig kontakt til dine kunder med effektive l\u00f8sninger.\",\"breadcrumb\":{\"@id\":\"https:\\\/\\\/suresms.com\\\/dk\\\/funktioner\\\/international-sms\\\/#breadcrumb\"},\"inLanguage\":\"nb-NO\",\"potentialAction\":[{\"@type\":\"ReadAction\",\"target\":[\"https:\\\/\\\/suresms.com\\\/dk\\\/funktioner\\\/international-sms\\\/\"]}]},{\"@type\":\"BreadcrumbList\",\"@id\":\"https:\\\/\\\/suresms.com\\\/dk\\\/funktioner\\\/international-sms\\\/#breadcrumb\",\"itemListElement\":[{\"@type\":\"ListItem\",\"position\":1,\"name\":\"Home\",\"item\":\"https:\\\/\\\/suresms.com\\\/dk\\\/\"},{\"@type\":\"ListItem\",\"position\":2,\"name\":\"Funktioner\",\"item\":\"https:\\\/\\\/suresms.com\\\/dk\\\/funktioner\\\/\"},{\"@type\":\"ListItem\",\"position\":3,\"name\":\"SMS til hele verden\"}]},{\"@type\":\"WebSite\",\"@id\":\"https:\\\/\\\/suresms.com\\\/en\\\/#website\",\"url\":\"https:\\\/\\\/suresms.com\\\/en\\\/\",\"name\":\"SureSMS\",\"description\":\"Professionel SMS Gateway\",\"publisher\":{\"@id\":\"https:\\\/\\\/suresms.com\\\/en\\\/#organization\"},\"potentialAction\":[{\"@type\":\"SearchAction\",\"target\":{\"@type\":\"EntryPoint\",\"urlTemplate\":\"https:\\\/\\\/suresms.com\\\/en\\\/?s={search_term_string}\"},\"query-input\":{\"@type\":\"PropertyValueSpecification\",\"valueRequired\":true,\"valueName\":\"search_term_string\"}}],\"inLanguage\":\"nb-NO\"},{\"@type\":\"Organization\",\"@id\":\"https:\\\/\\\/suresms.com\\\/en\\\/#organization\",\"name\":\"SureSMS\",\"url\":\"https:\\\/\\\/suresms.com\\\/en\\\/\",\"logo\":{\"@type\":\"ImageObject\",\"inLanguage\":\"nb-NO\",\"@id\":\"https:\\\/\\\/suresms.com\\\/en\\\/#\\\/schema\\\/logo\\\/image\\\/\",\"url\":\"https:\\\/\\\/suresms.com\\\/wp-content\\\/uploads\\\/2024\\\/11\\\/suresms-300x65-1.png\",\"contentUrl\":\"https:\\\/\\\/suresms.com\\\/wp-content\\\/uploads\\\/2024\\\/11\\\/suresms-300x65-1.png\",\"width\":300,\"height\":65,\"caption\":\"SureSMS\"},\"image\":{\"@id\":\"https:\\\/\\\/suresms.com\\\/en\\\/#\\\/schema\\\/logo\\\/image\\\/\"},\"sameAs\":[\"https:\\\/\\\/www.facebook.com\\\/p\\\/SureSMS-100044607956149\\\/\"]}]}<\/script>\r\n<!-- \/ Yoast SEO Premium plugin. -->","yoast_head_json":{"title":"Internasjonal gateway \u2192 Effektivt og brukervennlig system","description":"Internasjonal gateway og profesjonelle SMS-gateway-tjenester tilgjengelig her. Kom raskt i kontakt med kundene dine med effektive l\u00f8sninger.","robots":{"index":"index","follow":"follow","max-snippet":"max-snippet:-1","max-image-preview":"max-image-preview:large","max-video-preview":"max-video-preview:-1"},"canonical":"https:\/\/suresms.com\/nb\/funksjoner\/internasjonal-sms\/","og_locale":"nb_NO","og_type":"article","og_title":"SMS til hele verden","og_description":"International Gateway og professionel SMS Gateway services f\u00e5s her. F\u00e5 hurtig kontakt til dine kunder med effektive l\u00f8sninger.","og_url":"https:\/\/suresms.com\/nb\/funksjoner\/internasjonal-sms\/","article_publisher":"https:\/\/www.facebook.com\/p\/SureSMS-100044607956149\/","article_modified_time":"2024-12-05T15:39:28+00:00","twitter_card":"summary_large_image","twitter_misc":{"Ansl. lesetid":"7 minutter"},"schema":{"@context":"https:\/\/schema.org","@graph":[{"@type":"WebPage","@id":"https:\/\/suresms.com\/dk\/funktioner\/international-sms\/","url":"https:\/\/suresms.com\/dk\/funktioner\/international-sms\/","name":"Internasjonal gateway \u2192 Effektivt og brukervennlig system","isPartOf":{"@id":"https:\/\/suresms.com\/en\/#website"},"datePublished":"2014-07-02T11:30:59+00:00","dateModified":"2024-12-05T15:39:28+00:00","description":"Internasjonal gateway og profesjonelle SMS-gateway-tjenester tilgjengelig her. Kom raskt i kontakt med kundene dine med effektive l\u00f8sninger.","breadcrumb":{"@id":"https:\/\/suresms.com\/dk\/funktioner\/international-sms\/#breadcrumb"},"inLanguage":"nb-NO","potentialAction":[{"@type":"ReadAction","target":["https:\/\/suresms.com\/dk\/funktioner\/international-sms\/"]}]},{"@type":"BreadcrumbList","@id":"https:\/\/suresms.com\/dk\/funktioner\/international-sms\/#breadcrumb","itemListElement":[{"@type":"ListItem","position":1,"name":"Home","item":"https:\/\/suresms.com\/dk\/"},{"@type":"ListItem","position":2,"name":"Funktioner","item":"https:\/\/suresms.com\/dk\/funktioner\/"},{"@type":"ListItem","position":3,"name":"SMS til hele verden"}]},{"@type":"WebSite","@id":"https:\/\/suresms.com\/en\/#website","url":"https:\/\/suresms.com\/en\/","name":"SureSMS","description":"Profesjonell SMS-gateway","publisher":{"@id":"https:\/\/suresms.com\/en\/#organization"},"potentialAction":[{"@type":"SearchAction","target":{"@type":"EntryPoint","urlTemplate":"https:\/\/suresms.com\/en\/?s={search_term_string}"},"query-input":{"@type":"PropertyValueSpecification","valueRequired":true,"valueName":"search_term_string"}}],"inLanguage":"nb-NO"},{"@type":"Organization","@id":"https:\/\/suresms.com\/en\/#organization","name":"SureSMS","url":"https:\/\/suresms.com\/en\/","logo":{"@type":"ImageObject","inLanguage":"nb-NO","@id":"https:\/\/suresms.com\/en\/#\/schema\/logo\/image\/","url":"https:\/\/suresms.com\/wp-content\/uploads\/2024\/11\/suresms-300x65-1.png","contentUrl":"https:\/\/suresms.com\/wp-content\/uploads\/2024\/11\/suresms-300x65-1.png","width":300,"height":65,"caption":"SureSMS"},"image":{"@id":"https:\/\/suresms.com\/en\/#\/schema\/logo\/image\/"},"sameAs":["https:\/\/www.facebook.com\/p\/SureSMS-100044607956149\/"]}]}},"_links":{"self":[{"href":"https:\/\/suresms.com\/nb\/wp-json\/wp\/v2\/pages\/289","targetHints":{"allow":["GET"]}}],"collection":[{"href":"https:\/\/suresms.com\/nb\/wp-json\/wp\/v2\/pages"}],"about":[{"href":"https:\/\/suresms.com\/nb\/wp-json\/wp\/v2\/types\/page"}],"author":[{"embeddable":true,"href":"https:\/\/suresms.com\/nb\/wp-json\/wp\/v2\/users\/1"}],"replies":[{"embeddable":true,"href":"https:\/\/suresms.com\/nb\/wp-json\/wp\/v2\/comments?post=289"}],"version-history":[{"count":2,"href":"https:\/\/suresms.com\/nb\/wp-json\/wp\/v2\/pages\/289\/revisions"}],"predecessor-version":[{"id":19466,"href":"https:\/\/suresms.com\/nb\/wp-json\/wp\/v2\/pages\/289\/revisions\/19466"}],"up":[{"embeddable":true,"href":"https:\/\/suresms.com\/nb\/wp-json\/wp\/v2\/pages\/958"}],"wp:attachment":[{"href":"https:\/\/suresms.com\/nb\/wp-json\/wp\/v2\/media?parent=289"}],"wp:term":[{"taxonomy":"category","embeddable":true,"href":"https:\/\/suresms.com\/nb\/wp-json\/wp\/v2\/categories?post=289"},{"taxonomy":"post_tag","embeddable":true,"href":"https:\/\/suresms.com\/nb\/wp-json\/wp\/v2\/tags?post=289"}],"curies":[{"name":"wp","href":"https:\/\/api.w.org\/{rel}","templated":true}]}}