{"id":2697,"date":"2016-06-02T17:36:31","date_gmt":"2016-06-02T15:36:31","guid":{"rendered":"https:\/\/www.suresms.com\/dk\/?page_id=2697"},"modified":"2025-01-05T00:16:47","modified_gmt":"2025-01-05T00:16:47","slug":"sms-for-nettbaserte-virksomheter-og-nettjenester-2","status":"publish","type":"page","link":"https:\/\/suresms.com\/nb\/branchelosninger\/sms-til-online-virksomheder-og-web-services-2\/","title":{"rendered":"SMS for nettbaserte virksomheter og WEB-tjenester"},"content":{"rendered":"<!-- Flexy Breadcrumb -->\r\n\t\t\t<div class=\"fbc fbc-page\">\r\n\r\n\t\t\t\t<!-- Breadcrumb wrapper -->\r\n\t\t\t\t<div class=\"fbc-wrap\">\r\n\r\n\t\t\t\t\t<!-- Ordered list-->\r\n\t\t\t\t\t<ol class=\"fbc-items\" itemscope itemtype=\"https:\/\/schema.org\/BreadcrumbList\">\r\n\t\t\t\t\t\t            <li itemprop=\"itemListElement\" itemscope itemtype=\"https:\/\/schema.org\/ListItem\">\r\n                <span itemprop=\"name\">\r\n                    <!-- Home Link -->\r\n                    <a itemprop=\"item\" href=\"https:\/\/suresms.com\/nb\/\">\r\n                    \r\n                                                    <i class=\"fa fa-home\" aria-hidden=\"true\"><\/i>Hjem                    <\/a>\r\n                <\/span>\r\n                <meta itemprop=\"position\" content=\"1\" \/><!-- Meta Position-->\r\n             <\/li><li><span class=\"fbc-separator\">\/<\/span><\/li><li class=\"active\" itemprop=\"itemListElement\" itemscope itemtype=\"https:\/\/schema.org\/ListItem\"><span itemprop=\"name\" title=\"SMS for nettbaserte virksomheter og WEB-tjenester\">SMS for nettbaserte virksomheter...<\/span><meta itemprop=\"position\" content=\"2\" \/><\/li>\t\t\t\t\t<\/ol>\r\n\t\t\t\t\t<div class=\"clearfix\"><\/div>\r\n\t\t\t\t<\/div>\r\n\t\t\t<\/div>\r\n\t\t\t\n<h1>\n\t\tSMS for nettbaserte virksomheter og WEB-tjenester\n\t<\/h1>\n\t\n\n<p><strong>Mange av kundene v\u00e5re er i dag nettbaserte virksomheter og tjenester. API-et v\u00e5rt kan enkelt integreres i andre systemer, og SureSMS Gateway kan brukes i mange ulike sammenhenger: passord, kundeklubber, markedsf\u00f8ring og p\u00e5melding til tjenester eller nyhets-SMS, for \u00e5 nevne noen.<\/strong><\/p>\n\n<p><strong>Fordeler:<\/strong><\/p>\n<ul> \t\n<li>\n<p><strong>Helautomatiserte og fleksible API-alternativer<\/strong><\/p>\n<\/li>\n\n<li>\n<p><strong>Status for hver melding kan oppdateres automatisk i systemet ditt.<\/strong><\/p>\n<\/li>\n\n<li>\n<p><strong>Kan brukes som PIN-kode p\u00e5 systemet ditt.<\/strong><\/p>\n<\/li>\n\n<li><strong>Send SMS-meldinger med forskjellige avsender-ID-er fra samme konto.<\/strong><\/li>\n<\/ul>\n\n<h3>Bruk v\u00e5rt SureSMS Gateway API i systemene dine<\/h3>\n<p>Vi prioriterer alltid \u00e5 utvikle, vedlikeholde og forbedre API-et v\u00e5rt slik at det passer inn i kundenes systemer. SureSMS API er fleksibelt, veldokumentert og av h\u00f8yeste kvalitet, og du kan forvente st\u00f8tte fra v\u00e5re ingeni\u00f8rer og utviklere i forbindelse med integrasjonen. <a href=\"http:\/\/developer.suresms.com\/sample-code\/\">P\u00e5 utviklernettstedet v\u00e5rt har vi samlet en rekke kodeeksempler<\/a>. Hvis du ikke finner det du leter etter, kan du <a title=\"Kontakt oss\" href=\"https:\/\/suresms.com\/nb\/kontakt\/\">kontakt v\u00e5r support<\/a> for en prat om hvordan API-et v\u00e5rt kan integreres i systemet ditt<\/p>\n<h3>H\u00f8y leveringsp\u00e5litelighet og profesjonell service til en god pris<\/h3>\n\n<p>Etter mange \u00e5r i bransjen vet vi hvor viktig det er at kommunikasjonen din IKKE bryter sammen. Vi sparer ikke p\u00e5 utstyr, overv\u00e5king eller arbeidstimer. Teamet v\u00e5rt s\u00f8rger for at Gatewayen v\u00e5r leverer stabilt og sikkert. <a title=\"Priser p\u00e5 SMS-gateway\" href=\"https:\/\/suresms.com\/nb\/priser-paa-sms-gateway\/\">Les mer om v\u00e5re l\u00f8sninger og priser her.<\/a><\/p>\n<h3>Enkelt og oversiktlig brukergrensesnitt p\u00e5 WEB-portalen<\/h3>\n<p>V\u00e5rt enkle og oversiktlige grensesnitt p\u00e5 SureSMS WEB-portalen gj\u00f8r det enkelt \u00e5 sende SMS-meldinger til enkeltpersoner eller grupper. Herfra kan du enkelt bruke v\u00e5re mange funksjoner: opprette og sende til kontakter og grupper, sl\u00e5 sammen navn til gruppe-SMS, planlegge sending og opprette n\u00f8kkelord slik at brukerne selv kan registrere seg for tjenester. Fra nettstedet v\u00e5rt har du tilgang til en fullstendig logg og v\u00e5r SureSMS-rapporteringsmodul der du kan se all informasjon om sending og levering av meldingene dine.<\/p>\n<p>Nettportalen v\u00e5r kan brukes fra PC, iPad eller smarttelefoner.<\/p>\n<h3>Send fra flere avsendere<\/h3>\n<p>Mange nettselskaper administrerer flere nettjenester fra samme selskap. Her kan det v\u00e6re en fordel \u00e5 opprette flere avsender-ID-er fra samme konto. Om en avsender-ID skal best\u00e5 av tall - f.eks. telefonnummer - eller bokstaver, er helt opp til deg. Vi oppretter s\u00e5 mange avsendere som du trenger. Den eneste begrensningen - fastsatt av teleselskapene - er at en avsender-ID maksimalt kan best\u00e5 av 11 tegn.<\/p>\n<h3>Flere mobilnummeralternativer - mange forskjellige land<\/h3>\n<p>Hvis du har flere mobilnumre som du \u00f8nsker \u00e5 knytte til SureSMS-kontoen din, kan det enkelt settes opp slik at du kan gj\u00f8re det. Vi har flere kunder som har knyttet numre med SIM-kort fra forskjellige land. En enkel m\u00e5te \u00e5 sende SMS til flere land uten \u00e5 g\u00e5 p\u00e5 kompromiss med pris og oversikt.<\/p>\n<h3>Kom i gang med en gang<\/h3>\n<p>Det er raskt, enkelt og gratis \u00e5 komme i gang med v\u00e5r SMS Gateway.<\/p>\n<p>Fyll inn lenken v\u00e5r p\u00e5 denne siden for en gratis pr\u00f8vekonto og kom i gang p\u00e5 5 minutter. Vi gir deg 50 gratis SMSer, slik at du selv kan teste tjenesten og kvaliteten v\u00e5r. Hvis du har sp\u00f8rsm\u00e5l, er vi her for \u00e5 hjelpe deg, og vi har mange \u00e5rs erfaring fra v\u00e5re andre kunder i bransjen.<\/p>\n\n\t\t\t<p><a href=\"https:\/\/suresms.com\/wp-content\/uploads\/2015\/02\/norriq-logo-20x120-px.jpg\"><img loading=\"lazy\" decoding=\"async\" src=\"https:\/\/suresms.com\/wp-content\/uploads\/2015\/02\/norriq-logo-20x120-px.jpg\" alt=\"norriq logo 20x120 px\" width=\"200\" height=\"96\" \/><\/a><em>\"Vi har brukt SureSMS for flere av kundene v\u00e5re.<br \/>SureSMS er integrert med POS- og \u00f8konomisystemet v\u00e5rt, slik at meldinger sendes automatisk til kundenes kunder n\u00e5r bestillingen er fullf\u00f8rt.<\/em><em>Vi har hatt et godt samarbeid med SureSMS, og de har alltid v\u00e6rt raske til \u00e5 hjelpe oss med \u00e5 f\u00e5 nye kunder i gang. N\u00e5r vi f\u00f8rst er i gang, snakker vi ikke med dem lenger, for det er aldri noen problemer.<\/em><em>Noen av kundene v\u00e5re sender ogs\u00e5 til utenlandske nummer, og det er heller ikke noe problem.\"<\/em><strong>S\u00f8ren Christensen, Key Account Manager<\/strong><strong> Norriq.<\/strong><\/p>\t\t\n\t\t<h4>Opprett en gratis pr\u00f8vekonto<\/h4>\n\t\t<p>Det tar bare fem minutter. Kom i gang med en gang og f\u00e5 <strong>100 gratis SMS-meldinger<\/strong> uten betingelser.<\/p>\n\t\t\t<a href=\"https:\/\/suresms.com\/nb\/gratis-sms-testkonto\/\" target=\"_self\">\n\t\t\t\t\t\t\tOpprett pr\u00f8vekonto\n\t\t\t\t\t<\/a>\n\t\t<h4>Bestill en 2-veis l\u00f8sning!<\/h4>\n\t\t<p>Har du allerede en konto? Bestill en 2-veis l\u00f8sning og f\u00e5 de ekstra alternativene som din egen l\u00f8sning tilbyr.\u00a0<\/p>\n\t\t\t<a href=\"https:\/\/suresms.com\/nb\/bestill-2-veis-lossing\/\" target=\"_self\">\n\t\t\t\t\t\t\tBestill 2-veis l\u00f8sning\n\t\t\t\t\t<\/a>\n\t<p>&gt; Tilbake til <a href=\"https:\/\/suresms.com\/nb\/grenutslipp\/\">Bransjel\u00f8sninger<\/a><\/p>","protected":false},"excerpt":{"rendered":"<p>SMS for nettbaserte virksomheter og nettjenester Mange av kundene v\u00e5re er i dag nettbaserte virksomheter og tjenester. API-et v\u00e5rt kan enkelt integreres i andre systemer, og SureSMS Gateway kan brukes i mange ulike sammenhenger: Passord, kundeklubber, markedsf\u00f8ring og p\u00e5melding til tjenester eller nyhets-SMS, for \u00e5 nevne noen. Fordeler: Helautomatisk og fleksibel API ... <a title=\"SMS for nettbaserte virksomheter og WEB-tjenester\" class=\"read-more\" href=\"https:\/\/suresms.com\/nb\/branchelosninger\/sms-til-online-virksomheder-og-web-services-2\/\" aria-label=\"Les mer om SMS for nettbaserte virksomheter og WEB-tjenester\">Les mer om dette<\/a><\/p>","protected":false},"author":1,"featured_media":0,"parent":1654,"menu_order":5,"comment_status":"closed","ping_status":"closed","template":"","meta":{"_fl_builder_enabled":"1","_fl_builder_data":null,"_fl_builder_draft":null,"_fl_builder_data_settings":null,"_fl_builder_css":"","_fl_builder_css_version":"","_fl_builder_js":"","footnotes":""},"categories":[],"tags":[],"class_list":["post-2697","page","type-page","status-publish"],"yoast_head":"<!-- This site is optimized with the Yoast SEO Premium plugin v27.3 (Yoast SEO v27.3) - https:\/\/yoast.com\/product\/yoast-seo-premium-wordpress\/ -->\r\n<title>SMS til online virksomheder og WEB-services. Fleksibel SMS Gateway API<\/title>\r\n<meta name=\"description\" content=\"Fleksibel og veldokumenteret online SMS-l\u00f8sning. Pinkoder, nyheds-SMS og mange flere funktioner til online virksomheder og services. Opret gratis Testkonto.\" \/>\r\n<meta name=\"robots\" content=\"index, follow, max-snippet:-1, max-image-preview:large, max-video-preview:-1\" \/>\r\n<link rel=\"canonical\" href=\"https:\/\/suresms.com\/nb\/grenutslipp\/sms-for-nettbaserte-virksomheter-og-nettjenester-2\/\" \/>\r\n<meta property=\"og:locale\" content=\"nb_NO\" \/>\r\n<meta property=\"og:type\" content=\"article\" \/>\r\n<meta property=\"og:title\" content=\"SMS til Online Virksomheder og WEB services\" \/>\r\n<meta property=\"og:description\" content=\"Fleksibel og veldokumenteret online SMS-l\u00f8sning. Pinkoder, nyheds-SMS og mange flere funktioner til online virksomheder og services. Opret gratis Testkonto.\" \/>\r\n<meta property=\"og:url\" content=\"https:\/\/suresms.com\/nb\/grenutslipp\/sms-for-nettbaserte-virksomheter-og-nettjenester-2\/\" \/>\r\n<meta property=\"article:publisher\" content=\"https:\/\/www.facebook.com\/p\/SureSMS-100044607956149\/\" \/>\r\n<meta property=\"article:modified_time\" content=\"2025-01-05T00:16:47+00:00\" \/>\r\n<meta property=\"og:image\" content=\"https:\/\/suresms.com\/wp-content\/uploads\/2016\/06\/SMS-til-butikker.jpg\" \/>\r\n\t<meta property=\"og:image:width\" content=\"400\" \/>\r\n\t<meta property=\"og:image:height\" content=\"266\" \/>\r\n\t<meta property=\"og:image:type\" content=\"image\/jpeg\" \/>\r\n<meta name=\"twitter:card\" content=\"summary_large_image\" \/>\r\n<meta name=\"twitter:label1\" content=\"Ansl. lesetid\" \/>\n\t<meta name=\"twitter:data1\" content=\"3 minutter\" \/>\r\n<script type=\"application\/ld+json\" class=\"yoast-schema-graph\">{\"@context\":\"https:\\\/\\\/schema.org\",\"@graph\":[{\"@type\":\"WebPage\",\"@id\":\"https:\\\/\\\/suresms.com\\\/dk\\\/branchelosninger\\\/sms-til-online-virksomheder-og-web-services-2\\\/\",\"url\":\"https:\\\/\\\/suresms.com\\\/dk\\\/branchelosninger\\\/sms-til-online-virksomheder-og-web-services-2\\\/\",\"name\":\"SMS til online virksomheder og WEB-services. Fleksibel SMS Gateway API\",\"isPartOf\":{\"@id\":\"https:\\\/\\\/suresms.com\\\/en\\\/#website\"},\"primaryImageOfPage\":{\"@id\":\"https:\\\/\\\/suresms.com\\\/dk\\\/branchelosninger\\\/sms-til-online-virksomheder-og-web-services-2\\\/#primaryimage\"},\"image\":{\"@id\":\"https:\\\/\\\/suresms.com\\\/dk\\\/branchelosninger\\\/sms-til-online-virksomheder-og-web-services-2\\\/#primaryimage\"},\"thumbnailUrl\":\"https:\\\/\\\/suresms.com\\\/wp-content\\\/uploads\\\/2015\\\/02\\\/norriq-logo-20x120-px.jpg\",\"datePublished\":\"2016-06-02T15:36:31+00:00\",\"dateModified\":\"2025-01-05T00:16:47+00:00\",\"description\":\"Fleksibel og veldokumenteret online SMS-l\u00f8sning. Pinkoder, nyheds-SMS og mange flere funktioner til online virksomheder og services. Opret gratis Testkonto.\",\"breadcrumb\":{\"@id\":\"https:\\\/\\\/suresms.com\\\/dk\\\/branchelosninger\\\/sms-til-online-virksomheder-og-web-services-2\\\/#breadcrumb\"},\"inLanguage\":\"nb-NO\",\"potentialAction\":[{\"@type\":\"ReadAction\",\"target\":[\"https:\\\/\\\/suresms.com\\\/dk\\\/branchelosninger\\\/sms-til-online-virksomheder-og-web-services-2\\\/\"]}]},{\"@type\":\"ImageObject\",\"inLanguage\":\"nb-NO\",\"@id\":\"https:\\\/\\\/suresms.com\\\/dk\\\/branchelosninger\\\/sms-til-online-virksomheder-og-web-services-2\\\/#primaryimage\",\"url\":\"https:\\\/\\\/suresms.com\\\/wp-content\\\/uploads\\\/2015\\\/02\\\/norriq-logo-20x120-px.jpg\",\"contentUrl\":\"https:\\\/\\\/suresms.com\\\/wp-content\\\/uploads\\\/2015\\\/02\\\/norriq-logo-20x120-px.jpg\"},{\"@type\":\"BreadcrumbList\",\"@id\":\"https:\\\/\\\/suresms.com\\\/dk\\\/branchelosninger\\\/sms-til-online-virksomheder-og-web-services-2\\\/#breadcrumb\",\"itemListElement\":[{\"@type\":\"ListItem\",\"position\":1,\"name\":\"Home\",\"item\":\"https:\\\/\\\/suresms.com\\\/dk\\\/\"},{\"@type\":\"ListItem\",\"position\":2,\"name\":\"Branchel\u00f8sninger\",\"item\":\"https:\\\/\\\/suresms.com\\\/dk\\\/branchelosninger\\\/\"},{\"@type\":\"ListItem\",\"position\":3,\"name\":\"SMS til Online Virksomheder og WEB services\"}]},{\"@type\":\"WebSite\",\"@id\":\"https:\\\/\\\/suresms.com\\\/en\\\/#website\",\"url\":\"https:\\\/\\\/suresms.com\\\/en\\\/\",\"name\":\"SureSMS\",\"description\":\"Professionel SMS Gateway\",\"publisher\":{\"@id\":\"https:\\\/\\\/suresms.com\\\/en\\\/#organization\"},\"potentialAction\":[{\"@type\":\"SearchAction\",\"target\":{\"@type\":\"EntryPoint\",\"urlTemplate\":\"https:\\\/\\\/suresms.com\\\/en\\\/?s={search_term_string}\"},\"query-input\":{\"@type\":\"PropertyValueSpecification\",\"valueRequired\":true,\"valueName\":\"search_term_string\"}}],\"inLanguage\":\"nb-NO\"},{\"@type\":\"Organization\",\"@id\":\"https:\\\/\\\/suresms.com\\\/en\\\/#organization\",\"name\":\"SureSMS\",\"url\":\"https:\\\/\\\/suresms.com\\\/en\\\/\",\"logo\":{\"@type\":\"ImageObject\",\"inLanguage\":\"nb-NO\",\"@id\":\"https:\\\/\\\/suresms.com\\\/en\\\/#\\\/schema\\\/logo\\\/image\\\/\",\"url\":\"https:\\\/\\\/suresms.com\\\/wp-content\\\/uploads\\\/2024\\\/11\\\/suresms-300x65-1.png\",\"contentUrl\":\"https:\\\/\\\/suresms.com\\\/wp-content\\\/uploads\\\/2024\\\/11\\\/suresms-300x65-1.png\",\"width\":300,\"height\":65,\"caption\":\"SureSMS\"},\"image\":{\"@id\":\"https:\\\/\\\/suresms.com\\\/en\\\/#\\\/schema\\\/logo\\\/image\\\/\"},\"sameAs\":[\"https:\\\/\\\/www.facebook.com\\\/p\\\/SureSMS-100044607956149\\\/\"]}]}<\/script>\r\n<!-- \/ Yoast SEO Premium plugin. -->","yoast_head_json":{"title":"SMS for nettbaserte virksomheter og nettjenester. Fleksibel SMS Gateway API","description":"Fleksibel og velpr\u00f8vd SMS-l\u00f8sning p\u00e5 nett. PIN-koder, nyhets-SMS og mange flere funksjoner for nettbaserte virksomheter og tjenester. Opprett en gratis pr\u00f8vekonto.","robots":{"index":"index","follow":"follow","max-snippet":"max-snippet:-1","max-image-preview":"max-image-preview:large","max-video-preview":"max-video-preview:-1"},"canonical":"https:\/\/suresms.com\/nb\/grenutslipp\/sms-for-nettbaserte-virksomheter-og-nettjenester-2\/","og_locale":"nb_NO","og_type":"article","og_title":"SMS til Online Virksomheder og WEB services","og_description":"Fleksibel og veldokumenteret online SMS-l\u00f8sning. Pinkoder, nyheds-SMS og mange flere funktioner til online virksomheder og services. Opret gratis Testkonto.","og_url":"https:\/\/suresms.com\/nb\/grenutslipp\/sms-for-nettbaserte-virksomheter-og-nettjenester-2\/","article_publisher":"https:\/\/www.facebook.com\/p\/SureSMS-100044607956149\/","article_modified_time":"2025-01-05T00:16:47+00:00","og_image":[{"width":400,"height":266,"url":"https:\/\/suresms.com\/wp-content\/uploads\/2016\/06\/SMS-til-butikker.jpg","type":"image\/jpeg"}],"twitter_card":"summary_large_image","twitter_misc":{"Ansl. lesetid":"3 minutter"},"schema":{"@context":"https:\/\/schema.org","@graph":[{"@type":"WebPage","@id":"https:\/\/suresms.com\/dk\/branchelosninger\/sms-til-online-virksomheder-og-web-services-2\/","url":"https:\/\/suresms.com\/dk\/branchelosninger\/sms-til-online-virksomheder-og-web-services-2\/","name":"SMS for nettbaserte virksomheter og nettjenester. Fleksibel SMS Gateway API","isPartOf":{"@id":"https:\/\/suresms.com\/en\/#website"},"primaryImageOfPage":{"@id":"https:\/\/suresms.com\/dk\/branchelosninger\/sms-til-online-virksomheder-og-web-services-2\/#primaryimage"},"image":{"@id":"https:\/\/suresms.com\/dk\/branchelosninger\/sms-til-online-virksomheder-og-web-services-2\/#primaryimage"},"thumbnailUrl":"https:\/\/suresms.com\/wp-content\/uploads\/2015\/02\/norriq-logo-20x120-px.jpg","datePublished":"2016-06-02T15:36:31+00:00","dateModified":"2025-01-05T00:16:47+00:00","description":"Fleksibel og velpr\u00f8vd SMS-l\u00f8sning p\u00e5 nett. PIN-koder, nyhets-SMS og mange flere funksjoner for nettbaserte virksomheter og tjenester. Opprett en gratis pr\u00f8vekonto.","breadcrumb":{"@id":"https:\/\/suresms.com\/dk\/branchelosninger\/sms-til-online-virksomheder-og-web-services-2\/#breadcrumb"},"inLanguage":"nb-NO","potentialAction":[{"@type":"ReadAction","target":["https:\/\/suresms.com\/dk\/branchelosninger\/sms-til-online-virksomheder-og-web-services-2\/"]}]},{"@type":"ImageObject","inLanguage":"nb-NO","@id":"https:\/\/suresms.com\/dk\/branchelosninger\/sms-til-online-virksomheder-og-web-services-2\/#primaryimage","url":"https:\/\/suresms.com\/wp-content\/uploads\/2015\/02\/norriq-logo-20x120-px.jpg","contentUrl":"https:\/\/suresms.com\/wp-content\/uploads\/2015\/02\/norriq-logo-20x120-px.jpg"},{"@type":"BreadcrumbList","@id":"https:\/\/suresms.com\/dk\/branchelosninger\/sms-til-online-virksomheder-og-web-services-2\/#breadcrumb","itemListElement":[{"@type":"ListItem","position":1,"name":"Home","item":"https:\/\/suresms.com\/dk\/"},{"@type":"ListItem","position":2,"name":"Branchel\u00f8sninger","item":"https:\/\/suresms.com\/dk\/branchelosninger\/"},{"@type":"ListItem","position":3,"name":"SMS til Online Virksomheder og WEB services"}]},{"@type":"WebSite","@id":"https:\/\/suresms.com\/en\/#website","url":"https:\/\/suresms.com\/en\/","name":"SureSMS","description":"Profesjonell SMS-gateway","publisher":{"@id":"https:\/\/suresms.com\/en\/#organization"},"potentialAction":[{"@type":"SearchAction","target":{"@type":"EntryPoint","urlTemplate":"https:\/\/suresms.com\/en\/?s={search_term_string}"},"query-input":{"@type":"PropertyValueSpecification","valueRequired":true,"valueName":"search_term_string"}}],"inLanguage":"nb-NO"},{"@type":"Organization","@id":"https:\/\/suresms.com\/en\/#organization","name":"SureSMS","url":"https:\/\/suresms.com\/en\/","logo":{"@type":"ImageObject","inLanguage":"nb-NO","@id":"https:\/\/suresms.com\/en\/#\/schema\/logo\/image\/","url":"https:\/\/suresms.com\/wp-content\/uploads\/2024\/11\/suresms-300x65-1.png","contentUrl":"https:\/\/suresms.com\/wp-content\/uploads\/2024\/11\/suresms-300x65-1.png","width":300,"height":65,"caption":"SureSMS"},"image":{"@id":"https:\/\/suresms.com\/en\/#\/schema\/logo\/image\/"},"sameAs":["https:\/\/www.facebook.com\/p\/SureSMS-100044607956149\/"]}]}},"_links":{"self":[{"href":"https:\/\/suresms.com\/nb\/wp-json\/wp\/v2\/pages\/2697","targetHints":{"allow":["GET"]}}],"collection":[{"href":"https:\/\/suresms.com\/nb\/wp-json\/wp\/v2\/pages"}],"about":[{"href":"https:\/\/suresms.com\/nb\/wp-json\/wp\/v2\/types\/page"}],"author":[{"embeddable":true,"href":"https:\/\/suresms.com\/nb\/wp-json\/wp\/v2\/users\/1"}],"replies":[{"embeddable":true,"href":"https:\/\/suresms.com\/nb\/wp-json\/wp\/v2\/comments?post=2697"}],"version-history":[{"count":8,"href":"https:\/\/suresms.com\/nb\/wp-json\/wp\/v2\/pages\/2697\/revisions"}],"predecessor-version":[{"id":21100,"href":"https:\/\/suresms.com\/nb\/wp-json\/wp\/v2\/pages\/2697\/revisions\/21100"}],"up":[{"embeddable":true,"href":"https:\/\/suresms.com\/nb\/wp-json\/wp\/v2\/pages\/1654"}],"wp:attachment":[{"href":"https:\/\/suresms.com\/nb\/wp-json\/wp\/v2\/media?parent=2697"}],"wp:term":[{"taxonomy":"category","embeddable":true,"href":"https:\/\/suresms.com\/nb\/wp-json\/wp\/v2\/categories?post=2697"},{"taxonomy":"post_tag","embeddable":true,"href":"https:\/\/suresms.com\/nb\/wp-json\/wp\/v2\/tags?post=2697"}],"curies":[{"name":"wp","href":"https:\/\/api.w.org\/{rel}","templated":true}]}}