{"id":2687,"date":"2016-06-02T10:02:29","date_gmt":"2016-06-02T08:02:29","guid":{"rendered":"https:\/\/www.suresms.com\/dk\/?page_id=2687"},"modified":"2025-01-05T00:19:16","modified_gmt":"2025-01-05T00:19:16","slug":"sms-for-produksjonsbedrifter","status":"publish","type":"page","link":"https:\/\/suresms.com\/nb\/branchelosninger\/sms-til-produktionsvirksomheder\/","title":{"rendered":"SMS for produksjonsbedrifter"},"content":{"rendered":"<!-- Flexy Breadcrumb -->\r\n\t\t\t<div class=\"fbc fbc-page\">\r\n\r\n\t\t\t\t<!-- Breadcrumb wrapper -->\r\n\t\t\t\t<div class=\"fbc-wrap\">\r\n\r\n\t\t\t\t\t<!-- Ordered list-->\r\n\t\t\t\t\t<ol class=\"fbc-items\" itemscope itemtype=\"https:\/\/schema.org\/BreadcrumbList\">\r\n\t\t\t\t\t\t            <li itemprop=\"itemListElement\" itemscope itemtype=\"https:\/\/schema.org\/ListItem\">\r\n                <span itemprop=\"name\">\r\n                    <!-- Home Link -->\r\n                    <a itemprop=\"item\" href=\"https:\/\/suresms.com\/nb\/\">\r\n                    \r\n                                                    <i class=\"fa fa-home\" aria-hidden=\"true\"><\/i>Hjem                    <\/a>\r\n                <\/span>\r\n                <meta itemprop=\"position\" content=\"1\" \/><!-- Meta Position-->\r\n             <\/li><li><span class=\"fbc-separator\">\/<\/span><\/li><li class=\"active\" itemprop=\"itemListElement\" itemscope itemtype=\"https:\/\/schema.org\/ListItem\"><span itemprop=\"name\" title=\"SMS for produksjonsbedrifter\">SMS for produksjonsbedrifter<\/span><meta itemprop=\"position\" content=\"2\" \/><\/li>\t\t\t\t\t<\/ol>\r\n\t\t\t\t\t<div class=\"clearfix\"><\/div>\r\n\t\t\t\t<\/div>\r\n\t\t\t<\/div>\r\n\t\t\t\n<h1>\n\t\tSMS for produksjonsbedrifter og virksomheter\n\t<\/h1>\n\t\n\n<p><strong>Vi i SureSMS leverer SMS til produksjonsbedrifter og virksomheter. Vi tilbyr en stabil og p\u00e5litelig gateway der kvalitet og overv\u00e5king er i toppklasse - en SMS-l\u00f8sning som fungerer.<\/strong><\/p>\n\n<p><strong>Fordeler med SureSMS Gateway:<\/strong><\/p>\n<ul> \t\n<li><strong>Driftsstabil og med h\u00f8yest mulig oppetid.<\/strong><\/li>\n\n<li><b>Sikkerhetskopiering: Vi har sikkerhetskopier av alle data p\u00e5 fysiske servere p\u00e5 forskjellige steder p\u00e5 Sj\u00e6lland.<\/b><\/li>\n\n<li><strong>Teamet v\u00e5rt er h\u00f8yt utdannede mennesker som kjenner prosessene. Vi har gjort det f\u00f8r, og det resulterer i f\u00e6rre feil og st\u00f8rre profesjonalitet.<\/strong><\/li>\n\n<li><strong>Fra v\u00e5r nettportal er det enkelt \u00e5 jobbe med fleksible brukerrettigheter. Dine ansatte kan sende fra samme konto med flere mobilnumre.<\/strong><\/li>\n\n<li><strong>Integrasjoner: Vi har mange, f.eks. SAP, Oracle, SCADA og AS\/400, og hvis vi ikke har din, hjelper vi deg gjerne med \u00e5 opprette den. Selvsagt uten ekstra kostnad.<\/strong><\/li>\n<\/ul>\n\n<h3>H\u00f8y leveringsp\u00e5litelighet og profesjonell service til en god pris<\/h3>\n\n<p>Etter mange \u00e5r i bransjen vet vi hvor viktig det er at kommunikasjonen din IKKE bryter sammen. Vi sparer ikke p\u00e5 utstyr, overv\u00e5king eller arbeidstimer. Teamet v\u00e5rt s\u00f8rger for at Gateway fungerer profesjonelt, stabilt og leverer sikkert.<\/p>\n\n<p>Etter over 10 \u00e5r i bransjen kan vi garantere og levere et produkt som b\u00e5de er grundig testet og riktig utviklet.  Ta en titt p\u00e5 v\u00e5re<a title=\"Priser p\u00e5 SMS-gateway\" href=\"https:\/\/suresms.com\/nb\/priser-paa-sms-gateway\/\"> SMS Gateway-priser <\/a>Her.<\/p>\n<h3>Overv\u00e5kede servere og SSL-kryptering av alle data<\/h3>\n<p>Virksomheter er avhengige av at kommunikasjonen med kunder og leverand\u00f8rer fungerer problemfritt - hele tiden!<br \/>Hos SureSMS sikrer vi dataene dine i et redundant serveroppsett p\u00e5 danske fysiske servere. Det betyr at vi har alle data fysisk plassert p\u00e5 servere som er satt opp i to forskjellige datasentre. Skulle noe skje med dataene dine, har vi alltid en fullstendig sikkerhetskopi. Vi har selvf\u00f8lgelig de beste alarmsystemene for overv\u00e5king, men alle maskiner kan svikte. <strong>Derfor har vi ALLTID kompetente folk som overv\u00e5ker trafikken og serverne 24 timer i d\u00f8gnet.<\/strong><\/p>\n<p>Den siste <strong>SSL-kryptering<\/strong> sikrer at dataene dine er beskyttet n\u00e5r du f\u00e5r tilgang til dem via Internett. Vi lagrer normalt alle meldinger slik at du alltid har full oversikt over meldinger som er sendt fra nettportalen v\u00e5r. Hvis du \u00f8nsker det, har vi en funksjon som sletter meldinger fra serverne v\u00e5re s\u00e5 snart de er sendt. Ta kontakt med v\u00e5r support hvis du \u00f8nsker \u00e5 benytte deg av denne funksjonen.<\/p>\n<h3>Enkelt og oversiktlig brukergrensesnitt p\u00e5 WEB-portalen<\/h3>\n<p>V\u00e5rt enkle og oversiktlige grensesnitt p\u00e5 SureSMS WEB-portalen gj\u00f8r det enkelt \u00e5 sende SMS-meldinger til de personene eller gruppene du trenger \u00e5 kommunisere med. Du kan holde oversikten fra datamaskinen din. Nettportalen v\u00e5r kan brukes fra PC, iPad eller smarttelefoner.<\/p>\n<p>Enten du skal sende meldinger til medarbeidere, sj\u00e5f\u00f8rer eller kunder, og uansett om telefonen du sender til er dansk eller utenlandsk, kommer meldingene frem uansett hvor den er. S\u00e5 lenge telefonen er sl\u00e5tt p\u00e5 i den andre enden.<\/p>\n<h3>Vi lager integrasjoner til de fleste systemer<\/h3>\n<p>V\u00e5r SMS Gateway kan enkelt integreres i eksisterende prosesser og systemer for \u00e5 sikre rask og stabil kommunikasjon i det daglige. Vi har et utmerket API og integrasjoner til SAP, Oracle, SCADA og AS\/400, og vi hjelper gjerne til hvis du trenger \u00e5 integrere til et nytt system. <a title=\"24\/7 support via e-post og telefon\" href=\"https:\/\/suresms.com\/nb\/suresms-stoette\/\">Ta kontakt med v\u00e5r support<\/a>. V\u00e5re utviklere st\u00e5r klare med hjelp og r\u00e5d.<\/p>\n<h3>Konsernfunksjon: Kommunikasjon til ansatte<\/h3>\n<p>Fra nettportalen v\u00e5r kan du bruke funksjonen <a title=\"GroupSMS: Opprett og send til grupper\" href=\"https:\/\/suresms.com\/nb\/sms-gruppe\/\">Opprett og send SMS til grupper<\/a>. En funksjon som kan brukes p\u00e5 mange m\u00e5ter. Flere bedrifter bruker den til \u00e5 kommunisere med de ansatte. Mobiltelefonen har blitt det naturlige kommunikasjonsmiddelet for praktisk informasjon, men ogs\u00e5 for kommunikasjon av mer sosial karakter.<\/p>\n<h3>Kom i gang med en gang<\/h3>\n<p>Det er raskt og enkelt \u00e5 komme i gang med SMS Gateway, og det er ingen kostnader forbundet med \u00e5 teste produktet v\u00e5rt.<\/p>\n<p>Ved \u00e5 fylle ut lenken v\u00e5r for en gratis pr\u00f8vekonto kan du komme i gang p\u00e5 5 minutter. Vi gir deg 50 gratis SMSer, slik at du raskt kan bed\u00f8mme v\u00e5r tjeneste og kvalitet selv. Hvis du har sp\u00f8rsm\u00e5l, husk at vi alltid er her for \u00e5 hjelpe deg, og vi har mange \u00e5rs erfaring fra v\u00e5re andre kunder i bransjen.<\/p>\n\n\t\t\t<p><a href=\"https:\/\/suresms.com\/wp-content\/uploads\/2016\/01\/Herning-Varmforsinkning-100-px.jpg\"><img loading=\"lazy\" decoding=\"async\" src=\"https:\/\/suresms.com\/wp-content\/uploads\/2016\/01\/Herning-Varmforsinkning-100-px.jpg\" alt=\"Herning Varmeavleder 100 px\" width=\"100\" height=\"99\" \/><\/a><\/p>\n<p>Herning Varmforzinkning sender meldinger til kundene sine via Email2SMS. Kundene f\u00e5r en flashmelding p\u00e5 mobiltelefonen n\u00e5r en bestilling er fullf\u00f8rt.<\/p>\n<em>\"Det burde finnes flere IT-selskaper som dere.<br \/>\n- Det er veldig fleksibelt.\"<\/em>\n<p><strong>Bjarne J\u00f8rgensen, administrerende direkt\u00f8r Administrerende direkt\u00f8r<\/strong><\/p>\n<p><strong>Herning Varmgalvanisering.<\/strong><\/p>\n\t\t<h4>Opprett en gratis pr\u00f8vekonto<\/h4>\n\t\t<p>Det tar bare fem minutter. Kom i gang med en gang og f\u00e5 <strong>100 gratis SMS-meldinger<\/strong> uten betingelser.<\/p>\n\t\t\t<a href=\"https:\/\/suresms.com\/nb\/gratis-sms-testkonto\/\" target=\"_self\">\n\t\t\t\t\t\t\tOpprett pr\u00f8vekonto\n\t\t\t\t\t<\/a>\n\t\t<h4>Bestill en 2-veis l\u00f8sning!<\/h4>\n\t\t<p>Har du allerede en konto? Bestill en 2-veis l\u00f8sning og f\u00e5 de ekstra alternativene som din egen l\u00f8sning tilbyr.\u00a0<\/p>\n\t\t\t<a href=\"https:\/\/suresms.com\/nb\/bestill-2-veis-lossing\/\" target=\"_self\">\n\t\t\t\t\t\t\tBestill 2-veis l\u00f8sning\n\t\t\t\t\t<\/a>\n\t<p>&gt; Tilbake til <a href=\"https:\/\/suresms.com\/nb\/grenutslipp\/\">Bransjel\u00f8sninger<\/a><\/p>","protected":false},"excerpt":{"rendered":"<p>SMS til produksjonsbedrifter og virksomheter Hos SureSMS leverer vi SMS til produksjonsbedrifter og virksomheter. Vi leverer en stabil og p\u00e5litelig gateway med topp kvalitet og overv\u00e5king - en SMS-l\u00f8sning som fungerer. Fordeler med SureSMS Gateway: Driftsstabilitet og h\u00f8yest mulig oppetid. Backup: Vi tar backup av alle data p\u00e5 fysiske servere p\u00e5 ulike lokasjoner... <a title=\"SMS for produksjonsbedrifter\" class=\"read-more\" href=\"https:\/\/suresms.com\/nb\/branchelosninger\/sms-til-produktionsvirksomheder\/\" aria-label=\"Les mer om SMS for produksjonsbedrifter\">Les mer om dette<\/a><\/p>","protected":false},"author":1,"featured_media":0,"parent":1654,"menu_order":6,"comment_status":"closed","ping_status":"closed","template":"","meta":{"_fl_builder_enabled":"1","_fl_builder_data":null,"_fl_builder_draft":null,"_fl_builder_data_settings":null,"_fl_builder_css":"","_fl_builder_css_version":"","_fl_builder_js":"","footnotes":""},"categories":[],"tags":[],"class_list":["post-2687","page","type-page","status-publish"],"yoast_head":"<!-- This site is optimized with the Yoast SEO Premium plugin v27.3 (Yoast SEO v27.3) - https:\/\/yoast.com\/product\/yoast-seo-premium-wordpress\/ -->\r\n<title>SMS til Produktionsvirksomheder - SureSMS. Stabil og driftssikker SMS<\/title>\r\n<meta name=\"description\" content=\"Driftstabil og fleksibel online SMS Gateway. H\u00f8j leveringssikkerhed og professionel service til god pris. Bedste leverand\u00f8rer giver h\u00f8jest mulige oppetid.\" \/>\r\n<meta name=\"robots\" content=\"index, follow, max-snippet:-1, max-image-preview:large, max-video-preview:-1\" \/>\r\n<link rel=\"canonical\" href=\"https:\/\/suresms.com\/nb\/grenutslipp\/sms-for-produksjonsbedrifter\/\" \/>\r\n<meta property=\"og:locale\" content=\"nb_NO\" \/>\r\n<meta property=\"og:type\" content=\"article\" \/>\r\n<meta property=\"og:title\" content=\"SMS til Produktionsvirksomheder\" \/>\r\n<meta property=\"og:description\" content=\"Driftstabil og fleksibel online SMS Gateway. H\u00f8j leveringssikkerhed og professionel service til god pris. Bedste leverand\u00f8rer giver h\u00f8jest mulige oppetid.\" \/>\r\n<meta property=\"og:url\" content=\"https:\/\/suresms.com\/nb\/grenutslipp\/sms-for-produksjonsbedrifter\/\" \/>\r\n<meta property=\"article:publisher\" content=\"https:\/\/www.facebook.com\/p\/SureSMS-100044607956149\/\" \/>\r\n<meta property=\"article:modified_time\" content=\"2025-01-05T00:19:16+00:00\" \/>\r\n<meta property=\"og:image\" content=\"https:\/\/suresms.com\/wp-content\/uploads\/2016\/06\/sms-til-produktionsvirksomheder-snippet.jpg\" \/>\r\n\t<meta property=\"og:image:width\" content=\"400\" \/>\r\n\t<meta property=\"og:image:height\" content=\"266\" \/>\r\n\t<meta property=\"og:image:type\" content=\"image\/jpeg\" \/>\r\n<meta name=\"twitter:card\" content=\"summary_large_image\" \/>\r\n<meta name=\"twitter:label1\" content=\"Ansl. lesetid\" \/>\n\t<meta name=\"twitter:data1\" content=\"4 minutter\" \/>\r\n<script type=\"application\/ld+json\" class=\"yoast-schema-graph\">{\"@context\":\"https:\\\/\\\/schema.org\",\"@graph\":[{\"@type\":\"WebPage\",\"@id\":\"https:\\\/\\\/suresms.com\\\/dk\\\/branchelosninger\\\/sms-til-produktionsvirksomheder\\\/\",\"url\":\"https:\\\/\\\/suresms.com\\\/dk\\\/branchelosninger\\\/sms-til-produktionsvirksomheder\\\/\",\"name\":\"SMS til Produktionsvirksomheder - SureSMS. Stabil og driftssikker SMS\",\"isPartOf\":{\"@id\":\"https:\\\/\\\/suresms.com\\\/en\\\/#website\"},\"primaryImageOfPage\":{\"@id\":\"https:\\\/\\\/suresms.com\\\/dk\\\/branchelosninger\\\/sms-til-produktionsvirksomheder\\\/#primaryimage\"},\"image\":{\"@id\":\"https:\\\/\\\/suresms.com\\\/dk\\\/branchelosninger\\\/sms-til-produktionsvirksomheder\\\/#primaryimage\"},\"thumbnailUrl\":\"https:\\\/\\\/suresms.com\\\/wp-content\\\/uploads\\\/2016\\\/01\\\/Herning-Varmforsinkning-100-px.jpg\",\"datePublished\":\"2016-06-02T08:02:29+00:00\",\"dateModified\":\"2025-01-05T00:19:16+00:00\",\"description\":\"Driftstabil og fleksibel online SMS Gateway. H\u00f8j leveringssikkerhed og professionel service til god pris. Bedste leverand\u00f8rer giver h\u00f8jest mulige oppetid.\",\"breadcrumb\":{\"@id\":\"https:\\\/\\\/suresms.com\\\/dk\\\/branchelosninger\\\/sms-til-produktionsvirksomheder\\\/#breadcrumb\"},\"inLanguage\":\"nb-NO\",\"potentialAction\":[{\"@type\":\"ReadAction\",\"target\":[\"https:\\\/\\\/suresms.com\\\/dk\\\/branchelosninger\\\/sms-til-produktionsvirksomheder\\\/\"]}]},{\"@type\":\"ImageObject\",\"inLanguage\":\"nb-NO\",\"@id\":\"https:\\\/\\\/suresms.com\\\/dk\\\/branchelosninger\\\/sms-til-produktionsvirksomheder\\\/#primaryimage\",\"url\":\"https:\\\/\\\/suresms.com\\\/wp-content\\\/uploads\\\/2016\\\/01\\\/Herning-Varmforsinkning-100-px.jpg\",\"contentUrl\":\"https:\\\/\\\/suresms.com\\\/wp-content\\\/uploads\\\/2016\\\/01\\\/Herning-Varmforsinkning-100-px.jpg\"},{\"@type\":\"BreadcrumbList\",\"@id\":\"https:\\\/\\\/suresms.com\\\/dk\\\/branchelosninger\\\/sms-til-produktionsvirksomheder\\\/#breadcrumb\",\"itemListElement\":[{\"@type\":\"ListItem\",\"position\":1,\"name\":\"Home\",\"item\":\"https:\\\/\\\/suresms.com\\\/dk\\\/\"},{\"@type\":\"ListItem\",\"position\":2,\"name\":\"Branchel\u00f8sninger\",\"item\":\"https:\\\/\\\/suresms.com\\\/dk\\\/branchelosninger\\\/\"},{\"@type\":\"ListItem\",\"position\":3,\"name\":\"SMS til Produktionsvirksomheder\"}]},{\"@type\":\"WebSite\",\"@id\":\"https:\\\/\\\/suresms.com\\\/en\\\/#website\",\"url\":\"https:\\\/\\\/suresms.com\\\/en\\\/\",\"name\":\"SureSMS\",\"description\":\"Professionel SMS Gateway\",\"publisher\":{\"@id\":\"https:\\\/\\\/suresms.com\\\/en\\\/#organization\"},\"potentialAction\":[{\"@type\":\"SearchAction\",\"target\":{\"@type\":\"EntryPoint\",\"urlTemplate\":\"https:\\\/\\\/suresms.com\\\/en\\\/?s={search_term_string}\"},\"query-input\":{\"@type\":\"PropertyValueSpecification\",\"valueRequired\":true,\"valueName\":\"search_term_string\"}}],\"inLanguage\":\"nb-NO\"},{\"@type\":\"Organization\",\"@id\":\"https:\\\/\\\/suresms.com\\\/en\\\/#organization\",\"name\":\"SureSMS\",\"url\":\"https:\\\/\\\/suresms.com\\\/en\\\/\",\"logo\":{\"@type\":\"ImageObject\",\"inLanguage\":\"nb-NO\",\"@id\":\"https:\\\/\\\/suresms.com\\\/en\\\/#\\\/schema\\\/logo\\\/image\\\/\",\"url\":\"https:\\\/\\\/suresms.com\\\/wp-content\\\/uploads\\\/2024\\\/11\\\/suresms-300x65-1.png\",\"contentUrl\":\"https:\\\/\\\/suresms.com\\\/wp-content\\\/uploads\\\/2024\\\/11\\\/suresms-300x65-1.png\",\"width\":300,\"height\":65,\"caption\":\"SureSMS\"},\"image\":{\"@id\":\"https:\\\/\\\/suresms.com\\\/en\\\/#\\\/schema\\\/logo\\\/image\\\/\"},\"sameAs\":[\"https:\\\/\\\/www.facebook.com\\\/p\\\/SureSMS-100044607956149\\\/\"]}]}<\/script>\r\n<!-- \/ Yoast SEO Premium plugin. -->","yoast_head_json":{"title":"SMS for produksjonsbedrifter - SureSMS. Stabil og p\u00e5litelig SMS","description":"Stabil og fleksibel online SMS-gateway. H\u00f8y leveringsp\u00e5litelighet og profesjonell service til en god pris. De beste leverand\u00f8rene gir h\u00f8yest mulig oppetid.","robots":{"index":"index","follow":"follow","max-snippet":"max-snippet:-1","max-image-preview":"max-image-preview:large","max-video-preview":"max-video-preview:-1"},"canonical":"https:\/\/suresms.com\/nb\/grenutslipp\/sms-for-produksjonsbedrifter\/","og_locale":"nb_NO","og_type":"article","og_title":"SMS til Produktionsvirksomheder","og_description":"Driftstabil og fleksibel online SMS Gateway. H\u00f8j leveringssikkerhed og professionel service til god pris. Bedste leverand\u00f8rer giver h\u00f8jest mulige oppetid.","og_url":"https:\/\/suresms.com\/nb\/grenutslipp\/sms-for-produksjonsbedrifter\/","article_publisher":"https:\/\/www.facebook.com\/p\/SureSMS-100044607956149\/","article_modified_time":"2025-01-05T00:19:16+00:00","og_image":[{"width":400,"height":266,"url":"https:\/\/suresms.com\/wp-content\/uploads\/2016\/06\/sms-til-produktionsvirksomheder-snippet.jpg","type":"image\/jpeg"}],"twitter_card":"summary_large_image","twitter_misc":{"Ansl. lesetid":"4 minutter"},"schema":{"@context":"https:\/\/schema.org","@graph":[{"@type":"WebPage","@id":"https:\/\/suresms.com\/dk\/branchelosninger\/sms-til-produktionsvirksomheder\/","url":"https:\/\/suresms.com\/dk\/branchelosninger\/sms-til-produktionsvirksomheder\/","name":"SMS for produksjonsbedrifter - SureSMS. Stabil og p\u00e5litelig SMS","isPartOf":{"@id":"https:\/\/suresms.com\/en\/#website"},"primaryImageOfPage":{"@id":"https:\/\/suresms.com\/dk\/branchelosninger\/sms-til-produktionsvirksomheder\/#primaryimage"},"image":{"@id":"https:\/\/suresms.com\/dk\/branchelosninger\/sms-til-produktionsvirksomheder\/#primaryimage"},"thumbnailUrl":"https:\/\/suresms.com\/wp-content\/uploads\/2016\/01\/Herning-Varmforsinkning-100-px.jpg","datePublished":"2016-06-02T08:02:29+00:00","dateModified":"2025-01-05T00:19:16+00:00","description":"Stabil og fleksibel online SMS-gateway. H\u00f8y leveringsp\u00e5litelighet og profesjonell service til en god pris. De beste leverand\u00f8rene gir h\u00f8yest mulig oppetid.","breadcrumb":{"@id":"https:\/\/suresms.com\/dk\/branchelosninger\/sms-til-produktionsvirksomheder\/#breadcrumb"},"inLanguage":"nb-NO","potentialAction":[{"@type":"ReadAction","target":["https:\/\/suresms.com\/dk\/branchelosninger\/sms-til-produktionsvirksomheder\/"]}]},{"@type":"ImageObject","inLanguage":"nb-NO","@id":"https:\/\/suresms.com\/dk\/branchelosninger\/sms-til-produktionsvirksomheder\/#primaryimage","url":"https:\/\/suresms.com\/wp-content\/uploads\/2016\/01\/Herning-Varmforsinkning-100-px.jpg","contentUrl":"https:\/\/suresms.com\/wp-content\/uploads\/2016\/01\/Herning-Varmforsinkning-100-px.jpg"},{"@type":"BreadcrumbList","@id":"https:\/\/suresms.com\/dk\/branchelosninger\/sms-til-produktionsvirksomheder\/#breadcrumb","itemListElement":[{"@type":"ListItem","position":1,"name":"Home","item":"https:\/\/suresms.com\/dk\/"},{"@type":"ListItem","position":2,"name":"Branchel\u00f8sninger","item":"https:\/\/suresms.com\/dk\/branchelosninger\/"},{"@type":"ListItem","position":3,"name":"SMS til Produktionsvirksomheder"}]},{"@type":"WebSite","@id":"https:\/\/suresms.com\/en\/#website","url":"https:\/\/suresms.com\/en\/","name":"SureSMS","description":"Profesjonell SMS-gateway","publisher":{"@id":"https:\/\/suresms.com\/en\/#organization"},"potentialAction":[{"@type":"SearchAction","target":{"@type":"EntryPoint","urlTemplate":"https:\/\/suresms.com\/en\/?s={search_term_string}"},"query-input":{"@type":"PropertyValueSpecification","valueRequired":true,"valueName":"search_term_string"}}],"inLanguage":"nb-NO"},{"@type":"Organization","@id":"https:\/\/suresms.com\/en\/#organization","name":"SureSMS","url":"https:\/\/suresms.com\/en\/","logo":{"@type":"ImageObject","inLanguage":"nb-NO","@id":"https:\/\/suresms.com\/en\/#\/schema\/logo\/image\/","url":"https:\/\/suresms.com\/wp-content\/uploads\/2024\/11\/suresms-300x65-1.png","contentUrl":"https:\/\/suresms.com\/wp-content\/uploads\/2024\/11\/suresms-300x65-1.png","width":300,"height":65,"caption":"SureSMS"},"image":{"@id":"https:\/\/suresms.com\/en\/#\/schema\/logo\/image\/"},"sameAs":["https:\/\/www.facebook.com\/p\/SureSMS-100044607956149\/"]}]}},"_links":{"self":[{"href":"https:\/\/suresms.com\/nb\/wp-json\/wp\/v2\/pages\/2687","targetHints":{"allow":["GET"]}}],"collection":[{"href":"https:\/\/suresms.com\/nb\/wp-json\/wp\/v2\/pages"}],"about":[{"href":"https:\/\/suresms.com\/nb\/wp-json\/wp\/v2\/types\/page"}],"author":[{"embeddable":true,"href":"https:\/\/suresms.com\/nb\/wp-json\/wp\/v2\/users\/1"}],"replies":[{"embeddable":true,"href":"https:\/\/suresms.com\/nb\/wp-json\/wp\/v2\/comments?post=2687"}],"version-history":[{"count":2,"href":"https:\/\/suresms.com\/nb\/wp-json\/wp\/v2\/pages\/2687\/revisions"}],"predecessor-version":[{"id":21218,"href":"https:\/\/suresms.com\/nb\/wp-json\/wp\/v2\/pages\/2687\/revisions\/21218"}],"up":[{"embeddable":true,"href":"https:\/\/suresms.com\/nb\/wp-json\/wp\/v2\/pages\/1654"}],"wp:attachment":[{"href":"https:\/\/suresms.com\/nb\/wp-json\/wp\/v2\/media?parent=2687"}],"wp:term":[{"taxonomy":"category","embeddable":true,"href":"https:\/\/suresms.com\/nb\/wp-json\/wp\/v2\/categories?post=2687"},{"taxonomy":"post_tag","embeddable":true,"href":"https:\/\/suresms.com\/nb\/wp-json\/wp\/v2\/tags?post=2687"}],"curies":[{"name":"wp","href":"https:\/\/api.w.org\/{rel}","templated":true}]}}