{"id":2681,"date":"2016-06-01T17:49:00","date_gmt":"2016-06-01T15:49:00","guid":{"rendered":"https:\/\/www.suresms.com\/dk\/?page_id=2681"},"modified":"2025-01-03T14:16:29","modified_gmt":"2025-01-03T14:16:29","slug":"sms-for-servicebedrifter","status":"publish","type":"page","link":"https:\/\/suresms.com\/nb\/branchelosninger\/sms-til-servicevirksomheder\/","title":{"rendered":"SMS for servicebedrifter"},"content":{"rendered":"<!-- Flexy Breadcrumb -->\r\n\t\t\t<div class=\"fbc fbc-page\">\r\n\r\n\t\t\t\t<!-- Breadcrumb wrapper -->\r\n\t\t\t\t<div class=\"fbc-wrap\">\r\n\r\n\t\t\t\t\t<!-- Ordered list-->\r\n\t\t\t\t\t<ol class=\"fbc-items\" itemscope itemtype=\"https:\/\/schema.org\/BreadcrumbList\">\r\n\t\t\t\t\t\t            <li itemprop=\"itemListElement\" itemscope itemtype=\"https:\/\/schema.org\/ListItem\">\r\n                <span itemprop=\"name\">\r\n                    <!-- Home Link -->\r\n                    <a itemprop=\"item\" href=\"https:\/\/suresms.com\/nb\/\">\r\n                    \r\n                                                    <i class=\"fa fa-home\" aria-hidden=\"true\"><\/i>Hjem                    <\/a>\r\n                <\/span>\r\n                <meta itemprop=\"position\" content=\"1\" \/><!-- Meta Position-->\r\n             <\/li><li><span class=\"fbc-separator\">\/<\/span><\/li><li class=\"active\" itemprop=\"itemListElement\" itemscope itemtype=\"https:\/\/schema.org\/ListItem\"><span itemprop=\"name\" title=\"SMS for servicebedrifter\">SMS for servicebedrifter<\/span><meta itemprop=\"position\" content=\"2\" \/><\/li>\t\t\t\t\t<\/ol>\r\n\t\t\t\t\t<div class=\"clearfix\"><\/div>\r\n\t\t\t\t<\/div>\r\n\t\t\t<\/div>\r\n\t\t\t\n<h1>\n\t\tSMS for servicebedrifter\n\t<\/h1>\n<p><strong>Bilverksteder, tannleger, fris\u00f8rer, klinikker og terapeuter. Hvis du trenger SMS p\u00e5 nett for servicebedrifter, er en SMS-gateway den optimale l\u00f8sningen. Med en SureSMS-l\u00f8sning kan du enkelt og billig sende SMS-meldinger til kundene dine fra PC-en din.<\/strong><\/p>\n<p>V\u00e5rt enkle og oversiktlige grensesnitt gj\u00f8r det lett \u00e5 sende SMS-meldinger til akkurat de personene i gruppen du \u00f8nsker \u00e5 kommunisere med. Alt som kreves er internett. Du trenger ikke \u00e5 installere noen programvare eller programmer for \u00e5 komme i gang.<\/p>\n<p><strong>Fordeler:\u00a0<\/strong><\/p>\n<ul>\n<li><strong>Planlegg meldinger som skal sendes: Send p\u00e5minnelser om avtaler og unng\u00e5 un\u00f8dvendige avbestillinger.<\/strong><\/li>\n<li><strong>Skap inntekter: Send ut gode tilbud og nyhetsbrev til kundene via v\u00e5r gruppefunksjon.<\/strong><\/li>\n<li><strong>Send enkelt ut personlige meldinger til grupper fra nettportalen v\u00e5r med funksjonen Merge Names.<\/strong><\/li>\n<li><strong>Gjennomf\u00f8r tilfredshetsunders\u00f8kelser om tjenesten din. Send og motta meldinger fra kunden med en 2-veis l\u00f8sning.<\/strong><\/li>\n<li><strong>Og nettportalen v\u00e5r kan brukes fra PC, iPad eller smarttelefoner.<\/strong><\/li>\n<\/ul>\n<p>Tjenesten v\u00e5r kan selvf\u00f8lgelig ogs\u00e5 integreres med ditt eksisterende system via v\u00e5rt SureSMS API. <a title=\"Kontakt oss\" href=\"https:\/\/suresms.com\/nb\/kontakt\/\">Kontakt oss<\/a> for en prat hvis du \u00f8nsker \u00e5 integrere v\u00e5r SMS i systemet ditt.<\/p>\n<h3>Send p\u00e5minnelser om avtaler - unng\u00e5 avbestillinger<\/h3>\n<p>Alle servicevirksomheter er avhengige av at kundene dukker opp - og at de dukker opp i tide. Hver gang en kunde ikke dukker opp til avtalt tid, kan det sette planlegging og inntekter i fare. Unng\u00e5 \u00e5 kaste bort tid og ressurser ved \u00e5 sende ut p\u00e5minnelser til kunder og klienter. En liten, tidsstyrt SMS kan s\u00f8rge for at kunden enten dukker opp eller husker \u00e5 sende en avbestilling i god tid.<\/p>\n<h3>Gruppefunksjoner<\/h3>\n<p>Fra nettportalen v\u00e5r kan du bruke funksjonen <a title=\"GroupSMS: Opprett og send til grupper\" href=\"https:\/\/suresms.com\/nb\/sms-gruppe\/\">Opprett og send SMS til grupper<\/a>. Det kan v\u00e6re fris\u00f8ren som \u00f8nsker \u00e5 sende et spesialtilbud, fysioterapeuten med en melding til mandagsteamet eller bilmekanikeren som \u00f8nsker \u00e5 kontakte kundene som fikk skiftet vinterdekk i fjor. Ved \u00e5 organisere kontaktene dine i grupper kan du sende en gruppe-SMS til hele gruppen ved \u00e5 skrive \u00e9n enkelt SMS. En melding kan selvf\u00f8lgelig planlegges sendt med faste intervaller, f.eks. ukentlig, m\u00e5nedlig eller \u00e5rlig.<\/p>\n<h3>Slik registrerer du deg<\/h3>\n<p>Med v\u00e5r <a title=\"2-veis SMS, motta SMS p\u00e5 datamaskinen din\" href=\"https:\/\/suresms.com\/nb\/funksjoner\/motta-tekstmeldinger-paa-datamaskinen-din\/\">2-veis SMS-l\u00f8sning <\/a>kan medlemmene skrive seg opp p\u00e5 en liste og selv gi tilbakemeldinger. Du kan ogs\u00e5 legge til en liten kode p\u00e5 din egen nettside, slik at medlemmene kan melde seg p\u00e5 der.<\/p>\n<p>Kanskje har du allerede alle medlemmene dine i et regneark. Du kan laste dem inn i systemet v\u00e5rt for \u00e5 komme raskt i gang med SMS-klubbene dine.<\/p>\n<h3>Lag tilfredshetsunders\u00f8kelser for kundene dine<\/h3>\nFor mange servicebedrifter er det viktig \u00e5 evaluere hvor god opplevelse kunden har hatt etter \u00e5 ha kj\u00f8pt en tjeneste. Vi har for eksempel en rekke <strong>bilverksteder<\/strong> som bruker v\u00e5r 2-veis l\u00f8sning. Etter \u00e5 ha hentet bilen f\u00e5r kunden en melding:<br \/>\n<strong>\"Var du forn\u00f8yd med tjenesten v\u00e5r? Svar JA eller NEI.\"<\/strong><br \/>\nP\u00e5 denne m\u00e5ten har mekanikeren mulighet til \u00e5 reagere og opprettholde en h\u00f8y servicekvalitet i sin virksomhet.\n<h3>Navn p\u00e5 avsender<\/h3>\n<p>Du kan bestemme hvem som skal v\u00e6re avsender av meldingen. Hvis du har en kundeklubb, kan det v\u00e6re firmanavnet, telefonnummeret eller noe annet.  Den eneste begrensningen er at teleselskapene tillater maksimalt 11 tegn i avsenderen.<\/p>\n<h3>Opprett en gratis konto p\u00e5 5 minutter<\/h3>\n<p><strong> Opprett en gratis pr\u00f8vekonto og bed\u00f8m selv. Det er ingen skjulte kostnader eller betingelser. Ikke n\u00f8l med \u00e5 kontakte oss hvis du har sp\u00f8rsm\u00e5l. Vi ser frem til \u00e5 hjelpe deg.<\/strong><\/p>\n\t\t\t<p><img loading=\"lazy\" decoding=\"async\" src=\"https:\/\/suresms.com\/wp-content\/uploads\/2016\/06\/Frisoergaarden-1.jpg\" alt=\"\" width=\"100\" height=\"100\" \/><em>\"Etter at vi byttet fra Clickatell til SureSMS, har vi ikke lenger problemer med SMS-systemet v\u00e5rt, s\u00e5 jeg skulle \u00f8nske vi hadde gjort det for lenge siden.<\/em><em>Takk for en stabil og god l\u00f8sning som ogs\u00e5 er rimelig!\"<\/em><strong>Julie Thorsen, Fris\u00f8rmester<\/strong><strong>Fris\u00f8rg\u00e5rden.dk, Holb\u00e6k, Danmark<\/strong><\/p>\t\t\n\t\t<h4>Opprett en gratis pr\u00f8vekonto<\/h4>\n\t\t<p>Det tar bare fem minutter. Kom i gang med en gang og f\u00e5 <strong>50 gratis SMS-meldinger<\/strong> uten betingelser.<\/p>\n\t\t\t<a href=\"https:\/\/suresms.com\/nb\/gratis-sms-testkonto\/\" target=\"_self\">\n\t\t\t\t\t\t\tOpprett pr\u00f8vekonto\n\t\t\t\t\t<\/a>","protected":false},"excerpt":{"rendered":"<p>SMS til servicebedrifter Bilverksteder, tannleger, fris\u00f8rer, klinikker og terapeuter. Hvis du trenger SMS p\u00e5 nett for servicebedrifter, er en SMS-gateway den optimale l\u00f8sningen. Med en SureSMS-l\u00f8sning kan du enkelt og rimelig sende SMS-meldinger til kundene dine fra PC-en din. V\u00e5rt enkle og oversiktlige brukergrensesnitt gj\u00f8r det lett \u00e5 sende SMS-meldinger til akkurat de rette personene... <a title=\"SMS for servicebedrifter\" class=\"read-more\" href=\"https:\/\/suresms.com\/nb\/branchelosninger\/sms-til-servicevirksomheder\/\" aria-label=\"Les mer om SMS for servicebedrifter\">Les mer om dette<\/a><\/p>","protected":false},"author":1,"featured_media":0,"parent":1654,"menu_order":1,"comment_status":"closed","ping_status":"closed","template":"","meta":{"_fl_builder_enabled":"1","_fl_builder_data":null,"_fl_builder_draft":null,"_fl_builder_data_settings":null,"_fl_builder_css":"","_fl_builder_css_version":"","_fl_builder_js":"","footnotes":""},"categories":[],"tags":[],"class_list":["post-2681","page","type-page","status-publish"],"yoast_head":"<!-- This site is optimized with the Yoast SEO Premium plugin v27.3 (Yoast SEO v27.3) - https:\/\/yoast.com\/product\/yoast-seo-premium-wordpress\/ -->\r\n<title>Sms til servicevirksomheder. Fleksibel og billig SMS online. SureSMS<\/title>\r\n<meta name=\"description\" content=\"Autov\u00e6rksteder, tandl\u00e6ger, fris\u00f8rer, klinikker .Send nemt og billigt p\u00e5mindelser og personlige SMS&#039;er til kunder direkte fra din PC. Opret gratis Testkonto!\" \/>\r\n<meta name=\"robots\" content=\"index, follow, max-snippet:-1, max-image-preview:large, max-video-preview:-1\" \/>\r\n<link rel=\"canonical\" href=\"https:\/\/suresms.com\/nb\/grenutslipp\/sms-for-servicebedrifter\/\" \/>\r\n<meta property=\"og:locale\" content=\"nb_NO\" \/>\r\n<meta property=\"og:type\" content=\"article\" \/>\r\n<meta property=\"og:title\" content=\"SMS til Servicevirksomheder\" \/>\r\n<meta property=\"og:description\" content=\"Autov\u00e6rksteder, tandl\u00e6ger, fris\u00f8rer, klinikker .Send nemt og billigt p\u00e5mindelser og personlige SMS&#039;er til kunder direkte fra din PC. Opret gratis Testkonto!\" \/>\r\n<meta property=\"og:url\" content=\"https:\/\/suresms.com\/nb\/grenutslipp\/sms-for-servicebedrifter\/\" \/>\r\n<meta property=\"article:publisher\" content=\"https:\/\/www.facebook.com\/p\/SureSMS-100044607956149\/\" \/>\r\n<meta property=\"article:modified_time\" content=\"2025-01-03T14:16:29+00:00\" \/>\r\n<meta property=\"og:image\" content=\"https:\/\/suresms.com\/wp-content\/uploads\/2016\/06\/sms-til-service-snippet.jpg\" \/>\r\n\t<meta property=\"og:image:width\" content=\"400\" \/>\r\n\t<meta property=\"og:image:height\" content=\"266\" \/>\r\n\t<meta property=\"og:image:type\" content=\"image\/jpeg\" \/>\r\n<meta name=\"twitter:card\" content=\"summary_large_image\" \/>\r\n<meta name=\"twitter:label1\" content=\"Ansl. lesetid\" \/>\n\t<meta name=\"twitter:data1\" content=\"3 minutter\" \/>\r\n<script type=\"application\/ld+json\" class=\"yoast-schema-graph\">{\"@context\":\"https:\\\/\\\/schema.org\",\"@graph\":[{\"@type\":\"WebPage\",\"@id\":\"https:\\\/\\\/suresms.com\\\/dk\\\/branchelosninger\\\/sms-til-servicevirksomheder\\\/\",\"url\":\"https:\\\/\\\/suresms.com\\\/dk\\\/branchelosninger\\\/sms-til-servicevirksomheder\\\/\",\"name\":\"Sms til servicevirksomheder. Fleksibel og billig SMS online. SureSMS\",\"isPartOf\":{\"@id\":\"https:\\\/\\\/suresms.com\\\/en\\\/#website\"},\"primaryImageOfPage\":{\"@id\":\"https:\\\/\\\/suresms.com\\\/dk\\\/branchelosninger\\\/sms-til-servicevirksomheder\\\/#primaryimage\"},\"image\":{\"@id\":\"https:\\\/\\\/suresms.com\\\/dk\\\/branchelosninger\\\/sms-til-servicevirksomheder\\\/#primaryimage\"},\"thumbnailUrl\":\"https:\\\/\\\/suresms.com\\\/wp-content\\\/uploads\\\/2016\\\/06\\\/Frisoergaarden-1.jpg\",\"datePublished\":\"2016-06-01T15:49:00+00:00\",\"dateModified\":\"2025-01-03T14:16:29+00:00\",\"description\":\"Autov\u00e6rksteder, tandl\u00e6ger, fris\u00f8rer, klinikker .Send nemt og billigt p\u00e5mindelser og personlige SMS'er til kunder direkte fra din PC. Opret gratis Testkonto!\",\"breadcrumb\":{\"@id\":\"https:\\\/\\\/suresms.com\\\/dk\\\/branchelosninger\\\/sms-til-servicevirksomheder\\\/#breadcrumb\"},\"inLanguage\":\"nb-NO\",\"potentialAction\":[{\"@type\":\"ReadAction\",\"target\":[\"https:\\\/\\\/suresms.com\\\/dk\\\/branchelosninger\\\/sms-til-servicevirksomheder\\\/\"]}]},{\"@type\":\"ImageObject\",\"inLanguage\":\"nb-NO\",\"@id\":\"https:\\\/\\\/suresms.com\\\/dk\\\/branchelosninger\\\/sms-til-servicevirksomheder\\\/#primaryimage\",\"url\":\"https:\\\/\\\/suresms.com\\\/wp-content\\\/uploads\\\/2016\\\/06\\\/Frisoergaarden-1.jpg\",\"contentUrl\":\"https:\\\/\\\/suresms.com\\\/wp-content\\\/uploads\\\/2016\\\/06\\\/Frisoergaarden-1.jpg\"},{\"@type\":\"BreadcrumbList\",\"@id\":\"https:\\\/\\\/suresms.com\\\/dk\\\/branchelosninger\\\/sms-til-servicevirksomheder\\\/#breadcrumb\",\"itemListElement\":[{\"@type\":\"ListItem\",\"position\":1,\"name\":\"Home\",\"item\":\"https:\\\/\\\/suresms.com\\\/dk\\\/\"},{\"@type\":\"ListItem\",\"position\":2,\"name\":\"Branchel\u00f8sninger\",\"item\":\"https:\\\/\\\/suresms.com\\\/dk\\\/branchelosninger\\\/\"},{\"@type\":\"ListItem\",\"position\":3,\"name\":\"SMS til Servicevirksomheder\"}]},{\"@type\":\"WebSite\",\"@id\":\"https:\\\/\\\/suresms.com\\\/en\\\/#website\",\"url\":\"https:\\\/\\\/suresms.com\\\/en\\\/\",\"name\":\"SureSMS\",\"description\":\"Professionel SMS Gateway\",\"publisher\":{\"@id\":\"https:\\\/\\\/suresms.com\\\/en\\\/#organization\"},\"potentialAction\":[{\"@type\":\"SearchAction\",\"target\":{\"@type\":\"EntryPoint\",\"urlTemplate\":\"https:\\\/\\\/suresms.com\\\/en\\\/?s={search_term_string}\"},\"query-input\":{\"@type\":\"PropertyValueSpecification\",\"valueRequired\":true,\"valueName\":\"search_term_string\"}}],\"inLanguage\":\"nb-NO\"},{\"@type\":\"Organization\",\"@id\":\"https:\\\/\\\/suresms.com\\\/en\\\/#organization\",\"name\":\"SureSMS\",\"url\":\"https:\\\/\\\/suresms.com\\\/en\\\/\",\"logo\":{\"@type\":\"ImageObject\",\"inLanguage\":\"nb-NO\",\"@id\":\"https:\\\/\\\/suresms.com\\\/en\\\/#\\\/schema\\\/logo\\\/image\\\/\",\"url\":\"https:\\\/\\\/suresms.com\\\/wp-content\\\/uploads\\\/2024\\\/11\\\/suresms-300x65-1.png\",\"contentUrl\":\"https:\\\/\\\/suresms.com\\\/wp-content\\\/uploads\\\/2024\\\/11\\\/suresms-300x65-1.png\",\"width\":300,\"height\":65,\"caption\":\"SureSMS\"},\"image\":{\"@id\":\"https:\\\/\\\/suresms.com\\\/en\\\/#\\\/schema\\\/logo\\\/image\\\/\"},\"sameAs\":[\"https:\\\/\\\/www.facebook.com\\\/p\\\/SureSMS-100044607956149\\\/\"]}]}<\/script>\r\n<!-- \/ Yoast SEO Premium plugin. -->","yoast_head_json":{"title":"SMS for servicebedrifter. Fleksibel og billig SMS p\u00e5 nett. SureSMS","description":"Bilverksteder, tannleger, fris\u00f8rer, klinikker... Send p\u00e5minnelser og personlige SMS-meldinger til kunder enkelt og billig direkte fra PC-en din. Opprett en gratis pr\u00f8vekonto!","robots":{"index":"index","follow":"follow","max-snippet":"max-snippet:-1","max-image-preview":"max-image-preview:large","max-video-preview":"max-video-preview:-1"},"canonical":"https:\/\/suresms.com\/nb\/grenutslipp\/sms-for-servicebedrifter\/","og_locale":"nb_NO","og_type":"article","og_title":"SMS til Servicevirksomheder","og_description":"Autov\u00e6rksteder, tandl\u00e6ger, fris\u00f8rer, klinikker .Send nemt og billigt p\u00e5mindelser og personlige SMS'er til kunder direkte fra din PC. Opret gratis Testkonto!","og_url":"https:\/\/suresms.com\/nb\/grenutslipp\/sms-for-servicebedrifter\/","article_publisher":"https:\/\/www.facebook.com\/p\/SureSMS-100044607956149\/","article_modified_time":"2025-01-03T14:16:29+00:00","og_image":[{"width":400,"height":266,"url":"https:\/\/suresms.com\/wp-content\/uploads\/2016\/06\/sms-til-service-snippet.jpg","type":"image\/jpeg"}],"twitter_card":"summary_large_image","twitter_misc":{"Ansl. lesetid":"3 minutter"},"schema":{"@context":"https:\/\/schema.org","@graph":[{"@type":"WebPage","@id":"https:\/\/suresms.com\/dk\/branchelosninger\/sms-til-servicevirksomheder\/","url":"https:\/\/suresms.com\/dk\/branchelosninger\/sms-til-servicevirksomheder\/","name":"SMS for servicebedrifter. Fleksibel og billig SMS p\u00e5 nett. SureSMS","isPartOf":{"@id":"https:\/\/suresms.com\/en\/#website"},"primaryImageOfPage":{"@id":"https:\/\/suresms.com\/dk\/branchelosninger\/sms-til-servicevirksomheder\/#primaryimage"},"image":{"@id":"https:\/\/suresms.com\/dk\/branchelosninger\/sms-til-servicevirksomheder\/#primaryimage"},"thumbnailUrl":"https:\/\/suresms.com\/wp-content\/uploads\/2016\/06\/Frisoergaarden-1.jpg","datePublished":"2016-06-01T15:49:00+00:00","dateModified":"2025-01-03T14:16:29+00:00","description":"Bilverksteder, tannleger, fris\u00f8rer, klinikker... Send p\u00e5minnelser og personlige SMS-meldinger til kunder enkelt og billig direkte fra PC-en din. Opprett en gratis pr\u00f8vekonto!","breadcrumb":{"@id":"https:\/\/suresms.com\/dk\/branchelosninger\/sms-til-servicevirksomheder\/#breadcrumb"},"inLanguage":"nb-NO","potentialAction":[{"@type":"ReadAction","target":["https:\/\/suresms.com\/dk\/branchelosninger\/sms-til-servicevirksomheder\/"]}]},{"@type":"ImageObject","inLanguage":"nb-NO","@id":"https:\/\/suresms.com\/dk\/branchelosninger\/sms-til-servicevirksomheder\/#primaryimage","url":"https:\/\/suresms.com\/wp-content\/uploads\/2016\/06\/Frisoergaarden-1.jpg","contentUrl":"https:\/\/suresms.com\/wp-content\/uploads\/2016\/06\/Frisoergaarden-1.jpg"},{"@type":"BreadcrumbList","@id":"https:\/\/suresms.com\/dk\/branchelosninger\/sms-til-servicevirksomheder\/#breadcrumb","itemListElement":[{"@type":"ListItem","position":1,"name":"Home","item":"https:\/\/suresms.com\/dk\/"},{"@type":"ListItem","position":2,"name":"Branchel\u00f8sninger","item":"https:\/\/suresms.com\/dk\/branchelosninger\/"},{"@type":"ListItem","position":3,"name":"SMS til Servicevirksomheder"}]},{"@type":"WebSite","@id":"https:\/\/suresms.com\/en\/#website","url":"https:\/\/suresms.com\/en\/","name":"SureSMS","description":"Profesjonell SMS-gateway","publisher":{"@id":"https:\/\/suresms.com\/en\/#organization"},"potentialAction":[{"@type":"SearchAction","target":{"@type":"EntryPoint","urlTemplate":"https:\/\/suresms.com\/en\/?s={search_term_string}"},"query-input":{"@type":"PropertyValueSpecification","valueRequired":true,"valueName":"search_term_string"}}],"inLanguage":"nb-NO"},{"@type":"Organization","@id":"https:\/\/suresms.com\/en\/#organization","name":"SureSMS","url":"https:\/\/suresms.com\/en\/","logo":{"@type":"ImageObject","inLanguage":"nb-NO","@id":"https:\/\/suresms.com\/en\/#\/schema\/logo\/image\/","url":"https:\/\/suresms.com\/wp-content\/uploads\/2024\/11\/suresms-300x65-1.png","contentUrl":"https:\/\/suresms.com\/wp-content\/uploads\/2024\/11\/suresms-300x65-1.png","width":300,"height":65,"caption":"SureSMS"},"image":{"@id":"https:\/\/suresms.com\/en\/#\/schema\/logo\/image\/"},"sameAs":["https:\/\/www.facebook.com\/p\/SureSMS-100044607956149\/"]}]}},"_links":{"self":[{"href":"https:\/\/suresms.com\/nb\/wp-json\/wp\/v2\/pages\/2681","targetHints":{"allow":["GET"]}}],"collection":[{"href":"https:\/\/suresms.com\/nb\/wp-json\/wp\/v2\/pages"}],"about":[{"href":"https:\/\/suresms.com\/nb\/wp-json\/wp\/v2\/types\/page"}],"author":[{"embeddable":true,"href":"https:\/\/suresms.com\/nb\/wp-json\/wp\/v2\/users\/1"}],"replies":[{"embeddable":true,"href":"https:\/\/suresms.com\/nb\/wp-json\/wp\/v2\/comments?post=2681"}],"version-history":[{"count":4,"href":"https:\/\/suresms.com\/nb\/wp-json\/wp\/v2\/pages\/2681\/revisions"}],"predecessor-version":[{"id":19575,"href":"https:\/\/suresms.com\/nb\/wp-json\/wp\/v2\/pages\/2681\/revisions\/19575"}],"up":[{"embeddable":true,"href":"https:\/\/suresms.com\/nb\/wp-json\/wp\/v2\/pages\/1654"}],"wp:attachment":[{"href":"https:\/\/suresms.com\/nb\/wp-json\/wp\/v2\/media?parent=2681"}],"wp:term":[{"taxonomy":"category","embeddable":true,"href":"https:\/\/suresms.com\/nb\/wp-json\/wp\/v2\/categories?post=2681"},{"taxonomy":"post_tag","embeddable":true,"href":"https:\/\/suresms.com\/nb\/wp-json\/wp\/v2\/tags?post=2681"}],"curies":[{"name":"wp","href":"https:\/\/api.w.org\/{rel}","templated":true}]}}