{"id":2632,"date":"2016-05-23T15:27:47","date_gmt":"2016-05-23T13:27:47","guid":{"rendered":"https:\/\/www.suresms.com\/dk\/?page_id=2632"},"modified":"2025-01-03T14:17:14","modified_gmt":"2025-01-03T14:17:14","slug":"sms-for-transport-og-logistikkbedrifter","status":"publish","type":"page","link":"https:\/\/suresms.com\/nb\/branchelosninger\/sms-til-transport-og-logistikvirksomheder\/","title":{"rendered":"SMS for transport- og logistikkbedrifter"},"content":{"rendered":"<!-- Flexy Breadcrumb -->\r\n\t\t\t<div class=\"fbc fbc-page\">\r\n\r\n\t\t\t\t<!-- Breadcrumb wrapper -->\r\n\t\t\t\t<div class=\"fbc-wrap\">\r\n\r\n\t\t\t\t\t<!-- Ordered list-->\r\n\t\t\t\t\t<ol class=\"fbc-items\" itemscope itemtype=\"https:\/\/schema.org\/BreadcrumbList\">\r\n\t\t\t\t\t\t            <li itemprop=\"itemListElement\" itemscope itemtype=\"https:\/\/schema.org\/ListItem\">\r\n                <span itemprop=\"name\">\r\n                    <!-- Home Link -->\r\n                    <a itemprop=\"item\" href=\"https:\/\/suresms.com\/nb\/\">\r\n                    \r\n                                                    <i class=\"fa fa-home\" aria-hidden=\"true\"><\/i>Hjem                    <\/a>\r\n                <\/span>\r\n                <meta itemprop=\"position\" content=\"1\" \/><!-- Meta Position-->\r\n             <\/li><li><span class=\"fbc-separator\">\/<\/span><\/li><li class=\"active\" itemprop=\"itemListElement\" itemscope itemtype=\"https:\/\/schema.org\/ListItem\"><span itemprop=\"name\" title=\"SMS for transport- og logistikkbedrifter\">SMS til Transport og...<\/span><meta itemprop=\"position\" content=\"2\" \/><\/li>\t\t\t\t\t<\/ol>\r\n\t\t\t\t\t<div class=\"clearfix\"><\/div>\r\n\t\t\t\t<\/div>\r\n\t\t\t<\/div>\r\n\t\t\t\n<h1>\n\t\tSMS for transport- og logistikkbedrifter\n\t<\/h1>\n\t\n\n<p><strong>I transport- og spedisjonsbransjen har vi mange gode kunder. Vi kan s\u00f8rge for rask kommunikasjon mellom selskaper, sj\u00e5f\u00f8rer og kunder, og skape rask og sikker kommunikasjon p\u00e5 tvers av avstander og landegrenser.<\/strong><\/p>\n\n<p>Transport- og logistikkbedrifter er i dag avhengige av mobile l\u00f8sninger i den daglige driften. Sektoren har hatt stor nytte av rimelige og tilgjengelige fleksible kommunikasjonsl\u00f8sninger som kan forenkle og effektivisere arbeidsflyten ved \u00e5 s\u00f8rge for at informasjon - og dermed varer og produkter - kommer frem til rett tid og sted.<\/p>\n\n<p><strong>Fordeler:<\/strong><\/p>\n<ul> \t\n<li><strong>Rask og sikker kommunikasjon via SMS til ansatte og kunder over hele verden.<\/strong><\/li>\n\n<li><strong>Sikker kommunikasjon rundt levering av varer og last minimerer feil og bortkastet tid p\u00e5 leveranser.<\/strong><\/li>\n\n<li><strong>F\u00e5 oversikt og send fra flere numre direkte fra nettportalen v\u00e5r.<\/strong><\/li>\n\n<li><strong>Bruk SMS og personaliserte tekstmeldinger for \u00e5 skape et godt arbeidsmilj\u00f8 p\u00e5 en arbeidsplass der de ansatte ofte er geografisk spredt.\u00a0<\/strong><\/li>\n<\/ul>\n\n<h3>H\u00f8y leveringsp\u00e5litelighet og profesjonell service til en god pris<\/h3>\n\n<p>Etter mange \u00e5r i bransjen vet vi hvor viktig det er at kommunikasjonen din IKKE bryter sammen. Vi sparer ikke p\u00e5 utstyr, overv\u00e5king eller arbeidstimer. Teamet v\u00e5rt s\u00f8rger for at gatewayen v\u00e5r er profesjonell, stabil og leverer sikkert. Se v\u00e5re <a title=\"Priser p\u00e5 SMS-gateway\" href=\"https:\/\/suresms.com\/nb\/priser-paa-sms-gateway\/\">SMS Gateway-priser<\/a> Her.<\/p>\n<h3>Internasjonal SMS-gateway<\/h3>\n<p>Vi lever i en internasjonal verden, og SMS for transport- og logistikkbedrifter brukes ofte p\u00e5 tvers av landegrensene. Sure SMS-gateway er den perfekte l\u00f8sningen for din kommunikasjon. Enten du skal sende meldinger til medarbeidere, sj\u00e5f\u00f8rer eller kunder, og uansett om telefonen du skal sende til er dansk eller utenlandsk, kommer meldingene frem uansett hvor den er. S\u00e5 lenge telefonen er sl\u00e5tt p\u00e5 i den andre enden.<\/p>\n<p>SMS kan enkelt integreres i eksisterende prosesser og systemer for \u00e5 sikre rask og stabil kommunikasjon i det daglige arbeidet.<\/p>\n<h3>Enkelt og oversiktlig brukergrensesnitt p\u00e5 WEB-portalen<\/h3>\n<p>V\u00e5rt enkle og oversiktlige grensesnitt p\u00e5 SureSMS WEB-portalen gj\u00f8r det enkelt \u00e5 sende SMS-meldinger til de personene eller gruppene du har behov for \u00e5 kommunisere med. Fra datamaskinen er det enkelt for kommunikat\u00f8rene \u00e5 holde oversikten, mens mottakerne vanligvis har mobilen med seg 24\/7.<\/p>\n<p>Nettportalen v\u00e5r kan brukes fra PC, iPad eller smarttelefoner.<\/p>\n<h3>Konsernfunksjon: Kommunikasjon til ansatte<\/h3>\n<p>Fra nettportalen v\u00e5r kan du bruke funksjonen<a title=\"GroupSMS: Opprett og send til grupper\" href=\"https:\/\/suresms.com\/nb\/sms-gruppe\/\">\u00a0Opprett og send SMS til grupper<\/a>. En funksjon som kan brukes p\u00e5 mange m\u00e5ter. Flere av v\u00e5re transportselskaper bruker den til \u00e5 kommunisere med sine ansatte. Ettersom de ofte er spredt over store geografiske avstander til daglig, er mobiltelefonen det naturlige kommunikasjonsmiddelet for praktisk informasjon, men ogs\u00e5 for beskjeder av mer sosial karakter.<\/p>\n<h3>Kom i gang med en gang<\/h3>\n<p>Det er raskt og enkelt \u00e5 komme i gang med SMS Gateway, og det er ingen kostnader forbundet med \u00e5 teste produktet v\u00e5rt.<\/p>\n<p>Ved \u00e5 fylle ut lenken v\u00e5r for en gratis pr\u00f8vekonto kan du komme i gang p\u00e5 5 minutter. Vi gir deg 50 gratis SMSer, slik at du raskt kan bed\u00f8mme v\u00e5r tjeneste og kvalitet selv. Hvis du har sp\u00f8rsm\u00e5l, husk at vi alltid er her for \u00e5 hjelpe deg, og vi har mange \u00e5rs erfaring fra v\u00e5re andre kunder i bransjen.<\/p>\n\n\t\t\t<p><img loading=\"lazy\" decoding=\"async\" src=\"https:\/\/suresms.com\/wp-content\/uploads\/2016\/05\/Esbjerg-gods-200-x-99-px-daempet.jpg\" alt=\"kundereferanser Esbjerg-varer dempet\" width=\"200\" height=\"96\" \/>Esbjerg Gods bruker SureSMS til \u00e5 sende tekstmeldinger til sj\u00e5f\u00f8rene. Kommunikasjonen med sj\u00e5f\u00f8rene er enkel og smidig med en SMS-gateway fra SureSMS.<em>\"Vi er veldig forn\u00f8yde med systemet deres.<\/em><em>- Det fungerer helt fantastisk.\"<\/em><strong>Peter Kristiansen, Controller<\/strong><strong>Esbjerg Gods A\/S.<\/strong><\/p>\t\t\n\t\t<h4>Opprett en gratis pr\u00f8vekonto<\/h4>\n\t\t<p>Det tar bare fem minutter. Kom i gang med en gang og f\u00e5 <strong>100 gratis SMS-meldinger<\/strong> uten betingelser.<\/p>\n\t\t\t<a href=\"https:\/\/suresms.com\/nb\/gratis-sms-testkonto\/\" target=\"_self\">\n\t\t\t\t\t\t\tOpprett pr\u00f8vekonto\n\t\t\t\t\t<\/a>","protected":false},"excerpt":{"rendered":"<p>SMS for transport- og logistikkbedrifter I transport- og spedisjonsbransjen har vi mange gode kunder. Vi kan s\u00f8rge for rask kommunikasjon mellom bedrifter, sj\u00e5f\u00f8rer og kunder, og muliggj\u00f8re rask og sikker kommunikasjon p\u00e5 tvers av avstander og landegrenser. Transport- og logistikkbedrifter er i dag avhengige av mobile l\u00f8sninger i den daglige driften. Sektoren har hatt stor nytte av ... <a title=\"SMS for transport- og logistikkbedrifter\" class=\"read-more\" href=\"https:\/\/suresms.com\/nb\/branchelosninger\/sms-til-transport-og-logistikvirksomheder\/\" aria-label=\"Les mer om SMS for transport- og logistikkbedrifter\">Les mer om dette<\/a><\/p>","protected":false},"author":1,"featured_media":0,"parent":1654,"menu_order":2,"comment_status":"closed","ping_status":"closed","template":"","meta":{"_fl_builder_enabled":"1","_fl_builder_data":null,"_fl_builder_draft":null,"_fl_builder_data_settings":null,"_fl_builder_css":"","_fl_builder_css_version":"","_fl_builder_js":"","footnotes":""},"categories":[],"tags":[],"class_list":["post-2632","page","type-page","status-publish"],"yoast_head":"<!-- This site is optimized with the Yoast SEO Premium plugin v27.3 (Yoast SEO v27.3) - https:\/\/yoast.com\/product\/yoast-seo-premium-wordpress\/ -->\r\n<title>Global SMS Gateway til Transport og Logistikvirksomheder. SureSMS<\/title>\r\n<meta name=\"description\" content=\"SureSMS er en Dansk SMS Gateway med mange \u00e5rs erfaring indenfor SMS til transport og logistikbranchen. Stabile SMS&#039;er til gode priser til Professionelle.\" \/>\r\n<meta name=\"robots\" content=\"index, follow, max-snippet:-1, max-image-preview:large, max-video-preview:-1\" \/>\r\n<link rel=\"canonical\" href=\"https:\/\/suresms.com\/nb\/grenutslipp\/sms-for-transport-og-logistikkbedrifter\/\" \/>\r\n<meta property=\"og:locale\" content=\"nb_NO\" \/>\r\n<meta property=\"og:type\" content=\"article\" \/>\r\n<meta property=\"og:title\" content=\"SMS til Transport og Logistikvirksomheder\" \/>\r\n<meta property=\"og:description\" content=\"SureSMS er en Dansk SMS Gateway med mange \u00e5rs erfaring indenfor SMS til transport og logistikbranchen. Stabile SMS&#039;er til gode priser til Professionelle.\" \/>\r\n<meta property=\"og:url\" content=\"https:\/\/suresms.com\/nb\/grenutslipp\/sms-for-transport-og-logistikkbedrifter\/\" \/>\r\n<meta property=\"article:publisher\" content=\"https:\/\/www.facebook.com\/p\/SureSMS-100044607956149\/\" \/>\r\n<meta property=\"article:modified_time\" content=\"2025-01-03T14:17:14+00:00\" \/>\r\n<meta property=\"og:image\" content=\"https:\/\/suresms.com\/wp-content\/uploads\/2015\/02\/SMS-til-Transport-snippet.jpg\" \/>\r\n\t<meta property=\"og:image:width\" content=\"400\" \/>\r\n\t<meta property=\"og:image:height\" content=\"254\" \/>\r\n\t<meta property=\"og:image:type\" content=\"image\/jpeg\" \/>\r\n<meta name=\"twitter:card\" content=\"summary_large_image\" \/>\r\n<meta name=\"twitter:label1\" content=\"Ansl. lesetid\" \/>\n\t<meta name=\"twitter:data1\" content=\"3 minutter\" \/>\r\n<script type=\"application\/ld+json\" class=\"yoast-schema-graph\">{\"@context\":\"https:\\\/\\\/schema.org\",\"@graph\":[{\"@type\":\"WebPage\",\"@id\":\"https:\\\/\\\/suresms.com\\\/dk\\\/branchelosninger\\\/sms-til-transport-og-logistikvirksomheder\\\/\",\"url\":\"https:\\\/\\\/suresms.com\\\/dk\\\/branchelosninger\\\/sms-til-transport-og-logistikvirksomheder\\\/\",\"name\":\"Global SMS Gateway til Transport og Logistikvirksomheder. SureSMS\",\"isPartOf\":{\"@id\":\"https:\\\/\\\/suresms.com\\\/en\\\/#website\"},\"primaryImageOfPage\":{\"@id\":\"https:\\\/\\\/suresms.com\\\/dk\\\/branchelosninger\\\/sms-til-transport-og-logistikvirksomheder\\\/#primaryimage\"},\"image\":{\"@id\":\"https:\\\/\\\/suresms.com\\\/dk\\\/branchelosninger\\\/sms-til-transport-og-logistikvirksomheder\\\/#primaryimage\"},\"thumbnailUrl\":\"https:\\\/\\\/suresms.com\\\/wp-content\\\/uploads\\\/2016\\\/05\\\/Esbjerg-gods-200-x-99-px-daempet.jpg\",\"datePublished\":\"2016-05-23T13:27:47+00:00\",\"dateModified\":\"2025-01-03T14:17:14+00:00\",\"description\":\"SureSMS er en Dansk SMS Gateway med mange \u00e5rs erfaring indenfor SMS til transport og logistikbranchen. Stabile SMS'er til gode priser til Professionelle.\",\"breadcrumb\":{\"@id\":\"https:\\\/\\\/suresms.com\\\/dk\\\/branchelosninger\\\/sms-til-transport-og-logistikvirksomheder\\\/#breadcrumb\"},\"inLanguage\":\"nb-NO\",\"potentialAction\":[{\"@type\":\"ReadAction\",\"target\":[\"https:\\\/\\\/suresms.com\\\/dk\\\/branchelosninger\\\/sms-til-transport-og-logistikvirksomheder\\\/\"]}]},{\"@type\":\"ImageObject\",\"inLanguage\":\"nb-NO\",\"@id\":\"https:\\\/\\\/suresms.com\\\/dk\\\/branchelosninger\\\/sms-til-transport-og-logistikvirksomheder\\\/#primaryimage\",\"url\":\"https:\\\/\\\/suresms.com\\\/wp-content\\\/uploads\\\/2016\\\/05\\\/Esbjerg-gods-200-x-99-px-daempet.jpg\",\"contentUrl\":\"https:\\\/\\\/suresms.com\\\/wp-content\\\/uploads\\\/2016\\\/05\\\/Esbjerg-gods-200-x-99-px-daempet.jpg\"},{\"@type\":\"BreadcrumbList\",\"@id\":\"https:\\\/\\\/suresms.com\\\/dk\\\/branchelosninger\\\/sms-til-transport-og-logistikvirksomheder\\\/#breadcrumb\",\"itemListElement\":[{\"@type\":\"ListItem\",\"position\":1,\"name\":\"Home\",\"item\":\"https:\\\/\\\/suresms.com\\\/dk\\\/\"},{\"@type\":\"ListItem\",\"position\":2,\"name\":\"Branchel\u00f8sninger\",\"item\":\"https:\\\/\\\/suresms.com\\\/dk\\\/branchelosninger\\\/\"},{\"@type\":\"ListItem\",\"position\":3,\"name\":\"SMS til Transport og Logistikvirksomheder\"}]},{\"@type\":\"WebSite\",\"@id\":\"https:\\\/\\\/suresms.com\\\/en\\\/#website\",\"url\":\"https:\\\/\\\/suresms.com\\\/en\\\/\",\"name\":\"SureSMS\",\"description\":\"Professionel SMS Gateway\",\"publisher\":{\"@id\":\"https:\\\/\\\/suresms.com\\\/en\\\/#organization\"},\"potentialAction\":[{\"@type\":\"SearchAction\",\"target\":{\"@type\":\"EntryPoint\",\"urlTemplate\":\"https:\\\/\\\/suresms.com\\\/en\\\/?s={search_term_string}\"},\"query-input\":{\"@type\":\"PropertyValueSpecification\",\"valueRequired\":true,\"valueName\":\"search_term_string\"}}],\"inLanguage\":\"nb-NO\"},{\"@type\":\"Organization\",\"@id\":\"https:\\\/\\\/suresms.com\\\/en\\\/#organization\",\"name\":\"SureSMS\",\"url\":\"https:\\\/\\\/suresms.com\\\/en\\\/\",\"logo\":{\"@type\":\"ImageObject\",\"inLanguage\":\"nb-NO\",\"@id\":\"https:\\\/\\\/suresms.com\\\/en\\\/#\\\/schema\\\/logo\\\/image\\\/\",\"url\":\"https:\\\/\\\/suresms.com\\\/wp-content\\\/uploads\\\/2024\\\/11\\\/suresms-300x65-1.png\",\"contentUrl\":\"https:\\\/\\\/suresms.com\\\/wp-content\\\/uploads\\\/2024\\\/11\\\/suresms-300x65-1.png\",\"width\":300,\"height\":65,\"caption\":\"SureSMS\"},\"image\":{\"@id\":\"https:\\\/\\\/suresms.com\\\/en\\\/#\\\/schema\\\/logo\\\/image\\\/\"},\"sameAs\":[\"https:\\\/\\\/www.facebook.com\\\/p\\\/SureSMS-100044607956149\\\/\"]}]}<\/script>\r\n<!-- \/ Yoast SEO Premium plugin. -->","yoast_head_json":{"title":"Global SMS Gateway for transport- og logistikkselskaper. SureSMS","description":"SureSMS er en dansk SMS-gateway med mange \u00e5rs erfaring innen SMS for transport- og logistikkbransjen. Stabil SMS til gode priser for profesjonelle.","robots":{"index":"index","follow":"follow","max-snippet":"max-snippet:-1","max-image-preview":"max-image-preview:large","max-video-preview":"max-video-preview:-1"},"canonical":"https:\/\/suresms.com\/nb\/grenutslipp\/sms-for-transport-og-logistikkbedrifter\/","og_locale":"nb_NO","og_type":"article","og_title":"SMS til Transport og Logistikvirksomheder","og_description":"SureSMS er en Dansk SMS Gateway med mange \u00e5rs erfaring indenfor SMS til transport og logistikbranchen. Stabile SMS'er til gode priser til Professionelle.","og_url":"https:\/\/suresms.com\/nb\/grenutslipp\/sms-for-transport-og-logistikkbedrifter\/","article_publisher":"https:\/\/www.facebook.com\/p\/SureSMS-100044607956149\/","article_modified_time":"2025-01-03T14:17:14+00:00","og_image":[{"width":400,"height":254,"url":"https:\/\/suresms.com\/wp-content\/uploads\/2015\/02\/SMS-til-Transport-snippet.jpg","type":"image\/jpeg"}],"twitter_card":"summary_large_image","twitter_misc":{"Ansl. lesetid":"3 minutter"},"schema":{"@context":"https:\/\/schema.org","@graph":[{"@type":"WebPage","@id":"https:\/\/suresms.com\/dk\/branchelosninger\/sms-til-transport-og-logistikvirksomheder\/","url":"https:\/\/suresms.com\/dk\/branchelosninger\/sms-til-transport-og-logistikvirksomheder\/","name":"Global SMS Gateway for transport- og logistikkselskaper. SureSMS","isPartOf":{"@id":"https:\/\/suresms.com\/en\/#website"},"primaryImageOfPage":{"@id":"https:\/\/suresms.com\/dk\/branchelosninger\/sms-til-transport-og-logistikvirksomheder\/#primaryimage"},"image":{"@id":"https:\/\/suresms.com\/dk\/branchelosninger\/sms-til-transport-og-logistikvirksomheder\/#primaryimage"},"thumbnailUrl":"https:\/\/suresms.com\/wp-content\/uploads\/2016\/05\/Esbjerg-gods-200-x-99-px-daempet.jpg","datePublished":"2016-05-23T13:27:47+00:00","dateModified":"2025-01-03T14:17:14+00:00","description":"SureSMS er en dansk SMS-gateway med mange \u00e5rs erfaring innen SMS for transport- og logistikkbransjen. Stabil SMS til gode priser for profesjonelle.","breadcrumb":{"@id":"https:\/\/suresms.com\/dk\/branchelosninger\/sms-til-transport-og-logistikvirksomheder\/#breadcrumb"},"inLanguage":"nb-NO","potentialAction":[{"@type":"ReadAction","target":["https:\/\/suresms.com\/dk\/branchelosninger\/sms-til-transport-og-logistikvirksomheder\/"]}]},{"@type":"ImageObject","inLanguage":"nb-NO","@id":"https:\/\/suresms.com\/dk\/branchelosninger\/sms-til-transport-og-logistikvirksomheder\/#primaryimage","url":"https:\/\/suresms.com\/wp-content\/uploads\/2016\/05\/Esbjerg-gods-200-x-99-px-daempet.jpg","contentUrl":"https:\/\/suresms.com\/wp-content\/uploads\/2016\/05\/Esbjerg-gods-200-x-99-px-daempet.jpg"},{"@type":"BreadcrumbList","@id":"https:\/\/suresms.com\/dk\/branchelosninger\/sms-til-transport-og-logistikvirksomheder\/#breadcrumb","itemListElement":[{"@type":"ListItem","position":1,"name":"Home","item":"https:\/\/suresms.com\/dk\/"},{"@type":"ListItem","position":2,"name":"Branchel\u00f8sninger","item":"https:\/\/suresms.com\/dk\/branchelosninger\/"},{"@type":"ListItem","position":3,"name":"SMS til Transport og Logistikvirksomheder"}]},{"@type":"WebSite","@id":"https:\/\/suresms.com\/en\/#website","url":"https:\/\/suresms.com\/en\/","name":"SureSMS","description":"Profesjonell SMS-gateway","publisher":{"@id":"https:\/\/suresms.com\/en\/#organization"},"potentialAction":[{"@type":"SearchAction","target":{"@type":"EntryPoint","urlTemplate":"https:\/\/suresms.com\/en\/?s={search_term_string}"},"query-input":{"@type":"PropertyValueSpecification","valueRequired":true,"valueName":"search_term_string"}}],"inLanguage":"nb-NO"},{"@type":"Organization","@id":"https:\/\/suresms.com\/en\/#organization","name":"SureSMS","url":"https:\/\/suresms.com\/en\/","logo":{"@type":"ImageObject","inLanguage":"nb-NO","@id":"https:\/\/suresms.com\/en\/#\/schema\/logo\/image\/","url":"https:\/\/suresms.com\/wp-content\/uploads\/2024\/11\/suresms-300x65-1.png","contentUrl":"https:\/\/suresms.com\/wp-content\/uploads\/2024\/11\/suresms-300x65-1.png","width":300,"height":65,"caption":"SureSMS"},"image":{"@id":"https:\/\/suresms.com\/en\/#\/schema\/logo\/image\/"},"sameAs":["https:\/\/www.facebook.com\/p\/SureSMS-100044607956149\/"]}]}},"_links":{"self":[{"href":"https:\/\/suresms.com\/nb\/wp-json\/wp\/v2\/pages\/2632","targetHints":{"allow":["GET"]}}],"collection":[{"href":"https:\/\/suresms.com\/nb\/wp-json\/wp\/v2\/pages"}],"about":[{"href":"https:\/\/suresms.com\/nb\/wp-json\/wp\/v2\/types\/page"}],"author":[{"embeddable":true,"href":"https:\/\/suresms.com\/nb\/wp-json\/wp\/v2\/users\/1"}],"replies":[{"embeddable":true,"href":"https:\/\/suresms.com\/nb\/wp-json\/wp\/v2\/comments?post=2632"}],"version-history":[{"count":3,"href":"https:\/\/suresms.com\/nb\/wp-json\/wp\/v2\/pages\/2632\/revisions"}],"predecessor-version":[{"id":19576,"href":"https:\/\/suresms.com\/nb\/wp-json\/wp\/v2\/pages\/2632\/revisions\/19576"}],"up":[{"embeddable":true,"href":"https:\/\/suresms.com\/nb\/wp-json\/wp\/v2\/pages\/1654"}],"wp:attachment":[{"href":"https:\/\/suresms.com\/nb\/wp-json\/wp\/v2\/media?parent=2632"}],"wp:term":[{"taxonomy":"category","embeddable":true,"href":"https:\/\/suresms.com\/nb\/wp-json\/wp\/v2\/categories?post=2632"},{"taxonomy":"post_tag","embeddable":true,"href":"https:\/\/suresms.com\/nb\/wp-json\/wp\/v2\/tags?post=2632"}],"curies":[{"name":"wp","href":"https:\/\/api.w.org\/{rel}","templated":true}]}}