{"id":23804,"date":"2026-01-13T16:10:44","date_gmt":"2026-01-13T16:10:44","guid":{"rendered":"https:\/\/suresms.com\/?page_id=23804"},"modified":"2026-01-14T06:35:34","modified_gmt":"2026-01-14T06:35:34","slug":"integrasjon-entra-id-via-csv","status":"publish","type":"page","link":"https:\/\/suresms.com\/nb\/integrationer\/booking-ldap-2fa\/integration-entra-id-via-csv\/","title":{"rendered":"SMS-integrasjon til Entra ID (via CSV-fil)"},"content":{"rendered":"<!-- Flexy Breadcrumb -->\r\n\t\t\t<div class=\"fbc fbc-page\">\r\n\r\n\t\t\t\t<!-- Breadcrumb wrapper -->\r\n\t\t\t\t<div class=\"fbc-wrap\">\r\n\r\n\t\t\t\t\t<!-- Ordered list-->\r\n\t\t\t\t\t<ol class=\"fbc-items\" itemscope itemtype=\"https:\/\/schema.org\/BreadcrumbList\">\r\n\t\t\t\t\t\t            <li itemprop=\"itemListElement\" itemscope itemtype=\"https:\/\/schema.org\/ListItem\">\r\n                <span itemprop=\"name\">\r\n                    <!-- Home Link -->\r\n                    <a itemprop=\"item\" href=\"https:\/\/suresms.com\/nb\/\">\r\n                    \r\n                                                    <i class=\"fa fa-home\" aria-hidden=\"true\"><\/i>Hjem                    <\/a>\r\n                <\/span>\r\n                <meta itemprop=\"position\" content=\"1\" \/><!-- Meta Position-->\r\n             <\/li><li><span class=\"fbc-separator\">\/<\/span><\/li><li class=\"active\" itemprop=\"itemListElement\" itemscope itemtype=\"https:\/\/schema.org\/ListItem\"><span itemprop=\"name\" title=\"SMS-integrasjon til Entra ID (via CSV-fil)\">SMS-integrasjon for Entra...<\/span><meta itemprop=\"position\" content=\"2\" \/><\/li>\t\t\t\t\t<\/ol>\r\n\t\t\t\t\t<div class=\"clearfix\"><\/div>\r\n\t\t\t\t<\/div>\r\n\t\t\t<\/div>\r\n\t\t\t\n\t\t<h1>SMS-integrasjon Entra ID via CSV-fil<\/h1>\t\n\t\t\t\t<img decoding=\"async\" src=\"https:\/\/suresms.com\/wp-content\/uploads\/2022\/08\/Azure-AD-2-1.png\" alt=\"Azure AD\" itemprop=\"image\" height=\"254\" width=\"700\" title=\"Azure AD\" onerror=\"this.style.display='none'\" loading=\"lazy\" \/>\n<h2>\n\t\t\tHva er Entra ID, ogs\u00e5 kjent som Active Directory?\t<\/h2>\n\t<p>Microsoft Entra ID, tidligere kjent som Azure Active Directory (Azure AD), er en skybasert tjeneste for identitets- og tilgangsstyring fra Microsoft. Denne tjenesten hjelper organisasjoner med \u00e5 administrere og sikre brukertilgang til applikasjoner og data p\u00e5 tvers av en moderne hybrid IT-infrastruktur. Ved \u00e5 bruke Microsoft Entra ID kan organisasjoner tilby single sign-on (SSO) og multifaktorautentisering for \u00e5 beskytte brukeridentiteter og forbedre sikkerheten. Integrasjonen med Microsoft Entra ID og Active Directory (AD) gj\u00f8r det mulig \u00e5 synkronisere og administrere identiteter sentralt, noe som forenkler brukeradministrasjon og tilgangskontroll. Dette er avgj\u00f8rende for organisasjoner som \u00f8nsker effektiv og sikker tilgangsstyring.<\/p>\n\t\t<h2>F\u00f8lg med p\u00e5 ....<\/h2><p>Det er noen ting du b\u00f8r v\u00e6re klar over f\u00f8r du begynner \u00e5 lage en SMS AD-integrasjon med SureSMS.<\/p>\n<h4>GDPR<\/h4>\n<p>Det f\u00f8rste du m\u00e5 v\u00e6re klar over, er at SureSMS f\u00e5r tilgang til personopplysninger fra deg. Dette betyr at vi n\u00e5 begynner \u00e5 behandle data for deg, og dermed m\u00e5 vi, i<a href=\"https:\/\/www.datatilsynet.dk\/hvad-siger-reglerne\">overholde GDPR<\/a>har en databehandleravtale.<\/p>\n<h4>Telefonnumre<\/h4>\n<p>Telefonnumrene vi skal sende til, m\u00e5 finnes i AD-et ditt. For at vi skal kunne sende SMS til en person, m\u00e5 vi vite telefonnummeret deres. Hvis du ikke har telefonnumre i AD-et ditt, m\u00e5 du derfor enten skaffe det eller la v\u00e6re \u00e5 gj\u00f8re en integrasjon.<\/p>\n<h4>Slette kontakter<\/h4>\n<p>Integrasjonen er en \u201cenveis\u201d integrasjon. Det betyr at vi bare leser informasjon fra AD. Integrasjonen tar s\u00e5 \u00e5 si alle personer fra AD. Hvis du for eksempel sletter en person i SureSMS, vil vedkommende bare komme tilbake hvis han eller hun fortsatt finnes i AD. Det er alltid AD som har de riktige dataene.<\/p>\n<h2>\n\t\t\tSlik konfigurerer du din Entra ID-integrasjon\t<\/h2>\n\t<p>Vi har flere alternativer n\u00e5r det gjelder EntraID-integrasjon. Denne artikkelen beskriver hvordan integrasjonen gj\u00f8res via en CSV-fil.<\/p>\n<p>L\u00f8sningen er i hovedsak basert p\u00e5 et lite skript som kj\u00f8res hos dere (dvs. innenfor de sikkerhetsmekanismene organisasjonen har etablert). Skriptet oppretter en kommaseparert fil med innhold om personer, telefonnumre og grupper, og denne filen sendes sikkert via sFTP til SureSMS. SureSMS laster deretter automatisk inn filen i kontoen som er knyttet til integrasjonene.<\/p>\n<p>S\u00e5, la oss komme i gang.<\/p>\n<h2>\n\t\t\tSlik fungerer det\t<\/h2>\nProsessen er bygget opp rundt et PowerShell-skript som utf\u00f8rer f\u00f8lgende oppgaver:\n\n1. kobler seg sikkert til Microsoft Entra ID ved hjelp av Microsoft Graph API.\n2. henter medlemmer fra en eller flere spesifiserte brukergrupper.\n3. trekker ut relevante data (navn, landskode, telefonnummer) og navnet p\u00e5 gruppen de tilh\u00f8rer.\n4. formaterer data i en CSV-fil som er kompatibel med SureSMS-plattformen.\n5. Laster automatisk opp CSV-filen til SureSMS' sFTP-server (sftp.suresms.com).\n<br \/>\nN\u00e5r filen er lastet opp, importeres den automatisk til kontaktene i adresseboken din i SureSMS.\n<h2>\n\t\t\tFormat for CSV-filen\t<\/h2>\nSkriptet genererer en CSV-fil med semikolon som skilletegn, noe som er standard i Danmark. Filen inneholder f\u00f8lgende kolonner:\n<table>\n<tbody data-slate-node=\"element\">\n<tr data-slate-node=\"element\">\n<td data-slate-node=\"element\">\nSpalte\n<\/td>\n<td data-slate-node=\"element\">\nBeskrivelse\n<\/td>\n<td data-slate-node=\"element\">\nEksempel p\u00e5 et eksempel\n<\/td>\n<\/tr>\n<tr data-slate-node=\"element\">\n<td data-slate-node=\"element\">\nNavn\n<\/td>\n<td data-slate-node=\"element\">\nBrukerens fulle navn fra Entra ID\n<\/td>\n<td data-slate-node=\"element\">\nAnders Jensen\n<\/td>\n<\/tr>\n<tr data-slate-node=\"element\">\n<td data-slate-node=\"element\">\nLandskode\n<\/td>\n<td data-slate-node=\"element\">Oppringningskode med + prefiks<\/td>\n<td data-slate-node=\"element\">\n+45\n<\/td>\n<\/tr>\n<tr data-slate-node=\"element\">\n<td data-slate-node=\"element\">\nTelefonnummer\n<\/td>\n<td data-slate-node=\"element\">\nMobilnummer eller jobbtelefon\n<\/td>\n<td data-slate-node=\"element\">\n12345678\n<\/td>\n<\/tr>\n<tr data-slate-node=\"element\">\n<td data-slate-node=\"element\">\nGruppe\n<\/td>\n<td data-slate-node=\"element\">\nNavnet p\u00e5 Entra ID-gruppen som brukeren tilh\u00f8rer\n<\/td>\n<td data-slate-node=\"element\">\nIT-avdelingen\n<\/td>\n<\/tr>\n<\/tbody>\n<\/table>\nEt eksempel p\u00e5 filinnholdet kan se slik ut:\nRen tekst\n\u201cAnders Jensen\u201d;\u201d+45\u2033;\u201d12345678\u2033;\u201dIT-avdelingen\u201d\n\u201cMaria Nielsen\u201d;\u201d+45\u2033;\u201d87654321\u2033;\u201dIT-avdelingen\u201d\n\u201cPeter Hansen\u201d;\u201d+45\u2033;\u201d11223344\u2033;\u201dSalg\u201d\n\u201cJohan Svensson\u201d;\u201d+46\u2033;\u201d701234567\u2033;\u201dSalg\u201d\n\nMerk at skriptet automatisk konverterer ISO-landskoder (f.eks. DK, SE, NO) til riktig oppringingsformat (+45, +46, +47) og fjerner eventuelle landskodeprefikser fra telefonnumrene.\n<h2>\n\t\t\tForutsetninger\t<\/h2>\n<p>F\u00f8r du kan bruke skriptet, m\u00e5 du s\u00f8rge for at systemet ditt oppfyller f\u00f8lgende krav:<\/p>\n<ul>\n<li>Windows PowerShell 5.1 eller nyere (inkludert i Windows 10 og 11).<\/li>\n<li>N\u00f8dvendige PowerShell-moduler: Skriptet vil automatisk fors\u00f8ke \u00e5 installere <u>Graf<\/u> og <u>Posh-SSH<\/u>, hvis de ikke allerede er installert. Dette krever administratorrettigheter f\u00f8rste gang.<\/li>\n<li>Tillatelser i Entra ID: Brukeren som kj\u00f8rer skriptet m\u00e5 ha tillatelse til \u00e5 lese bruker- og gruppeinformasjon via Microsoft Graph. F\u00f8rste gang skriptet kj\u00f8res, vil du bli bedt om \u00e5 godkjenne disse tillatelsene.<\/li>\n<li>sFTP-tilgang til SureSMS: Du m\u00e5 ha et brukernavn og passord for SureSMS' sFTP-server.<\/li>\n<\/ul>\n<h2>\n\t\t\tSteg-for-steg-veiledning\t<\/h2>\n<p>F\u00f8lg disse trinnene for \u00e5 konfigurere og kj\u00f8re skriptet.<\/p>\n<h3>\n\t\t\tTrinn 1: Last ned skriptet\t<\/h3>\n<p>F\u00f8rst m\u00e5 du laste ned <a href=\"https:\/\/suresms.com\/wp-content\/uploads\/2026\/01\/Export-EntraIDUsersToSFTP.zip\">PowerShell-skriptet<\/a>. Lagre filen Export-EntraIDUsersToSFTP.ps1 p\u00e5 et passende sted p\u00e5 datamaskinen, for eksempel i C:Scripts<\/p>\n<h3>\n\t\t\tTrinn 2: Finn sFTP-opplysningene dine i SureSMS\t<\/h3>\n<p>For at skriptet skal kunne laste opp filen, trenger det dine personlige sFTP-p\u00e5loggingsdetaljer fra SureSMS. Skriptet er allerede konfigurert til \u00e5 koble seg til sftp.suresms.com, s\u00e5 du trenger bare brukernavnet og passordet ditt.<\/p>\n<p>Du kan f\u00e5 sFTP-informasjonen din ved \u00e5 sende en e-post til support@suresms.com med brukernummeret ditt og den registrerte e-postadressen (se nederst til venstre n\u00e5r du er logget inn p\u00e5 app.suresms.com)<\/p>\n<h3>\n\t\t\tTrinn 3: Kj\u00f8r skriptet\t<\/h3>\n<p>\u00c5pne et PowerShell-vindu og naviger til mappen der du lagret skriptet. Du kan n\u00e5 kj\u00f8re skriptet med de n\u00f8dvendige parameterne.<\/p>\n<p>Nedenfor ser du et eksempel p\u00e5 hvordan du kj\u00f8rer skriptet. Erstatt verdiene med din egen informasjon.<\/p>\n<p>.Export-EntraIDUsersToSFTP.ps1 -Groups \u201cAll Employees\u201d, \u201cIT Support\u201d ` -SFTPUsername \u201cditsftp-username\u201d<\/p>\n<p>N\u00e5r du kj\u00f8rer kommandoen:<\/p>\n<ul>\n<li>Du vil f\u00f8rst bli bedt om \u00e5 logge inn p\u00e5 Microsoft-kontoen din for \u00e5 gi skriptet tilgang til Entra ID.<\/li>\n<li>Du blir deretter bedt om \u00e5 oppgi sFTP-passordet ditt.<\/li>\n<\/ul>\n<p>Skriptet vil n\u00e5 hente dataene, opprette en CSV-fil med navnet <u>EntraID_Export.csv<\/u> og laste den opp til SureSMS sFTP-serveren.<\/p>\n<p>&nbsp;<\/p>\n<p><em>Parametere for skriptet<\/em><\/p>\n<p>Her er en oversikt over parameterne du kan bruke til \u00e5 tilpasse skriptets funksjon:<\/p>\n<p>&nbsp;<\/p>\n<table width=\"100%\">\n<thead>\n<tr>\n<td>Parameter<\/td>\n<td>Beskrivelse<\/td>\n<\/tr>\n<\/thead>\n<tbody>\n<tr>\n<td><u>-Grupper<\/u><\/td>\n<td>(P\u00e5krevd) En liste over gruppenavnene fra Entra ID du \u00f8nsker \u00e5 eksportere. Skille med komma, f.eks. <u>\u201cGruppe1\u201d, \u201cGruppe2\u201d<\/u>.<\/td>\n<\/tr>\n<tr>\n<td><u>-SFTPUsername<\/u><\/td>\n<td>(P\u00e5krevd) Ditt sFTP-brukernavn fra SureSMS.<\/td>\n<\/tr>\n<tr>\n<td><u>-SFTPPassord<\/u><\/td>\n<td>(Valgfritt) Passord som SecureString. Hvis det ikke er angitt, blir du bedt om \u00e5 oppgi det.<\/td>\n<\/tr>\n<tr>\n<td><u>-SFTPPort<\/u><\/td>\n<td>(Valgfritt) sFTP-port. Standard er 22.<\/td>\n<\/tr>\n<tr>\n<td><u>-SFTPRemotePath<\/u><\/td>\n<td>Mappen p\u00e5 sFTP-serveren der filen skal lastes opp. Standardinnstillingen er <u>\/<\/u>.<\/td>\n<\/tr>\n<tr>\n<td><u>-OutputPath<\/u><\/td>\n<td>(Valgfritt) Endrer navnet p\u00e5 eller plasseringen av den lokale CSV-filen. Standardinnstillingen er <u>.EntraID_Export.csv<\/u>.<\/td>\n<\/tr>\n<tr>\n<td><u>-SkipSFTPUpload<\/u><\/td>\n<td>(Valgfritt) Hvis dette er angitt, genereres bare CSV-filen lokalt uten \u00e5 lastes opp til sFTP.<\/td>\n<\/tr>\n<\/tbody>\n<\/table>\n<h2>\n\t\t\tEksempler p\u00e5 bruk\t<\/h2>\n<h4>Eksempel 1: Eksporter \u00e9n gruppe og last den opp til SureSMS<\/h4>\n<p>.Export-EntraIDUsersToSFTP.ps1 -Groups \u201cSalgsavdeling\u201d -SFTPUsername \u201cmyuser\u201d<\/p>\n<h4>Eksempel 2: Eksporter flere grupper til en bestemt mappe<\/h4>\n<p>.Export-EntraIDUsersToSFTP.ps1 -Groups \u201cIT\u201d, \u201cHR\u201d, \u201cManagement\u201d ` -SFTPUsername \u201cmyuser\u201d ` -SFTPRemotePath \u201c\/contacts\u201d<\/p>\n<h4>Eksempel 3: Kun lokal eksport uten sFTP-opplasting<\/h4>\n<p>.Export-EntraIDUsersToSFTP.ps1 -Groups \u201cAll Employees\u201d ` -OutputPath \u201cC:Export Employees.csv\u201d ` -SkipSFTPUpload<\/p>\n<h2>\n\t\t\tAutomatisering med Windows Task Scheduler\t<\/h2>\n<p>For \u00e5 holde kontaktlistene synkronisert kan du sette opp en planlagt oppgave i Windows som kj\u00f8rer skriptet automatisk med jevne mellomrom. Dette sikrer at nye ansatte eller endringer i telefonnumre automatisk gjenspeiles i SureSMS-mottakerlistene uten manuelt arbeid.<\/p>\n<p>Slik oppretter du en planlagt oppgave:<\/p>\n<ul>\n<li>\u00c5pne Oppgaveplanlegging i Windows.<\/li>\n<li>Klikk p\u00e5 Opprett grunnleggende oppgave.<\/li>\n<li>Gi oppgaven et navn, for eksempel \u201cSureSMS Contact Sync\u201d.<\/li>\n<li>Velg hvor ofte oppgaven skal kj\u00f8res (f.eks. daglig).<\/li>\n<li>Velg Start et program som handling.<\/li>\n<li>Spesifiser <u>exe<\/u> som applikasjon og legge til hele banen til skriptet med parametere som argumenter.<\/li>\n<\/ul>\n<p>Eksempel p\u00e5 argument:<\/p>\n<p>-ExecutionPolicy Bypass -File \u201cC:ScriptsExport-EntraIDUsersToSFTP.ps1\u201d -Groups \u201cAll Employees\u201d -SFTPUsername \u201cmyuser\u201d<\/p>\n<p>Merk: For automatisert kj\u00f8ring m\u00e5 du lagre passordet p\u00e5 en sikker m\u00e5te. Du kan bruke <u>-SFTPPassord<\/u> parameteren med en SecureString lagret i en kryptert fil, eller kj\u00f8r skriptet under en tjenestekonto med lagret legitimasjon.<\/p>\n<p>&nbsp;<\/p>","protected":false},"excerpt":{"rendered":"<p>SMS-integrasjon Entra ID via CSV-fil Hva er Entra ID, ogs\u00e5 kjent som Active Directory? Microsoft Entra ID, tidligere kjent som Azure Active Directory (Azure AD), er en skybasert tjeneste for identitets- og tilgangsstyring fra Microsoft. Denne tjenesten hjelper organisasjoner med \u00e5 administrere og sikre brukertilgang til applikasjoner og data p\u00e5 tvers av en moderne hybrid ... <a title=\"SMS-integrasjon til Entra ID (via CSV-fil)\" class=\"read-more\" href=\"https:\/\/suresms.com\/nb\/integrationer\/booking-ldap-2fa\/integration-entra-id-via-csv\/\" aria-label=\"Les mer om SMS-integrasjon til Entra ID (via CSV-fil)\">Les mer om dette<\/a><\/p>","protected":false},"author":1,"featured_media":0,"parent":19541,"menu_order":1,"comment_status":"closed","ping_status":"closed","template":"","meta":{"_fl_builder_enabled":"1","_fl_builder_data":null,"_fl_builder_draft":null,"_fl_builder_data_settings":null,"_fl_builder_css":"","_fl_builder_css_version":"","_fl_builder_js":"","footnotes":""},"categories":[],"tags":[],"class_list":["post-23804","page","type-page","status-publish"],"yoast_head":"<!-- This site is optimized with the Yoast SEO Premium plugin v27.3 (Yoast SEO v27.3) - https:\/\/yoast.com\/product\/yoast-seo-premium-wordpress\/ -->\r\n<title>SMS integration til Entra ID (via CSV fil) - dyb integration<\/title>\r\n<meta name=\"description\" content=\"SMS AD Integration til Azure Active Directory. Fuldt integreret SMS l\u00f8sning i AD til beredskabs, alarmering, medarbejdere og mere\" \/>\r\n<meta name=\"robots\" content=\"index, follow, max-snippet:-1, max-image-preview:large, max-video-preview:-1\" \/>\r\n<link rel=\"canonical\" href=\"https:\/\/suresms.com\/nb\/integrasjoner\/booking-av-vikarsystemer-2\/integrasjon-entra-id-via-csv\/\" \/>\r\n<meta property=\"og:locale\" content=\"nb_NO\" \/>\r\n<meta property=\"og:type\" content=\"article\" \/>\r\n<meta property=\"og:title\" content=\"SMS integration til Entra ID (via CSV fil)\" \/>\r\n<meta property=\"og:description\" content=\"SMS AD Integration til Azure Active Directory. Fuldt integreret SMS l\u00f8sning i AD til beredskabs, alarmering, medarbejdere og mere\" \/>\r\n<meta property=\"og:url\" content=\"https:\/\/suresms.com\/nb\/integrasjoner\/booking-av-vikarsystemer-2\/integrasjon-entra-id-via-csv\/\" \/>\r\n<meta property=\"article:publisher\" content=\"https:\/\/www.facebook.com\/p\/SureSMS-100044607956149\/\" \/>\r\n<meta property=\"article:modified_time\" content=\"2026-01-14T06:35:34+00:00\" \/>\r\n<meta property=\"og:image\" content=\"https:\/\/suresms.com\/wp-content\/uploads\/2022\/08\/Azure-AD-2-1.png\" \/>\r\n<meta name=\"twitter:card\" content=\"summary_large_image\" \/>\r\n<meta name=\"twitter:label1\" content=\"Ansl. lesetid\" \/>\n\t<meta name=\"twitter:data1\" content=\"7 minutter\" \/>\r\n<script type=\"application\/ld+json\" class=\"yoast-schema-graph\">{\"@context\":\"https:\\\/\\\/schema.org\",\"@graph\":[{\"@type\":\"WebPage\",\"@id\":\"https:\\\/\\\/suresms.com\\\/dk\\\/integrationer\\\/booking-ldap-2fa\\\/integration-entra-id-via-csv\\\/\",\"url\":\"https:\\\/\\\/suresms.com\\\/dk\\\/integrationer\\\/booking-ldap-2fa\\\/integration-entra-id-via-csv\\\/\",\"name\":\"SMS integration til Entra ID (via CSV fil) - dyb integration\",\"isPartOf\":{\"@id\":\"https:\\\/\\\/suresms.com\\\/en\\\/#website\"},\"primaryImageOfPage\":{\"@id\":\"https:\\\/\\\/suresms.com\\\/dk\\\/integrationer\\\/booking-ldap-2fa\\\/integration-entra-id-via-csv\\\/#primaryimage\"},\"image\":{\"@id\":\"https:\\\/\\\/suresms.com\\\/dk\\\/integrationer\\\/booking-ldap-2fa\\\/integration-entra-id-via-csv\\\/#primaryimage\"},\"thumbnailUrl\":\"https:\\\/\\\/suresms.com\\\/wp-content\\\/uploads\\\/2022\\\/08\\\/Azure-AD-2-1.png\",\"datePublished\":\"2026-01-13T16:10:44+00:00\",\"dateModified\":\"2026-01-14T06:35:34+00:00\",\"description\":\"SMS AD Integration til Azure Active Directory. Fuldt integreret SMS l\u00f8sning i AD til beredskabs, alarmering, medarbejdere og mere\",\"breadcrumb\":{\"@id\":\"https:\\\/\\\/suresms.com\\\/dk\\\/integrationer\\\/booking-ldap-2fa\\\/integration-entra-id-via-csv\\\/#breadcrumb\"},\"inLanguage\":\"nb-NO\",\"potentialAction\":[{\"@type\":\"ReadAction\",\"target\":[\"https:\\\/\\\/suresms.com\\\/dk\\\/integrationer\\\/booking-ldap-2fa\\\/integration-entra-id-via-csv\\\/\"]}]},{\"@type\":\"ImageObject\",\"inLanguage\":\"nb-NO\",\"@id\":\"https:\\\/\\\/suresms.com\\\/dk\\\/integrationer\\\/booking-ldap-2fa\\\/integration-entra-id-via-csv\\\/#primaryimage\",\"url\":\"https:\\\/\\\/suresms.com\\\/wp-content\\\/uploads\\\/2022\\\/08\\\/Azure-AD-2-1.png\",\"contentUrl\":\"https:\\\/\\\/suresms.com\\\/wp-content\\\/uploads\\\/2022\\\/08\\\/Azure-AD-2-1.png\"},{\"@type\":\"BreadcrumbList\",\"@id\":\"https:\\\/\\\/suresms.com\\\/dk\\\/integrationer\\\/booking-ldap-2fa\\\/integration-entra-id-via-csv\\\/#breadcrumb\",\"itemListElement\":[{\"@type\":\"ListItem\",\"position\":1,\"name\":\"Home\",\"item\":\"https:\\\/\\\/suresms.com\\\/dk\\\/\"},{\"@type\":\"ListItem\",\"position\":2,\"name\":\"Integrationer\",\"item\":\"https:\\\/\\\/suresms.com\\\/dk\\\/integrationer\\\/\"},{\"@type\":\"ListItem\",\"position\":3,\"name\":\"SMS integration til LDAP og brugerdatabaser\",\"item\":\"https:\\\/\\\/suresms.com\\\/dk\\\/integrationer\\\/booking-ldap-2fa\\\/\"},{\"@type\":\"ListItem\",\"position\":4,\"name\":\"SMS integration til Entra ID (via CSV fil)\"}]},{\"@type\":\"WebSite\",\"@id\":\"https:\\\/\\\/suresms.com\\\/en\\\/#website\",\"url\":\"https:\\\/\\\/suresms.com\\\/en\\\/\",\"name\":\"SureSMS\",\"description\":\"Professionel SMS Gateway\",\"publisher\":{\"@id\":\"https:\\\/\\\/suresms.com\\\/en\\\/#organization\"},\"potentialAction\":[{\"@type\":\"SearchAction\",\"target\":{\"@type\":\"EntryPoint\",\"urlTemplate\":\"https:\\\/\\\/suresms.com\\\/en\\\/?s={search_term_string}\"},\"query-input\":{\"@type\":\"PropertyValueSpecification\",\"valueRequired\":true,\"valueName\":\"search_term_string\"}}],\"inLanguage\":\"nb-NO\"},{\"@type\":\"Organization\",\"@id\":\"https:\\\/\\\/suresms.com\\\/en\\\/#organization\",\"name\":\"SureSMS\",\"url\":\"https:\\\/\\\/suresms.com\\\/en\\\/\",\"logo\":{\"@type\":\"ImageObject\",\"inLanguage\":\"nb-NO\",\"@id\":\"https:\\\/\\\/suresms.com\\\/en\\\/#\\\/schema\\\/logo\\\/image\\\/\",\"url\":\"https:\\\/\\\/suresms.com\\\/wp-content\\\/uploads\\\/2024\\\/11\\\/suresms-300x65-1.png\",\"contentUrl\":\"https:\\\/\\\/suresms.com\\\/wp-content\\\/uploads\\\/2024\\\/11\\\/suresms-300x65-1.png\",\"width\":300,\"height\":65,\"caption\":\"SureSMS\"},\"image\":{\"@id\":\"https:\\\/\\\/suresms.com\\\/en\\\/#\\\/schema\\\/logo\\\/image\\\/\"},\"sameAs\":[\"https:\\\/\\\/www.facebook.com\\\/p\\\/SureSMS-100044607956149\\\/\"]}]}<\/script>\r\n<!-- \/ Yoast SEO Premium plugin. -->","yoast_head_json":{"title":"SMS-integrasjon til Entra ID (via CSV-fil) - dyp integrasjon","description":"SMS AD-integrasjon for Azure Active Directory. Fullt integrert SMS-l\u00f8sning i AD for beredskap, varsling, ansatte og mer","robots":{"index":"index","follow":"follow","max-snippet":"max-snippet:-1","max-image-preview":"max-image-preview:large","max-video-preview":"max-video-preview:-1"},"canonical":"https:\/\/suresms.com\/nb\/integrasjoner\/booking-av-vikarsystemer-2\/integrasjon-entra-id-via-csv\/","og_locale":"nb_NO","og_type":"article","og_title":"SMS integration til Entra ID (via CSV fil)","og_description":"SMS AD Integration til Azure Active Directory. Fuldt integreret SMS l\u00f8sning i AD til beredskabs, alarmering, medarbejdere og mere","og_url":"https:\/\/suresms.com\/nb\/integrasjoner\/booking-av-vikarsystemer-2\/integrasjon-entra-id-via-csv\/","article_publisher":"https:\/\/www.facebook.com\/p\/SureSMS-100044607956149\/","article_modified_time":"2026-01-14T06:35:34+00:00","og_image":[{"url":"https:\/\/suresms.com\/wp-content\/uploads\/2022\/08\/Azure-AD-2-1.png","type":"","width":"","height":""}],"twitter_card":"summary_large_image","twitter_misc":{"Ansl. lesetid":"7 minutter"},"schema":{"@context":"https:\/\/schema.org","@graph":[{"@type":"WebPage","@id":"https:\/\/suresms.com\/dk\/integrationer\/booking-ldap-2fa\/integration-entra-id-via-csv\/","url":"https:\/\/suresms.com\/dk\/integrationer\/booking-ldap-2fa\/integration-entra-id-via-csv\/","name":"SMS-integrasjon til Entra ID (via CSV-fil) - dyp integrasjon","isPartOf":{"@id":"https:\/\/suresms.com\/en\/#website"},"primaryImageOfPage":{"@id":"https:\/\/suresms.com\/dk\/integrationer\/booking-ldap-2fa\/integration-entra-id-via-csv\/#primaryimage"},"image":{"@id":"https:\/\/suresms.com\/dk\/integrationer\/booking-ldap-2fa\/integration-entra-id-via-csv\/#primaryimage"},"thumbnailUrl":"https:\/\/suresms.com\/wp-content\/uploads\/2022\/08\/Azure-AD-2-1.png","datePublished":"2026-01-13T16:10:44+00:00","dateModified":"2026-01-14T06:35:34+00:00","description":"SMS AD-integrasjon for Azure Active Directory. Fullt integrert SMS-l\u00f8sning i AD for beredskap, varsling, ansatte og mer","breadcrumb":{"@id":"https:\/\/suresms.com\/dk\/integrationer\/booking-ldap-2fa\/integration-entra-id-via-csv\/#breadcrumb"},"inLanguage":"nb-NO","potentialAction":[{"@type":"ReadAction","target":["https:\/\/suresms.com\/dk\/integrationer\/booking-ldap-2fa\/integration-entra-id-via-csv\/"]}]},{"@type":"ImageObject","inLanguage":"nb-NO","@id":"https:\/\/suresms.com\/dk\/integrationer\/booking-ldap-2fa\/integration-entra-id-via-csv\/#primaryimage","url":"https:\/\/suresms.com\/wp-content\/uploads\/2022\/08\/Azure-AD-2-1.png","contentUrl":"https:\/\/suresms.com\/wp-content\/uploads\/2022\/08\/Azure-AD-2-1.png"},{"@type":"BreadcrumbList","@id":"https:\/\/suresms.com\/dk\/integrationer\/booking-ldap-2fa\/integration-entra-id-via-csv\/#breadcrumb","itemListElement":[{"@type":"ListItem","position":1,"name":"Home","item":"https:\/\/suresms.com\/dk\/"},{"@type":"ListItem","position":2,"name":"Integrationer","item":"https:\/\/suresms.com\/dk\/integrationer\/"},{"@type":"ListItem","position":3,"name":"SMS integration til LDAP og brugerdatabaser","item":"https:\/\/suresms.com\/dk\/integrationer\/booking-ldap-2fa\/"},{"@type":"ListItem","position":4,"name":"SMS integration til Entra ID (via CSV fil)"}]},{"@type":"WebSite","@id":"https:\/\/suresms.com\/en\/#website","url":"https:\/\/suresms.com\/en\/","name":"SureSMS","description":"Profesjonell SMS-gateway","publisher":{"@id":"https:\/\/suresms.com\/en\/#organization"},"potentialAction":[{"@type":"SearchAction","target":{"@type":"EntryPoint","urlTemplate":"https:\/\/suresms.com\/en\/?s={search_term_string}"},"query-input":{"@type":"PropertyValueSpecification","valueRequired":true,"valueName":"search_term_string"}}],"inLanguage":"nb-NO"},{"@type":"Organization","@id":"https:\/\/suresms.com\/en\/#organization","name":"SureSMS","url":"https:\/\/suresms.com\/en\/","logo":{"@type":"ImageObject","inLanguage":"nb-NO","@id":"https:\/\/suresms.com\/en\/#\/schema\/logo\/image\/","url":"https:\/\/suresms.com\/wp-content\/uploads\/2024\/11\/suresms-300x65-1.png","contentUrl":"https:\/\/suresms.com\/wp-content\/uploads\/2024\/11\/suresms-300x65-1.png","width":300,"height":65,"caption":"SureSMS"},"image":{"@id":"https:\/\/suresms.com\/en\/#\/schema\/logo\/image\/"},"sameAs":["https:\/\/www.facebook.com\/p\/SureSMS-100044607956149\/"]}]}},"_links":{"self":[{"href":"https:\/\/suresms.com\/nb\/wp-json\/wp\/v2\/pages\/23804","targetHints":{"allow":["GET"]}}],"collection":[{"href":"https:\/\/suresms.com\/nb\/wp-json\/wp\/v2\/pages"}],"about":[{"href":"https:\/\/suresms.com\/nb\/wp-json\/wp\/v2\/types\/page"}],"author":[{"embeddable":true,"href":"https:\/\/suresms.com\/nb\/wp-json\/wp\/v2\/users\/1"}],"replies":[{"embeddable":true,"href":"https:\/\/suresms.com\/nb\/wp-json\/wp\/v2\/comments?post=23804"}],"version-history":[{"count":7,"href":"https:\/\/suresms.com\/nb\/wp-json\/wp\/v2\/pages\/23804\/revisions"}],"predecessor-version":[{"id":23815,"href":"https:\/\/suresms.com\/nb\/wp-json\/wp\/v2\/pages\/23804\/revisions\/23815"}],"up":[{"embeddable":true,"href":"https:\/\/suresms.com\/nb\/wp-json\/wp\/v2\/pages\/19541"}],"wp:attachment":[{"href":"https:\/\/suresms.com\/nb\/wp-json\/wp\/v2\/media?parent=23804"}],"wp:term":[{"taxonomy":"category","embeddable":true,"href":"https:\/\/suresms.com\/nb\/wp-json\/wp\/v2\/categories?post=23804"},{"taxonomy":"post_tag","embeddable":true,"href":"https:\/\/suresms.com\/nb\/wp-json\/wp\/v2\/tags?post=23804"}],"curies":[{"name":"wp","href":"https:\/\/api.w.org\/{rel}","templated":true}]}}