{"id":23651,"date":"2025-12-30T10:27:09","date_gmt":"2025-12-30T10:27:09","guid":{"rendered":"https:\/\/suresms.com\/?page_id=23651"},"modified":"2026-01-09T05:51:35","modified_gmt":"2026-01-09T05:51:35","slug":"malindustri","status":"publish","type":"page","link":"https:\/\/suresms.com\/nb\/lp\/branche\/skabelon-branche\/","title":{"rendered":"Mal for destinasjonsside - Industri"},"content":{"rendered":"<!-- Flexy Breadcrumb -->\r\n\t\t\t<div class=\"fbc fbc-page\">\r\n\r\n\t\t\t\t<!-- Breadcrumb wrapper -->\r\n\t\t\t\t<div class=\"fbc-wrap\">\r\n\r\n\t\t\t\t\t<!-- Ordered list-->\r\n\t\t\t\t\t<ol class=\"fbc-items\" itemscope itemtype=\"https:\/\/schema.org\/BreadcrumbList\">\r\n\t\t\t\t\t\t            <li itemprop=\"itemListElement\" itemscope itemtype=\"https:\/\/schema.org\/ListItem\">\r\n                <span itemprop=\"name\">\r\n                    <!-- Home Link -->\r\n                    <a itemprop=\"item\" href=\"https:\/\/suresms.com\/nb\/\">\r\n                    \r\n                                                    <i class=\"fa fa-home\" aria-hidden=\"true\"><\/i>Hjem                    <\/a>\r\n                <\/span>\r\n                <meta itemprop=\"position\" content=\"1\" \/><!-- Meta Position-->\r\n             <\/li><li><span class=\"fbc-separator\">\/<\/span><\/li><li class=\"active\" itemprop=\"itemListElement\" itemscope itemtype=\"https:\/\/schema.org\/ListItem\"><span itemprop=\"name\" title=\"Mal for destinasjonsside - Industri\">Mal for destinasjonssider -...<\/span><meta itemprop=\"position\" content=\"2\" \/><\/li>\t\t\t\t\t<\/ol>\r\n\t\t\t\t\t<div class=\"clearfix\"><\/div>\r\n\t\t\t\t<\/div>\r\n\t\t\t<\/div>\r\n\t\t\t\n<h1>\n\t\t\t{{ARTIKKELOVERSKRIFT (skriv en overskrift for artikkelen \u2013 maks. 60 tegn) }}\t<\/h1>\n\t<p>{{UNDEROVERSKRIFT (skriv en underoverskrift p\u00e5 ca. 200 tegn)}}<\/p>\n\t\t<h2>{{FORDELER-OVERSKRIFT (skriv en fengende overskrift \u2013 maks. 60 tegn)}}<\/h2><p>{{FORDELER-HOVEDTEKST (skriv her hvilke fordeler bransjen har av SMS. Finn relevante bruksomr&aring;der. Hva er fordelene for dem? Lag en liste over fordeler og utdyp dem i et avsnitt nedenfor. Skriv ikke mer enn 150 ord i 3-4 avsnitt; innledende ord i listene m&aring; merkes &lt;b&gt;&lt;\/b&gt;)}}<\/p>\n\t\t\t\t<img decoding=\"async\" src=\"https:\/\/suresms.com\/wp-content\/plugins\/bb-plugin\/img\/pixel.png\" alt=\"\" itemprop=\"image\" onerror=\"this.style.display='none'\" loading=\"lazy\" \/>\n\t\t\t<a href=\"https:\/\/app.suresms.com\/account\/signup\" target=\"_blank\" rel=\"noopener\">\n\t\t\t\t\t\t\tOpprett en gratis konto\n\t\t\t\t\t<\/a>\n\t\t\t\t<img decoding=\"async\" src=\"https:\/\/suresms.com\/wp-content\/plugins\/bb-plugin\/img\/pixel.png\" alt=\"\" itemprop=\"image\" onerror=\"this.style.display='none'\" loading=\"lazy\" \/>\n<h2>\n\t\t\t{{HVORFOR SURE SMS OVERSKRIFT (skriv en overskrift p\u00e5 maks. 60 tegn som beskriver hvorfor de b\u00f8r velge Sure SMS)}}\t<\/h2>\n\t<p>{{WHY SURE SMS-BODY (lag en beskrivelse p\u00e5 ca. 300 tegn som forklarer hvorfor denne bransjen b\u00f8r velge Sure SMS som sin SMS-l\u00f8sning)}}<\/p>\n\t\t\t\n<br \/>\n<br \/>\n\n<p>{{SOCIAL-PROOF-01 (skriv en anmeldelse p\u00e5 ca. 120 tegn)}}<\/p>\n\t\t\t<p><br \/><br \/>{{SOCIAL-PROOF-02 (skriv en anmeldelse p\u00e5 ca. 120 tegn)}}<\/p>\t\t\n\t\t\t<br \/>\n<br \/>\n\n<p>{{SOCIAL-PROOF-03 (skriv en anmeldelse p\u00e5 ca. 120 tegn)}}<\/p>\n\t\t\t<br \/>\n<br \/>\n\n<p>{{SOCIAL-PROOF-04 (skriv en anmeldelse p\u00e5 ca. 120 tegn)}}<\/p>\n\t\t\t<br \/>\n<br \/>\n\n<p>{{SOCIAL-PROOF-05 (skriv en anmeldelse p\u00e5 ca. 120 tegn)}}<\/p>\n\t\t\t<br \/>\n<br \/>\n\n<p>{{SOCIAL-PROOF-06 (skriv en anmeldelse p\u00e5 ca. 120 tegn)}}<\/p>\n\t\t\t\t\t\t\t\t\t\t<h4 tabindex=\"0\">{{FAQ-01 (hva er det vanligste sp\u00f8rsm\u00e5let, maks. 60 tegn)}}<\/h4>\n\t\t\t\t\t<p>{{FAQ-01-SVAR (skriv svaret p\u00e5 sp\u00f8rsm\u00e5let. Skriv ca. 300 ord)}}<\/p>\n\t\t\t\t\t\t\t\t\t\t<h4 tabindex=\"0\">{{FAQ-02 (hva er det vanligste sp\u00f8rsm\u00e5let, maks. 60 tegn)}}<\/h4>\n\t\t\t\t\t<p>{{FAQ-02-SVAR (skriv svaret)}}<\/p>\n\t\t\t\t\t\t\t\t\t\t<h4 tabindex=\"0\">{{FAQ-03 (hva er det mest typiske sp\u00f8rsm\u00e5let, maks. 60 tegn)}}<\/h4>\n\t\t\t\t\t<p>{{FAQ-03-SVAR (skriv svaret p\u00e5 sp\u00f8rsm\u00e5let. Skriv ca. 300 ord)}}<\/p>\n\t\t\t\t\t\t\t\t\t\t<h4 tabindex=\"0\">{{FAQ-04 (hva er det mest typiske sp\u00f8rsm\u00e5let, maks. 60 tegn)}}<\/h4>\n\t\t\t\t\t<p>{{FAQ-04-SVAR (skriv svaret p\u00e5 sp\u00f8rsm\u00e5let. Skriv ca. 300 ord)}}<\/p>\n\t\t\t\t\t\t\t\t\t\t<h4 tabindex=\"0\">{{FAQ-05 (hva er det mest typiske sp\u00f8rsm\u00e5let, maks. 60 tegn)}}<\/h4>\n\t\t\t\t\t<p>{{FAQ-05-SVAR (skriv svaret p\u00e5 sp\u00f8rsm\u00e5let. Skriv ca. 300 ord)}}<\/p>\n\t\t\t\t\t\t\t\t\t\t<h4 tabindex=\"0\">{{FAQ-06 (hva er det vanligste sp\u00f8rsm\u00e5let, maks. 60 tegn)}}<\/h4>\n\t\t\t\t\t<p>{{FAQ-06-SVAR (skriv svaret p\u00e5 sp\u00f8rsm\u00e5let. Skriv ca. 300 ord)}}<\/p>","protected":false},"excerpt":{"rendered":"<p>{{ARTIKKELOVERSKRIFT (skriv en overskrift for artikkelen \u2013 maks. 60 tegn) }} {{UNDEROVERSKRIFT (skriv en underoverskrift p\u00e5 ca. 200 tegn)}} {{FORDELER OVERSKRIFT (skriv en i\u00f8ynefallende overskrift \u2013 maks. 60 tegn)}} {{FORDELER BRUKSTEKST (skriv her hvilke fordeler bransjen har av SMS. Finn relevante bruksomr\u00e5der. Hva er fordelene for dem? Lag en liste over fordeler og utdyp dem i ... <a title=\"Mal for destinasjonsside - Industri\" class=\"read-more\" href=\"https:\/\/suresms.com\/nb\/lp\/branche\/skabelon-branche\/\" aria-label=\"Les mer om mal for destinasjonssider - Industri\">Les mer om dette<\/a><\/p>","protected":false},"author":1,"featured_media":0,"parent":23772,"menu_order":0,"comment_status":"closed","ping_status":"closed","template":"","meta":{"_fl_builder_enabled":"1","_fl_builder_data":null,"_fl_builder_draft":null,"_fl_builder_data_settings":null,"_fl_builder_css":"","_fl_builder_css_version":"","_fl_builder_js":"","footnotes":""},"categories":[],"tags":[],"class_list":["post-23651","page","type-page","status-publish"],"yoast_head":"<!-- This site is optimized with the Yoast SEO Premium plugin v27.3 (Yoast SEO v27.3) - https:\/\/yoast.com\/product\/yoast-seo-premium-wordpress\/ -->\r\n<title>Landing Page Skabelon - Branche -<\/title>\r\n<meta name=\"description\" content=\"Metdescription\" \/>\r\n<meta name=\"robots\" content=\"index, follow, max-snippet:-1, max-image-preview:large, max-video-preview:-1\" \/>\r\n<link rel=\"canonical\" href=\"https:\/\/suresms.com\/nb\/lp\/industri\/malindustri\/\" \/>\r\n<meta property=\"og:locale\" content=\"nb_NO\" \/>\r\n<meta property=\"og:type\" content=\"article\" \/>\r\n<meta property=\"og:title\" content=\"Landing Page Skabelon - Branche\" \/>\r\n<meta property=\"og:description\" content=\"Metdescription\" \/>\r\n<meta property=\"og:url\" content=\"https:\/\/suresms.com\/nb\/lp\/industri\/malindustri\/\" \/>\r\n<meta property=\"article:publisher\" content=\"https:\/\/www.facebook.com\/p\/SureSMS-100044607956149\/\" \/>\r\n<meta property=\"article:modified_time\" content=\"2026-01-09T05:51:35+00:00\" \/>\r\n<meta property=\"og:image\" content=\"https:\/\/suresms.com\/wp-content\/plugins\/bb-plugin\/img\/pixel.png\" \/>\r\n<meta name=\"twitter:card\" content=\"summary_large_image\" \/>\r\n<meta name=\"twitter:label1\" content=\"Ansl. lesetid\" \/>\n\t<meta name=\"twitter:data1\" content=\"2 minutter\" \/>\r\n<script type=\"application\/ld+json\" class=\"yoast-schema-graph\">{\"@context\":\"https:\\\/\\\/schema.org\",\"@graph\":[{\"@type\":\"WebPage\",\"@id\":\"https:\\\/\\\/suresms.com\\\/dk\\\/lp\\\/branche\\\/skabelon-branche\\\/\",\"url\":\"https:\\\/\\\/suresms.com\\\/dk\\\/lp\\\/branche\\\/skabelon-branche\\\/\",\"name\":\"Landing Page Skabelon - Branche -\",\"isPartOf\":{\"@id\":\"https:\\\/\\\/suresms.com\\\/en\\\/#website\"},\"primaryImageOfPage\":{\"@id\":\"https:\\\/\\\/suresms.com\\\/dk\\\/lp\\\/branche\\\/skabelon-branche\\\/#primaryimage\"},\"image\":{\"@id\":\"https:\\\/\\\/suresms.com\\\/dk\\\/lp\\\/branche\\\/skabelon-branche\\\/#primaryimage\"},\"thumbnailUrl\":\"https:\\\/\\\/suresms.com\\\/wp-content\\\/plugins\\\/bb-plugin\\\/img\\\/pixel.png\",\"datePublished\":\"2025-12-30T10:27:09+00:00\",\"dateModified\":\"2026-01-09T05:51:35+00:00\",\"description\":\"Metdescription\",\"breadcrumb\":{\"@id\":\"https:\\\/\\\/suresms.com\\\/dk\\\/lp\\\/branche\\\/skabelon-branche\\\/#breadcrumb\"},\"inLanguage\":\"nb-NO\",\"potentialAction\":[{\"@type\":\"ReadAction\",\"target\":[\"https:\\\/\\\/suresms.com\\\/dk\\\/lp\\\/branche\\\/skabelon-branche\\\/\"]}]},{\"@type\":\"ImageObject\",\"inLanguage\":\"nb-NO\",\"@id\":\"https:\\\/\\\/suresms.com\\\/dk\\\/lp\\\/branche\\\/skabelon-branche\\\/#primaryimage\",\"url\":\"https:\\\/\\\/suresms.com\\\/wp-content\\\/plugins\\\/bb-plugin\\\/img\\\/pixel.png\",\"contentUrl\":\"https:\\\/\\\/suresms.com\\\/wp-content\\\/plugins\\\/bb-plugin\\\/img\\\/pixel.png\"},{\"@type\":\"BreadcrumbList\",\"@id\":\"https:\\\/\\\/suresms.com\\\/dk\\\/lp\\\/branche\\\/skabelon-branche\\\/#breadcrumb\",\"itemListElement\":[{\"@type\":\"ListItem\",\"position\":1,\"name\":\"Home\",\"item\":\"https:\\\/\\\/suresms.com\\\/dk\\\/\"},{\"@type\":\"ListItem\",\"position\":2,\"name\":\"LP\",\"item\":\"https:\\\/\\\/suresms.com\\\/lp\\\/\"},{\"@type\":\"ListItem\",\"position\":3,\"name\":\"LP-Branche\",\"item\":\"https:\\\/\\\/suresms.com\\\/lp\\\/branche\\\/\"},{\"@type\":\"ListItem\",\"position\":4,\"name\":\"Landing Page Skabelon &#8211; Branche\"}]},{\"@type\":\"WebSite\",\"@id\":\"https:\\\/\\\/suresms.com\\\/en\\\/#website\",\"url\":\"https:\\\/\\\/suresms.com\\\/en\\\/\",\"name\":\"SureSMS\",\"description\":\"Professionel SMS Gateway\",\"publisher\":{\"@id\":\"https:\\\/\\\/suresms.com\\\/en\\\/#organization\"},\"potentialAction\":[{\"@type\":\"SearchAction\",\"target\":{\"@type\":\"EntryPoint\",\"urlTemplate\":\"https:\\\/\\\/suresms.com\\\/en\\\/?s={search_term_string}\"},\"query-input\":{\"@type\":\"PropertyValueSpecification\",\"valueRequired\":true,\"valueName\":\"search_term_string\"}}],\"inLanguage\":\"nb-NO\"},{\"@type\":\"Organization\",\"@id\":\"https:\\\/\\\/suresms.com\\\/en\\\/#organization\",\"name\":\"SureSMS\",\"url\":\"https:\\\/\\\/suresms.com\\\/en\\\/\",\"logo\":{\"@type\":\"ImageObject\",\"inLanguage\":\"nb-NO\",\"@id\":\"https:\\\/\\\/suresms.com\\\/en\\\/#\\\/schema\\\/logo\\\/image\\\/\",\"url\":\"https:\\\/\\\/suresms.com\\\/wp-content\\\/uploads\\\/2024\\\/11\\\/suresms-300x65-1.png\",\"contentUrl\":\"https:\\\/\\\/suresms.com\\\/wp-content\\\/uploads\\\/2024\\\/11\\\/suresms-300x65-1.png\",\"width\":300,\"height\":65,\"caption\":\"SureSMS\"},\"image\":{\"@id\":\"https:\\\/\\\/suresms.com\\\/en\\\/#\\\/schema\\\/logo\\\/image\\\/\"},\"sameAs\":[\"https:\\\/\\\/www.facebook.com\\\/p\\\/SureSMS-100044607956149\\\/\"]}]}<\/script>\r\n<!-- \/ Yoast SEO Premium plugin. -->","yoast_head_json":{"title":"Mal for destinasjonssider - Industri","description":"Met beskrivelse","robots":{"index":"index","follow":"follow","max-snippet":"max-snippet:-1","max-image-preview":"max-image-preview:large","max-video-preview":"max-video-preview:-1"},"canonical":"https:\/\/suresms.com\/nb\/lp\/industri\/malindustri\/","og_locale":"nb_NO","og_type":"article","og_title":"Landing Page Skabelon - Branche","og_description":"Metdescription","og_url":"https:\/\/suresms.com\/nb\/lp\/industri\/malindustri\/","article_publisher":"https:\/\/www.facebook.com\/p\/SureSMS-100044607956149\/","article_modified_time":"2026-01-09T05:51:35+00:00","og_image":[{"url":"https:\/\/suresms.com\/wp-content\/plugins\/bb-plugin\/img\/pixel.png","type":"","width":"","height":""}],"twitter_card":"summary_large_image","twitter_misc":{"Ansl. lesetid":"2 minutter"},"schema":{"@context":"https:\/\/schema.org","@graph":[{"@type":"WebPage","@id":"https:\/\/suresms.com\/dk\/lp\/branche\/skabelon-branche\/","url":"https:\/\/suresms.com\/dk\/lp\/branche\/skabelon-branche\/","name":"Mal for destinasjonssider - Industri","isPartOf":{"@id":"https:\/\/suresms.com\/en\/#website"},"primaryImageOfPage":{"@id":"https:\/\/suresms.com\/dk\/lp\/branche\/skabelon-branche\/#primaryimage"},"image":{"@id":"https:\/\/suresms.com\/dk\/lp\/branche\/skabelon-branche\/#primaryimage"},"thumbnailUrl":"https:\/\/suresms.com\/wp-content\/plugins\/bb-plugin\/img\/pixel.png","datePublished":"2025-12-30T10:27:09+00:00","dateModified":"2026-01-09T05:51:35+00:00","description":"Met beskrivelse","breadcrumb":{"@id":"https:\/\/suresms.com\/dk\/lp\/branche\/skabelon-branche\/#breadcrumb"},"inLanguage":"nb-NO","potentialAction":[{"@type":"ReadAction","target":["https:\/\/suresms.com\/dk\/lp\/branche\/skabelon-branche\/"]}]},{"@type":"ImageObject","inLanguage":"nb-NO","@id":"https:\/\/suresms.com\/dk\/lp\/branche\/skabelon-branche\/#primaryimage","url":"https:\/\/suresms.com\/wp-content\/plugins\/bb-plugin\/img\/pixel.png","contentUrl":"https:\/\/suresms.com\/wp-content\/plugins\/bb-plugin\/img\/pixel.png"},{"@type":"BreadcrumbList","@id":"https:\/\/suresms.com\/dk\/lp\/branche\/skabelon-branche\/#breadcrumb","itemListElement":[{"@type":"ListItem","position":1,"name":"Home","item":"https:\/\/suresms.com\/dk\/"},{"@type":"ListItem","position":2,"name":"LP","item":"https:\/\/suresms.com\/lp\/"},{"@type":"ListItem","position":3,"name":"LP-Branche","item":"https:\/\/suresms.com\/lp\/branche\/"},{"@type":"ListItem","position":4,"name":"Landing Page Skabelon &#8211; Branche"}]},{"@type":"WebSite","@id":"https:\/\/suresms.com\/en\/#website","url":"https:\/\/suresms.com\/en\/","name":"SureSMS","description":"Profesjonell SMS-gateway","publisher":{"@id":"https:\/\/suresms.com\/en\/#organization"},"potentialAction":[{"@type":"SearchAction","target":{"@type":"EntryPoint","urlTemplate":"https:\/\/suresms.com\/en\/?s={search_term_string}"},"query-input":{"@type":"PropertyValueSpecification","valueRequired":true,"valueName":"search_term_string"}}],"inLanguage":"nb-NO"},{"@type":"Organization","@id":"https:\/\/suresms.com\/en\/#organization","name":"SureSMS","url":"https:\/\/suresms.com\/en\/","logo":{"@type":"ImageObject","inLanguage":"nb-NO","@id":"https:\/\/suresms.com\/en\/#\/schema\/logo\/image\/","url":"https:\/\/suresms.com\/wp-content\/uploads\/2024\/11\/suresms-300x65-1.png","contentUrl":"https:\/\/suresms.com\/wp-content\/uploads\/2024\/11\/suresms-300x65-1.png","width":300,"height":65,"caption":"SureSMS"},"image":{"@id":"https:\/\/suresms.com\/en\/#\/schema\/logo\/image\/"},"sameAs":["https:\/\/www.facebook.com\/p\/SureSMS-100044607956149\/"]}]}},"_links":{"self":[{"href":"https:\/\/suresms.com\/nb\/wp-json\/wp\/v2\/pages\/23651","targetHints":{"allow":["GET"]}}],"collection":[{"href":"https:\/\/suresms.com\/nb\/wp-json\/wp\/v2\/pages"}],"about":[{"href":"https:\/\/suresms.com\/nb\/wp-json\/wp\/v2\/types\/page"}],"author":[{"embeddable":true,"href":"https:\/\/suresms.com\/nb\/wp-json\/wp\/v2\/users\/1"}],"replies":[{"embeddable":true,"href":"https:\/\/suresms.com\/nb\/wp-json\/wp\/v2\/comments?post=23651"}],"version-history":[{"count":11,"href":"https:\/\/suresms.com\/nb\/wp-json\/wp\/v2\/pages\/23651\/revisions"}],"predecessor-version":[{"id":23798,"href":"https:\/\/suresms.com\/nb\/wp-json\/wp\/v2\/pages\/23651\/revisions\/23798"}],"up":[{"embeddable":true,"href":"https:\/\/suresms.com\/nb\/wp-json\/wp\/v2\/pages\/23772"}],"wp:attachment":[{"href":"https:\/\/suresms.com\/nb\/wp-json\/wp\/v2\/media?parent=23651"}],"wp:term":[{"taxonomy":"category","embeddable":true,"href":"https:\/\/suresms.com\/nb\/wp-json\/wp\/v2\/categories?post=23651"},{"taxonomy":"post_tag","embeddable":true,"href":"https:\/\/suresms.com\/nb\/wp-json\/wp\/v2\/tags?post=23651"}],"curies":[{"name":"wp","href":"https:\/\/api.w.org\/{rel}","templated":true}]}}