{"id":23544,"date":"2025-11-14T14:41:25","date_gmt":"2025-11-14T14:41:25","guid":{"rendered":"https:\/\/suresms.com\/?page_id=23544"},"modified":"2025-11-14T14:47:30","modified_gmt":"2025-11-14T14:47:30","slug":"kontosikkerhet","status":"publish","type":"page","link":"https:\/\/suresms.com\/nb\/docs\/account\/kontosikkerhed\/","title":{"rendered":"Kontosikkerhet"},"content":{"rendered":"<!-- Flexy Breadcrumb -->\r\n\t\t\t<div class=\"fbc fbc-page\">\r\n\r\n\t\t\t\t<!-- Breadcrumb wrapper -->\r\n\t\t\t\t<div class=\"fbc-wrap\">\r\n\r\n\t\t\t\t\t<!-- Ordered list-->\r\n\t\t\t\t\t<ol class=\"fbc-items\" itemscope itemtype=\"https:\/\/schema.org\/BreadcrumbList\">\r\n\t\t\t\t\t\t            <li itemprop=\"itemListElement\" itemscope itemtype=\"https:\/\/schema.org\/ListItem\">\r\n                <span itemprop=\"name\">\r\n                    <!-- Home Link -->\r\n                    <a itemprop=\"item\" href=\"https:\/\/suresms.com\/nb\/\">\r\n                    \r\n                                                    <i class=\"fa fa-home\" aria-hidden=\"true\"><\/i>Hjem                    <\/a>\r\n                <\/span>\r\n                <meta itemprop=\"position\" content=\"1\" \/><!-- Meta Position-->\r\n             <\/li><li><span class=\"fbc-separator\">\/<\/span><\/li><li class=\"active\" itemprop=\"itemListElement\" itemscope itemtype=\"https:\/\/schema.org\/ListItem\"><span itemprop=\"name\" title=\"Kontosikkerhet\">Kontosikkerhet<\/span><meta itemprop=\"position\" content=\"2\" \/><\/li>\t\t\t\t\t<\/ol>\r\n\t\t\t\t\t<div class=\"clearfix\"><\/div>\r\n\t\t\t\t<\/div>\r\n\t\t\t<\/div>\r\n\t\t\t\n<h1>\n\t\t\tKontosikkerhet\t<\/h1>\n\tSureSMS inneholder en rekke sikkerhetsfunksjoner som hjelper deg med \u00e5 beskytte dataene dine, unng\u00e5 misbruk og overholde GDPR-kravene. P\u00e5 denne siden g\u00e5r vi gjennom alle sikkerhetsinnstillingene du kan aktivere p\u00e5 kontoen din - i tillegg til en tilleggsfunksjon som vi bare kan aktivere via kundest\u00f8tte.\nDu finner alle funksjonene nedenfor:<br data-start=\"1551\" data-end=\"1554\" \/><strong data-start=\"1554\" data-end=\"1591\">Innstillinger \u2192 Konto \u2192 Sikkerhet<\/strong>\n<h2>\n\t\t\tIP-hviteliste for e-post-til-SMS\t<\/h2>\n\tN\u00e5r du sender SMS-meldinger via e-post-til-SMS, kan du beskytte kontoen din med IP-hvitelisting.<br data-start=\"1723\" data-end=\"1726\" \/>Denne funksjonen sikrer at bare e-poster som sendes fra autoriserte IP-adresser, blir akseptert og sendt som SMS.\n<h3 data-start=\"1826\" data-end=\"1871\"><strong data-start=\"1830\" data-end=\"1871\">N\u00e5r b\u00f8r du bruke IP-hvitelisting?<\/strong><\/h3>\n<ul data-start=\"1872\" data-end=\"2067\">\n<li data-start=\"1872\" data-end=\"1926\">\nHvis du sender fra <strong data-start=\"1893\" data-end=\"1924\">Egen lokal SMTP-server<\/strong>\n<\/li>\n<li data-start=\"1927\" data-end=\"1992\">\nHvis bedriften din \u00f8nsker \u00e5 <strong data-start=\"1956\" data-end=\"1976\">ekstra sikkerhet<\/strong> ved utsendelse\n<\/li>\n<li data-start=\"1993\" data-end=\"2067\">\nHvis du vil sikre at bare e-poster fra de interne systemene dine kan sende SMS\n<\/li>\n<\/ul>\nDe fleste skybaserte e-postleverand\u00f8rer gjenbruker IP-er p\u00e5 tvers av mange kunder, s\u00e5 i de fleste tilfeller anbefaler vi \u00e5 sende via e-post-til-SMS med <strong data-start=\"2223\" data-end=\"2256\">API-n\u00f8kkel i avsenderadressen<\/strong> (format: <em data-start=\"2266\" data-end=\"2296\">telefonnummer.api-n\u00f8kkel.APIKEY<\/em>).\nMen hvis du har full kontroll over din egen e-postserver, er hvitelisting en effektiv l\u00f8sning.\n\t\t\t\t\t<video src=\"https:\/\/suresms.com\/wp-content\/uploads\/2025\/11\/OK - Dokumentation - Konto - Sikkerhed.mp4\" alt=\"hosted-video-thumbnail\"><\/video>\n\t\t<h2>\n\t\t\tForvreng meldinger etter X minutter\t<\/h2>\n\tFor \u00e5 overholde GDPR kan du med SureSMS <strong data-start=\"2489\" data-end=\"2501\">klatre<\/strong> meldinger etter et visst antall minutter. Standardverdien er <strong data-start=\"2555\" data-end=\"2569\">0 minutter<\/strong>, noe som betyr at meldinger aldri blir kryptert.\n<h3 data-start=\"2619\" data-end=\"2667\"><strong data-start=\"2623\" data-end=\"2667\">Hva betyr det \u00e5 kryptere meldinger?<\/strong><\/h3>\nN\u00e5r en melding er kryptert:\n<ul data-start=\"2694\" data-end=\"2897\">\n<li data-start=\"2694\" data-end=\"2757\">\nDe fire midterste sifrene i telefonnummeret erstattes med <code data-start=\"2752\" data-end=\"2755\">#<\/code>\n<\/li>\n<li data-start=\"2758\" data-end=\"2807\">\nHele innholdet i meldingen overskrives med <code data-start=\"2797\" data-end=\"2805\">******<\/code>\n<\/li>\n<li data-start=\"2808\" data-end=\"2897\">\nDu kan fortsatt se, <em data-start=\"2828\" data-end=\"2832\">at<\/em> Meldingen er sendt - men ikke til hvem eller hva som ble sendt\n<\/li>\n<\/ul>\nDette gir bedre databeskyttelse, samtidig som vi kan dokumentere SMS-bruken hvis du skulle v\u00e6re i tvil om hvor mange meldinger som er sendt.\n<h3 data-start=\"3049\" data-end=\"3110\"><strong data-start=\"3053\" data-end=\"3110\">Viktig \u00e5 vite - teleoperat\u00f8rene lagrer meldingene selv<\/strong><\/h3>\nSelv om SureSMS krypterer etter for eksempel 10 minutter, er meldingen fortsatt hos operat\u00f8ren i opptil <strong data-start=\"3209\" data-end=\"3221\">72 timer<\/strong>, hvis telefonen er sl\u00e5tt av eller utenfor dekning. Dette er standard i hele SMS-infrastrukturen og ikke noe SMS-gatewayer kan endre.\n<h2>\n\t\t\tBlokker sending til utvalgte land\t<\/h2>\n\tFor \u00e5 unng\u00e5 feilsending eller misbruk kan du velge n\u00f8yaktig hvilke land som kan motta SMS-meldinger fra kontoen din.\n<h3 data-start=\"3519\" data-end=\"3552\"><strong data-start=\"3523\" data-end=\"3552\">Hvorfor er dette viktig?<\/strong><\/h3>\nEksterne systemer kan noen ganger sende SMS-meldinger uten riktig landskode.<br data-start=\"3623\" data-end=\"3626\" \/>Eksempel:<br data-start=\"3635\" data-end=\"3638\" \/>Et tall som begynner med <strong data-start=\"3664\" data-end=\"3670\">21<\/strong> tolkes i mange tilfeller som <strong data-start=\"3706\" data-end=\"3718\">Algerie<\/strong>.\nVed \u00e5 blokkere alle land unntatt de du \u00f8nsker, unng\u00e5r du:\n<ul data-start=\"3778\" data-end=\"3841\">\n<li data-start=\"3778\" data-end=\"3800\">\nutilsiktet trafikk,\n<\/li>\n<li data-start=\"3801\" data-end=\"3818\">\nFalske tall,\n<\/li>\n<li data-start=\"3819\" data-end=\"3841\">\nun\u00f8dvendig belastende.\n<\/li>\n<\/ul>\nHvis en melding pr\u00f8ver \u00e5 sende til et blokkert land, stopper vi den - og du betaler ikke for fors\u00f8ket.\n<h2>\n\t\t\tAutomatisk spamfilter (kan bare aktiveres\/deaktiveres via kundest\u00f8tte)\t<\/h2>\n\tSureSMS har et innebygd spamfilter for \u00e5 forhindre utilsiktet dublettutsendelse:\n<ul data-start=\"4110\" data-end=\"4296\">\n<li data-start=\"4110\" data-end=\"4213\">\nHvis <strong data-start=\"4117\" data-end=\"4133\">Samme melding<\/strong> til <strong data-start=\"4138\" data-end=\"4156\">samme mottaker<\/strong> Leveres innen <strong data-start=\"4174\" data-end=\"4189\">10 minutter<\/strong>, Nr. 2 avvises.\n<\/li>\n<li data-start=\"4214\" data-end=\"4296\">\nDette forhindrer at mottakeren tror at noe er galt eller f\u00f8ler seg spammet.\n<\/li>\n<\/ul>\n<h3 data-start=\"4298\" data-end=\"4339\"><strong data-start=\"4302\" data-end=\"4339\">N\u00e5r sl\u00e5r vi av spamfilteret?<\/strong><\/h3>\nNoen systemer - spesielt IOT-enheter - kan kreve at den samme SMS-en sendes flere ganger raskt etter hverandre.\nEksempler p\u00e5 dette:\n<ul data-start=\"4455\" data-end=\"4530\">\n<li data-start=\"4455\" data-end=\"4469\">\nvannm\u00e5lere\n<\/li>\n<li data-start=\"4470\" data-end=\"4485\">\nvarmem\u00e5lere\n<\/li>\n<li data-start=\"4486\" data-end=\"4506\">\ntekniske alarmer\n<\/li>\n<li data-start=\"4507\" data-end=\"4530\">\nindustrielle sensorer\n<\/li>\n<\/ul>\nI slike tilfeller kan v\u00e5r kundest\u00f8tte deaktivere spamfilteret for kontoen din.\n<h2>\n\t\t\tSammendrag: Sikkerhetsalternativene dine i SureSMS\t<\/h2>\n<table data-start=\"4667\" data-end=\"5102\">\n<thead data-start=\"4667\" data-end=\"4718\">\n<tr data-start=\"4667\" data-end=\"4718\">\n<th data-start=\"4667\" data-end=\"4678\" data-col-size=\"sm\">Funksjonalitet<\/th>\n<th data-start=\"4678\" data-end=\"4693\" data-col-size=\"md\">Hva den gj\u00f8r<\/th>\n<th data-start=\"4693\" data-end=\"4718\" data-col-size=\"sm\">Hvor du kan aktivere den<\/th>\n<\/tr>\n<\/thead>\n<tbody data-start=\"4771\" data-end=\"5102\">\n<tr data-start=\"4771\" data-end=\"4845\">\n<td data-start=\"4771\" data-end=\"4790\" data-col-size=\"sm\"><strong data-start=\"4773\" data-end=\"4789\">IP-hviteliste<\/strong><\/td>\n<td data-start=\"4790\" data-end=\"4824\" data-col-size=\"md\">Sikrer e-post-til-SMS mot misbruk<\/td>\n<td data-start=\"4824\" data-end=\"4845\" data-col-size=\"sm\">Konto \u2192 Sikkerhet<\/td>\n<\/tr>\n<tr data-start=\"4846\" data-end=\"4935\">\n<td data-start=\"4846\" data-end=\"4870\" data-col-size=\"sm\"><strong data-start=\"4848\" data-end=\"4869\">Scramble-meldinger<\/strong><\/td>\n<td data-start=\"4870\" data-end=\"4914\" data-col-size=\"md\">Masker tall og innhold etter X minutter<\/td>\n<td data-start=\"4914\" data-end=\"4935\" data-col-size=\"sm\">Konto \u2192 Sikkerhet<\/td>\n<\/tr>\n<tr data-start=\"4936\" data-end=\"5023\">\n<td data-start=\"4936\" data-end=\"4957\" data-col-size=\"sm\"><strong data-start=\"4938\" data-end=\"4956\">Landblokkering<\/strong><\/td>\n<td data-start=\"4957\" data-end=\"5002\" data-col-size=\"md\">Forhindrer sending til u\u00f8nskede destinasjoner<\/td>\n<td data-start=\"5002\" data-end=\"5023\" data-col-size=\"sm\">Konto \u2192 Sikkerhet<\/td>\n<\/tr>\n<tr data-start=\"5024\" data-end=\"5102\">\n<td data-start=\"5024\" data-end=\"5041\" data-col-size=\"sm\"><strong data-start=\"5026\" data-end=\"5040\">S\u00f8ppelpostfilter<\/strong><\/td>\n<td data-start=\"5041\" data-end=\"5083\" data-col-size=\"md\">Stopper duplikater innen 10 minutter<\/td>\n<td data-start=\"5083\" data-end=\"5102\" data-col-size=\"sm\">Kontakt support<\/td>\n<\/tr>\n<\/tbody>\n<\/table>","protected":false},"excerpt":{"rendered":"<p>Kontosikkerhet SureSMS inneholder en rekke sikkerhetsfunksjoner som hjelper deg med \u00e5 beskytte dataene dine, unng\u00e5 misbruk og overholde GDPR-kravene. P\u00e5 denne siden g\u00e5r vi gjennom alle sikkerhetsinnstillingene du kan aktivere p\u00e5 kontoen din - i tillegg til en tilleggsfunksjon som vi bare kan aktivere via kundest\u00f8tte. Alle funksjonene finner du under: Innstillinger \u2192 Konto \u2192 ... <a title=\"Kontosikkerhet\" class=\"read-more\" href=\"https:\/\/suresms.com\/nb\/docs\/account\/kontosikkerhed\/\" aria-label=\"Les mer om kontosikkerhet\">Les mer om dette<\/a><\/p>","protected":false},"author":1,"featured_media":0,"parent":18156,"menu_order":0,"comment_status":"closed","ping_status":"closed","template":"","meta":{"_fl_builder_enabled":"1","_fl_builder_data":null,"_fl_builder_draft":null,"_fl_builder_data_settings":null,"_fl_builder_css":"","_fl_builder_css_version":"","_fl_builder_js":"","footnotes":""},"categories":[],"tags":[],"class_list":["post-23544","page","type-page","status-publish"],"yoast_head":"<!-- This site is optimized with the Yoast SEO Premium plugin v27.3 (Yoast SEO v27.3) - https:\/\/yoast.com\/product\/yoast-seo-premium-wordpress\/ -->\r\n<title>Konto sikkerhed -<\/title>\r\n<meta name=\"robots\" content=\"index, follow, max-snippet:-1, max-image-preview:large, max-video-preview:-1\" \/>\r\n<link rel=\"canonical\" href=\"https:\/\/suresms.com\/nb\/dokumenter\/konto\/kontosikkerhet\/\" \/>\r\n<meta property=\"og:locale\" content=\"nb_NO\" \/>\r\n<meta property=\"og:type\" content=\"article\" \/>\r\n<meta property=\"og:title\" content=\"Konto sikkerhed\" \/>\r\n<meta property=\"og:description\" content=\"Kontosikkerhed SureSMS indeholder en r\u00e6kke sikkerhedsfunktioner, som hj\u00e6lper dig med at beskytte dine data, undg\u00e5 misbrug og leve op til GDPR-krav. P\u00e5 denne side gennemg\u00e5r vi alle de sikkerhedsindstillinger, du kan sl\u00e5 til p\u00e5 din konto &#8211; samt \u00e9n ekstra funktion, som vi kun kan aktivere via supporten. Alle funktioner findes under:Indstillinger \u2192 Konto \u2192 ... Les mer\" \/>\r\n<meta property=\"og:url\" content=\"https:\/\/suresms.com\/nb\/dokumenter\/konto\/kontosikkerhet\/\" \/>\r\n<meta property=\"article:publisher\" content=\"https:\/\/www.facebook.com\/p\/SureSMS-100044607956149\/\" \/>\r\n<meta property=\"article:modified_time\" content=\"2025-11-14T14:47:30+00:00\" \/>\r\n<meta name=\"twitter:card\" content=\"summary_large_image\" \/>\r\n<meta name=\"twitter:label1\" content=\"Ansl. lesetid\" \/>\n\t<meta name=\"twitter:data1\" content=\"3 minutter\" \/>\r\n<script type=\"application\/ld+json\" class=\"yoast-schema-graph\">{\"@context\":\"https:\\\/\\\/schema.org\",\"@graph\":[{\"@type\":\"WebPage\",\"@id\":\"https:\\\/\\\/suresms.com\\\/dk\\\/docs\\\/account\\\/kontosikkerhed\\\/\",\"url\":\"https:\\\/\\\/suresms.com\\\/dk\\\/docs\\\/account\\\/kontosikkerhed\\\/\",\"name\":\"Konto sikkerhed -\",\"isPartOf\":{\"@id\":\"https:\\\/\\\/suresms.com\\\/en\\\/#website\"},\"datePublished\":\"2025-11-14T14:41:25+00:00\",\"dateModified\":\"2025-11-14T14:47:30+00:00\",\"breadcrumb\":{\"@id\":\"https:\\\/\\\/suresms.com\\\/dk\\\/docs\\\/account\\\/kontosikkerhed\\\/#breadcrumb\"},\"inLanguage\":\"nb-NO\",\"potentialAction\":[{\"@type\":\"ReadAction\",\"target\":[\"https:\\\/\\\/suresms.com\\\/dk\\\/docs\\\/account\\\/kontosikkerhed\\\/\"]}]},{\"@type\":\"BreadcrumbList\",\"@id\":\"https:\\\/\\\/suresms.com\\\/dk\\\/docs\\\/account\\\/kontosikkerhed\\\/#breadcrumb\",\"itemListElement\":[{\"@type\":\"ListItem\",\"position\":1,\"name\":\"Home\",\"item\":\"https:\\\/\\\/suresms.com\\\/dk\\\/\"},{\"@type\":\"ListItem\",\"position\":2,\"name\":\"Dokumentation\",\"item\":\"https:\\\/\\\/suresms.com\\\/dk\\\/docs\\\/\"},{\"@type\":\"ListItem\",\"position\":3,\"name\":\"Konto\",\"item\":\"https:\\\/\\\/suresms.com\\\/dk\\\/docs\\\/account\\\/\"},{\"@type\":\"ListItem\",\"position\":4,\"name\":\"Konto sikkerhed\"}]},{\"@type\":\"WebSite\",\"@id\":\"https:\\\/\\\/suresms.com\\\/en\\\/#website\",\"url\":\"https:\\\/\\\/suresms.com\\\/en\\\/\",\"name\":\"SureSMS\",\"description\":\"Professionel SMS Gateway\",\"publisher\":{\"@id\":\"https:\\\/\\\/suresms.com\\\/en\\\/#organization\"},\"potentialAction\":[{\"@type\":\"SearchAction\",\"target\":{\"@type\":\"EntryPoint\",\"urlTemplate\":\"https:\\\/\\\/suresms.com\\\/en\\\/?s={search_term_string}\"},\"query-input\":{\"@type\":\"PropertyValueSpecification\",\"valueRequired\":true,\"valueName\":\"search_term_string\"}}],\"inLanguage\":\"nb-NO\"},{\"@type\":\"Organization\",\"@id\":\"https:\\\/\\\/suresms.com\\\/en\\\/#organization\",\"name\":\"SureSMS\",\"url\":\"https:\\\/\\\/suresms.com\\\/en\\\/\",\"logo\":{\"@type\":\"ImageObject\",\"inLanguage\":\"nb-NO\",\"@id\":\"https:\\\/\\\/suresms.com\\\/en\\\/#\\\/schema\\\/logo\\\/image\\\/\",\"url\":\"https:\\\/\\\/suresms.com\\\/wp-content\\\/uploads\\\/2024\\\/11\\\/suresms-300x65-1.png\",\"contentUrl\":\"https:\\\/\\\/suresms.com\\\/wp-content\\\/uploads\\\/2024\\\/11\\\/suresms-300x65-1.png\",\"width\":300,\"height\":65,\"caption\":\"SureSMS\"},\"image\":{\"@id\":\"https:\\\/\\\/suresms.com\\\/en\\\/#\\\/schema\\\/logo\\\/image\\\/\"},\"sameAs\":[\"https:\\\/\\\/www.facebook.com\\\/p\\\/SureSMS-100044607956149\\\/\"]}]}<\/script>\r\n<!-- \/ Yoast SEO Premium plugin. -->","yoast_head_json":{"title":"Kontosikkerhet","robots":{"index":"index","follow":"follow","max-snippet":"max-snippet:-1","max-image-preview":"max-image-preview:large","max-video-preview":"max-video-preview:-1"},"canonical":"https:\/\/suresms.com\/nb\/dokumenter\/konto\/kontosikkerhet\/","og_locale":"nb_NO","og_type":"article","og_title":"Konto sikkerhed","og_description":"Kontosikkerhed SureSMS indeholder en r\u00e6kke sikkerhedsfunktioner, som hj\u00e6lper dig med at beskytte dine data, undg\u00e5 misbrug og leve op til GDPR-krav. P\u00e5 denne side gennemg\u00e5r vi alle de sikkerhedsindstillinger, du kan sl\u00e5 til p\u00e5 din konto &#8211; samt \u00e9n ekstra funktion, som vi kun kan aktivere via supporten. Alle funktioner findes under:Indstillinger \u2192 Konto \u2192 ... Les mer","og_url":"https:\/\/suresms.com\/nb\/dokumenter\/konto\/kontosikkerhet\/","article_publisher":"https:\/\/www.facebook.com\/p\/SureSMS-100044607956149\/","article_modified_time":"2025-11-14T14:47:30+00:00","twitter_card":"summary_large_image","twitter_misc":{"Ansl. lesetid":"3 minutter"},"schema":{"@context":"https:\/\/schema.org","@graph":[{"@type":"WebPage","@id":"https:\/\/suresms.com\/dk\/docs\/account\/kontosikkerhed\/","url":"https:\/\/suresms.com\/dk\/docs\/account\/kontosikkerhed\/","name":"Kontosikkerhet","isPartOf":{"@id":"https:\/\/suresms.com\/en\/#website"},"datePublished":"2025-11-14T14:41:25+00:00","dateModified":"2025-11-14T14:47:30+00:00","breadcrumb":{"@id":"https:\/\/suresms.com\/dk\/docs\/account\/kontosikkerhed\/#breadcrumb"},"inLanguage":"nb-NO","potentialAction":[{"@type":"ReadAction","target":["https:\/\/suresms.com\/dk\/docs\/account\/kontosikkerhed\/"]}]},{"@type":"BreadcrumbList","@id":"https:\/\/suresms.com\/dk\/docs\/account\/kontosikkerhed\/#breadcrumb","itemListElement":[{"@type":"ListItem","position":1,"name":"Home","item":"https:\/\/suresms.com\/dk\/"},{"@type":"ListItem","position":2,"name":"Dokumentation","item":"https:\/\/suresms.com\/dk\/docs\/"},{"@type":"ListItem","position":3,"name":"Konto","item":"https:\/\/suresms.com\/dk\/docs\/account\/"},{"@type":"ListItem","position":4,"name":"Konto sikkerhed"}]},{"@type":"WebSite","@id":"https:\/\/suresms.com\/en\/#website","url":"https:\/\/suresms.com\/en\/","name":"SureSMS","description":"Profesjonell SMS-gateway","publisher":{"@id":"https:\/\/suresms.com\/en\/#organization"},"potentialAction":[{"@type":"SearchAction","target":{"@type":"EntryPoint","urlTemplate":"https:\/\/suresms.com\/en\/?s={search_term_string}"},"query-input":{"@type":"PropertyValueSpecification","valueRequired":true,"valueName":"search_term_string"}}],"inLanguage":"nb-NO"},{"@type":"Organization","@id":"https:\/\/suresms.com\/en\/#organization","name":"SureSMS","url":"https:\/\/suresms.com\/en\/","logo":{"@type":"ImageObject","inLanguage":"nb-NO","@id":"https:\/\/suresms.com\/en\/#\/schema\/logo\/image\/","url":"https:\/\/suresms.com\/wp-content\/uploads\/2024\/11\/suresms-300x65-1.png","contentUrl":"https:\/\/suresms.com\/wp-content\/uploads\/2024\/11\/suresms-300x65-1.png","width":300,"height":65,"caption":"SureSMS"},"image":{"@id":"https:\/\/suresms.com\/en\/#\/schema\/logo\/image\/"},"sameAs":["https:\/\/www.facebook.com\/p\/SureSMS-100044607956149\/"]}]}},"_links":{"self":[{"href":"https:\/\/suresms.com\/nb\/wp-json\/wp\/v2\/pages\/23544","targetHints":{"allow":["GET"]}}],"collection":[{"href":"https:\/\/suresms.com\/nb\/wp-json\/wp\/v2\/pages"}],"about":[{"href":"https:\/\/suresms.com\/nb\/wp-json\/wp\/v2\/types\/page"}],"author":[{"embeddable":true,"href":"https:\/\/suresms.com\/nb\/wp-json\/wp\/v2\/users\/1"}],"replies":[{"embeddable":true,"href":"https:\/\/suresms.com\/nb\/wp-json\/wp\/v2\/comments?post=23544"}],"version-history":[{"count":3,"href":"https:\/\/suresms.com\/nb\/wp-json\/wp\/v2\/pages\/23544\/revisions"}],"predecessor-version":[{"id":23549,"href":"https:\/\/suresms.com\/nb\/wp-json\/wp\/v2\/pages\/23544\/revisions\/23549"}],"up":[{"embeddable":true,"href":"https:\/\/suresms.com\/nb\/wp-json\/wp\/v2\/pages\/18156"}],"wp:attachment":[{"href":"https:\/\/suresms.com\/nb\/wp-json\/wp\/v2\/media?parent=23544"}],"wp:term":[{"taxonomy":"category","embeddable":true,"href":"https:\/\/suresms.com\/nb\/wp-json\/wp\/v2\/categories?post=23544"},{"taxonomy":"post_tag","embeddable":true,"href":"https:\/\/suresms.com\/nb\/wp-json\/wp\/v2\/tags?post=23544"}],"curies":[{"name":"wp","href":"https:\/\/api.w.org\/{rel}","templated":true}]}}