{"id":23531,"date":"2025-11-11T09:58:32","date_gmt":"2025-11-11T09:58:32","guid":{"rendered":"https:\/\/suresms.com\/?page_id=23531"},"modified":"2025-11-11T10:47:34","modified_gmt":"2025-11-11T10:47:34","slug":"sms-2-sms-oppsett","status":"publish","type":"page","link":"https:\/\/suresms.com\/nb\/docs\/guides\/sms-2-sms-opstning\/","title":{"rendered":"Oppsett av SMS-2-SMS"},"content":{"rendered":"<!-- Flexy Breadcrumb -->\r\n\t\t\t<div class=\"fbc fbc-page\">\r\n\r\n\t\t\t\t<!-- Breadcrumb wrapper -->\r\n\t\t\t\t<div class=\"fbc-wrap\">\r\n\r\n\t\t\t\t\t<!-- Ordered list-->\r\n\t\t\t\t\t<ol class=\"fbc-items\" itemscope itemtype=\"https:\/\/schema.org\/BreadcrumbList\">\r\n\t\t\t\t\t\t            <li itemprop=\"itemListElement\" itemscope itemtype=\"https:\/\/schema.org\/ListItem\">\r\n                <span itemprop=\"name\">\r\n                    <!-- Home Link -->\r\n                    <a itemprop=\"item\" href=\"https:\/\/suresms.com\/nb\/\">\r\n                    \r\n                                                    <i class=\"fa fa-home\" aria-hidden=\"true\"><\/i>Hjem                    <\/a>\r\n                <\/span>\r\n                <meta itemprop=\"position\" content=\"1\" \/><!-- Meta Position-->\r\n             <\/li><li><span class=\"fbc-separator\">\/<\/span><\/li><li class=\"active\" itemprop=\"itemListElement\" itemscope itemtype=\"https:\/\/schema.org\/ListItem\"><span itemprop=\"name\" title=\"Oppsett av SMS-2-SMS\">Oppsett av SMS-2-SMS<\/span><meta itemprop=\"position\" content=\"2\" \/><\/li>\t\t\t\t\t<\/ol>\r\n\t\t\t\t\t<div class=\"clearfix\"><\/div>\r\n\t\t\t\t<\/div>\r\n\t\t\t<\/div>\r\n\t\t\t\n<h1>\n\t\t\tOppsett av SMS-2-SMS\t<\/h1>\n\t<p>SMS2SMS er en kraftig funksjon som gj\u00f8r det mulig \u00e5 sende SMS-meldinger automatisk til en forh\u00e5ndsdefinert gruppe via \u00e9n enkelt innkommende SMS. Selv om det kan h\u00f8res ut som en omvei, \u00e5pner denne formen for SMS-automatisering opp for en rekke effektive kommunikasjonsscenarier.<\/p>\n<p>I denne veiledningen g\u00e5r vi gjennom hva SMS2SMS er, hvordan det kan brukes i praksis, og hvordan du enkelt kan sette det opp og teste det p\u00e5 SureSMS-plattformen.<\/p>\n<h2>\n\t\t\tHva er SMS2SMS?\t<\/h2>\n\t<p>Kjernen i SMS2SMS-funksjonaliteten er \u00e5 gj\u00f8re en enkelt innkommende SMS om til en masseutsendelse av SMS. En bruker sender en SMS-melding til et dedikert virtuelt telefonnummer p\u00e5 SureSMS-plattformen. Meldingen m\u00e5 starte med et bestemt SMS-n\u00f8kkelord som er knyttet til en kontaktgruppe.<\/p>\n<p>Plattformen gjenkjenner n\u00f8kkelordet, fjerner det fra meldingen og videresender den gjenv\u00e6rende teksten til alle medlemmene i gruppen. Dette skaper en enkel, men effektiv SMS-portal for gruppekommunikasjon uten at man trenger \u00e5 logge inn p\u00e5 en plattform eller f\u00e5 tilgang til komplette kontaktlister.<\/p>\n<h2>\n\t\t\tHvilke scenarier kan SMS2SMS brukes i?\t<\/h2>\n\t<p>Fleksibiliteten til SMS2SMS gj\u00f8r den nyttig i mange ulike situasjoner der det er behov for rask og m\u00e5lrettet kommunikasjon. Her er noen eksempler:<\/p>\n\t\t\t\t<table>\n\t\t\t\t\t<thead>\n\t\t\t\t\t\t\t\t\t\t\t\t\t\t<tr>\n\t\t\t\t\t\t\t\t\t\t\t\t\t\t\t<th rowspan=\"\" colspan=\"\">\n\t\t\t\t\t\t\t\t\t\t\t\t\t\t\t\t\t<label>\n\t\t\t\t\t\t\t\t\t\t<\/label><label> Scenario <\/label>\n\t\t\t\t\t\t\t\t\t\n\t\t\t\t\t\t\t\t\t\t\t\t\t\t\t\t\t<\/th>\n\t\t\t\t\t\t\t\t\t\t\t\t\t\t<th rowspan=\"\" colspan=\"\">\n\t\t\t\t\t\t\t\t\t\t\t\t\t\t\t\t\t<label>\n\t\t\t\t\t\t\t\t\t\t<\/label><label> Beskrivelse av bruken <\/label>\n\t\t\t\t\t\t\t\t\t\n\t\t\t\t\t\t\t\t\t\t\t\t\t\t\t\t\t<\/th>\n\t\t\t\t\t\t\t\t\t\t\t<\/tr><\/thead>\n\t\t\t\t\t<tbody>\n\t\t\t\t\t\t\t\t\t\t\t\t\t\t\t<tr>\n\t\t\t\t\t\t\t\t\t\t\t\t\t\t\t\t\t\t\t\t<td colspan=\"\" rowspan=\"\">\n\t\t\t\t\t\t\t\t\t\t\t\t\t\t\t\t\t\t\t\t\t\t\t Boligselskaper \n\t\t\t\t\t\t\t\t\t\t\t\t\t\t\t\t\t\t\t\t\t\t\t<\/td>\n\t\t\t\t\t\t\t\t\t\t\t\t\t\t\t\t<td colspan=\"\" rowspan=\"\">\n\t\t\t\t\t\t\t\t\t\t\t\t\t\t\t En entrepren\u00f8r kan sende en melding til et sentralt nummer med et n\u00f8kkelord for en bestemt boligblokk (f.eks. \u201cBlokk5A Vi stenger av vannet kl. 14.00\u201d). Meldingen sendes automatisk til alle beboerne i den aktuelle blokken, uten at entrepren\u00f8ren har tilgang til deres private telefonnumre. \n\t\t\t\t\t\t\t\t\t\t\t\t\t\t\t\t\t\t\t\t\t\t\t\t<\/td>\n\t\t\t\t\t\t\t\t\t\t\t\t\t\t\t<\/tr><tr>\n\t\t\t\t\t\t\t\t\t\t\t\t\t\t\t\t\t\t\t\t<td colspan=\"\" rowspan=\"\">\n\t\t\t\t\t\t\t\t\t\t\t\t\t\t\t\t\t\t\t\t\t\t\t Ansatte i felten \n\t\t\t\t\t\t\t\t\t\t\t\t\t\t\t\t\t\t\t\t\t\t\t<\/td>\n\t\t\t\t\t\t\t\t\t\t\t\t\t\t\t\t<td colspan=\"\" rowspan=\"\">\n\t\t\t\t\t\t\t\t\t\t\t\t\t\t\t\t\t\t\t\t\t\t\t En medarbeider som trenger hjelp, kan sende en SMS til en gruppe basert p\u00e5 geografi (f.eks. \u201cHJ\u00d8RRING Jeg trenger hjelp p\u00e5 adresse X\u201d). Systemet sender meldingen til alle kollegene i Hj\u00f8rring-teamet. \n\t\t\t\t\t\t\t\t\t\t\t\t\t\t\t\t\t\t\t\t\t\t\t<\/td>\n\t\t\t\t\t\t\t\t\t\t\t\t\t\t\t<\/tr><tr>\n\t\t\t\t\t\t\t\t\t\t\t\t\t\t\t\t\t\t\t\t<td colspan=\"\" rowspan=\"\">\n\t\t\t\t\t\t\t\t\t\t\t\t\t\t\t\t\t\t\t\t\t\t\t Transport med skolebuss \n\t\t\t\t\t\t\t\t\t\t\t\t\t\t\t\t\t\t\t\t\t\t\t<\/td>\n\t\t\t\t\t\t\t\t\t\t\t\t\t\t\t\t<td colspan=\"\" rowspan=\"\">\n\t\t\t\t\t\t\t\t\t\t\t\t\t\t\t\t\t\t\t\t\t\t\t En sj\u00e5f\u00f8r som er forsinket, kan raskt informere alle foreldre p\u00e5 en bestemt rute ved \u00e5 sende en SMS som \u201cRute1 Bussen er 20 minutter forsinket p\u00e5 grunn av trafikk\u201d. \n\t\t\t\t\t\t\t\t\t\t\t\t\t\t\t\t\t\t\t\t\t\t\t<\/td>\n\t\t\t\t\t\t\t\t\t\t\t\t\t\t\t<\/tr><tr>\n\t\t\t\t\t\t\t\t\t\t\t\t\t\t\t\t\t\t\t\t<td colspan=\"\" rowspan=\"\">\n\t\t\t\t\t\t\t\t\t\t\t\t\t\t\t\t\t\t\t\t\t\t\t Idrettsklubber \n\t\t\t\t\t\t\t\t\t\t\t\t\t\t\t\t\t\t\t\t\t\t\t<\/td>\n\t\t\t\t\t\t\t\t\t\t\t\t\t\t\t\t<td colspan=\"\" rowspan=\"\">\n\t\t\t\t\t\t\t\t\t\t\t\t\t\t\t\t\t\t\t\t\t\t\t En fotballtrener kan avlyse treningen i siste liten ved \u00e5 sende en melding til lagets n\u00f8kkelord (f.eks. \u201cU12 TEAM Trening avlyst p\u00e5 grunn av regn\u201d). Meldingen g\u00e5r ut til alle spillere og foreldre p\u00e5 listen. \n\t\t\t\t\t\t\t\t\t\t\t\t\t\t\t\t\t\t\t\t\t\t\t<\/td>\n\t\t\t\t\t\t\t\t\t\t\t<\/tr><\/tbody>\n\t\t\t\t<\/table>\n\t<p>Disse scenariene illustrerer hvordan SMS-automatisering kan sentralisere og forenkle kommunikasjonen, samtidig som datasikkerheten opprettholdes, ettersom avsenderen ikke trenger \u00e5 administrere eller ha tilgang til mottakerlistene.<\/p>\n<h2>\n\t\t\tHvordan konfigurerer jeg SMS2SMS i SureSMS?\t<\/h2>\n\t<p>Oppsett av SMS2SMS p\u00e5 SureSMS-plattformen inneb\u00e6rer tre hovedtrinn: bestilling av et innkommende nummer, oppretting av en kontaktgruppe med et n\u00f8kkelord og konfigurering av gruppeinnstillingene. Her er en trinnvis veiledning:<\/p>\n<h3>\n\t\t\tTrinn 1: Bestill et innkommende telefonnummer\t<\/h3>\n\t<p>For \u00e5 kunne motta SMS-meldinger m\u00e5 du ha et eget nummer p\u00e5 plattformen.<\/p>\n<ul>\n<li>G\u00e5 til Innstillinger, og velg Avsendernavn.<\/li>\n<li>Klikk p\u00e5 Bestill-knappen for \u00e5 se en liste over tilgjengelige virtuelle telefonnumre.<\/li>\n<li>Velg et nummer fra listen, og bekreft bestillingen.<\/li>\n<li>N\u00e5r nummeret vises i listen over avsenderverdier, markerer du det som Standardnummer. Dette gj\u00f8r du for \u00e5 angi at dette er nummeret plattformen skal bruke til \u00e5 motta innkommende meldinger. Nummeret vil ha en gr\u00f8nn hake som indikerer at det er et virtuelt langt nummer<\/li>\n<\/ul>\n\t\t\t\t\t<video src=\"https:\/\/suresms.com\/wp-content\/uploads\/2025\/11\/Guides - Setup of SMS-2-SMS.mp4\" alt=\"hosted-video-thumbnail\"><\/video>\n\t\t<h3>\n\t\t\tTrinn 2: Opprett en kontaktgruppe og et n\u00f8kkelord\t<\/h3>\n\t<p>Neste trinn er \u00e5 organisere kontaktene som skal motta meldingene, i en gruppe og tildele dem et unikt n\u00f8kkelord.<\/p>\n<ul>\n<li>G\u00e5 til Adressebok, og velg Grupper.<\/li>\n<li>Opprett en ny gruppe eller rediger en eksisterende.<\/li>\n<li>Gruppens navn: Velg et internt navn for gruppen (f.eks. \u201cBallgame2025\u201d).<\/li>\n<li>N\u00f8kkelord: Dette er det viktigste feltet. Velg et unikt og lett gjenkjennelig SMS-n\u00f8kkelord (f.eks. \u201cballspill\u201d). Dette er det ordet avsenderen m\u00e5 starte SMS-en med for \u00e5 sende til denne gruppen.<\/li>\n<li>Legg til kontakter i gruppen. Du kan enten gj\u00f8re dette manuelt eller importere en liste.<\/li>\n<\/ul>\n<h3>\n\t\t\tTrinn 3: Konfigurer gruppeinnstillingene\t<\/h3>\n\t<p>For at SMS2SMS-funksjonen skal fungere korrekt, m\u00e5 gruppeinnstillingene v\u00e6re konfigurert.<\/p>\n<ul>\n<li>Bruk alltid avsendernavnet: Her bestemmer du hva som skal v\u00e6re avsenderen p\u00e5 SMS-meldingene som sendes ut til gruppen.\n<ul>\n<li>Ikke angitt: Mottakerne vil se avsenderens (f.eks. h\u00e5ndverkerens) eget telefonnummer. Svar vil g\u00e5 direkte til denne personen.<\/li>\n<li>Spesifikt nummer\/navn: Du kan velge et av de bekreftede numrene dine eller en alfanumerisk avsender-ID (f.eks. \u201cSureSMS\u201d) som ikke kan besvares. Dette er ideelt for enveiskommunikasjon.<\/li>\n<\/ul>\n<\/li>\n<li>Kun autoriserte avsendere: For \u00e5 unng\u00e5 misbruk kan du begrense hvem som kan sende til gruppen. Under dette feltet kan du velge en annen gruppe (f.eks. \u201cH\u00e5ndverkere\u201d eller \u201cTrenere\u201d), og bare medlemmer av denne gruppen vil v\u00e6re autorisert til \u00e5 bruke SMS2SMS-funksjonen.\n<ul>\n<li>Hvis feltet er satt til Ikke angitt, kan alle som kjenner ditt innkommende nummer og n\u00f8kkelord, sende en melding til gruppen.<\/li>\n<\/ul>\n<\/li>\n<li>Deaktiver innkommende SMS til gruppe: S\u00f8rg for at denne funksjonen ikke er aktivert, da den vil blokkere SMS2SMS-funksjonaliteten.<\/li>\n<li>Lagre innstillingene dine.<\/li>\n<\/ul>\n<h2>\n\t\t\tTest SMS2SMS-oppsettet ditt\t<\/h2>\n\t<p>N\u00e5r oppsettet er fullf\u00f8rt, er det enkelt \u00e5 teste om SMS-automatiseringen fungerer som den skal.<\/p>\n<ul>\n<li>S\u00f8rg for at avsenderen er autorisert: Hvis du har angitt en begrensning p\u00e5 hvem som kan sende (trinn 3, punkt 2), m\u00e5 du kontrollere at telefonnummeret du sender fra, er medlem av den godkjente avsendergruppen.<\/li>\n<li>Send test-SMS-en: Send en SMS fra mobiltelefonen din (eller en annen telefon p\u00e5 listen over godkjente avsendere) til det innkommende telefonnummeret du bestilte i trinn 1.<\/li>\n<li>Strukturer meldingen riktig: Begynn meldingen med s\u00f8keordet du har valgt, etterfulgt av et mellomrom og deretter selve meldingen.\n<ul>\n<li>Eksempel: <u>Ballspill Dagens trening er flyttet til kl. 19.00.<\/u><\/li>\n<\/ul>\n<\/li>\n<li>Bekreft i utboksen: G\u00e5 til Utboks p\u00e5 SureSMS-plattformen. Her vil du kunne se:\n<ul>\n<li>Den opprinnelige innkommende SMS-en fra telefonnummeret ditt som inneholder n\u00f8kkelordet.<\/li>\n<li>En serie med nye utg\u00e5ende SMS-meldinger (\u00e9n for hver kontakt i gruppen). Teksten i disse meldingene vil v\u00e6re den samme som i den opprinnelige meldingen, men uten n\u00f8kkelordet.<\/li>\n<\/ul>\n<\/li>\n<\/ul>\n<p>&nbsp;<\/p>\n<p>Hvis de utg\u00e5ende meldingene har blitt generert og sendt til alle kontaktene i gruppen, er SMS2SMS-oppsettet vellykket. Du har n\u00e5 en fullt funksjonell l\u00f8sning for rask og effektiv gruppe-SMS.<\/p>","protected":false},"excerpt":{"rendered":"<p>SMS-2-SMS-oppsett SMS2SMS er en kraftig funksjon som gj\u00f8r det mulig \u00e5 sende SMS-meldinger automatisk til en forh\u00e5ndsdefinert gruppe via \u00e9n enkelt innkommende SMS. Selv om det kan h\u00f8res ut som en omvei, \u00e5pner denne formen for SMS-automatisering opp for en rekke effektive kommunikasjonsscenarioer. I denne guiden g\u00e5r vi gjennom hva SMS2SMS er, hvordan det kan brukes i praksis og hvordan... <a title=\"Oppsett av SMS-2-SMS\" class=\"read-more\" href=\"https:\/\/suresms.com\/nb\/docs\/guides\/sms-2-sms-opstning\/\" aria-label=\"Les mer om oppsett av SMS-2-SMS\">Les mer om dette<\/a><\/p>","protected":false},"author":1,"featured_media":0,"parent":23423,"menu_order":0,"comment_status":"closed","ping_status":"closed","template":"","meta":{"_fl_builder_enabled":"1","_fl_builder_data":null,"_fl_builder_draft":null,"_fl_builder_data_settings":null,"_fl_builder_css":"","_fl_builder_css_version":"","_fl_builder_js":"","footnotes":""},"categories":[],"tags":[],"class_list":["post-23531","page","type-page","status-publish"],"yoast_head":"<!-- This site is optimized with the Yoast SEO Premium plugin v27.3 (Yoast SEO v27.3) - https:\/\/yoast.com\/product\/yoast-seo-premium-wordpress\/ -->\r\n<title>SMS-2-SMS ops\u00e6tning -<\/title>\r\n<meta name=\"robots\" content=\"index, follow, max-snippet:-1, max-image-preview:large, max-video-preview:-1\" \/>\r\n<link rel=\"canonical\" href=\"https:\/\/suresms.com\/nb\/dokumenter\/guider\/sms-2-sms-oppsett\/\" \/>\r\n<meta property=\"og:locale\" content=\"nb_NO\" \/>\r\n<meta property=\"og:type\" content=\"article\" \/>\r\n<meta property=\"og:title\" content=\"SMS-2-SMS ops\u00e6tning\" \/>\r\n<meta property=\"og:description\" content=\"SMS-2-SMS ops\u00e6tning SMS2SMS er en kraftfuld funktion, der muligg\u00f8r automatisk udsendelse af SMS-beskeder til en foruddefineret gruppe via en enkelt indg\u00e5ende SMS. Selvom det kan lyde som en omvej, \u00e5bner denne form for SMS-automatisering op for en r\u00e6kke effektive kommunikationsscenarier. Denne guide vil gennemg\u00e5, hvad SMS2SMS er, hvordan det kan anvendes i praksis, og hvordan ... Les mer\" \/>\r\n<meta property=\"og:url\" content=\"https:\/\/suresms.com\/nb\/dokumenter\/guider\/sms-2-sms-oppsett\/\" \/>\r\n<meta property=\"article:publisher\" content=\"https:\/\/www.facebook.com\/p\/SureSMS-100044607956149\/\" \/>\r\n<meta property=\"article:modified_time\" content=\"2025-11-11T10:47:34+00:00\" \/>\r\n<meta name=\"twitter:card\" content=\"summary_large_image\" \/>\r\n<meta name=\"twitter:label1\" content=\"Ansl. lesetid\" \/>\n\t<meta name=\"twitter:data1\" content=\"2 minutter\" \/>\r\n<script type=\"application\/ld+json\" class=\"yoast-schema-graph\">{\"@context\":\"https:\\\/\\\/schema.org\",\"@graph\":[{\"@type\":\"WebPage\",\"@id\":\"https:\\\/\\\/suresms.com\\\/dk\\\/docs\\\/guides\\\/sms-2-sms-opstning\\\/\",\"url\":\"https:\\\/\\\/suresms.com\\\/dk\\\/docs\\\/guides\\\/sms-2-sms-opstning\\\/\",\"name\":\"SMS-2-SMS ops\u00e6tning -\",\"isPartOf\":{\"@id\":\"https:\\\/\\\/suresms.com\\\/en\\\/#website\"},\"datePublished\":\"2025-11-11T09:58:32+00:00\",\"dateModified\":\"2025-11-11T10:47:34+00:00\",\"breadcrumb\":{\"@id\":\"https:\\\/\\\/suresms.com\\\/dk\\\/docs\\\/guides\\\/sms-2-sms-opstning\\\/#breadcrumb\"},\"inLanguage\":\"nb-NO\",\"potentialAction\":[{\"@type\":\"ReadAction\",\"target\":[\"https:\\\/\\\/suresms.com\\\/dk\\\/docs\\\/guides\\\/sms-2-sms-opstning\\\/\"]}]},{\"@type\":\"BreadcrumbList\",\"@id\":\"https:\\\/\\\/suresms.com\\\/dk\\\/docs\\\/guides\\\/sms-2-sms-opstning\\\/#breadcrumb\",\"itemListElement\":[{\"@type\":\"ListItem\",\"position\":1,\"name\":\"Home\",\"item\":\"https:\\\/\\\/suresms.com\\\/dk\\\/\"},{\"@type\":\"ListItem\",\"position\":2,\"name\":\"Dokumentation\",\"item\":\"https:\\\/\\\/suresms.com\\\/dk\\\/docs\\\/\"},{\"@type\":\"ListItem\",\"position\":3,\"name\":\"Vejledninger\",\"item\":\"https:\\\/\\\/suresms.com\\\/dk\\\/docs\\\/guides\\\/\"},{\"@type\":\"ListItem\",\"position\":4,\"name\":\"SMS-2-SMS ops\u00e6tning\"}]},{\"@type\":\"WebSite\",\"@id\":\"https:\\\/\\\/suresms.com\\\/en\\\/#website\",\"url\":\"https:\\\/\\\/suresms.com\\\/en\\\/\",\"name\":\"SureSMS\",\"description\":\"Professionel SMS Gateway\",\"publisher\":{\"@id\":\"https:\\\/\\\/suresms.com\\\/en\\\/#organization\"},\"potentialAction\":[{\"@type\":\"SearchAction\",\"target\":{\"@type\":\"EntryPoint\",\"urlTemplate\":\"https:\\\/\\\/suresms.com\\\/en\\\/?s={search_term_string}\"},\"query-input\":{\"@type\":\"PropertyValueSpecification\",\"valueRequired\":true,\"valueName\":\"search_term_string\"}}],\"inLanguage\":\"nb-NO\"},{\"@type\":\"Organization\",\"@id\":\"https:\\\/\\\/suresms.com\\\/en\\\/#organization\",\"name\":\"SureSMS\",\"url\":\"https:\\\/\\\/suresms.com\\\/en\\\/\",\"logo\":{\"@type\":\"ImageObject\",\"inLanguage\":\"nb-NO\",\"@id\":\"https:\\\/\\\/suresms.com\\\/en\\\/#\\\/schema\\\/logo\\\/image\\\/\",\"url\":\"https:\\\/\\\/suresms.com\\\/wp-content\\\/uploads\\\/2024\\\/11\\\/suresms-300x65-1.png\",\"contentUrl\":\"https:\\\/\\\/suresms.com\\\/wp-content\\\/uploads\\\/2024\\\/11\\\/suresms-300x65-1.png\",\"width\":300,\"height\":65,\"caption\":\"SureSMS\"},\"image\":{\"@id\":\"https:\\\/\\\/suresms.com\\\/en\\\/#\\\/schema\\\/logo\\\/image\\\/\"},\"sameAs\":[\"https:\\\/\\\/www.facebook.com\\\/p\\\/SureSMS-100044607956149\\\/\"]}]}<\/script>\r\n<!-- \/ Yoast SEO Premium plugin. -->","yoast_head_json":{"title":"SMS-2-SMS-oppsett - SMS-2-SMS-oppsett","robots":{"index":"index","follow":"follow","max-snippet":"max-snippet:-1","max-image-preview":"max-image-preview:large","max-video-preview":"max-video-preview:-1"},"canonical":"https:\/\/suresms.com\/nb\/dokumenter\/guider\/sms-2-sms-oppsett\/","og_locale":"nb_NO","og_type":"article","og_title":"SMS-2-SMS ops\u00e6tning","og_description":"SMS-2-SMS ops\u00e6tning SMS2SMS er en kraftfuld funktion, der muligg\u00f8r automatisk udsendelse af SMS-beskeder til en foruddefineret gruppe via en enkelt indg\u00e5ende SMS. Selvom det kan lyde som en omvej, \u00e5bner denne form for SMS-automatisering op for en r\u00e6kke effektive kommunikationsscenarier. Denne guide vil gennemg\u00e5, hvad SMS2SMS er, hvordan det kan anvendes i praksis, og hvordan ... Les mer","og_url":"https:\/\/suresms.com\/nb\/dokumenter\/guider\/sms-2-sms-oppsett\/","article_publisher":"https:\/\/www.facebook.com\/p\/SureSMS-100044607956149\/","article_modified_time":"2025-11-11T10:47:34+00:00","twitter_card":"summary_large_image","twitter_misc":{"Ansl. lesetid":"2 minutter"},"schema":{"@context":"https:\/\/schema.org","@graph":[{"@type":"WebPage","@id":"https:\/\/suresms.com\/dk\/docs\/guides\/sms-2-sms-opstning\/","url":"https:\/\/suresms.com\/dk\/docs\/guides\/sms-2-sms-opstning\/","name":"SMS-2-SMS-oppsett - SMS-2-SMS-oppsett","isPartOf":{"@id":"https:\/\/suresms.com\/en\/#website"},"datePublished":"2025-11-11T09:58:32+00:00","dateModified":"2025-11-11T10:47:34+00:00","breadcrumb":{"@id":"https:\/\/suresms.com\/dk\/docs\/guides\/sms-2-sms-opstning\/#breadcrumb"},"inLanguage":"nb-NO","potentialAction":[{"@type":"ReadAction","target":["https:\/\/suresms.com\/dk\/docs\/guides\/sms-2-sms-opstning\/"]}]},{"@type":"BreadcrumbList","@id":"https:\/\/suresms.com\/dk\/docs\/guides\/sms-2-sms-opstning\/#breadcrumb","itemListElement":[{"@type":"ListItem","position":1,"name":"Home","item":"https:\/\/suresms.com\/dk\/"},{"@type":"ListItem","position":2,"name":"Dokumentation","item":"https:\/\/suresms.com\/dk\/docs\/"},{"@type":"ListItem","position":3,"name":"Vejledninger","item":"https:\/\/suresms.com\/dk\/docs\/guides\/"},{"@type":"ListItem","position":4,"name":"SMS-2-SMS ops\u00e6tning"}]},{"@type":"WebSite","@id":"https:\/\/suresms.com\/en\/#website","url":"https:\/\/suresms.com\/en\/","name":"SureSMS","description":"Profesjonell SMS-gateway","publisher":{"@id":"https:\/\/suresms.com\/en\/#organization"},"potentialAction":[{"@type":"SearchAction","target":{"@type":"EntryPoint","urlTemplate":"https:\/\/suresms.com\/en\/?s={search_term_string}"},"query-input":{"@type":"PropertyValueSpecification","valueRequired":true,"valueName":"search_term_string"}}],"inLanguage":"nb-NO"},{"@type":"Organization","@id":"https:\/\/suresms.com\/en\/#organization","name":"SureSMS","url":"https:\/\/suresms.com\/en\/","logo":{"@type":"ImageObject","inLanguage":"nb-NO","@id":"https:\/\/suresms.com\/en\/#\/schema\/logo\/image\/","url":"https:\/\/suresms.com\/wp-content\/uploads\/2024\/11\/suresms-300x65-1.png","contentUrl":"https:\/\/suresms.com\/wp-content\/uploads\/2024\/11\/suresms-300x65-1.png","width":300,"height":65,"caption":"SureSMS"},"image":{"@id":"https:\/\/suresms.com\/en\/#\/schema\/logo\/image\/"},"sameAs":["https:\/\/www.facebook.com\/p\/SureSMS-100044607956149\/"]}]}},"_links":{"self":[{"href":"https:\/\/suresms.com\/nb\/wp-json\/wp\/v2\/pages\/23531","targetHints":{"allow":["GET"]}}],"collection":[{"href":"https:\/\/suresms.com\/nb\/wp-json\/wp\/v2\/pages"}],"about":[{"href":"https:\/\/suresms.com\/nb\/wp-json\/wp\/v2\/types\/page"}],"author":[{"embeddable":true,"href":"https:\/\/suresms.com\/nb\/wp-json\/wp\/v2\/users\/1"}],"replies":[{"embeddable":true,"href":"https:\/\/suresms.com\/nb\/wp-json\/wp\/v2\/comments?post=23531"}],"version-history":[{"count":6,"href":"https:\/\/suresms.com\/nb\/wp-json\/wp\/v2\/pages\/23531\/revisions"}],"predecessor-version":[{"id":23541,"href":"https:\/\/suresms.com\/nb\/wp-json\/wp\/v2\/pages\/23531\/revisions\/23541"}],"up":[{"embeddable":true,"href":"https:\/\/suresms.com\/nb\/wp-json\/wp\/v2\/pages\/23423"}],"wp:attachment":[{"href":"https:\/\/suresms.com\/nb\/wp-json\/wp\/v2\/media?parent=23531"}],"wp:term":[{"taxonomy":"category","embeddable":true,"href":"https:\/\/suresms.com\/nb\/wp-json\/wp\/v2\/categories?post=23531"},{"taxonomy":"post_tag","embeddable":true,"href":"https:\/\/suresms.com\/nb\/wp-json\/wp\/v2\/tags?post=23531"}],"curies":[{"name":"wp","href":"https:\/\/api.w.org\/{rel}","templated":true}]}}