{"id":2043,"date":"2016-02-29T16:51:29","date_gmt":"2016-02-29T14:51:29","guid":{"rendered":"https:\/\/www.suresms.com\/dk\/?page_id=2043"},"modified":"2025-01-04T23:56:41","modified_gmt":"2025-01-04T23:56:41","slug":"retningslinjer-for-informasjonskapsler-og-personvern","status":"publish","type":"page","link":"https:\/\/suresms.com\/nb\/politikker\/cookie-og-privatlivspolitik-suresms\/","title":{"rendered":"Retningslinjer for informasjonskapsler og personvern for SureSMS"},"content":{"rendered":"<h1>\n\t\tSureSMS ApS - Retningslinjer for informasjonskapsler og personvern\n\t<\/h1>\n\t\t\t\t<img loading=\"lazy\" decoding=\"async\" src=\"https:\/\/suresms.com\/wp-content\/uploads\/2016\/02\/cookies-pc-550x281-1.jpg\" alt=\"pc-informasjonskapsler 550x281\" itemprop=\"image\" height=\"281\" width=\"550\" title=\"pc-informasjonskapsler 550x281\" onerror=\"this.style.display='none'\"  \/>\n\t<h4>\u00a0<\/h4>\n<h4><strong>Om informasjonskapsler<\/strong><\/h4>\n<p><strong>\"En informasjonskapsel er en liten tekstfil som lagres i nettleseren din for \u00e5 gjenkjenne datamaskinen din ved gjentatte bes\u00f8k. Det lagres ingen personlig informasjon i informasjonskapslene v\u00e5re, og de kan IKKE inneholde virus.\"<\/strong><\/p>\n<p>\u00a0<\/p>\n\t<h4>Nettstedet v\u00e5rt bruker informasjonskapsler til f\u00f8lgende form\u00e5l:<\/h4>\n<ul>\n<li>Teknisk funksjonalitet slik at vi kan huske preferansene dine.<\/li>\n<li>Trafikkm\u00e5ling, slik at vi vet hvor mange som bes\u00f8ker nettstedet v\u00e5rt og hvordan de bruker det.<\/li>\n<li>For \u00e5 huske at du godtar informasjonskapsler, slik at vi ikke trenger \u00e5 sp\u00f8rre deg hver gang du bes\u00f8ker nettstedene v\u00e5re.<\/li>\n<\/ul>\n\t\t<h4>Dette nettstedet er levert av:<\/h4><strong>SureSMS ApS<br \/>\n<\/strong>Industriholmen 82<br \/>\n2650 Hvidovre, Danmark<br \/>\nTelefon: 50 322 322<br \/>\nE-post: <a href=\"mailto:info@suresms.com\">info@suresms.com<\/a>\n\t<h4><strong>Hva informasjonskapsler brukes til p\u00e5 nettstedet v\u00e5rt<\/strong><\/h4>\n<p>Informasjonskapsler brukes til \u00e5 f\u00f8re statistikk over antall brukere, hvilket innhold som vises og informasjon om brukernes geografi og interesser, slik at vi kan tilpasse innhold og annonsering deretter. Vi bruker ogs\u00e5 en informasjonskapsel for \u00e5 lagre din aksept av informasjonskapsler n\u00e5r du bytter side.<\/p>\n<p>Du kan se en oversikt over informasjonskapslene v\u00e5re i tabellen nedenfor:<\/p>\n<table border=\"1\">\n<tbody>\n<tr>\n<td><strong>Beskrivelse<\/strong><\/td>\n<td><strong>Inneholder<br \/> personlig<br \/> informasjon<\/strong><\/td>\n<td><strong>Innhold<\/strong><\/td>\n<td><strong>Hvordan bruke<\/strong><\/td>\n<td><strong>Slettet<br \/> etter<\/strong><\/td>\n<\/tr>\n<tr>\n<td>Informasjonskapsel for \u00f8kt<\/td>\n<td>Nei, det kan du ikke.<\/td>\n<td>Tilfeldig n\u00f8kkel generert av serveren v\u00e5r.<\/td>\n<td>N\u00f8dvendig for \u00e5 betjene deg som kunde.<\/td>\n<td>N\u00e5r du lukker nettleseren din<\/td>\n<\/tr>\n<tr>\n<td>Informasjonskapsel \"Godta informasjonskapsler<\/td>\n<td>Nei, det kan du ikke.<\/td>\n<td>Lagres p\u00e5 datamaskinen din n\u00e5r du godtar informasjonskapslene v\u00e5re.<\/td>\n<td>N\u00f8dvendig for at du skal slippe \u00e5 godta informasjonskapsler hver gang du bes\u00f8ker nettstedet v\u00e5rt.<\/td>\n<td>10 \u00e5r<\/td>\n<\/tr>\n<tr>\n<td>Google Analytics<\/td>\n<td>Nei, det kan du ikke.<\/td>\n<td>En unik ID generert av Google Analytics.<\/td>\n<td>N\u00f8dvendig for at Google Analytics skal kunne utarbeide statistikk over bruken av nettstedet v\u00e5rt.<\/td>\n<td>\u00a02 \u00e5r<\/td>\n<\/tr>\n<tr>\n<td>Olark-kjeks<\/td>\n<td>Nei, det kan du ikke.<\/td>\n<td>En unik ID generert av Olark.<\/td>\n<td>N\u00f8dvendig for at vi skal kunne tilby nettprat til brukerne v\u00e5re.<\/td>\n<td>N\u00e5r du lukker nettleseren din<\/td>\n<\/tr>\n<\/tbody>\n<\/table>\n<p>\u00a0<\/p>\n\t<p><strong>Slik sletter du informasjonskapsler<\/strong><\/p>\n<p>Se instruksjonene her:\u00a0<a href=\"http:\/\/minecookies.org\/cookiehandtering\">http:\/\/minecookies.org\/cookiehandtering<\/a><\/p>\n<p><strong>Hvordan unng\u00e5r jeg informasjonskapsler?<\/strong><\/p>\n<p>Hvis du ikke \u00f8nsker \u00e5 motta informasjonskapsler, kan du blokkere dem. Se instruksjoner her:<a href=\"http:\/\/minecookies.org\/cookiehandtering\">http:\/\/minecookies.org\/cookiehandtering<\/a>.<\/p>\n<p><strong>Bruk av personopplysninger<\/strong><\/p>\n<p>Personopplysninger utleveres aldri til tredjeparter med mindre du uttrykkelig samtykker til dette, og vi samler aldri inn personopplysninger med mindre du har gitt oss disse opplysningene ved registrering, kj\u00f8p eller deltakelse i en unders\u00f8kelse osv.<\/p>\n<p>Personopplysningene brukes til \u00e5 gjennomf\u00f8re det kj\u00f8pet eller den tjenesten som opplysningene ble samlet inn for. Opplysningene brukes ogs\u00e5 til \u00e5 l\u00e6re mer om deg og andre brukere av nettstedet.<\/p>\n<p><strong>Kontakt for personopplysninger<\/strong><\/p>\n<p>Hvis du \u00f8nsker \u00e5 f\u00e5 tilgang til informasjonen som er registrert om deg hos SureSMS, kan du kontakte oss p\u00e5\u00a0<a href=\"mailto:info@suresms.com\">info@suresms.com<\/a> Dersom det er registrert feil opplysninger, eller du har andre innvendinger, kan du henvende deg samme sted. Du har mulighet til \u00e5 f\u00e5 innsyn i hvilke opplysninger som er registrert om deg, og du kan gj\u00f8re innsigelse mot en registrering i henhold til reglene i personopplysningsloven.<\/p>\n<p><strong>Beskyttelse av personopplysninger<\/strong><\/p>\n<p>I henhold til personopplysningsloven skal personopplysningene dine oppbevares sikkert og konfidensielt. Vi lagrer personopplysningene dine p\u00e5 datamaskiner med begrenset tilgang i kontrollerte lokaler, og sikkerhetstiltakene v\u00e5re overv\u00e5kes kontinuerlig for \u00e5 avgj\u00f8re om brukerinformasjonen v\u00e5r h\u00e5ndteres p\u00e5 en sikker m\u00e5te og med konstant hensyn til dine rettigheter som bruker. Vi kan imidlertid ikke garantere 100 prosent sikkerhet for dataoverf\u00f8ringer over Internett. Det betyr at det kan v\u00e6re en risiko for at uvedkommende f\u00e5r tilgang til opplysninger n\u00e5r data sendes og lagres elektronisk. Du oppgir derfor dine personopplysninger p\u00e5 egen risiko.<\/p>\n<p>Den raske utviklingen av internett gj\u00f8r at det kan bli n\u00f8dvendig med endringer i v\u00e5r behandling av personopplysninger. Vi forbeholder oss derfor retten til \u00e5 oppdatere og endre disse retningslinjene for behandling av personopplysninger. Hvis vi gj\u00f8r det, vil vi selvf\u00f8lgelig korrigere datoen for \"sist oppdatert\" nederst p\u00e5 siden. Ved vesentlige endringer vil vi varsle deg i form av et synlig varsel p\u00e5 v\u00e5re nettsider.<\/p>\n<p>I den grad det behandles personopplysninger om deg, har du etter personopplysningsloven rett til \u00e5 f\u00e5 opplyst hvilke personopplysninger som kan henf\u00f8res til deg. Dersom det viser seg at opplysningene eller dataene som behandles om deg er uriktige eller villedende, har du rett til \u00e5 kreve at de blir rettet, slettet eller sperret. Du kan n\u00e5r som helst motsette deg at opplysninger om deg blir behandlet. Du kan ogs\u00e5 n\u00e5r som helst trekke tilbake ditt samtykke. Du har rett til \u00e5 klage p\u00e5 behandlingen av opplysninger og data som gjelder deg. Klager sendes til Datatilsynet, jf. personopplysningsloven \u00a7 58, 1. ledd.<\/p>\n<p><strong>Denne informasjonskapsel- og personvernerkl\u00e6ringen er basert p\u00e5 en mal fra Minecookies.org og ble sist oppdatert den 1\/3 2016.<\/strong><\/p>","protected":false},"excerpt":{"rendered":"<p>SureSMS ApS - Cookie- og personvernerkl\u00e6ring Om informasjonskapsler \"En informasjonskapsel er en liten tekstfil som lagres i nettleseren din for \u00e5 gjenkjenne datamaskinen din ved tilbakevendende bes\u00f8k. Det er ingen personlig informasjon lagret i informasjonskapslene v\u00e5re, og de kan IKKE inneholde virus.\"   Nettstedet v\u00e5rt bruker informasjonskapsler til f\u00f8lgende form\u00e5l: Teknisk funksjonalitet slik at du kan... <a title=\"Retningslinjer for informasjonskapsler og personvern for SureSMS\" class=\"read-more\" href=\"https:\/\/suresms.com\/nb\/politikker\/cookie-og-privatlivspolitik-suresms\/\" aria-label=\"Les mer om SureSMS&#039; retningslinjer for informasjonskapsler og personvern\">Les mer om dette<\/a><\/p>","protected":false},"author":1,"featured_media":0,"parent":19124,"menu_order":1,"comment_status":"closed","ping_status":"closed","template":"","meta":{"_fl_builder_enabled":"1","_fl_builder_data":null,"_fl_builder_draft":null,"_fl_builder_data_settings":null,"_fl_builder_css":"","_fl_builder_css_version":"","_fl_builder_js":"","footnotes":""},"categories":[],"tags":[],"class_list":["post-2043","page","type-page","status-publish"],"yoast_head":"<!-- This site is optimized with the Yoast SEO Premium plugin v27.3 (Yoast SEO v27.3) - https:\/\/yoast.com\/product\/yoast-seo-premium-wordpress\/ -->\r\n<title>Cookie- og privatlivspolitik for SureSMS -<\/title>\r\n<meta name=\"description\" content=\"Cookie og privatlivspolitik for SureSMS, Hvordan vi bruger cookies p\u00e5 SureSMS website, Vi deler ikke cookies med 3. part.\" \/>\r\n<meta name=\"robots\" content=\"index, follow, max-snippet:-1, max-image-preview:large, max-video-preview:-1\" \/>\r\n<link rel=\"canonical\" href=\"https:\/\/suresms.com\/nb\/funksjoner-2\/retningslinjer-for-informasjonskapsler-og-personvern\/\" \/>\r\n<meta property=\"og:locale\" content=\"nb_NO\" \/>\r\n<meta property=\"og:type\" content=\"article\" \/>\r\n<meta property=\"og:title\" content=\"Cookie- og privatlivspolitik for SureSMS\" \/>\r\n<meta property=\"og:description\" content=\"Cookie og privatlivspolitik for SureSMS, Hvordan vi bruger cookies p\u00e5 SureSMS website, Vi deler ikke cookies med 3. part.\" \/>\r\n<meta property=\"og:url\" content=\"https:\/\/suresms.com\/nb\/funksjoner-2\/retningslinjer-for-informasjonskapsler-og-personvern\/\" \/>\r\n<meta property=\"article:publisher\" content=\"https:\/\/www.facebook.com\/p\/SureSMS-100044607956149\/\" \/>\r\n<meta property=\"article:modified_time\" content=\"2025-01-04T23:56:41+00:00\" \/>\r\n<meta property=\"og:image\" content=\"https:\/\/suresms.com\/wp-content\/uploads\/2016\/02\/cookies-pc-550x281-1.jpg\" \/>\r\n<meta name=\"twitter:card\" content=\"summary_large_image\" \/>\r\n<meta name=\"twitter:label1\" content=\"Ansl. lesetid\" \/>\n\t<meta name=\"twitter:data1\" content=\"4 minutter\" \/>\r\n<script type=\"application\/ld+json\" class=\"yoast-schema-graph\">{\"@context\":\"https:\\\/\\\/schema.org\",\"@graph\":[{\"@type\":\"WebPage\",\"@id\":\"https:\\\/\\\/suresms.com\\\/politikker\\\/cookie-og-privatlivspolitik-suresms\\\/\",\"url\":\"https:\\\/\\\/suresms.com\\\/politikker\\\/cookie-og-privatlivspolitik-suresms\\\/\",\"name\":\"Cookie- og privatlivspolitik for SureSMS -\",\"isPartOf\":{\"@id\":\"https:\\\/\\\/suresms.com\\\/en\\\/#website\"},\"primaryImageOfPage\":{\"@id\":\"https:\\\/\\\/suresms.com\\\/politikker\\\/cookie-og-privatlivspolitik-suresms\\\/#primaryimage\"},\"image\":{\"@id\":\"https:\\\/\\\/suresms.com\\\/politikker\\\/cookie-og-privatlivspolitik-suresms\\\/#primaryimage\"},\"thumbnailUrl\":\"https:\\\/\\\/suresms.com\\\/wp-content\\\/uploads\\\/2016\\\/02\\\/cookies-pc-550x281-1.jpg\",\"datePublished\":\"2016-02-29T14:51:29+00:00\",\"dateModified\":\"2025-01-04T23:56:41+00:00\",\"description\":\"Cookie og privatlivspolitik for SureSMS, Hvordan vi bruger cookies p\u00e5 SureSMS website, Vi deler ikke cookies med 3. part.\",\"breadcrumb\":{\"@id\":\"https:\\\/\\\/suresms.com\\\/politikker\\\/cookie-og-privatlivspolitik-suresms\\\/#breadcrumb\"},\"inLanguage\":\"nb-NO\",\"potentialAction\":[{\"@type\":\"ReadAction\",\"target\":[\"https:\\\/\\\/suresms.com\\\/politikker\\\/cookie-og-privatlivspolitik-suresms\\\/\"]}]},{\"@type\":\"ImageObject\",\"inLanguage\":\"nb-NO\",\"@id\":\"https:\\\/\\\/suresms.com\\\/politikker\\\/cookie-og-privatlivspolitik-suresms\\\/#primaryimage\",\"url\":\"https:\\\/\\\/suresms.com\\\/wp-content\\\/uploads\\\/2016\\\/02\\\/cookies-pc-550x281-1.jpg\",\"contentUrl\":\"https:\\\/\\\/suresms.com\\\/wp-content\\\/uploads\\\/2016\\\/02\\\/cookies-pc-550x281-1.jpg\"},{\"@type\":\"BreadcrumbList\",\"@id\":\"https:\\\/\\\/suresms.com\\\/politikker\\\/cookie-og-privatlivspolitik-suresms\\\/#breadcrumb\",\"itemListElement\":[{\"@type\":\"ListItem\",\"position\":1,\"name\":\"Home\",\"item\":\"https:\\\/\\\/suresms.com\\\/dk\\\/\"},{\"@type\":\"ListItem\",\"position\":2,\"name\":\"Politikker\",\"item\":\"https:\\\/\\\/suresms.com\\\/politikker\\\/\"},{\"@type\":\"ListItem\",\"position\":3,\"name\":\"Cookie- og privatlivspolitik for SureSMS\"}]},{\"@type\":\"WebSite\",\"@id\":\"https:\\\/\\\/suresms.com\\\/en\\\/#website\",\"url\":\"https:\\\/\\\/suresms.com\\\/en\\\/\",\"name\":\"SureSMS\",\"description\":\"Professionel SMS Gateway\",\"publisher\":{\"@id\":\"https:\\\/\\\/suresms.com\\\/en\\\/#organization\"},\"potentialAction\":[{\"@type\":\"SearchAction\",\"target\":{\"@type\":\"EntryPoint\",\"urlTemplate\":\"https:\\\/\\\/suresms.com\\\/en\\\/?s={search_term_string}\"},\"query-input\":{\"@type\":\"PropertyValueSpecification\",\"valueRequired\":true,\"valueName\":\"search_term_string\"}}],\"inLanguage\":\"nb-NO\"},{\"@type\":\"Organization\",\"@id\":\"https:\\\/\\\/suresms.com\\\/en\\\/#organization\",\"name\":\"SureSMS\",\"url\":\"https:\\\/\\\/suresms.com\\\/en\\\/\",\"logo\":{\"@type\":\"ImageObject\",\"inLanguage\":\"nb-NO\",\"@id\":\"https:\\\/\\\/suresms.com\\\/en\\\/#\\\/schema\\\/logo\\\/image\\\/\",\"url\":\"https:\\\/\\\/suresms.com\\\/wp-content\\\/uploads\\\/2024\\\/11\\\/suresms-300x65-1.png\",\"contentUrl\":\"https:\\\/\\\/suresms.com\\\/wp-content\\\/uploads\\\/2024\\\/11\\\/suresms-300x65-1.png\",\"width\":300,\"height\":65,\"caption\":\"SureSMS\"},\"image\":{\"@id\":\"https:\\\/\\\/suresms.com\\\/en\\\/#\\\/schema\\\/logo\\\/image\\\/\"},\"sameAs\":[\"https:\\\/\\\/www.facebook.com\\\/p\\\/SureSMS-100044607956149\\\/\"]}]}<\/script>\r\n<!-- \/ Yoast SEO Premium plugin. -->","yoast_head_json":{"title":"SureSMS' retningslinjer for informasjonskapsler og personvern - SureSMS","description":"Retningslinjer for informasjonskapsler og personvern for SureSMS, Hvordan vi bruker informasjonskapsler p\u00e5 SureSMS-nettstedet, Vi deler ikke informasjonskapsler med tredjeparter.","robots":{"index":"index","follow":"follow","max-snippet":"max-snippet:-1","max-image-preview":"max-image-preview:large","max-video-preview":"max-video-preview:-1"},"canonical":"https:\/\/suresms.com\/nb\/funksjoner-2\/retningslinjer-for-informasjonskapsler-og-personvern\/","og_locale":"nb_NO","og_type":"article","og_title":"Cookie- og privatlivspolitik for SureSMS","og_description":"Cookie og privatlivspolitik for SureSMS, Hvordan vi bruger cookies p\u00e5 SureSMS website, Vi deler ikke cookies med 3. part.","og_url":"https:\/\/suresms.com\/nb\/funksjoner-2\/retningslinjer-for-informasjonskapsler-og-personvern\/","article_publisher":"https:\/\/www.facebook.com\/p\/SureSMS-100044607956149\/","article_modified_time":"2025-01-04T23:56:41+00:00","og_image":[{"url":"https:\/\/suresms.com\/wp-content\/uploads\/2016\/02\/cookies-pc-550x281-1.jpg","type":"","width":"","height":""}],"twitter_card":"summary_large_image","twitter_misc":{"Ansl. lesetid":"4 minutter"},"schema":{"@context":"https:\/\/schema.org","@graph":[{"@type":"WebPage","@id":"https:\/\/suresms.com\/politikker\/cookie-og-privatlivspolitik-suresms\/","url":"https:\/\/suresms.com\/politikker\/cookie-og-privatlivspolitik-suresms\/","name":"SureSMS' retningslinjer for informasjonskapsler og personvern - SureSMS","isPartOf":{"@id":"https:\/\/suresms.com\/en\/#website"},"primaryImageOfPage":{"@id":"https:\/\/suresms.com\/politikker\/cookie-og-privatlivspolitik-suresms\/#primaryimage"},"image":{"@id":"https:\/\/suresms.com\/politikker\/cookie-og-privatlivspolitik-suresms\/#primaryimage"},"thumbnailUrl":"https:\/\/suresms.com\/wp-content\/uploads\/2016\/02\/cookies-pc-550x281-1.jpg","datePublished":"2016-02-29T14:51:29+00:00","dateModified":"2025-01-04T23:56:41+00:00","description":"Retningslinjer for informasjonskapsler og personvern for SureSMS, Hvordan vi bruker informasjonskapsler p\u00e5 SureSMS-nettstedet, Vi deler ikke informasjonskapsler med tredjeparter.","breadcrumb":{"@id":"https:\/\/suresms.com\/politikker\/cookie-og-privatlivspolitik-suresms\/#breadcrumb"},"inLanguage":"nb-NO","potentialAction":[{"@type":"ReadAction","target":["https:\/\/suresms.com\/politikker\/cookie-og-privatlivspolitik-suresms\/"]}]},{"@type":"ImageObject","inLanguage":"nb-NO","@id":"https:\/\/suresms.com\/politikker\/cookie-og-privatlivspolitik-suresms\/#primaryimage","url":"https:\/\/suresms.com\/wp-content\/uploads\/2016\/02\/cookies-pc-550x281-1.jpg","contentUrl":"https:\/\/suresms.com\/wp-content\/uploads\/2016\/02\/cookies-pc-550x281-1.jpg"},{"@type":"BreadcrumbList","@id":"https:\/\/suresms.com\/politikker\/cookie-og-privatlivspolitik-suresms\/#breadcrumb","itemListElement":[{"@type":"ListItem","position":1,"name":"Home","item":"https:\/\/suresms.com\/dk\/"},{"@type":"ListItem","position":2,"name":"Politikker","item":"https:\/\/suresms.com\/politikker\/"},{"@type":"ListItem","position":3,"name":"Cookie- og privatlivspolitik for SureSMS"}]},{"@type":"WebSite","@id":"https:\/\/suresms.com\/en\/#website","url":"https:\/\/suresms.com\/en\/","name":"SureSMS","description":"Profesjonell SMS-gateway","publisher":{"@id":"https:\/\/suresms.com\/en\/#organization"},"potentialAction":[{"@type":"SearchAction","target":{"@type":"EntryPoint","urlTemplate":"https:\/\/suresms.com\/en\/?s={search_term_string}"},"query-input":{"@type":"PropertyValueSpecification","valueRequired":true,"valueName":"search_term_string"}}],"inLanguage":"nb-NO"},{"@type":"Organization","@id":"https:\/\/suresms.com\/en\/#organization","name":"SureSMS","url":"https:\/\/suresms.com\/en\/","logo":{"@type":"ImageObject","inLanguage":"nb-NO","@id":"https:\/\/suresms.com\/en\/#\/schema\/logo\/image\/","url":"https:\/\/suresms.com\/wp-content\/uploads\/2024\/11\/suresms-300x65-1.png","contentUrl":"https:\/\/suresms.com\/wp-content\/uploads\/2024\/11\/suresms-300x65-1.png","width":300,"height":65,"caption":"SureSMS"},"image":{"@id":"https:\/\/suresms.com\/en\/#\/schema\/logo\/image\/"},"sameAs":["https:\/\/www.facebook.com\/p\/SureSMS-100044607956149\/"]}]}},"_links":{"self":[{"href":"https:\/\/suresms.com\/nb\/wp-json\/wp\/v2\/pages\/2043","targetHints":{"allow":["GET"]}}],"collection":[{"href":"https:\/\/suresms.com\/nb\/wp-json\/wp\/v2\/pages"}],"about":[{"href":"https:\/\/suresms.com\/nb\/wp-json\/wp\/v2\/types\/page"}],"author":[{"embeddable":true,"href":"https:\/\/suresms.com\/nb\/wp-json\/wp\/v2\/users\/1"}],"replies":[{"embeddable":true,"href":"https:\/\/suresms.com\/nb\/wp-json\/wp\/v2\/comments?post=2043"}],"version-history":[{"count":7,"href":"https:\/\/suresms.com\/nb\/wp-json\/wp\/v2\/pages\/2043\/revisions"}],"predecessor-version":[{"id":20990,"href":"https:\/\/suresms.com\/nb\/wp-json\/wp\/v2\/pages\/2043\/revisions\/20990"}],"up":[{"embeddable":true,"href":"https:\/\/suresms.com\/nb\/wp-json\/wp\/v2\/pages\/19124"}],"wp:attachment":[{"href":"https:\/\/suresms.com\/nb\/wp-json\/wp\/v2\/media?parent=2043"}],"wp:term":[{"taxonomy":"category","embeddable":true,"href":"https:\/\/suresms.com\/nb\/wp-json\/wp\/v2\/categories?post=2043"},{"taxonomy":"post_tag","embeddable":true,"href":"https:\/\/suresms.com\/nb\/wp-json\/wp\/v2\/tags?post=2043"}],"curies":[{"name":"wp","href":"https:\/\/api.w.org\/{rel}","templated":true}]}}