{"id":19303,"date":"2024-11-28T16:00:39","date_gmt":"2024-11-28T16:00:39","guid":{"rendered":"https:\/\/suresms.com\/?page_id=19303"},"modified":"2024-11-28T16:00:39","modified_gmt":"2024-11-28T16:00:39","slug":"underbehandlere","status":"publish","type":"page","link":"https:\/\/suresms.com\/nb\/ressourcer\/gdpr\/databehandleraftale\/","title":{"rendered":"Databehandleravtale"},"content":{"rendered":"<!-- Flexy Breadcrumb -->\r\n\t\t\t<div class=\"fbc fbc-page\">\r\n\r\n\t\t\t\t<!-- Breadcrumb wrapper -->\r\n\t\t\t\t<div class=\"fbc-wrap\">\r\n\r\n\t\t\t\t\t<!-- Ordered list-->\r\n\t\t\t\t\t<ol class=\"fbc-items\" itemscope itemtype=\"https:\/\/schema.org\/BreadcrumbList\">\r\n\t\t\t\t\t\t            <li itemprop=\"itemListElement\" itemscope itemtype=\"https:\/\/schema.org\/ListItem\">\r\n                <span itemprop=\"name\">\r\n                    <!-- Home Link -->\r\n                    <a itemprop=\"item\" href=\"https:\/\/suresms.com\/nb\/\">\r\n                    \r\n                                                    <i class=\"fa fa-home\" aria-hidden=\"true\"><\/i>Hjem                    <\/a>\r\n                <\/span>\r\n                <meta itemprop=\"position\" content=\"1\" \/><!-- Meta Position-->\r\n             <\/li><li><span class=\"fbc-separator\">\/<\/span><\/li><li class=\"active\" itemprop=\"itemListElement\" itemscope itemtype=\"https:\/\/schema.org\/ListItem\"><span itemprop=\"name\" title=\"Databehandleravtale\">Databehandleravtale<\/span><meta itemprop=\"position\" content=\"2\" \/><\/li>\t\t\t\t\t<\/ol>\r\n\t\t\t\t\t<div class=\"clearfix\"><\/div>\r\n\t\t\t\t<\/div>\r\n\t\t\t<\/div>\r\n\t\t\t\n\t<h1>Databehandleravtale for SureSMS<\/h1>\n<p>Vi tilbyr v\u00e5r databehandleravtale, som er utviklet i samsvar med personvernforordningen (GDPR). Denne avtalen sikrer korrekt og sikker h\u00e5ndtering av personopplysninger som SureSMS behandler p\u00e5 vegne av v\u00e5re kunder. Det er viktig at du som kunde fyller inn dine egne opplysninger for at avtalen skal v\u00e6re gyldig.<\/p>\n\t<h2>Hva m\u00e5 fylles ut?<\/h2>\n<p>Databehandleravtalen inneholder felter som m\u00e5 fylles ut av deg som kunde for at den skal v\u00e6re korrekt tilpasset din virksomhet:<\/p>\n<ul>\n<li><strong>Kundens navn og adresse<\/strong>: Fyll inn firmanavn, adresse og organisasjonsnummer.<\/li>\n<li><strong>Kontaktinformasjon<\/strong>: Skriv inn relevante kontaktopplysninger som navn, e-postadresse og telefonnummer.<\/li>\n<li><strong>Form\u00e5let med databehandlingen<\/strong>Tilpass form\u00e5let med SMS-ene bedriften din sender. Dette kan for eksempel v\u00e6re \"for \u00e5 informere om bestillinger, leveranser eller tilbud\".<\/li>\n<li><strong>Kategorier av data<\/strong>: Angi hvilke typer personopplysninger som behandles, for eksempel navn, adresse eller telefonnummer, samt hvilke kategorier av personer som er involvert (f.eks. kunder, ansatte).<\/li>\n<\/ul>\n<p>Alle felter der du trenger \u00e5 fylle inn spesifikk informasjon, er merket slik at du enkelt kan identifisere og fylle dem ut.<\/p>\n\t<h2>Last ned databehandleravtalen<\/h2>\n<p>Du kan laste ned v\u00e5r standard databehandleravtale og fylle den ut med dine opplysninger. Klikk p\u00e5 knappen nedenfor for \u00e5 laste den ned i Word-format.<\/p>\n<p><a href=\"https:\/\/suresms.com\/wp-content\/uploads\/2024\/11\/Databehandleraftale-for-SureSMS.docx\">Last ned databehandleravtale for SureSMS<\/a><\/p>\n\t<h2>Trenger du en skreddersydd l\u00f8sning?<\/h2>\n<p>Vi er klare til \u00e5 hjelpe deg med en tilpasset databehandleravtale hvis standardavtalen v\u00e5r ikke passer til dine behov. En tilpasset avtale sikrer at alle dine spesifikke forhold og krav dekkes, slik at du f\u00e5r best mulig sikkerhet og overholdelse av gjeldende lovgivning.<\/p>\n<p>Vi tilbyr denne tilpasningen p\u00e5 timebasis til en pris p\u00e5 1 295 DKK per time.<\/p>\n<p><a href=\"mailto:support@suresms.com\"><strong>Kontakt oss<\/strong><\/a> for \u00e5 l\u00e6re mer og f\u00e5 en l\u00f8sning som passer perfekt for din virksomhet.<\/p>","protected":false},"excerpt":{"rendered":"<p>SureSMS' databehandleravtale Vi tilbyr v\u00e5r databehandleravtale som er utviklet i samsvar med personvernforordningen (GDPR). Denne avtalen sikrer korrekt og sikker h\u00e5ndtering av personopplysninger som SureSMS behandler p\u00e5 vegne av v\u00e5re kunder. Det er viktig at du som kunde fyller ut dine egne opplysninger for at avtalen skal v\u00e6re gyldig. Hva m\u00e5 fylles ut? Databehandleravtalen inneholder felter som... <a title=\"Databehandleravtale\" class=\"read-more\" href=\"https:\/\/suresms.com\/nb\/ressourcer\/gdpr\/databehandleraftale\/\" aria-label=\"Les mer om databehandleravtale\">Les mer om dette<\/a><\/p>","protected":false},"author":1,"featured_media":0,"parent":5221,"menu_order":0,"comment_status":"closed","ping_status":"closed","template":"","meta":{"_fl_builder_enabled":"1","_fl_builder_data":null,"_fl_builder_draft":null,"_fl_builder_data_settings":null,"_fl_builder_css":"","_fl_builder_css_version":"","_fl_builder_js":"","footnotes":""},"categories":[],"tags":[],"class_list":["post-19303","page","type-page","status-publish"],"yoast_head":"<!-- This site is optimized with the Yoast SEO Premium plugin v27.3 (Yoast SEO v27.3) - https:\/\/yoast.com\/product\/yoast-seo-premium-wordpress\/ -->\r\n<title>Databehandleraftale -<\/title>\r\n<meta name=\"robots\" content=\"index, follow, max-snippet:-1, max-image-preview:large, max-video-preview:-1\" \/>\r\n<link rel=\"canonical\" href=\"https:\/\/suresms.com\/nb\/ressurser\/gdpr\/underbehandlere\/\" \/>\r\n<meta property=\"og:locale\" content=\"nb_NO\" \/>\r\n<meta property=\"og:type\" content=\"article\" \/>\r\n<meta property=\"og:title\" content=\"Databehandleraftale\" \/>\r\n<meta property=\"og:description\" content=\"Databehandleraftale for SureSMS Vi tilbyder vores databehandleraftale, som er udviklet i overensstemmelse med databeskyttelsesforordningen (GDPR). Denne aftale sikrer en korrekt og sikker h\u00e5ndtering af personoplysninger, som SureSMS behandler p\u00e5 vegne af vores kunder. Det er vigtigt, at du som kunde udfylder dine egne oplysninger for at g\u00f8re aftalen gyldig. Hvad skal udfyldes? Databehandleraftalen indeholder felter, ... Les mer\" \/>\r\n<meta property=\"og:url\" content=\"https:\/\/suresms.com\/nb\/ressurser\/gdpr\/underbehandlere\/\" \/>\r\n<meta property=\"article:publisher\" content=\"https:\/\/www.facebook.com\/p\/SureSMS-100044607956149\/\" \/>\r\n<meta name=\"twitter:card\" content=\"summary_large_image\" \/>\r\n<meta name=\"twitter:label1\" content=\"Ansl. lesetid\" \/>\n\t<meta name=\"twitter:data1\" content=\"2 minutter\" \/>\r\n<script type=\"application\/ld+json\" class=\"yoast-schema-graph\">{\"@context\":\"https:\\\/\\\/schema.org\",\"@graph\":[{\"@type\":\"WebPage\",\"@id\":\"https:\\\/\\\/suresms.com\\\/dk\\\/ressourcer\\\/gdpr\\\/databehandleraftale\\\/\",\"url\":\"https:\\\/\\\/suresms.com\\\/dk\\\/ressourcer\\\/gdpr\\\/databehandleraftale\\\/\",\"name\":\"Databehandleraftale -\",\"isPartOf\":{\"@id\":\"https:\\\/\\\/suresms.com\\\/en\\\/#website\"},\"datePublished\":\"2024-11-28T16:00:39+00:00\",\"breadcrumb\":{\"@id\":\"https:\\\/\\\/suresms.com\\\/dk\\\/ressourcer\\\/gdpr\\\/databehandleraftale\\\/#breadcrumb\"},\"inLanguage\":\"nb-NO\",\"potentialAction\":[{\"@type\":\"ReadAction\",\"target\":[\"https:\\\/\\\/suresms.com\\\/dk\\\/ressourcer\\\/gdpr\\\/databehandleraftale\\\/\"]}]},{\"@type\":\"BreadcrumbList\",\"@id\":\"https:\\\/\\\/suresms.com\\\/dk\\\/ressourcer\\\/gdpr\\\/databehandleraftale\\\/#breadcrumb\",\"itemListElement\":[{\"@type\":\"ListItem\",\"position\":1,\"name\":\"Home\",\"item\":\"https:\\\/\\\/suresms.com\\\/dk\\\/\"},{\"@type\":\"ListItem\",\"position\":2,\"name\":\"Ressourcer\",\"item\":\"https:\\\/\\\/suresms.com\\\/ressourcer\\\/\"},{\"@type\":\"ListItem\",\"position\":3,\"name\":\"GDPR\",\"item\":\"https:\\\/\\\/suresms.com\\\/dk\\\/ressourcer\\\/gdpr\\\/\"},{\"@type\":\"ListItem\",\"position\":4,\"name\":\"Databehandleraftale\"}]},{\"@type\":\"WebSite\",\"@id\":\"https:\\\/\\\/suresms.com\\\/en\\\/#website\",\"url\":\"https:\\\/\\\/suresms.com\\\/en\\\/\",\"name\":\"SureSMS\",\"description\":\"Professionel SMS Gateway\",\"publisher\":{\"@id\":\"https:\\\/\\\/suresms.com\\\/en\\\/#organization\"},\"potentialAction\":[{\"@type\":\"SearchAction\",\"target\":{\"@type\":\"EntryPoint\",\"urlTemplate\":\"https:\\\/\\\/suresms.com\\\/en\\\/?s={search_term_string}\"},\"query-input\":{\"@type\":\"PropertyValueSpecification\",\"valueRequired\":true,\"valueName\":\"search_term_string\"}}],\"inLanguage\":\"nb-NO\"},{\"@type\":\"Organization\",\"@id\":\"https:\\\/\\\/suresms.com\\\/en\\\/#organization\",\"name\":\"SureSMS\",\"url\":\"https:\\\/\\\/suresms.com\\\/en\\\/\",\"logo\":{\"@type\":\"ImageObject\",\"inLanguage\":\"nb-NO\",\"@id\":\"https:\\\/\\\/suresms.com\\\/en\\\/#\\\/schema\\\/logo\\\/image\\\/\",\"url\":\"https:\\\/\\\/suresms.com\\\/wp-content\\\/uploads\\\/2024\\\/11\\\/suresms-300x65-1.png\",\"contentUrl\":\"https:\\\/\\\/suresms.com\\\/wp-content\\\/uploads\\\/2024\\\/11\\\/suresms-300x65-1.png\",\"width\":300,\"height\":65,\"caption\":\"SureSMS\"},\"image\":{\"@id\":\"https:\\\/\\\/suresms.com\\\/en\\\/#\\\/schema\\\/logo\\\/image\\\/\"},\"sameAs\":[\"https:\\\/\\\/www.facebook.com\\\/p\\\/SureSMS-100044607956149\\\/\"]}]}<\/script>\r\n<!-- \/ Yoast SEO Premium plugin. -->","yoast_head_json":{"title":"Databehandleravtale","robots":{"index":"index","follow":"follow","max-snippet":"max-snippet:-1","max-image-preview":"max-image-preview:large","max-video-preview":"max-video-preview:-1"},"canonical":"https:\/\/suresms.com\/nb\/ressurser\/gdpr\/underbehandlere\/","og_locale":"nb_NO","og_type":"article","og_title":"Databehandleraftale","og_description":"Databehandleraftale for SureSMS Vi tilbyder vores databehandleraftale, som er udviklet i overensstemmelse med databeskyttelsesforordningen (GDPR). Denne aftale sikrer en korrekt og sikker h\u00e5ndtering af personoplysninger, som SureSMS behandler p\u00e5 vegne af vores kunder. Det er vigtigt, at du som kunde udfylder dine egne oplysninger for at g\u00f8re aftalen gyldig. Hvad skal udfyldes? Databehandleraftalen indeholder felter, ... Les mer","og_url":"https:\/\/suresms.com\/nb\/ressurser\/gdpr\/underbehandlere\/","article_publisher":"https:\/\/www.facebook.com\/p\/SureSMS-100044607956149\/","twitter_card":"summary_large_image","twitter_misc":{"Ansl. lesetid":"2 minutter"},"schema":{"@context":"https:\/\/schema.org","@graph":[{"@type":"WebPage","@id":"https:\/\/suresms.com\/dk\/ressourcer\/gdpr\/databehandleraftale\/","url":"https:\/\/suresms.com\/dk\/ressourcer\/gdpr\/databehandleraftale\/","name":"Databehandleravtale","isPartOf":{"@id":"https:\/\/suresms.com\/en\/#website"},"datePublished":"2024-11-28T16:00:39+00:00","breadcrumb":{"@id":"https:\/\/suresms.com\/dk\/ressourcer\/gdpr\/databehandleraftale\/#breadcrumb"},"inLanguage":"nb-NO","potentialAction":[{"@type":"ReadAction","target":["https:\/\/suresms.com\/dk\/ressourcer\/gdpr\/databehandleraftale\/"]}]},{"@type":"BreadcrumbList","@id":"https:\/\/suresms.com\/dk\/ressourcer\/gdpr\/databehandleraftale\/#breadcrumb","itemListElement":[{"@type":"ListItem","position":1,"name":"Home","item":"https:\/\/suresms.com\/dk\/"},{"@type":"ListItem","position":2,"name":"Ressourcer","item":"https:\/\/suresms.com\/ressourcer\/"},{"@type":"ListItem","position":3,"name":"GDPR","item":"https:\/\/suresms.com\/dk\/ressourcer\/gdpr\/"},{"@type":"ListItem","position":4,"name":"Databehandleraftale"}]},{"@type":"WebSite","@id":"https:\/\/suresms.com\/en\/#website","url":"https:\/\/suresms.com\/en\/","name":"SureSMS","description":"Profesjonell SMS-gateway","publisher":{"@id":"https:\/\/suresms.com\/en\/#organization"},"potentialAction":[{"@type":"SearchAction","target":{"@type":"EntryPoint","urlTemplate":"https:\/\/suresms.com\/en\/?s={search_term_string}"},"query-input":{"@type":"PropertyValueSpecification","valueRequired":true,"valueName":"search_term_string"}}],"inLanguage":"nb-NO"},{"@type":"Organization","@id":"https:\/\/suresms.com\/en\/#organization","name":"SureSMS","url":"https:\/\/suresms.com\/en\/","logo":{"@type":"ImageObject","inLanguage":"nb-NO","@id":"https:\/\/suresms.com\/en\/#\/schema\/logo\/image\/","url":"https:\/\/suresms.com\/wp-content\/uploads\/2024\/11\/suresms-300x65-1.png","contentUrl":"https:\/\/suresms.com\/wp-content\/uploads\/2024\/11\/suresms-300x65-1.png","width":300,"height":65,"caption":"SureSMS"},"image":{"@id":"https:\/\/suresms.com\/en\/#\/schema\/logo\/image\/"},"sameAs":["https:\/\/www.facebook.com\/p\/SureSMS-100044607956149\/"]}]}},"_links":{"self":[{"href":"https:\/\/suresms.com\/nb\/wp-json\/wp\/v2\/pages\/19303","targetHints":{"allow":["GET"]}}],"collection":[{"href":"https:\/\/suresms.com\/nb\/wp-json\/wp\/v2\/pages"}],"about":[{"href":"https:\/\/suresms.com\/nb\/wp-json\/wp\/v2\/types\/page"}],"author":[{"embeddable":true,"href":"https:\/\/suresms.com\/nb\/wp-json\/wp\/v2\/users\/1"}],"replies":[{"embeddable":true,"href":"https:\/\/suresms.com\/nb\/wp-json\/wp\/v2\/comments?post=19303"}],"version-history":[{"count":2,"href":"https:\/\/suresms.com\/nb\/wp-json\/wp\/v2\/pages\/19303\/revisions"}],"predecessor-version":[{"id":19307,"href":"https:\/\/suresms.com\/nb\/wp-json\/wp\/v2\/pages\/19303\/revisions\/19307"}],"up":[{"embeddable":true,"href":"https:\/\/suresms.com\/nb\/wp-json\/wp\/v2\/pages\/5221"}],"wp:attachment":[{"href":"https:\/\/suresms.com\/nb\/wp-json\/wp\/v2\/media?parent=19303"}],"wp:term":[{"taxonomy":"category","embeddable":true,"href":"https:\/\/suresms.com\/nb\/wp-json\/wp\/v2\/categories?post=19303"},{"taxonomy":"post_tag","embeddable":true,"href":"https:\/\/suresms.com\/nb\/wp-json\/wp\/v2\/tags?post=19303"}],"curies":[{"name":"wp","href":"https:\/\/api.w.org\/{rel}","templated":true}]}}