{"id":19129,"date":"2024-11-24T17:01:27","date_gmt":"2024-11-24T17:01:27","guid":{"rendered":"https:\/\/suresms.com\/?page_id=19129"},"modified":"2025-07-17T07:31:16","modified_gmt":"2025-07-17T07:31:16","slug":"personvernerklaering-2","status":"publish","type":"page","link":"https:\/\/suresms.com\/nb\/politikker\/anti-spam\/","title":{"rendered":"Retningslinjer for antispam"},"content":{"rendered":"<h1><strong>SureSMS' retningslinjer mot spam<\/strong><\/h1>\n<p>Hos SureSMS har vi en <strong>nulltoleransepolitikk<\/strong> mot s\u00f8ppelpost. S\u00f8ppelpost defineres som u\u00f8nsket kommunikasjon til mobilbrukere som ikke har gitt sitt eksplisitte samtykke (opt-in) til \u00e5 motta SMS-meldinger fra deg.<\/p>\n<p>Hvis vi blir oppmerksomme p\u00e5 at du bryter disse retningslinjene, vil kontoen din bli <strong>stengt med umiddelbar virkning<\/strong>. Hvis du mistenker at en av v\u00e5re kunder bryter retningslinjene v\u00e5re, kan du kontakte oss via <strong><a rel=\"noopener\">support@suresms.com<\/a><\/strong>.<\/p>\n\t<h2>Krav til samtykke<\/h2>\n<p>For \u00e5 bruke SureSMS trenger du bare \u00e5 sende SMS-meldinger til mottakere som har gitt en <strong>aktivt samtykke<\/strong>. Samtykke kan for eksempel innhentes ved hjelp av:<\/p>\n<ul>\n<li>Mobilbrukeren sender en SMS til et kortnummer, f.eks. 1245.<\/li>\n<li>Registrer deg via et skjema p\u00e5 nettstedet ditt.<\/li>\n<li>Ta imot nyhetsbrev i nettbutikken eller p\u00e5 nettstedet ditt.<\/li>\n<li>Deltakelse i konkurranser der det er tydelig angitt hva samtykket omfatter.<\/li>\n<\/ul>\n<p>Hvis du ikke fremlegger bevis p\u00e5 samtykke, anses det som et vesentlig brudd p\u00e5 avtalen, og kontoen din vil forbli stengt.<\/p>\n\t<h2>Forbudt innhold<\/h2>\n<p>SureSMS tillater ikke SMS-meldinger med f\u00f8lgende innhold:<\/p>\n<ul>\n<li>Pornografi, eskortetjenester eller materiale som utnytter barn under 18 \u00e5r.<\/li>\n<li>Ulovlige varer, stoffer eller aktiviteter, inkludert piratkopiert programvare og instruksjoner for v\u00e5penproduksjon.<\/li>\n<li>Voldelig, rasistisk, hatefullt, truende, bedragersk eller ulovlig materiale.<\/li>\n<li>Innhold som krenker immaterielle rettigheter (opphavsrett, varemerker osv.).<\/li>\n<li>Innhold som reklamerer for produkter eller tjenester som er ulovlige der mottakeren befinner seg.<\/li>\n<li>Lenker til virus, skadelig programvare eller trojanere.<\/li>\n<li>Oppmuntret til vold mot enkeltpersoner, grupper eller organisasjoner.<\/li>\n<\/ul>\n\t<h2>Prosedyre for overtredelse<\/h2>\n<p>Hvis vi mistenker spam, vil vi vurdere det:<\/p>\n<ol>\n<li>Innholdet i de sendte SMS-meldingene.<\/li>\n<li>Dokumentasjon av samtykke fra mobilbrukere.<\/li>\n<li>Spam-klagen og hvordan\/om klageren er registrert.<\/li>\n<\/ol>\n<p>Hvis vi konkluderer med at du har sendt s\u00f8ppelpost, vil kontoen din bli stengt permanent.<\/p>\n\t<h2>Mottatt spam?<\/h2>\n<p>Vi gj\u00f8r v\u00e5rt ytterste for \u00e5 forhindre spam, men med over 10 millioner SMS-meldinger som sendes hver m\u00e5ned, kan det oppst\u00e5 feil. Hvis du har mottatt en u\u00f8nsket SMS, ber vi deg om \u00e5 ta kontakt:<\/p>\n<ol>\n<li>Avslutt abonnementet via instruksjonene i SMS-meldingen (vanlig SMS-takst).<\/li>\n<li>Videresend innholdet i meldingen og avsenderens opplysninger til <strong><a rel=\"noopener\">support@suresms.com<\/a><\/strong>slik at vi kan unders\u00f8ke saken og kontakte kunden.<\/li>\n<\/ol>\n<p>Din sikkerhet og tillit er v\u00e5r h\u00f8yeste prioritet. Vi tolererer ikke brudd p\u00e5 disse retningslinjene.<\/p>","protected":false},"excerpt":{"rendered":"<p>SureSMS' retningslinjer mot spam Hos SureSMS har vi nulltoleranse for spam. Spam defineres som u\u00f8nsket kommunikasjon til mobilbrukere som ikke har gitt sitt eksplisitte samtykke (opt-in) til \u00e5 motta SMS-meldingene dine. Hvis vi blir oppmerksomme p\u00e5 at du bryter disse retningslinjene, vil kontoen din bli stengt med umiddelbar virkning. Hvis du mistenker at ... <a title=\"Retningslinjer for antispam\" class=\"read-more\" href=\"https:\/\/suresms.com\/nb\/politikker\/anti-spam\/\" aria-label=\"Les mer om retningslinjer for antispam\">Les mer om dette<\/a><\/p>","protected":false},"author":1,"featured_media":0,"parent":19124,"menu_order":0,"comment_status":"closed","ping_status":"closed","template":"","meta":{"_fl_builder_enabled":"1","_fl_builder_data":null,"_fl_builder_draft":null,"_fl_builder_data_settings":null,"_fl_builder_css":"","_fl_builder_css_version":"","_fl_builder_js":"","footnotes":""},"categories":[],"tags":[],"class_list":["post-19129","page","type-page","status-publish"],"yoast_head":"<!-- This site is optimized with the Yoast SEO Premium plugin v27.3 (Yoast SEO v27.3) - https:\/\/yoast.com\/product\/yoast-seo-premium-wordpress\/ -->\r\n<title>Anti-spam politik -<\/title>\r\n<meta name=\"robots\" content=\"index, follow, max-snippet:-1, max-image-preview:large, max-video-preview:-1\" \/>\r\n<link rel=\"canonical\" href=\"https:\/\/suresms.com\/nb\/funksjoner-2\/personvernerklaering-2\/\" \/>\r\n<meta property=\"og:locale\" content=\"nb_NO\" \/>\r\n<meta property=\"og:type\" content=\"article\" \/>\r\n<meta property=\"og:title\" content=\"Anti-spam politik\" \/>\r\n<meta property=\"og:description\" content=\"SureSMS Anti-Spam Politik Hos SureSMS har vi en nultolerancepolitik over for spam. Spam defineres som uopfordret kommunikation til mobilbrugere, som ikke har givet deres eksplicitte samtykke (opt-in) til at modtage dine SMS-beskeder. Hvis vi bliver opm\u00e6rksomme p\u00e5, at du overtr\u00e6der denne politik, vil din konto blive lukket med \u00f8jeblikkelig virkning. Har du mistanke om, at ... Les mer\" \/>\r\n<meta property=\"og:url\" content=\"https:\/\/suresms.com\/nb\/funksjoner-2\/personvernerklaering-2\/\" \/>\r\n<meta property=\"article:publisher\" content=\"https:\/\/www.facebook.com\/p\/SureSMS-100044607956149\/\" \/>\r\n<meta property=\"article:modified_time\" content=\"2025-07-17T07:31:16+00:00\" \/>\r\n<meta name=\"twitter:card\" content=\"summary_large_image\" \/>\r\n<meta name=\"twitter:label1\" content=\"Ansl. lesetid\" \/>\n\t<meta name=\"twitter:data1\" content=\"2 minutter\" \/>\r\n<script type=\"application\/ld+json\" class=\"yoast-schema-graph\">{\"@context\":\"https:\\\/\\\/schema.org\",\"@graph\":[{\"@type\":\"WebPage\",\"@id\":\"https:\\\/\\\/suresms.com\\\/dk\\\/politikker\\\/anti-spam\\\/\",\"url\":\"https:\\\/\\\/suresms.com\\\/dk\\\/politikker\\\/anti-spam\\\/\",\"name\":\"Anti-spam politik -\",\"isPartOf\":{\"@id\":\"https:\\\/\\\/suresms.com\\\/en\\\/#website\"},\"datePublished\":\"2024-11-24T17:01:27+00:00\",\"dateModified\":\"2025-07-17T07:31:16+00:00\",\"breadcrumb\":{\"@id\":\"https:\\\/\\\/suresms.com\\\/dk\\\/politikker\\\/anti-spam\\\/#breadcrumb\"},\"inLanguage\":\"nb-NO\",\"potentialAction\":[{\"@type\":\"ReadAction\",\"target\":[\"https:\\\/\\\/suresms.com\\\/dk\\\/politikker\\\/anti-spam\\\/\"]}]},{\"@type\":\"BreadcrumbList\",\"@id\":\"https:\\\/\\\/suresms.com\\\/dk\\\/politikker\\\/anti-spam\\\/#breadcrumb\",\"itemListElement\":[{\"@type\":\"ListItem\",\"position\":1,\"name\":\"Home\",\"item\":\"https:\\\/\\\/suresms.com\\\/dk\\\/\"},{\"@type\":\"ListItem\",\"position\":2,\"name\":\"Politikker\",\"item\":\"https:\\\/\\\/suresms.com\\\/politikker\\\/\"},{\"@type\":\"ListItem\",\"position\":3,\"name\":\"Anti-spam politik\"}]},{\"@type\":\"WebSite\",\"@id\":\"https:\\\/\\\/suresms.com\\\/en\\\/#website\",\"url\":\"https:\\\/\\\/suresms.com\\\/en\\\/\",\"name\":\"SureSMS\",\"description\":\"Professionel SMS Gateway\",\"publisher\":{\"@id\":\"https:\\\/\\\/suresms.com\\\/en\\\/#organization\"},\"potentialAction\":[{\"@type\":\"SearchAction\",\"target\":{\"@type\":\"EntryPoint\",\"urlTemplate\":\"https:\\\/\\\/suresms.com\\\/en\\\/?s={search_term_string}\"},\"query-input\":{\"@type\":\"PropertyValueSpecification\",\"valueRequired\":true,\"valueName\":\"search_term_string\"}}],\"inLanguage\":\"nb-NO\"},{\"@type\":\"Organization\",\"@id\":\"https:\\\/\\\/suresms.com\\\/en\\\/#organization\",\"name\":\"SureSMS\",\"url\":\"https:\\\/\\\/suresms.com\\\/en\\\/\",\"logo\":{\"@type\":\"ImageObject\",\"inLanguage\":\"nb-NO\",\"@id\":\"https:\\\/\\\/suresms.com\\\/en\\\/#\\\/schema\\\/logo\\\/image\\\/\",\"url\":\"https:\\\/\\\/suresms.com\\\/wp-content\\\/uploads\\\/2024\\\/11\\\/suresms-300x65-1.png\",\"contentUrl\":\"https:\\\/\\\/suresms.com\\\/wp-content\\\/uploads\\\/2024\\\/11\\\/suresms-300x65-1.png\",\"width\":300,\"height\":65,\"caption\":\"SureSMS\"},\"image\":{\"@id\":\"https:\\\/\\\/suresms.com\\\/en\\\/#\\\/schema\\\/logo\\\/image\\\/\"},\"sameAs\":[\"https:\\\/\\\/www.facebook.com\\\/p\\\/SureSMS-100044607956149\\\/\"]}]}<\/script>\r\n<!-- \/ Yoast SEO Premium plugin. -->","yoast_head_json":{"title":"Retningslinjer for antispam","robots":{"index":"index","follow":"follow","max-snippet":"max-snippet:-1","max-image-preview":"max-image-preview:large","max-video-preview":"max-video-preview:-1"},"canonical":"https:\/\/suresms.com\/nb\/funksjoner-2\/personvernerklaering-2\/","og_locale":"nb_NO","og_type":"article","og_title":"Anti-spam politik","og_description":"SureSMS Anti-Spam Politik Hos SureSMS har vi en nultolerancepolitik over for spam. Spam defineres som uopfordret kommunikation til mobilbrugere, som ikke har givet deres eksplicitte samtykke (opt-in) til at modtage dine SMS-beskeder. Hvis vi bliver opm\u00e6rksomme p\u00e5, at du overtr\u00e6der denne politik, vil din konto blive lukket med \u00f8jeblikkelig virkning. Har du mistanke om, at ... Les mer","og_url":"https:\/\/suresms.com\/nb\/funksjoner-2\/personvernerklaering-2\/","article_publisher":"https:\/\/www.facebook.com\/p\/SureSMS-100044607956149\/","article_modified_time":"2025-07-17T07:31:16+00:00","twitter_card":"summary_large_image","twitter_misc":{"Ansl. lesetid":"2 minutter"},"schema":{"@context":"https:\/\/schema.org","@graph":[{"@type":"WebPage","@id":"https:\/\/suresms.com\/dk\/politikker\/anti-spam\/","url":"https:\/\/suresms.com\/dk\/politikker\/anti-spam\/","name":"Retningslinjer for antispam","isPartOf":{"@id":"https:\/\/suresms.com\/en\/#website"},"datePublished":"2024-11-24T17:01:27+00:00","dateModified":"2025-07-17T07:31:16+00:00","breadcrumb":{"@id":"https:\/\/suresms.com\/dk\/politikker\/anti-spam\/#breadcrumb"},"inLanguage":"nb-NO","potentialAction":[{"@type":"ReadAction","target":["https:\/\/suresms.com\/dk\/politikker\/anti-spam\/"]}]},{"@type":"BreadcrumbList","@id":"https:\/\/suresms.com\/dk\/politikker\/anti-spam\/#breadcrumb","itemListElement":[{"@type":"ListItem","position":1,"name":"Home","item":"https:\/\/suresms.com\/dk\/"},{"@type":"ListItem","position":2,"name":"Politikker","item":"https:\/\/suresms.com\/politikker\/"},{"@type":"ListItem","position":3,"name":"Anti-spam politik"}]},{"@type":"WebSite","@id":"https:\/\/suresms.com\/en\/#website","url":"https:\/\/suresms.com\/en\/","name":"SureSMS","description":"Profesjonell SMS-gateway","publisher":{"@id":"https:\/\/suresms.com\/en\/#organization"},"potentialAction":[{"@type":"SearchAction","target":{"@type":"EntryPoint","urlTemplate":"https:\/\/suresms.com\/en\/?s={search_term_string}"},"query-input":{"@type":"PropertyValueSpecification","valueRequired":true,"valueName":"search_term_string"}}],"inLanguage":"nb-NO"},{"@type":"Organization","@id":"https:\/\/suresms.com\/en\/#organization","name":"SureSMS","url":"https:\/\/suresms.com\/en\/","logo":{"@type":"ImageObject","inLanguage":"nb-NO","@id":"https:\/\/suresms.com\/en\/#\/schema\/logo\/image\/","url":"https:\/\/suresms.com\/wp-content\/uploads\/2024\/11\/suresms-300x65-1.png","contentUrl":"https:\/\/suresms.com\/wp-content\/uploads\/2024\/11\/suresms-300x65-1.png","width":300,"height":65,"caption":"SureSMS"},"image":{"@id":"https:\/\/suresms.com\/en\/#\/schema\/logo\/image\/"},"sameAs":["https:\/\/www.facebook.com\/p\/SureSMS-100044607956149\/"]}]}},"_links":{"self":[{"href":"https:\/\/suresms.com\/nb\/wp-json\/wp\/v2\/pages\/19129","targetHints":{"allow":["GET"]}}],"collection":[{"href":"https:\/\/suresms.com\/nb\/wp-json\/wp\/v2\/pages"}],"about":[{"href":"https:\/\/suresms.com\/nb\/wp-json\/wp\/v2\/types\/page"}],"author":[{"embeddable":true,"href":"https:\/\/suresms.com\/nb\/wp-json\/wp\/v2\/users\/1"}],"replies":[{"embeddable":true,"href":"https:\/\/suresms.com\/nb\/wp-json\/wp\/v2\/comments?post=19129"}],"version-history":[{"count":4,"href":"https:\/\/suresms.com\/nb\/wp-json\/wp\/v2\/pages\/19129\/revisions"}],"predecessor-version":[{"id":23452,"href":"https:\/\/suresms.com\/nb\/wp-json\/wp\/v2\/pages\/19129\/revisions\/23452"}],"up":[{"embeddable":true,"href":"https:\/\/suresms.com\/nb\/wp-json\/wp\/v2\/pages\/19124"}],"wp:attachment":[{"href":"https:\/\/suresms.com\/nb\/wp-json\/wp\/v2\/media?parent=19129"}],"wp:term":[{"taxonomy":"category","embeddable":true,"href":"https:\/\/suresms.com\/nb\/wp-json\/wp\/v2\/categories?post=19129"},{"taxonomy":"post_tag","embeddable":true,"href":"https:\/\/suresms.com\/nb\/wp-json\/wp\/v2\/tags?post=19129"}],"curies":[{"name":"wp","href":"https:\/\/api.w.org\/{rel}","templated":true}]}}